{"id":13,"date":"2022-09-06T03:19:09","date_gmt":"2022-09-06T03:19:09","guid":{"rendered":"https:\/\/corn-machine.com\/?page_id=13"},"modified":"2022-09-14T03:15:43","modified_gmt":"2022-09-14T03:15:43","slug":"about-us","status":"publish","type":"page","link":"https:\/\/corn-machine.com\/de\/about-us\/","title":{"rendered":"\u00dcber uns"},"content":{"rendered":"<h2 class=\"wp-block-heading\" id=\"h-who-are-we\">Wer sind wir<\/h2>    <div class=\"wp-block-media-text alignwide is-stacked-on-mobile\"><figure class=\"wp-block-media-text__media\"><img loading=\"lazy\" decoding=\"async\" width=\"750\" height=\"579\" src=\"https:\/\/corn-machine.com\/wp-content\/uploads\/2022\/09\/about1.webp\" alt=\"\" class=\"wp-image-151 size-full\" title=\"\"><\/figure><div class=\"wp-block-media-text__content\"> <p>Taizy Machinery ist ein Hersteller und Vertriebsunternehmen, das sich auf Maisverarbeitungsmaschinen spezialisiert hat. Wir verf\u00fcgen \u00fcber eine breite Palette von Maschinen von der Maisaussaat bis zur Ernte und Verarbeitung. Unsere Hauptprodukte sind Maisdrillmaschinen, Maish\u00e4cksler, Maisdrescher, Maiskornmaschinen usw.<\/p> <\/div><\/div>    <div class=\"wp-block-media-text alignwide has-media-on-the-right is-stacked-on-mobile\"><figure class=\"wp-block-media-text__media\"><img loading=\"lazy\" decoding=\"async\" width=\"720\" height=\"540\" src=\"https:\/\/corn-machine.com\/wp-content\/uploads\/2022\/09\/Taizy-machinery-plant.webp\" alt=\"\" class=\"wp-image-154 size-full\" title=\"\"><\/figure><div class=\"wp-block-media-text__content\"> <p>Unsere Maisverarbeitungsmaschinen werden haupts\u00e4chlich an kleine, mittlere und gro\u00dfe landwirtschaftliche Betriebe, Lebensmittelverarbeitungsanlagen, Maschinenh\u00e4ndler und Agenten in verschiedenen L\u00e4ndern geliefert. Neben der Bereitstellung von hochwertigen Maschinen und professionellen Dienstleistungen bieten wir unseren Kunden auch Ersatzteile und Verschlei\u00dfteile f\u00fcr die Maschinen, Maschineninstallation und Bedienungsanleitungen an, um ihr Kauferlebnis zu verbessern.<\/p> <\/div><\/div>    <h2 class=\"wp-block-heading\" id=\"h-why-choose-us\">Warum uns w\u00e4hlen<\/h2>    <ul class=\"wp-block-list\"><li>Umfangreiche Exporterfahrung. Derzeit wurden unsere Maschinen in mehr als drei\u00dfig L\u00e4nder und Regionen exportiert, wie z. B. die USA, Australien, Nigeria, Kenia, \u00c4thiopien, Namibia, Botswana, Simbabwe usw., die von unseren Kunden gut angenommen werden.<\/li><li>Perfekter Kundendienst. Nach dem Verkauf der Maschine werden unsere technischen Mitarbeiter Sie bei der Installation der Maschine anleiten. Bei Problemen mit der Maschine w\u00e4hrend der nachfolgenden Nutzung k\u00f6nnen Sie uns kontaktieren, und wir werden Ihre Fragen aus professioneller Sicht beantworten.<\/li><li>CE-zertifizierte hochwertige Maschine. Unter der Aufsicht unseres strengen Qualit\u00e4tskontrollsystems sind unsere Maschinen von ausgezeichneter Qualit\u00e4t und verf\u00fcgen \u00fcber CE-Zertifikate. Die Maschinen k\u00f6nnen Ihnen helfen, Mais und andere Getreide leicht anzubauen und zu verarbeiten.<\/li><\/ul>    <figure class=\"wp-block-image size-full\"><img loading=\"lazy\" decoding=\"async\" width=\"1024\" height=\"323\" src=\"https:\/\/corn-machine.com\/wp-content\/uploads\/2022\/09\/certificate.webp\" alt=\"\" class=\"wp-image-156\" title=\"\"><\/figure>    <h2 class=\"wp-block-heading\" id=\"h-where-are-we\">Wo sind wir<\/h2>    <p>Taizy Machinery befindet sich in Zhengzhou, Henan, China. Unser B\u00fcro befindet sich in der Zhengzhou Economic Development Zone. Besuchen Sie Taizy Machinery jederzeit!<\/p>    <figure class=\"wp-block-image size-full\"><img loading=\"lazy\" decoding=\"async\" width=\"1024\" height=\"486\" src=\"https:\/\/corn-machine.com\/wp-content\/uploads\/2022\/09\/global-market.webp\" alt=\"\" class=\"wp-image-158\" title=\"\"><\/figure>","protected":false},"excerpt":{"rendered":"<p>Who Are We Taizy Machinery is a manufacturer and sales company specializing in corn processing machinery. We have a wide range of machines from corn sowing to harvesting to processing. Our main products are corn seeders, corn harvesters, corn threshers, corn grit machines, etc. Our corn processing machines are mainly supplied to small, medium, and [&hellip;]<\/p>\n","protected":false},"author":1,"featured_media":0,"parent":0,"menu_order":0,"comment_status":"closed","ping_status":"closed","template":"","meta":{"footnotes":""},"class_list":["post-13","page","type-page","status-publish","hentry"],"_links":{"self":[{"href":"https:\/\/corn-machine.com\/de\/wp-json\/wp\/v2\/pages\/13","targetHints":{"allow":["GET"]}}],"collection":[{"href":"https:\/\/corn-machine.com\/de\/wp-json\/wp\/v2\/pages"}],"about":[{"href":"https:\/\/corn-machine.com\/de\/wp-json\/wp\/v2\/types\/page"}],"author":[{"embeddable":true,"href":"https:\/\/corn-machine.com\/de\/wp-json\/wp\/v2\/users\/1"}],"replies":[{"embeddable":true,"href":"https:\/\/corn-machine.com\/de\/wp-json\/wp\/v2\/comments?post=13"}],"version-history":[{"count":0,"href":"https:\/\/corn-machine.com\/de\/wp-json\/wp\/v2\/pages\/13\/revisions"}],"wp:attachment":[{"href":"https:\/\/corn-machine.com\/de\/wp-json\/wp\/v2\/media?parent=13"}],"curies":[{"name":"wp","href":"https:\/\/api.w.org\/{rel}","templated":true}]}}