{"id":1019,"date":"2025-10-20T15:09:14","date_gmt":"2025-10-20T07:09:14","guid":{"rendered":"https:\/\/corn-machine.com\/?post_type=product&#038;p=1019"},"modified":"2025-10-21T11:49:35","modified_gmt":"2025-10-21T03:49:35","slug":"maize-sheller-machine-for-grain-threshing","status":"publish","type":"product","link":"https:\/\/corn-machine.com\/de\/product\/maize-sheller-machine-for-grain-threshing\/","title":{"rendered":"Maisdreschmaschine f\u00fcr die Getreideernte"},"content":{"rendered":"<p class=\"translation-block\">Durch Forschung und Aktualisierungen hat Taizy ein neues Modell einer <strong>Mais-Sch\u00e4lmaschine<\/strong> entworfen, das zwei Leistungsoptionen unterst\u00fctzt: Diesel und Elektromotor. Ausger\u00fcstet mit einem Dual-L\u00fcfter-System kann es Verunreinigungen effizienter entfernen, wodurch der fertige Mais sauberer und von h\u00f6herer Qualit\u00e4t ist.<\/p>    <p>Dar\u00fcber hinaus wird sie auch h\u00e4ufig zum Sch\u00e4len von Sojabohnen, Sorghum, Hirse, Reis usw. verwendet. Die Maschine verf\u00fcgt \u00fcber zwei Arbeitskammern, was die Produktion effizienter macht: 3 t\/Std. (Hirse), 5 t\/Std. (Mais), 2 t\/Std. (Reis und Weizen). <\/p>    <figure class=\"wp-block-embed aligncenter is-type-video is-provider-youtube wp-block-embed-youtube wp-embed-aspect-16-9 wp-has-aspect-ratio\"><div class=\"wp-block-embed__wrapper\"> <iframe loading=\"lazy\" title=\"\ud83c\udf3d\ud83d\ude9cNeueste K\u00f6rner-Sch\u00e4lmaschine | Dualer Antrieb, Duall\u00fcfter, H\u00f6here Effizienz\" width=\"500\" height=\"281\" src=\"https:\/\/www.youtube.com\/embed\/fsW_ADQuGd4?feature=oembed\" frameborder=\"0\" allow=\"accelerometer; autoplay; clipboard-write; encrypted-media; gyroscope; picture-in-picture; web-share\" referrerpolicy=\"strict-origin-when-cross-origin\" allowfullscreen><\/iframe> <\/div><figcaption class=\"wp-element-caption\">Weizen-Sch\u00e4lmaschine Funktionspr\u00fcfung<\/figcaption><\/figure>    <h2 class=\"wp-block-heading\"><strong>Aktualisierte Funktionen der neuen Stil Maisschalverarbeitungsmaschine<\/strong><\/h2>    <p>Nach Produktaktualisierungen haben unsere Maschinen im Vergleich zu fr\u00fcheren Modellen gr\u00f6\u00dfere Fortschritte erzielt.<\/p>    <ul class=\"wp-block-list\"> <li>Diese neue Mais-Sch\u00e4lemaschine durchl\u00e4uft zwei Sch\u00e4lerprozesse, was sich vom alten Modell unterscheidet und die Sch\u00e4lerrate erh\u00f6ht sowie die Sch\u00e4lung sauberer macht.<\/li>    <li>Das neue Modell verf\u00fcgt \u00fcber drei verschiedene Ausg\u00e4nge: einen gro\u00dfen Abfallausgang mit Sieb, einen kleinen Abfallausgang mit einem Ventilator und den Endprodukt-Ausgang.<\/li>    <li>Unsere Maissch\u00e4lemaschine ist mit Dual-Fans ausgestattet, die bessere Reinigungswirkung, geringere Kornbruchraten und gr\u00f6\u00dfere Anpassungsf\u00e4higkeit an verschiedene Kulturen und Feuchtigkeitsgrade im Vergleich zu Einzel-Fan-Modellen bieten.<\/li> <\/ul>   <div class=\"wp-block-image\"> <figure class=\"aligncenter size-full\"><img loading=\"lazy\" decoding=\"async\" width=\"720\" height=\"540\" src=\"https:\/\/corn-machine.com\/wp-content\/uploads\/2025\/10\/agriculture-thresher.webp\" alt=\"Landwirtschaftliche Sch\u00e4ler\" class=\"wp-image-1022\" title=\"\" srcset=\"https:\/\/corn-machine.com\/wp-content\/uploads\/2025\/10\/agriculture-thresher.webp 720w, https:\/\/corn-machine.com\/wp-content\/uploads\/2025\/10\/agriculture-thresher-300x225.webp 300w, https:\/\/corn-machine.com\/wp-content\/uploads\/2025\/10\/agriculture-thresher-16x12.webp 16w\" sizes=\"auto, (max-width: 720px) 100vw, 720px\" \/><figcaption class=\"wp-element-caption\">Landwirtschaftliche Sch\u00e4ler<\/figcaption><\/figure> <\/div>   <h2 class=\"wp-block-heading\"><strong>Aufbau unserer multifunktionalen Maissch\u00e4lemaschine<\/strong><\/h2>    <p>Unsere Weizen-Scha\u2013maschine besteht aus Zulauf, Dieselmotor (oder Elektromotor), fahrbarer Reifen, Zugfahrgestell, Sch\u00e4lscheiben, Ausg\u00e4ngen und dem Sir-Dukt-Fan.<\/p>    <figure class=\"wp-block-gallery has-nested-images columns-default is-cropped wp-block-gallery-2 is-layout-flex wp-block-gallery-is-layout-flex\"> <figure class=\"wp-block-image size-large\"><img loading=\"lazy\" decoding=\"async\" width=\"720\" height=\"540\" data-id=\"1023\" src=\"https:\/\/corn-machine.com\/wp-content\/uploads\/2025\/10\/structure-of-corn-sheller-machine.webp\" alt=\"Aufbau der Mais-Scha\u2013maschine\" class=\"wp-image-1023\" title=\"\" srcset=\"https:\/\/corn-machine.com\/wp-content\/uploads\/2025\/10\/structure-of-corn-sheller-machine.webp 720w, https:\/\/corn-machine.com\/wp-content\/uploads\/2025\/10\/structure-of-corn-sheller-machine-300x225.webp 300w, https:\/\/corn-machine.com\/wp-content\/uploads\/2025\/10\/structure-of-corn-sheller-machine-16x12.webp 16w\" sizes=\"auto, (max-width: 720px) 100vw, 720px\" \/><figcaption class=\"wp-element-caption\">Aufbau der Mais-Scha\u2013maschine<\/figcaption><\/figure>    <figure class=\"wp-block-image size-large\"><img loading=\"lazy\" decoding=\"async\" width=\"720\" height=\"540\" data-id=\"1024\" src=\"https:\/\/corn-machine.com\/wp-content\/uploads\/2025\/10\/structure-of-grain-threshing-machine.webp\" alt=\"Aufbau der K\u00f6rnersch\u00e4lemaschine\" class=\"wp-image-1024\" title=\"\" srcset=\"https:\/\/corn-machine.com\/wp-content\/uploads\/2025\/10\/structure-of-grain-threshing-machine.webp 720w, https:\/\/corn-machine.com\/wp-content\/uploads\/2025\/10\/structure-of-grain-threshing-machine-300x225.webp 300w, https:\/\/corn-machine.com\/wp-content\/uploads\/2025\/10\/structure-of-grain-threshing-machine-16x12.webp 16w\" sizes=\"auto, (max-width: 720px) 100vw, 720px\" \/><figcaption class=\"wp-element-caption\">Aufbau der K\u00f6rnersch\u00e4lemaschine<\/figcaption><\/figure> <\/figure>    <p>In unserer Maissch\u00e4lemaschine gibt es zwei Sch\u00e4udrums. Der erste Sch\u00e4udrum entfernt gro\u00dfe Sp\u00e4ne und leichte Verunreinigungen, w\u00e4hrend der zweite eine feinere Lufttrennung f\u00fcr kleinere Staub- und Spreu bietet. Dieses zweistufige Luftstromsystem sorgt daf\u00fcr, dass die Endk\u00f6rner sauberer und von h\u00f6herer Qualit\u00e4t sind.<\/p>    <p>Das Dual-Fan-System geh\u00f6rt ebenfalls zu den wichtigsten Merkmalen dieser Maissch\u00e4lemaschine. Der erste Ventilator entfernt gro\u00dfe Schalen und leichte Verunreinigungen, w\u00e4hrend der zweite Ventilator eine sekund\u00e4re Lufttrennung f\u00fcr kleinere Staub- und Spreu durchf\u00fchrt. Dieses zweistufige Luftstr\u00f6mungssystem sorgt daf\u00fcr, dass die Endk\u00f6rner sauberer sind und eine h\u00f6here Qualit\u00e4t haben.<\/p>    <p>F\u00fcr eine einfache Bewegung zwischen Feldern ist unsere Maissch\u00e4lemaschine mit gro\u00dfen, robusten Reifen ausgestattet, wodurch sie sowohl f\u00fcr station\u00e4re als auch f\u00fcr Feldbetriebe geeignet ist und die Flexibilit\u00e4t f\u00fcr Nutzer auf l\u00e4ndlichen oder gro\u00dffl\u00e4chigen Farmen erh\u00f6ht.<\/p>    <h2 class=\"wp-block-heading\"><strong>Was sind die Anwendungen der Maissch\u00e4lemaschine?<\/strong><\/h2>    <p>Zus\u00e4tzlich zu Mais kann dieser vielseitige Sch\u00e4ler auch f\u00fcr eine Vielzahl von K\u00f6rnern und Feldfr\u00fcchten verwendet werden, darunter Mais, Sorghum, Hirse, Sojabohnen und Weizen, was eine breite Palette von Anforderungen in der Getreideverarbeitung erf\u00fcllt.<\/p>    <p>Getreide-Schaler werden weit verbreitet auf l\u00e4ndlichen H\u00f6fen, landwirtschaftlichen Kooperativen, K\u00f6rnerankaufsstellen und kleinen Lebensmittelverarbeitungsbetrieben eingesetzt. Sie helfen, manuelle Arbeit und deren Kosten zu reduzieren und die Sch\u00e4lerleistung erheblich zu verbessern.<\/p>    <p>Taizy hat zahlreiche Bestellungen aus Regionen erhalten, in denen Mais und andere K\u00f6rner Grundnahrungsmittel sind, wie Afrika, S\u00fcdostasien und S\u00fcdamerika. Diese Maschine spielt eine entscheidende Rolle bei der Verbesserung der K\u00f6rnerverarbeitung und der Unterst\u00fctzung der lokalen Nahrungsmittelproduktion.<\/p>    <figure class=\"wp-block-gallery has-nested-images columns-2 is-cropped wp-block-gallery-3 is-layout-flex wp-block-gallery-is-layout-flex\"> <figure class=\"wp-block-image size-large\"><img loading=\"lazy\" decoding=\"async\" width=\"720\" height=\"540\" data-id=\"1028\" src=\"https:\/\/corn-machine.com\/wp-content\/uploads\/2025\/10\/corn.webp\" alt=\"Mais\" class=\"wp-image-1028\" title=\"\" srcset=\"https:\/\/corn-machine.com\/wp-content\/uploads\/2025\/10\/corn.webp 720w, https:\/\/corn-machine.com\/wp-content\/uploads\/2025\/10\/corn-300x225.webp 300w, https:\/\/corn-machine.com\/wp-content\/uploads\/2025\/10\/corn-16x12.webp 16w\" sizes=\"auto, (max-width: 720px) 100vw, 720px\" \/><figcaption class=\"wp-element-caption\">Mais<\/figcaption><\/figure>    <figure class=\"wp-block-image size-large\"><img loading=\"lazy\" decoding=\"async\" width=\"720\" height=\"540\" data-id=\"1030\" src=\"https:\/\/corn-machine.com\/wp-content\/uploads\/2025\/10\/sorghum.webp\" alt=\"Sorghum\" class=\"wp-image-1030\" title=\"\" srcset=\"https:\/\/corn-machine.com\/wp-content\/uploads\/2025\/10\/sorghum.webp 720w, https:\/\/corn-machine.com\/wp-content\/uploads\/2025\/10\/sorghum-300x225.webp 300w, https:\/\/corn-machine.com\/wp-content\/uploads\/2025\/10\/sorghum-16x12.webp 16w\" sizes=\"auto, (max-width: 720px) 100vw, 720px\" \/><figcaption class=\"wp-element-caption\"><a href=\"https:\/\/en.wikipedia.org\/wiki\/Sorghum\" target=\"_blank\" rel=\"noopener\">Sorghum<\/a><\/figcaption><\/figure>    <figure class=\"wp-block-image size-large\"><img loading=\"lazy\" decoding=\"async\" width=\"720\" height=\"540\" data-id=\"1029\" src=\"https:\/\/corn-machine.com\/wp-content\/uploads\/2025\/10\/soybean.webp\" alt=\"soybean\" class=\"wp-image-1029\" title=\"\" srcset=\"https:\/\/corn-machine.com\/wp-content\/uploads\/2025\/10\/soybean.webp 720w, https:\/\/corn-machine.com\/wp-content\/uploads\/2025\/10\/soybean-300x225.webp 300w, https:\/\/corn-machine.com\/wp-content\/uploads\/2025\/10\/soybean-16x12.webp 16w\" sizes=\"auto, (max-width: 720px) 100vw, 720px\" \/><figcaption class=\"wp-element-caption\">soybean<\/figcaption><\/figure>    <figure class=\"wp-block-image size-large\"><img loading=\"lazy\" decoding=\"async\" width=\"720\" height=\"540\" data-id=\"1031\" src=\"https:\/\/corn-machine.com\/wp-content\/uploads\/2025\/10\/wheat.webp\" alt=\"Weizen\" class=\"wp-image-1031\" title=\"\" srcset=\"https:\/\/corn-machine.com\/wp-content\/uploads\/2025\/10\/wheat.webp 720w, https:\/\/corn-machine.com\/wp-content\/uploads\/2025\/10\/wheat-300x225.webp 300w, https:\/\/corn-machine.com\/wp-content\/uploads\/2025\/10\/wheat-16x12.webp 16w\" sizes=\"auto, (max-width: 720px) 100vw, 720px\" \/><figcaption class=\"wp-element-caption\">Weizen<\/figcaption><\/figure> <\/figure>    <h2 class=\"wp-block-heading\"><strong>Wie viel kostet eine Taizy-Maissch\u00e4lemaschine?<\/strong><\/h2>    <p>Ein Grund- Mais-Scha\u2013maschine kostet in der Regel weniger als $1,000 USD, aber f\u00fcr Exportprodukte k\u00f6nnen viele Faktoren den Endpreis beeinflussen, potenziell von $1,000 bis $2,000 USD.<\/p>    <p>Die folgenden Faktoren k\u00f6nnen den endg\u00fcltigen Preisunterschied beeinflussen:<\/p>    <ol class=\"wp-block-list\"> <li>Versand und Fracht: Dazu geh\u00f6ren Seefracht, Inlandstransport und Hafenabfertigung.<\/li>    <li>Zollabfertigung und Abgaben: Dies umfasst Z\u00f6lle, Einfuhrsteuern und Abfertigungsgeb\u00fchren in Ihrem Land.<\/li>    <li>Antriebsoptionen: Die Wahl eines Dieselmotors oder eines Elektromotors kann die Kosten beeinflussen.<\/li> <\/ol>    <p>Wenn Sie an unseren Maschinen interessiert sind, setzen Sie sich bitte mit uns in Verbindung, um ein Angebot zu erhalten, damit Sie die Investition vollst\u00e4ndig verstehen k\u00f6nnen. Wir begr\u00fc\u00dfen auch ma\u00dfgeschneiderte Angebote basierend auf Ihrem Land, der Art des Stroms, den Kapazit\u00e4tsanforderungen und den Versandbedingungen.<\/p>    <figure class=\"wp-block-gallery has-nested-images columns-default is-cropped wp-block-gallery-4 is-layout-flex wp-block-gallery-is-layout-flex\"> <figure class=\"wp-block-image size-large\"><img loading=\"lazy\" decoding=\"async\" width=\"720\" height=\"540\" data-id=\"1025\" src=\"https:\/\/corn-machine.com\/wp-content\/uploads\/2025\/10\/corn-seed-remover-machine.webp\" alt=\"Mais-Samenentferner-Maschine\" class=\"wp-image-1025\" title=\"\" srcset=\"https:\/\/corn-machine.com\/wp-content\/uploads\/2025\/10\/corn-seed-remover-machine.webp 720w, https:\/\/corn-machine.com\/wp-content\/uploads\/2025\/10\/corn-seed-remover-machine-300x225.webp 300w, https:\/\/corn-machine.com\/wp-content\/uploads\/2025\/10\/corn-seed-remover-machine-16x12.webp 16w\" sizes=\"auto, (max-width: 720px) 100vw, 720px\" \/><figcaption class=\"wp-element-caption\">Mais-Samenentferner-Maschine<\/figcaption><\/figure>    <figure class=\"wp-block-image size-large\"><img loading=\"lazy\" decoding=\"async\" width=\"720\" height=\"540\" data-id=\"1026\" src=\"https:\/\/corn-machine.com\/wp-content\/uploads\/2025\/10\/thresher-farm-equipment.webp\" alt=\"Schnittherdenmaschine\" class=\"wp-image-1026\" title=\"\" srcset=\"https:\/\/corn-machine.com\/wp-content\/uploads\/2025\/10\/thresher-farm-equipment.webp 720w, https:\/\/corn-machine.com\/wp-content\/uploads\/2025\/10\/thresher-farm-equipment-300x225.webp 300w, https:\/\/corn-machine.com\/wp-content\/uploads\/2025\/10\/thresher-farm-equipment-16x12.webp 16w\" sizes=\"auto, (max-width: 720px) 100vw, 720px\" \/><figcaption class=\"wp-element-caption\">Schnittherdenmaschine<\/figcaption><\/figure> <\/figure>    <h2 class=\"wp-block-heading\"><strong>Der Einkaufsprozess unserer K\u00f6rner-Scha\u2013maschine <\/strong><\/h2>    <p>Unser Ziel ist es, jedem Kunden eine reibungslose und effiziente Einkaufserfahrung zu bieten. Nachstehend finden Sie den Einkaufsprozess, der Ihnen hilft, den gesamten Ablauf von der Produktion bis zur Lieferung einer Maschine zu verstehen.<\/p>    <p class=\"translation-block\"><strong>Step 1<\/strong>: Our professional sales staff will identify the appropriate model based on the customer&#8217;s information, including grain type, capacity requirements, and power options. We will then provide technical details, working videos, and a quote for customers&#8217; reference.<\/p>    <p class=\"translation-block\"><strong>Schritt 2<\/strong>: Sobald die Bestelldetails best\u00e4tigt sind, kann die Produktion beginnen, sobald die Anzahlung geleistet ist. Unsere Fabrik wird gem\u00e4\u00df den Spezifikationen gefertigt. Nach der Montage durchl\u00e4uft jede Maissch\u00e4lemaschine Tests, um eine stabile Leistung und einen reibungslosen Betrieb sicherzustellen.<\/p>    <p class=\"translation-block\"><strong>Schritt 3<\/strong>: Vor dem Versand f\u00fchren unsere Techniker einen umfassenden Probelauf durch, zeichnen Videos auf und best\u00e4tigen dies mit unserem Kunden. Erst nach Best\u00e4tigung gehen wir zum n\u00e4chsten Schritt \u00fcber.<\/p>    <p class=\"translation-block\"><strong>Schritt 4<\/strong>: Sobald der Kunde die Restzahlung geleistet hat, k\u00fcmmern wir uns um die Verpackung, Exportzollabfertigung und Lieferung zum Verladehafen. Falls erforderlich, kann unser Team auch bei der Zollabfertigung helfen, um den Importprozess zu erleichtern.<\/p>    <p>Taizy has been exporting for over a decade and has our own factories, striving to provide the best prices and quality to our customers. If you are interested in our maize sheller machines, please don&#8217;t hesitate to contact us for a free quotation!<\/p>    <p><strong><br><\/strong><br><\/p>   <div class=\"wp-block-image\"> <figure class=\"aligncenter size-full\"><img loading=\"lazy\" decoding=\"async\" width=\"720\" height=\"540\" src=\"https:\/\/corn-machine.com\/wp-content\/uploads\/2025\/10\/wheat-thresher-machine.webp\" alt=\"Weizen-Scha\u2013maschine\" class=\"wp-image-1027\" title=\"\" srcset=\"https:\/\/corn-machine.com\/wp-content\/uploads\/2025\/10\/wheat-thresher-machine.webp 720w, https:\/\/corn-machine.com\/wp-content\/uploads\/2025\/10\/wheat-thresher-machine-300x225.webp 300w, https:\/\/corn-machine.com\/wp-content\/uploads\/2025\/10\/wheat-thresher-machine-16x12.webp 16w\" sizes=\"auto, (max-width: 720px) 100vw, 720px\" \/><figcaption class=\"wp-element-caption\">Weizen-Scha\u2013maschine<\/figcaption><\/figure> <\/div>   <p>Wenn Sie das Endprodukt weiter verarbeiten m\u00f6chten, bieten wir auch Folgendes an:<\/p>    <ul class=\"wp-block-list\"> <li><a href=\"https:\/\/corn-machine.com\/de\/product\/maize-grits-making-machine\/\">Maisgrie\u00dfherstellungsmaschine<\/a><\/li>    <li><a href=\"https:\/\/corn-machine.com\/de\/product\/hammer-mill-grinder-for-corn\/\">Hammerm\u00fchlenm\u00fchle<\/a><\/li> <\/ul>","protected":false},"excerpt":{"rendered":"<p>Taizy&#8217;s new maize sheller machine is equipped with dual power options, dual duct fans and a durable structure, ensuring high thresher efficiency and low breakage rate when processing different agricultural products.<\/p>","protected":false},"author":1,"featured_media":1021,"parent":0,"template":"","tags":[31],"product-type":[42],"class_list":["post-1019","product","type-product","status-publish","has-post-thumbnail","hentry","tag-corn","product-type-maize-sheller-machine"],"_links":{"self":[{"href":"https:\/\/corn-machine.com\/de\/wp-json\/wp\/v2\/product\/1019","targetHints":{"allow":["GET"]}}],"collection":[{"href":"https:\/\/corn-machine.com\/de\/wp-json\/wp\/v2\/product"}],"about":[{"href":"https:\/\/corn-machine.com\/de\/wp-json\/wp\/v2\/types\/product"}],"author":[{"embeddable":true,"href":"https:\/\/corn-machine.com\/de\/wp-json\/wp\/v2\/users\/1"}],"wp:featuredmedia":[{"embeddable":true,"href":"https:\/\/corn-machine.com\/de\/wp-json\/wp\/v2\/media\/1021"}],"wp:attachment":[{"href":"https:\/\/corn-machine.com\/de\/wp-json\/wp\/v2\/media?parent=1019"}],"wp:term":[{"taxonomy":"post_tag","embeddable":true,"href":"https:\/\/corn-machine.com\/de\/wp-json\/wp\/v2\/tags?post=1019"},{"taxonomy":"product-type","embeddable":true,"href":"https:\/\/corn-machine.com\/de\/wp-json\/wp\/v2\/product-type?post=1019"}],"curies":[{"name":"wp","href":"https:\/\/api.w.org\/{rel}","templated":true}]}}