{"id":1036,"date":"2025-11-04T15:26:54","date_gmt":"2025-11-04T07:26:54","guid":{"rendered":"https:\/\/corn-machine.com\/?post_type=product&#038;p=1036"},"modified":"2025-12-15T11:20:26","modified_gmt":"2025-12-15T03:20:26","slug":"affordable-small-chaff-cutter-machine","status":"publish","type":"product","link":"https:\/\/corn-machine.com\/de\/product\/affordable-small-chaff-cutter-machine\/","title":{"rendered":"Kleine Spreizschneidemaschine f\u00fcr die F\u00fctterung von Rindern"},"content":{"rendered":"<p class=\"translation-block\">Der kleine<strong>Spreu- und Futterh\u00e4cksler<\/strong>von Taizy wird verwendet, um verschiedene Getreidest\u00e4ngel f\u00fcr Rinder, Schafe und andere Gefl\u00fcgelzucht zu schneiden. Die Maschine besteht aus hochwertigem Stahl, was sie nicht nur langlebig, sondern auch sicher und leicht zu reinigen macht.<\/p>    <p>Mehrere Energiequellen sind verf\u00fcgbar: Elektromotoren, Dieselmotoren und Benzinmotoren. Seine Kapazit\u00e4t betr\u00e4gt 400 kg\/h, geeignet f\u00fcr kleine und mittlere Viehzuchtbetriebe. Wir bieten eine Vielzahl von Anpassungsdiensten an, und bei Gro\u00dfbestellungen sind zus\u00e4tzliche Rabatte erh\u00e4ltlich.<\/p>    <figure class=\"wp-block-embed aligncenter is-type-video is-provider-youtube wp-block-embed-youtube wp-embed-aspect-16-9 wp-has-aspect-ratio\"><div class=\"wp-block-embed__wrapper\"> <iframe loading=\"lazy\" title=\"Demonstration der Struktur und Leistung des Futterh\u00e4ckslers\" width=\"500\" height=\"281\" src=\"https:\/\/www.youtube.com\/embed\/Vc_s_5wDdYo?feature=oembed\" frameborder=\"0\" allow=\"accelerometer; autoplay; clipboard-write; encrypted-media; gyroscope; picture-in-picture; web-share\" referrerpolicy=\"strict-origin-when-cross-origin\" allowfullscreen><\/iframe> <\/div><figcaption class=\"wp-element-caption\">Einf\u00fchrung des Spreu- und Futterh\u00e4ckslers<\/figcaption><\/figure>    <h2 class=\"wp-block-heading\"><strong>Vorteile des Taizy-Spreu- und Futterh\u00e4ckslers<\/strong><\/h2>    <ul class=\"wp-block-list\"> <li>Die Maschine hat eine kleine Stellfl\u00e4che<span style=\"box-sizing: border-box; margin: 0px; padding: 0px;\">\u00a0von nur 1075*510*850 mm, was sie f\u00fcr mobile Anwendungen geeignet macht.\u00a0<\/span>und Einzelbetrieb<\/li>    <li>Der Taizy-Spreu- und Futterh\u00e4cksler kann nach Bedarf mit Motorleistung, Farbe, Namensschild und Verpackung angepasst werden.<\/li>    <li>Unsere Maschinen verf\u00fcgen \u00fcber CE-Zertifizierung, erf\u00fcllen internationale Qualit\u00e4tsstandards, was nicht nur die Qualit\u00e4t garantiert, sondern auch einen umfassenden Kundendienst bietet.<\/li> <\/ul>    <figure class=\"wp-block-gallery has-nested-images columns-default is-cropped wp-block-gallery-2 is-layout-flex wp-block-gallery-is-layout-flex\"> <figure class=\"wp-block-image size-large\"><img loading=\"lazy\" decoding=\"async\" width=\"720\" height=\"540\" data-id=\"1039\" src=\"https:\/\/corn-machine.com\/wp-content\/uploads\/2025\/11\/grass-chaff-cutter-machine.webp\" alt=\"Gras-Spreu- und Futterh\u00e4cksler\" class=\"wp-image-1039\" title=\"\" srcset=\"https:\/\/corn-machine.com\/wp-content\/uploads\/2025\/11\/grass-chaff-cutter-machine.webp 720w, https:\/\/corn-machine.com\/wp-content\/uploads\/2025\/11\/grass-chaff-cutter-machine-300x225.webp 300w, https:\/\/corn-machine.com\/wp-content\/uploads\/2025\/11\/grass-chaff-cutter-machine-16x12.webp 16w\" sizes=\"auto, (max-width: 720px) 100vw, 720px\" \/><figcaption class=\"wp-element-caption\">Gras-Spreu- und Futterh\u00e4cksler<\/figcaption><\/figure>    <figure class=\"wp-block-image size-large\"><img loading=\"lazy\" decoding=\"async\" width=\"720\" height=\"540\" data-id=\"1040\" src=\"https:\/\/corn-machine.com\/wp-content\/uploads\/2025\/11\/mini-forage-chopper.webp\" alt=\"Mini-Futterh\u00e4cksler\" class=\"wp-image-1040\" title=\"\" srcset=\"https:\/\/corn-machine.com\/wp-content\/uploads\/2025\/11\/mini-forage-chopper.webp 720w, https:\/\/corn-machine.com\/wp-content\/uploads\/2025\/11\/mini-forage-chopper-300x225.webp 300w, https:\/\/corn-machine.com\/wp-content\/uploads\/2025\/11\/mini-forage-chopper-16x12.webp 16w\" sizes=\"auto, (max-width: 720px) 100vw, 720px\" \/><figcaption class=\"wp-element-caption\">Mini-Futterh\u00e4cksler<\/figcaption><\/figure> <\/figure>    <h2 class=\"wp-block-heading\"><strong>Aufbau dieses Futterh\u00e4ckslers<\/strong><\/h2>    <p>Die Hauptkomponenten dieses Ger\u00e4ts umfassen: Zuf\u00fchr\u00f6ffnung, Transmission, Antriebssystem, Messerwelle und Messereinheit, Getriebejustagemechanismus und Auslass.<\/p>    <ol class=\"wp-block-list\"> <li>Der Zuf\u00fchrtrichter verwendet ein automatisches Zuf\u00fchrungssystem, um direkte manuelle Zuf\u00fchrung zu vermeiden und die Sicherheit sowie Effizienz zu verbessern.<\/li>    <li>Der Motor und die Schneidwelle sind \u00fcber Riemen, Kette oder Getriebe verbunden, um eine Geschwindigkeitsreduzierung zu erreichen.<\/li>    <li>Die Strohschneidemaschine verwendet verst\u00e4rkte, aktualisierte <a href=\"https:\/\/en.wikipedia.org\/wiki\/Mangalloy\" target=\"_blank\" rel=\"noopener\">Manganstahl<\/a> Klingen, die verschlei\u00dffest sind und eine lange Lebensdauer haben.<\/li>    <li>Es gibt einen externen Griff, mit dem man den Abstand zwischen Messer und Zuf\u00fchrung manuell einstellen kann, um die Schnittl\u00e4nge und die Gr\u00f6\u00dfe der Grasschnipsel zu kontrollieren.<\/li> <\/ol>    <figure class=\"wp-block-gallery aligncenter has-nested-images columns-2 is-cropped wp-block-gallery-3 is-layout-flex wp-block-gallery-is-layout-flex\"> <figure class=\"wp-block-image size-full\"><img loading=\"lazy\" decoding=\"async\" width=\"720\" height=\"540\" data-id=\"1041\" src=\"https:\/\/corn-machine.com\/wp-content\/uploads\/2025\/11\/silage-cutter.webp\" alt=\"Silagezerkleinerer\" class=\"wp-image-1041\" title=\"\" srcset=\"https:\/\/corn-machine.com\/wp-content\/uploads\/2025\/11\/silage-cutter.webp 720w, https:\/\/corn-machine.com\/wp-content\/uploads\/2025\/11\/silage-cutter-300x225.webp 300w, https:\/\/corn-machine.com\/wp-content\/uploads\/2025\/11\/silage-cutter-16x12.webp 16w\" sizes=\"auto, (max-width: 720px) 100vw, 720px\" \/><figcaption class=\"wp-element-caption\">Silagezerkleinerer<\/figcaption><\/figure>    <figure class=\"wp-block-image size-full\"><img loading=\"lazy\" decoding=\"async\" width=\"720\" height=\"540\" data-id=\"1050\" src=\"https:\/\/corn-machine.com\/wp-content\/uploads\/2025\/11\/blades-of-green-forage-chopper.webp\" alt=\"Messer des gr\u00fcnen Futterh\u00e4ckslers\" class=\"wp-image-1050\" title=\"\" srcset=\"https:\/\/corn-machine.com\/wp-content\/uploads\/2025\/11\/blades-of-green-forage-chopper.webp 720w, https:\/\/corn-machine.com\/wp-content\/uploads\/2025\/11\/blades-of-green-forage-chopper-300x225.webp 300w, https:\/\/corn-machine.com\/wp-content\/uploads\/2025\/11\/blades-of-green-forage-chopper-16x12.webp 16w\" sizes=\"auto, (max-width: 720px) 100vw, 720px\" \/><figcaption class=\"wp-element-caption\">Messer des gr\u00fcnen Futterh\u00e4ckslers<\/figcaption><\/figure> <\/figure>    <h2 class=\"wp-block-heading\"><strong>Technische Parameter und Modellvergleich des Spreu- und Futterh\u00e4ckslers<\/strong><\/h2>    <figure class=\"wp-block-table\"><table class=\"has-fixed-layout\"><tbody><tr><td>Modell<\/td><td class=\"has-text-align-center\" data-align=\"center\">9Z-0.4<\/td><td class=\"has-text-align-center\" data-align=\"center\">9Z-0.4A<\/td><\/tr><tr><td>Leistung<\/td><td class=\"has-text-align-center\" data-align=\"center\">2,2 kW<\/td><td class=\"has-text-align-center\" data-align=\"center\">2,2 kW<\/td><\/tr><tr><td>Drehzahl<\/td><td class=\"has-text-align-center\" data-align=\"center\">2800r\/min<\/td><td class=\"has-text-align-center\" data-align=\"center\">2800r\/min<\/td><\/tr><tr><td>Zerkleinerungsgr\u00f6\u00dfe<\/td><td class=\"has-text-align-center\" data-align=\"center\">7\/20mm<\/td><td class=\"has-text-align-center\" data-align=\"center\">7\/20mm<\/td><\/tr><tr><td>Messeranzahl<\/td><td class=\"has-text-align-center\" data-align=\"center\">4\/6 St\u00fcck<\/td><td class=\"has-text-align-center\" data-align=\"center\">4\/6 St\u00fcck<\/td><\/tr><tr><td>Gesamtabmessungen<\/td><td class=\"has-text-align-center\" data-align=\"center\">1075*510*850mm<\/td><td class=\"has-text-align-center\" data-align=\"center\">1075*510*1100mm<\/td><\/tr><tr><td>Verpackungsgr\u00f6\u00dfe<\/td><td class=\"has-text-align-center\" data-align=\"center\">600*500*400mm<\/td><td class=\"has-text-align-center\" data-align=\"center\">600*500*400mm<\/td><\/tr><tr><td>Gewicht<\/td><td class=\"has-text-align-center\" data-align=\"center\">48kg<\/td><td class=\"has-text-align-center\" data-align=\"center\">52kg<\/td><\/tr><tr><td>Kapazit\u00e4t<\/td><td class=\"has-text-align-center\" data-align=\"center\">400-500kg\/h<\/td><td class=\"has-text-align-center\" data-align=\"center\">400-800kg\/h<\/td><\/tr><\/tbody><\/table><figcaption class=\"wp-element-caption\">Parameter des kleinen Spreu- und Futterh\u00e4ckslers<\/figcaption><\/figure>    <p>Die Standardbreite der Zerkleinerungskammer ist auf 240 mm festgelegt. Die Breite sowohl der Zerkleinerungskammer als auch des Zuf\u00fchrtrichters variiert jedoch je nach Anzahl der Messer:<\/p>    <ul class=\"wp-block-list\"> <li>4-Messer-Modelle: Breite der Zerkleinerungskammer ca. 24 cm, Breite des Zuf\u00fchrtrichters ca. 23 cm, und 40 cm.<\/li>    <li>6-Messer-Modelle: Breite der Zerkleinerungskammer ca. 31 cm, Breite des Zuf\u00fchrtrichters ca. 30 cm, und 41 cm.<\/li> <\/ul>   <div class=\"wp-block-image\"> <figure class=\"aligncenter size-full\"><img loading=\"lazy\" decoding=\"async\" width=\"720\" height=\"540\" src=\"https:\/\/corn-machine.com\/wp-content\/uploads\/2025\/11\/chaff-cutter.webp\" alt=\"Spreu- und Futterh\u00e4cksler\" class=\"wp-image-1042\" title=\"\" srcset=\"https:\/\/corn-machine.com\/wp-content\/uploads\/2025\/11\/chaff-cutter.webp 720w, https:\/\/corn-machine.com\/wp-content\/uploads\/2025\/11\/chaff-cutter-300x225.webp 300w, https:\/\/corn-machine.com\/wp-content\/uploads\/2025\/11\/chaff-cutter-16x12.webp 16w\" sizes=\"auto, (max-width: 720px) 100vw, 720px\" \/><figcaption class=\"wp-element-caption\">Spreu- und Futterh\u00e4cksler<\/figcaption><\/figure> <\/div>   <h2 class=\"wp-block-heading\"><strong>Verwendungs- und Wartungsempfehlungen f\u00fcr den Futterh\u00e4cksler<\/strong><\/h2>    <h3 class=\"wp-block-heading\"><strong>Gebrauchsanweisung f\u00fcr den Silagezerkleinerer<\/strong><\/h3>    <ol class=\"wp-block-list\"> <li>Vor der Verwendung dieses Spreu- und Futterh\u00e4ckslers \u00fcberpr\u00fcfen Sie, ob alle Schrauben festgezogen sind, das Messer scharf ist und die Riemenspannung angemessen ist.<\/li>    <li>Futter Silage und andere Materialien gleichm\u00e4\u00dfig und kontinuierlich f\u00fcttern. \u00dcberf\u00fcttern Sie nicht oder mischen Sie keine harten Gegenst\u00e4nde wie Metall oder Steine bei.<\/li>    <li>Die Schnitth\u00f6he kann nur beim Stillstand durch \u00c4ndern des Gangs oder des Messerabstands eingestellt werden.<\/li> <\/ol>    <h3 class=\"wp-block-heading\"><strong>Wartungsempfehlungen f\u00fcr den Spreu- und Futterh\u00e4cksler<\/strong><\/h3>    <ol class=\"wp-block-list\"> <li>Nach der Verwendung reinigen Sie die Maschinentasche umgehend, um Rost und Blockaden zu vermeiden.<\/li>    <li>Wenn die Energiequelle ein Elektromotor ist, halten Sie sie trocken und gut bel\u00fcftet, um den Betrieb bei Regen oder hoher Luftfeuchtigkeit zu vermeiden.<\/li>    <li>\u00dcberpr\u00fcfen Sie regelm\u00e4\u00dfig den Verschlei\u00df der Messer und Riemen, sch\u00e4rfen oder ersetzen Sie sie rechtzeitig, um die Lebensdauer der Maschine zu verl\u00e4ngern.<\/li> <\/ol>    <h2 class=\"wp-block-heading\"><strong>Erfolgreicher Fall: Das ugandische Landwirtschaftsprojekt hat 250 Einheiten von Spreu- und Futterh\u00e4ckslern gekauft.<\/strong><\/h2>    <p>Letztes Jahr arbeitete Taizy mit Kunden zusammen, um ein landwirtschaftliches Projekt in Uganda abzuschlie\u00dfen. Dieses Projekt wird die Entwicklung der lokalen kleinen und mittleren Viehzucht unterst\u00fctzen, landwirtschaftliche Kooperativen f\u00f6rdern und die regionale Agrarmodernisierung vorantreiben.<\/p>    <figure class=\"wp-block-gallery has-nested-images columns-2 is-cropped wp-block-gallery-4 is-layout-flex wp-block-gallery-is-layout-flex\"> <figure class=\"wp-block-image size-large\"><img loading=\"lazy\" decoding=\"async\" width=\"720\" height=\"540\" data-id=\"1046\" src=\"https:\/\/corn-machine.com\/wp-content\/uploads\/2025\/11\/silage-chaff-cutter-in-storehouse.webp\" alt=\"Silage-Spreu- und Futterh\u00e4cksler im Lager\" class=\"wp-image-1046\" title=\"\" srcset=\"https:\/\/corn-machine.com\/wp-content\/uploads\/2025\/11\/silage-chaff-cutter-in-storehouse.webp 720w, https:\/\/corn-machine.com\/wp-content\/uploads\/2025\/11\/silage-chaff-cutter-in-storehouse-300x225.webp 300w, https:\/\/corn-machine.com\/wp-content\/uploads\/2025\/11\/silage-chaff-cutter-in-storehouse-16x12.webp 16w\" sizes=\"auto, (max-width: 720px) 100vw, 720px\" \/><figcaption class=\"wp-element-caption\">Silage-Spreu- und Futterh\u00e4cksler im Lager<\/figcaption><\/figure>    <figure class=\"wp-block-image size-large\"><img loading=\"lazy\" decoding=\"async\" width=\"720\" height=\"540\" data-id=\"1047\" src=\"https:\/\/corn-machine.com\/wp-content\/uploads\/2025\/11\/Completed-mini-forage-chopper-machine.webp\" alt=\"Vollst\u00e4ndiger Mini-Futterh\u00e4cksler\" class=\"wp-image-1047\" title=\"\" srcset=\"https:\/\/corn-machine.com\/wp-content\/uploads\/2025\/11\/Completed-mini-forage-chopper-machine.webp 720w, https:\/\/corn-machine.com\/wp-content\/uploads\/2025\/11\/Completed-mini-forage-chopper-machine-300x225.webp 300w, https:\/\/corn-machine.com\/wp-content\/uploads\/2025\/11\/Completed-mini-forage-chopper-machine-16x12.webp 16w\" sizes=\"auto, (max-width: 720px) 100vw, 720px\" \/><figcaption class=\"wp-element-caption\">Vollst\u00e4ndiger Mini-Futterh\u00e4cksler<\/figcaption><\/figure>    <figure class=\"wp-block-image size-large\"><img loading=\"lazy\" decoding=\"async\" width=\"720\" height=\"540\" data-id=\"1049\" src=\"https:\/\/corn-machine.com\/wp-content\/uploads\/2025\/11\/packaging-the-silage-cutter.webp\" alt=\"Verpackung des Silagezerkleinerers\" class=\"wp-image-1049\" title=\"\" srcset=\"https:\/\/corn-machine.com\/wp-content\/uploads\/2025\/11\/packaging-the-silage-cutter.webp 720w, https:\/\/corn-machine.com\/wp-content\/uploads\/2025\/11\/packaging-the-silage-cutter-300x225.webp 300w, https:\/\/corn-machine.com\/wp-content\/uploads\/2025\/11\/packaging-the-silage-cutter-16x12.webp 16w\" sizes=\"auto, (max-width: 720px) 100vw, 720px\" \/><figcaption class=\"wp-element-caption\">Verpackung des Silagezerkleinerers<\/figcaption><\/figure>    <figure class=\"wp-block-image size-large\"><img loading=\"lazy\" decoding=\"async\" width=\"720\" height=\"540\" data-id=\"1048\" src=\"https:\/\/corn-machine.com\/wp-content\/uploads\/2025\/11\/loading-the-chaff-cutter.webp\" alt=\"Ladung des Spreu- und Futterh\u00e4ckslers\" class=\"wp-image-1048\" title=\"\" srcset=\"https:\/\/corn-machine.com\/wp-content\/uploads\/2025\/11\/loading-the-chaff-cutter.webp 720w, https:\/\/corn-machine.com\/wp-content\/uploads\/2025\/11\/loading-the-chaff-cutter-300x225.webp 300w, https:\/\/corn-machine.com\/wp-content\/uploads\/2025\/11\/loading-the-chaff-cutter-16x12.webp 16w\" sizes=\"auto, (max-width: 720px) 100vw, 720px\" \/><figcaption class=\"wp-element-caption\">Ladung des Spreu- und Futterh\u00e4ckslers<\/figcaption><\/figure> <\/figure>    <p class=\"translation-block\">Nachdem das Projekt beschlossen wurde, besuchte unser Kunde pers\u00f6nlich unsere Fabrik in China und testete die Spreu- und Futterh\u00e4cksler. Schlie\u00dflich best\u00e4tigten wir die Bestellung f\u00fcr<strong>250 Einheiten des 9ZR und anderer entsprechender Ersatzteile<\/strong>, die in einem Vollcontainer nach Kampala, der Hauptstadt Ugandas, versendet werden.<\/p>    <figure class=\"wp-block-embed aligncenter is-type-video is-provider-youtube wp-block-embed-youtube wp-embed-aspect-16-9 wp-has-aspect-ratio\"><div class=\"wp-block-embed__wrapper\"> <iframe loading=\"lazy\" title=\"Ugandischer Kunde bestellte 250 Taizy-Futterh\u00e4cksler f\u00fcr den Export!\" width=\"500\" height=\"281\" src=\"https:\/\/www.youtube.com\/embed\/N0SzeVsYJXw?feature=oembed\" frameborder=\"0\" allow=\"accelerometer; autoplay; clipboard-write; encrypted-media; gyroscope; picture-in-picture; web-share\" referrerpolicy=\"strict-origin-when-cross-origin\" allowfullscreen><\/iframe> <\/div><figcaption class=\"wp-element-caption\">Ladung des Spreu- und Futterh\u00e4ckslers <\/figcaption><\/figure>    <h2 class=\"wp-block-heading\"><strong>Was kann Taizy Ihnen bieten?<\/strong><\/h2>    <ol class=\"wp-block-list\"> <li>Wir haben unsere <strong>eigene Fabrik<\/strong>, die hohe Produktqualit\u00e4t, transparente Preisgestaltung und Unterst\u00fctzung beim Exportverpacken gew\u00e4hrleistet.<\/li>    <li>Taizy verf\u00fcgt \u00fcber mehr als <strong>40 Jahre Erfahrung in der Maschinenherstellung <\/strong>und \u00fcber 10 Jahre Erfahrung im internationalen Export. Wir verf\u00fcgen nicht nur \u00fcber vollst\u00e4ndige Produktionslinien, um eine langfristige Versorgung sicherzustellen, sondern bieten auch exzellenten Frachtservice.<\/li>    <li>Nach der Produktion durchl\u00e4uft jedes <strong>die Maschine einer Betriebserprobung<\/strong> um sicherzustellen, dass ihre Qualit\u00e4t die Anforderungen f\u00fcr Gro\u00dfbeschaffungen erf\u00fcllt.<\/li>    <li>Wir verf\u00fcgen \u00fcber <strong>reiche Erfahrung in der Zusammenarbeit mit Gro\u00dfprojekten<\/strong>, einschlie\u00dflich Google Ads und nationaler Regierungsprojekte.<\/li> <\/ol>    <h2 class=\"wp-block-heading\"><strong>Kontaktieren Sie uns f\u00fcr das aktuellste Angebot!<\/strong><\/h2>    <p class=\"translation-block\">If you want to find a reliable agricultural manufacturer for your business or project, Taizy provides the most genuine prices, the most comprehensive services, and the best guarantees. <strong>If you have the same needs, don&#8217;t hesitate to contact us!<\/strong><\/p>    <p class=\"translation-block\">Wenn Sie eine selbstst\u00e4ndige Person sind, die einen Silageerntemaschine sucht, die Ernte und Zerkleinerung kombiniert, klicken Sie auf diesen Produktlink:<a href=\"https:\/\/corn-machine.com\/de\/product\/corn-silage-harvester\/\">Mais-Silage-Ernter<\/a>.<\/p>","protected":false},"excerpt":{"rendered":"<p>This small chaff cutter machine is suitable for primary feed processing in cattle and sheep farms. It can process 400-800 kg of dry or wet silage per hour. We are a factory direct seller, offering transparent pricing and superior quality.<\/p>","protected":false},"author":1,"featured_media":1168,"parent":0,"template":"","tags":[55,58],"product-type":[57],"class_list":["post-1036","product","type-product","status-publish","has-post-thumbnail","hentry","tag-cornsilage","tag-cornstalk","product-type-corn-stalk-silage-crusher"],"_links":{"self":[{"href":"https:\/\/corn-machine.com\/de\/wp-json\/wp\/v2\/product\/1036","targetHints":{"allow":["GET"]}}],"collection":[{"href":"https:\/\/corn-machine.com\/de\/wp-json\/wp\/v2\/product"}],"about":[{"href":"https:\/\/corn-machine.com\/de\/wp-json\/wp\/v2\/types\/product"}],"author":[{"embeddable":true,"href":"https:\/\/corn-machine.com\/de\/wp-json\/wp\/v2\/users\/1"}],"wp:featuredmedia":[{"embeddable":true,"href":"https:\/\/corn-machine.com\/de\/wp-json\/wp\/v2\/media\/1168"}],"wp:attachment":[{"href":"https:\/\/corn-machine.com\/de\/wp-json\/wp\/v2\/media?parent=1036"}],"wp:term":[{"taxonomy":"post_tag","embeddable":true,"href":"https:\/\/corn-machine.com\/de\/wp-json\/wp\/v2\/tags?post=1036"},{"taxonomy":"product-type","embeddable":true,"href":"https:\/\/corn-machine.com\/de\/wp-json\/wp\/v2\/product-type?post=1036"}],"curies":[{"name":"wp","href":"https:\/\/api.w.org\/{rel}","templated":true}]}}