{"id":1115,"date":"2025-12-04T14:26:44","date_gmt":"2025-12-04T06:26:44","guid":{"rendered":"https:\/\/corn-machine.com\/?post_type=product&#038;p=1115"},"modified":"2025-12-04T14:38:43","modified_gmt":"2025-12-04T06:38:43","slug":"one-row-corn-harvest-machine","status":"publish","type":"product","link":"https:\/\/corn-machine.com\/de\/product\/one-row-corn-harvest-machine\/","title":{"rendered":"Einkaufswagen f\u00fcr die einfache Maisernte in einer Reihe"},"content":{"rendered":"<p class=\"translation-block\">Dieses kompakte und kosteng\u00fcnstige <strong>Maisernteger\u00e4t<\/strong> ist f\u00fcr kleine Parzellen, h\u00fcgeliges Gel\u00e4nde, verstreute Fl\u00e4chen und kleine Familienbetriebe konzipiert. Sein kompaktes Design erm\u00f6glicht es den Bedienern, enge Felder leicht zu navigieren und gleichzeitig Schneiden, Ernten, F\u00f6rdern und Strohzerkleinerung in einem einzigen Vorgang durchzuf\u00fchren. <\/p>    <p>Es ist eine ideale L\u00f6sung zur Steigerung der Produktivit\u00e4t und zur Senkung der Arbeitskosten, weshalb es auch in Asien, Afrika und Lateinamerika beliebt ist, wo viele private Landwirte die Einzeln-Reihentechnik verwenden.<\/p>    <figure class=\"wp-block-embed aligncenter is-type-video is-provider-youtube wp-block-embed-youtube wp-embed-aspect-16-9 wp-has-aspect-ratio\"><div class=\"wp-block-embed__wrapper\"> <iframe loading=\"lazy\" title=\"Test des Maisernteger\u00e4ts: Schneiden &amp; Sammeln von Mais in engen Reihen \ud83d\ude9c\ud83d\udca8Kontakt:  8617703863868\" width=\"500\" height=\"281\" src=\"https:\/\/www.youtube.com\/embed\/fWSmTylF2y4?feature=oembed\" frameborder=\"0\" allow=\"accelerometer; autoplay; clipboard-write; encrypted-media; gyroscope; picture-in-picture; web-share\" referrerpolicy=\"strict-origin-when-cross-origin\" allowfullscreen><\/iframe> <\/div><figcaption class=\"wp-element-caption\">Feldtestvideo des Maisernteger\u00e4ts<\/figcaption><\/figure>    <h2 class=\"wp-block-heading\"><strong>H\u00f6hepunkte des Taizy-Maisernteger\u00e4ts<\/strong><\/h2>    <ul class=\"wp-block-list\"> <li>Dieses Maisernteger\u00e4t misst 3\u20133,65 m (L\u00e4nge) und etwa 0,85\u20131 m (Breite), was einen effizienten Betrieb in engen Reihenabst\u00e4nden oder unregelm\u00e4\u00dfigen Parzellen erm\u00f6glicht, in denen gr\u00f6\u00dfere Maschinen nicht arbeiten k\u00f6nnen.<\/li>    <li>Das Taizy-Maisernteger\u00e4t verwendet ein Doppelwalzen-Ziehsystem, um eine stabile Maisernte zu gew\u00e4hrleisten und den K\u00f6rnerverlust zu reduzieren. Dieses Design ist besonders geeignet f\u00fcr: kleine Maisk\u00f6rner, mittelst\u00e4ndische Bepflanzung und kleine Betriebe.<\/li>    <li>Unser aufger\u00fcstetes Ger\u00e4t verf\u00fcgt jetzt \u00fcber einen Sitz, der die Arbeitsbelastung reduziert und es erm\u00f6glicht, im Sitzen zu ernten, was Zeit und M\u00fche spart.<\/li>    <li>Das verbesserte Maisernteger\u00e4t ist jetzt mit einem Rotationsmessersystem ausgestattet, das die St\u00e4ngel w\u00e4hrend der Maisernte schneidet und zerkleinert, um sie leicht zur\u00fcck auf das Feld zu bringen und als Tierfutter zu verwenden.<\/li>    <li>Es verf\u00fcgt \u00fcber ein Gehdesign und einen verstellbaren Radstand (650 mm oder 800\u2013900 mm), sodass auch Bediener ohne mechanische Erfahrung nach kurzer Schulung leicht starten k\u00f6nnen.<\/li> <\/ul>   <div class=\"wp-block-image\"> <figure class=\"aligncenter size-full\"><img loading=\"lazy\" decoding=\"async\" width=\"720\" height=\"540\" src=\"https:\/\/corn-machine.com\/wp-content\/uploads\/2025\/12\/corn-cob-harvester.webp\" alt=\"Automatisches Maiskolben-Ernteger\u00e4t\" class=\"wp-image-1121\" title=\"\" srcset=\"https:\/\/corn-machine.com\/wp-content\/uploads\/2025\/12\/corn-cob-harvester.webp 720w, https:\/\/corn-machine.com\/wp-content\/uploads\/2025\/12\/corn-cob-harvester-300x225.webp 300w, https:\/\/corn-machine.com\/wp-content\/uploads\/2025\/12\/corn-cob-harvester-16x12.webp 16w\" sizes=\"auto, (max-width: 720px) 100vw, 720px\" \/><figcaption class=\"wp-element-caption\">Maiskolben-Ernter<\/figcaption><\/figure> <\/div>   <h2 class=\"wp-block-heading\"><strong>Zwei verschiedene Modelle und ihre technischen Spezifikationen<\/strong><\/h2>    <figure class=\"wp-block-table\"><table class=\"has-fixed-layout\"><tbody><tr><td>Modell<\/td><td class=\"has-text-align-center\" data-align=\"center\">19 kW Motortyp<\/td><td class=\"has-text-align-center\" data-align=\"center\">10,35 kW Motortyp<\/td><\/tr><tr><td>Arbeitsbreite<\/td><td class=\"has-text-align-center\" data-align=\"center\">650 mm<\/td><td class=\"has-text-align-center\" data-align=\"center\">400\u2013500 mm<\/td><\/tr><tr><td>Bodenfreiheit<\/td><td class=\"has-text-align-center\" data-align=\"center\">200 mm<\/td><td class=\"has-text-align-center\" data-align=\"center\">100\u2013160 mm<\/td><\/tr><tr><td>Produktivit\u00e4t<\/td><td class=\"has-text-align-center\" data-align=\"center\">0,05\u20130,12 h\u33a1\/h<\/td><td class=\"has-text-align-center\" data-align=\"center\">0,067 h\u33a1\/h<\/td><\/tr><tr><td>Erntesystem<\/td><td class=\"has-text-align-center\" data-align=\"center\">Doppelwalzen-Abw\u00e4rtszug<\/td><td class=\"has-text-align-center\" data-align=\"center\">Doppelwalzen-Abw\u00e4rtszug<\/td><\/tr><tr><td>Strohschneiden<\/td><td class=\"has-text-align-center\" data-align=\"center\">Rotierendes Messer<\/td><td class=\"has-text-align-center\" data-align=\"center\">Rotierendes Messer<\/td><\/tr><tr><td>Verstellbarer Radstand<\/td><td class=\"has-text-align-center\" data-align=\"center\">800\u2013900 mm<\/td><td class=\"has-text-align-center\" data-align=\"center\">800\u2013900 mm<\/td><\/tr><tr><td>Abmessungen<\/td><td class=\"has-text-align-center\" data-align=\"center\">3650\u00d71000\u00d71270 mm<\/td><td class=\"has-text-align-center\" data-align=\"center\">3000\u00d7850\u00d71100 mm<\/td><\/tr><tr><td>Gewicht<\/td><td class=\"has-text-align-center\" data-align=\"center\">980 kg<\/td><td class=\"has-text-align-center\" data-align=\"center\">1450\u20132000 kg<\/td><\/tr><\/tbody><\/table><figcaption class=\"wp-element-caption\">Parameter des Maisernteger\u00e4ts<\/figcaption><\/figure>    <p>Wir bieten verschiedene Modelle an, um Ihren Effizienzanforderungen gerecht zu werden. Bei Fragen wenden Sie sich bitte an unseren Kundenservice.<\/p>    <h2 class=\"wp-block-heading\"><strong>Anwendungen dieses Maisk\u00f6rnerpfl\u00fcckers<\/strong><\/h2>    <p>Maisernteger\u00e4te sind f\u00fcr eine Vielzahl von Nutzern geeignet, einschlie\u00dflich kleiner Landwirte mit begrenztem Land und Ressourcen, die eine schnelle und effiziente Maisernte erm\u00f6glichen.<\/p>    <p>Genossenschaften und landwirtschaftliche Produktionsorganisationen k\u00f6nnen die Kosten auch durch gemeinschaftlichen Einkauf teilen, um die Maschinennutzung zu verbessern, insbesondere in l\u00e4ndlichen Gebieten mit verstreuten Farmen.<\/p>    <p>The corn harvest machine&#8217;s design is particularly convenient for field operations in developing regions, making it ideal for small-scale corn growers in Asia, Africa, and Latin America.<\/p>    <h2 class=\"wp-block-heading\"><strong>Wie funktioniert die Maiserntemaschine?<\/strong><\/h2>    <p>Unser Maisernteger\u00e4t wird von einem Motor angetrieben, der ein Doppelwalzen-Antriebssystem betreibt, um die Maiskolben aus den St\u00e4ngeln zu ziehen. Gleichzeitig drehen sich die Walzen mit kontrollierter Geschwindigkeit, um eine reibungslose Ernte zu gew\u00e4hrleisten und Sch\u00e4den an den Maisk\u00f6rnern zu minimieren. Dies ist das Antriebs- und Kraftsystem eines Maisernteger\u00e4ts.<\/p>    <p>The rotating blade system cuts the corn stalks. The cutting action occurs simultaneously with the machine&#8217;s movement, facilitating corn collection and felling the stalks at the same time. <\/p>    <p>Sein Doppelwalzen-Erntesystem ist haupts\u00e4chlich daf\u00fcr verantwortlich, die Maiskolben in die Maschine zu ziehen, sie von den St\u00e4ngeln zu trennen und dann ein Strohzerkleinerungssystem zu verwenden, um das verbleibende Stroh fein zu zerkleinern.<\/p>    <figure class=\"wp-block-gallery has-nested-images columns-default is-cropped wp-block-gallery-2 is-layout-flex wp-block-gallery-is-layout-flex\"> <figure class=\"wp-block-image size-large\"><img loading=\"lazy\" decoding=\"async\" width=\"720\" height=\"540\" data-id=\"1122\" src=\"https:\/\/corn-machine.com\/wp-content\/uploads\/2025\/12\/corn-harvester-machine.webp\" alt=\"Maisernte-Maschine\" class=\"wp-image-1122\" title=\"\" srcset=\"https:\/\/corn-machine.com\/wp-content\/uploads\/2025\/12\/corn-harvester-machine.webp 720w, https:\/\/corn-machine.com\/wp-content\/uploads\/2025\/12\/corn-harvester-machine-300x225.webp 300w, https:\/\/corn-machine.com\/wp-content\/uploads\/2025\/12\/corn-harvester-machine-16x12.webp 16w\" sizes=\"auto, (max-width: 720px) 100vw, 720px\" \/><figcaption class=\"wp-element-caption\">Maisernte-Maschine<\/figcaption><\/figure>    <figure class=\"wp-block-image size-large\"><img loading=\"lazy\" decoding=\"async\" width=\"720\" height=\"540\" data-id=\"1123\" src=\"https:\/\/corn-machine.com\/wp-content\/uploads\/2025\/12\/maize-picker.webp\" alt=\"Maissaatmaschine\" class=\"wp-image-1123\" title=\"\" srcset=\"https:\/\/corn-machine.com\/wp-content\/uploads\/2025\/12\/maize-picker.webp 720w, https:\/\/corn-machine.com\/wp-content\/uploads\/2025\/12\/maize-picker-300x225.webp 300w, https:\/\/corn-machine.com\/wp-content\/uploads\/2025\/12\/maize-picker-16x12.webp 16w\" sizes=\"auto, (max-width: 720px) 100vw, 720px\" \/><figcaption class=\"wp-element-caption\">Maissaatmaschine<\/figcaption><\/figure> <\/figure>    <h2 class=\"wp-block-heading\"><strong>FAQ zu diesem Maisk\u00f6rnerpfl\u00fccker<\/strong><\/h2>   <div id=\"rank-math-faq\" class=\"rank-math-block\"> <div class=\"rank-math-list\"> <div id=\"faq-question-1764826101473\" class=\"rank-math-list-item\"> <h3 class=\"rank-math-question\"><strong>Wie hoch ist der Kraftstoffverbrauch der Mais-Schneide- und Sammelmaschine?<\/strong><\/h3> <div class=\"rank-math-answer\">  <p>Der Kraftstoffverbrauch liegt typischerweise bei 0,2 bis 0,5 Liter pro Stunde, abh\u00e4ngig von der Farmgr\u00f6\u00dfe, dem Gel\u00e4nde und der Erntetempo.<\/p>  <\/div> <\/div> <div id=\"faq-question-1764826131515\" class=\"rank-math-list-item\"> <h3 class=\"rank-math-question\"><strong>Wie lange dauert es, eine Acre Mais mit dieser Maschine zu ernten?<\/strong><\/h3> <div class=\"rank-math-answer\">  <p>Typischerweise erntet es 0,05\u20130,12 Hektar pro Stunde, was bedeutet, dass es eine Acre (etwa 0,4 Hektar) in 3\u20136 Stunden ernten kann.<\/p>  <\/div> <\/div> <div id=\"faq-question-1764826185344\" class=\"rank-math-list-item\"> <h3 class=\"rank-math-question\"><strong>Kann diese Maiserntemaschine auf h\u00fcgeligem oder unebenem Gel\u00e4nde verwendet werden?<\/strong><\/h3> <div class=\"rank-math-answer\">  <p>Ja! Dieses Maisernteger\u00e4t ist f\u00fcr h\u00fcgeliges oder unebenes Gel\u00e4nde konzipiert. Verstellbare R\u00e4der und ein kompaktes Design erm\u00f6glichen es, Steigungen und enge Reihen leicht zu bew\u00e4ltigen.<\/p>  <\/div> <\/div> <div id=\"faq-question-1764826378623\" class=\"rank-math-list-item\"> <h3 class=\"rank-math-question\">Kann der Maiskolbenpfl\u00fccker auch f\u00fcr andere Kulturen verwendet werden?<\/h3> <div class=\"rank-math-answer\">  <p>Dieses Ernteger\u00e4t ist speziell f\u00fcr die Maisernte konzipiert. Wenn Sie es f\u00fcr andere Kulturen verwenden, ist es m\u00f6glicherweise nicht sehr effektiv und geeignet.<\/p>  <\/div> <\/div> <\/div> <\/div>  <div class=\"wp-block-image\"> <figure class=\"aligncenter size-full\"><img loading=\"lazy\" decoding=\"async\" width=\"720\" height=\"540\" src=\"https:\/\/corn-machine.com\/wp-content\/uploads\/2025\/12\/small-scale-corn-harvester.webp\" alt=\"Kleiner Maisernteger\u00e4t\" class=\"wp-image-1124\" title=\"\" srcset=\"https:\/\/corn-machine.com\/wp-content\/uploads\/2025\/12\/small-scale-corn-harvester.webp 720w, https:\/\/corn-machine.com\/wp-content\/uploads\/2025\/12\/small-scale-corn-harvester-300x225.webp 300w, https:\/\/corn-machine.com\/wp-content\/uploads\/2025\/12\/small-scale-corn-harvester-16x12.webp 16w\" sizes=\"auto, (max-width: 720px) 100vw, 720px\" \/><figcaption class=\"wp-element-caption\">Kleiner Maisernteger\u00e4t<\/figcaption><\/figure> <\/div>   <p>Wenn Sie an diesem Maisernteger\u00e4t interessiert sind, kontaktieren Sie uns bitte per WhatsApp oder E-Mail f\u00fcr das aktuelle Angebot. Taizy ist bestrebt, die beste Unterst\u00fctzung f\u00fcr Ihre landwirtschaftliche Entwicklung zu bieten.<\/p>    <p>Wir bieten auch andere Erntetypen an. Klicken Sie auf diese Links, wenn Sie daran interessiert sind:<\/p>    <ul class=\"wp-block-list\"> <li><a href=\"https:\/\/corn-machine.com\/de\/product\/efficient-maize-harvester-machine\/\">Maism\u00e4hdrescher<\/a><\/li>    <li><a href=\"https:\/\/corn-machine.com\/de\/product\/corn-silage-harvester\/\">Mais Silage Erntewagen<\/a><\/li> <\/ul>","protected":false},"excerpt":{"rendered":"<p>This corn harvester is available with either a 19 kW or a 10.35 kW engine. Its compact structure makes it ideal for harvesting in narrow rows and hilly terrain. It is easy to operate and has low maintenance costs.<\/p>","protected":false},"author":1,"featured_media":1120,"parent":0,"template":"","tags":[31],"product-type":[40],"class_list":["post-1115","product","type-product","status-publish","has-post-thumbnail","hentry","tag-corn","product-type-corn-harvesting-machine"],"_links":{"self":[{"href":"https:\/\/corn-machine.com\/de\/wp-json\/wp\/v2\/product\/1115","targetHints":{"allow":["GET"]}}],"collection":[{"href":"https:\/\/corn-machine.com\/de\/wp-json\/wp\/v2\/product"}],"about":[{"href":"https:\/\/corn-machine.com\/de\/wp-json\/wp\/v2\/types\/product"}],"author":[{"embeddable":true,"href":"https:\/\/corn-machine.com\/de\/wp-json\/wp\/v2\/users\/1"}],"wp:featuredmedia":[{"embeddable":true,"href":"https:\/\/corn-machine.com\/de\/wp-json\/wp\/v2\/media\/1120"}],"wp:attachment":[{"href":"https:\/\/corn-machine.com\/de\/wp-json\/wp\/v2\/media?parent=1115"}],"wp:term":[{"taxonomy":"post_tag","embeddable":true,"href":"https:\/\/corn-machine.com\/de\/wp-json\/wp\/v2\/tags?post=1115"},{"taxonomy":"product-type","embeddable":true,"href":"https:\/\/corn-machine.com\/de\/wp-json\/wp\/v2\/product-type?post=1115"}],"curies":[{"name":"wp","href":"https:\/\/api.w.org\/{rel}","templated":true}]}}