{"id":1134,"date":"2025-12-12T15:45:48","date_gmt":"2025-12-12T07:45:48","guid":{"rendered":"https:\/\/corn-machine.com\/?post_type=product&#038;p=1134"},"modified":"2025-12-15T11:14:54","modified_gmt":"2025-12-15T03:14:54","slug":"multi-functional-straw-shredder","status":"publish","type":"product","link":"https:\/\/corn-machine.com\/de\/product\/multi-functional-straw-shredder\/","title":{"rendered":"Multifunktionaler Strohzerkleinerer Maism\u00fchle"},"content":{"rendered":"<p class=\"translation-block\">Dieses <span style=\"margin: 0px;padding: 0px\">Multifunktionale\u00a0<strong>Strohzerkleinerungsger\u00e4t<\/strong>\u00a0ist f\u00fcr Landwirte, kleine Futterverarbeitungsbetriebe und Viehz\u00fcchter konzipiert und integriert das Zerkleinern von Stroh, das Zerkleinern von Gras und das Mahlen von K\u00f6rnern in eine einzige<\/span> Maschine, was die Futtervorbereitung erheblich verbessert.<\/p>    <p>Sie wird h\u00e4ufig f\u00fcr die Verarbeitung von Tierfutterzutaten wie Palmenbl\u00e4tter, Gr\u00fcnfutter, Heu, Maisst\u00e4ngel, Maiskolben, K\u00f6rner und Dattelkerne verwendet. Ihre st\u00fcndliche Verarbeitungskapazit\u00e4t liegt bei 300-1200 kg, mit verschiedenen Energiequellen wie Elektro-, Diesel- oder Benzinmotoren.<\/p>    <figure class=\"wp-block-embed aligncenter is-type-video is-provider-youtube wp-block-embed-youtube wp-embed-aspect-16-9 wp-has-aspect-ratio\"><div class=\"wp-block-embed__wrapper\"> <iframe loading=\"lazy\" title=\"Heu schneiden   K\u00f6rner zermahlen in einem Ger\u00e4t | Multifunktionaler Strohzerkleinerer Test  8617703863868\" width=\"500\" height=\"281\" src=\"https:\/\/www.youtube.com\/embed\/-MVRyhCcH0s?feature=oembed\" frameborder=\"0\" allow=\"accelerometer; autoplay; clipboard-write; encrypted-media; gyroscope; picture-in-picture; web-share\" referrerpolicy=\"strict-origin-when-cross-origin\" allowfullscreen><\/iframe> <\/div><figcaption class=\"wp-element-caption\">Testvideo des Strohzerkleinerers<\/figcaption><\/figure>    <h2 class=\"wp-block-heading\"><strong>Vorteile des multifunktionalen Heu- und Strohschneiders und Zerkleinerers<\/strong><\/h2>    <ul class=\"wp-block-list\"> <li>Der Aufbau unseres Maisst\u00e4ngelzerkleinerers besteht aus 4 mm dickem Stahl und ist mit einem 5 mm dicken Eisenschweller ausgestattet, was Haltbarkeit und strukturelle Stabilit\u00e4t gew\u00e4hrleistet.<\/li>    <li>Dieses Strohzerkleinerungsger\u00e4t verwendet Schere-\u00e4hnliche Schneidklingen, die eine \u00fcberlegene Schneidleistung bieten und f\u00fcr harte Materialien wie Palmenbl\u00e4tter, Stroh und Heu geeignet sind.<\/li>    <li>Das Taizy-Multiblade-Zerkleinerungssystem ist ideal zur Herstellung von weichem Gras mit einer L\u00e4nge von 3-10 cm. Es verf\u00fcgt \u00fcber 4 Messer (jeweils 8 dreieckige Schneidklingen pro Messer), jedes Messer ist 7 cm lang und 2 mm dick, aus Edelstahl gefertigt.<\/li>    <li>Dar\u00fcber hinaus besteht sein Hammerm\u00fchlensystem aus 16 geh\u00e4rteten H\u00e4mmern, jeweils mit 2 mm Dicke, geeignet zum Zerkleinern von Maisk\u00f6rnern, <a href=\"https:\/\/en.wikipedia.org\/wiki\/Date_palm\" target=\"_blank\" rel=\"noopener\">Dattelkern<\/a>Maiskolben und andere K\u00f6rner.<\/li> <\/ul>    <figure class=\"wp-block-gallery has-nested-images columns-default is-cropped wp-block-gallery-2 is-layout-flex wp-block-gallery-is-layout-flex\"> <figure class=\"wp-block-image size-large\"><img loading=\"lazy\" decoding=\"async\" width=\"720\" height=\"540\" data-id=\"1145\" src=\"https:\/\/corn-machine.com\/wp-content\/uploads\/2025\/12\/parts-of-grass-chaff-cutter-machine.webp\" alt=\"Teile des Heu- und Strohschneiders\" class=\"wp-image-1145\" title=\"\" srcset=\"https:\/\/corn-machine.com\/wp-content\/uploads\/2025\/12\/parts-of-grass-chaff-cutter-machine.webp 720w, https:\/\/corn-machine.com\/wp-content\/uploads\/2025\/12\/parts-of-grass-chaff-cutter-machine-300x225.webp 300w, https:\/\/corn-machine.com\/wp-content\/uploads\/2025\/12\/parts-of-grass-chaff-cutter-machine-16x12.webp 16w\" sizes=\"auto, (max-width: 720px) 100vw, 720px\" \/><figcaption class=\"wp-element-caption\">Teile des Heu- und Strohschneiders<\/figcaption><\/figure>    <figure class=\"wp-block-image size-full\"><img loading=\"lazy\" decoding=\"async\" width=\"720\" height=\"540\" data-id=\"1147\" src=\"https:\/\/corn-machine.com\/wp-content\/uploads\/2025\/12\/corn-cutting-grinding-machine.webp\" alt=\"Mais-Schneide- und Mahlmaschine\" class=\"wp-image-1147\" title=\"\" srcset=\"https:\/\/corn-machine.com\/wp-content\/uploads\/2025\/12\/corn-cutting-grinding-machine.webp 720w, https:\/\/corn-machine.com\/wp-content\/uploads\/2025\/12\/corn-cutting-grinding-machine-300x225.webp 300w, https:\/\/corn-machine.com\/wp-content\/uploads\/2025\/12\/corn-cutting-grinding-machine-16x12.webp 16w\" sizes=\"auto, (max-width: 720px) 100vw, 720px\" \/><figcaption class=\"wp-element-caption\">Mais-Schneide- und Mahlmaschine<\/figcaption><\/figure> <\/figure>    <h2 class=\"wp-block-heading\"><strong>Zwei Arten von landwirtschaftlichen Heu- und Strohschneidern<\/strong><\/h2>    <p>Unser meistverkauftes Modell ist der 9ZF 500B F\u00fcnf-Porten-Strohzerkleinerer. Er verf\u00fcgt \u00fcber mehrere Ausg\u00e4nge, darunter drei Abluft\u00f6ffnungen (hoch, mittel und niedrig) und zwei Zufuhreinl\u00e4sse. Er eignet sich nicht nur f\u00fcr die Sammlung von Getreidepulver, sondern auch f\u00fcr das Zerkleinern und Hochwurf-Laden von Futtermaterialien.<\/p>    <p>Dieser 9ZF 500A Vier-Porten-Maisst\u00e4ngelzerkleinerer ist einfacher und bietet auch die doppelte Funktion des Kornzerkleinerns und des Futterhackens. Wir werden die Unterschiede und Spezifikationen beider Modelle im Detail unten erl\u00e4utern. Wenn Sie unsicher sind, welches Ger\u00e4t besser f\u00fcr Sie geeignet ist, kontaktieren Sie uns bitte f\u00fcr Unterst\u00fctzung.<\/p>    <h3 class=\"wp-block-heading\"><strong>Aufbau unseres Maiskolbenzerkleinerers<\/strong><\/h3>    <h4 class=\"wp-block-heading\"><strong>9ZF 500B F\u00fcnf-Porten-Strohzerkleinerer<\/strong><\/h4>    <p>Dieses F\u00fcnf-Porten-Ger\u00e4t integriert mehrere Funktionen, einschlie\u00dflich Heuzerschneiden, Heuzerkleinern, Zerkleinern, Mahlen und Zuf\u00fchren. Es verf\u00fcgt \u00fcber zwei Zufuhreinl\u00e4sse und drei Abluftausg\u00e4nge, jeder mit einer anderen Funktion.<\/p>    <p>Der Heu-Gulotte-Einlass ist f\u00fcr die Zuf\u00fchrung von langen Materialien wie Heu, Maisst\u00e4ngeln und Palmenbl\u00e4ttern vorgesehen. Das ger\u00e4umige Design erm\u00f6glicht eine schnelle Zuf\u00fchrung. Der Ganzkorn-Einlass ist speziell f\u00fcr die Zuf\u00fchrung von k\u00f6rnigen Materialien wie Mais und Datteln geeignet und erleichtert das Hammermahlen im inneren Zerkleinerungsraum.<\/p>   <div class=\"wp-block-image\"> <figure class=\"aligncenter size-full\"><img loading=\"lazy\" decoding=\"async\" width=\"720\" height=\"540\" src=\"https:\/\/corn-machine.com\/wp-content\/uploads\/2025\/12\/structure-of-9ZR-500B-five-outlet-corn-stalk-crusher.webp\" alt=\"Aufbau des 9ZF 500B F\u00fcnf-Ausgang-Maisst\u00e4ngelzerkleinerers\" class=\"wp-image-1160\" title=\"\" srcset=\"https:\/\/corn-machine.com\/wp-content\/uploads\/2025\/12\/structure-of-9ZR-500B-five-outlet-corn-stalk-crusher.webp 720w, https:\/\/corn-machine.com\/wp-content\/uploads\/2025\/12\/structure-of-9ZR-500B-five-outlet-corn-stalk-crusher-300x225.webp 300w, https:\/\/corn-machine.com\/wp-content\/uploads\/2025\/12\/structure-of-9ZR-500B-five-outlet-corn-stalk-crusher-16x12.webp 16w\" sizes=\"auto, (max-width: 720px) 100vw, 720px\" \/><figcaption class=\"wp-element-caption\">Aufbau des 9ZF 500B F\u00fcnf-Ausgang-Maisst\u00e4ngelzerkleinerers<\/figcaption><\/figure> <\/div>   <p>Es gibt drei verschiedene Ablass\u00f6ffnungen: hoch, mittel und niedrig. <\/p>    <ul class=\"wp-block-list\"> <li>Der hohe Port dient zum Ablassen l\u00e4ngerer Futtermittelst\u00fccke oder zum Werfen von Futter in eine h\u00f6here Position. <\/li>    <li>Der mittlere Anschluss ist f\u00fcr die Ausgabe von mittellangem Gras und weichem Futter vorgesehen.<\/li>    <li>Der niedrige Port entl\u00e4dt Materialien, die in kleine Partikel oder feines Pulver zerkleinert wurden.<\/li> <\/ul>    <figure class=\"wp-block-gallery has-nested-images columns-default is-cropped wp-block-gallery-3 is-layout-flex wp-block-gallery-is-layout-flex\"> <figure class=\"wp-block-image size-large\"><img loading=\"lazy\" decoding=\"async\" width=\"720\" height=\"540\" data-id=\"1166\" src=\"https:\/\/corn-machine.com\/wp-content\/uploads\/2025\/12\/five-ports-corn-stalk-shredder.webp\" alt=\"F\u00fcnf-Porten-Maisst\u00e4ngelzerkleinerer\" class=\"wp-image-1166\" title=\"\" srcset=\"https:\/\/corn-machine.com\/wp-content\/uploads\/2025\/12\/five-ports-corn-stalk-shredder.webp 720w, https:\/\/corn-machine.com\/wp-content\/uploads\/2025\/12\/five-ports-corn-stalk-shredder-300x225.webp 300w, https:\/\/corn-machine.com\/wp-content\/uploads\/2025\/12\/five-ports-corn-stalk-shredder-16x12.webp 16w\" sizes=\"auto, (max-width: 720px) 100vw, 720px\" \/><figcaption class=\"wp-element-caption\">F\u00fcnf-Porten-Maisst\u00e4ngelzerkleinerer<\/figcaption><\/figure>    <figure class=\"wp-block-image size-large\"><img loading=\"lazy\" decoding=\"async\" width=\"720\" height=\"540\" data-id=\"1167\" src=\"https:\/\/corn-machine.com\/wp-content\/uploads\/2025\/12\/five-ports-straw-chopper.webp\" alt=\"F\u00fcnf-Porten-Strohzerkleinerer\" class=\"wp-image-1167\" title=\"\" srcset=\"https:\/\/corn-machine.com\/wp-content\/uploads\/2025\/12\/five-ports-straw-chopper.webp 720w, https:\/\/corn-machine.com\/wp-content\/uploads\/2025\/12\/five-ports-straw-chopper-300x225.webp 300w, https:\/\/corn-machine.com\/wp-content\/uploads\/2025\/12\/five-ports-straw-chopper-16x12.webp 16w\" sizes=\"auto, (max-width: 720px) 100vw, 720px\" \/><figcaption class=\"wp-element-caption\">F\u00fcnf-Porten-Strohzerkleinerer<\/figcaption><\/figure> <\/figure>    <h4 class=\"wp-block-heading\"><strong>9ZF 500A Vier-Porten-Maisst\u00e4ngelzerkleinerer<\/strong><\/h4>    <p>Diese Vier-Ports-M\u00fchle funktioniert \u00e4hnlich wie die F\u00fcnf-Ports-M\u00fchle, hat jedoch keinen zentralen Ablassport, was zu einer kompakteren Struktur f\u00fchrt, die f\u00fcr gew\u00f6hnliche Bauernh\u00f6fe und Futterwerke geeignet ist. Sie verf\u00fcgt \u00fcber zwei Zuf\u00fchrungen und zwei Abl\u00e4ufe, um unterschiedlichen Mahlbed\u00fcrfnissen gerecht zu werden.<\/p>   <div class=\"wp-block-image\"> <figure class=\"aligncenter size-full\"><img loading=\"lazy\" decoding=\"async\" width=\"720\" height=\"540\" src=\"https:\/\/corn-machine.com\/wp-content\/uploads\/2025\/12\/structure-of-9ZR-500A-four-outlet-straw-shredder.webp\" alt=\"Aufbau des 9ZF 500A Vier-Ausgang-Strohzerkleinerers\" class=\"wp-image-1159\" title=\"\" srcset=\"https:\/\/corn-machine.com\/wp-content\/uploads\/2025\/12\/structure-of-9ZR-500A-four-outlet-straw-shredder.webp 720w, https:\/\/corn-machine.com\/wp-content\/uploads\/2025\/12\/structure-of-9ZR-500A-four-outlet-straw-shredder-300x225.webp 300w, https:\/\/corn-machine.com\/wp-content\/uploads\/2025\/12\/structure-of-9ZR-500A-four-outlet-straw-shredder-16x12.webp 16w\" sizes=\"auto, (max-width: 720px) 100vw, 720px\" \/><figcaption class=\"wp-element-caption\">Aufbau des 9ZF 500A Vier-Ausgang-Strohzerkleinerers<\/figcaption><\/figure> <\/div>   <h3 class=\"wp-block-heading\"><strong>Parameter des Taizy-Klein-Futterh\u00e4ckslers<\/strong><\/h3>    <figure class=\"wp-block-table\"><table><tbody><tr><td>Modell<\/td><td class=\"has-text-align-center\" data-align=\"center\">9ZF-500A<\/td><td class=\"has-text-align-center\" data-align=\"center\">9ZF-500B<\/td><\/tr><tr><td>Leistung<\/td><td class=\"has-text-align-center\" data-align=\"center\">3 kW Motor, <br>170F Benzinmotor, <br>oder 8 PS Dieselmotor<\/td><td class=\"has-text-align-center\" data-align=\"center\">3 kW Motor, <br>170F Benzinmotor, <br>oder 8 PS Dieselmotor<\/td><\/tr><tr><td>Kapazit\u00e4t<\/td><td class=\"has-text-align-center\" data-align=\"center\">600-800 kg\/h<\/td><td class=\"has-text-align-center\" data-align=\"center\">800-1200 kg\/h<\/td><\/tr><tr><td>Gr\u00f6\u00dfe<\/td><td class=\"has-text-align-center\" data-align=\"center\">1120*980*1190 mm<\/td><td class=\"has-text-align-center\" data-align=\"center\">1220*1070*1190 mm<\/td><\/tr><tr><td>Gewicht<\/td><td class=\"has-text-align-center\" data-align=\"center\">85 kg<\/td><td class=\"has-text-align-center\" data-align=\"center\">95 kg<\/td><\/tr><\/tbody><\/table><figcaption class=\"wp-element-caption\">Parameter eines kleinen Heu- und Strohschneiders<\/figcaption><\/figure>    <figure class=\"wp-block-gallery has-nested-images columns-default is-cropped wp-block-gallery-4 is-layout-flex wp-block-gallery-is-layout-flex\"> <figure class=\"wp-block-image size-full\"><img loading=\"lazy\" decoding=\"async\" width=\"720\" height=\"540\" data-id=\"1149\" src=\"https:\/\/corn-machine.com\/wp-content\/uploads\/2025\/12\/chaff-cutter-machine-for-agriculture.webp\" alt=\"9ZF 500A Futterhacker f\u00fcr die Landwirtschaft\" class=\"wp-image-1149\" title=\"\" srcset=\"https:\/\/corn-machine.com\/wp-content\/uploads\/2025\/12\/chaff-cutter-machine-for-agriculture.webp 720w, https:\/\/corn-machine.com\/wp-content\/uploads\/2025\/12\/chaff-cutter-machine-for-agriculture-300x225.webp 300w, https:\/\/corn-machine.com\/wp-content\/uploads\/2025\/12\/chaff-cutter-machine-for-agriculture-16x12.webp 16w\" sizes=\"auto, (max-width: 720px) 100vw, 720px\" \/><figcaption class=\"wp-element-caption\">9ZF 500A Futterhacker f\u00fcr die Landwirtschaft<\/figcaption><\/figure>    <figure class=\"wp-block-image size-large\"><img loading=\"lazy\" decoding=\"async\" width=\"720\" height=\"540\" data-id=\"1151\" src=\"https:\/\/corn-machine.com\/wp-content\/uploads\/2025\/12\/corn-stalk-cutter-machine.webp\" alt=\"9ZF 500B Maisst\u00e4ngel-Schneider\" class=\"wp-image-1151\" title=\"\" srcset=\"https:\/\/corn-machine.com\/wp-content\/uploads\/2025\/12\/corn-stalk-cutter-machine.webp 720w, https:\/\/corn-machine.com\/wp-content\/uploads\/2025\/12\/corn-stalk-cutter-machine-300x225.webp 300w, https:\/\/corn-machine.com\/wp-content\/uploads\/2025\/12\/corn-stalk-cutter-machine-16x12.webp 16w\" sizes=\"auto, (max-width: 720px) 100vw, 720px\" \/><figcaption class=\"wp-element-caption\">9ZF 500B Maisst\u00e4ngel-Schneider<\/figcaption><\/figure> <\/figure>    <h2 class=\"wp-block-heading\"><strong>Anwendungen des multifunktionalen Strohzerkleinerers<\/strong><\/h2>    <p>Als multifunktionaler Futterzerkleinerer und Maism\u00fchle sind seine Anwendungen sehr vielf\u00e4ltig. Daher wurde er in vielen Bereichen eingesetzt.<\/p>    <p>Es kann nicht nur in Viehzuchtbetrieben zur Futterverarbeitung f\u00fcr Rinder, Schafe, Ziegen, Kamele und Gefl\u00fcgel verwendet werden, sondern auch zum Zerkleinern und Recycling in der landwirtschaftlichen Verarbeitung, zur Herstellung von zerkleinertem Mais, zerkleinerten Datteln, zerkleinerten Maiskolben und Mischfutter.<\/p>    <p>Die Endprodukte sind in verschiedenen Gr\u00f6\u00dfen und Formen erh\u00e4ltlich: 3-5 cm zerkleinertes Stroh, geeignet f\u00fcr Rinder- und Schafe-Futter, 5-15 mm grobes Heupulver, das h\u00e4ufig in Mischfutter verwendet wird, sowie andere Getreideprodukte, die ideal f\u00fcr Gefl\u00fcgel, Schweine, Ziegen sowie Fische, Kaninchen und junge Tiere sind.<\/p>    <figure class=\"wp-block-gallery has-nested-images columns-2 is-cropped wp-block-gallery-5 is-layout-flex wp-block-gallery-is-layout-flex\"> <figure class=\"wp-block-image size-large\"><img loading=\"lazy\" decoding=\"async\" width=\"720\" height=\"540\" data-id=\"1154\" src=\"https:\/\/corn-machine.com\/wp-content\/uploads\/2025\/12\/livestock-farming.webp\" alt=\"Viehzucht\" class=\"wp-image-1154\" title=\"\" srcset=\"https:\/\/corn-machine.com\/wp-content\/uploads\/2025\/12\/livestock-farming.webp 720w, https:\/\/corn-machine.com\/wp-content\/uploads\/2025\/12\/livestock-farming-300x225.webp 300w, https:\/\/corn-machine.com\/wp-content\/uploads\/2025\/12\/livestock-farming-16x12.webp 16w\" sizes=\"auto, (max-width: 720px) 100vw, 720px\" \/><figcaption class=\"wp-element-caption\">Viehzucht<\/figcaption><\/figure>    <figure class=\"wp-block-image size-large\"><img loading=\"lazy\" decoding=\"async\" width=\"720\" height=\"540\" data-id=\"1153\" src=\"https:\/\/corn-machine.com\/wp-content\/uploads\/2025\/12\/poultry-farming.webp\" alt=\"Gefl\u00fcgelhaltung\" class=\"wp-image-1153\" title=\"\" srcset=\"https:\/\/corn-machine.com\/wp-content\/uploads\/2025\/12\/poultry-farming.webp 720w, https:\/\/corn-machine.com\/wp-content\/uploads\/2025\/12\/poultry-farming-300x225.webp 300w, https:\/\/corn-machine.com\/wp-content\/uploads\/2025\/12\/poultry-farming-16x12.webp 16w\" sizes=\"auto, (max-width: 720px) 100vw, 720px\" \/><figcaption class=\"wp-element-caption\">Gefl\u00fcgelhaltung<\/figcaption><\/figure>    <figure class=\"wp-block-image size-large\"><img loading=\"lazy\" decoding=\"async\" width=\"720\" height=\"540\" data-id=\"1156\" src=\"https:\/\/corn-machine.com\/wp-content\/uploads\/2025\/12\/cow-food.webp\" alt=\"Kuhfutter\" class=\"wp-image-1156\" title=\"\" srcset=\"https:\/\/corn-machine.com\/wp-content\/uploads\/2025\/12\/cow-food.webp 720w, https:\/\/corn-machine.com\/wp-content\/uploads\/2025\/12\/cow-food-300x225.webp 300w, https:\/\/corn-machine.com\/wp-content\/uploads\/2025\/12\/cow-food-16x12.webp 16w\" sizes=\"auto, (max-width: 720px) 100vw, 720px\" \/><figcaption class=\"wp-element-caption\">Kuhfutter<\/figcaption><\/figure>    <figure class=\"wp-block-image size-large\"><img loading=\"lazy\" decoding=\"async\" width=\"720\" height=\"540\" data-id=\"1155\" src=\"https:\/\/corn-machine.com\/wp-content\/uploads\/2025\/12\/chicken-feed.webp\" alt=\"H\u00fchnerfutter\" class=\"wp-image-1155\" title=\"\" srcset=\"https:\/\/corn-machine.com\/wp-content\/uploads\/2025\/12\/chicken-feed.webp 720w, https:\/\/corn-machine.com\/wp-content\/uploads\/2025\/12\/chicken-feed-300x225.webp 300w, https:\/\/corn-machine.com\/wp-content\/uploads\/2025\/12\/chicken-feed-16x12.webp 16w\" sizes=\"auto, (max-width: 720px) 100vw, 720px\" \/><figcaption class=\"wp-element-caption\">H\u00fchnerfutter<\/figcaption><\/figure> <\/figure>    <h2 class=\"wp-block-heading\"><strong>30 S\u00e4tze Strohzerkleinerer wurden an eine Viehzuchtfarm in Dubai versandt<\/strong><\/h2>    <p>In diesem Jahr bestellte ein Gro\u00dfkunde f\u00fcr Viehzucht aus Dubai, VAE, 30 S\u00e4tze Maisst\u00e4ngel-Sch\u00e4ler. Er betreibt ein landwirtschaftliches Unternehmen, das haupts\u00e4chlich Rinder, Schafe und Kamele h\u00e4lt, und aufgrund der j\u00fcngsten Expansion seiner Ranch ist seine Nachfrage nach Futterverarbeitungsger\u00e4ten schnell gestiegen. <\/p>    <p>Nach mehreren Gespr\u00e4chen und Video-Best\u00e4tigungen entschied sich dieser Kunde letztlich, 30 9ZF-500B-Strohzerkleinerer auf einmal zu kaufen. Als die Maschinen fertiggestellt waren, f\u00fchrten wir einen detaillierten Testlauf durch, um sicherzustellen, dass sie ordnungsgem\u00e4\u00df funktionieren. Unser Kunde war mit den Ergebnissen sehr zufrieden und zahlte sofort die volle Anzahlung. Danach organisierten wir umgehend den Versand.<\/p>    <p>Our Dubai customer received the multifunctional silage cutters and immediately put them into use, which has achieved excellent results. &#8220;If the machine runs smoothly next year, we plan to order another batch to expand production,&#8221; he told me about his future projects and said he wants to work with us.<\/p>    <figure class=\"wp-block-gallery has-nested-images columns-2 is-cropped wp-block-gallery-6 is-layout-flex wp-block-gallery-is-layout-flex\"> <figure class=\"wp-block-image size-large\"><img loading=\"lazy\" decoding=\"async\" width=\"720\" height=\"540\" data-id=\"1141\" src=\"https:\/\/corn-machine.com\/wp-content\/uploads\/2025\/12\/30-sets-of-stalk-chopper-prepared.webp\" alt=\"30 S\u00e4tze St\u00e4ngelzerkleinerer vorbereitet\" class=\"wp-image-1141\" title=\"\" srcset=\"https:\/\/corn-machine.com\/wp-content\/uploads\/2025\/12\/30-sets-of-stalk-chopper-prepared.webp 720w, https:\/\/corn-machine.com\/wp-content\/uploads\/2025\/12\/30-sets-of-stalk-chopper-prepared-300x225.webp 300w, https:\/\/corn-machine.com\/wp-content\/uploads\/2025\/12\/30-sets-of-stalk-chopper-prepared-16x12.webp 16w\" sizes=\"auto, (max-width: 720px) 100vw, 720px\" \/><figcaption class=\"wp-element-caption\">30 S\u00e4tze St\u00e4ngelzerkleinerer vorbereitet<\/figcaption><\/figure>    <figure class=\"wp-block-image size-large\"><img loading=\"lazy\" decoding=\"async\" width=\"720\" height=\"540\" data-id=\"1142\" src=\"https:\/\/corn-machine.com\/wp-content\/uploads\/2025\/12\/chaff-cutter-completed.webp\" alt=\"Heu- und Strohschneider fertiggestellt\" class=\"wp-image-1142\" title=\"\" srcset=\"https:\/\/corn-machine.com\/wp-content\/uploads\/2025\/12\/chaff-cutter-completed.webp 720w, https:\/\/corn-machine.com\/wp-content\/uploads\/2025\/12\/chaff-cutter-completed-300x225.webp 300w, https:\/\/corn-machine.com\/wp-content\/uploads\/2025\/12\/chaff-cutter-completed-16x12.webp 16w\" sizes=\"auto, (max-width: 720px) 100vw, 720px\" \/><figcaption class=\"wp-element-caption\">Heu- und Strohschneider fertiggestellt<\/figcaption><\/figure>    <figure class=\"wp-block-image size-large\"><img loading=\"lazy\" decoding=\"async\" width=\"720\" height=\"540\" data-id=\"1144\" src=\"https:\/\/corn-machine.com\/wp-content\/uploads\/2025\/12\/cornmeal-and-chopped-dry-straw.webp\" alt=\"Maismehl und getrocknetes Stroh\" class=\"wp-image-1144\" title=\"\" srcset=\"https:\/\/corn-machine.com\/wp-content\/uploads\/2025\/12\/cornmeal-and-chopped-dry-straw.webp 720w, https:\/\/corn-machine.com\/wp-content\/uploads\/2025\/12\/cornmeal-and-chopped-dry-straw-300x225.webp 300w, https:\/\/corn-machine.com\/wp-content\/uploads\/2025\/12\/cornmeal-and-chopped-dry-straw-16x12.webp 16w\" sizes=\"auto, (max-width: 720px) 100vw, 720px\" \/><figcaption class=\"wp-element-caption\">Maismehl und getrocknetes Stroh<\/figcaption><\/figure>    <figure class=\"wp-block-image size-large\"><img loading=\"lazy\" decoding=\"async\" width=\"720\" height=\"540\" data-id=\"1143\" src=\"https:\/\/corn-machine.com\/wp-content\/uploads\/2025\/12\/test-of-rice-straw-shredder.webp\" alt=\"Test des Reisschnitzels\" class=\"wp-image-1143\" title=\"\" srcset=\"https:\/\/corn-machine.com\/wp-content\/uploads\/2025\/12\/test-of-rice-straw-shredder.webp 720w, https:\/\/corn-machine.com\/wp-content\/uploads\/2025\/12\/test-of-rice-straw-shredder-300x225.webp 300w, https:\/\/corn-machine.com\/wp-content\/uploads\/2025\/12\/test-of-rice-straw-shredder-16x12.webp 16w\" sizes=\"auto, (max-width: 720px) 100vw, 720px\" \/><figcaption class=\"wp-element-caption\">Test des Reisschnitzels<\/figcaption><\/figure> <\/figure>    <p>Kontaktieren Sie uns f\u00fcr den aktuellen Preis dieses Ger\u00e4ts. Au\u00dferdem bieten wir andere Silage-Schneider an:  <\/p>    <ul class=\"wp-block-list\"> <li><a href=\"https:\/\/corn-machine.com\/de\/product\/affordable-small-chaff-cutter-machine\/\">Kleine Spreizschneidemaschine f\u00fcr die F\u00fctterung von Rindern<\/a><\/li>    <li><a href=\"https:\/\/corn-machine.com\/de\/product\/forage-chopper-for-silage-stalks-cutting\/\">Futterh\u00e4cksler zum Schneiden von Silage-St\u00e4ngeln<\/a><\/li> <\/ul>    <p>und Maism\u00fchlen: <\/p>    <ul class=\"wp-block-list\"> <li><a href=\"https:\/\/corn-machine.com\/de\/product\/hammer-mill-grinder-for-corn\/\">Hammerm\u00fchle f\u00fcr Mais | Kleine Maismehlm\u00fchle<\/a><\/li>    <li><a href=\"https:\/\/corn-machine.com\/de\/product\/small-maize-grinding-machine\/\">Kleine Maismahlmaschine | Getreide-Diskm\u00fchle<\/a><\/li> <\/ul>","protected":false},"excerpt":{"rendered":"<p>The multi-functional straw and grain crusher is a comprehensive agricultural equipment that integrates forage cutting, and grain crushing. It efficiently processes various raw materials into usable feed, making it widely used by livestock farmers, feed processors, and small farms.<\/p>","protected":false},"author":1,"featured_media":1158,"parent":0,"template":"","tags":[31,55],"product-type":[57],"class_list":["post-1134","product","type-product","status-publish","has-post-thumbnail","hentry","tag-corn","tag-cornsilage","product-type-corn-stalk-silage-crusher"],"_links":{"self":[{"href":"https:\/\/corn-machine.com\/de\/wp-json\/wp\/v2\/product\/1134","targetHints":{"allow":["GET"]}}],"collection":[{"href":"https:\/\/corn-machine.com\/de\/wp-json\/wp\/v2\/product"}],"about":[{"href":"https:\/\/corn-machine.com\/de\/wp-json\/wp\/v2\/types\/product"}],"author":[{"embeddable":true,"href":"https:\/\/corn-machine.com\/de\/wp-json\/wp\/v2\/users\/1"}],"wp:featuredmedia":[{"embeddable":true,"href":"https:\/\/corn-machine.com\/de\/wp-json\/wp\/v2\/media\/1158"}],"wp:attachment":[{"href":"https:\/\/corn-machine.com\/de\/wp-json\/wp\/v2\/media?parent=1134"}],"wp:term":[{"taxonomy":"post_tag","embeddable":true,"href":"https:\/\/corn-machine.com\/de\/wp-json\/wp\/v2\/tags?post=1134"},{"taxonomy":"product-type","embeddable":true,"href":"https:\/\/corn-machine.com\/de\/wp-json\/wp\/v2\/product-type?post=1134"}],"curies":[{"name":"wp","href":"https:\/\/api.w.org\/{rel}","templated":true}]}}