{"id":1235,"date":"2025-12-29T17:03:40","date_gmt":"2025-12-29T09:03:40","guid":{"rendered":"https:\/\/corn-machine.com\/?post_type=product&#038;p=1235"},"modified":"2026-04-10T09:49:35","modified_gmt":"2026-04-10T01:49:35","slug":"taizy-new-corn-silage-baler-machine","status":"publish","type":"product","link":"https:\/\/corn-machine.com\/de\/product\/taizy-new-corn-silage-baler-machine\/","title":{"rendered":"Taizy Neue Mais-Silageballenpresse"},"content":{"rendered":"<p class=\"translation-block\">Taizy hat eine neue Generation <strong>Mais-Silageballenpresse<\/strong> auf den Markt gebracht, die eine vollst\u00e4ndig aufger\u00fcstete L\u00f6sung f\u00fcr Silageverpackung und -lagerung bietet, speziell f\u00fcr moderne Viehzuchtbetriebe und Futterverarbeitungsunternehmen.<\/p>    <p>Durch unsere Aufr\u00fcstungen verf\u00fcgt diese Maschine jetzt \u00fcber ein Doppelwickelsystem, das eine schnellere Futterverpackung erm\u00f6glicht, mit einer Produktionseffizienz von 50-75 Ballen\/Stunde und einer Tragf\u00e4higkeit von 90-200 kg\/Ballon.<\/p>    <p>Unsere Ballenpresse und Verpackungsmaschine ist sehr beliebt in L\u00e4ndern wie Spanien, Uganda und Indien. Viele Kunden haben auch unsere Fabrik besucht, um die Maschine zu testen und ihre tats\u00e4chliche Arbeitsleistung zu erleben. Unten ist ein Video unseres Kunden aus Usbekistan, der unsere Fabrik besucht.<\/p>    <figure class=\"wp-block-embed aligncenter is-type-video is-provider-youtube wp-block-embed-youtube wp-embed-aspect-16-9 wp-has-aspect-ratio\"><div class=\"wp-block-embed__wrapper\"> <iframe loading=\"lazy\" title=\"Usbekistan-Kundenbesuch in der Fabrik zur Testung der Silage-Ballenpresse Kontakt:  8617703863868\" width=\"500\" height=\"281\" src=\"https:\/\/www.youtube.com\/embed\/waZQXsokObo?feature=oembed\" frameborder=\"0\" allow=\"accelerometer; autoplay; clipboard-write; encrypted-media; gyroscope; picture-in-picture; web-share\" referrerpolicy=\"strict-origin-when-cross-origin\" allowfullscreen><\/iframe> <\/div><figcaption class=\"wp-element-caption\">Usbekistan-Kundenbesuch in der Mais-Silage-Ballenpresse-Fabrik<\/figcaption><\/figure>    <h2 class=\"wp-block-heading\"><strong>Welche Teile haben wir aufger\u00fcstet?<\/strong><\/h2>    <h3 class=\"wp-block-heading\"><strong>Das aktualisierte Modell 9YDB-60-2 Silageballenpresse und Verpackungsmaschine<\/strong><\/h3>    <p>Im Vergleich zu herk\u00f6mmlichen Modellen nutzt diese neue Generation der Maissilageballenpresse eine Keilriemen-Ballenpresse anstelle der Rollenzusammenpressung und bietet die folgenden bedeutenden Vorteile:<\/p>    <ul class=\"wp-block-list\"> <li>H\u00f6here Baling-Dichte: Riemen-Ballenbildung sorgt f\u00fcr festere und gleichm\u00e4\u00dfigere Ballen.<\/li>    <li>The base plate is replaced with a pickled steel plate: This provides better rust and corrosion resistance, significantly extending the machine&#8217;s service life.<\/li>    <li>Schnellere Ballenbildungsrate: Die Hinzuf\u00fcgung eines Doppelarm-Systems f\u00fchrt zu einer verbesserten Ballenleistung und einer schnelleren Produktionskapazit\u00e4t.<\/li> <\/ul>    <p>Im Vergleich zu anderen Modellen verwendet die 9YDB-60-2 eine Verpackungsfolie und ein Kettenf\u00f6rderbandsystem, was zu einer besseren Verpackung und weniger Materialaustritt f\u00fchrt. Dieses Upgrade umfasst auch eine aktualisierte Luftpumpe mit 90L Kapazit\u00e4t, die schnellere Verpackungsgeschwindigkeiten und eine verbesserte Effizienz unterst\u00fctzt.<\/p>    <figure class=\"wp-block-gallery has-nested-images columns-default is-cropped wp-block-gallery-2 is-layout-flex wp-block-gallery-is-layout-flex\"> <figure class=\"wp-block-image size-large\"><img loading=\"lazy\" decoding=\"async\" width=\"720\" height=\"540\" data-id=\"1248\" src=\"https:\/\/corn-machine.com\/wp-content\/uploads\/2025\/12\/corn-stalk-silage-wrapper.webp\" alt=\"Doppelwandige Verpackungsfolie Silageumh\u00fcllung\" class=\"wp-image-1248\" title=\"\" srcset=\"https:\/\/corn-machine.com\/wp-content\/uploads\/2025\/12\/corn-stalk-silage-wrapper.webp 720w, https:\/\/corn-machine.com\/wp-content\/uploads\/2025\/12\/corn-stalk-silage-wrapper-300x225.webp 300w, https:\/\/corn-machine.com\/wp-content\/uploads\/2025\/12\/corn-stalk-silage-wrapper-16x12.webp 16w\" sizes=\"auto, (max-width: 720px) 100vw, 720px\" \/><figcaption class=\"wp-element-caption\">Doppelwandige Verpackungsfolie Silageumh\u00fcllung<\/figcaption><\/figure>    <figure class=\"wp-block-image size-full\"><img loading=\"lazy\" decoding=\"async\" width=\"720\" height=\"540\" data-id=\"1319\" src=\"https:\/\/corn-machine.com\/wp-content\/uploads\/2025\/12\/T60-baler-film.webp\" alt=\"T60 Ballenpresse-Folie\" class=\"wp-image-1319\" title=\"\" srcset=\"https:\/\/corn-machine.com\/wp-content\/uploads\/2025\/12\/T60-baler-film.webp 720w, https:\/\/corn-machine.com\/wp-content\/uploads\/2025\/12\/T60-baler-film-300x225.webp 300w, https:\/\/corn-machine.com\/wp-content\/uploads\/2025\/12\/T60-baler-film-16x12.webp 16w\" sizes=\"auto, (max-width: 720px) 100vw, 720px\" \/><figcaption class=\"wp-element-caption\">9YDB-60-2 Ballenfolie<\/figcaption><\/figure> <\/figure>    <p>Nach dem Umh\u00fcllen bietet es eine bessere Fermentationsumgebung f\u00fcr die Silage, f\u00f6rdert das Wachstum n\u00fctzlicher Bakterien und Proteine, die von Nutztieren leichter aufgenommen werden. Dies tr\u00e4gt direkt zu verbesserten Futterumwandlungsraten bei und f\u00f6rdert ein schnelleres Wachstum der Nutztierbest\u00e4nde.<\/p>    <figure class=\"wp-block-embed aligncenter is-type-video is-provider-youtube wp-block-embed-youtube wp-embed-aspect-16-9 wp-has-aspect-ratio\"><div class=\"wp-block-embed__wrapper\"> <iframe loading=\"lazy\" title=\"Ausf\u00fchrliche Erkl\u00e4rung der neuen Generation des T60-Mais-Silage-Ballenpressen - Kontakt:\" width=\"500\" height=\"281\" src=\"https:\/\/www.youtube.com\/embed\/43791YedX7U?feature=oembed\" frameborder=\"0\" allow=\"accelerometer; autoplay; clipboard-write; encrypted-media; gyroscope; picture-in-picture; web-share\" referrerpolicy=\"strict-origin-when-cross-origin\" allowfullscreen><\/iframe> <\/div><figcaption class=\"wp-element-caption\">Neue Generation 9YDB-60-2 Mais-Silageballen-Arbeitsvideo<\/figcaption><\/figure>    <h3 class=\"wp-block-heading\"><strong>Das aktualisierte Modell 9YDB-70 Mais-Silageballenpresse<\/strong><\/h3>    <p>Die 9YDB-70 Mais-Silageballenpresse verwendet nur den Elektromotor als Antrieb. Hier sind die speziellen Parameter ihres Verpackungsnetzes und ihrer Folie.<\/p>    <figure class=\"wp-block-table\"><table class=\"has-fixed-layout\"><tbody><tr><td>\/<\/td><td class=\"has-text-align-center\" data-align=\"center\">Kunststoffnetz<\/td><td class=\"has-text-align-center\" data-align=\"center\">Film<\/td><\/tr><tr><td>Breite<\/td><td class=\"has-text-align-center\" data-align=\"center\">70cm<\/td><td class=\"has-text-align-center\" data-align=\"center\">33cm<\/td><\/tr><tr><td>Dicke<\/td><td class=\"has-text-align-center\" data-align=\"center\">25\u03bcm<\/td><td class=\"has-text-align-center\" data-align=\"center\">25\u03bcm<\/td><\/tr><tr><td>Gewicht<\/td><td class=\"has-text-align-center\" data-align=\"center\">10kg<\/td><td class=\"has-text-align-center\" data-align=\"center\">11,4kg<\/td><\/tr><tr><td>Gesamtl\u00e4nge<\/td><td class=\"has-text-align-center\" data-align=\"center\">1500m<\/td><td class=\"has-text-align-center\" data-align=\"center\">1800m<\/td><\/tr><\/tbody><\/table><figcaption class=\"wp-element-caption\">Spezifikationen des Netzes und Films<\/figcaption><\/figure>    <figure class=\"wp-block-gallery has-nested-images columns-2 is-cropped wp-block-gallery-3 is-layout-flex wp-block-gallery-is-layout-flex\"> <figure class=\"wp-block-image size-large\"><img loading=\"lazy\" decoding=\"async\" width=\"720\" height=\"540\" data-id=\"1302\" src=\"https:\/\/corn-machine.com\/wp-content\/uploads\/2025\/12\/plastic-net.webp\" alt=\"9YDB-70 Kunststoffnetz\" class=\"wp-image-1302\" title=\"\" srcset=\"https:\/\/corn-machine.com\/wp-content\/uploads\/2025\/12\/plastic-net.webp 720w, https:\/\/corn-machine.com\/wp-content\/uploads\/2025\/12\/plastic-net-300x225.webp 300w, https:\/\/corn-machine.com\/wp-content\/uploads\/2025\/12\/plastic-net-16x12.webp 16w\" sizes=\"auto, (max-width: 720px) 100vw, 720px\" \/><figcaption class=\"wp-element-caption\">9YDB-70 Kunststoffnetz<\/figcaption><\/figure>    <figure class=\"wp-block-image size-large\"><img loading=\"lazy\" decoding=\"async\" width=\"720\" height=\"540\" data-id=\"1301\" src=\"https:\/\/corn-machine.com\/wp-content\/uploads\/2025\/12\/film-packaging-system.webp\" alt=\"9YDB-70 Folienverpackungssystem\" class=\"wp-image-1301\" title=\"\" srcset=\"https:\/\/corn-machine.com\/wp-content\/uploads\/2025\/12\/film-packaging-system.webp 720w, https:\/\/corn-machine.com\/wp-content\/uploads\/2025\/12\/film-packaging-system-300x225.webp 300w, https:\/\/corn-machine.com\/wp-content\/uploads\/2025\/12\/film-packaging-system-16x12.webp 16w\" sizes=\"auto, (max-width: 720px) 100vw, 720px\" \/><figcaption class=\"wp-element-caption\">9YDB-70 Folienverpackungssystem<\/figcaption><\/figure> <\/figure>    <p>Als eines der meistverkauften Modelle wurde der 9YDB-70 ebenfalls aktualisiert und aufger\u00fcstet. Ein neues Abfallrecyclingger\u00e4t wurde hinzugef\u00fcgt, das w\u00e4hrend des F\u00fctterungsprozesses versch\u00fcttetes Material effektiv sammeln kann und somit den Abfall erheblich reduziert.<\/p>    <p>In der Zwischenzeit kann die Silageverpackungsmaschine des Modells 9YDB-70 auch in Verbindung mit einem Materialtrichter verwendet werden, was eine gro\u00dfvolumige, zentrale Zuf\u00fctterung erm\u00f6glicht und die F\u00fctterungseffizienz erheblich verbessert.<\/p>    <figure class=\"wp-block-gallery has-nested-images columns-default is-cropped wp-block-gallery-4 is-layout-flex wp-block-gallery-is-layout-flex\"> <figure class=\"wp-block-image size-large\"><img loading=\"lazy\" decoding=\"async\" width=\"720\" height=\"540\" data-id=\"1325\" src=\"https:\/\/corn-machine.com\/wp-content\/uploads\/2025\/12\/baling-and-wrapping-machine-with-material-recycling-system.webp\" alt=\"Ballenpresse- und Umh\u00fcllungsmaschine mit Materialrecyclingsystem\" class=\"wp-image-1325\" title=\"\" srcset=\"https:\/\/corn-machine.com\/wp-content\/uploads\/2025\/12\/baling-and-wrapping-machine-with-material-recycling-system.webp 720w, https:\/\/corn-machine.com\/wp-content\/uploads\/2025\/12\/baling-and-wrapping-machine-with-material-recycling-system-300x225.webp 300w, https:\/\/corn-machine.com\/wp-content\/uploads\/2025\/12\/baling-and-wrapping-machine-with-material-recycling-system-16x12.webp 16w\" sizes=\"auto, (max-width: 720px) 100vw, 720px\" \/><figcaption class=\"wp-element-caption\">Ballenpresse- und Umh\u00fcllungsmaschine mit Materialrecyclingsystem<\/figcaption><\/figure>    <figure class=\"wp-block-image size-large\"><img loading=\"lazy\" decoding=\"async\" width=\"720\" height=\"540\" data-id=\"1324\" src=\"https:\/\/corn-machine.com\/wp-content\/uploads\/2025\/12\/baling-and-wrapping-machine-material-hopper.webp\" alt=\"Materialtrichter f\u00fcr Ballen- und Umh\u00fcllungsmaschine\" class=\"wp-image-1324\" title=\"\" srcset=\"https:\/\/corn-machine.com\/wp-content\/uploads\/2025\/12\/baling-and-wrapping-machine-material-hopper.webp 720w, https:\/\/corn-machine.com\/wp-content\/uploads\/2025\/12\/baling-and-wrapping-machine-material-hopper-300x225.webp 300w, https:\/\/corn-machine.com\/wp-content\/uploads\/2025\/12\/baling-and-wrapping-machine-material-hopper-16x12.webp 16w\" sizes=\"auto, (max-width: 720px) 100vw, 720px\" \/><figcaption class=\"wp-element-caption\">Materialtrichter f\u00fcr Ballen- und Umh\u00fcllungsmaschine<\/figcaption><\/figure> <\/figure>    <h2 class=\"wp-block-heading\"><strong>Ma\u00dfgeschneiderte Leistungs- und Konfigurationsl\u00f6sungen f\u00fcr quadratische Ballenverpackungen<\/strong><\/h2>    <p>Um den vielf\u00e4ltigen betrieblichen Anforderungen von Bauernh\u00f6fen in verschiedenen L\u00e4ndern und Regionen gerecht zu werden, bieten wir flexible und praktische kundenspezifische L\u00f6sungen f\u00fcr jeden Quaderballenwickler an. Basierend auf der lokalen Infrastruktur, der Betriebsgr\u00f6\u00dfe und den Nutzergewohnheiten k\u00f6nnen wir die Maschine anpassen, um einen stabilen Betrieb und langfristige Zuverl\u00e4ssigkeit zu gew\u00e4hrleisten.<\/p>    <p>Wir bieten nur einen Elektromotor an, der f\u00fcr Gebiete mit stabiler industrieller Stromversorgung empfohlen wird und sich f\u00fcr feste Viehzuchtbetriebe und Futterverarbeitungszentren eignet.<\/p>   <div class=\"wp-block-image\"> <figure class=\"aligncenter size-full\"><img loading=\"lazy\" decoding=\"async\" width=\"720\" height=\"540\" src=\"https:\/\/corn-machine.com\/wp-content\/uploads\/2025\/12\/9YDB-70-silage-wrapper-with-electric-motor.webp\" alt=\"9YDB-70 Silagewickler mit Elektromotor\" class=\"wp-image-1300\" title=\"\" srcset=\"https:\/\/corn-machine.com\/wp-content\/uploads\/2025\/12\/9YDB-70-silage-wrapper-with-electric-motor.webp 720w, https:\/\/corn-machine.com\/wp-content\/uploads\/2025\/12\/9YDB-70-silage-wrapper-with-electric-motor-300x225.webp 300w, https:\/\/corn-machine.com\/wp-content\/uploads\/2025\/12\/9YDB-70-silage-wrapper-with-electric-motor-16x12.webp 16w\" sizes=\"auto, (max-width: 720px) 100vw, 720px\" \/><figcaption class=\"wp-element-caption\">9YDB-70 Silagewickler mit Elektromotor<\/figcaption><\/figure> <\/div>   <p>F\u00fcr verschiedene Betriebsgr\u00f6\u00dfen und Produktionsziele k\u00f6nnen unsere Maissilageballenpressen in den folgenden Aspekten individuell angepasst werden:<\/p>    <ul class=\"wp-block-list\"> <li>Futterf\u00f6rderbandgr\u00f6\u00dfe<\/li>    <li>Ballen-Geschwindigkeit und -Aussto\u00df<\/li>    <li>Ballengr\u00f6\u00dfe und Gewicht<\/li>    <li>Optionale Zuf\u00fchrungen, Mischer oder Aufz\u00fcge<\/li> <\/ul>    <figure class=\"wp-block-gallery has-nested-images columns-default is-cropped wp-block-gallery-5 is-layout-flex wp-block-gallery-is-layout-flex\"> <figure class=\"wp-block-image size-full\"><img loading=\"lazy\" decoding=\"async\" width=\"720\" height=\"540\" data-id=\"1271\" src=\"https:\/\/corn-machine.com\/wp-content\/uploads\/2025\/12\/Double-layer-film-wrapping-baler.webp\" alt=\"Doppel-Lagen-Folienverpackungs-Ballenpresse\" class=\"wp-image-1271\" title=\"\" srcset=\"https:\/\/corn-machine.com\/wp-content\/uploads\/2025\/12\/Double-layer-film-wrapping-baler.webp 720w, https:\/\/corn-machine.com\/wp-content\/uploads\/2025\/12\/Double-layer-film-wrapping-baler-300x225.webp 300w, https:\/\/corn-machine.com\/wp-content\/uploads\/2025\/12\/Double-layer-film-wrapping-baler-16x12.webp 16w\" sizes=\"auto, (max-width: 720px) 100vw, 720px\" \/><figcaption class=\"wp-element-caption\">Doppel-Lagen-Folienverpackungs-Ballenpresse<\/figcaption><\/figure>    <figure class=\"wp-block-image size-large\"><img loading=\"lazy\" decoding=\"async\" width=\"720\" height=\"540\" data-id=\"1247\" src=\"https:\/\/corn-machine.com\/wp-content\/uploads\/2025\/12\/belt-conveyor.webp\" alt=\"Gurtf\u00f6rderer\" class=\"wp-image-1247\" title=\"\" srcset=\"https:\/\/corn-machine.com\/wp-content\/uploads\/2025\/12\/belt-conveyor.webp 720w, https:\/\/corn-machine.com\/wp-content\/uploads\/2025\/12\/belt-conveyor-300x225.webp 300w, https:\/\/corn-machine.com\/wp-content\/uploads\/2025\/12\/belt-conveyor-16x12.webp 16w\" sizes=\"auto, (max-width: 720px) 100vw, 720px\" \/><figcaption class=\"wp-element-caption\">Gurtf\u00f6rderer<\/figcaption><\/figure> <\/figure>    <p>Taizy&#8217;s customized solutions are designed to help customers maximize equipment utilization while controlling initial investment and operating costs.<\/p>    <h2 class=\"wp-block-heading\"><strong>Haupttechnische Spezifikationen der Mais-Silageballenpresse<\/strong><\/h2>    <figure class=\"wp-block-table\"><table><tbody><tr><td>Modell<\/td><td class=\"has-text-align-center\" data-align=\"center\">9YDB-60-2<\/td><td class=\"has-text-align-center\" data-align=\"center\">9YDB-70<\/td><\/tr><tr><td>Leistung<\/td><td class=\"has-text-align-center\" data-align=\"center\">7,5kW 0,75kw<\/td><td class=\"has-text-align-center\" data-align=\"center\">11kw 0,55kw 0,75kw<br>3kw 0,37kw<\/td><\/tr><tr><td>Ballengr\u00f6\u00dfe<\/td><td class=\"has-text-align-center\" data-align=\"center\">\u03c6650*520mm<\/td><td class=\"has-text-align-center\" data-align=\"center\">\u03c6700*700mm<\/td><\/tr><tr><td>Ballengewicht<\/td><td class=\"has-text-align-center\" data-align=\"center\">90-140kg\/Ballen<\/td><td class=\"has-text-align-center\" data-align=\"center\">150-200kg\/Ballen<\/td><\/tr><tr><td>Kapazit\u00e4t<\/td><td class=\"has-text-align-center\" data-align=\"center\">50-75 Ballen\/h<\/td><td class=\"has-text-align-center\" data-align=\"center\">55-75 Ballen\/h<\/td><\/tr><tr><td>Luftkompressorvolumen<\/td><td class=\"has-text-align-center\" data-align=\"center\">0,09m\u00b3<\/td><td class=\"has-text-align-center\" data-align=\"center\">0,36m\u00b3<\/td><\/tr><tr><td>F\u00fctterungsf\u00f6rderer<\/td><td class=\"has-text-align-center\" data-align=\"center\">600*520mm<\/td><td class=\"has-text-align-center\" data-align=\"center\">700*2100mm<\/td><\/tr><tr><td>Filtschneiden<\/td><td class=\"has-text-align-center\" data-align=\"center\">Automatisch<\/td><td class=\"has-text-align-center\" data-align=\"center\">Automatisch<\/td><\/tr><tr><td>Verpackungseffizienz<\/td><td class=\"has-text-align-center\" data-align=\"center\">\/<\/td><td class=\"has-text-align-center\" data-align=\"center\">6 Schichten ben\u00f6tigen 22s<\/td><\/tr><tr><td>Gr\u00f6\u00dfe<\/td><td class=\"has-text-align-center\" data-align=\"center\">3500*1450*1550mm<\/td><td class=\"has-text-align-center\" data-align=\"center\">4500*1900*2000mm<\/td><\/tr><tr><td>Gewicht<\/td><td class=\"has-text-align-center\" data-align=\"center\">\/<\/td><td class=\"has-text-align-center\" data-align=\"center\">1100kg<\/td><\/tr><\/tbody><\/table><figcaption class=\"wp-element-caption\">Parameter des Heu-Silage-Maschine<\/figcaption><\/figure>    <figure class=\"wp-block-gallery has-nested-images columns-default is-cropped wp-block-gallery-6 is-layout-flex wp-block-gallery-is-layout-flex\"> <figure class=\"wp-block-image size-large\"><img loading=\"lazy\" decoding=\"async\" width=\"720\" height=\"540\" data-id=\"1244\" src=\"https:\/\/corn-machine.com\/wp-content\/uploads\/2025\/12\/9YDB-60-round-bale-silage-wrapper.webp\" alt=\"9YDB-60-2 Rundballen-Silageverpackungsmaschine\" class=\"wp-image-1244\" title=\"\" srcset=\"https:\/\/corn-machine.com\/wp-content\/uploads\/2025\/12\/9YDB-60-round-bale-silage-wrapper.webp 720w, https:\/\/corn-machine.com\/wp-content\/uploads\/2025\/12\/9YDB-60-round-bale-silage-wrapper-300x225.webp 300w, https:\/\/corn-machine.com\/wp-content\/uploads\/2025\/12\/9YDB-60-round-bale-silage-wrapper-16x12.webp 16w\" sizes=\"auto, (max-width: 720px) 100vw, 720px\" \/><figcaption class=\"wp-element-caption\">9YDB-60-2 Rundballen-Silageverpackungsmaschine<\/figcaption><\/figure>    <figure class=\"wp-block-image size-large\"><img loading=\"lazy\" decoding=\"async\" width=\"720\" height=\"540\" data-id=\"1245\" src=\"https:\/\/corn-machine.com\/wp-content\/uploads\/2025\/12\/9YDB-70-silage-baller.webp\" alt=\"9YDB-70 Silageballenpresse\" class=\"wp-image-1245\" title=\"\" srcset=\"https:\/\/corn-machine.com\/wp-content\/uploads\/2025\/12\/9YDB-70-silage-baller.webp 720w, https:\/\/corn-machine.com\/wp-content\/uploads\/2025\/12\/9YDB-70-silage-baller-300x225.webp 300w, https:\/\/corn-machine.com\/wp-content\/uploads\/2025\/12\/9YDB-70-silage-baller-16x12.webp 16w\" sizes=\"auto, (max-width: 720px) 100vw, 720px\" \/><figcaption class=\"wp-element-caption\">9YDB-70 Silageballenpresse<\/figcaption><\/figure> <\/figure>    <p class=\"translation-block\">Wenn Sie weitere Probleme mit dieser Maschine haben, kontaktieren Sie uns bitte f\u00fcr weitere Details. Neben diesem Typ bieten wir auch die kleine Ballenverpackungsmaschine an: <a href=\"https:\/\/corn-machine.com\/de\/product\/corn-silage-bale-wrapper-machine\/\">TZ 55-52<\/a>.<\/p>    <h2 class=\"wp-block-heading\"><strong>Anwendungsszenarien der Mais-Silageballenpresse<\/strong><\/h2>    <p>Die Mais-Silageballenpresse ist f\u00fcr die Hochleistungs-Silageverarbeitung und gro\u00df angelegte Futterkonservierung konzipiert. Je nach unterschiedlichen Ballengr\u00f6\u00dfen und Kapazit\u00e4ten wird diese Ausr\u00fcstung in der Viehzuchtindustrie breit eingesetzt.<\/p>    <p>Rinderbetriebe, Milchviehbetriebe und Schaffarmen mit hohem t\u00e4glichem Futterbedarf sind ideale Kandidaten f\u00fcr diese Maschine, da ihre hochdichte Ballenbildung und versiegelte Verpackung eine gleichbleibende Futterqualit\u00e4t das ganze Jahr \u00fcber gew\u00e4hrleisten.<\/p>    <p>Viele unserer Kunden verwenden diese Maschine auch in ihren Silageverarbeitungszentren und Genossenschaften, die mehrere Betriebe f\u00fcr die zentrale Silageproduktion bedienen. Diese Maschine hilft ihnen, die Verarbeitungseffizienz zu verbessern und die Betriebskosten pro Einheit zu senken.<\/p>    <h2 class=\"wp-block-heading\"><strong>FAQ der neuen Modell-Heu-Ballen- und Umh\u00fcllmaschine<\/strong><\/h2>   <div id=\"rank-math-faq\" class=\"rank-math-block\"> <div class=\"rank-math-list\"> <div id=\"faq-question-1766995032267\" class=\"rank-math-list-item\"> <h3 class=\"rank-math-question\">Welche Materialien kann eine Mais-Silageballenpresse verarbeiten?<\/h3> <div class=\"rank-math-answer\">  <p>Eine Rundballen-Silageumh\u00fcllmaschine eignet sich f\u00fcr das Ballen von Mais-Silage, Weizenstroh, Reisspelze, Futtergras, Luzerne und anderen Futtermitteln. Die Rohstoffe m\u00fcssen vorher mit einem Spreizer oder Silageerntemaschine zerkleinert werden, bevor sie zu Ballen verarbeitet werden.<\/p>  <\/div> <\/div> <div id=\"faq-question-1766995067394\" class=\"rank-math-list-item\"> <h3 class=\"rank-math-question\">Was ist der Unterschied zwischen einer Riemen-Ballenpresse und einer Rollenzusammenpressung?<\/h3> <div class=\"rank-math-answer\">  <p>Eine Riemen-Ballenstruktur erzeugt eine h\u00f6here Ballendichte, reduziert Materialaustritt und sorgt f\u00fcr gleichm\u00e4\u00dfigere Ballen. Sie ist besonders geeignet f\u00fcr Silage, die luftdicht versiegelt und fermentiert werden muss, im Vergleich zu herk\u00f6mmlichen Rollenzusammenpressungen.<\/p>  <\/div> <\/div> <div id=\"faq-question-1766995103147\" class=\"rank-math-list-item\"> <h3 class=\"rank-math-question\">Warum ist das Umh\u00fcllen nach dem Ballen notwendig?<\/h3> <div class=\"rank-math-answer\">  <p>Die Verpackung des Futters schafft ein anaerobes Umfeld, das das nat\u00fcrliche Wachstum von Milchs\u00e4urebakterien erm\u00f6glicht. Dieser Fermentationsprozess erh\u00e4lt nicht nur die N\u00e4hrstoffe, sondern verhindert auch Schimmelbildung und Verderb, wodurch die Schmackhaftigkeit des Futters verbessert wird.<\/p>  <\/div> <\/div> <div id=\"faq-question-1766995146442\" class=\"rank-math-list-item\"> <h3 class=\"rank-math-question\">Wie lange kann verpackte Silage gelagert werden?<\/h3> <div class=\"rank-math-answer\">  <p class=\"translation-block\">Under normal conditions, well-wrapped silage bales can be stored for <strong>6\u201312 months or longer<\/strong>, depending on the material&#8217;s moisture content, sealing quality, and storage environment.<\/p>  <\/div> <\/div> <div id=\"faq-question-1766995183781\" class=\"rank-math-list-item\"> <h3 class=\"rank-math-question\">Kann die Maschine sowohl mit Kunststofffolie als auch mit Kunststoffnetz arbeiten?<\/h3> <div class=\"rank-math-answer\">  <p>Ja. Dieser Maissilageballenpresse kann sowohl Kunststofffolie f\u00fcr luftdichte Fermentation als auch Kunststoffnetz verwenden. Die Konfiguration kann individuell angepasst werden, um Ihren spezifischen Anforderungen gerecht zu werden.<\/p>  <\/div> <\/div> <div id=\"faq-question-1766995229730\" class=\"rank-math-list-item\"> <h3 class=\"rank-math-question\">Welche Leistungsoptionen sind verf\u00fcgbar?<\/h3> <div class=\"rank-math-answer\">  <p>Wir bieten zwei Leistungsoptionen an: Elektromotor und Dieselmotor. Sie k\u00f6nnen diejenige w\u00e4hlen, die am besten zu Ihren lokalen Energiebedingungen passt.<\/p>  <\/div> <\/div> <\/div> <\/div>   <h2 class=\"wp-block-heading\"><strong>Willkommen bei einer Partnerschaft mit Taizy!<\/strong><\/h2>    <p>As one of Taizy&#8217;s most popular machines, our baler and wrapper machine, through continuous upgrades, has met the diverse needs of customers worldwide and has established long-term partnerships with customers in many countries.<\/p>    <p>Unsere Ballenpressen und Verpackungsmaschinen sind von hoher Qualit\u00e4t, bieten schnelle Ballen- und Verpackungsgeschwindigkeiten und bieten ein ausgezeichnetes Preis-Leistungs-Verh\u00e4ltnis. Taizy stellt seit \u00fcber 40 Jahren Maschinen her und engagiert sich f\u00fcr die F\u00f6rderung der landwirtschaftlichen Entwicklung weltweit. <\/p>    <p>Wenn Sie Partner werden m\u00f6chten, kontaktieren Sie uns bitte!<\/p>   <div class=\"wp-block-image\"> <figure class=\"aligncenter size-large\"><img loading=\"lazy\" decoding=\"async\" width=\"720\" height=\"540\" src=\"https:\/\/corn-machine.com\/wp-content\/uploads\/2025\/12\/bale-wrapper-1.webp\" alt=\"Ballenh\u00fclle\" class=\"wp-image-1246\" title=\"\" srcset=\"https:\/\/corn-machine.com\/wp-content\/uploads\/2025\/12\/bale-wrapper-1.webp 720w, https:\/\/corn-machine.com\/wp-content\/uploads\/2025\/12\/bale-wrapper-1-300x225.webp 300w, https:\/\/corn-machine.com\/wp-content\/uploads\/2025\/12\/bale-wrapper-1-16x12.webp 16w\" sizes=\"auto, (max-width: 720px) 100vw, 720px\" \/><figcaption class=\"wp-element-caption\">Ballenh\u00fclle<\/figcaption><\/figure> <\/div>   <p>Wenn Sie mehr \u00fcber diese neueste Doppelumh\u00fcllungs- und Verpackungsmaschine erfahren m\u00f6chten, kontaktieren Sie uns bitte. Wir stellen Ihnen die detaillierteste Preisliste zur Verf\u00fcgung.<\/p>","protected":false},"excerpt":{"rendered":"<p>The new generation corn silage baler integrates belt-type high-density baling functions, employing dual-film technology to significantly increase baling speed by 30%. With its customizable power system and configuration, it has become one of the most popular and efficient baling and wrapping solutions.<\/p>","protected":false},"author":1,"featured_media":1251,"parent":0,"template":"","tags":[55],"product-type":[59],"class_list":["post-1235","product","type-product","status-publish","has-post-thumbnail","hentry","tag-cornsilage","product-type-corn-silage-baler"],"_links":{"self":[{"href":"https:\/\/corn-machine.com\/de\/wp-json\/wp\/v2\/product\/1235","targetHints":{"allow":["GET"]}}],"collection":[{"href":"https:\/\/corn-machine.com\/de\/wp-json\/wp\/v2\/product"}],"about":[{"href":"https:\/\/corn-machine.com\/de\/wp-json\/wp\/v2\/types\/product"}],"author":[{"embeddable":true,"href":"https:\/\/corn-machine.com\/de\/wp-json\/wp\/v2\/users\/1"}],"wp:featuredmedia":[{"embeddable":true,"href":"https:\/\/corn-machine.com\/de\/wp-json\/wp\/v2\/media\/1251"}],"wp:attachment":[{"href":"https:\/\/corn-machine.com\/de\/wp-json\/wp\/v2\/media?parent=1235"}],"wp:term":[{"taxonomy":"post_tag","embeddable":true,"href":"https:\/\/corn-machine.com\/de\/wp-json\/wp\/v2\/tags?post=1235"},{"taxonomy":"product-type","embeddable":true,"href":"https:\/\/corn-machine.com\/de\/wp-json\/wp\/v2\/product-type?post=1235"}],"curies":[{"name":"wp","href":"https:\/\/api.w.org\/{rel}","templated":true}]}}