{"id":1447,"date":"2026-02-04T17:03:10","date_gmt":"2026-02-04T09:03:10","guid":{"rendered":"https:\/\/corn-machine.com\/?post_type=product&#038;p=1447"},"modified":"2026-02-05T10:24:39","modified_gmt":"2026-02-05T02:24:39","slug":"cattle-feed-spreader-cow-sheep-farms","status":"publish","type":"product","link":"https:\/\/corn-machine.com\/de\/product\/cattle-feed-spreader-cow-sheep-farms\/","title":{"rendered":"Rinderfutterstreuer | TMR-Verteilermaschine f\u00fcr die Tierf\u00fctterung"},"content":{"rendered":"<p class=\"translation-block\">Der <strong>Rinderfutterstreuer<\/strong> ist ein dreir\u00e4driges, automatisiertes Tierhaltungsger\u00e4t, das TMR (Total Mixed Ration) an Rinder und Schafe verteilt. Es kann von einer einzelnen Person bedient werden, was Landwirten hilft, Arbeitskosten zu senken und die F\u00fctterungseffizienz zu verbessern.<\/p>    <p>Er ist in elektrischer und Dieselversion erh\u00e4ltlich, mit Kapazit\u00e4ten von 2 m<sup>3<\/sup>, 3 m<sup>3<\/sup>, 5 m<sup>3<\/sup>, usw. Die kompakte Gr\u00f6\u00dfe und flexible Transportf\u00e4higkeit machen es besonders geeignet f\u00fcr Weiden mit engen Futterg\u00e4ngen und f\u00fcr Gruppenf\u00fctterung.<\/p>    <figure class=\"wp-block-embed aligncenter is-type-video is-provider-youtube wp-block-embed-youtube wp-embed-aspect-16-9 wp-has-aspect-ratio\"><div class=\"wp-block-embed__wrapper\"> <iframe loading=\"lazy\" title=\"Rinder- und Schafstreuer-Futterautomat im echten Farmgebrauch Kontakt:  8617703863868\" width=\"500\" height=\"281\" src=\"https:\/\/www.youtube.com\/embed\/YXYt7-plPVs?feature=oembed\" frameborder=\"0\" allow=\"accelerometer; autoplay; clipboard-write; encrypted-media; gyroscope; picture-in-picture; web-share\" referrerpolicy=\"strict-origin-when-cross-origin\" allowfullscreen><\/iframe> <\/div><figcaption class=\"wp-element-caption\">Arbeitsvideo des Rinder- und Schaffutterstreuers<\/figcaption><\/figure>    <h2 class=\"wp-block-heading\"><strong>H\u00f6hepunkte des Taizy Rinderfutterstreuers<\/strong><\/h2>    <ul class=\"wp-block-list\"> <li>Dieses Verteilger\u00e4t f\u00fcr Rinderfutter verf\u00fcgt \u00fcber ein Dreiradantrieb-Design, das eine einfache Bedienung auch in beengten Futterst\u00e4llen erm\u00f6glicht.<\/li>    <li>Vollautomatisches Mischen und F\u00fcttern reduziert den Arbeitsaufwand und die Futterkosten erheblich.<\/li>    <li>Das Futter kann ohne Wende von der linken oder rechten Seite verteilt werden, was die F\u00fctterungsgeschwindigkeit und Effizienz erheblich verbessert.<\/li>    <li>Alle Fahr- und F\u00fctterungsoperationen k\u00f6nnen direkt vom Fahrerhaus aus gesteuert werden, was die Bedienung einfach und leicht erlernbar macht.<\/li> <\/ul>    <figure class=\"wp-block-gallery has-nested-images columns-default is-cropped wp-block-gallery-2 is-layout-flex wp-block-gallery-is-layout-flex\"> <figure class=\"wp-block-image size-large\"><img loading=\"lazy\" decoding=\"async\" width=\"720\" height=\"540\" data-id=\"1464\" src=\"https:\/\/corn-machine.com\/wp-content\/uploads\/2026\/02\/cab-of-the-feeding-spreader.webp\" alt=\"Kabinett des Futterstreuers\" class=\"wp-image-1464\" title=\"\" srcset=\"https:\/\/corn-machine.com\/wp-content\/uploads\/2026\/02\/cab-of-the-feeding-spreader.webp 720w, https:\/\/corn-machine.com\/wp-content\/uploads\/2026\/02\/cab-of-the-feeding-spreader-300x225.webp 300w, https:\/\/corn-machine.com\/wp-content\/uploads\/2026\/02\/cab-of-the-feeding-spreader-16x12.webp 16w\" sizes=\"auto, (max-width: 720px) 100vw, 720px\" \/><figcaption class=\"wp-element-caption\">Kabinett des Futterstreuers<\/figcaption><\/figure>    <figure class=\"wp-block-image size-large\"><img loading=\"lazy\" decoding=\"async\" width=\"720\" height=\"540\" data-id=\"1465\" src=\"https:\/\/corn-machine.com\/wp-content\/uploads\/2026\/02\/feeding-process-of-cattle-feed-spreader.webp\" alt=\"F\u00fctterungsprozess des Rinderfutterstreuers\" class=\"wp-image-1465\" title=\"\" srcset=\"https:\/\/corn-machine.com\/wp-content\/uploads\/2026\/02\/feeding-process-of-cattle-feed-spreader.webp 720w, https:\/\/corn-machine.com\/wp-content\/uploads\/2026\/02\/feeding-process-of-cattle-feed-spreader-300x225.webp 300w, https:\/\/corn-machine.com\/wp-content\/uploads\/2026\/02\/feeding-process-of-cattle-feed-spreader-16x12.webp 16w\" sizes=\"auto, (max-width: 720px) 100vw, 720px\" \/><figcaption class=\"wp-element-caption\">F\u00fctterungsprozess des Rinderfutterstreuers<\/figcaption><\/figure> <\/figure>    <h2 class=\"wp-block-heading\"><strong>Funktionsprinzip des Silage-Futterverteilger\u00e4ts<\/strong><\/h2>    <p>Der Rinderfutterstreuer ist ein horizontaler TMR-F\u00fctterungssystem. Sein Arbeitsprinzip ist einfach:<\/p>    <ol class=\"wp-block-list\"> <li>Zuerst wird die TMR-Futtermischung in den Futtertrichter geladen.<\/li>    <li>Der Schneckenf\u00f6rderer im Trichter mischt das Futter gleichm\u00e4\u00dfig und entl\u00e4dt es durch ein horizontales F\u00f6rdersystem.<\/li>    <li>Das Futter wird gleichm\u00e4\u00dfig durch die Streud\u00fcse verteilt (es kann auf der linken oder rechten Seite verteilt werden).<\/li> <\/ol>    <p>Taizy bietet zwei Antriebsl\u00f6sungen, um den Bed\u00fcrfnissen verschiedener landwirtschaftlicher Umgebungen gerecht zu werden, und ber\u00fccksichtigt unterschiedliche Stromversorgungsbedingungen in verschiedenen Regionen.<\/p>    <figure class=\"wp-block-gallery has-nested-images columns-default is-cropped wp-block-gallery-3 is-layout-flex wp-block-gallery-is-layout-flex\"> <figure class=\"wp-block-image size-large\"><img loading=\"lazy\" decoding=\"async\" width=\"720\" height=\"540\" data-id=\"1468\" src=\"https:\/\/corn-machine.com\/wp-content\/uploads\/2026\/02\/internal-structure-of-a-silage-feed-spreader.webp\" alt=\"Innere Struktur eines Silage-Futterstreuers\" class=\"wp-image-1468\" title=\"\" srcset=\"https:\/\/corn-machine.com\/wp-content\/uploads\/2026\/02\/internal-structure-of-a-silage-feed-spreader.webp 720w, https:\/\/corn-machine.com\/wp-content\/uploads\/2026\/02\/internal-structure-of-a-silage-feed-spreader-300x225.webp 300w, https:\/\/corn-machine.com\/wp-content\/uploads\/2026\/02\/internal-structure-of-a-silage-feed-spreader-16x12.webp 16w\" sizes=\"auto, (max-width: 720px) 100vw, 720px\" \/><figcaption class=\"wp-element-caption\">Innere Struktur eines Silage-Futterstreuers<\/figcaption><\/figure>    <figure class=\"wp-block-image size-large\"><img loading=\"lazy\" decoding=\"async\" width=\"720\" height=\"540\" data-id=\"1462\" src=\"https:\/\/corn-machine.com\/wp-content\/uploads\/2026\/02\/conveying-system-of-the-fodder-spreader.webp\" alt=\"F\u00f6rdersystem des Futterstreuers\" class=\"wp-image-1462\" title=\"\" srcset=\"https:\/\/corn-machine.com\/wp-content\/uploads\/2026\/02\/conveying-system-of-the-fodder-spreader.webp 720w, https:\/\/corn-machine.com\/wp-content\/uploads\/2026\/02\/conveying-system-of-the-fodder-spreader-300x225.webp 300w, https:\/\/corn-machine.com\/wp-content\/uploads\/2026\/02\/conveying-system-of-the-fodder-spreader-16x12.webp 16w\" sizes=\"auto, (max-width: 720px) 100vw, 720px\" \/><figcaption class=\"wp-element-caption\">F\u00f6rdersystem des Futterstreuers<\/figcaption><\/figure> <\/figure>    <h2 class=\"wp-block-heading\"><strong>Leistungsoptionen: Elektrisch vs Diesel Rinderfutterstreuer<\/strong><\/h2>    <h3 class=\"wp-block-heading\"><strong>Elektrisches Silage-Futterverteilger\u00e4t<\/strong><\/h3>    <p class=\"translation-block\"><strong>Batterietyp:<\/strong><\/p>    <ul class=\"wp-block-list\"> <li>Trockenbatterie \u2013 geeignet f\u00fcr Umgebungen unter 0\u00b0C<\/li>    <li>Lithiumbatterie \u2013 geeignet f\u00fcr Umgebungen \u00fcber 0\u00b0C<\/li> <\/ul>    <p class=\"translation-block\"><strong>Energieverbrauch:<\/strong><\/p>    <p>Entladen: Bis zu 60 km<\/p>    <p>Voll beladen: 20\u201330 km<\/p>    <p class=\"translation-block\"><strong>Vorteile:<\/strong><\/p>    <ol class=\"wp-block-list\"> <li>Niedriger Ger\u00e4uschpegel<\/li>    <li>Null Emissionen<\/li>    <li>Niedrigere Betriebskosten<\/li> <\/ol>    <p>Geeignet f\u00fcr Innen- oder halbgeschlossene Betriebe<\/p>   <div class=\"wp-block-image\"> <figure class=\"aligncenter size-full\"><img loading=\"lazy\" decoding=\"async\" width=\"720\" height=\"540\" src=\"https:\/\/corn-machine.com\/wp-content\/uploads\/2026\/02\/electric-cattle-and-sheep-spreader-feeder-car.webp\" alt=\"Elektrischer Rinder- und Schaf-Futterautomat\" class=\"wp-image-1461\" title=\"\" srcset=\"https:\/\/corn-machine.com\/wp-content\/uploads\/2026\/02\/electric-cattle-and-sheep-spreader-feeder-car.webp 720w, https:\/\/corn-machine.com\/wp-content\/uploads\/2026\/02\/electric-cattle-and-sheep-spreader-feeder-car-300x225.webp 300w, https:\/\/corn-machine.com\/wp-content\/uploads\/2026\/02\/electric-cattle-and-sheep-spreader-feeder-car-16x12.webp 16w\" sizes=\"auto, (max-width: 720px) 100vw, 720px\" \/><figcaption class=\"wp-element-caption\">Elektrischer Rinder- und Schaf-Futterautomat<\/figcaption><\/figure> <\/div>   <h3 class=\"wp-block-heading\"><strong>Diesel-Silage-Verteiler<\/strong><\/h3>    <p class=\"translation-block\"><strong>Kapazit\u00e4tsbereich<\/strong>: 3\u201312 Kubikmeter<\/p>    <p class=\"translation-block\"><strong>Vorteile:<\/strong><\/p>    <ol class=\"wp-block-list\"> <li>Lange Arbeitszeiten<\/li>    <li>Stabile Stromversorgung<\/li>    <li>Optionaler Edelstahltrichter<\/li> <\/ol>    <p>Geeignet f\u00fcr Au\u00dfen- und Schwerlastbetrieb<\/p>   <div class=\"wp-block-image\"> <figure class=\"aligncenter size-full\"><img loading=\"lazy\" decoding=\"async\" width=\"720\" height=\"540\" src=\"https:\/\/corn-machine.com\/wp-content\/uploads\/2026\/02\/diesel-engine-type-cow-feed-manure-spreader.webp\" alt=\"Dieselmotor-Typ Kuhfutter-Miststreuer\" class=\"wp-image-1460\" title=\"\" srcset=\"https:\/\/corn-machine.com\/wp-content\/uploads\/2026\/02\/diesel-engine-type-cow-feed-manure-spreader.webp 720w, https:\/\/corn-machine.com\/wp-content\/uploads\/2026\/02\/diesel-engine-type-cow-feed-manure-spreader-300x225.webp 300w, https:\/\/corn-machine.com\/wp-content\/uploads\/2026\/02\/diesel-engine-type-cow-feed-manure-spreader-16x12.webp 16w\" sizes=\"auto, (max-width: 720px) 100vw, 720px\" \/><figcaption class=\"wp-element-caption\">Dieselmotor-Typ Kuhfutter-Miststreuer<\/figcaption><\/figure> <\/div>   <h2 class=\"wp-block-heading\"><strong>Kapazit\u00e4t und Anpassungsoptionen f\u00fcr Schaffutterstreuer<\/strong><\/h2>    <p>Standardmodelle sind in 2 Kubikmetern, 3 Kubikmetern, 5 Kubikmetern und 8 Kubikmetern erh\u00e4ltlich, und Anpassungen sind ebenfalls f\u00fcr andere Anforderungen m\u00f6glich.<\/p>    <p>Neben der Modellauswahl bieten wir auch Anpassungsdienste f\u00fcr Maschinendetails an:<\/p>    <p>Verteilh\u00f6he<\/p>    <p>Batterietyp und Kapazit\u00e4t<\/p>    <p>Gesamth\u00f6he der Maschine<\/p>    <p>Reifenlauf<\/p>    <p>Taizy kann vollst\u00e4ndig kundenspezifische Rinderfutterstreuer-L\u00f6sungen basierend auf Ihrer Farmgr\u00f6\u00dfe, F\u00fctterungsmethode und den Details Ihres TMR-Systems bereitstellen.<\/p>    <h2 class=\"wp-block-heading\"><strong>Wof\u00fcr kann dieses Tierfutterautomat verwendet werden?<\/strong><\/h2>    <p>Dieser Rinderfutterstreuer ist so konzipiert, dass er die F\u00fctterungsbed\u00fcrfnisse verschiedener Tierhaltungs-Szenarien erf\u00fcllt. Er kann in den folgenden Situationen breit eingesetzt werden:<\/p>    <ul class=\"wp-block-list\"> <li>Milchviehbetriebe: Seine F\u00e4higkeit, in engen Stallg\u00e4ngen zu arbeiten, macht ihn gut geeignet f\u00fcr moderne Milchviehhaltungssysteme.<\/li>    <li>Rinderfarmen: Dieses Futterverteilger\u00e4t unterst\u00fctzt die Chargenf\u00fctterung verschiedener Herden und arbeitet effizient sowohl in Innenst\u00e4llen als auch in Au\u00dfenf\u00fctterungsbereichen, was den Arbeitsaufwand der Betriebe reduziert.<\/li>    <li>Schaffarmen: Dieser dreir\u00e4drige Futterstreuer kann Futter pr\u00e4zise verteilen, ohne die Futterstruktur zu st\u00f6ren.<\/li> <\/ul>    <p>Sein Design ist besonders geeignet f\u00fcr kleine und mittlere Bauernh\u00f6fe. Kleine Betriebe profitieren von niedrigen Betriebskosten und einfacher Wartung. Und mittelgro\u00dfe Betriebe k\u00f6nnen die Effizienz durch Batch-F\u00fctterung und reduzierten Arbeitsaufwand verbessern.<\/p>    <figure class=\"wp-block-gallery has-nested-images columns-default is-cropped wp-block-gallery-4 is-layout-flex wp-block-gallery-is-layout-flex\"> <figure class=\"wp-block-image size-large\"><img loading=\"lazy\" decoding=\"async\" width=\"720\" height=\"540\" data-id=\"1466\" src=\"https:\/\/corn-machine.com\/wp-content\/uploads\/2026\/02\/cattle-farm.webp\" alt=\"Rinderfarm\" class=\"wp-image-1466\" title=\"\" srcset=\"https:\/\/corn-machine.com\/wp-content\/uploads\/2026\/02\/cattle-farm.webp 720w, https:\/\/corn-machine.com\/wp-content\/uploads\/2026\/02\/cattle-farm-300x225.webp 300w, https:\/\/corn-machine.com\/wp-content\/uploads\/2026\/02\/cattle-farm-16x12.webp 16w\" sizes=\"auto, (max-width: 720px) 100vw, 720px\" \/><figcaption class=\"wp-element-caption\">Rinderfarm<\/figcaption><\/figure>    <figure class=\"wp-block-image size-large\"><img loading=\"lazy\" decoding=\"async\" width=\"720\" height=\"540\" data-id=\"1467\" src=\"https:\/\/corn-machine.com\/wp-content\/uploads\/2026\/02\/sheep-farm.webp\" alt=\"Schaffarm\" class=\"wp-image-1467\" title=\"\" srcset=\"https:\/\/corn-machine.com\/wp-content\/uploads\/2026\/02\/sheep-farm.webp 720w, https:\/\/corn-machine.com\/wp-content\/uploads\/2026\/02\/sheep-farm-300x225.webp 300w, https:\/\/corn-machine.com\/wp-content\/uploads\/2026\/02\/sheep-farm-16x12.webp 16w\" sizes=\"auto, (max-width: 720px) 100vw, 720px\" \/><figcaption class=\"wp-element-caption\">Schaffarm<\/figcaption><\/figure> <\/figure>    <p>For more pricing information, don&#8217;t hesitate to get in touch with us for the latest updates.<\/p>    <p>Verwandte Silage-Produkte: <\/p>    <ul class=\"wp-block-list\"> <li><a href=\"https:\/\/corn-machine.com\/de\/product\/corn-silage-bale-wrapper-machine\/\">Mais-Silageballenwickelmaschine<\/a><\/li>    <li><a href=\"https:\/\/corn-machine.com\/de\/product\/forage-chopper-for-silage-stalks-cutting\/\">Futterh\u00e4cksler zum Schneiden von Silage-St\u00e4ngeln<\/a><\/li> <\/ul>    <p><\/p>","protected":false},"excerpt":{"rendered":"<p>The Taizy cattle feed spreader is designed for efficient TMR spreading on cattle and sheep farms. It is available in both electric and diesel power options, features three-wheel drive, and allows for adjustable spreading speed.<\/p>","protected":false},"author":1,"featured_media":1469,"parent":0,"template":"","tags":[55],"product-type":[60],"class_list":["post-1447","product","type-product","status-publish","has-post-thumbnail","hentry","tag-cornsilage","product-type-corn-silage-mixer"],"_links":{"self":[{"href":"https:\/\/corn-machine.com\/de\/wp-json\/wp\/v2\/product\/1447","targetHints":{"allow":["GET"]}}],"collection":[{"href":"https:\/\/corn-machine.com\/de\/wp-json\/wp\/v2\/product"}],"about":[{"href":"https:\/\/corn-machine.com\/de\/wp-json\/wp\/v2\/types\/product"}],"author":[{"embeddable":true,"href":"https:\/\/corn-machine.com\/de\/wp-json\/wp\/v2\/users\/1"}],"wp:featuredmedia":[{"embeddable":true,"href":"https:\/\/corn-machine.com\/de\/wp-json\/wp\/v2\/media\/1469"}],"wp:attachment":[{"href":"https:\/\/corn-machine.com\/de\/wp-json\/wp\/v2\/media?parent=1447"}],"wp:term":[{"taxonomy":"post_tag","embeddable":true,"href":"https:\/\/corn-machine.com\/de\/wp-json\/wp\/v2\/tags?post=1447"},{"taxonomy":"product-type","embeddable":true,"href":"https:\/\/corn-machine.com\/de\/wp-json\/wp\/v2\/product-type?post=1447"}],"curies":[{"name":"wp","href":"https:\/\/api.w.org\/{rel}","templated":true}]}}