{"id":1505,"date":"2026-02-10T13:49:40","date_gmt":"2026-02-10T05:49:40","guid":{"rendered":"https:\/\/corn-machine.com\/?post_type=product&#038;p=1505"},"modified":"2026-02-10T14:12:13","modified_gmt":"2026-02-10T06:12:13","slug":"small-type-corn-seed-remover-machine","status":"publish","type":"product","link":"https:\/\/corn-machine.com\/de\/product\/small-type-corn-seed-remover-machine\/","title":{"rendered":"Automatische kleine Maisk\u00f6rner-Entferner-Maschine"},"content":{"rendered":"<p class=\"translation-block\">Die <strong>Maissaatgut-Entfernungsmaschine<\/strong> ist speziell f\u00fcr kleine und mittlere Farmen konzipiert. Sie ist kompakt und hat eine hohe Dreschleistung von 3-4 Tonnen pro Stunde mit 3 Leistungsoptionen (Benzinmotor, Dieselmotor und Elektromotor). <\/p>    <p>Er entspricht internationalen Maschinenausfuhrstandards wie CE, was ihn zu einer idealen Wahl f\u00fcr private Nutzer und H\u00e4ndler macht. Die Maschinen werden direkt ab Werk verkauft, mit Sonderrabatten bei Gro\u00dfbestellungen.<\/p>    <figure class=\"wp-block-embed aligncenter is-type-video is-provider-youtube wp-block-embed-youtube wp-embed-aspect-16-9 wp-has-aspect-ratio\"><div class=\"wp-block-embed__wrapper\"> <iframe loading=\"lazy\" title=\"Corn Seed Remover Machine 3\u20134t\/h | Structure &amp; Working Performance Test Contact: +8617703863868\" width=\"500\" height=\"281\" src=\"https:\/\/www.youtube.com\/embed\/c4dhKK8s3h8?feature=oembed\" frameborder=\"0\" allow=\"accelerometer; autoplay; clipboard-write; encrypted-media; gyroscope; picture-in-picture; web-share\" referrerpolicy=\"strict-origin-when-cross-origin\" allowfullscreen><\/iframe> <\/div><figcaption class=\"wp-element-caption\">Arbeitsvideo der Maissaatgut-Entfernungsmaschine<\/figcaption><\/figure>    <h2 class=\"wp-block-heading\"><strong>Wichtige Vorteile der Maissaatgut-Entfernungsmaschine<\/strong><\/h2>    <ul class=\"wp-block-list\"> <li>Im Gegensatz zu herk\u00f6mmlicher Dreschtechnik nutzt dieser Maisdrescher eine wissenschaftlich konzipierte Dreschtrommel und eine Konus-Sieb, was zu einer hohen Trennrate der Maisk\u00f6rner, einer niedrigen Bruchrate und einem sauberen Ausgang mit minimalen Verunreinigungen f\u00fchrt.<\/li>    <li>Die Maisdreschmaschine hat eine kleine Stellfl\u00e4che und ein kompaktes, integriertes Rahmen-Design, was nicht nur den Containertransport erleichtert und die Logistikkosten senkt, sondern auch die Installation und Bedienung f\u00fcr den Endnutzer vereinfacht.<\/li>    <li>Um unterschiedlichen Bed\u00fcrfnissen gerecht zu werden, stehen drei Leistungsoptionen zur Verf\u00fcgung: Elektromotor, Dieselmotor und Benzinmotor. Au\u00dferdem kann diese landwirtschaftliche Maisdreschmaschine mit Reifen, Farben und weiteren Optionen individuell angepasst werden.<\/li> <\/ul>    <figure class=\"wp-block-gallery has-nested-images columns-default is-cropped wp-block-gallery-2 is-layout-flex wp-block-gallery-is-layout-flex\"> <figure class=\"wp-block-image size-large\"><img loading=\"lazy\" decoding=\"async\" width=\"720\" height=\"540\" data-id=\"1516\" src=\"https:\/\/corn-machine.com\/wp-content\/uploads\/2026\/02\/maize-sheller-maize-shelling-machine.webp\" alt=\"Maisdreschmaschine mit Maisdreschfunktion\" class=\"wp-image-1516\" title=\"\" srcset=\"https:\/\/corn-machine.com\/wp-content\/uploads\/2026\/02\/maize-sheller-maize-shelling-machine.webp 720w, https:\/\/corn-machine.com\/wp-content\/uploads\/2026\/02\/maize-sheller-maize-shelling-machine-300x225.webp 300w, https:\/\/corn-machine.com\/wp-content\/uploads\/2026\/02\/maize-sheller-maize-shelling-machine-16x12.webp 16w\" sizes=\"auto, (max-width: 720px) 100vw, 720px\" \/><figcaption class=\"wp-element-caption\">Maisdreschmaschine mit Maisdreschfunktion<\/figcaption><\/figure>    <figure class=\"wp-block-image size-large\"><img loading=\"lazy\" decoding=\"async\" width=\"720\" height=\"540\" data-id=\"1517\" src=\"https:\/\/corn-machine.com\/wp-content\/uploads\/2026\/02\/threshing-effect-demonstration.webp\" alt=\"Demonstration der Dreschwirkung\" class=\"wp-image-1517\" title=\"\" srcset=\"https:\/\/corn-machine.com\/wp-content\/uploads\/2026\/02\/threshing-effect-demonstration.webp 720w, https:\/\/corn-machine.com\/wp-content\/uploads\/2026\/02\/threshing-effect-demonstration-300x225.webp 300w, https:\/\/corn-machine.com\/wp-content\/uploads\/2026\/02\/threshing-effect-demonstration-16x12.webp 16w\" sizes=\"auto, (max-width: 720px) 100vw, 720px\" \/><figcaption class=\"wp-element-caption\">Demonstration der Dreschwirkung<\/figcaption><\/figure> <\/figure>    <h2 class=\"wp-block-heading\"><strong>Aufbau und Arbeitsprinzip der Maisdreschmaschine<\/strong><\/h2>    <p>Wie im Diagramm unten gezeigt, besteht die Maissaatgut-Entfernungsmaschine haupts\u00e4chlich aus den folgenden Teilen:<\/p>    <ul class=\"wp-block-list\"> <li>Zuf\u00fchr\u00f6ffnung mit Schutzabdeckung<\/li>    <li>Maiskorn-Auslass- und Maiskolben-Auslass<\/li>    <li>Stahlrahmen mit sto\u00dfd\u00e4mpfendem Design<\/li>    <li>Antriebssystem (Riemen und Riemenscheiben)<\/li> <\/ul>   <div class=\"wp-block-image\"> <figure class=\"aligncenter size-full\"><img loading=\"lazy\" decoding=\"async\" width=\"720\" height=\"540\" src=\"https:\/\/corn-machine.com\/wp-content\/uploads\/2026\/02\/structure-of-corn-seed-removing-machine.webp\" alt=\"Aufbau der Mais-Saatgut-Entfernungsmaschine\" class=\"wp-image-1513\" title=\"\" srcset=\"https:\/\/corn-machine.com\/wp-content\/uploads\/2026\/02\/structure-of-corn-seed-removing-machine.webp 720w, https:\/\/corn-machine.com\/wp-content\/uploads\/2026\/02\/structure-of-corn-seed-removing-machine-300x225.webp 300w, https:\/\/corn-machine.com\/wp-content\/uploads\/2026\/02\/structure-of-corn-seed-removing-machine-16x12.webp 16w\" sizes=\"auto, (max-width: 720px) 100vw, 720px\" \/><figcaption class=\"wp-element-caption\">Aufbau der Mais-Saatgut-Entfernungsmaschine<\/figcaption><\/figure> <\/div>   <p>Sein Arbeitsprinzip ist ebenfalls einfach:<\/p>    <p>Mais wird manuell durch die Zuf\u00fchrung in die Maschine eingef\u00fchrt \u2192 das rotierende Trommel schl\u00e4gt und reibt die Maisk\u00f6rner \u2192 die Maisk\u00f6rner fallen durch das Sieb \u2192 die Maiskolben werden separat aus dem hinteren Ausgang entladen \u2192 die gereinigten Maisk\u00f6rner werden am Boden gesammelt.<\/p>    <h2 class=\"wp-block-heading\"><strong>Technische Parameter der SL-B1 Maissaatgut-Entfernungsmaschine<\/strong><\/h2>    <figure class=\"wp-block-table\"><table class=\"has-fixed-layout\"><tbody><tr><td>Kapazit\u00e4t<\/td><td>3-4 t\/h<\/td><\/tr><tr><td>Leistung<\/td><td>Elektromotor, Benzinmotor oder Dieselmotor<\/td><\/tr><tr><td>Gr\u00f6\u00dfe<\/td><td>1100mm*800mm*700mm<\/td><\/tr><tr><td>Gewicht<\/td><td>90kg<\/td><\/tr><\/tbody><\/table><figcaption class=\"wp-element-caption\">Spezifikation der Mais-Saatgut-Entfernungsmaschine<\/figcaption><\/figure>    <p>Wir unterst\u00fctzen verschiedene Leistungsoptionen und bieten auch Anpassungsdienste an, einschlie\u00dflich spezieller Reifen, Spannungs- und Farbkonfigurationen.<\/p>    <figure class=\"wp-block-gallery has-nested-images columns-default is-cropped wp-block-gallery-3 is-layout-flex wp-block-gallery-is-layout-flex\"> <figure class=\"wp-block-image size-large\"><img loading=\"lazy\" decoding=\"async\" width=\"720\" height=\"540\" data-id=\"1519\" src=\"https:\/\/corn-machine.com\/wp-content\/uploads\/2026\/02\/customized-small-wheel.webp\" alt=\"kundenspezifisches kleines Rad\" class=\"wp-image-1519\" title=\"\" srcset=\"https:\/\/corn-machine.com\/wp-content\/uploads\/2026\/02\/customized-small-wheel.webp 720w, https:\/\/corn-machine.com\/wp-content\/uploads\/2026\/02\/customized-small-wheel-300x225.webp 300w, https:\/\/corn-machine.com\/wp-content\/uploads\/2026\/02\/customized-small-wheel-16x12.webp 16w\" sizes=\"auto, (max-width: 720px) 100vw, 720px\" \/><figcaption class=\"wp-element-caption\">kundenspezifisches kleines Rad<\/figcaption><\/figure>    <figure class=\"wp-block-image size-large\"><img loading=\"lazy\" decoding=\"async\" width=\"720\" height=\"540\" data-id=\"1518\" src=\"https:\/\/corn-machine.com\/wp-content\/uploads\/2026\/02\/customized-large-tires.webp\" alt=\"kundenspezifische gro\u00dfe Reifen\" class=\"wp-image-1518\" title=\"\" srcset=\"https:\/\/corn-machine.com\/wp-content\/uploads\/2026\/02\/customized-large-tires.webp 720w, https:\/\/corn-machine.com\/wp-content\/uploads\/2026\/02\/customized-large-tires-300x225.webp 300w, https:\/\/corn-machine.com\/wp-content\/uploads\/2026\/02\/customized-large-tires-16x12.webp 16w\" sizes=\"auto, (max-width: 720px) 100vw, 720px\" \/><figcaption class=\"wp-element-caption\">kundenspezifische gro\u00dfe Reifen<\/figcaption><\/figure> <\/figure>    <p>Wenn Sie zus\u00e4tzliche Anpassungsw\u00fcnsche haben oder mehr \u00fcber diese Maschine erfahren m\u00f6chten, kontaktieren Sie uns bitte f\u00fcr die neuesten Informationen.<\/p>    <h2 class=\"wp-block-heading\"><strong>Leistungsoptionen f\u00fcr verschiedene Wahlm\u00f6glichkeiten<\/strong><\/h2>    <p>Um den unterschiedlichen Leistungsbedingungen und Nutzungsgewohnheiten verschiedener Regionen gerecht zu werden, bietet die SL-B Maisdreschmaschine drei flexible Leistungsoptionen. Kunden k\u00f6nnen je nach Marktbedarf verschiedene Konfigurationen w\u00e4hlen oder kombinieren.<\/p>    <h3 class=\"wp-block-heading\"><strong>2,2\u20133 kW Elektromotor<\/strong><\/h3>    <p class=\"translation-block\"><strong>Stromversorgung<\/strong>: 220V, einphasig, 50Hz (anpassbar)<\/p>    <p>Das Elektromodell eignet sich f\u00fcr Gebiete mit stabiler Stromversorgung, wie kleine Getreideverarbeitungsanlagen, feste Verarbeitungsstandorte und Genossenschaften.<\/p>    <p class=\"translation-block\"><strong>Vorteile<\/strong>:<\/p>    <ul class=\"wp-block-list\"> <li>Niedrige Betriebskosten<\/li>    <li>Einfache Inbetriebnahme und stabiler Betrieb<\/li>    <li>Leiser Betrieb und geringe Vibrationen<\/li>    <li>Einfache Wartung und lange Lebensdauer<\/li> <\/ul>    <p>Diese Art von Maissaatgut-Entfernungsmaschine ist in M\u00e4rkten beliebt, in denen die Strompreise niedrig sind und die Versorgung zuverl\u00e4ssig ist, was H\u00e4ndlern hilft, kosteneffektive L\u00f6sungen f\u00fcr Endverbraucher anzubieten.<\/p>   <div class=\"wp-block-image\"> <figure class=\"aligncenter size-full\"><img loading=\"lazy\" decoding=\"async\" width=\"720\" height=\"540\" src=\"https:\/\/corn-machine.com\/wp-content\/uploads\/2026\/02\/corn-sheller-machine-with-motor.webp\" alt=\"Maisdreschmaschine mit Motor\" class=\"wp-image-1510\" title=\"\" srcset=\"https:\/\/corn-machine.com\/wp-content\/uploads\/2026\/02\/corn-sheller-machine-with-motor.webp 720w, https:\/\/corn-machine.com\/wp-content\/uploads\/2026\/02\/corn-sheller-machine-with-motor-300x225.webp 300w, https:\/\/corn-machine.com\/wp-content\/uploads\/2026\/02\/corn-sheller-machine-with-motor-16x12.webp 16w\" sizes=\"auto, (max-width: 720px) 100vw, 720px\" \/><figcaption class=\"wp-element-caption\">Maisdreschmaschine mit Motor<\/figcaption><\/figure> <\/div>   <h3 class=\"wp-block-heading\"><strong>170F Benzinmotor<\/strong><\/h3>    <p>Benzinbetrieb ist geeignet f\u00fcr Gebiete mit begrenzter oder instabiler Stromversorgung oder f\u00fcr kleine Farmen, die mobilen Betrieb erfordern. Es ist ideal f\u00fcr Nutzer, die einen einfachen Start und flexible Nutzung bevorzugen.<\/p>    <p class=\"translation-block\"><strong>Vorteile<\/strong>:<\/p>    <ul class=\"wp-block-list\"> <li>Einfach zu starten, besonders bei kalten Bedingungen<\/li>    <li>Leicht und einfach zu bewegen<\/li>    <li>Keine Abh\u00e4ngigkeit von externer Stromversorgung<\/li> <\/ul>    <p>Diese Konfiguration wird typischerweise von einzelnen Landwirten und kleinen Auftragnehmern bevorzugt, die einen tragbaren Maisdrescher ben\u00f6tigen.<\/p>   <div class=\"wp-block-image\"> <figure class=\"aligncenter size-full\"><img loading=\"lazy\" decoding=\"async\" width=\"720\" height=\"540\" src=\"https:\/\/corn-machine.com\/wp-content\/uploads\/2026\/02\/maize-sheller-machine-with-gasoline-engine.webp\" alt=\"Maisdreschmaschine mit Benzinmotor\" class=\"wp-image-1511\" title=\"\" srcset=\"https:\/\/corn-machine.com\/wp-content\/uploads\/2026\/02\/maize-sheller-machine-with-gasoline-engine.webp 720w, https:\/\/corn-machine.com\/wp-content\/uploads\/2026\/02\/maize-sheller-machine-with-gasoline-engine-300x225.webp 300w, https:\/\/corn-machine.com\/wp-content\/uploads\/2026\/02\/maize-sheller-machine-with-gasoline-engine-16x12.webp 16w\" sizes=\"auto, (max-width: 720px) 100vw, 720px\" \/><figcaption class=\"wp-element-caption\">Maisdreschmaschine mit Benzinmotor<\/figcaption><\/figure> <\/div>   <h3 class=\"wp-block-heading\"><strong>6-8 PS Dieselmotor<\/strong><\/h3>    <p>Diese Dieselmotor-Version ist f\u00fcr l\u00e4ndliche und abgelegene Gebiete ohne Stromversorgung konzipiert, geeignet f\u00fcr den Dauerbetrieb und intensive t\u00e4gliche Drescharbeiten.<\/p>    <p class=\"translation-block\"><strong>Vorteile<\/strong>:<\/p>    <ul class=\"wp-block-list\"> <li>Starkes Drehmoment und stabile Leistungsabgabe<\/li>    <li>Hohe Kraftstoffeffizienz, geeignet f\u00fcr den Langzeiteinsatz<\/li>    <li>Ausgezeichnete Haltbarkeit bei starker Belastung<\/li> <\/ul>    <p class=\"translation-block\">Dieses Modell der Maissaatgut-Entfernungsmaschine<strong> <\/strong> ist besonders in afrikanischen und s\u00fcdostasiatischen M\u00e4rkten beliebt, wo Dieselmotoren leicht verf\u00fcgbar und wartungsfreundlich sind.<\/p>   <div class=\"wp-block-image\"> <figure class=\"aligncenter size-full\"><img loading=\"lazy\" decoding=\"async\" width=\"720\" height=\"540\" src=\"https:\/\/corn-machine.com\/wp-content\/uploads\/2026\/02\/corn-threshing-machine-with-diesel-engine.webp\" alt=\"Dieses kleine Mais-Saatgut-Entfernungsger\u00e4t verf\u00fcgt \u00fcber 3 Leistungsoptionen und kann 4-5 Tonnen Mais pro Stunde verarbeiten. Direktverkauf von Taizy mit Anpassungsm\u00f6glichkeiten.\" class=\"wp-image-1512\" title=\"\" srcset=\"https:\/\/corn-machine.com\/wp-content\/uploads\/2026\/02\/corn-threshing-machine-with-diesel-engine.webp 720w, https:\/\/corn-machine.com\/wp-content\/uploads\/2026\/02\/corn-threshing-machine-with-diesel-engine-300x225.webp 300w, https:\/\/corn-machine.com\/wp-content\/uploads\/2026\/02\/corn-threshing-machine-with-diesel-engine-16x12.webp 16w\" sizes=\"auto, (max-width: 720px) 100vw, 720px\" \/><figcaption class=\"wp-element-caption\">Maisdreschmaschine mit Dieselmotor<\/figcaption><\/figure> <\/div>   <h2 class=\"wp-block-heading\"><strong>Was kann Taizy unseren Kunden bieten?<\/strong><\/h2>    <p>Als professioneller Hersteller landwirtschaftlicher Maschinen bietet Taizy umfassende Unterst\u00fctzung f\u00fcr seine Kunden:<\/p>    <ol class=\"wp-block-list\"> <li>Direktlieferung ab Werk: Wir eliminieren Zwischenh\u00e4ndler und bieten \u00e4u\u00dferst wettbewerbsf\u00e4hige Fabrikpreise, um Ihnen h\u00f6here Wiederverkaufsgewinne zu erm\u00f6glichen.<\/li>    <li>Optimierung bei Gro\u00dfbestellungen: F\u00fcr Containerbestellungen bietet Taizy g\u00fcnstigere Preise und optimierte Ladel\u00f6sungen.<\/li>    <li>Langfristige Ersatzteilversorgung: Unsere Fabrik bietet eine stabile Versorgung mit Verschlei\u00dfteilen und gew\u00e4hrleistet einen starken Kundendienst nach dem Verkauf.<\/li>    <li>Anpassungsunterst\u00fctzung: Wir unterst\u00fctzen auch die Anpassung von Maschinenfarben, Logos, Markenbildung, Leistungs-Konfigurationen und anderen Anforderungen f\u00fcr lokale M\u00e4rkte.<\/li>    <li>Technische und Marktsupport: Nach Abschluss der Bestellung stellen wir auch Produktanleitungen, Betriebsvideos und Installationsanleitungen bereit.<\/li> <\/ol>    <figure class=\"wp-block-gallery has-nested-images columns-default is-cropped wp-block-gallery-4 is-layout-flex wp-block-gallery-is-layout-flex\"> <figure class=\"wp-block-image size-large\"><img loading=\"lazy\" decoding=\"async\" width=\"720\" height=\"540\" data-id=\"1514\" src=\"https:\/\/corn-machine.com\/wp-content\/uploads\/2026\/02\/optimized-loading-solutions.webp\" alt=\"optimierte Ladel\u00f6sungen\" class=\"wp-image-1514\" title=\"\" srcset=\"https:\/\/corn-machine.com\/wp-content\/uploads\/2026\/02\/optimized-loading-solutions.webp 720w, https:\/\/corn-machine.com\/wp-content\/uploads\/2026\/02\/optimized-loading-solutions-300x225.webp 300w, https:\/\/corn-machine.com\/wp-content\/uploads\/2026\/02\/optimized-loading-solutions-16x12.webp 16w\" sizes=\"auto, (max-width: 720px) 100vw, 720px\" \/><figcaption class=\"wp-element-caption\">optimierte Ladel\u00f6sungen<\/figcaption><\/figure>    <figure class=\"wp-block-image size-large\"><img loading=\"lazy\" decoding=\"async\" width=\"720\" height=\"540\" data-id=\"1515\" src=\"https:\/\/corn-machine.com\/wp-content\/uploads\/2026\/02\/Taizy-factory.webp\" alt=\"Taizy-Fabrik\" class=\"wp-image-1515\" title=\"\" srcset=\"https:\/\/corn-machine.com\/wp-content\/uploads\/2026\/02\/Taizy-factory.webp 720w, https:\/\/corn-machine.com\/wp-content\/uploads\/2026\/02\/Taizy-factory-300x225.webp 300w, https:\/\/corn-machine.com\/wp-content\/uploads\/2026\/02\/Taizy-factory-16x12.webp 16w\" sizes=\"auto, (max-width: 720px) 100vw, 720px\" \/><figcaption class=\"wp-element-caption\">Taizy-Fabrik<\/figcaption><\/figure> <\/figure>    <p>Dieser Maissaatgut-Entferner ist bei Kunden aufgrund seiner flexiblen Leistungsoptionen, Vielseitigkeit und starker Herstellerunterst\u00fctzung sehr beliebt. Wenn Sie einen zuverl\u00e4ssigen Maisdrescher-Lieferanten suchen, ist Taizy bereit, Ihr Gesch\u00e4ft zu unterst\u00fctzen.<\/p>    <p>Andere Modelle von Maisdreschern: <\/p>    <ul class=\"wp-block-list\"> <li><a href=\"https:\/\/corn-machine.com\/de\/product\/multi-function-corn-thresher\/\">Mehrzweck-Maisreinigungsmaschine<\/a>: geeignet f\u00fcr das Dreschen von Mais, Sojabohnen, Weizen, Sorghum, Hirse und anderen Feldfr\u00fcchten.<\/li>    <li><a href=\"https:\/\/corn-machine.com\/de\/product\/automatic-corn-sheller\/\">Maisdreschmaschine<\/a>: \u226599,5 % Dreschrate und \u22642,0 % Verlustrate bei \u22641,5 % Bruchrate.<\/li> <\/ul>","protected":false},"excerpt":{"rendered":"<p>This corn thresher has a processing capacity of 3-4 tons per hour and offers a variety of power options. Its compact size, light weight, and ease of transport, installation, and bulk sales make it a highly sought-after product in the agricultural machinery market.<\/p>","protected":false},"author":1,"featured_media":1509,"parent":0,"template":"","tags":[31],"product-type":[42],"class_list":["post-1505","product","type-product","status-publish","has-post-thumbnail","hentry","tag-corn","product-type-maize-sheller-machine"],"_links":{"self":[{"href":"https:\/\/corn-machine.com\/de\/wp-json\/wp\/v2\/product\/1505","targetHints":{"allow":["GET"]}}],"collection":[{"href":"https:\/\/corn-machine.com\/de\/wp-json\/wp\/v2\/product"}],"about":[{"href":"https:\/\/corn-machine.com\/de\/wp-json\/wp\/v2\/types\/product"}],"author":[{"embeddable":true,"href":"https:\/\/corn-machine.com\/de\/wp-json\/wp\/v2\/users\/1"}],"wp:featuredmedia":[{"embeddable":true,"href":"https:\/\/corn-machine.com\/de\/wp-json\/wp\/v2\/media\/1509"}],"wp:attachment":[{"href":"https:\/\/corn-machine.com\/de\/wp-json\/wp\/v2\/media?parent=1505"}],"wp:term":[{"taxonomy":"post_tag","embeddable":true,"href":"https:\/\/corn-machine.com\/de\/wp-json\/wp\/v2\/tags?post=1505"},{"taxonomy":"product-type","embeddable":true,"href":"https:\/\/corn-machine.com\/de\/wp-json\/wp\/v2\/product-type?post=1505"}],"curies":[{"name":"wp","href":"https:\/\/api.w.org\/{rel}","templated":true}]}}