{"id":1602,"date":"2026-02-26T14:28:54","date_gmt":"2026-02-26T06:28:54","guid":{"rendered":"https:\/\/corn-machine.com\/?post_type=product&#038;p=1602"},"modified":"2026-03-03T11:30:32","modified_gmt":"2026-03-03T03:30:32","slug":"5tym-850-maize-shelling-machine","status":"publish","type":"product","link":"https:\/\/corn-machine.com\/de\/product\/5tym-850-maize-shelling-machine\/","title":{"rendered":"5TYM-850-Maisentkernermaschine"},"content":{"rendered":"<p class=\"translation-block\">Die 5TYM-850 <strong>Maisentk\u00f6rnungsmaschine<\/strong> ist eine spezialisierte Ausr\u00fcstung f\u00fcr die Maisdreschung. Mit ihren gro\u00dfen Fahrreifen, verst\u00e4rktem Chassis und einem extra gro\u00dfen Ventilationsreinigungssystem ist sie ideal f\u00fcr Feldarbeiten und h\u00e4ufige Standortwechsel.<\/p>    <p>Ihre kompakte Gr\u00f6\u00dfe und die hohe Produktionseffizienz von 4-6 t\/h sowie eine Dreschrate von 99 % haben sie zu einer bevorzugten Wahl f\u00fcr lokale Anbieter und internationale Ausschreibungsprojekte gemacht, die bereits L\u00e4ndern wie \u00c4thiopien und Gambia bei landwirtschaftlichen Entwicklungsprojekten geholfen haben.<\/p>    <figure class=\"wp-block-gallery has-nested-images columns-default is-cropped wp-block-gallery-2 is-layout-flex wp-block-gallery-is-layout-flex\"> <figure class=\"wp-block-image size-large\"><img loading=\"lazy\" decoding=\"async\" width=\"720\" height=\"540\" data-id=\"1608\" src=\"https:\/\/corn-machine.com\/wp-content\/uploads\/2026\/02\/Ethiopian-corn-thresher-trial-operation.webp\" alt=\"\u00c4thiopischer Maisdreschversuch\" class=\"wp-image-1608\" title=\"\" srcset=\"https:\/\/corn-machine.com\/wp-content\/uploads\/2026\/02\/Ethiopian-corn-thresher-trial-operation.webp 720w, https:\/\/corn-machine.com\/wp-content\/uploads\/2026\/02\/Ethiopian-corn-thresher-trial-operation-300x225.webp 300w, https:\/\/corn-machine.com\/wp-content\/uploads\/2026\/02\/Ethiopian-corn-thresher-trial-operation-16x12.webp 16w\" sizes=\"auto, (max-width: 720px) 100vw, 720px\" \/><figcaption class=\"wp-element-caption\">\u00c4thiopischer Maisdreschversuch<\/figcaption><\/figure>    <figure class=\"wp-block-image size-large\"><img loading=\"lazy\" decoding=\"async\" width=\"720\" height=\"540\" data-id=\"1609\" src=\"https:\/\/corn-machine.com\/wp-content\/uploads\/2026\/02\/Gambia-tenders-for-65-corn-threshers.webp\" alt=\"Gambia-Ausschreibungen f\u00fcr 65 Maisdrescher\" class=\"wp-image-1609\" title=\"\" srcset=\"https:\/\/corn-machine.com\/wp-content\/uploads\/2026\/02\/Gambia-tenders-for-65-corn-threshers.webp 720w, https:\/\/corn-machine.com\/wp-content\/uploads\/2026\/02\/Gambia-tenders-for-65-corn-threshers-300x225.webp 300w, https:\/\/corn-machine.com\/wp-content\/uploads\/2026\/02\/Gambia-tenders-for-65-corn-threshers-16x12.webp 16w\" sizes=\"auto, (max-width: 720px) 100vw, 720px\" \/><figcaption class=\"wp-element-caption\">Gambia-Ausschreibungen f\u00fcr 65 Maisdrescher<\/figcaption><\/figure> <\/figure>    <h2 class=\"wp-block-heading\"><strong>Vorteile dieser Maisdreschmaschine im Vergleich zu anderen Typen<\/strong><\/h2>    <ol class=\"wp-block-list\"> <li>Einfache Mobilit\u00e4t: Ausgestattet mit gro\u00dfen Reifen und einem robusten Chassis kann die Maisentk\u00f6rnungsmaschine leicht entlang l\u00e4ndlicher Stra\u00dfen und auf Ackerland bewegt werden.<\/li>    <li>Superior cleaning system: The corn sheller machine&#8217;s large fan efficiently removes minor impurities, resulting in clean kernels and reducing the need for secondary cleaning.<\/li>    <li>Vollautomatische Trennung: Ausgestattet mit einem windgetriebenen Trennsystem trennt sie automatisch K\u00f6rner, Kolben, H\u00fcllen und Kleie.<\/li>    <li>Geringe K\u00f6rnerbesch\u00e4digung: Die Bruchrate der K\u00f6rner bei dieser Maisdreschmaschine betr\u00e4gt \u22643 %, was einen h\u00f6heren Marktwert beim Verkauf gew\u00e4hrleistet.<\/li>    <li>Mehrere Stromoptionen: Ein Drehstrommotor oder Dieselmotor kann je nach Bedarf als Energiequelle gew\u00e4hlt werden.<\/li> <\/ol>    <figure class=\"wp-block-gallery has-nested-images columns-default is-cropped wp-block-gallery-3 is-layout-flex wp-block-gallery-is-layout-flex\"> <figure class=\"wp-block-image size-large\"><img loading=\"lazy\" decoding=\"async\" width=\"720\" height=\"540\" data-id=\"1611\" src=\"https:\/\/corn-machine.com\/wp-content\/uploads\/2026\/02\/portable-maize-threshing-machine.webp\" alt=\"Tragbare Maisdreschmaschine\" class=\"wp-image-1611\" title=\"\" srcset=\"https:\/\/corn-machine.com\/wp-content\/uploads\/2026\/02\/portable-maize-threshing-machine.webp 720w, https:\/\/corn-machine.com\/wp-content\/uploads\/2026\/02\/portable-maize-threshing-machine-300x225.webp 300w, https:\/\/corn-machine.com\/wp-content\/uploads\/2026\/02\/portable-maize-threshing-machine-16x12.webp 16w\" sizes=\"auto, (max-width: 720px) 100vw, 720px\" \/><figcaption class=\"wp-element-caption\">Tragbare Maisdreschmaschine<\/figcaption><\/figure>    <figure class=\"wp-block-image size-large\"><img loading=\"lazy\" decoding=\"async\" width=\"720\" height=\"540\" data-id=\"1610\" src=\"https:\/\/corn-machine.com\/wp-content\/uploads\/2026\/02\/small-corn-sheller-machine.webp\" alt=\"Kleine Maisentk\u00f6rnungsmaschine\" class=\"wp-image-1610\" title=\"\" srcset=\"https:\/\/corn-machine.com\/wp-content\/uploads\/2026\/02\/small-corn-sheller-machine.webp 720w, https:\/\/corn-machine.com\/wp-content\/uploads\/2026\/02\/small-corn-sheller-machine-300x225.webp 300w, https:\/\/corn-machine.com\/wp-content\/uploads\/2026\/02\/small-corn-sheller-machine-16x12.webp 16w\" sizes=\"auto, (max-width: 720px) 100vw, 720px\" \/><figcaption class=\"wp-element-caption\">Kleine Maisentk\u00f6rnungsmaschine<\/figcaption><\/figure> <\/figure>    <h2 class=\"wp-block-heading\"><strong>Wie funktioniert diese Maisdreschmaschine?<\/strong><\/h2>    <p>Der Arbeitsablauf besteht haupts\u00e4chlich aus f\u00fcnf Schritten: Zuf\u00fchrungsphase \u2192 Dreschprozess \u2192 Siebprozess \u2192 Verunreinigungsentfernung \u2192 Maiskolbenentladung.<\/p>    <p>Die prim\u00e4re Dreschmethode besteht darin, eine hochdrehende Trommel und Spiralz\u00e4hne zu verwenden, um die Maisk\u00f6rner durch Hammerschl\u00e4ge und Reibung vom Kolben zu trennen.<\/p>    <p>Der gesch\u00e4lte Mais f\u00e4llt \u00fcber eine Rutsche auf ein vibrierendes Sieb und f\u00e4llt darunter, w\u00e4hrend zerbrochene Maiskolben durch das vibrierende Sieb abgeleitet werden. H\u00fcllen und leichte Verunreinigungen werden in den Gebl\u00e4seeinlass geblasen und durch einen Hochleistungsventilator ausgesto\u00dfen.<\/p>    <figure class=\"wp-block-embed aligncenter is-type-video is-provider-youtube wp-block-embed-youtube wp-embed-aspect-16-9 wp-has-aspect-ratio\"><div class=\"wp-block-embed__wrapper\"> <iframe loading=\"lazy\" title=\"5TYM-850 Maisdreschmaschine Arbeitsvideo | 4-6T\/H Maisdrescher Test Kontakt:  8617703863868\" width=\"500\" height=\"281\" src=\"https:\/\/www.youtube.com\/embed\/npfx45Ch6q0?feature=oembed\" frameborder=\"0\" allow=\"accelerometer; autoplay; clipboard-write; encrypted-media; gyroscope; picture-in-picture; web-share\" referrerpolicy=\"strict-origin-when-cross-origin\" allowfullscreen><\/iframe> <\/div><figcaption class=\"wp-element-caption\">Funktionstest dieser Maisentk\u00f6rnungsmaschine<\/figcaption><\/figure>    <h2 class=\"wp-block-heading\"><strong>Struktur der Maisentk\u00f6rnungsmaschine<\/strong><\/h2>    <p>Die 5TYM-850 Maisdreschmaschine besteht aus folgenden Teilen: Anh\u00e4ngerahmen, St\u00fctzbeine, Chassis, R\u00e4der, Schutzabdeckung (einschlie\u00dflich Keilriemen), Zuf\u00fchr\u00f6ffnung, Ventilaustritt und Dieselmotor.<\/p>    <p>Sein verst\u00e4rkter Unterrahmen und das einzigartige gro\u00dfe Reifen-Design gew\u00e4hrleisten einen reibungslosen Betrieb auf l\u00e4ndlichen Stra\u00dfen und in Feldumgebungen. Nachfolgend sind die detaillierten Konstruktionsspezifikationen aufgef\u00fchrt.<\/p>   <div class=\"wp-block-image\"> <figure class=\"aligncenter size-full\"><img loading=\"lazy\" decoding=\"async\" width=\"720\" height=\"540\" src=\"https:\/\/corn-machine.com\/wp-content\/uploads\/2026\/02\/structure-of-shelling-corn-machine.webp\" alt=\"Struktur der Maisdreschmaschine\" class=\"wp-image-1615\" title=\"\" srcset=\"https:\/\/corn-machine.com\/wp-content\/uploads\/2026\/02\/structure-of-shelling-corn-machine.webp 720w, https:\/\/corn-machine.com\/wp-content\/uploads\/2026\/02\/structure-of-shelling-corn-machine-300x225.webp 300w, https:\/\/corn-machine.com\/wp-content\/uploads\/2026\/02\/structure-of-shelling-corn-machine-16x12.webp 16w\" sizes=\"auto, (max-width: 720px) 100vw, 720px\" \/><figcaption class=\"wp-element-caption\">Struktur der Maisdreschmaschine<\/figcaption><\/figure> <\/div>   <h2 class=\"wp-block-heading\"><strong>Technische Parameter der Maisentk\u00f6rnungsmaschine<\/strong><\/h2>    <figure class=\"wp-block-table aligncenter\"><table class=\"has-fixed-layout\"><tbody><tr><td>Modell<\/td><td>5TYM-850<\/td><\/tr><tr><td>Leistung<\/td><td>12PS wassergek\u00fchlter Dieselmotor, R\u00fccklaufstart<br>(Der Elektromotor kann ebenfalls hinzugef\u00fcgt werden.)<\/td><\/tr><tr><td>Kapazit\u00e4t<\/td><td>4-6t\/h<\/td><\/tr><tr><td>Gr\u00f6\u00dfe<\/td><td>2300*1100*1300mm<\/td><\/tr><tr><td>Gewicht<\/td><td>326kg<\/td><\/tr><tr><td>Reinigungseffizienz<\/td><td>\u2265 98 %<\/td><\/tr><tr><td>Entk\u00f6rnungswirkungsgrad<\/td><td>\u2265 98 %<\/td><\/tr><tr><td>Kornbruch<\/td><td>\u22643 %<\/td><\/tr><tr><td>Getreideverlust<\/td><td>\u22642 %<\/td><\/tr><\/tbody><\/table><figcaption class=\"wp-element-caption\">Spezifikation der Maisentk\u00f6rnungsmaschine<\/figcaption><\/figure>    <p>Die Farbe, Reifen Gr\u00f6\u00dfe und Spannung unserer Maisentk\u00f6rnungsmaschine k\u00f6nnen an spezifische Anforderungen angepasst werden. F\u00fcr weitere Informationen zur Anpassung kontaktieren Sie uns bitte.<\/p>   <div class=\"wp-block-image\"> <figure class=\"aligncenter size-full\"><img loading=\"lazy\" decoding=\"async\" width=\"720\" height=\"540\" src=\"https:\/\/corn-machine.com\/wp-content\/uploads\/2026\/02\/automatic-corn-thresher.webp\" alt=\"automatischer Maisdruschapparat\" class=\"wp-image-1612\" title=\"\" srcset=\"https:\/\/corn-machine.com\/wp-content\/uploads\/2026\/02\/automatic-corn-thresher.webp 720w, https:\/\/corn-machine.com\/wp-content\/uploads\/2026\/02\/automatic-corn-thresher-300x225.webp 300w, https:\/\/corn-machine.com\/wp-content\/uploads\/2026\/02\/automatic-corn-thresher-16x12.webp 16w\" sizes=\"auto, (max-width: 720px) 100vw, 720px\" \/><figcaption class=\"wp-element-caption\">automatischer Maisdruschapparat<\/figcaption><\/figure> <\/div>   <h2 class=\"wp-block-heading\"><strong>Installations-, Betriebs- und Sicherheitsregeln f\u00fcr den Maiskolbenentkerner<\/strong><\/h2>    <p>Zur Erleichterung des Transports wurden einige Teile dieser Maisentk\u00f6rnungsmaschine zerlegt. Bauen Sie sie vor der Verwendung gem\u00e4\u00df dem bereitgestellten Strukturdiagramm wieder zusammen.<\/p>    <p class=\"translation-block\"><strong>Vor dem Betrieb<\/strong> f\u00fchren Sie Folgendes durch:<\/p>    <ol class=\"wp-block-list\"> <li>Alle Befestigungen auf Lockerheit \u00fcberpr\u00fcfen.<\/li>    <li>Stellen Sie sicher, dass die rotierenden Teile reibungslos laufen.<\/li>    <li>Best\u00e4tigen Sie, dass sich keine Fremdk\u00f6rper im Ventilator befinden.<\/li>    <li>Drehen Sie manuell den Riemen, um Reibung oder ungew\u00f6hnliche Ger\u00e4usche zu \u00fcberpr\u00fcfen.<\/li>    <li>F\u00fchren Sie die Maschine zun\u00e4chst unbelastet aus.<\/li> <\/ol>    <p class=\"translation-block\"><strong>Vor jedem Betrieb<\/strong> beachten Sie Folgendes:<\/p>    <ol class=\"wp-block-list\"> <li>Fetten Sie die Lager ein.<\/li>    <li>F\u00fcgen Sie ausreichend Motor\u00f6l in den Dieselmotor ein.<\/li>    <li>Lassen Sie die Maschine einige Minuten im Leerlauf laufen, bevor Sie Mais zuf\u00fchren.<\/li>    <li>\u00dcberdrehen Sie die Maschine niemals.<\/li>    <li>Das Rohmaterial, also der verwendete Mais, sollte nicht zu nass sein.<\/li> <\/ol>    <p class=\"translation-block\"><strong>Nach dem Betrieb<\/strong> f\u00fchren Sie eine einfache Wartung an der Maisdreschmaschine durch:<\/p>    <ol class=\"wp-block-list\"> <li>Entfernung von inneren R\u00fcckst\u00e4nden.<\/li>    <li>Alle Schmierstellen schmieren.<\/li>    <li>Wenn Sie es l\u00e4ngere Zeit nicht verwenden, lagern Sie es an einem trockenen, gut bel\u00fcfteten Ort.<\/li> <\/ol>    <h2 class=\"wp-block-heading\"><strong>Wann sollten Sie diese Art von Maisdreschmaschine w\u00e4hlen?<\/strong><\/h2>    <p>Diese Art von Maisentkerner ist ideal f\u00fcr:<\/p>    <ol class=\"wp-block-list\"> <li>Wenn Sie eine Verarbeitungskapazit\u00e4t von 4-6 Tonnen pro Stunde ben\u00f6tigen.<\/li>    <li>Wenn Sie eine mobile Maschine ben\u00f6tigen, die einfach im Feld zu bedienen ist.<\/li>    <li>Wenn Sie eine hohe Dreschleistung und geringe K\u00f6rnerbesch\u00e4digung ben\u00f6tigen.<\/li> <\/ol>    <p>Wenn Sie nach einer langlebigen, effizienten, einfach zu bewegenden und sauberen L\u00f6sung f\u00fcr die kleine Maisdreschung suchen, ist die 5TYM-850 Maisdreschmaschine die perfekte Wahl.<\/p>    <figure class=\"wp-block-gallery has-nested-images columns-default is-cropped wp-block-gallery-4 is-layout-flex wp-block-gallery-is-layout-flex\"> <figure class=\"wp-block-image size-large\"><img loading=\"lazy\" decoding=\"async\" width=\"720\" height=\"540\" data-id=\"1614\" src=\"https:\/\/corn-machine.com\/wp-content\/uploads\/2026\/02\/corn-threshing-machine-testing.webp\" alt=\"Testen der Maisdreschmaschine\" class=\"wp-image-1614\" title=\"\" srcset=\"https:\/\/corn-machine.com\/wp-content\/uploads\/2026\/02\/corn-threshing-machine-testing.webp 720w, https:\/\/corn-machine.com\/wp-content\/uploads\/2026\/02\/corn-threshing-machine-testing-300x225.webp 300w, https:\/\/corn-machine.com\/wp-content\/uploads\/2026\/02\/corn-threshing-machine-testing-16x12.webp 16w\" sizes=\"auto, (max-width: 720px) 100vw, 720px\" \/><figcaption class=\"wp-element-caption\">Testen der Maisdreschmaschine<\/figcaption><\/figure>    <figure class=\"wp-block-image size-large\"><img loading=\"lazy\" decoding=\"async\" width=\"720\" height=\"540\" data-id=\"1613\" src=\"https:\/\/corn-machine.com\/wp-content\/uploads\/2026\/02\/corn-thresher-sheller-machine.webp\" alt=\"Maisdreschmaschine\" class=\"wp-image-1613\" title=\"\" srcset=\"https:\/\/corn-machine.com\/wp-content\/uploads\/2026\/02\/corn-thresher-sheller-machine.webp 720w, https:\/\/corn-machine.com\/wp-content\/uploads\/2026\/02\/corn-thresher-sheller-machine-300x225.webp 300w, https:\/\/corn-machine.com\/wp-content\/uploads\/2026\/02\/corn-thresher-sheller-machine-16x12.webp 16w\" sizes=\"auto, (max-width: 720px) 100vw, 720px\" \/><figcaption class=\"wp-element-caption\">Maisdreschmaschine<\/figcaption><\/figure> <\/figure>    <p>Kunden, die mehrere Einheiten der Maisentk\u00f6rnungsmaschine auf einmal kaufen, k\u00f6nnen unseren Gro\u00dfhandelspreisnachlass nutzen. Kontaktieren Sie uns f\u00fcr die aktuelle Preisliste!<\/p>    <p>Neben dieser Maschine haben wir auch andere meistverkaufte Maisdrescher. Klicken Sie auf den untenstehenden Link f\u00fcr detaillierte Parameterinformationen!<\/p>    <div class=\"wp-block-columns is-layout-flex wp-container-core-columns-is-layout-9d6595d7 wp-block-columns-is-layout-flex\"> <div class=\"wp-block-column is-vertically-aligned-center is-layout-flow wp-block-column-is-layout-flow\"> <div class=\"wp-block-buttons is-content-justification-center is-layout-flex wp-container-core-buttons-is-layout-16018d1d wp-block-buttons-is-layout-flex\"> <div class=\"wp-block-button\"><a class=\"wp-block-button__link wp-element-button\" href=\"https:\/\/corn-machine.com\/de\/product\/multi-function-corn-thresher\/\">Multifunktions-Maisdrescher<\/a><\/div> <\/div> <\/div>    <div class=\"wp-block-column is-layout-flow wp-block-column-is-layout-flow\"> <div class=\"wp-block-buttons is-content-justification-center is-layout-flex wp-container-core-buttons-is-layout-16018d1d wp-block-buttons-is-layout-flex\"> <div class=\"wp-block-button\"><a class=\"wp-block-button__link wp-element-button\" href=\"https:\/\/corn-machine.com\/de\/product\/small-type-corn-seed-remover-machine\/\">Kleine Saatgutentferner f\u00fcr Mais <\/a><\/div> <\/div> <\/div> <\/div>","protected":false},"excerpt":{"rendered":"<p>The 5TYM-850 corn thresher has a processing capacity of 4-6 tons per hour, a threshing efficiency of \u226598%, and a low grain breakage rate. Equipped with a spiral needle roller, a large-capacity air cleaning system, and a robust mobile chassis, this machine is an ideal choice for suppliers and agricultural projects.<\/p>","protected":false},"author":1,"featured_media":1616,"parent":0,"template":"","tags":[31],"product-type":[42],"class_list":["post-1602","product","type-product","status-publish","has-post-thumbnail","hentry","tag-corn","product-type-maize-sheller-machine"],"_links":{"self":[{"href":"https:\/\/corn-machine.com\/de\/wp-json\/wp\/v2\/product\/1602","targetHints":{"allow":["GET"]}}],"collection":[{"href":"https:\/\/corn-machine.com\/de\/wp-json\/wp\/v2\/product"}],"about":[{"href":"https:\/\/corn-machine.com\/de\/wp-json\/wp\/v2\/types\/product"}],"author":[{"embeddable":true,"href":"https:\/\/corn-machine.com\/de\/wp-json\/wp\/v2\/users\/1"}],"wp:featuredmedia":[{"embeddable":true,"href":"https:\/\/corn-machine.com\/de\/wp-json\/wp\/v2\/media\/1616"}],"wp:attachment":[{"href":"https:\/\/corn-machine.com\/de\/wp-json\/wp\/v2\/media?parent=1602"}],"wp:term":[{"taxonomy":"post_tag","embeddable":true,"href":"https:\/\/corn-machine.com\/de\/wp-json\/wp\/v2\/tags?post=1602"},{"taxonomy":"product-type","embeddable":true,"href":"https:\/\/corn-machine.com\/de\/wp-json\/wp\/v2\/product-type?post=1602"}],"curies":[{"name":"wp","href":"https:\/\/api.w.org\/{rel}","templated":true}]}}