{"id":1666,"date":"2026-03-17T15:59:37","date_gmt":"2026-03-17T07:59:37","guid":{"rendered":"https:\/\/corn-machine.com\/?post_type=product&#038;p=1666"},"modified":"2026-03-17T15:59:38","modified_gmt":"2026-03-17T07:59:38","slug":"tmr-feed-mixer-for-dairy-livestock-farms","status":"publish","type":"product","link":"https:\/\/corn-machine.com\/de\/product\/tmr-feed-mixer-for-dairy-livestock-farms\/","title":{"rendered":"TMR-Futtermischer"},"content":{"rendered":"<p class=\"translation-block\">Der <strong>TMR-Futtermischer<\/strong> ist eine Futterverarbeitungsmaschine, die Schneiden, Zerkleinern und Mischen in einer Einheit integriert, um Landwirten bei der Zubereitung einer ausgewogenen Total Mixed Ration (TMR) zu helfen, indem sie Raufutter, Konzentrate, Mineralien und Vitamine gr\u00fcndlich vermischt.<\/p>    <p>Durch Verhinderung des Sortierens des Futters durch die Tiere stellen TMR-Systeme sicher, dass jeder Bissen die gleiche N\u00e4hrstoffzusammensetzung enth\u00e4lt, was sowohl f\u00fcr Milch- als auch f\u00fcr Rinderbetriebe entscheidend ist. Dieser Artikel bietet einen umfassenden \u00dcberblick \u00fcber die TMR-Futtermischer der Serie 9JGL, einschlie\u00dflich ihrer Struktur, Arbeitsprinzipien und Spezifikationen.<\/p>    <h2 class=\"wp-block-heading\"><strong>Wichtige Merkmale des Taizy TMR-Futtermischers<\/strong><\/h2>    <ol class=\"wp-block-list\"> <li>Dieser Silagemischer mischt und zerkleinert schnell verschiedene faserige Zutaten wie Heu, Stroh und Silage, was eine gleichm\u00e4\u00dfige, konsistente Futtermischung gew\u00e4hrleistet.<\/li>    <li>Der Boden des Futtermischbeh\u00e4lters besteht aus hochwertigem Legierungsstahl, um den Anforderungen intensiver landwirtschaftlicher Betriebe standzuhalten.<\/li>    <li>Our animal feed mixer&#8217;s cutting blades are precision-crafted from highly wear-resistant materials, thereby effectively extending the overall service life of the unit.<\/li>    <li>Ein einzelner TMR-Futtermischer kann t\u00e4glich f\u00fcr 200 bis 2.000 Rinder Rationen bereitstellen; seine Betriebseffizienz entspricht der Arbeitsleistung von mehr als 20 Arbeitern.<\/li> <\/ol>   <div class=\"wp-block-image\"> <figure class=\"aligncenter size-full\"><img loading=\"lazy\" decoding=\"async\" width=\"720\" height=\"540\" src=\"https:\/\/corn-machine.com\/wp-content\/uploads\/2026\/03\/electric-TMR-mixer.webp\" alt=\"elektrischer TMR-Mischer\" class=\"wp-image-1678\" title=\"\" srcset=\"https:\/\/corn-machine.com\/wp-content\/uploads\/2026\/03\/electric-TMR-mixer.webp 720w, https:\/\/corn-machine.com\/wp-content\/uploads\/2026\/03\/electric-TMR-mixer-300x225.webp 300w, https:\/\/corn-machine.com\/wp-content\/uploads\/2026\/03\/electric-TMR-mixer-16x12.webp 16w\" sizes=\"auto, (max-width: 720px) 100vw, 720px\" \/><figcaption class=\"wp-element-caption\">elektrischer TMR-Mischer<\/figcaption><\/figure> <\/div>   <p>Die meisten modernen Viehzuchtbetriebe entscheiden sich f\u00fcr Tierfuttermischer aufgrund der erheblichen Vorteile, die sie bieten:<\/p>    <ul class=\"wp-block-list\"> <li>TMR-Systeme verk\u00fcrzen viele Mischzeiten und optimieren den Energieverbrauch.<\/li>    <li>Sie k\u00f6nnen zahlreiche manuelle Aufgaben ersetzen und somit den Arbeitsaufwand erheblich reduzieren.<\/li>    <li>Nach dem Mischen durch die Maschine sorgt das Futter f\u00fcr eine ausgewogene Ern\u00e4hrung der Tiere, was direkt zu Verbesserungen bei Milchproduktion und Wachstumsleistung f\u00fchrt.<\/li> <\/ul>   <div class=\"wp-block-image\"> <figure class=\"aligncenter size-full\"><img loading=\"lazy\" decoding=\"async\" width=\"720\" height=\"540\" src=\"https:\/\/corn-machine.com\/wp-content\/uploads\/2026\/03\/total-mixed-ration-for-cow.webp\" alt=\"Gesamtmischration f\u00fcr K\u00fche\" class=\"wp-image-1682\" title=\"\" srcset=\"https:\/\/corn-machine.com\/wp-content\/uploads\/2026\/03\/total-mixed-ration-for-cow.webp 720w, https:\/\/corn-machine.com\/wp-content\/uploads\/2026\/03\/total-mixed-ration-for-cow-300x225.webp 300w, https:\/\/corn-machine.com\/wp-content\/uploads\/2026\/03\/total-mixed-ration-for-cow-16x12.webp 16w\" sizes=\"auto, (max-width: 720px) 100vw, 720px\" \/><figcaption class=\"wp-element-caption\">Gesamtmischration f\u00fcr K\u00fche<\/figcaption><\/figure> <\/div>   <h2 class=\"wp-block-heading\"><strong>Struktur des TMR-Futtermischers<\/strong><\/h2>    <p>Die Hauptstruktur des Taizy 9JGL-Serie Rinderfuttermischers umfasst die folgenden Systeme:<\/p>    <ol class=\"wp-block-list\"> <li><strong>Mischsystem:<\/strong> Er besteht aus ein oder zwei Spiral-Schnecken, mit Spiralbl\u00e4ttern in links- und rechtsg\u00e4ngiger Ausf\u00fchrung. (Die Schneckenbl\u00e4tter sind aus hochfestem Manganstahl gefertigt und bieten au\u00dfergew\u00f6hnliche Verschlei\u00dffestigkeit.)<\/li>    <li><strong>Entladungssystem:<\/strong> Das Entladeklappe wird von einem Hydraulikzylinder gesteuert; ihre Hauptkomponenten umfassen eine feste St\u00fctzbasis, eine schiebbare Entladetafel und eine Verbindungstange. Eine Magnetplatte ist am Entladeausgang installiert, um metallische Verunreinigungen aus dem Futter anzuziehen und zu entfernen.<\/li>    <li><strong>F\u00fctterungssystem:<\/strong> Benutzer k\u00f6nnen optional einen Futterf\u00f6rderer installieren, um die automatische Beladung des Materials in den Mischraum zu erm\u00f6glichen.<\/li>    <li><strong>W\u00e4gesystem:<\/strong> Besteht haupts\u00e4chlich aus vier Br\u00fcckenlastzellen und einem digitalen W\u00e4gecontroller. Dieses System zeigt in Echtzeit das Gesamtgewicht, das Nettogewicht und die Futterverh\u00e4ltnisse an, um die Pr\u00e4zision der Futterzusammensetzung sicherzustellen.<\/li> <\/ol>   <div class=\"wp-block-image\"> <figure class=\"aligncenter size-full\"><img loading=\"lazy\" decoding=\"async\" width=\"720\" height=\"540\" src=\"https:\/\/corn-machine.com\/wp-content\/uploads\/2026\/03\/structure-of-silage-mixer.webp\" alt=\"Struktur des Silagemischers\" class=\"wp-image-1684\" title=\"\" srcset=\"https:\/\/corn-machine.com\/wp-content\/uploads\/2026\/03\/structure-of-silage-mixer.webp 720w, https:\/\/corn-machine.com\/wp-content\/uploads\/2026\/03\/structure-of-silage-mixer-300x225.webp 300w, https:\/\/corn-machine.com\/wp-content\/uploads\/2026\/03\/structure-of-silage-mixer-16x12.webp 16w\" sizes=\"auto, (max-width: 720px) 100vw, 720px\" \/><figcaption class=\"wp-element-caption\">Struktur des Silagemischers<\/figcaption><\/figure> <\/div>   <h2 class=\"wp-block-heading\"><strong>Arbeitsprinzip des TMR-Silage-Mischers<\/strong><\/h2>    <p>Der Silagemischer der Serie 9JGL arbeitet mit einer rotierenden Schnecke mit Schneidklingen.<\/p>    <p>Sobald Rohstoffe wie Silage, Heu, Stroh und Konzentrate in den Mischbeh\u00e4lter geladen sind, beginnt die Schnecke zu rotieren, zieht die Materialien von beiden Enden des Tanks in Richtung Mitte.<\/p>    <p>Durch die synergistische Wirkung der auf die Schnecke montierten Schneidklingen und der station\u00e4ren Klingen im Inneren der Maschine durchlaufen die Materialien gleichzeitig Schneiden, Zerkleinern und Mischen w\u00e4hrend dieses Prozesses. <\/p>    <p>Nachdem die Materialien gr\u00fcndlich gemischt wurden, wird das Futter durch eine hydraulisch gesteuerte Auslass\u00f6ffnung entlassen.<\/p>    <h2 class=\"wp-block-heading\"><strong>Verschiedene Arten von TMR-Futtermischern<\/strong><\/h2>    <p>Die von Taizy gelieferten TMR-Futtermischer werden haupts\u00e4chlich in zwei Typen unterteilt: vertikal und horizontal.<\/p>    <h3 class=\"wp-block-heading\">Vertikale Tiermischmaschine<\/h3>    <h4 class=\"wp-block-heading\"><strong>Merkmale des vertikalen Mischers f\u00fcr Kuhfutter:<\/strong><\/h4>    <ol class=\"wp-block-list\"> <li>Geringe Ausfallrate<\/li>    <li>Einfache Struktur<\/li>    <li>Geeignet f\u00fcr langfaseriges Material (Heu, langes Futtergras, Haferstroh usw.)<\/li> <\/ol>    <h4 class=\"wp-block-heading\"><strong>Vorteile der vertikalen TMR-Futtermischer:<\/strong><\/h4>    <ul class=\"wp-block-list\"> <li>\u00dcberlegene Mischleistung f\u00fcr faserreiches Futter<\/li>    <li>L\u00e4ngere Lebensdauer<\/li>    <li>Geringere Wartungskosten<\/li> <\/ul>   <div class=\"wp-block-image\"> <figure class=\"aligncenter size-full\"><img loading=\"lazy\" decoding=\"async\" width=\"720\" height=\"540\" src=\"https:\/\/corn-machine.com\/wp-content\/uploads\/2026\/03\/vertical-TMR-feed-mixer.webp\" alt=\"vertikaler TMR-Futtermischer\" class=\"wp-image-1674\" title=\"\" srcset=\"https:\/\/corn-machine.com\/wp-content\/uploads\/2026\/03\/vertical-TMR-feed-mixer.webp 720w, https:\/\/corn-machine.com\/wp-content\/uploads\/2026\/03\/vertical-TMR-feed-mixer-300x225.webp 300w, https:\/\/corn-machine.com\/wp-content\/uploads\/2026\/03\/vertical-TMR-feed-mixer-16x12.webp 16w\" sizes=\"auto, (max-width: 720px) 100vw, 720px\" \/><figcaption class=\"wp-element-caption\">vertikaler TMR-Futtermischer<\/figcaption><\/figure> <\/div>   <h3 class=\"wp-block-heading\"><strong>horizontaler Rinderfuttermischer<\/strong><\/h3>    <h4 class=\"wp-block-heading\"><strong>Merkmale horizontaler Tierfuttermischer:<\/strong><\/h4>    <ol class=\"wp-block-list\"> <li>Schnelleres Mischtempo<\/li>    <li>Ausgestattet mit mehreren Paddeln oder Schnecken<\/li>    <li>Geeignet f\u00fcr die Verarbeitung von weichem Raufutter wie Silage<\/li> <\/ol>    <h4 class=\"wp-block-heading\"><strong>Vorteile von <strong>horizontal <\/strong>Tierfuttermischer:<\/strong><\/h4>    <ul class=\"wp-block-list\"> <li>Schnelles Mischen<\/li>    <li>Geeignet f\u00fcr Futtermaterialien mit h\u00f6herem Feuchtigkeitsgehalt<\/li> <\/ul>   <div class=\"wp-block-image\"> <figure class=\"aligncenter size-full\"><img loading=\"lazy\" decoding=\"async\" width=\"720\" height=\"540\" src=\"https:\/\/corn-machine.com\/wp-content\/uploads\/2026\/03\/horizontal-animal-food-feed-mixer.webp\" alt=\"horizontaler Tierfuttermischer\" class=\"wp-image-1675\" title=\"\" srcset=\"https:\/\/corn-machine.com\/wp-content\/uploads\/2026\/03\/horizontal-animal-food-feed-mixer.webp 720w, https:\/\/corn-machine.com\/wp-content\/uploads\/2026\/03\/horizontal-animal-food-feed-mixer-300x225.webp 300w, https:\/\/corn-machine.com\/wp-content\/uploads\/2026\/03\/horizontal-animal-food-feed-mixer-16x12.webp 16w\" sizes=\"auto, (max-width: 720px) 100vw, 720px\" \/><figcaption class=\"wp-element-caption\">horizontaler Tierfuttermischer<\/figcaption><\/figure> <\/div>   <p>Die folgende Tabelle vergleicht die Unterschiede zwischen vertikalen und horizontalen Futtermischern:<\/p>    <figure class=\"wp-block-table\"><table class=\"has-fixed-layout\"><thead><tr><th>Merkmal<\/th><th>Vertikaler Mischer<\/th><th>Horizontalmischer<\/th><\/tr><\/thead><tbody><tr><td>Mischmethode<\/td><td>Spiralschnecke<\/td><td>Schaufel oder Mehrschnecke<\/td><\/tr><tr><td>Beste Materialien<\/td><td>Trockenes Heu, Stroh, Hafer<\/td><td>Silage und feuchtes Futter<\/td><\/tr><tr><td>Struktur<\/td><td>Einfach<\/td><td>Komplexer<\/td><\/tr><tr><td>Ausfallrate<\/td><td>Niedriger<\/td><td>Etwas h\u00f6her<\/td><\/tr><tr><td>Wartung<\/td><td>Einfach<\/td><td>M\u00e4\u00dfig<\/td><\/tr><\/tbody><\/table><figcaption class=\"wp-element-caption\">Vergleich zwischen vertikalem und horizontalem Mischer<\/figcaption><\/figure>    <figure class=\"wp-block-gallery has-nested-images columns-default is-cropped wp-block-gallery-2 is-layout-flex wp-block-gallery-is-layout-flex\"> <figure class=\"wp-block-image size-large\"><img loading=\"lazy\" decoding=\"async\" width=\"720\" height=\"540\" data-id=\"1677\" src=\"https:\/\/corn-machine.com\/wp-content\/uploads\/2026\/03\/internal-structure-of-horizontal-feed-mixer.webp\" alt=\"Innenstruktur des horizontalen Futtermischers\" class=\"wp-image-1677\" title=\"\" srcset=\"https:\/\/corn-machine.com\/wp-content\/uploads\/2026\/03\/internal-structure-of-horizontal-feed-mixer.webp 720w, https:\/\/corn-machine.com\/wp-content\/uploads\/2026\/03\/internal-structure-of-horizontal-feed-mixer-300x225.webp 300w, https:\/\/corn-machine.com\/wp-content\/uploads\/2026\/03\/internal-structure-of-horizontal-feed-mixer-16x12.webp 16w\" sizes=\"auto, (max-width: 720px) 100vw, 720px\" \/><figcaption class=\"wp-element-caption\">Innenstruktur des horizontalen Futtermischers<\/figcaption><\/figure>    <figure class=\"wp-block-image size-large\"><img loading=\"lazy\" decoding=\"async\" width=\"720\" height=\"540\" data-id=\"1676\" src=\"https:\/\/corn-machine.com\/wp-content\/uploads\/2026\/03\/internal-structure-of-vertical-feed-mixer.webp\" alt=\"Innenstruktur des vertikalen Futtermischers\" class=\"wp-image-1676\" title=\"\" srcset=\"https:\/\/corn-machine.com\/wp-content\/uploads\/2026\/03\/internal-structure-of-vertical-feed-mixer.webp 720w, https:\/\/corn-machine.com\/wp-content\/uploads\/2026\/03\/internal-structure-of-vertical-feed-mixer-300x225.webp 300w, https:\/\/corn-machine.com\/wp-content\/uploads\/2026\/03\/internal-structure-of-vertical-feed-mixer-16x12.webp 16w\" sizes=\"auto, (max-width: 720px) 100vw, 720px\" \/><figcaption class=\"wp-element-caption\">Innenstruktur des vertikalen Futtermischers<\/figcaption><\/figure> <\/figure>    <p>Dar\u00fcber hinaus kann der normale TMR-Mischer auch anhand seiner Mobilit\u00e4t klassifiziert werden:<\/p>    <ul class=\"wp-block-list\"> <li>Der station\u00e4re Silagemischwagen: An einem festen Standort installiert, geeignet f\u00fcr automatisierte F\u00fctterungssysteme.<\/li>    <li>Der Anh\u00e4nger-TMR-Mischer: Ausgestattet mit R\u00e4dern oder gezogen von einem Traktor, erm\u00f6glicht integrierte Misch- und F\u00fctterungsoperationen.<\/li> <\/ul>    <h2 class=\"wp-block-heading\"><strong>Modelle und Spezifikationen der Serie 9JGL f\u00fcr Schaffuttermischer<\/strong><\/h2>    <figure class=\"wp-block-table\"><table class=\"has-fixed-layout\"><thead><tr><th class=\"has-text-align-center\" data-align=\"center\">Modell<\/th><th class=\"has-text-align-center\" data-align=\"center\">Kapazit\u00e4t<\/th><th class=\"has-text-align-center\" data-align=\"center\">Leistung<\/th><th class=\"has-text-align-center\" data-align=\"center\">Schnecken-Geschwindigkeit<\/th><th class=\"has-text-align-center\" data-align=\"center\">Gewicht <\/th><\/tr><\/thead><tbody><tr><td class=\"has-text-align-center\" data-align=\"center\">9JGL-4<\/td><td class=\"has-text-align-center\" data-align=\"center\">4m\u00b3<\/td><td class=\"has-text-align-center\" data-align=\"center\">15   1,5kW<\/td><td class=\"has-text-align-center\" data-align=\"center\">26r\/min<\/td><td class=\"has-text-align-center\" data-align=\"center\">1620kg<\/td><\/tr><tr><td class=\"has-text-align-center\" data-align=\"center\">9JGL-5<\/td><td class=\"has-text-align-center\" data-align=\"center\">5m\u00b3<\/td><td class=\"has-text-align-center\" data-align=\"center\">18,5   1,5kW<\/td><td class=\"has-text-align-center\" data-align=\"center\">26r\/min<\/td><td class=\"has-text-align-center\" data-align=\"center\">1820kg<\/td><\/tr><tr><td class=\"has-text-align-center\" data-align=\"center\">9JGL-7<\/td><td class=\"has-text-align-center\" data-align=\"center\">7m\u00b3<\/td><td class=\"has-text-align-center\" data-align=\"center\">22   1,5kW<\/td><td class=\"has-text-align-center\" data-align=\"center\">26r\/min<\/td><td class=\"has-text-align-center\" data-align=\"center\">2460kg<\/td><\/tr><tr><td class=\"has-text-align-center\" data-align=\"center\">9JGL-9<\/td><td class=\"has-text-align-center\" data-align=\"center\">9m\u00b3<\/td><td class=\"has-text-align-center\" data-align=\"center\">30   1,5kW<\/td><td class=\"has-text-align-center\" data-align=\"center\">26r\/min<\/td><td class=\"has-text-align-center\" data-align=\"center\">2900kg<\/td><\/tr><tr><td class=\"has-text-align-center\" data-align=\"center\">9JGL-12<\/td><td class=\"has-text-align-center\" data-align=\"center\">12m\u00b3<\/td><td class=\"has-text-align-center\" data-align=\"center\">37   1,5kW<\/td><td class=\"has-text-align-center\" data-align=\"center\">26r\/min<\/td><td class=\"has-text-align-center\" data-align=\"center\">3600kg<\/td><\/tr><\/tbody><\/table><figcaption class=\"wp-element-caption\">Modelle und technische Spezifikationen des Rinderfuttermischers<\/figcaption><\/figure>    <ul class=\"wp-block-list\"> <li>Stromversorgung: 3-phasig 380V, 50Hz<\/li>    <li>Schneckenmaterial: Verschlei\u00dffester Manganstahl<\/li>    <li>Maximale Wiegekapazit\u00e4t: 32.000 kg<\/li> <\/ul>    <p>Au\u00dferdem bieten wir zus\u00e4tzliche Modelle an, darunter 15 m\u00b3, 20 m\u00b3 und andere. Bei spezifischen Anforderungen kontaktieren Sie uns bitte f\u00fcr die neuesten Informationen.<\/p>   <div class=\"wp-block-image\"> <figure class=\"aligncenter size-full\"><img loading=\"lazy\" decoding=\"async\" width=\"720\" height=\"540\" src=\"https:\/\/corn-machine.com\/wp-content\/uploads\/2026\/03\/livestock-feed-mixer.webp\" alt=\"Tierfuttermischer\" class=\"wp-image-1679\" title=\"\" srcset=\"https:\/\/corn-machine.com\/wp-content\/uploads\/2026\/03\/livestock-feed-mixer.webp 720w, https:\/\/corn-machine.com\/wp-content\/uploads\/2026\/03\/livestock-feed-mixer-300x225.webp 300w, https:\/\/corn-machine.com\/wp-content\/uploads\/2026\/03\/livestock-feed-mixer-16x12.webp 16w\" sizes=\"auto, (max-width: 720px) 100vw, 720px\" \/><figcaption class=\"wp-element-caption\">Tierfuttermischer<\/figcaption><\/figure> <\/div>   <h2 class=\"wp-block-heading\"><strong>FAQ zu TMR-Futtermischern<\/strong><\/h2>   <div id=\"rank-math-faq\" class=\"rank-math-block\"> <div class=\"rank-math-list\"> <div id=\"faq-question-1773728072323\" class=\"rank-math-list-item\"> <h3 class=\"rank-math-question\">Wie viele Tiere kann ein einzelner Mischer f\u00fcttern?<\/h3> <div class=\"rank-math-answer\">  <p>Abh\u00e4ngig vom spezifischen Modell kann eine einzelne Maschine t\u00e4glich zwischen 200 und 2.000 Rinder f\u00fcttern.<\/p>  <\/div> <\/div> <div id=\"faq-question-1773728082283\" class=\"rank-math-list-item\"> <h3 class=\"rank-math-question\">Welche Arten von Futtermitteln k\u00f6nnen gemischt werden?<\/h3> <div class=\"rank-math-answer\">  <p>Die g\u00e4ngigen Futtermittel umfassen: Silage, Heu, Stroh, K\u00f6rnerfutter und andere.<\/p>  <\/div> <\/div> <div id=\"faq-question-1773728140107\" class=\"rank-math-list-item\"> <h3 class=\"rank-math-question\">Was ist besser: Vertikaler vs Horizontaler Mischer?<\/h3> <div class=\"rank-math-answer\">  <p>Die Wahl h\u00e4ngt von Ihren spezifischen Bed\u00fcrfnissen ab: Vertikale Mischer sind in der Regel langlebiger und besser geeignet f\u00fcr das Mischen von langfaserigem Futter, w\u00e4hrend horizontale Mischer besser f\u00fcr das Mischen von Silage und feuchtem Futter geeignet sind.<\/p>  <\/div> <\/div> <div id=\"faq-question-1773728209326\" class=\"rank-math-list-item\"> <h3 class=\"rank-math-question\">Kann dieses Ger\u00e4t das Futter automatisch wiegen?<\/h3> <div class=\"rank-math-answer\">  <p>Ja. Der Kuhfuttermischer ist mit einem digitalen Wiegssystem ausgestattet, das die Genauigkeit der Futterverh\u00e4ltnisse gew\u00e4hrleistet.<\/p>  <\/div> <\/div> <\/div> <\/div>  <div class=\"wp-block-image\"> <figure class=\"aligncenter size-full\"><img loading=\"lazy\" decoding=\"async\" width=\"720\" height=\"540\" src=\"https:\/\/corn-machine.com\/wp-content\/uploads\/2026\/03\/self-propelled-TMR-mixer.webp\" alt=\"Selbstfahrender TMR-Mischer\" class=\"wp-image-1680\" title=\"\" srcset=\"https:\/\/corn-machine.com\/wp-content\/uploads\/2026\/03\/self-propelled-TMR-mixer.webp 720w, https:\/\/corn-machine.com\/wp-content\/uploads\/2026\/03\/self-propelled-TMR-mixer-300x225.webp 300w, https:\/\/corn-machine.com\/wp-content\/uploads\/2026\/03\/self-propelled-TMR-mixer-16x12.webp 16w\" sizes=\"auto, (max-width: 720px) 100vw, 720px\" \/><figcaption class=\"wp-element-caption\">Selbstfahrender TMR-Mischer<\/figcaption><\/figure> <\/div>   <h2 class=\"wp-block-heading\"><strong>Wie w\u00e4hlt man den richtigen TMR-Futtermischer aus?<\/strong><\/h2>    <p>When selecting a TMR feed mixer, please consider the following factors: your farm&#8217;s scale (specifically, the number of cattle or sheep), the type of feed used (hay or silage), the power source (electric or tractor-driven), and your specific mobility requirements.<\/p>    <p>Wenn Sie mit dieser Art von TMR-Futtermischer nicht vertraut sind, brauchen Sie sich keine Sorgen zu machen. Taizy bietet fachkundige Einkaufsempfehlungen und gibt Empfehlungen, die auf die spezifischen Bedingungen und Bed\u00fcrfnisse Ihres Betriebs zugeschnitten sind. Kontaktieren Sie uns noch heute, um Ihre individuelle L\u00f6sung zu erhalten!<\/p>    <p class=\"translation-block\">Wenn Sie Schwierigkeiten beim Ballen von Silage haben, klicken Sie hier, um mehr zu erfahren: <a href=\"https:\/\/corn-machine.com\/de\/product\/corn-silage-bale-wrapper-machine\/\">Mais-Silage-Ballenwickelmaschine<\/a>.<br>Wenn Sie frische Silage zerkleinert ernten m\u00f6chten, k\u00f6nnten Sie an dieser Maschine interessiert sein: <a href=\"https:\/\/corn-machine.com\/de\/product\/corn-silage-harvester\/\">Mais-Silage-Erntemaschine<\/a>.<\/p>","protected":false},"excerpt":{"rendered":"<p>The TMR feed mixer is an indispensable piece of equipment in modern livestock farms; it helps improve feed utilization efficiency, increase milk production, reduce labor costs, and ensure that cattle and sheep receive balanced nutrition. This article will introduce you to the various types, working principles, and advantages of TMR mixers.<\/p>","protected":false},"author":1,"featured_media":1685,"parent":0,"template":"","tags":[55],"product-type":[60],"class_list":["post-1666","product","type-product","status-publish","has-post-thumbnail","hentry","tag-cornsilage","product-type-corn-silage-mixer"],"_links":{"self":[{"href":"https:\/\/corn-machine.com\/de\/wp-json\/wp\/v2\/product\/1666","targetHints":{"allow":["GET"]}}],"collection":[{"href":"https:\/\/corn-machine.com\/de\/wp-json\/wp\/v2\/product"}],"about":[{"href":"https:\/\/corn-machine.com\/de\/wp-json\/wp\/v2\/types\/product"}],"author":[{"embeddable":true,"href":"https:\/\/corn-machine.com\/de\/wp-json\/wp\/v2\/users\/1"}],"wp:featuredmedia":[{"embeddable":true,"href":"https:\/\/corn-machine.com\/de\/wp-json\/wp\/v2\/media\/1685"}],"wp:attachment":[{"href":"https:\/\/corn-machine.com\/de\/wp-json\/wp\/v2\/media?parent=1666"}],"wp:term":[{"taxonomy":"post_tag","embeddable":true,"href":"https:\/\/corn-machine.com\/de\/wp-json\/wp\/v2\/tags?post=1666"},{"taxonomy":"product-type","embeddable":true,"href":"https:\/\/corn-machine.com\/de\/wp-json\/wp\/v2\/product-type?post=1666"}],"curies":[{"name":"wp","href":"https:\/\/api.w.org\/{rel}","templated":true}]}}