{"id":1704,"date":"2026-04-07T17:05:06","date_gmt":"2026-04-07T09:05:06","guid":{"rendered":"https:\/\/corn-machine.com\/?post_type=product&#038;p=1704"},"modified":"2026-04-07T17:05:07","modified_gmt":"2026-04-07T09:05:07","slug":"90-model-hay-baler-silage-machine","status":"publish","type":"product","link":"https:\/\/corn-machine.com\/de\/product\/90-model-hay-baler-silage-machine\/","title":{"rendered":"90 Modell Heu-Ernter Silagemaschine"},"content":{"rendered":"<p>Die neueste 9YDB-90 integrierte Heu-Ballen-Silage-Maschine ist eine hochautomatisierte, leistungsstarke L\u00f6sung, die speziell f\u00fcr moderne, gro\u00df angelegte Futterverarbeitung entwickelt wurde und Zuf\u00fchr-, Ballen-, Verpackungs- und R\u00fcckholfunktionen nahtlos integriert.<\/p>    <p>In der Lage, Ballen zwischen 300 und 430 kg bei einer Rate von 55 bis 60 Ballen pro Stunde zu produzieren, verf\u00fcgt sie \u00fcber eine erweiterte Trichterkapazit\u00e4t von 3,5 m\u00b3 und kann mindestens 23 Tonnen Silage pro Stunde verarbeiten und ballen.<\/p>    <figure class=\"wp-block-embed aligncenter is-type-video is-provider-youtube wp-block-embed-youtube wp-embed-aspect-16-9 wp-has-aspect-ratio\"><div class=\"wp-block-embed__wrapper\"> <iframe loading=\"lazy\" title=\"9YDB-90 Heu-Ballen-Silage-Maschine Vollst\u00e4ndige Demo | 55\u201360 Ballen\/Stunde, Vollautomatische Futterl\u00f6sung\" width=\"500\" height=\"281\" src=\"https:\/\/www.youtube.com\/embed\/csMCDY51hVo?feature=oembed\" frameborder=\"0\" allow=\"accelerometer; autoplay; clipboard-write; encrypted-media; gyroscope; picture-in-picture; web-share\" referrerpolicy=\"strict-origin-when-cross-origin\" allowfullscreen><\/iframe> <\/div><figcaption class=\"wp-element-caption\">Arbeitsvideo der Heu-Ballen-Silage-Maschine<\/figcaption><\/figure>    <h2 class=\"wp-block-heading\"><strong>Wichtige Merkmale der 9YDB-90 Silageballenpresse und Verpackungsmaschine<\/strong><\/h2>    <ol class=\"wp-block-list\"> <li>Die Heu-Ballen-Silage-Maschine ist mit einem Vollbild-Touch-Panel ausgestattet und verf\u00fcgt \u00fcber einen vollst\u00e4ndig automatisierten Arbeitsablauf, der den manuellen Eingriff erheblich reduziert.<\/li>    <li>Das automatische Zuf\u00fchrungssystem sorgt f\u00fcr einen kontinuierlichen, unterbrechungsfreien Betrieb der Maschine, die automatisch erkennt, wenn eine volle Ladung erreicht ist, und sofort die Verpackungs- und Knotprozesse ausl\u00f6st.<\/li>    <li>Das aufger\u00fcstete Kettenf\u00f6rderbandsystem transportiert die Ballen reibungslos zur Verpackungsplattform und sorgt daf\u00fcr, dass die Ballen form- oder besch\u00e4digungsfrei bleiben.<\/li>    <li>Ein innovatives Materialr\u00fcckgewinnungssystem sammelt automatisch verstreutes Futter und f\u00fchrt es wieder in den Trichter zur\u00fcck, um die Materialnutzungseffizienz erheblich zu verbessern.<\/li>    <li>Ausgestattet mit pneumatischen Reifen bieten die Silageballen- und Verpackungsmaschinen eine einfache und bequeme Mobilit\u00e4t, was den Einsatz in verschiedenen Feldumgebungen erleichtert.<\/li>    <li>Die Einheit verf\u00fcgt \u00fcber drei unabh\u00e4ngige elektrische Steuerungsk\u00e4sten\u2014jeweils in einem separaten Steuerkasten untergebracht\u2014was die Betriebssicherheit und Wartungsfreundlichkeit deutlich erh\u00f6ht.<\/li> <\/ol>   <div class=\"wp-block-image\"> <figure class=\"aligncenter size-full\"><img loading=\"lazy\" decoding=\"async\" width=\"720\" height=\"540\" src=\"https:\/\/corn-machine.com\/wp-content\/uploads\/2026\/04\/automatic-hay-baler-silage-machine.webp\" alt=\"Automatische Heu-Ballen-Silage-Maschine\" class=\"wp-image-1705\" title=\"\" srcset=\"https:\/\/corn-machine.com\/wp-content\/uploads\/2026\/04\/automatic-hay-baler-silage-machine.webp 720w, https:\/\/corn-machine.com\/wp-content\/uploads\/2026\/04\/automatic-hay-baler-silage-machine-300x225.webp 300w, https:\/\/corn-machine.com\/wp-content\/uploads\/2026\/04\/automatic-hay-baler-silage-machine-16x12.webp 16w\" sizes=\"auto, (max-width: 720px) 100vw, 720px\" \/><figcaption class=\"wp-element-caption\">Automatische Heu-Ballen-Silage-Maschine<\/figcaption><\/figure> <\/div>   <h2 class=\"wp-block-heading\"><strong>F\u00fcr wen ist das Modell 90 konzipiert?<\/strong><\/h2>    <p>Die 9YDB-90 integrierte Ballen- und Verpackungsmaschine ist ideal f\u00fcr Betreiber mittelgro\u00dfer bis gro\u00dfer Rinderbetriebe, Schaf- und Ziegenh\u00f6fe, Silageverarbeitungsanlagen, landwirtschaftliche Genossenschaften oder Auftragnehmer, die Silage-Dienstleistungen anbieten.<\/p>    <p>Wenn Ihre Priorit\u00e4ten auf hoher Leistung, automatisiertem Betrieb und minimalem Arbeitsaufwand liegen, ist dieses Modell eine ausgezeichnete Investition f\u00fcr Sie.<\/p>    <figure class=\"wp-block-gallery has-nested-images columns-default is-cropped wp-block-gallery-2 is-layout-flex wp-block-gallery-is-layout-flex\"> <figure class=\"wp-block-image size-large\"><img loading=\"lazy\" decoding=\"async\" width=\"720\" height=\"540\" data-id=\"1709\" src=\"https:\/\/corn-machine.com\/wp-content\/uploads\/2026\/04\/large-scale-cattle-farms.webp\" alt=\"Gro\u00dfbetriebe f\u00fcr Viehzucht\" class=\"wp-image-1709\" title=\"\" srcset=\"https:\/\/corn-machine.com\/wp-content\/uploads\/2026\/04\/large-scale-cattle-farms.webp 720w, https:\/\/corn-machine.com\/wp-content\/uploads\/2026\/04\/large-scale-cattle-farms-300x225.webp 300w, https:\/\/corn-machine.com\/wp-content\/uploads\/2026\/04\/large-scale-cattle-farms-16x12.webp 16w\" sizes=\"auto, (max-width: 720px) 100vw, 720px\" \/><figcaption class=\"wp-element-caption\">Gro\u00dfbetriebe f\u00fcr Viehzucht<\/figcaption><\/figure>    <figure class=\"wp-block-image size-large\"><img loading=\"lazy\" decoding=\"async\" width=\"720\" height=\"540\" data-id=\"1710\" src=\"https:\/\/corn-machine.com\/wp-content\/uploads\/2026\/04\/silage-processing-plant.webp\" alt=\"Silageverarbeitungsanlage\" class=\"wp-image-1710\" title=\"\" srcset=\"https:\/\/corn-machine.com\/wp-content\/uploads\/2026\/04\/silage-processing-plant.webp 720w, https:\/\/corn-machine.com\/wp-content\/uploads\/2026\/04\/silage-processing-plant-300x225.webp 300w, https:\/\/corn-machine.com\/wp-content\/uploads\/2026\/04\/silage-processing-plant-16x12.webp 16w\" sizes=\"auto, (max-width: 720px) 100vw, 720px\" \/><figcaption class=\"wp-element-caption\">Silageverarbeitungsanlage<\/figcaption><\/figure> <\/figure>    <h2 class=\"wp-block-heading\"><strong>Technische Parameter unserer Heu-Ballen-Silage-Maschine<\/strong><\/h2>    <figure class=\"wp-block-table\"><table class=\"has-fixed-layout\"><thead><tr><th>Artikel<\/th><th>Spezifikation<\/th><\/tr><\/thead><tbody><tr><td>Modell<\/td><td>9YDB-90<\/td><\/tr><tr><td>Kapazit\u00e4t<\/td><td>55\u201360 Ballen\/h<\/td><\/tr><tr><td>Ballenvolumen<\/td><td>\u22650,6 m\u00b3<\/td><\/tr><tr><td>Ballengr\u00f6\u00dfe<\/td><td>90\u00d790 cm<\/td><\/tr><tr><td>Ballengewicht<\/td><td>300\u2013430 kg<\/td><\/tr><tr><td>Arbeitsleistung<\/td><td>\u226523 t\/h<\/td><\/tr><tr><td>Anpassungsleistung<\/td><td>39 kW<\/td><\/tr><tr><td>Motorleistung<\/td><td>22kW   2,2kW   1,1kW   2,2kW   4kW   7,5kW<\/td><\/tr><tr><td>Gesamtgewicht<\/td><td>\u22654200 kg<\/td><\/tr><tr><td>Verpackungsarm<\/td><td>2 St\u00fcck<\/td><\/tr><tr><td>Filmgr\u00f6\u00dfe<\/td><td>50 cm \u00d7 2<\/td><\/tr><tr><td>Trichtervolumen<\/td><td>\u22653,5 m\u00b3<\/td><\/tr><tr><td>Trichterbreite<\/td><td>\u2265170 cm<\/td><\/tr><tr><td>F\u00fctterungsschnittstelle<\/td><td>\u2265900 mm<\/td><\/tr><tr><td>Trichterh\u00f6he<\/td><td>\u2265120 cm<\/td><\/tr><tr><td>Trommelanzahl<\/td><td>\u226528 St\u00fcck<\/td><\/tr><tr><td>Drehzahl<\/td><td>950 r\/min<\/td><\/tr><tr><td>Rahmenradius des Films<\/td><td>1180\u00b15 mm<\/td><\/tr><tr><td>Ballenbreite<\/td><td>\u2265900 mm<\/td><\/tr><tr><td>Maschinengr\u00f6\u00dfe<\/td><td>\u22658100\u00d72400\u00d73100 mm<\/td><\/tr><\/tbody><\/table><figcaption class=\"wp-element-caption\">Technische Parameter der Heu-Ballen-Silage-Maschine<\/figcaption><\/figure>   <div class=\"wp-block-image\"> <figure class=\"aligncenter size-full\"><img loading=\"lazy\" decoding=\"async\" width=\"720\" height=\"540\" src=\"https:\/\/corn-machine.com\/wp-content\/uploads\/2026\/04\/round-bale-silage-wrapper.webp\" alt=\"Rundballen-Silagewickler\" class=\"wp-image-1706\" title=\"\" srcset=\"https:\/\/corn-machine.com\/wp-content\/uploads\/2026\/04\/round-bale-silage-wrapper.webp 720w, https:\/\/corn-machine.com\/wp-content\/uploads\/2026\/04\/round-bale-silage-wrapper-300x225.webp 300w, https:\/\/corn-machine.com\/wp-content\/uploads\/2026\/04\/round-bale-silage-wrapper-16x12.webp 16w\" sizes=\"auto, (max-width: 720px) 100vw, 720px\" \/><figcaption class=\"wp-element-caption\">Rundballen-Silagewickler<\/figcaption><\/figure> <\/div>   <h2 class=\"wp-block-heading\"><strong>FAQ \u2014 Modell 90 Futterballen- und Verpackungsmaschine<\/strong><\/h2>   <div id=\"rank-math-faq\" class=\"rank-math-block\"> <div class=\"rank-math-list\"> <div id=\"faq-question-1775526470199\" class=\"rank-math-list-item\"> <h3 class=\"rank-math-question\">Welche Materialarten kann diese Maschine verarbeiten?<\/h3> <div class=\"rank-math-answer\">  <p>Sie kann Mais-Silage, Futtergras, Ernte-Stroh, Luzerne und verschiedene andere Futtermaterialien verarbeiten.<\/p>  <\/div> <\/div> <div id=\"faq-question-1775526488262\" class=\"rank-math-list-item\"> <h3 class=\"rank-math-question\">Ist diese Maschine vollautomatisch?<\/h3> <div class=\"rank-math-answer\">  <p>Ja, es unterst\u00fctzt automatisches Zuf\u00fchren, Ballenbildung, Verpackung und Entladung, was die manuelle Arbeitsbelastung erheblich reduziert.<\/p>  <\/div> <\/div> <div id=\"faq-question-1775526505244\" class=\"rank-math-list-item\"> <h3 class=\"rank-math-question\">Wie viele Bediener sind f\u00fcr diese Heu-Ballen-Silage-Maschine erforderlich?<\/h3> <div class=\"rank-math-answer\">  <p>In der Regel sind nur 1 bis 2 Bediener erforderlich, um das gesamte System zu steuern.<\/p>  <\/div> <\/div> <div id=\"faq-question-1775526534724\" class=\"rank-math-list-item\"> <h3 class=\"rank-math-question\">Kann es Materialverschwendung reduzieren?<\/h3> <div class=\"rank-math-answer\">  <p>Ja, das integrierte R\u00fcckgewinnungssystem sorgt daf\u00fcr, dass Materialverluste nahezu null sind.<\/p>  <\/div> <\/div> <div id=\"faq-question-1775526566060\" class=\"rank-math-list-item\"> <h3 class=\"rank-math-question\">Ist die Silageballen- und Verpackungsmaschine leicht zu bewegen?<\/h3> <div class=\"rank-math-answer\">  <p>Ja, sie ist mit Reifen ausgestattet, was den Transport zwischen verschiedenen Einsatzorten erleichtert.<\/p>  <\/div> <\/div> <div id=\"faq-question-1775526579458\" class=\"rank-math-list-item\"> <h3 class=\"rank-math-question\">Welche Art von Verpackungsfolie verwendet sie?<\/h3> <div class=\"rank-math-answer\">  <p>Es verwendet 50 Zentimeter breite Silage-Dehnschichtfolie (die gleichzeitige Verwendung von zwei Rollen ist erforderlich).<\/p>  <\/div> <\/div> <\/div> <\/div>  <div class=\"wp-block-image\"> <figure class=\"aligncenter size-full\"><img loading=\"lazy\" decoding=\"async\" width=\"720\" height=\"540\" src=\"https:\/\/corn-machine.com\/wp-content\/uploads\/2026\/04\/silage-bale-wrapper.webp\" alt=\"Silageballenh\u00fcller\" class=\"wp-image-1707\" title=\"\" srcset=\"https:\/\/corn-machine.com\/wp-content\/uploads\/2026\/04\/silage-bale-wrapper.webp 720w, https:\/\/corn-machine.com\/wp-content\/uploads\/2026\/04\/silage-bale-wrapper-300x225.webp 300w, https:\/\/corn-machine.com\/wp-content\/uploads\/2026\/04\/silage-bale-wrapper-16x12.webp 16w\" sizes=\"auto, (max-width: 720px) 100vw, 720px\" \/><figcaption class=\"wp-element-caption\">Silageballenh\u00fcller<\/figcaption><\/figure> <\/div>   <h2 class=\"wp-block-heading\"><strong>Warum ben\u00f6tigen Sie eine Heu-Pressen-Silage-Maschine?<\/strong><\/h2>    <p>In der modernen Tierhaltung ist die effiziente Konservierung von Futter entscheidend f\u00fcr die Aufrechterhaltung der Futterqualit\u00e4t und die Kostensenkung. Silageballen spielen in diesem Prozess eine zentrale Rolle.<\/p>    <ol class=\"wp-block-list\"> <li>Durch das Ballen von frischem Futter und Ernte-Stroh schaffen Silageballen ein anaerobes (sauerstofffreies) Umfeld, das die nat\u00fcrliche Fermentation f\u00f6rdert. Dieser Prozess hilft, Proteine, Feuchtigkeit und verschiedene N\u00e4hrstoffe zu konservieren und so hochwertiges Futter f\u00fcr die Tierhaltung zu gew\u00e4hrleisten.<\/li>    <li>Beim Verarbeiten mit einer Silageballenpresse wird jeder Ballen versiegelt und gesch\u00fctzt. Dies sch\u00fctzt den Inhalt effektiv vor Luftkontakt und Feuchtigkeitsaufnahme, wodurch Verderb und Futtermittelverlust erheblich minimiert werden.<\/li>    <li>Der Einsatz von Heu-Pressen-Silage-Maschinen erm\u00f6glicht die Lagerung gro\u00dfer Futtermengen w\u00e4hrend der Erntesaison. Diese Reserve kann dann w\u00e4hrend Trockenperioden oder im Winter genutzt werden, um den stabilen und kontinuierlichen Betrieb der Tierhaltung zu gew\u00e4hrleisten.<\/li> <\/ol>    <h2 class=\"wp-block-heading\"><strong>Warum sollten Sie uns gegen\u00fcber anderen Ballen- und Verpackungsanbietern w\u00e4hlen?<\/strong><\/h2>    <p>Bei der Investition in eine Ballen- und Verpackungsmaschine ist die Wahl des richtigen Herstellers ebenso wichtig wie die Auswahl der Maschine selbst. Hier sind die Gr\u00fcnde, warum unsere Modell 9YDB-90 Heu-Ballen-Silage-Maschine sich von der Konkurrenz abhebt und die bevorzugte Wahl unserer Kunden ist:<\/p>    <ol class=\"wp-block-list\"> <li>Viele Anbieter behaupten hohe Produktionsraten, doch ihre tats\u00e4chliche Leistung f\u00e4llt oft weit hinter die Erwartungen zur\u00fcck. Unsere Maschine liefert eine echte Ausgabe von 55\u201360 Ballen pro Stunde\u2014bei einer Arbeitsleistung von \u226523 Tonnen pro Stunde\u2014und bleibt auch bei Dauerbetrieb stabil.<\/li>    <li>Im Gegensatz zu den halbautomatischen Maschinen auf dem Markt verf\u00fcgen unsere Ger\u00e4te \u00fcber vollst\u00e4ndig automatisierte Prozesse, die den gesamten Arbeitsablauf von automatischer Zuf\u00fchrung, Ballenbildung, Verpackung bis zur endg\u00fcltigen Ballenentladung abdecken.<\/li>    <li>Die meisten Wettbewerber vernachl\u00e4ssigen das Problem des Materialverlusts. Unsere Maschine ist mit einem Kettenplatten-Schaber und einem Schraubenf\u00f6rderer-R\u00fcckgewinnungssystem ausgestattet, das automatisch verstreutes Futter sammelt und recycelt.<\/li>    <li>Wir bieten nicht nur Maschinen, sondern umfassende L\u00f6sungen, die fachkundige technische Beratung, Support bei Installation und Betrieb sowie eine zuverl\u00e4ssige Ersatzteilversorgung umfassen.<\/li> <\/ol>   <div class=\"wp-block-image\"> <figure class=\"aligncenter size-full\"><img loading=\"lazy\" decoding=\"async\" width=\"720\" height=\"540\" src=\"https:\/\/corn-machine.com\/wp-content\/uploads\/2026\/04\/silage-baler-and-wrapper-machine.webp\" alt=\"Silageballenpresse und Verpackungsmaschine\" class=\"wp-image-1708\" title=\"\" srcset=\"https:\/\/corn-machine.com\/wp-content\/uploads\/2026\/04\/silage-baler-and-wrapper-machine.webp 720w, https:\/\/corn-machine.com\/wp-content\/uploads\/2026\/04\/silage-baler-and-wrapper-machine-300x225.webp 300w, https:\/\/corn-machine.com\/wp-content\/uploads\/2026\/04\/silage-baler-and-wrapper-machine-16x12.webp 16w\" sizes=\"auto, (max-width: 720px) 100vw, 720px\" \/><figcaption class=\"wp-element-caption\">Silageballenpresse und Verpackungsmaschine<\/figcaption><\/figure> <\/div>   <p>Egal, ob Sie Landwirt, landwirtschaftlicher Auftragnehmer oder Silageverarbeitungsunternehmen sind, die Investition in diese fortschrittliche Ballen- und Verpackungskombination kann Ihnen helfen, Arbeits- und Betriebskosten zu senken, die Konservierung und Qualit\u00e4t Ihres Futters zu verbessern und die Ressourcennutzung zu maximieren\u2014was Ihre Gesamtprofitabilit\u00e4t steigert.<\/p>    <p>Kurz gesagt, die 9YDB-90 Heu-Ballen-Silage-Maschine ist mehr als nur eine Maschine. Es ist eine umfassende Silageproduktionsl\u00f6sung, die Effizienz, Stabilit\u00e4t und langfristigen Wert f\u00fcr Ihre Betriebe bietet.<\/p>    <p>Weitere Modelle der Silageballenpresse und Verpackungsmaschine: <\/p>    <ul class=\"wp-block-list\"> <li><a href=\"https:\/\/corn-machine.com\/de\/product\/corn-silage-bale-wrapper-machine\/\">9YDB-55 Kleine Ballenverpackungsmaschine<\/a><\/li>    <li><a href=\"https:\/\/corn-machine.com\/de\/product\/taizy-new-corn-silage-baler-machine\/\">9YDB-70 Rundballen-Silageverpackungsmaschine<\/a><\/li> <\/ul>","protected":false},"excerpt":{"rendered":"<p>Discover the Model 9YDB-90 Silage Baler\u2014combining automated operation, a dual-wrapping system, and high output. It is the ideal choice for large-scale silage production, helping you maximize efficiency and minimize waste.<\/p>","protected":false},"author":1,"featured_media":1715,"parent":0,"template":"","tags":[55],"product-type":[59],"class_list":["post-1704","product","type-product","status-publish","has-post-thumbnail","hentry","tag-cornsilage","product-type-corn-silage-baler"],"_links":{"self":[{"href":"https:\/\/corn-machine.com\/de\/wp-json\/wp\/v2\/product\/1704","targetHints":{"allow":["GET"]}}],"collection":[{"href":"https:\/\/corn-machine.com\/de\/wp-json\/wp\/v2\/product"}],"about":[{"href":"https:\/\/corn-machine.com\/de\/wp-json\/wp\/v2\/types\/product"}],"author":[{"embeddable":true,"href":"https:\/\/corn-machine.com\/de\/wp-json\/wp\/v2\/users\/1"}],"wp:featuredmedia":[{"embeddable":true,"href":"https:\/\/corn-machine.com\/de\/wp-json\/wp\/v2\/media\/1715"}],"wp:attachment":[{"href":"https:\/\/corn-machine.com\/de\/wp-json\/wp\/v2\/media?parent=1704"}],"wp:term":[{"taxonomy":"post_tag","embeddable":true,"href":"https:\/\/corn-machine.com\/de\/wp-json\/wp\/v2\/tags?post=1704"},{"taxonomy":"product-type","embeddable":true,"href":"https:\/\/corn-machine.com\/de\/wp-json\/wp\/v2\/product-type?post=1704"}],"curies":[{"name":"wp","href":"https:\/\/api.w.org\/{rel}","templated":true}]}}