{"id":228,"date":"2022-09-15T10:23:20","date_gmt":"2022-09-15T10:23:20","guid":{"rendered":"https:\/\/corn-machine.com\/?post_type=product&#038;p=228"},"modified":"2025-07-25T11:14:59","modified_gmt":"2025-07-25T03:14:59","slug":"industrial-corn-dryer-machine","status":"publish","type":"product","link":"https:\/\/corn-machine.com\/de\/product\/industrial-corn-dryer-machine\/","title":{"rendered":"Industrieller Mais-Trockner | Getreidetrockner zu verkaufen"},"content":{"rendered":"<p class=\"translation-block\">Um Getreide gut zu lagern und Schimmel zu verhindern, wird eine <strong>industrielle Mais-Trocknungsanlage<\/strong> ben\u00f6tigt, um \u00fcbersch\u00fcssige Feuchtigkeit aus dem Korn zu entfernen. Taizy Machinery bietet einen neuen Getreidetrockner an und freut sich \u00fcber Ihre Anfragen.<\/p>    <p>Diese gro\u00dfe Industrieanlage ist speziell f\u00fcr das Trocknen und Verarbeiten von K\u00f6rnern konzipiert. Sie hat ein breites Anwendungsspektrum und kann effizient Getreide wie Mais, Weizen und Raps trocknen. Mit einer Verarbeitungskapazit\u00e4t von 15 Tonnen pro Stunde kann sie Getreidelagerprobleme in kurzer Zeit l\u00f6sen.<\/p>   <div class=\"wp-block-image\"> <figure class=\"aligncenter size-full\"><img loading=\"lazy\" decoding=\"async\" width=\"720\" height=\"540\" src=\"https:\/\/corn-machine.com\/wp-content\/uploads\/2022\/09\/maize-dryer-machine-.webp\" alt=\"Mais-Trockner-Maschine\" class=\"wp-image-251\" title=\"\"><figcaption class=\"wp-element-caption\">Mais-Trockner-Maschine<\/figcaption><\/figure> <\/div>   <h2 class=\"wp-block-heading\"><strong>Vorteile der industriellen Mais-Trocknungsmaschine<\/strong><\/h2>    <ul class=\"wp-block-list\"> <li>Der Getreidetrockner eignet sich f\u00fcr <strong>eine breite Palette<\/strong> von Weizen, Mais, Sorghum, Sojabohnen, Reis, Sonnenblumenkernen, Hirse, Raps und anderen Feldfr\u00fcchten.<\/li>    <li>Die industrielle Mais-Trocknungsmaschine <strong>spart Strom.<\/strong>Sie hat eine t\u00e4gliche Leistung von 50 Tonnen und eine Gesamtleistung von 7,6 KW, die mit allgemeinem landwirtschaftlichem Strom verwendet werden kann, ohne dass zus\u00e4tzliche Transformatoren installiert werden m\u00fcssen.<\/li>    <li>The grain dryer&#8217;s <strong>ist schnell<\/strong>, w\u00e4hrend seine Zerkleinerungsrate niedrig ist. Der Trockner verbessert die relevanten Parameter und die Laufrichtung des Getreides, au\u00dferdem maximiert er die gleichm\u00e4\u00dfige Erw\u00e4rmung des Getreides.<\/li>    <li><strong>Geringer thermischer Energieverbrauch<\/strong> der Mais-Trocknungsmaschine. Der Trockner verwendet den Modus der Niedertemperatur-, Konstanttemperatur- und vollgeschlossenen Trocknung, um die W\u00e4rmeausnutzungsrate zu verbessern. Das endg\u00fcltig getrocknete Getreide hat die gleiche Feuchtigkeitstabelle und eine lange Lagerzeit.<\/li>    <li>Der Trockner hat ein wunderbares Aussehen, und die Lackoberfl\u00e4che nimmt das elektrostatische Spr\u00fch- und Einbrennlackverfahren an, das mehr als <strong>5-mal die allgemeine Spr\u00fchlack-Lebensdauer<\/strong>.<\/li> <\/ul>   <div class=\"wp-block-image\"> <figure class=\"aligncenter size-full\"><img loading=\"lazy\" decoding=\"async\" width=\"720\" height=\"540\" src=\"https:\/\/corn-machine.com\/wp-content\/uploads\/2022\/09\/grain-dryer-2.webp\" alt=\"\" class=\"wp-image-248\" title=\"\"><figcaption class=\"wp-element-caption\">industrielle Mais-Trocknungsmaschine<\/figcaption><\/figure> <\/div>   <h2 class=\"wp-block-heading\"><strong>Einf\u00fchrung in die Mais-Trocknungsmaschine<\/strong><\/h2>    <p>Die neue Maistrocknungsmaschine von Taizy Machinery kann verschiedene Getreidearten wie Bohnen, Sonnenblumenkerne, Mais, Sorghum, Weizen, Hirse usw. durch Hochtemperaturbehandlung trocknen und auch Insekten abt\u00f6ten. Die industrielle Maistrocknungsmaschine erh\u00f6ht die Fallh\u00f6he, entfernt das urspr\u00fcngliche Schneckenf\u00f6rderband und verwendet verschlei\u00dffesten und glatten Edelstahl als Laufrinne, wodurch sichergestellt wird, dass es beim Fallen von Mais, Sorghum und anderen Getreiden zu keinen Kollisionen kommt und Br\u00fcche vermieden werden.<\/p>    <figure class=\"wp-block-embed is-type-video is-provider-youtube wp-block-embed-youtube wp-embed-aspect-16-9 wp-has-aspect-ratio\"><div class=\"wp-block-embed__wrapper\"> <iframe loading=\"lazy\" title=\"Wie Getreidetrocknungst\u00fcrme funktionieren | Der vollst\u00e4ndige Prozess zum Trocknen von Mais, Reis usw. im gro\u00dfen Ma\u00dfstab!\" width=\"500\" height=\"281\" src=\"https:\/\/www.youtube.com\/embed\/m3bpetgkN1E?feature=oembed\" frameborder=\"0\" allow=\"accelerometer; autoplay; clipboard-write; encrypted-media; gyroscope; picture-in-picture; web-share\" referrerpolicy=\"strict-origin-when-cross-origin\" allowfullscreen><\/iframe> <\/div><figcaption class=\"wp-element-caption\">industrieller Getreide-Turm-Trockner<\/figcaption><\/figure>    <h2 class=\"wp-block-heading\"><strong>Parameter der industriellen Mais-Trocknungsmaschine<\/strong><\/h2>    <figure class=\"wp-block-table\"><table class=\"has-fixed-layout\"><tbody><tr><td class=\"has-text-align-left\" data-align=\"left\">Modell<\/td><td class=\"has-text-align-center\" data-align=\"center\">5HXG-15<\/td><\/tr><tr><td class=\"has-text-align-left\" data-align=\"left\">Struktur<\/td><td class=\"has-text-align-center\" data-align=\"center\">Fixiert<\/td><\/tr><tr><td class=\"has-text-align-left\" data-align=\"left\">Recycling-Stil<\/td><td class=\"has-text-align-center\" data-align=\"center\">Chargenzyklus<\/td><\/tr><tr><td class=\"has-text-align-left\" data-align=\"left\">Gewicht<\/td><td class=\"has-text-align-center\" data-align=\"center\">3200kg<\/td><\/tr><tr><td class=\"has-text-align-left\" data-align=\"left\">Batch-Verarbeitungskapazit\u00e4t<\/td><td class=\"has-text-align-center\" data-align=\"center\">3000-15000kg(Mais), 3000-15000kg(Weizen), usw.<\/td><\/tr><tr><td class=\"has-text-align-left\" data-align=\"left\">Gesamtabmessungen<\/td><td class=\"has-text-align-center\" data-align=\"center\">4288*2738*11700mm<\/td><\/tr><tr><td class=\"has-text-align-left\" data-align=\"left\">Totale Leistung<\/td><td class=\"has-text-align-center\" data-align=\"center\">Ca. 6kW<\/td><\/tr><tr><td class=\"has-text-align-left\" data-align=\"left\">F\u00fctterungszeit<\/td><td class=\"has-text-align-center\" data-align=\"center\">Ca. 63min<\/td><\/tr><tr><td class=\"has-text-align-left\" data-align=\"left\">Ausscheidungszeit<\/td><td class=\"has-text-align-center\" data-align=\"center\">Ca. 58min<\/td><\/tr><tr><td class=\"has-text-align-left\" data-align=\"left\">Trocknungsleistung<\/td><td class=\"has-text-align-center\" data-align=\"center\">15t \/h<\/td><\/tr><\/tbody><\/table><figcaption class=\"wp-element-caption\">Parameter des Getreide-Trockners<\/figcaption><\/figure>    <h2 class=\"wp-block-heading\"><strong>Rohstoffe f\u00fcr Getreide-Trockner<\/strong><\/h2>    <p class=\"translation-block\">Die Mais-Trocknungsmaschine kann gro\u00dfe K\u00f6rner wie Bohnen, Weizen, Mais und Sonnenblumen trocknen. Die Maschine kann auch relativ kleine K\u00f6rner trocknen, z. B. <a href=\"https:\/\/en.wikipedia.org\/wiki\/Rapeseed\" target=\"_blank\" rel=\"noopener\">Raps<\/a>, Sorghum, Hirse usw. Die letztendlich getrockneten Kulturen k\u00f6nnen mit einem Hammerm\u00fchler-Grader zerkleinert werden.<\/p>   <div class=\"wp-block-image\"> <figure class=\"aligncenter size-full\"><img loading=\"lazy\" decoding=\"async\" width=\"720\" height=\"540\" src=\"https:\/\/corn-machine.com\/wp-content\/uploads\/2022\/09\/applicable-materials-of-grain-dryer.webp\" alt=\"Anwendbare Materialien des Getreide-Trockners\" class=\"wp-image-239\" title=\"\"><figcaption class=\"wp-element-caption\">Anwendbare Materialien des Getreide-Trockners<\/figcaption><\/figure> <\/div>   <h2 class=\"wp-block-heading\"><strong>Kapazit\u00e4t der Mais-Trocknungsmaschine f\u00fcr verschiedene K\u00f6rner<\/strong><\/h2>    <p>Am Beispiel von Raps, Mais, Weizen und Reis zeigen wir die unterschiedlichen Kapazit\u00e4ten und R\u00e4ume jedes Modells. Wenn Sie Fragen dazu haben, kontaktieren Sie uns gerne.<\/p>    <figure class=\"wp-block-table\"><table><tbody><tr><td><\/td><td><\/td><td>5H-10<\/td><td>5H-13<\/td><td>5H-15<\/td><td>5H-32<\/td><\/tr><tr><td><strong>Raps<\/strong><\/td><td>Volumen(kg)<\/td><td>7500~10300<\/td><td>7500~13450<\/td><td>7500~14850<\/td><td>12000~31800<\/td><\/tr><tr><td><strong>&nbsp;<\/strong><\/td><td>Kapazit\u00e4t (kg\/h)<\/td><td>473~1235<\/td><td>607~1456<\/td><td>675~1620<\/td><td>1000~3500<\/td><\/tr><tr><td><strong>Mais<\/strong><\/td><td>Volumen(kg)<\/td><td>7500~10450<\/td><td>7500~13400<\/td><td>7500~16300<\/td><td>12000~32000<\/td><\/tr><tr><td><strong>&nbsp;<\/strong><\/td><td>Kapazit\u00e4t (kg\/h)<\/td><td>756~1261<\/td><td>971~1618<\/td><td>1080~1800<\/td><td>1000~3400<\/td><\/tr><tr><td><strong>W<\/strong><strong>W\u00e4rme<\/strong><strong><\/strong><\/td><td>Volumen(kg)<\/td><td>7500~10450<\/td><td>7500~13350<\/td><td>7500~16300<\/td><td>12000~32000<\/td><\/tr><tr><td><strong>&nbsp;<\/strong><\/td><td>Kapazit\u00e4t (kg\/h)<\/td><td>315~756<\/td><td>4056~971<\/td><td>450~1080<\/td><td>1000~3250<\/td><\/tr><tr><td><strong>R<\/strong><strong>Eis <\/strong><strong><\/strong><\/td><td>Volumen(kg)<\/td><td>6500~8400<\/td><td>6500~10850<\/td><td>6500~15500<\/td><td>9000~30800<\/td><\/tr><tr><td><strong>&nbsp;<\/strong><\/td><td>Kapazit\u00e4t (kg\/h)<\/td><td>382~916<\/td><td>493~1184<\/td><td>548~1315<\/td><td>2600<\/td><\/tr><\/tbody><\/table><\/figure>    <h2 class=\"wp-block-heading\"><strong>Heizmethoden der Mais-Trocknungsmaschine<\/strong><\/h2>    <p>Die industrielle Mais-Trocknungsmaschine unterst\u00fctzt eine breite Palette von Heizmethoden, einschlie\u00dflich Biomasse-Hei\u00dfluft\u00f6fen, Dieselbrennern, Gasbrennern und Luft-Luft-W\u00e4rmepumpen.<\/p>    <p>Biomasse-Hei\u00dfluftofen verbrennt Biomasseabf\u00e4lle zur W\u00e4rmeerzeugung, einschlie\u00dflich \u00c4sten, Stroh und anderen Abf\u00e4llen. Es geh\u00f6rt zu den umweltfreundlichen und energieeffizienten Hei\u00dfluft\u00f6fen, die eine W\u00e4rmequelle f\u00fcr die industrielle Mais-Trocknungsmaschine bereitstellen. Er ist mit dem f\u00fchrenden automatischen Konstantdruck-Ventilationsger\u00e4t ausgestattet, um die Qualit\u00e4t des Getreides sicherzustellen und die Betriebskosten niedrig zu halten, was bei Investoren beliebt ist.<\/p>   <div class=\"wp-block-image\"> <figure class=\"aligncenter size-full\"><img loading=\"lazy\" decoding=\"async\" width=\"720\" height=\"540\" src=\"https:\/\/corn-machine.com\/wp-content\/uploads\/2022\/09\/biomass-heat-furnance.webp\" alt=\"Biomasse-Hei\u00dfluftofen\" class=\"wp-image-241\" title=\"\"><figcaption class=\"wp-element-caption\">Biomass-Hei\u00dfluftofen der industriellen Mais-Trocknungsmaschine<\/figcaption><\/figure> <\/div>   <p>Wenn Sie den Brenner verwenden, k\u00f6nnen Sie je nach Kundenanforderung Erdgas oder Diesel nach nationalem Standard O# w\u00e4hlen. Wir sind mit einem Brenner ausgestattet, der italienische Maschinen mit doppelter D\u00fcsentechnik verwendet, gute Zerst\u00e4ubungsleistung, schnelle Erw\u00e4rmung, stabile Hei\u00dflufttemperatur und genaue Temperaturregelung bietet.<\/p>   <div class=\"wp-block-image\"> <figure class=\"aligncenter size-full\"><img loading=\"lazy\" decoding=\"async\" width=\"720\" height=\"540\" src=\"https:\/\/corn-machine.com\/wp-content\/uploads\/2022\/09\/burner.webp\" alt=\"Brenner\" class=\"wp-image-242\" title=\"\"><figcaption class=\"wp-element-caption\">Brenner<\/figcaption><\/figure> <\/div>   <h2 class=\"wp-block-heading\"><strong>Detaillierte Struktur des Getreide-Trockners<\/strong><\/h2>    <div class=\"wp-block-media-text alignwide is-stacked-on-mobile\"><figure class=\"wp-block-media-text__media\"><img loading=\"lazy\" decoding=\"async\" width=\"540\" height=\"720\" src=\"https:\/\/corn-machine.com\/wp-content\/uploads\/2022\/09\/conveyor.webp\" alt=\"\" class=\"wp-image-243 size-full\" title=\"\"><\/figure><div class=\"wp-block-media-text__content\"> <p>Das F\u00f6rderband des Aufzugs besteht aus einem reinen Nylon-Canvas-Band. Der Dustpan besteht aus virgin Nylon-Kunststoff mit guter Z\u00e4higkeit.<\/p> <\/div><\/div>    <div class=\"wp-block-media-text alignwide has-media-on-the-right is-stacked-on-mobile\"><div class=\"wp-block-media-text__content\"> <p>Der PLC-Steuerkasten verwendet Touchscreen-Bedienung, um St\u00f6rungsortungen in Echtzeit anzuzeigen.<\/p> <\/div><figure class=\"wp-block-media-text__media\"><img loading=\"lazy\" decoding=\"async\" width=\"720\" height=\"540\" src=\"https:\/\/corn-machine.com\/wp-content\/uploads\/2022\/09\/PLC-control-box.webp\" alt=\"\" class=\"wp-image-253 size-full\" title=\"\"><\/figure><\/div>    <div class=\"wp-block-media-text alignwide is-stacked-on-mobile\"><figure class=\"wp-block-media-text__media\"><img loading=\"lazy\" decoding=\"async\" width=\"540\" height=\"720\" src=\"https:\/\/corn-machine.com\/wp-content\/uploads\/2022\/09\/inner-materials.webp\" alt=\"\" class=\"wp-image-250 size-full\" title=\"\"><\/figure><div class=\"wp-block-media-text__content\"> <p>Das Innenmaterial der Mais-Trocknungsmaschine besteht aus Edelstahl, verzinktem Blech und dicken Stahlplatten, ist verschlei\u00dffest und langlebig.<\/p> <\/div><\/div>    <h2 class=\"wp-block-heading\"><strong>Lagerbestand des Getreide-Trockners<\/strong><\/h2>    <figure class=\"wp-block-gallery has-nested-images columns-default is-cropped wp-block-gallery-2 is-layout-flex wp-block-gallery-is-layout-flex\"> <figure class=\"wp-block-image size-large\"><img loading=\"lazy\" decoding=\"async\" width=\"720\" height=\"540\" data-id=\"245\" src=\"https:\/\/corn-machine.com\/wp-content\/uploads\/2022\/09\/corn-drying-machine-in-stock.webp\" alt=\"Mais-Trocknungsmaschine auf Lager\" class=\"wp-image-245\" title=\"\"><figcaption class=\"wp-element-caption\">Mais-Trocknungsmaschine auf Lager<\/figcaption><\/figure>    <figure class=\"wp-block-image size-large\"><img loading=\"lazy\" decoding=\"async\" width=\"720\" height=\"540\" data-id=\"244\" src=\"https:\/\/corn-machine.com\/wp-content\/uploads\/2022\/09\/corn-dryer-in-stock.webp\" alt=\"Mais-Trockner auf Lager\" class=\"wp-image-244\" title=\"\"><figcaption class=\"wp-element-caption\">Mais-Trockner auf Lager<\/figcaption><\/figure> <\/figure>    <figure class=\"wp-block-gallery has-nested-images columns-default is-cropped wp-block-gallery-3 is-layout-flex wp-block-gallery-is-layout-flex\"> <figure class=\"wp-block-image size-large\"><img loading=\"lazy\" decoding=\"async\" width=\"720\" height=\"540\" data-id=\"252\" src=\"https:\/\/corn-machine.com\/wp-content\/uploads\/2022\/09\/maize-dryer-machine.webp\" alt=\"\" class=\"wp-image-252\" title=\"\"><figcaption class=\"wp-element-caption\">Mais-Trockner-Maschine<\/figcaption><\/figure>    <figure class=\"wp-block-image size-large\"><img loading=\"lazy\" decoding=\"async\" width=\"720\" height=\"540\" data-id=\"246\" src=\"https:\/\/corn-machine.com\/wp-content\/uploads\/2022\/09\/corn-drying-machine.webp\" alt=\"Mais-Trocknungsmaschine\" class=\"wp-image-246\" title=\"\"><figcaption class=\"wp-element-caption\">Mais-Trocknungsmaschine<\/figcaption><\/figure> <\/figure>    <p class=\"translation-block\">Wenn Sie einen mobilen Getreide-Trockner w\u00fcnschen, m\u00f6chte ich Ihnen diesen vorstellen: <a href=\"https:\/\/corn-machine.com\/de\/product\/mobile-grain-dryer-for-drying-corn-rice\/\">mobiler Getreide-Trockner<\/a>, geeignet f\u00fcr die Verarbeitung von Kleinkulturen. F\u00fcr weitere Details kontaktieren Sie mich bitte per E-Mail oder auf anderem Weg und teilen Sie mir Ihre konkreten Anforderungen mit.<\/p>","protected":false},"excerpt":{"rendered":"<p>Der feste Gro\u00dfkorn-Trockenturm eignet sich f\u00fcr die Verarbeitung mehrerer Kulturen im gro\u00dfen Ma\u00dfstab. Seine Trocknungskapazit\u00e4t betr\u00e4gt bis zu 15 t\/h und er ist gut geeignet zum Trocknen von Mais, Weizen, Raps usw.<\/p>","protected":false},"author":1,"featured_media":229,"parent":0,"template":"","tags":[21],"product-type":[44],"class_list":["post-228","product","type-product","status-publish","has-post-thumbnail","hentry","tag-corn-dryer-machine","product-type-maize-dryer-machine"],"_links":{"self":[{"href":"https:\/\/corn-machine.com\/de\/wp-json\/wp\/v2\/product\/228","targetHints":{"allow":["GET"]}}],"collection":[{"href":"https:\/\/corn-machine.com\/de\/wp-json\/wp\/v2\/product"}],"about":[{"href":"https:\/\/corn-machine.com\/de\/wp-json\/wp\/v2\/types\/product"}],"author":[{"embeddable":true,"href":"https:\/\/corn-machine.com\/de\/wp-json\/wp\/v2\/users\/1"}],"wp:featuredmedia":[{"embeddable":true,"href":"https:\/\/corn-machine.com\/de\/wp-json\/wp\/v2\/media\/229"}],"wp:attachment":[{"href":"https:\/\/corn-machine.com\/de\/wp-json\/wp\/v2\/media?parent=228"}],"wp:term":[{"taxonomy":"post_tag","embeddable":true,"href":"https:\/\/corn-machine.com\/de\/wp-json\/wp\/v2\/tags?post=228"},{"taxonomy":"product-type","embeddable":true,"href":"https:\/\/corn-machine.com\/de\/wp-json\/wp\/v2\/product-type?post=228"}],"curies":[{"name":"wp","href":"https:\/\/api.w.org\/{rel}","templated":true}]}}