{"id":44,"date":"2022-09-06T06:19:10","date_gmt":"2022-09-05T22:19:10","guid":{"rendered":"https:\/\/corn-machine.com\/?post_type=product&#038;p=44"},"modified":"2025-07-28T09:25:59","modified_gmt":"2025-07-28T01:25:59","slug":"maize-seed-planter","status":"publish","type":"product","link":"https:\/\/corn-machine.com\/de\/product\/maize-seed-planter\/","title":{"rendered":"Mehrreiheniger automatischer Maispflanzer | Traktor-Maispflanzer"},"content":{"rendered":"<p class=\"translation-block\">Eine der beliebtesten Maschinen von Taizy Machinery ist die <strong>Mais-Saatmaschine<\/strong>, die mehrere Reihen von Maisk\u00f6rnern gleichzeitig im Feld pflanzen kann. Diese Maschine verwendet ein hochpr\u00e4zises S\u00e4ger\u00e4t, und die Qualit\u00e4tsrate der Kornanzahl liegt bei \u00fcber 80 %.<\/p>    <p>Bisher haben wir Traktor-Maisplanter nach Nigeria, in die USA, nach Thailand, die Philippinen, Mauretanien, Guinea und andere L\u00e4nder exportiert. Er hilft den lokalen Menschen, Arbeitskosten zu senken und ihre Effizienz zu verbessern. Wenn Sie am Maissaatplanter interessiert sind, kontaktieren Sie uns jetzt.<\/p>    <h2 class=\"wp-block-heading\" id=\"h-features-of-maize-seed-planter\">Eigenschaften der Erdnuss-Saatsmaschine<\/h2>   <div class=\"wp-block-image\"> <figure class=\"aligncenter size-full\"><img loading=\"lazy\" decoding=\"async\" width=\"720\" height=\"540\" src=\"https:\/\/corn-machine.com\/wp-content\/uploads\/2022\/09\/maize-planting-machine1.webp\" alt=\"Maispflanzmaschine\" class=\"wp-image-136\" title=\"\"><figcaption class=\"wp-element-caption\">Maispflanzmaschine<\/figcaption><\/figure> <\/div>   <ul class=\"wp-block-list\"> <li>Diese Mais-S\u00e4maschine verf\u00fcgt \u00fcber <strong>hohe Pr\u00e4zision beim S\u00e4en<\/strong>, und der qualifizierte Index erreicht mehr als 80 %.<br>Die Aussaatmaschine hat eine hohe Arbeitseffizienz. Die Maschine kann eine Geschwindigkeit von 8 km\/h erreichen, wenn der Pflanzenabstand gr\u00f6\u00dfer als 20 cm ist.<\/li>    <li>Die Mais-S\u00e4maschine <strong>Steuert den gesamten Abstand<\/strong> sehr pr\u00e4zise, was dazu beitragen kann, die Verteilung der Maiskeimlinge gleichm\u00e4\u00dfig zu gestalten, die individuellen Vorteile voll auszusch\u00f6pfen und ein kr\u00e4ftiges Maiswachstum zu f\u00f6rdern, wodurch die Ernte erh\u00f6ht wird.<\/li>    <li>Die Mais-S\u00e4maschine ist <strong>mit dem <a href=\"https:\/\/en.wikipedia.org\/wiki\/Tractor\" target=\"_blank\" rel=\"noopener\">Traktor<\/a><\/strong>, was die Arbeitseffizienz verbessert. Der S\u00e4maschine ist einfach zu bedienen, und der Benutzer muss nur sitzen und bedienen.<\/li> <\/ul>    <h2 class=\"wp-block-heading\" id=\"h-introduction-of-corn-seed-planter\">Einf\u00fchrung der Sojabohnen-Saatmaschine<\/h2>    <p>Taizy Machinery hat einen neuen Typ von 2-, 3-, 4-, 5-, 6- und 8-Reih-Maisplanter entworfen, der mit einem Traktor betrieben werden muss. Sie k\u00f6nnen je nach Bedarf ausw\u00e4hlen. Dieser Maisplanter verf\u00fcgt auch \u00fcber einen D\u00fcngetank, der Saatgut gleichzeitig in den Boden bringt und so die Aussaatrate erh\u00f6ht, ohne die Maispfl\u00e4nzchen zu sch\u00e4digen.<\/p>    <p>Dieser Mais-Saatplanter zeichnet sich durch hervorragende Leistung aus und kann f\u00fcr Reihenabstand, Saatabstand, Furrow-Tiefe, D\u00fcngerauftragstiefe und Saattiefe angepasst werden und ist damit eine wichtige Maschine f\u00fcr das Anpflanzen von Mais. Zus\u00e4tzlich bieten wir auch manuelle Maisplanter und Maisernteger\u00e4te f\u00fcr die Kleinserienproduktion an. Dies sind wichtige Maschinen f\u00fcr die Maisverarbeitung.<\/p>    <figure class=\"wp-block-gallery has-nested-images columns-default is-cropped wp-block-gallery-2 is-layout-flex wp-block-gallery-is-layout-flex\"> <figure class=\"wp-block-image size-large\"><img loading=\"lazy\" decoding=\"async\" width=\"720\" height=\"540\" data-id=\"132\" src=\"https:\/\/corn-machine.com\/wp-content\/uploads\/2022\/09\/3-row-corn-planter-machine1.webp\" alt=\"3-Reihiger Maisplanter\" class=\"wp-image-132\" title=\"\"><figcaption class=\"wp-element-caption\">3-Reihiger Mais-Saatplanter<\/figcaption><\/figure>    <figure class=\"wp-block-image size-large\"><img loading=\"lazy\" decoding=\"async\" width=\"720\" height=\"540\" data-id=\"133\" src=\"https:\/\/corn-machine.com\/wp-content\/uploads\/2022\/09\/4-row-corn-planter-machine1.webp\" alt=\"4-Reihiger Maisplanter\" class=\"wp-image-133\" title=\"\"><figcaption class=\"wp-element-caption\">4-Reihiger Maisplanter<\/figcaption><\/figure> <\/figure>    <figure class=\"wp-block-gallery has-nested-images columns-default is-cropped wp-block-gallery-3 is-layout-flex wp-block-gallery-is-layout-flex\"> <figure class=\"wp-block-image size-large\"><img loading=\"lazy\" decoding=\"async\" width=\"720\" height=\"540\" data-id=\"134\" src=\"https:\/\/corn-machine.com\/wp-content\/uploads\/2022\/09\/6-row-maize-planting-machine1.webp\" alt=\"6-Reihiger Maisanbaumaschine\" class=\"wp-image-134\" title=\"\"><figcaption class=\"wp-element-caption\">6-Reihiger Maisanbaumaschine<\/figcaption><\/figure>    <figure class=\"wp-block-image size-large\"><img loading=\"lazy\" decoding=\"async\" width=\"720\" height=\"540\" data-id=\"135\" src=\"https:\/\/corn-machine.com\/wp-content\/uploads\/2022\/09\/8-row-corn-planting-machine1.webp\" alt=\"8-Reihiger Maispflanzmaschine\" class=\"wp-image-135\" title=\"\"><figcaption class=\"wp-element-caption\">8-Reihiger Traktor-Maisplanter<\/figcaption><\/figure> <\/figure>    <h2 class=\"wp-block-heading\" id=\"h-technical-parameters-of-maize-seed-planter\">Technische Parameter des Mais-Saatplanters<\/h2>    <p>Es gibt 6 Typen von Traktor-Maisplanern, die mit unterschiedlichen Mengen an Saatgutk\u00e4sten ausgestattet sind. Sie k\u00f6nnen den am besten geeigneten ausw\u00e4hlen. Wir bieten auch den Service an, Vox in Glas- oder Metallmaterial umzuwandeln.<\/p>    <p>Au\u00dferdem ist dieses Ger\u00e4t mit einem Einzelkornf\u00fchrrad ausgestattet. Bei der Saatgutauswahl k\u00f6nnen Sie ein Einzelkornf\u00fchrrad f\u00fcr feine K\u00f6rnerwahl verwenden.<\/p>    <figure class=\"wp-block-table\"><table><tbody><tr><td>Modell<\/td><td>2BYSF-2<\/td><td>2BYSF-3<\/td><td>2BYSF-4<\/td><td>2BYSF-5<\/td><td>2BYSF-6<\/td><td>2BYSF-8<\/td><\/tr><tr><td>Gr\u00f6\u00dfe<\/td><td>1.57*1.3*1.2m<\/td><td>1.57*1.7*1.2m<\/td><td>1.62*2.35*1.2m<\/td><td>1.62*2.75*1.2m<\/td><td>1.62*3.35*1.2m<\/td><td>1.64*4.6*1.2m<\/td><\/tr><tr><td>Reihe<\/td><td>2<\/td><td>3<\/td><td>4<\/td><td>5<\/td><td>6<\/td><td>8<\/td><\/tr><tr><td>Reihenabstand<\/td><td>428-570mm<\/td><td>428-570mm<\/td><td>428-570mm<\/td><td>428-570mm<\/td><td>428-570mm<\/td><td>428-570mm<\/td><\/tr><tr><td>Anbaubereich<\/td><td>140mm-280mm<\/td><td>140mm-280mm<\/td><td>140mm-280mm<\/td><td>140mm-280mm<\/td><td>140mm-280mm<\/td><td>140mm-280mm<\/td><\/tr><tr><td>Rinnen Tiefe<\/td><td>&nbsp;60-80mm<\/td><td>&nbsp;60-80mm<\/td><td>&nbsp;60-80mm<\/td><td>&nbsp;60-80mm<\/td><td>&nbsp;60-80mm<\/td><td>&nbsp;60-80mm<\/td><\/tr><tr><td>D\u00fcngungstiefe<\/td><td>60-80mm<\/td><td>60-80mm<\/td><td>60-80mm<\/td><td>60-80mm<\/td><td>60-80mm<\/td><td>60-80mm<\/td><\/tr><tr><td>Aussaattiefe<\/td><td>30-50mm<\/td><td>30-50mm<\/td><td>30-50mm<\/td><td>30-50mm<\/td><td>30-50mm<\/td><td>30-50mm<\/td><\/tr><tr><td>Kapazit\u00e4t des D\u00fcngerbeh\u00e4lters<\/td><td>18.75L x2<\/td><td>18.75L x3<\/td><td>18.75L x4<\/td><td>18.75L x5<\/td><td>18.75L x6<\/td><td>18.75L x8<\/td><\/tr><tr><td>Kapazit\u00e4t des Saatgutbeh\u00e4lters<\/td><td>8.5 x 2<\/td><td>8.5 x 3<\/td><td>8.5 x 4<\/td><td>8.5 x 5<\/td><td>8.5 x 6<\/td><td>8.5 x 8<\/td><\/tr><tr><td>Gewicht<\/td><td>150kg<\/td><td>200 kg<\/td><td>295kg<\/td><td>360kg<\/td><td>425kg<\/td><td>650 kg<\/td><\/tr><tr><td>Aufeinander abgestimmte Leistung<\/td><td>&nbsp;12-18hp<\/td><td>15-25hp<\/td><td>25-40hp<\/td><td>40-60hp<\/td><td>50-80hp<\/td><td>75-100hp<\/td><\/tr><tr><td>Kuppelung<\/td><td>&nbsp;3-Punkt-Befestigung<\/td><td>&nbsp;3-Punkt-Befestigung<\/td><td>&nbsp;3-Punkt-Befestigung<\/td><td>&nbsp;3-Punkt-Befestigung<\/td><td>&nbsp;3-Punkt-Befestigung<\/td><td>&nbsp;3-Punkt-Befestigung<\/td><\/tr><\/tbody><\/table><figcaption class=\"wp-element-caption\">die Parameter des Mais-Saatplanters<\/figcaption><\/figure>    <h2 class=\"wp-block-heading\" id=\"h-application-of-corn-seed-planter-machine\">Verschiedene Anwendungen des Mais-Saatplanters<\/h2>    <p>Entsprechend den Eigenschaften des Traktor-Maispflanzers sind die Formen von Samen, die \u00e4hnlich wie Mais sind, f\u00fcr diese Mais-Saatmaschine geeignet, wie z. B. rote Bohnen, Mungobohnen, Sojabohnen, Sorghum usw. Hier ist ein Arbeitsvideo der Mais-Saatmaschine. Lassen Sie uns den Arbeitsprozess ansehen!<\/p>    <figure class=\"wp-block-embed is-type-video is-provider-youtube wp-block-embed-youtube wp-embed-aspect-16-9 wp-has-aspect-ratio\"><div class=\"wp-block-embed__wrapper\"> <iframe loading=\"lazy\" title=\"[Beste Maispflanzenmaschine | Moderne Maispflanzmaschine Arbeitsprozess]\" width=\"500\" height=\"281\" src=\"https:\/\/www.youtube.com\/embed\/1SswL7Jq75I?feature=oembed\" frameborder=\"0\" allow=\"accelerometer; autoplay; clipboard-write; encrypted-media; gyroscope; picture-in-picture; web-share\" referrerpolicy=\"strict-origin-when-cross-origin\" allowfullscreen><\/iframe> <\/div><figcaption class=\"wp-element-caption\">Video zur Funktion des Maisplanters<\/figcaption><\/figure>    <h2 class=\"wp-block-heading\" id=\"h-corn-planting-machine-operation-points\">Betriebspunkte des Traktor-Maisplanters <\/h2>    <p>Nach dem Kauf des Mais-Saatplanters sollten Sie die Bedienungsanleitung sorgf\u00e4ltig lesen, an der entsprechenden technischen Schulung teilnehmen und den Planter korrekt verwenden, um den Maschinenausfall zu senken und die Lebensdauer der Maschine zu verl\u00e4ngern.<\/p>    <ol class=\"wp-block-list\"> <li>Justieren Sie die Maschine vor dem S\u00e4en. Viele Teile des Planters m\u00fcssen verbunden und geschmiert werden. Passen Sie den Reihenabstand und den Saatabstand an.<\/li>    <li>W\u00e4hrend des S\u00e4ens ist es notwendig, st\u00e4ndig den Status des Saatvorgangs zu beobachten. Der Saatstatus umfasst die Saatmenge, die Lage des Saatguts, die Saattiefe und die D\u00fcngerdosierung. Wenn Unregelm\u00e4\u00dfigkeiten festgestellt werden, muss der Vorgang gestoppt und neu eingestellt werden.<\/li>    <li>Kunden sollten Geschwindigkeit und Tiefe des Saatvorgangs entsprechend der tats\u00e4chlichen Situation steuern. Aufgrund von Unterschieden im Gel\u00e4nde werden auch die Bodenschichtdichte w\u00e4hrend des Pflanzprozesses variieren. Im Allgemeinen sollte eine Abdeckung von etwa 4-5 cm erreicht werden.<\/li> <\/ol>    <p class=\"translation-block\">Suchen Sie weitere kleine Mais-Saatplanter? Vielleicht gef\u00e4llt Ihnen dieser: ein <a href=\"https:\/\/corn-machine.com\/de\/product\/manual-corn-seed-planter\/\">manueller Mais-Saatplanter<\/a>, der sich f\u00fcr die Kleinverarbeitung eignet! <\/p>    <p>Bei Fragen oder Anforderungen an Ihre Anlage lassen Sie es mich bitte wissen. Z\u00f6gern Sie nicht, uns zu kontaktieren!<\/p>    <p><\/p>","protected":false},"excerpt":{"rendered":"<p>Dieser Maissaatgutplanter erm\u00f6glicht den gro\u00dffl\u00e4chigen Anbau von Pflanzen mit mehreren Reihen und verwendet ein hochpr\u00e4zises Aussaatger\u00e4t, das eine qualifizierte Rate von \u00fcber 80 % bei der Kornanzahl aufweist.<\/p>","protected":false},"author":1,"featured_media":46,"parent":0,"template":"","tags":[24],"product-type":[39],"class_list":["post-44","product","type-product","status-publish","has-post-thumbnail","hentry","tag-maize-seed-planter","product-type-maize-planter-machine"],"_links":{"self":[{"href":"https:\/\/corn-machine.com\/de\/wp-json\/wp\/v2\/product\/44","targetHints":{"allow":["GET"]}}],"collection":[{"href":"https:\/\/corn-machine.com\/de\/wp-json\/wp\/v2\/product"}],"about":[{"href":"https:\/\/corn-machine.com\/de\/wp-json\/wp\/v2\/types\/product"}],"author":[{"embeddable":true,"href":"https:\/\/corn-machine.com\/de\/wp-json\/wp\/v2\/users\/1"}],"wp:featuredmedia":[{"embeddable":true,"href":"https:\/\/corn-machine.com\/de\/wp-json\/wp\/v2\/media\/46"}],"wp:attachment":[{"href":"https:\/\/corn-machine.com\/de\/wp-json\/wp\/v2\/media?parent=44"}],"wp:term":[{"taxonomy":"post_tag","embeddable":true,"href":"https:\/\/corn-machine.com\/de\/wp-json\/wp\/v2\/tags?post=44"},{"taxonomy":"product-type","embeddable":true,"href":"https:\/\/corn-machine.com\/de\/wp-json\/wp\/v2\/product-type?post=44"}],"curies":[{"name":"wp","href":"https:\/\/api.w.org\/{rel}","templated":true}]}}