{"id":47,"date":"2022-09-06T06:35:08","date_gmt":"2022-09-06T06:35:08","guid":{"rendered":"https:\/\/corn-machine.com\/?post_type=product&#038;p=47"},"modified":"2025-08-06T16:04:29","modified_gmt":"2025-08-06T08:04:29","slug":"efficient-maize-harvester-machine","status":"publish","type":"product","link":"https:\/\/corn-machine.com\/de\/product\/efficient-maize-harvester-machine\/","title":{"rendered":"Maisernte-Maschine | Maisernte-Maschine zu verkaufen"},"content":{"rendered":"<p>Der Maism\u00e4hdrescher hilft Landwirten, die Maisernte abzuschlie\u00dfen, wenn der Mais reif ist. Mit Hilfe der Maisernte-Maschine wird die Effizienz der Ernte erheblich verbessert und die Arbeitsintensit\u00e4t der Landwirte reduziert. <\/p>    <p>Er kann mit einem Dieselmotor oder einem Elektromotor ausgestattet werden, um den Maschinenbetrieb zu gew\u00e4hrleisten. Mit einer Arbeitsgeschwindigkeit von 0,72-1,44 km\/h kann seine Kapazit\u00e4t zwischen 0,03-0,06 Hektar\/h garantiert werden. <\/p>    <p>Dieser Maism\u00e4hdrescher zu verkaufen ist sehr einfach zu bedienen, und eine Person kann alle Vorg\u00e4nge abschlie\u00dfen. Dar\u00fcber hinaus ist diese Maschine erschwinglich und f\u00fcr Maisfarmen im kleinen Ma\u00dfstab und f\u00fcr spezielles h\u00fcgeliges Gel\u00e4nde geeignet.<\/p>   <div class=\"wp-block-image\"> <figure class=\"aligncenter size-full\"><img loading=\"lazy\" decoding=\"async\" width=\"720\" height=\"540\" src=\"https:\/\/corn-machine.com\/wp-content\/uploads\/2022\/09\/maize-harvester-machines-in-plant.webp\" alt=\"\" class=\"wp-image-148\" title=\"\"><figcaption class=\"wp-element-caption\">Maism\u00e4hdrescher<\/figcaption><\/figure> <\/div>   <h2 class=\"wp-block-heading\" id=\"h-introduction-of-maize-harvester-machine\"><strong>Vorstellung des Maism\u00e4hdreschers<\/strong><\/h2>    <p>Die Maisernte-Maschine wird von einer Person vorw\u00e4rts angetrieben, und die Arbeitsteile werden von einem Dieselmotor oder Elektromotor f\u00fcr Schneide- und Erntearbeiten angetrieben. <\/p>    <p>Der einreihige Maisharvester hat fast die gleichen Funktionen wie der gro\u00dfe M\u00e4hdrescher f\u00fcr Mais, einschlie\u00dflich Pfl\u00fccken, Sch\u00e4len, Auflesen und Zerkleinern der St\u00e4ngel, aber dieser neu gestaltete Maisharvester ist einfacher einzurichten und zu bedienen, zudem ist die H\u00f6he des Schnitts der Maschine verstellbar.<\/p>   <div class=\"wp-block-image\"> <figure class=\"aligncenter size-full\"><img loading=\"lazy\" decoding=\"async\" width=\"720\" height=\"540\" src=\"https:\/\/corn-machine.com\/wp-content\/uploads\/2022\/09\/corn-harvester-machin-in-plant.webp\" alt=\"\" class=\"wp-image-145\" title=\"\"><figcaption class=\"wp-element-caption\">Maisernte-Maschine in der Anlage<\/figcaption><\/figure> <\/div>  <div class=\"wp-block-image\"> <figure class=\"aligncenter size-full\"><img loading=\"lazy\" decoding=\"async\" width=\"720\" height=\"540\" src=\"https:\/\/corn-machine.com\/wp-content\/uploads\/2022\/09\/corn-harvester-in-plant.webp\" alt=\"Maisernte-Maschine in der Anlage\" class=\"wp-image-144\" title=\"\"><figcaption class=\"wp-element-caption\">Maisernte-Maschine in der Anlage<\/figcaption><\/figure> <\/div>   <h2 class=\"wp-block-heading\" id=\"h-advantages-of-single-row-maize-harvester\"><strong>Vorteile des einreihigen Maism\u00e4hdreschers<\/strong><\/h2>    <ol class=\"wp-block-list\"> <li>Der einreihige Maism\u00e4hdrescher kann gleichzeitig Mais pfl\u00fccken und Stroh zerkleinern, um es ins Feld zur\u00fcckzuf\u00fchren und die Bodenfruchtbarkeit w\u00e4hrend der Maisernte zu verbessern.<\/li>    <li>H\u00f6here Effizienz als die manuelle Ernte, diese Maisernte-Maschine kann 0,03-0,06 Hektar Mais pro Stunde ernten.<\/li>    <li>Die Mais-Schneidemaschine hat einen geringen Kraftstoffverbrauch, eine hohe Kosten-Nutzen-Relation und die gesamte Maschine ist relativ preiswert, sodass sie den Landwirten Geld sparen kann.<\/li>    <li>Sie ist sehr einfach zu bedienen und kann nach einfacher Schulung von den Landwirten in die Produktion genommen werden.<\/li>    <li>Diese Maisernte-Maschine ist klein und leicht, daher sehr flexibel in der Bewegung. Wenn sie mit einem Dieselmotor ausgestattet ist, kann sie in vielen Gebieten eingesetzt werden, z. B. in flachen, h\u00fcgeligen und bergigen Regionen.<\/li> <\/ol>    <h2 class=\"wp-block-heading\" id=\"h-parameters-of-corn-harvesting-machine\"><strong>Parameter der Maisernte-Maschine<\/strong><\/h2>    <figure class=\"wp-block-table\"><table><tbody><tr><td>Modell<\/td><td>4YZ-1<\/td><\/tr><tr><td>Gr\u00f6\u00dfe<\/td><td>1820 \u00d7 800 \u00d7 1190 mm<\/td><\/tr><tr><td>Gewicht<strong><\/strong><\/td><td>265 kg<\/td><\/tr><tr><td>Arbeitsgeschwindigkeit<\/td><td>0,72-1,44 km\/h<\/td><\/tr><tr><td>Kapazit\u00e4t<\/td><td>0,03-0,06 Hektar\/h<\/td><\/tr><tr><td>Anzahl der Messer<\/td><td>10<\/td><\/tr><tr><td>Kraftstoffverbrauch pro bearbeiteter Fl\u00e4che<\/td><td>\u226410 kg\/h\u33a1<\/td><\/tr><\/tbody><\/table><figcaption class=\"wp-element-caption\">detaillierte Parameter des Maism\u00e4hdreschers<\/figcaption><\/figure>    <h2 class=\"wp-block-heading\" id=\"h-global-case-of-maize-harvester-machine\"><strong>Globale Fallstudie zur Maisernte-Maschine<\/strong><\/h2>    <p>Wir wurden k\u00fcrzlich von einem Kunden aus Nigeria angesprochen, der eine Maisernte-Maschine bestellt hat. Er hat letztes Jahr bereits eine Maisdreschmaschine von unserem Unternehmen gekauft. <\/p>    <p class=\"translation-block\">Dieser nigerianische Kunde betreibt einen kleinen Bauernhof in seinem Land, wo sich die Maisfelder in einer h\u00fcgeligen Gegend befinden. Daher musste er jedes Mal, wenn die Maiserntezeit kam, viele Arbeiter einstellen, um die <a href=\"https:\/\/en.wikipedia.org\/wiki\/Crop\" target=\"_blank\" rel=\"noopener\">Ernte<\/a> einzubringen. <\/p>    <p>Nachdem ihm sein Kundenbetreuer eine einreihige Maisernte-Maschine empfohlen hatte, bestimmte er den Ertrag und andere Faktoren und bestellte 30 Maism\u00e4hdrescher von Taizy Machinery. <\/p>    <p>Der Kunde hat die Maschine inzwischen erhalten und teilt uns mit, dass er nur noch halb so viele Arbeiter besch\u00e4ftigt wie zuvor, aber die Effizienz hat sich um mehr als das Dreifache erh\u00f6ht.<\/p>    <figure class=\"wp-block-gallery has-nested-images columns-default is-cropped wp-block-gallery-2 is-layout-flex wp-block-gallery-is-layout-flex\"> <figure class=\"wp-block-image size-large\"><img loading=\"lazy\" decoding=\"async\" width=\"720\" height=\"540\" data-id=\"146\" src=\"https:\/\/corn-machine.com\/wp-content\/uploads\/2022\/09\/load-and-delivery-.webp\" alt=\"\" class=\"wp-image-146\" title=\"\"><\/figure>    <figure class=\"wp-block-image size-large\"><img loading=\"lazy\" decoding=\"async\" width=\"720\" height=\"540\" data-id=\"147\" src=\"https:\/\/corn-machine.com\/wp-content\/uploads\/2022\/09\/loading-and-shipping-of-small-scale-corn-harvester-tuya1.webp\" alt=\"\" class=\"wp-image-147\" title=\"\"><\/figure> <\/figure>    <p><\/p>    <h2 class=\"wp-block-heading\" id=\"h-faqs-of-maize-harvester-for-sale\"><strong>FAQs zum Maism\u00e4hdrescher zu verkaufen<\/strong><\/h2>    <div class=\"schema-faq wp-block-yoast-faq-block\"><div class=\"schema-faq-section\" id=\"faq-question-1662445667247\"><strong class=\"schema-faq-question\">Kann die Maisernte-Maschine Maisspindeln zerrei\u00dfen?<\/strong> <p class=\"schema-faq-answer\">Nein, das kann sie nicht.<\/p> <\/div> <div class=\"schema-faq-section\" id=\"faq-question-1662445699563\"><strong class=\"schema-faq-question\">Wie geht die Maschine mit Maisst\u00e4ngeln um?<\/strong> <p class=\"schema-faq-answer\">Der Maisst\u00e4ngel wird zerkleinert und dann direkt ins Feld zur\u00fcckgef\u00fchrt.<\/p> <\/div> <div class=\"schema-faq-section\" id=\"faq-question-1662445724968\"><strong class=\"schema-faq-question\">Wie hoch ist die Schnitttiefe des Maisst\u00e4ngels?<\/strong> <p class=\"schema-faq-answer\">Sie ist einstellbar, und der k\u00fcrzeste verbleibende Halm ist 10 cm.<\/p> <\/div> <div class=\"schema-faq-section\" id=\"faq-question-1662445758835\"><strong class=\"schema-faq-question\">Wie viele Zerkleinerungsmesser sind mit dem Mais-M\u00e4hdrescher ausgestattet?<\/strong> <p class=\"schema-faq-answer\">Es sind 10 Zerkleinerungsmesser vorhanden.<\/p> <\/div> <div class=\"schema-faq-section\" id=\"faq-question-1662445809116\"><strong class=\"schema-faq-question\">Was ist die Leistungskonfiguration der Maschine?<\/strong> <p class=\"schema-faq-answer\">&nbsp;Es umfasst Benzinmotoren 188F und Dieselmotoren 188F.<\/p> <\/div> <div class=\"schema-faq-section\" id=\"faq-question-1662445864028\"><strong class=\"schema-faq-question\">Wie viele Maschinen passen in einen 20-Fu\u00df-Holzschrank und einen 40-Fu\u00df-Holzschrank?<\/strong> <p class=\"schema-faq-answer\">26 Einheiten f\u00fcr 20-Fu\u00df-Container und 54 Einheiten f\u00fcr 40-Fu\u00df-Container.<\/p> <\/div> <div class=\"schema-faq-section\" id=\"faq-question-1662445898898\"><strong class=\"schema-faq-question\">Wie viele Maiskolben kann der Trichter der Maschine aufnehmen?<\/strong> <p class=\"schema-faq-answer\">Der Trichter des Maism\u00e4hdreschers kann 30-50 Maiskolben aufnehmen.<\/p> <\/div> <\/div>    <h2 class=\"wp-block-heading\"><strong>Weitere n\u00fctzliche Werkzeuge f\u00fcr den Maisanbau<\/strong><\/h2>    <p>Neben dem Maism\u00e4hdrescher bietet unser Unternehmen auch andere praktische Maismaschinen an, um jeden Bedarf in der Landwirtschaft zu decken. <\/p>    <p>Gibt es einen bequemeren Maispflanzer? Wie l\u00f6st man die Probleme bei der Maislagerung? K\u00f6nnte man den Wert seiner Materialien f\u00fcr mehr Vorteile steigern? Diese Probleme k\u00f6nnen alle mit verschiedenen Werkzeugen gel\u00f6st werden.<\/p>    <p class=\"translation-block\">Wir stellen den <a href=\"https:\/\/corn-machine.com\/de\/product\/mobile-grain-dryer-for-drying-corn-rice\/\">mobilen Getreidetrockner<\/a> zum Trocknen und Lagern von Mais vor. Klicken Sie auf den Link, um den Arbeitsprozess und weitere Details zu erfahren. Wenn Sie einen Bauernhof mit riesigen Rohstoffen haben und eine neue Werkstatt einrichten m\u00f6chten, um mehr Vorteile zu erzielen. Die <a href=\"https:\/\/corn-machine.com\/de\/product\/maize-grits-making-machine\/\">Maisgrie\u00df-Maschine<\/a> ist eine gute Wahl, um Grie\u00df und Maismehl zu verkaufen.<\/p>    <p>Wir sind lediglich Meinungsgeber, damit Sie die am besten geeignete Maschine f\u00fcr Ihre Bed\u00fcrfnisse ausw\u00e4hlen k\u00f6nnen. Wenn Sie irgendwelche Probleme haben und den genauen Preis f\u00fcr eine Maschine erfahren m\u00f6chten, z\u00f6gern Sie nicht, uns zu kontaktieren.<\/p>","protected":false},"excerpt":{"rendered":"<p>Geeignet f\u00fcr den kleinen Maiserntebetrieb und f\u00fcr spezielle h\u00fcgelige Gel\u00e4nde kann diese Maisharvester-Maschine die Arbeitseffizienz verbessern und die Arbeitsintensit\u00e4t erheblich reduzieren.<\/p>","protected":false},"author":1,"featured_media":49,"parent":0,"template":"","tags":[18],"product-type":[40],"class_list":["post-47","product","type-product","status-publish","has-post-thumbnail","hentry","tag-maize-harvester-machine","product-type-corn-harvesting-machine"],"_links":{"self":[{"href":"https:\/\/corn-machine.com\/de\/wp-json\/wp\/v2\/product\/47","targetHints":{"allow":["GET"]}}],"collection":[{"href":"https:\/\/corn-machine.com\/de\/wp-json\/wp\/v2\/product"}],"about":[{"href":"https:\/\/corn-machine.com\/de\/wp-json\/wp\/v2\/types\/product"}],"author":[{"embeddable":true,"href":"https:\/\/corn-machine.com\/de\/wp-json\/wp\/v2\/users\/1"}],"wp:featuredmedia":[{"embeddable":true,"href":"https:\/\/corn-machine.com\/de\/wp-json\/wp\/v2\/media\/49"}],"wp:attachment":[{"href":"https:\/\/corn-machine.com\/de\/wp-json\/wp\/v2\/media?parent=47"}],"wp:term":[{"taxonomy":"post_tag","embeddable":true,"href":"https:\/\/corn-machine.com\/de\/wp-json\/wp\/v2\/tags?post=47"},{"taxonomy":"product-type","embeddable":true,"href":"https:\/\/corn-machine.com\/de\/wp-json\/wp\/v2\/product-type?post=47"}],"curies":[{"name":"wp","href":"https:\/\/api.w.org\/{rel}","templated":true}]}}