{"id":51,"date":"2022-09-06T07:00:55","date_gmt":"2022-09-06T07:00:55","guid":{"rendered":"https:\/\/corn-machine.com\/?post_type=product&#038;p=51"},"modified":"2025-07-17T11:39:39","modified_gmt":"2025-07-17T03:39:39","slug":"manual-corn-seed-planter","status":"publish","type":"product","link":"https:\/\/corn-machine.com\/de\/product\/manual-corn-seed-planter\/","title":{"rendered":"Manuelle Mais-Saatmaschine | Handbetriebene Mais-S\u00e4maschine"},"content":{"rendered":"<p class=\"translation-block\">Die Mais-S\u00e4maschine ist speziell f\u00fcr das S\u00e4en aller Arten von Pflanzen wie Mais, Erdn\u00fcsse, Weizen, Sojabohnen und andere verschiedene Kulturen konzipiert. Wir bieten verschiedene Kapazit\u00e4ten und Stile von manuellen Mais-S\u00e4maschinen an. Unsere handbetriebenen S\u00e4maschinen wurden nach Nigeria, Kenia, Peru und in mehr als 30 andere L\u00e4nder und Regionen exportiert. Dar\u00fcber hinaus bietet Taizy Machinery auch einen <a href=\"https:\/\/corn-machine.com\/de\/product\/maize-seed-planter\/\">automatischen Mais-S\u00e4maschine<\/a> an, z\u00f6gern Sie nicht, eine Anfrage zu stellen.<\/p>    <h2 class=\"wp-block-heading\" id=\"h-type-one-double-bin-manual-corn-seed-planter\">Typ eins: Doppelt bin manuelle Mais-S\u00e4maschine<\/h2>   <div class=\"wp-block-image\"> <figure class=\"aligncenter size-full\"><img loading=\"lazy\" decoding=\"async\" width=\"720\" height=\"540\" src=\"https:\/\/corn-machine.com\/wp-content\/uploads\/2022\/09\/manual-corn-seed-planter.webp\" alt=\"manuelle Mais-S\u00e4maschine\" class=\"wp-image-142\" title=\"\"><figcaption>manuelle Mais-S\u00e4maschine<\/figcaption><\/figure> <\/div>   <p>Die Doppelt bin manuelle S\u00e4maschine wird h\u00e4ufig zum S\u00e4en von Mais, Sojabohnen, Weizen, Erdn\u00fcssen, Sorghum usw. verwendet. Diese Mais-S\u00e4maschine besteht haupts\u00e4chlich aus dem Trichtereingang, Rad, Griff, Grubber, Erd\u00fcberdeckungsbereich und S\u00e4bereich. Zwei Personen m\u00fcssen zusammenarbeiten, um die Samen zu s\u00e4en. Eine Person zieht das Seil weiter und die andere Person bewegt sich mit der Mais-S\u00e4maschine. Diese kleine Mais-S\u00e4maschine ben\u00f6tigt keine Energie, nur Arbeitskraft, diese Maschine ist kosteng\u00fcnstig, willkommen zur Beratung.<\/p>    <figure class=\"wp-block-table\"><table><tbody><tr><td>Modell<\/td><td>TZY-100<\/td><\/tr><tr><td>Kapazit\u00e4t<\/td><td>0,5 acre\/h<\/td><\/tr><tr><td>Gr\u00f6\u00dfe<\/td><td>1370*420*900mm<\/td><\/tr><tr><td>Gewicht<\/td><td>12kg<\/td><\/tr><\/tbody><\/table><\/figure>    <h2 class=\"wp-block-heading\" id=\"h-type-two-corn-planter-with-gasoline-engine\">Typ zwei: Maispflanzmaschine mit Benzinmotor<\/h2>    <figure class=\"wp-block-gallery has-nested-images columns-default is-cropped wp-block-gallery-2 is-layout-flex wp-block-gallery-is-layout-flex\"> <figure class=\"wp-block-image size-large\"><img loading=\"lazy\" decoding=\"async\" width=\"720\" height=\"540\" data-id=\"141\" src=\"https:\/\/corn-machine.com\/wp-content\/uploads\/2022\/09\/manual-corn-seed-planter-2.webp\" alt=\"manuelle Mais-S\u00e4maschine\" class=\"wp-image-141\" title=\"\"><figcaption>manuelle Mais-S\u00e4maschine <\/figcaption><\/figure>    <figure class=\"wp-block-image size-large\"><img loading=\"lazy\" decoding=\"async\" width=\"720\" height=\"540\" data-id=\"140\" src=\"https:\/\/corn-machine.com\/wp-content\/uploads\/2022\/09\/manual-corn-planter.webp\" alt=\"manuelle Maispflanzmaschine\" class=\"wp-image-140\" title=\"\"><figcaption>manuelle Maispflanzmaschine<\/figcaption><\/figure> <\/figure>    <p>Diese Maispflanzmaschine ist ein Upgrade der traditionellen Maispflanzmaschine. Diese handgef\u00fchrte Mais-S\u00e4maschine wird von einem Benzinmotor angetrieben und kann von nur einer Person bedient werden, was die Effizienz verbessert. Wir bieten zwei Arten von Benzinmotoren an. Der eine ist der 170F Benzinmotor und der andere ist der 152F Benzinmotor.<\/p>    <h2 class=\"wp-block-heading\" id=\"h-type-three-one-row-hand-corn-sowing-machine\">Typ drei: Einreihige handbetriebene Mais-S\u00e4maschine<\/h2>    <figure class=\"wp-block-gallery has-nested-images columns-default is-cropped wp-block-gallery-3 is-layout-flex wp-block-gallery-is-layout-flex\"> <figure class=\"wp-block-image size-large\"><img loading=\"lazy\" decoding=\"async\" width=\"720\" height=\"540\" data-id=\"139\" src=\"https:\/\/corn-machine.com\/wp-content\/uploads\/2022\/09\/corn-seed-planter.webp\" alt=\"Mais-S\u00e4maschine\" class=\"wp-image-139\" title=\"\"><figcaption>Mais-S\u00e4maschine<\/figcaption><\/figure>    <figure class=\"wp-block-image size-large\"><img loading=\"lazy\" decoding=\"async\" width=\"720\" height=\"540\" data-id=\"143\" src=\"https:\/\/corn-machine.com\/wp-content\/uploads\/2022\/09\/structure-of-manual-corn-planter.webp\" alt=\"Aufbau der manuellen Mais-S\u00e4maschine\" class=\"wp-image-143\" title=\"\"><figcaption>Aufbau der manuellen Mais-S\u00e4maschine<\/figcaption><\/figure> <\/figure>    <p>Fortschrittliches Design: <\/p>    <p>1. Verdicktes Edelstahl-Eisenrohrdesign: Ein verdicktes Eisenrohr wird am Rad verwendet, und sie verwenden ein bionisches Entenrohrdesign, das den Boden schnell aufbrechen kann und sicherstellt, dass die S\u00e4htiefe den Anforderungen entspricht.<\/p>    <p>2. Design des Erd\u00fcberdeckungsrads: Das Erd\u00fcberdeckungsrad kann mit Sand oder Wasser gef\u00fcllt werden, was praktisch ist, um den Boden nach dem S\u00e4en zu bedecken.<\/p>    <p>3. Plastikkasten zur Saatgutlagerung: Ein transparenter Plastikbeh\u00e4lter wird zur Lagerung von Samen verwendet, damit die Landwirte die Sammenmenge leicht \u00fcberpr\u00fcfen k\u00f6nnen.<\/p>    <figure class=\"wp-block-table\"><table><tbody><tr><td>S\u00e4htiefe<\/td><td>3,5-7,8cm<\/td><\/tr><tr><td>S\u00e4menmenge<\/td><td>1-3 St\u00fcck, einstellbar<\/td><\/tr><tr><td>Entenschnabel<\/td><td>Max. 12 St\u00fcck<\/td><\/tr><tr><td>Gewicht<\/td><td>11 kg<\/td><\/tr><tr><td>Verpackungsgr\u00f6\u00dfe<\/td><td>58*58*25 mm<\/td><\/tr><\/tbody><\/table><\/figure>    <h2 class=\"wp-block-heading\" id=\"h-advantages-of-manual-corn-seed-planter\">Vorteile der manuellen Mais-S\u00e4maschine<\/h2>    <ol class=\"wp-block-list\"><li>Manuelle Mais-S\u00e4maschinen gibt es in verschiedenen Stilen, und sie sind alle sehr einfach im Aufbau und komfortabler in der Bedienung.<\/li><li>Die handgef\u00fchrte Maispflanzmaschine ist leicht, einfach zu bewegen und f\u00fcr h\u00fcgelige und bergige Gebiete geeignet.<\/li><li>Die manuelle Mais-S\u00e4maschine eignet sich f\u00fcr das S\u00e4en verschiedener Kulturen wie Weizen, Mungbohnen, Sorghum, Baumwolle, Weizen, Sojabohnen, Mais usw.<\/li><\/ol>    <h2 class=\"wp-block-heading\" id=\"h-working-video-of-manual-corn-seed-planter\">Arbeitsvideo der manuellen Mais-S\u00e4maschine<\/h2>    <figure class=\"wp-block-embed is-type-video is-provider-youtube wp-block-embed-youtube wp-embed-aspect-16-9 wp-has-aspect-ratio\"><div class=\"wp-block-embed__wrapper\"> <iframe loading=\"lazy\" title=\"kosteng\u00fcnstige handbetriebene Maispflanzmaschine\/Maisanbau\/Maispflanzen zu niedrigen Preisen landwirtschaftliche Handmaschine\" width=\"500\" height=\"281\" src=\"https:\/\/www.youtube.com\/embed\/MLVGQUKfoAk?list=PL58YSJlfYgUlVabVFuymOuUMA3Umeccre\" frameborder=\"0\" allow=\"accelerometer; autoplay; clipboard-write; encrypted-media; gyroscope; picture-in-picture; web-share\" referrerpolicy=\"strict-origin-when-cross-origin\" allowfullscreen><\/iframe> <\/div><\/figure>","protected":false},"excerpt":{"rendered":"<p>Maize seeder planter is specially designed for sowing all kinds of crops for planting corn, peanuts, wheat, peanuts, soybeans and other various crops. We have different capacities and styles of manual corn seed planter. Our hand-operated seed sowing machine has been exported to Nigeria, Kenya, Peru and more than 30 other countries and regions. In [&hellip;]<\/p>\n","protected":false},"author":1,"featured_media":53,"parent":0,"template":"","tags":[19],"product-type":[39],"class_list":["post-51","product","type-product","status-publish","has-post-thumbnail","hentry","tag-maize-planter","product-type-maize-planter-machine"],"_links":{"self":[{"href":"https:\/\/corn-machine.com\/de\/wp-json\/wp\/v2\/product\/51","targetHints":{"allow":["GET"]}}],"collection":[{"href":"https:\/\/corn-machine.com\/de\/wp-json\/wp\/v2\/product"}],"about":[{"href":"https:\/\/corn-machine.com\/de\/wp-json\/wp\/v2\/types\/product"}],"author":[{"embeddable":true,"href":"https:\/\/corn-machine.com\/de\/wp-json\/wp\/v2\/users\/1"}],"wp:featuredmedia":[{"embeddable":true,"href":"https:\/\/corn-machine.com\/de\/wp-json\/wp\/v2\/media\/53"}],"wp:attachment":[{"href":"https:\/\/corn-machine.com\/de\/wp-json\/wp\/v2\/media?parent=51"}],"wp:term":[{"taxonomy":"post_tag","embeddable":true,"href":"https:\/\/corn-machine.com\/de\/wp-json\/wp\/v2\/tags?post=51"},{"taxonomy":"product-type","embeddable":true,"href":"https:\/\/corn-machine.com\/de\/wp-json\/wp\/v2\/product-type?post=51"}],"curies":[{"name":"wp","href":"https:\/\/api.w.org\/{rel}","templated":true}]}}