{"id":54,"date":"2022-09-06T07:11:15","date_gmt":"2022-09-06T07:11:15","guid":{"rendered":"https:\/\/corn-machine.com\/?post_type=product&#038;p=54"},"modified":"2025-08-29T16:49:03","modified_gmt":"2025-08-29T08:49:03","slug":"fresh-corn-sheller-machine","status":"publish","type":"product","link":"https:\/\/corn-machine.com\/de\/product\/fresh-corn-sheller-machine\/","title":{"rendered":"Frischmais-Entspelzungsmaschine | S\u00fc\u00dfmais-Sch\u00e4lmaschine"},"content":{"rendered":"<p class=\"translation-block\">Die Taizy SUS304 <strong>frische Maisdreschmaschine<\/strong> wird verwendet, um die K\u00f6rner von frischem Mais und Zuckermais zu sch\u00e4len, ohne sie zu besch\u00e4digen. Die Geschwindigkeit des Dreschens mit dem automatischen Zuckermaissch\u00e4ler ist so hoch, dass er 400-500 kg K\u00f6rner pro Stunde sch\u00e4len kann.<\/p>    <p>Es wird h\u00e4ufig in Maisverarbeitungsanlagen, in der Produktion von Konserven aus Mais und in der Produktion von Tiefk\u00fchlkost usw. eingesetzt. Mehrere Zuckermaissch\u00e4lmaschinen k\u00f6nnen mit gro\u00dfen Produktionslinien verwendet werden, die notwendige Maschinen f\u00fcr Maisverarbeitungsunternehmen sind.<\/p>   <div class=\"wp-block-image\"> <figure class=\"aligncenter size-large\"><img loading=\"lazy\" decoding=\"async\" width=\"720\" height=\"540\" src=\"https:\/\/corn-machine.com\/wp-content\/uploads\/2022\/09\/fresh-corn-threshing-machine.webp\" alt=\"Frischmais-Dreschmaschine\" class=\"wp-image-163\" title=\"\"><figcaption class=\"wp-element-caption\">Frischmais-Dreschmaschine<\/figcaption><\/figure> <\/div>   <h2 class=\"wp-block-heading\">Arbeitsvideo der frischen Maisdreschmaschine<\/h2>    <figure class=\"wp-block-embed is-type-video is-provider-youtube wp-block-embed-youtube wp-embed-aspect-16-9 wp-has-aspect-ratio\"><div class=\"wp-block-embed__wrapper\"> <iframe loading=\"lazy\" title=\"Hei\u00df verkaufende Frischmais dreschmaschine | S\u00fc\u00dfmais dreschmaschine Arbeitsfortschritt\" width=\"500\" height=\"281\" src=\"https:\/\/www.youtube.com\/embed\/h4n44zJXueQ?start=21&#038;feature=oembed\" frameborder=\"0\" allow=\"accelerometer; autoplay; clipboard-write; encrypted-media; gyroscope; picture-in-picture; web-share\" referrerpolicy=\"strict-origin-when-cross-origin\" allowfullscreen><\/iframe> <\/div><figcaption class=\"wp-element-caption\">Arbeitsvideo der Zuckermaisdreschmaschine<\/figcaption><\/figure>    <h2 class=\"wp-block-heading\" id=\"h-technical-parameters-of-corn-thresher-for-sale\">Technische Parameter der Maisdreschmaschine zum Verkauf<\/h2>    <figure class=\"wp-block-table\"><table><tbody><tr><td>Modell<\/td><td>TZ-268 TZ-368<\/td><\/tr><tr><td>Leistung<\/td><td>1,2 kW<\/td><\/tr><tr><td>Spannung<\/td><td>220 V<\/td><\/tr><tr><td>Kapazit\u00e4t<\/td><td>400-500kg\/h Saatgut (F\u00fctterung von etwa 75 Maiskolben pro Minute)<\/td><\/tr><tr><td>Geschwindigkeit des F\u00f6rderbands<\/td><td>&nbsp;V=15 m\/min<\/td><\/tr><tr><td>Maschinengr\u00f6\u00dfe<\/td><td>1150*500*1300mm<\/td><\/tr><\/tbody><\/table><figcaption class=\"wp-element-caption\">Technische Parameter der Zuckermaissch\u00e4lmaschine<\/figcaption><\/figure>    <p>Wir bieten auch ein Modell des TZ-368 an, das die gleichen Spezifikationen wie der TZ-268 hat. Aber es ist mit einem F\u00f6rderband ausgestattet, um eine schnellere F\u00fctterung zu erm\u00f6glichen. Au\u00dferdem besteht die gesamte frische Maisdreschmaschine aus SUS404. Wenn Sie hohe Standards f\u00fcr Ihre Produkte haben, kann die Taizy Baby-Maisdreschmaschine Ihre Bed\u00fcrfnisse perfekt erf\u00fcllen.<\/p>    <h2 class=\"wp-block-heading\" id=\"h-advantages-of-fresh-corn-sheller-machine\">Vorteile der Frischmais-Entk\u00f6rner-Maschine<\/h2>    <ol class=\"wp-block-list\"> <li>Diese Frischmais-Entk\u00f6rner-Maschine kann f\u00fcr eine breite Palette von Rohmaterialien verwendet werden und kann alle Arten von Zuckermais und Klebreis problemlos dreschen.<\/li>    <li>Das Messer in der Zuckermaisdreschmaschine hat eine hohe H\u00e4rte, eine gute Abriebfestigkeit und einen langen Nachsch\u00e4rfzyklus, nachdem es mehrere Forschungs- und Entwicklungsphasen durchlaufen hat, um die Produktionseffizienz erheblich zu steigern.<\/li>    <li>Das Schneiden der Maisk\u00f6rner erfolgt glatt und trocken, und die Maschine besch\u00e4digt die Wachsmaysamen nicht, hohe Ausbeute bei der Entfernung der Maisk\u00f6rner.<\/li>    <li>Die Tiefe der frischen Maisk\u00f6rner ist einstellbar, sodass sie den unterschiedlichen Bed\u00fcrfnissen verschiedener Benutzer gerecht werden kann.<\/li> <\/ol>   <div class=\"wp-block-image\"> <figure class=\"aligncenter size-large\"><img loading=\"lazy\" decoding=\"async\" width=\"720\" height=\"540\" src=\"https:\/\/corn-machine.com\/wp-content\/uploads\/2022\/09\/Sweet-corn-threshing-machine.webp\" alt=\"Zuckermais-DreschmaschineZuckermais-Dreschmaschine\" class=\"wp-image-168\" title=\"\"><figcaption class=\"wp-element-caption\">Zuckermais-Dreschmaschine<\/figcaption><\/figure> <\/div>   <h2 class=\"wp-block-heading\" id=\"h-application-of-fresh-corn-sheller-machine\">Anwendung der Frischmais-Entk\u00f6rner-Maschine<\/h2>    <p>Diese Zuckermaisdreschmaschine ist f\u00fcr die Arbeit mit frischem Mais konzipiert und eignet sich f\u00fcr verschiedene Maissorten, einschlie\u00dflich Zuckermais, Fruchtmais und Klebemaissorten. Der Zuckermaissch\u00e4ler kann die Samen leicht von den St\u00e4ngeln trennen. Dar\u00fcber hinaus bieten wir auch Dreschmaschinen f\u00fcr Trockenmais und Multifunktionsdreschmaschinen zum Verkauf an. Sie sind geeignet f\u00fcr Mais mit einem Wassergehalt von \u226414%.<\/p>    <figure class=\"wp-block-gallery has-nested-images columns-default is-cropped wp-block-gallery-2 is-layout-flex wp-block-gallery-is-layout-flex\"> <figure class=\"wp-block-image size-large\"><img loading=\"lazy\" decoding=\"async\" width=\"720\" height=\"540\" data-id=\"160\" src=\"https:\/\/corn-machine.com\/wp-content\/uploads\/2022\/09\/application-of-corn-threshing-machine.webp\" alt=\"Anwendung der Maisdreschmaschine\" class=\"wp-image-160\" title=\"\"><figcaption class=\"wp-element-caption\">Anwendung der MaisdreschmaschineAnwendung der Maisdreschmaschine<\/figcaption><\/figure>    <figure class=\"wp-block-image size-large\"><img loading=\"lazy\" decoding=\"async\" width=\"720\" height=\"540\" data-id=\"162\" src=\"https:\/\/corn-machine.com\/wp-content\/uploads\/2022\/09\/effect-of-maize-thresher-machine.webp\" alt=\"Effekt der Maisdreschmaschine\" class=\"wp-image-162\" title=\"\"><figcaption class=\"wp-element-caption\">Effekt der Frischmais-Entk\u00f6rner-Maschine<\/figcaption><\/figure> <\/figure>    <p>Die Zuckermais-Dreschmaschine eignet sich f\u00fcr die Tiefk\u00fchlkostverarbeitungsindustrie, Maiskonservenfabriken, Maisbreisaft-Gefrierproduktion, Maisverarbeitungsfabriken, Verarbeitung von Agrar-Nebenprodukten und andere Industrien.<\/p>    <p>F\u00fcr die meisten Restaurants ist diese Art von frischer Maisdreschmaschine auch ein gutes Ger\u00e4t, um ihnen zu helfen, Arbeitskr\u00e4fte und Zeit zu sparen. Au\u00dferdem glauben die meisten Feinschmecker, dass frisch gebackene Maisk\u00f6rner besser schmecken. Wenn Ihr Restaurant hochwertige Zutaten anstrebt, ist dies eine gute Wahl f\u00fcr Sie. <\/p>    <p class=\"translation-block\">Wir haben einen Kunden, der diese Maschine f\u00fcr seine zentrale K\u00fcche bestellt hat, und sein Maissalat ist sogar jetzt sehr gefragt. Wenn Sie diese Geschichte h\u00f6ren m\u00f6chten, klicken Sie hier: <a href=\"https:\/\/corn-machine.com\/de\/Info\/sweet-corn-sheller-ordered-by-restaurant-usa\/\">Zuckermaisdrescher, bestellt von einem BBQ-Restaurant in Orlando<\/a>.<\/p>    <figure class=\"wp-block-gallery has-nested-images columns-default is-cropped wp-block-gallery-3 is-layout-flex wp-block-gallery-is-layout-flex\"> <figure class=\"wp-block-image size-large\"><img loading=\"lazy\" decoding=\"async\" width=\"720\" height=\"540\" data-id=\"164\" src=\"https:\/\/corn-machine.com\/wp-content\/uploads\/2022\/09\/frozen-corn-kernels.webp\" alt=\"gefrorene Maisk\u00f6rner\" class=\"wp-image-164\" title=\"\"><figcaption class=\"wp-element-caption\">gefrorene Maisk\u00f6rner<\/figcaption><\/figure>    <figure class=\"wp-block-image size-large\"><img loading=\"lazy\" decoding=\"async\" width=\"720\" height=\"540\" data-id=\"161\" src=\"https:\/\/corn-machine.com\/wp-content\/uploads\/2022\/09\/canned-sweet-corn.webp\" alt=\"eingemachter Zuckermais\" class=\"wp-image-161\" title=\"\"><figcaption class=\"wp-element-caption\">eingemachter Zuckermais<\/figcaption><\/figure> <\/figure>    <h2 class=\"wp-block-heading\" id=\"h-advanced-structure-of-sweet-corn-thresher\">Fortschrittliche Struktur des Zuckermais-Entk\u00f6rners<\/h2>    <p>Die Zuckermais-Dreschmaschine besteht haupts\u00e4chlich aus einem Zuf\u00fchrteil, einem Samen- und Kolben-Trennmechanismus, einem Kolben-Ausfuhr-Mechanismus, einem Maiskorn-Auslass und einem elektrischen Steuerungssystem.<\/p>   <div class=\"wp-block-image\"> <figure class=\"aligncenter size-full\"><img loading=\"lazy\" decoding=\"async\" width=\"720\" height=\"540\" src=\"https:\/\/corn-machine.com\/wp-content\/uploads\/2022\/09\/structure-of-sweet-corn-sheller-machine.webp\" alt=\"Struktur der Zuckermais-Entk\u00f6rner-Maschine\" class=\"wp-image-167\" title=\"\"><figcaption class=\"wp-element-caption\">Struktur der Frischmais-Entk\u00f6rner-Maschine<\/figcaption><\/figure> <\/div>   <ol class=\"wp-block-list\"> <li>Der Zuf\u00fchrbereich wird durch einen <strong>Edelstahlkettenf\u00f6rderer<\/strong>, mit dem Kopf des Mais nach vorne, in den Zuf\u00fchrer gespeist. Der F\u00f6rderer verwendet eine Edelstahlkette, um mit gleichm\u00e4\u00dfiger Geschwindigkeit zu f\u00f6rdern. Der Zuf\u00fchrer besteht aus lebensmittelechten Gummiwalzen, die weich und flexibel sind und die \u00e4u\u00dfere Haut des Mais nicht besch\u00e4digen.<\/li>    <li>Der Bereich zur Trennung von Samen und Kolben besteht aus<strong> einzigartigen Messern und Schneidscheiben<\/strong>, die leicht Maiskolben unterschiedlicher Durchmesser schneiden k\u00f6nnen. Die Klinge rotiert bei der Arbeit mit hoher Geschwindigkeit, die nahe am Mais ist, und kann gebogene Maiskolben verarbeiten. Der Schneider kann axial und radial schneiden, was den Ertrag an Maisk\u00f6rnern erheblich verbessert.<\/li> <\/ol>    <figure class=\"wp-block-gallery has-nested-images columns-default is-cropped wp-block-gallery-4 is-layout-flex wp-block-gallery-is-layout-flex\"> <figure class=\"wp-block-image size-large\"><img loading=\"lazy\" decoding=\"async\" width=\"720\" height=\"540\" data-id=\"166\" src=\"https:\/\/corn-machine.com\/wp-content\/uploads\/2022\/09\/Rubber-feed-wheels-.webp\" alt=\"Gummi-Zuf\u00fchrwalzen\" class=\"wp-image-166\" title=\"\"><figcaption class=\"wp-element-caption\">Gummi-Zuf\u00fchrwalzen<\/figcaption><\/figure>    <figure class=\"wp-block-image size-large\"><img loading=\"lazy\" decoding=\"async\" width=\"720\" height=\"540\" data-id=\"165\" src=\"https:\/\/corn-machine.com\/wp-content\/uploads\/2022\/09\/inner-blades-of-the-sweet-corn-sheller-machine.webp\" alt=\"Innere Klingen der Zuckermais-Entk\u00f6rner-Maschine\" class=\"wp-image-165\" title=\"\"><figcaption class=\"wp-element-caption\">Innere Klingen der Zuckermais-Entk\u00f6rner-Maschine<\/figcaption><\/figure> <\/figure>    <p>Dies ist das detaillierte Innendesign der Klingenscheibe. und die Klingenscheibe, die der wichtigste Teil dieser Frischmais-Entk\u00f6rner-Maschine aus Edelstahl ist. Der n\u00e4chste Teil zeigt Ihnen, wie Sie eine solche Maschine warten und wie Sie Probleme l\u00f6sen, wenn Sie w\u00e4hrend der Verwendung auf welche sto\u00dfen.<\/p>    <figure class=\"wp-block-gallery has-nested-images columns-default is-cropped wp-block-gallery-5 is-layout-flex wp-block-gallery-is-layout-flex\"> <figure class=\"wp-block-image size-large\"><img loading=\"lazy\" decoding=\"async\" width=\"720\" height=\"540\" data-id=\"857\" src=\"https:\/\/corn-machine.com\/wp-content\/uploads\/2022\/09\/structure-of-blade.webp\" alt=\"Struktur der Klinge der Frischmais-Entk\u00f6rner-Maschine\" class=\"wp-image-857\" title=\"\" srcset=\"https:\/\/corn-machine.com\/wp-content\/uploads\/2022\/09\/structure-of-blade.webp 720w, https:\/\/corn-machine.com\/wp-content\/uploads\/2022\/09\/structure-of-blade-300x225.webp 300w, https:\/\/corn-machine.com\/wp-content\/uploads\/2022\/09\/structure-of-blade-16x12.webp 16w\" sizes=\"auto, (max-width: 720px) 100vw, 720px\" \/><figcaption class=\"wp-element-caption\">Struktur der Klinge<\/figcaption><\/figure>    <figure class=\"wp-block-image size-large\"><img loading=\"lazy\" decoding=\"async\" width=\"720\" height=\"540\" data-id=\"856\" src=\"https:\/\/corn-machine.com\/wp-content\/uploads\/2022\/09\/structure-of-blade-plate.webp\" alt=\"Struktur der Klingenscheibe der Zuckermais-Sch\u00e4lmaschine\" class=\"wp-image-856\" title=\"\" srcset=\"https:\/\/corn-machine.com\/wp-content\/uploads\/2022\/09\/structure-of-blade-plate.webp 720w, https:\/\/corn-machine.com\/wp-content\/uploads\/2022\/09\/structure-of-blade-plate-300x225.webp 300w, https:\/\/corn-machine.com\/wp-content\/uploads\/2022\/09\/structure-of-blade-plate-16x12.webp 16w\" sizes=\"auto, (max-width: 720px) 100vw, 720px\" \/><figcaption class=\"wp-element-caption\">Struktur der Klingenscheibe<\/figcaption><\/figure> <\/figure>    <h2 class=\"wp-block-heading\" id=\"h-precaution-of-fresh-corn-sheller\">Vorsichtsma\u00dfnahmen f\u00fcr die Verwendung der frischen Maisdreschmaschine<\/h2>    <ol class=\"wp-block-list\"> <li>Die zum Dreschen verwendeten Maiskolben m\u00fcssen vor dem Einlegen in die Maschine von ihren \u00e4u\u00dferen Deckbl\u00e4ttern und Barthaaren befreit werden.<\/li>    <li>Nach dem t\u00e4glichen Betrieb m\u00fcssen die Mitarbeiter die Klingenplatte sowie die Zuf\u00fchr- und Ausgabebereiche umgehend reinigen, um \u00fcberm\u00e4\u00dfigen Mais-Saft, der anhaftet und die Schneidleistung beeintr\u00e4chtigt, zu vermeiden.<\/li>    <li>F\u00fcr einen besseren Sch\u00e4leffekt sollten die Maiskolben vorzugsweise intakt sein und die Spitze des Maiskolbens sollte entfernt werden. Dar\u00fcber hinaus sollte die L\u00e4nge des Zuckermais vorzugsweise gr\u00f6\u00dfer als 8 cm sein.<\/li>    <li>Der Bediener sollte das richtige Zuf\u00fchrverfahren befolgen, um den Mais gleichm\u00e4\u00dfig der Zuf\u00fchrkette zuzuf\u00fchren. Bei anhaltenden Zuf\u00fchrblockaden informieren Sie bitte sofort das professionelle Wartungspersonal.<\/li>    <li>H\u00e4nde oder andere nicht f\u00fcr die Zuf\u00fchrung bestimmte Gegenst\u00e4nde d\u00fcrfen nicht auf die Einf\u00fcll\u00f6ffnung gelegt werden. Andernfalls k\u00f6nnen die Messer der frischen Maisdreschmaschine Personensch\u00e4den verursachen und die Maschine schwer besch\u00e4digt werden.<\/li>    <li>Um die Sicherheit des Personals und den Betrieb der kleinen Maisdreschmaschine zu gew\u00e4hrleisten, d\u00fcrfen nur geschulte Mitarbeiter diese bedienen, einstellen und warten.<\/li> <\/ol>    <h2 class=\"wp-block-heading\" id=\"h-faqs-of-corn-thresher-machine\">H\u00e4ufig gestellte Fragen zur Wachsmaysch\u00e4lmaschine<\/h2>   <div id=\"rank-math-faq\" class=\"rank-math-block\"> <div class=\"rank-math-list\"> <div id=\"faq-question-1755068693566\" class=\"rank-math-list-item\"> <h3 class=\"rank-math-question\">Kann die Schnitttiefe von Mais gesteuert werden?<\/h3> <div class=\"rank-math-answer\">  <p>Ja, das h\u00e4ngt vom Frequenzumrichter ab, der immer auf 40 Hz-60 Hz eingestellt ist. Und je schneller die Messergeschwindigkeit ist, desto tiefer werden die Maisk\u00f6rner geschnitten.<\/p>  <\/div> <\/div> <div id=\"faq-question-1755068868137\" class=\"rank-math-list-item\"> <h3 class=\"rank-math-question\">Kann die Geschwindigkeit der Maisverarbeitungsmaschine gesteuert werden?<\/h3> <div class=\"rank-math-answer\">  <p>Ja, die Drehzahl der Messer wird durch den Frequenzumrichter gesteuert und die Bandgeschwindigkeit ist fest eingestellt.<\/p>  <\/div> <\/div> <div id=\"faq-question-1755069077497\" class=\"rank-math-list-item\"> <h3 class=\"rank-math-question\">Was soll ich tun, wenn der Zuf\u00fchrvorgang blockiert ist?<\/h3> <div class=\"rank-math-answer\">  <p>Sollte die Maschine mit Mais blockiert oder verklemmt sein, schalten Sie die Maschine zuerst ab und dr\u00fccken Sie dann die R\u00fcckw\u00e4rtstaste, damit der Mais r\u00fcckw\u00e4rts austritt.<\/p>  <\/div> <\/div> <div id=\"faq-question-1755069228426\" class=\"rank-math-list-item\"> <h3 class=\"rank-math-question\">Was ist der Preis f\u00fcr den Maiskolben-Sch\u00e4ler?<\/h3> <div class=\"rank-math-answer\">  <p>Die Kosten dieser Maschine belaufen sich auf einige tausend Dollar, und es werden die Kosten f\u00fcr Versand, Verpackung und andere kundenspezifische Ger\u00e4te hinzugerechnet.<\/p>  <\/div> <\/div> <\/div> <\/div>   <h2 class=\"wp-block-heading\"><strong>Wie viel wird es kosten, wenn Sie eine frische Maisdreschmaschine kaufen m\u00f6chten?<\/strong><\/h2>    <p>Der gesamte Preis wird einige tausend Dollar betragen, einschlie\u00dflich Versandkosten, dem Preis der Maschine selbst und einiger Verschlei\u00dfteile. Aber wir bieten weltweiten Versand und sogar T\u00fcr-zu-T\u00fcr-Transport an.<\/p>    <p>Unsere Spannung kann je nach Region angepasst werden, und die Kosten sind geringer als $200. Normalerweise beginnt unsere Fabrik innerhalb von 7 Arbeitstagen nach Zahlungseingang mit der Produktion der Maschine. Wenn Sie jedoch keine besonderen Anforderungen an die Maschine haben, haben wir Lagerware f\u00fcr Notf\u00e4lle.<\/p>    <p>Wenn Sie eine kostenlose Beratung zu den genauen Preisen dieses Typs von frischer Maisentk\u00f6rnungsmaschine w\u00fcnschen, z\u00f6gern Sie nicht, uns zu kontaktieren!<\/p>","protected":false},"excerpt":{"rendered":"<p>Ohne die Maisk\u00f6rner zu besch\u00e4digen, wird diese Sch\u00e4lmaschine f\u00fcr frischen Mais Ihre gesamte Mais-Lebensmittelverarbeitungskette unterst\u00fctzen.<\/p>","protected":false},"author":1,"featured_media":56,"parent":0,"template":"","tags":[20],"product-type":[42],"class_list":["post-54","product","type-product","status-publish","has-post-thumbnail","hentry","tag-corn-thresher","product-type-maize-sheller-machine"],"_links":{"self":[{"href":"https:\/\/corn-machine.com\/de\/wp-json\/wp\/v2\/product\/54","targetHints":{"allow":["GET"]}}],"collection":[{"href":"https:\/\/corn-machine.com\/de\/wp-json\/wp\/v2\/product"}],"about":[{"href":"https:\/\/corn-machine.com\/de\/wp-json\/wp\/v2\/types\/product"}],"author":[{"embeddable":true,"href":"https:\/\/corn-machine.com\/de\/wp-json\/wp\/v2\/users\/1"}],"wp:featuredmedia":[{"embeddable":true,"href":"https:\/\/corn-machine.com\/de\/wp-json\/wp\/v2\/media\/56"}],"wp:attachment":[{"href":"https:\/\/corn-machine.com\/de\/wp-json\/wp\/v2\/media?parent=54"}],"wp:term":[{"taxonomy":"post_tag","embeddable":true,"href":"https:\/\/corn-machine.com\/de\/wp-json\/wp\/v2\/tags?post=54"},{"taxonomy":"product-type","embeddable":true,"href":"https:\/\/corn-machine.com\/de\/wp-json\/wp\/v2\/product-type?post=54"}],"curies":[{"name":"wp","href":"https:\/\/api.w.org\/{rel}","templated":true}]}}