{"id":567,"date":"2025-07-07T14:49:18","date_gmt":"2025-07-07T06:49:18","guid":{"rendered":"https:\/\/corn-machine.com\/?post_type=product&#038;p=567"},"modified":"2025-07-17T11:41:51","modified_gmt":"2025-07-17T03:41:51","slug":"stainless-steel-flour-mill-machine","status":"publish","type":"product","link":"https:\/\/corn-machine.com\/de\/product\/stainless-steel-flour-mill-machine\/","title":{"rendered":"Edelstahl-Getreidem\u00fchle f\u00fcr die Lebensmittelverarbeitung"},"content":{"rendered":"<p>Die Edelstahl-Mehlm\u00fchle verwendet lebensmittelgeeignetes Edelstahlmaterial, um essbare K\u00f6rner, Gew\u00fcrze und Kr\u00e4uter zu Pulver verschiedener Feinheiten zu verarbeiten. Sie ist mit verschiedenen Siebtypen ausgestattet, um die gew\u00fcnschte Maschenweite zu bestimmen. (20-120 Mesh kann gew\u00e4hlt werden)<\/p>    <p>Mit einem einfach zu bedienenden Steuerungssystem l\u00e4uft die elektrische Lebensmittelm\u00fchle reibungslos und hat ein niedriges Ger\u00e4uschniveau. Aber dieses Merkmal beeinflusst nicht ihre Produktionskapazit\u00e4t, die von 10 kg\/h bis 1500 kg\/h reichen kann.<\/p>    <figure class=\"wp-block-embed is-type-video is-provider-youtube wp-block-embed-youtube wp-embed-aspect-16-9 wp-has-aspect-ratio\"><div class=\"wp-block-embed__wrapper\"> <iframe loading=\"lazy\" title=\"Nahrungsmittelgeeignetes Edelstahl-Mehlscheibenm\u00fchlmaschine mahlt Pulver fein und effektiv #graingrinder\" width=\"500\" height=\"281\" src=\"https:\/\/www.youtube.com\/embed\/j6OkycYfHPk?feature=oembed\" frameborder=\"0\" allow=\"accelerometer; autoplay; clipboard-write; encrypted-media; gyroscope; picture-in-picture; web-share\" referrerpolicy=\"strict-origin-when-cross-origin\" allowfullscreen><\/iframe> <\/div><figcaption class=\"wp-element-caption\">die Details des Mahlvorgangs<\/figcaption><\/figure>    <h2 class=\"wp-block-heading\"><strong>Highlights der Edelstahl-Mehlm\u00fchle<\/strong><\/h2>    <ul class=\"wp-block-list\"> <li>Diese Getreidem\u00fchle ist aus 304-Edelstahl gefertigt, wodurch sie den lebensmittelgeeigneten Standards entspricht und die Qualit\u00e4t der verarbeiteten Lebensmittel sicherstellt.<\/li>    <li>Sie hat ein breites Einsatzspektrum. Zum Beispiel k\u00f6nnen Getreide, Bohnen und sogar Gew\u00fcrze gemahlen werden. Die Leistung kann angepasst werden, um verschiedene Anforderungen in der Lebensmittelverarbeitung zu erf\u00fcllen.<\/li>    <li>Die Edelstahl-Mehlm\u00fchle ist einfach zu reinigen und zu warten, und ihre glatte Oberfl\u00e4che hemmt das Bakterienwachstum.<\/li> <\/ul>   <div class=\"wp-block-image\"> <figure class=\"aligncenter size-full\"><img loading=\"lazy\" decoding=\"async\" width=\"720\" height=\"540\" src=\"https:\/\/corn-machine.com\/wp-content\/uploads\/2025\/07\/different-types-of-stainless-steel-food-grinder-machine.webp\" alt=\"verschiedene Arten von Edelstahl-Lebensmittel-Mahlmaschinen f\u00fcr die Lebensmittelverarbeitung\" class=\"wp-image-579\" title=\"\" srcset=\"https:\/\/corn-machine.com\/wp-content\/uploads\/2025\/07\/different-types-of-stainless-steel-food-grinder-machine.webp 720w, https:\/\/corn-machine.com\/wp-content\/uploads\/2025\/07\/different-types-of-stainless-steel-food-grinder-machine-300x225.webp 300w, https:\/\/corn-machine.com\/wp-content\/uploads\/2025\/07\/different-types-of-stainless-steel-food-grinder-machine-16x12.webp 16w\" sizes=\"auto, (max-width: 720px) 100vw, 720px\" \/><figcaption class=\"wp-element-caption\">verschiedene Typen von Edelstahl-Lebensmittelm\u00fchlen<\/figcaption><\/figure> <\/div>   <h2 class=\"wp-block-heading\"><strong>Welche Materialien k\u00f6nnen gemahlen werden\uff1f<\/strong><\/h2>    <p>Diese Edelstahl-MehLM\u00fchle bietet eine gro\u00dfe Bandbreite an Verarbeitung von Materialien. Und durch den Austausch des Siebs kann die Gr\u00f6\u00dfe des Mehls von 20 bis 120 Mesh gesteuert werden.<\/p>    <p class=\"translation-block\">Es kann die meisten Getreide mahlen, wie Mais, Hirse, Gerste, <a href=\"https:\/\/en.wikipedia.org\/wiki\/Buckwheat\" target=\"_blank\" rel=\"noopener\">Buchweizen<\/a>, Weizen, Hafer usw. Produkte k\u00f6nnen zu guten Preisen direkt an Verarbeitungsm\u00e4rkte oder Superm\u00e4rkte verkauft werden. <\/p>    <p>Gew\u00fcrze k\u00f6nnen mit dieser Getreidem\u00fchle immer noch zu feinem Pulver verarbeitet werden, z. B. Chilipulver, das in einigen Regionen beim Kochen beliebt ist. <\/p>    <p>Die gro\u00dfangelegte Verarbeitung von Kaffeebohnen ist ebenfalls eine lohnende Gesch\u00e4ftsm\u00f6glichkeit f\u00fcr diejenigen, die Kaffeepulver von hoher Qualit\u00e4t zum Verkauf herstellen m\u00f6chten. Diese Maschine kann Ihnen helfen, Ihre Pl\u00e4ne zu verwirklichen.<\/p>   <div class=\"wp-block-image\"> <figure class=\"aligncenter size-full\"><img loading=\"lazy\" decoding=\"async\" width=\"720\" height=\"540\" src=\"https:\/\/corn-machine.com\/wp-content\/uploads\/2025\/07\/raw-materials-and-the-final-products.webp\" alt=\"Rohstoffe und die endg\u00fcltigen verarbeiteten Produkte\" class=\"wp-image-584\" title=\"\" srcset=\"https:\/\/corn-machine.com\/wp-content\/uploads\/2025\/07\/raw-materials-and-the-final-products.webp 720w, https:\/\/corn-machine.com\/wp-content\/uploads\/2025\/07\/raw-materials-and-the-final-products-300x225.webp 300w, https:\/\/corn-machine.com\/wp-content\/uploads\/2025\/07\/raw-materials-and-the-final-products-16x12.webp 16w\" sizes=\"auto, (max-width: 720px) 100vw, 720px\" \/><figcaption class=\"wp-element-caption\">Rohrstoffe und Endprodukte<\/figcaption><\/figure> <\/div>   <h2 class=\"wp-block-heading\"><strong>Aufbau der Lebensmittel-Mahlm\u00fchle<\/strong><\/h2>    <p>Es gibt 6 Teile der \u00e4u\u00dferen Struktur der Edelstahl-Mehlm\u00fchle: der Zufluss, die Geschwindigkeitsverstellung, die lose Mutter, die Mahlkammer, der Netzschalter und der Ausgang.<\/p>   <div class=\"wp-block-image\"> <figure class=\"aligncenter size-full\"><img loading=\"lazy\" decoding=\"async\" width=\"720\" height=\"540\" src=\"https:\/\/corn-machine.com\/wp-content\/uploads\/2025\/07\/the-structure-of-stainless-steel-milling-machine.webp\" alt=\"die detaillierte Struktur der Edelstahl-Mahlmaschine\" class=\"wp-image-578\" title=\"\" srcset=\"https:\/\/corn-machine.com\/wp-content\/uploads\/2025\/07\/the-structure-of-stainless-steel-milling-machine.webp 720w, https:\/\/corn-machine.com\/wp-content\/uploads\/2025\/07\/the-structure-of-stainless-steel-milling-machine-300x225.webp 300w, https:\/\/corn-machine.com\/wp-content\/uploads\/2025\/07\/the-structure-of-stainless-steel-milling-machine-16x12.webp 16w\" sizes=\"auto, (max-width: 720px) 100vw, 720px\" \/><figcaption class=\"wp-element-caption\">Aufbau der Edelstahl-Mahlmaschine<\/figcaption><\/figure> <\/div>   <h2 class=\"wp-block-heading\"><strong>Verschiedene Typen der inneren Struktur<\/strong><\/h2>    <p>Verschiedene Typen haben fast die gleiche Struktur, aber es gibt vier Typen der inneren Strukturen wie folgt. <\/p>    <p>Wir haben Klingen-Typ, Kreuzhammer-Typ, Zahnrad-Typ und Turbo-Typ f\u00fcr unterschiedliche Mahlbed\u00fcrfnisse entworfen. Alle k\u00f6nnen die meisten derselben Materialien verarbeiten, daher bieten wir Optionen f\u00fcr Menschen mit besonderen Anforderungen.<\/p>    <figure class=\"wp-block-gallery has-nested-images columns-2 is-cropped wp-block-gallery-2 is-layout-flex wp-block-gallery-is-layout-flex\"> <figure class=\"wp-block-image size-large\"><img loading=\"lazy\" decoding=\"async\" width=\"720\" height=\"540\" data-id=\"570\" src=\"https:\/\/corn-machine.com\/wp-content\/uploads\/2025\/07\/blade-type.webp\" alt=\"Klingen-Typ der Edelstahl-Mehlm\u00fchle\" class=\"wp-image-570\" title=\"\" srcset=\"https:\/\/corn-machine.com\/wp-content\/uploads\/2025\/07\/blade-type.webp 720w, https:\/\/corn-machine.com\/wp-content\/uploads\/2025\/07\/blade-type-300x225.webp 300w, https:\/\/corn-machine.com\/wp-content\/uploads\/2025\/07\/blade-type-16x12.webp 16w\" sizes=\"auto, (max-width: 720px) 100vw, 720px\" \/><figcaption class=\"wp-element-caption\">Klingen-Typ<\/figcaption><\/figure>    <figure class=\"wp-block-image size-large\"><img loading=\"lazy\" decoding=\"async\" width=\"720\" height=\"540\" data-id=\"571\" src=\"https:\/\/corn-machine.com\/wp-content\/uploads\/2025\/07\/cross-hammer-type.webp\" alt=\"Kreuzhammer-Typ der Edelstahl-Mehlm\u00fchle\" class=\"wp-image-571\" title=\"\" srcset=\"https:\/\/corn-machine.com\/wp-content\/uploads\/2025\/07\/cross-hammer-type.webp 720w, https:\/\/corn-machine.com\/wp-content\/uploads\/2025\/07\/cross-hammer-type-300x225.webp 300w, https:\/\/corn-machine.com\/wp-content\/uploads\/2025\/07\/cross-hammer-type-16x12.webp 16w\" sizes=\"auto, (max-width: 720px) 100vw, 720px\" \/><figcaption class=\"wp-element-caption\">Kreuzhammer-Typ<\/figcaption><\/figure>    <figure class=\"wp-block-image size-large\"><img loading=\"lazy\" decoding=\"async\" width=\"720\" height=\"540\" data-id=\"572\" src=\"https:\/\/corn-machine.com\/wp-content\/uploads\/2025\/07\/sprocket-type.webp\" alt=\"Zahnrad-Typ der Edelstahl-Mehlm\u00fchle\" class=\"wp-image-572\" title=\"\" srcset=\"https:\/\/corn-machine.com\/wp-content\/uploads\/2025\/07\/sprocket-type.webp 720w, https:\/\/corn-machine.com\/wp-content\/uploads\/2025\/07\/sprocket-type-300x225.webp 300w, https:\/\/corn-machine.com\/wp-content\/uploads\/2025\/07\/sprocket-type-16x12.webp 16w\" sizes=\"auto, (max-width: 720px) 100vw, 720px\" \/><figcaption class=\"wp-element-caption\">Zahnrad-Typ<\/figcaption><\/figure>    <figure class=\"wp-block-image size-large\"><img loading=\"lazy\" decoding=\"async\" width=\"720\" height=\"540\" data-id=\"573\" src=\"https:\/\/corn-machine.com\/wp-content\/uploads\/2025\/07\/turbo-type.webp\" alt=\"Turbo-Typ der Edelstahl-Mehlm\u00fchle\" class=\"wp-image-573\" title=\"\" srcset=\"https:\/\/corn-machine.com\/wp-content\/uploads\/2025\/07\/turbo-type.webp 720w, https:\/\/corn-machine.com\/wp-content\/uploads\/2025\/07\/turbo-type-300x225.webp 300w, https:\/\/corn-machine.com\/wp-content\/uploads\/2025\/07\/turbo-type-16x12.webp 16w\" sizes=\"auto, (max-width: 720px) 100vw, 720px\" \/><figcaption class=\"wp-element-caption\">Turbo-Typ<\/figcaption><\/figure> <\/figure>    <p>Als eine hei\u00dfverkaufte Edelstahlmehlm\u00fchle verbessert Taizy sie weiterhin f\u00fcr eine einfachere Bedienung und hohe Produktionsstandards. Wenn Sie mehr Details wissen m\u00f6chten oder an unseren anderen Maschinen interessiert sind, z\u00f6gern Sie nicht, uns zu kontaktieren.<\/p>    <h2 class=\"wp-block-heading\"><strong>Getreidem\u00fchle<\/strong>s<strong> mit verschiedenen Modellen und ihren Parametern<\/strong><\/h2>    <figure class=\"wp-block-table\"><table><tbody><tr><td><strong>Modell<\/strong><\/td><td class=\"has-text-align-center\" data-align=\"center\">15B<\/td><td class=\"has-text-align-center\" data-align=\"center\">20B<\/td><td class=\"has-text-align-center\" data-align=\"center\">30B<\/td><td class=\"has-text-align-center\" data-align=\"center\">40B<\/td><td class=\"has-text-align-center\" data-align=\"center\">50B<\/td><\/tr><tr><td><strong>Kapazit\u00e4t (kg\/h)<\/strong><\/td><td class=\"has-text-align-center\" data-align=\"center\">10-60<\/td><td class=\"has-text-align-center\" data-align=\"center\">60-150<\/td><td class=\"has-text-align-center\" data-align=\"center\">100-300<\/td><td class=\"has-text-align-center\" data-align=\"center\">160-800<\/td><td class=\"has-text-align-center\" data-align=\"center\">500-1500<\/td><\/tr><tr><td><strong>Materialgr\u00f6\u00dfe (mm)<\/strong><\/td><td class=\"has-text-align-center\" data-align=\"center\">&lt;8<\/td><td class=\"has-text-align-center\" data-align=\"center\">&lt;8<\/td><td class=\"has-text-align-center\" data-align=\"center\">&lt;10<\/td><td class=\"has-text-align-center\" data-align=\"center\">&lt;12<\/td><td class=\"has-text-align-center\" data-align=\"center\">&lt;14<\/td><\/tr><tr><td><strong>Feinheit (Mesh)<\/strong><\/td><td class=\"has-text-align-center\" data-align=\"center\">20-120<\/td><td class=\"has-text-align-center\" data-align=\"center\">20-120<\/td><td class=\"has-text-align-center\" data-align=\"center\">20-120<\/td><td class=\"has-text-align-center\" data-align=\"center\">20-120<\/td><td class=\"has-text-align-center\" data-align=\"center\">20-120<\/td><\/tr><tr><td><strong>Leistung (kW)<\/strong><\/td><td class=\"has-text-align-center\" data-align=\"center\">2.2<\/td><td class=\"has-text-align-center\" data-align=\"center\">4<\/td><td class=\"has-text-align-center\" data-align=\"center\">7.5<\/td><td class=\"has-text-align-center\" data-align=\"center\">11<\/td><td class=\"has-text-align-center\" data-align=\"center\">18.5<\/td><\/tr><tr><td><strong>Drehzahl (r\/min)<\/strong><\/td><td class=\"has-text-align-center\" data-align=\"center\">6000<\/td><td class=\"has-text-align-center\" data-align=\"center\">4500<\/td><td class=\"has-text-align-center\" data-align=\"center\">3800<\/td><td class=\"has-text-align-center\" data-align=\"center\">3400<\/td><td class=\"has-text-align-center\" data-align=\"center\">3200<\/td><\/tr><tr><td><strong>Power (kW)<\/strong><\/td><td class=\"has-text-align-center\" data-align=\"center\">550*6000*1000<\/td><td class=\"has-text-align-center\" data-align=\"center\">600*550*1250<\/td><td class=\"has-text-align-center\" data-align=\"center\">700*600*1450<\/td><td class=\"has-text-align-center\" data-align=\"center\">900*800*1550<\/td><td class=\"has-text-align-center\" data-align=\"center\">1000*900*1680<\/td><\/tr><tr><td><strong>Gewicht (kg)<\/strong><\/td><td class=\"has-text-align-center\" data-align=\"center\">150<\/td><td class=\"has-text-align-center\" data-align=\"center\">280<\/td><td class=\"has-text-align-center\" data-align=\"center\">340<\/td><td class=\"has-text-align-center\" data-align=\"center\">450<\/td><td class=\"has-text-align-center\" data-align=\"center\">530<\/td><\/tr><\/tbody><\/table><figcaption class=\"wp-element-caption\">Parameter der Edelstahl-Mehlm\u00fchlenmaschinen<\/figcaption><\/figure>    <h2 class=\"wp-block-heading\"><strong>Worin besteht der Unterschied zwischen einer Edelstahl-Mehlm\u00fchle und anderen g\u00e4ngigen Typen?<\/strong><\/h2>    <ul class=\"wp-block-list\"> <li>Die Edelstahl-Mehlm\u00fchle hat eine h\u00f6here Korrosionsbest\u00e4ndigkeit als andere Maschinen mit derselben Funktion. Sie ist daher leichter zu reinigen und es m\u00fcssen Sie sich keine Sorgen um Rost machen.<\/li>    <li>Edelstahlmaterial mit glatterer Oberfl\u00e4che, sodass sich beim Verarbeiten von Produkten seltener Bakterien festsetzen.<\/li>    <li>Edelstahlmaterial hat eine bessere H\u00e4rte und Z\u00e4higkeit, daher hat die Mahlmaschine eine l\u00e4ngere und haltbarere Lebensdauer.<\/li> <\/ul>    <figure class=\"wp-block-gallery has-nested-images columns-default is-cropped wp-block-gallery-3 is-layout-flex wp-block-gallery-is-layout-flex\"> <figure class=\"wp-block-image size-full\"><img loading=\"lazy\" decoding=\"async\" width=\"720\" height=\"540\" data-id=\"582\" src=\"https:\/\/corn-machine.com\/wp-content\/uploads\/2025\/07\/the-normal-style-of-stainless-steel-flour-mill-machine.webp\" alt=\"die normale Ausf\u00fchrung der Edelstahl-Mehlm\u00fchle zum Mahlen von Lebensmitteln\" class=\"wp-image-582\" title=\"\" srcset=\"https:\/\/corn-machine.com\/wp-content\/uploads\/2025\/07\/the-normal-style-of-stainless-steel-flour-mill-machine.webp 720w, https:\/\/corn-machine.com\/wp-content\/uploads\/2025\/07\/the-normal-style-of-stainless-steel-flour-mill-machine-300x225.webp 300w, https:\/\/corn-machine.com\/wp-content\/uploads\/2025\/07\/the-normal-style-of-stainless-steel-flour-mill-machine-16x12.webp 16w\" sizes=\"auto, (max-width: 720px) 100vw, 720px\" \/><figcaption class=\"wp-element-caption\">Die normale Ausf\u00fchrung der Edelstahl-Mehlm\u00fchle<\/figcaption><\/figure>    <figure class=\"wp-block-image size-full\"><img loading=\"lazy\" decoding=\"async\" width=\"720\" height=\"540\" data-id=\"583\" src=\"https:\/\/corn-machine.com\/wp-content\/uploads\/2025\/07\/the-stainless-steel-style-of-stainless-steel-flour-mill.webp\" alt=\"der Edelstahl-Stil der Edelstahl-Mehlm\u00fchle zur Verarbeitung von Lebensmitteln.\" class=\"wp-image-583\" title=\"\" srcset=\"https:\/\/corn-machine.com\/wp-content\/uploads\/2025\/07\/the-stainless-steel-style-of-stainless-steel-flour-mill.webp 720w, https:\/\/corn-machine.com\/wp-content\/uploads\/2025\/07\/the-stainless-steel-style-of-stainless-steel-flour-mill-300x225.webp 300w, https:\/\/corn-machine.com\/wp-content\/uploads\/2025\/07\/the-stainless-steel-style-of-stainless-steel-flour-mill-16x12.webp 16w\" sizes=\"auto, (max-width: 720px) 100vw, 720px\" \/><figcaption class=\"wp-element-caption\">Die Edelstahl-Variante der Edelstahl-Mehlm\u00fchle<\/figcaption><\/figure> <\/figure>    <p class=\"translation-block\">Die Edelstahler Mahlm\u00fchle ist besser geeignet zum Mahlen von Getreide, Gew\u00fcrzen und anderen anspruchsvollen Produkten. Die normale M\u00fchle kann gr\u00f6\u00dfere Produkte oder Futtermittel f\u00fcr den Verkauf verarbeiten. Wir haben <a href=\"https:\/\/corn-machine.com\/de\/product\/small-maize-grinding-machine\/\">Scheibenm\u00fchlen<\/a>, <a href=\"https:\/\/corn-machine.com\/de\/product\/hammer-mill-grinder-for-corn\/\">Hammerm\u00fchlen<\/a> und andere Typen landwirtschaftlicher Maschinen zum Verkauf. Klicken Sie darauf und erhalten Sie weitere Details.<\/p>","protected":false},"excerpt":{"rendered":"<p>Edelstahlmehlm\u00fchlen produzieren Lebensmittelqualit\u00e4t-Pulverprodukte. Hochpr\u00e4zise Instrumente erm\u00f6glichen die Herstellung von Partikeln mit einer Gr\u00f6\u00dfe von 20-120 Mesh bei Kapazit\u00e4ten von 10 kg\/h bis 1500 kg\/h.<\/p>","protected":false},"author":1,"featured_media":569,"parent":0,"template":"","tags":[32],"product-type":[43],"class_list":["post-567","product","type-product","status-publish","has-post-thumbnail","hentry","tag-corn-flour","product-type-maize-grinding-mill-machine"],"_links":{"self":[{"href":"https:\/\/corn-machine.com\/de\/wp-json\/wp\/v2\/product\/567","targetHints":{"allow":["GET"]}}],"collection":[{"href":"https:\/\/corn-machine.com\/de\/wp-json\/wp\/v2\/product"}],"about":[{"href":"https:\/\/corn-machine.com\/de\/wp-json\/wp\/v2\/types\/product"}],"author":[{"embeddable":true,"href":"https:\/\/corn-machine.com\/de\/wp-json\/wp\/v2\/users\/1"}],"wp:featuredmedia":[{"embeddable":true,"href":"https:\/\/corn-machine.com\/de\/wp-json\/wp\/v2\/media\/569"}],"wp:attachment":[{"href":"https:\/\/corn-machine.com\/de\/wp-json\/wp\/v2\/media?parent=567"}],"wp:term":[{"taxonomy":"post_tag","embeddable":true,"href":"https:\/\/corn-machine.com\/de\/wp-json\/wp\/v2\/tags?post=567"},{"taxonomy":"product-type","embeddable":true,"href":"https:\/\/corn-machine.com\/de\/wp-json\/wp\/v2\/product-type?post=567"}],"curies":[{"name":"wp","href":"https:\/\/api.w.org\/{rel}","templated":true}]}}