{"id":57,"date":"2022-09-06T07:17:43","date_gmt":"2022-09-05T23:17:43","guid":{"rendered":"https:\/\/corn-machine.com\/?post_type=product&#038;p=57"},"modified":"2025-07-23T18:28:54","modified_gmt":"2025-07-23T10:28:54","slug":"automatic-corn-sheller","status":"publish","type":"product","link":"https:\/\/corn-machine.com\/de\/product\/automatic-corn-sheller\/","title":{"rendered":"Automatische Mais-Entspelzungsmaschine | Mais-Dreschmaschine"},"content":{"rendered":"<p class=\"translation-block\">Die automatische Maisentk\u00f6rnungsmaschine ist f\u00fcr sonnengetrockneten Mais konzipiert und eignet sich f\u00fcr Getreideverarbeitungsbetriebe und Landwirte jeder Gr\u00f6\u00dfe. Die Maisentk\u00f6rnungsmaschine kann die getrockneten Maiskolben schnell dreschen, und die getrockneten K\u00f6rner k\u00f6nnen zu Maismehl oder Maisschrot verarbeitet oder direkt verkauft werden. Dar\u00fcber hinaus, wenn Ihre Rohstoffe frischer Zuckermais sind, haben wir auch<a href=\"https:\/\/corn-machine.com\/de\/product\/fresh-corn-sheller-machine\/\">einen Frischmaisdrescher<\/a> zum Verkauf. Der Maisdrescher kann je nach Kundenwunsch entweder von einem Diesel- oder Elektromotor angetrieben werden. Kontaktieren Sie uns jetzt und teilen Sie uns mit, was Sie ben\u00f6tigen.<\/p>   <div class=\"wp-block-image\"> <figure class=\"aligncenter size-full\"><img loading=\"lazy\" decoding=\"async\" width=\"720\" height=\"540\" src=\"https:\/\/corn-machine.com\/wp-content\/uploads\/2022\/09\/maize-shelling-machine.webp\" alt=\"Mais-Sch\u00e4lmaschine\" class=\"wp-image-173\" title=\"\"><figcaption class=\"wp-element-caption\">Mais-Sch\u00e4lmaschine<\/figcaption><\/figure> <\/div>  <div class=\"wp-block-image\"> <figure class=\"aligncenter size-full\"><img loading=\"lazy\" decoding=\"async\" width=\"720\" height=\"540\" src=\"https:\/\/corn-machine.com\/wp-content\/uploads\/2022\/09\/automatic-corn-sheller-machine-.webp\" alt=\"Automatische Maiskolben-Entspelungsmaschine\" class=\"wp-image-171\" title=\"\"><figcaption class=\"wp-element-caption\">Automatische Maiskolben-Entspelungsmaschine<\/figcaption><\/figure> <\/div>   <h2 class=\"wp-block-heading\" id=\"h-introduction-of-maize-shelling-machine\">Einf\u00fchrung in die Maissch\u00e4lmaschine<\/h2>    <p>Die Maissch\u00e4lmaschine besteht haupts\u00e4chlich aus einem F\u00fclltrichter, einem inneren Dreschger\u00e4t, einem Aufzug, einem Ventilator, einem Lufttrennsystem wie einem Spreuabscheider, einem vibrierenden Reinigungs-sieb, einem Rahmen, einem Antriebssystem und so weiter. Das F\u00f6rderband transportiert den Mais in das Dreschger\u00e4t, und wenn das Dreschen abgeschlossen ist, werden die Verunreinigungen durch den Ventilator vom Staubauslass geblasen. Dann werden die Maisk\u00f6rner vom Auslass entladen. Nach dem Dreschen ist der Mais von hoher Qualit\u00e4t und frei von Verunreinigungen.<\/p>    <figure class=\"wp-block-gallery has-nested-images columns-default is-cropped wp-block-gallery-2 is-layout-flex wp-block-gallery-is-layout-flex\"> <figure class=\"wp-block-image size-large\"><img loading=\"lazy\" decoding=\"async\" width=\"720\" height=\"540\" data-id=\"174\" src=\"https:\/\/corn-machine.com\/wp-content\/uploads\/2022\/09\/the-threshed-corn-cob-is-clean.webp\" alt=\"Der entspelzte Maiskolben ist sauber\" class=\"wp-image-174\" title=\"\"><figcaption class=\"wp-element-caption\">Der entspelzte Maiskolben ist sauber<\/figcaption><\/figure>    <figure class=\"wp-block-image size-large\"><img loading=\"lazy\" decoding=\"async\" width=\"720\" height=\"540\" data-id=\"172\" src=\"https:\/\/corn-machine.com\/wp-content\/uploads\/2022\/09\/final-product-of-automatic-corn-sheller-machine-.webp\" alt=\"Endprodukt der automatischen Maissch\u00e4lmaschine\" class=\"wp-image-172\" title=\"\"><figcaption class=\"wp-element-caption\">Endprodukt der automatischen Maissch\u00e4lmaschine<\/figcaption><\/figure> <\/figure>    <h2 class=\"wp-block-heading\">Arbeitsvideo der automatischen Maissch\u00e4lmaschine<\/h2>    <figure class=\"wp-block-embed is-type-video is-provider-youtube wp-block-embed-youtube wp-embed-aspect-16-9 wp-has-aspect-ratio\"><div class=\"wp-block-embed__wrapper\"> <iframe loading=\"lazy\" title=\"\ud83c\udf3d\ud83d\ude9cLeistungsstarke Maiskolben-Entk\u00f6rner-Maschine mit F\u00f6rderband &amp; gro\u00dfen R\u00e4dern \u2013 Hocheffiziente Dreschvorf\u00fchrung f\u00fcr Sie!\" width=\"500\" height=\"281\" src=\"https:\/\/www.youtube.com\/embed\/meFYy3_EJbU?feature=oembed\" frameborder=\"0\" allow=\"accelerometer; autoplay; clipboard-write; encrypted-media; gyroscope; picture-in-picture; web-share\" referrerpolicy=\"strict-origin-when-cross-origin\" allowfullscreen><\/iframe> <\/div><figcaption class=\"wp-element-caption\">Arbeitsprozess der automatischen Maissch\u00e4lmaschine<\/figcaption><\/figure>    <h2 class=\"wp-block-heading\" id=\"h-parameters-of-corn-threshing-machine\">Parameter der Maissch\u00e4lmaschine<\/h2>    <figure class=\"wp-block-table\"><table><tbody><tr><td>Modell<\/td><td>TY-80A<\/td><td>TY-80B<\/td><td>TY-80C<\/td><td>TY-80D<\/td><\/tr><tr><td>Leistung<\/td><td>15PS Dieselmotor oder 7,5 kW Motor<\/td><td>15PS Dieselmotor oder 7,5 kW Motor<\/td><td>15PS Dieselmotor oder 7,5 kW Motor<\/td><td>15PS Dieselmotor oder 7,5 kW Motor<\/td><\/tr><tr><td>Kapazit\u00e4t<\/td><td>4t\/h (Maisk\u00f6rner)<\/td><td>5t\/h (Maisk\u00f6rner)<\/td><td>5t\/h (Maisk\u00f6rner)<\/td><td>6t\/h (Maisk\u00f6rner)<\/td><\/tr><tr><td>Dreschrate<\/td><td>\u2265 99,5 %<\/td><td>&nbsp;\u2265 99,5 %<\/td><td>\u2265 99,5 %<\/td><td>\u2265 99,5 %<\/td><\/tr><tr><td>Verlustquote<\/td><td>\u22642,0%<\/td><td>\u22642,0%<\/td><td>\u22642,0%<\/td><td>\u22642,0%<\/td><\/tr><tr><td>Bruchrate<\/td><td>\u22641,5%<\/td><td>\u22641,5%<\/td><td>\u22641,5%<\/td><td>\u22641,5%<\/td><\/tr><tr><td>Verunreinigungsrate<\/td><td>\u22641,0%<\/td><td>\u22641,0%<\/td><td>\u22641,0%<\/td><td>\u22641,0%<\/td><\/tr><tr><td>Gewicht<\/td><td>200 kg<\/td><td>230kg<\/td><td>320kg<\/td><td>350 kg<\/td><\/tr><tr><td>Gr\u00f6\u00dfe<\/td><td>2360*1360*1480 mm<\/td><td>2360*1360*2000 mm<\/td><td>3860*1360*1480 mm<\/td><td>3860*1360*2480 mm<\/td><\/tr><\/tbody><\/table><figcaption class=\"wp-element-caption\"><br><strong>Leistungsparameter<\/strong> der Maissch\u00e4lmaschine<\/figcaption><\/figure>    <h2 class=\"wp-block-heading\" id=\"h-advantages-of-automatic-corn-sheller\">Vorteile der automatischen Maissch\u00e4lmaschine<\/h2>    <ol class=\"wp-block-list\"> <li>Die hohe Dreschrate der Maschine kann 99,5% erreichen und die Verunreinigungen liegen unter 1%.<\/li>    <li>Die hohe Leistung der Maschine kann 4-6 Tonnen Mais pro Stunde verarbeiten, was h\u00f6her ist als bei den meisten Maschinen auf dem Markt.<\/li>    <li>Die Maschine ist mit einem automatischen F\u00fclltrichter ausgestattet, der den Mais schnell transportieren kann und die F\u00fctterungszeit sowie die Arbeitskosten erheblich spart.<\/li>    <li>Die Maschine kann mit R\u00e4dern ausgestattet werden, was die Mobilit\u00e4t erleichtert.<\/li>    <li>Die Maschine kann mit einem Elektromotor oder einem Dieselmotor betrieben werden. F\u00fcr Gebiete mit Strommangel empfehlen wir die Verwendung eines Dieselmotors zum Antrieb der Maschine.<\/li> <\/ol>","protected":false},"excerpt":{"rendered":"<p>The automatic corn sheller machine is designed for sun-dried corn and is suitable for grain processing plants and farmers of all sizes. The maize sheller machine can quickly thresh the dried corn cob, and the dried kernels can be made into cornmeal, grits, or sold directly. Moreover, if your raw materials are fresh sweet maize, [&hellip;]<\/p>\n","protected":false},"author":1,"featured_media":60,"parent":0,"template":"","tags":[17],"product-type":[42],"class_list":["post-57","product","type-product","status-publish","has-post-thumbnail","hentry","tag-corn-threshing-machine","product-type-maize-sheller-machine"],"_links":{"self":[{"href":"https:\/\/corn-machine.com\/de\/wp-json\/wp\/v2\/product\/57","targetHints":{"allow":["GET"]}}],"collection":[{"href":"https:\/\/corn-machine.com\/de\/wp-json\/wp\/v2\/product"}],"about":[{"href":"https:\/\/corn-machine.com\/de\/wp-json\/wp\/v2\/types\/product"}],"author":[{"embeddable":true,"href":"https:\/\/corn-machine.com\/de\/wp-json\/wp\/v2\/users\/1"}],"wp:featuredmedia":[{"embeddable":true,"href":"https:\/\/corn-machine.com\/de\/wp-json\/wp\/v2\/media\/60"}],"wp:attachment":[{"href":"https:\/\/corn-machine.com\/de\/wp-json\/wp\/v2\/media?parent=57"}],"wp:term":[{"taxonomy":"post_tag","embeddable":true,"href":"https:\/\/corn-machine.com\/de\/wp-json\/wp\/v2\/tags?post=57"},{"taxonomy":"product-type","embeddable":true,"href":"https:\/\/corn-machine.com\/de\/wp-json\/wp\/v2\/product-type?post=57"}],"curies":[{"name":"wp","href":"https:\/\/api.w.org\/{rel}","templated":true}]}}