{"id":585,"date":"2025-07-08T17:15:22","date_gmt":"2025-07-08T09:15:22","guid":{"rendered":"https:\/\/corn-machine.com\/?post_type=product&#038;p=585"},"modified":"2026-01-09T09:16:20","modified_gmt":"2026-01-09T01:16:20","slug":"mobile-grain-dryer-for-drying-corn-rice","status":"publish","type":"product","link":"https:\/\/corn-machine.com\/de\/product\/mobile-grain-dryer-for-drying-corn-rice\/","title":{"rendered":"Mobiler Getreidetrockner f\u00fcr kleine Farmen"},"content":{"rendered":"<p>Der mobile Getreidetrockner ist eine Kleinmaschine zum Trocknen von Getreide und Bohnen f\u00fcr die landwirtschaftliche Verarbeitung. Er besteht aus Edelstahl mit einem Heizteil aus Kohlenstoffstahl, um die Maschine vor Staub zu sch\u00fctzen und die Qualit\u00e4t des getrockneten Getreides zu gew\u00e4hrleisten.<\/p>    <p>There are two types of portable grain dryers: single bin and double bins. Its output can achieve 10T-240T every day, and the specific yield relies on its size and the volume of bins.<\/p>    <figure class=\"wp-block-embed is-type-video is-provider-youtube wp-block-embed-youtube wp-embed-aspect-16-9 wp-has-aspect-ratio\"><div class=\"wp-block-embed__wrapper\"> <iframe loading=\"lazy\" title=\"Der Hochleistung-Mobil-Gutgras-Trockner zur Trocknung von Mais und K\u00f6rnern steigert Ihre Erntequalit\u00e4t schnell\uff01\" width=\"500\" height=\"281\" src=\"https:\/\/www.youtube.com\/embed\/ze6FVDt2tgE?feature=oembed\" frameborder=\"0\" allow=\"accelerometer; autoplay; clipboard-write; encrypted-media; gyroscope; picture-in-picture; web-share\" referrerpolicy=\"strict-origin-when-cross-origin\" allowfullscreen><\/iframe> <\/div><figcaption class=\"wp-element-caption\">the operation process of mobile grain dryer<\/figcaption><\/figure>    <h2 class=\"wp-block-heading\"><strong>Advantages of portable grain dryer<\/strong><\/h2>    <ul class=\"wp-block-list\"> <li>Its size is smaller than the common dryer tower, and it is easy to move around. Therefore, it is suitable for various application settings.<\/li>    <li>F\u00fcr diese Maisd\u00f6rrmaschine gibt es viele Energieversorgungsoptionen, wie z. B. Biomasse, Kohle, Diesel, Benzin, Gas, Strom und <a href=\"https:\/\/en.wikipedia.org\/wiki\/Methanol\" target=\"_blank\" rel=\"noopener\">CH3OH<\/a>.<\/li>    <li>It is made of stainless steel materials with high resistance to the environment and an excellent anti-bacterial and dust-removing effect.<\/li>    <li>Es ist einfach, w\u00e4hrend des Prozesses alle Operationen durchzuf\u00fchren. Es gibt einen externen Schrank zur Steuerung der Maschine. Mit Hilfe unseres Handbuchs k\u00f6nnen Sie lernen, wie man es benutzt.<\/li> <\/ul>   <div class=\"wp-block-image\"> <figure class=\"aligncenter size-full\"><img loading=\"lazy\" decoding=\"async\" width=\"720\" height=\"540\" src=\"https:\/\/corn-machine.com\/wp-content\/uploads\/2025\/07\/the-cabinet-of-mobile-grain-dryer.webp\" alt=\"the easy-operation cabinet of mobile grain dryer\" class=\"wp-image-594\" title=\"\" srcset=\"https:\/\/corn-machine.com\/wp-content\/uploads\/2025\/07\/the-cabinet-of-mobile-grain-dryer.webp 720w, https:\/\/corn-machine.com\/wp-content\/uploads\/2025\/07\/the-cabinet-of-mobile-grain-dryer-300x225.webp 300w, https:\/\/corn-machine.com\/wp-content\/uploads\/2025\/07\/the-cabinet-of-mobile-grain-dryer-16x12.webp 16w\" sizes=\"auto, (max-width: 720px) 100vw, 720px\" \/><figcaption class=\"wp-element-caption\">the cabinet of mobile grain dryer<\/figcaption><\/figure> <\/div>   <h2 class=\"wp-block-heading\"><strong>Parameters of the crop dryer<\/strong><\/h2>    <figure class=\"wp-block-gallery has-nested-images columns-default is-cropped wp-block-gallery-2 is-layout-flex wp-block-gallery-is-layout-flex\"> <figure class=\"wp-block-image size-full\"><img loading=\"lazy\" decoding=\"async\" width=\"720\" height=\"540\" data-id=\"592\" src=\"https:\/\/corn-machine.com\/wp-content\/uploads\/2025\/07\/single-bin-of-mobile-grain-dryer.webp\" alt=\"single bin of small farm grain dryer for drying grains\" class=\"wp-image-592\" title=\"\" srcset=\"https:\/\/corn-machine.com\/wp-content\/uploads\/2025\/07\/single-bin-of-mobile-grain-dryer.webp 720w, https:\/\/corn-machine.com\/wp-content\/uploads\/2025\/07\/single-bin-of-mobile-grain-dryer-300x225.webp 300w, https:\/\/corn-machine.com\/wp-content\/uploads\/2025\/07\/single-bin-of-mobile-grain-dryer-16x12.webp 16w\" sizes=\"auto, (max-width: 720px) 100vw, 720px\" \/><figcaption class=\"wp-element-caption\">single bin of mobile grain dryer<\/figcaption><\/figure>    <figure class=\"wp-block-image size-full\"><img loading=\"lazy\" decoding=\"async\" width=\"720\" height=\"540\" data-id=\"591\" src=\"https:\/\/corn-machine.com\/wp-content\/uploads\/2025\/07\/double-bin-of-mobile-grain-dryer.webp\" alt=\"double bins of small farm grain dryer for drying grains\" class=\"wp-image-591\" title=\"\" srcset=\"https:\/\/corn-machine.com\/wp-content\/uploads\/2025\/07\/double-bin-of-mobile-grain-dryer.webp 720w, https:\/\/corn-machine.com\/wp-content\/uploads\/2025\/07\/double-bin-of-mobile-grain-dryer-300x225.webp 300w, https:\/\/corn-machine.com\/wp-content\/uploads\/2025\/07\/double-bin-of-mobile-grain-dryer-16x12.webp 16w\" sizes=\"auto, (max-width: 720px) 100vw, 720px\" \/><figcaption class=\"wp-element-caption\">double bins of mobile grain dryer<\/figcaption><\/figure> <\/figure>    <figure class=\"wp-block-table aligncenter\"><table class=\"has-fixed-layout\"><tbody><tr><td class=\"has-text-align-center\" data-align=\"center\">Single bin<\/td><td class=\"has-text-align-center\" data-align=\"center\">Power (kW)<\/td><td class=\"has-text-align-center\" data-align=\"center\">Weight (Ton)<\/td><td class=\"has-text-align-center\" data-align=\"center\">Gr\u00f6\u00dfe (mm)<\/td><td class=\"has-text-align-center\" data-align=\"center\">Schraubenf\u00f6rdererleistung (kW)<\/td><td class=\"has-text-align-center\" data-align=\"center\">Hauptventilatorleistung (kW)<\/td><td class=\"has-text-align-center\" data-align=\"center\">Induzierte Zugsventilator (kW)<\/td><td class=\"has-text-align-center\" data-align=\"center\">Output (24hours)<\/td><\/tr><tr><td class=\"has-text-align-center\" data-align=\"center\">1T<\/td><td class=\"has-text-align-center\" data-align=\"center\">8.3<\/td><td class=\"has-text-align-center\" data-align=\"center\">2<\/td><td class=\"has-text-align-center\" data-align=\"center\">4600*1800*3500<\/td><td class=\"has-text-align-center\" data-align=\"center\">\/<\/td><td class=\"has-text-align-center\" data-align=\"center\">\/<\/td><td class=\"has-text-align-center\" data-align=\"center\">\/<\/td><td class=\"has-text-align-center\" data-align=\"center\">10T<\/td><\/tr><tr><td class=\"has-text-align-center\" data-align=\"center\">2T<\/td><td class=\"has-text-align-center\" data-align=\"center\">11<\/td><td class=\"has-text-align-center\" data-align=\"center\">2.8<\/td><td class=\"has-text-align-center\" data-align=\"center\">5100*2000*3800<\/td><td class=\"has-text-align-center\" data-align=\"center\">4<\/td><td class=\"has-text-align-center\" data-align=\"center\">3<\/td><td class=\"has-text-align-center\" data-align=\"center\">0.75<\/td><td class=\"has-text-align-center\" data-align=\"center\">20T<\/td><\/tr><tr><td class=\"has-text-align-center\" data-align=\"center\">4T<\/td><td class=\"has-text-align-center\" data-align=\"center\">19<\/td><td class=\"has-text-align-center\" data-align=\"center\">4.5<\/td><td class=\"has-text-align-center\" data-align=\"center\">5400*2100*3900<\/td><td class=\"has-text-align-center\" data-align=\"center\">7.5<\/td><td class=\"has-text-align-center\" data-align=\"center\">5.5<\/td><td class=\"has-text-align-center\" data-align=\"center\">0.75<\/td><td class=\"has-text-align-center\" data-align=\"center\">40T<\/td><\/tr><tr><td class=\"has-text-align-center\" data-align=\"center\">6T<\/td><td class=\"has-text-align-center\" data-align=\"center\">24<\/td><td class=\"has-text-align-center\" data-align=\"center\">5.3<\/td><td class=\"has-text-align-center\" data-align=\"center\">5600*2100*4300<\/td><td class=\"has-text-align-center\" data-align=\"center\">7.5<\/td><td class=\"has-text-align-center\" data-align=\"center\">7.5<\/td><td class=\"has-text-align-center\" data-align=\"center\">0.75<\/td><td class=\"has-text-align-center\" data-align=\"center\">60T<\/td><\/tr><tr><td class=\"has-text-align-center\" data-align=\"center\">8T<\/td><td class=\"has-text-align-center\" data-align=\"center\">28<\/td><td class=\"has-text-align-center\" data-align=\"center\">6.5<\/td><td class=\"has-text-align-center\" data-align=\"center\">6000*2100*5800<\/td><td class=\"has-text-align-center\" data-align=\"center\">7.5<\/td><td class=\"has-text-align-center\" data-align=\"center\">7.5<\/td><td class=\"has-text-align-center\" data-align=\"center\">0.75<\/td><td class=\"has-text-align-center\" data-align=\"center\">80T<\/td><\/tr><tr><td class=\"has-text-align-center\" data-align=\"center\">10T<\/td><td class=\"has-text-align-center\" data-align=\"center\">32<\/td><td class=\"has-text-align-center\" data-align=\"center\">7.4<\/td><td class=\"has-text-align-center\" data-align=\"center\">6200*2100*6400<\/td><td class=\"has-text-align-center\" data-align=\"center\">7.5<\/td><td class=\"has-text-align-center\" data-align=\"center\">7.5<\/td><td class=\"has-text-align-center\" data-align=\"center\">1.5<\/td><td class=\"has-text-align-center\" data-align=\"center\">100T<\/td><\/tr><\/tbody><\/table><figcaption class=\"wp-element-caption\">the parameters of the single bin corn dryer<\/figcaption><\/figure>    <figure class=\"wp-block-table aligncenter\"><table class=\"has-fixed-layout\"><tbody><tr><td class=\"has-text-align-center\" data-align=\"center\">Double bins<\/td><td class=\"has-text-align-center\" data-align=\"center\">Power (kW)<\/td><td class=\"has-text-align-center\" data-align=\"center\">Weight (Ton)<\/td><td class=\"has-text-align-center\" data-align=\"center\">Gr\u00f6\u00dfe (mm)<\/td><td class=\"has-text-align-center\" data-align=\"center\">Output (24hours)<\/td><\/tr><tr><td class=\"has-text-align-center\" data-align=\"center\">2T+2T<\/td><td class=\"has-text-align-center\" data-align=\"center\">15<\/td><td class=\"has-text-align-center\" data-align=\"center\">4.2<\/td><td class=\"has-text-align-center\" data-align=\"center\">7500*2000*3800<\/td><td class=\"has-text-align-center\" data-align=\"center\">40T<\/td><\/tr><tr><td class=\"has-text-align-center\" data-align=\"center\">4T+4T<\/td><td class=\"has-text-align-center\" data-align=\"center\">23<\/td><td class=\"has-text-align-center\" data-align=\"center\">7<\/td><td class=\"has-text-align-center\" data-align=\"center\">8500*2100*3800<\/td><td class=\"has-text-align-center\" data-align=\"center\">80T<\/td><\/tr><tr><td class=\"has-text-align-center\" data-align=\"center\">6T+6T<\/td><td class=\"has-text-align-center\" data-align=\"center\">27<\/td><td class=\"has-text-align-center\" data-align=\"center\">8.5<\/td><td class=\"has-text-align-center\" data-align=\"center\">9500*2100*3900<\/td><td class=\"has-text-align-center\" data-align=\"center\">120T<\/td><\/tr><tr><td class=\"has-text-align-center\" data-align=\"center\">8T+8T<\/td><td class=\"has-text-align-center\" data-align=\"center\">32<\/td><td class=\"has-text-align-center\" data-align=\"center\">9.8<\/td><td class=\"has-text-align-center\" data-align=\"center\">11000*2100*4300<\/td><td class=\"has-text-align-center\" data-align=\"center\">160T<\/td><\/tr><tr><td class=\"has-text-align-center\" data-align=\"center\">12T+12T<\/td><td class=\"has-text-align-center\" data-align=\"center\">37<\/td><td class=\"has-text-align-center\" data-align=\"center\">15<\/td><td class=\"has-text-align-center\" data-align=\"center\">12000*2100*6800<\/td><td class=\"has-text-align-center\" data-align=\"center\">240T<\/td><\/tr><\/tbody><\/table><figcaption class=\"wp-element-caption\">the parameters of the double bins maize dryer<\/figcaption><\/figure>    <p>There are many models with different sizes above. The single bin mobile grain dryer is more lightweight and saves more space. If you process a small batch of grains but want to gain high-grade dried products, this will be a good choice.<\/p>    <p>However, the type of double bins is more effective than the other types. The two silos can be loaded and unloaded alternately to save the time and labor. If you have strict requirements for efficiency, it is best to choose this type of crop drying equipment.<\/p>    <h2 class=\"wp-block-heading\"><strong>How much is this maize dryer machine?<\/strong><\/h2>    <p>There is no exact price, because of the different types of maize drying machinery, with some customized services available. There are some features that will influence the price volatility.<\/p>    <ul class=\"wp-block-list\"> <li>Our base material for making the wheat dryer is stainless steel, which will have a higher price than a galvanized steel machine. Of course, the advantages of choosing stainless steel as the material for bins which has high corrosion resistance, and it produces better quality products.<\/li>    <li>Prices will rise and fall depending on the choice of the number of bins. A single bin grain drying equipment will be cheaper than double bins one. But double bins have more capacity and higher efficiency.<\/li>    <li>In international commerce, the whole price will be influenced by the shipping costs. It will also be closely linked to tariffs.<\/li> <\/ul>    <p>Anyway, choosing a suitable machine can deliver sustainable benefits. If you still feel confused about some points or want to know more details, please contact us. We have professional salesmen to help you select the most optimal program for you.<\/p>    <h2 class=\"wp-block-heading\"><strong>Structure of mobile grain dryer<\/strong><\/h2>    <p>Mit einfacher Bedienung ist auch die Struktur dieses Mais-Trocknungsger\u00e4ts einfach. Es besteht aus einem Ofen, einem Zyklon, einem Anh\u00e4nger, Ventilatoren, einem Rad, einem Schrank, einer Zuf\u00fchrschnecke, einem Silo, einer Leiter und einem Zuf\u00fchrungsport. Im Folgenden ist eine detaillierte Darstellung davon.<\/p>   <div class=\"wp-block-image\"> <figure class=\"aligncenter size-full\"><img loading=\"lazy\" decoding=\"async\" width=\"720\" height=\"540\" src=\"https:\/\/corn-machine.com\/wp-content\/uploads\/2025\/07\/the-structure-of-mobile-grain-dryer.webp\" alt=\"the detail structure of mobile grain dryer\" class=\"wp-image-593\" title=\"\" srcset=\"https:\/\/corn-machine.com\/wp-content\/uploads\/2025\/07\/the-structure-of-mobile-grain-dryer.webp 720w, https:\/\/corn-machine.com\/wp-content\/uploads\/2025\/07\/the-structure-of-mobile-grain-dryer-300x225.webp 300w, https:\/\/corn-machine.com\/wp-content\/uploads\/2025\/07\/the-structure-of-mobile-grain-dryer-16x12.webp 16w\" sizes=\"auto, (max-width: 720px) 100vw, 720px\" \/><figcaption class=\"wp-element-caption\">the structure of mobile grain dryer<\/figcaption><\/figure> <\/div>   <h2 class=\"wp-block-heading\"><strong>How to dry grains in the commercial grain dryer?<\/strong><\/h2>    <p>Es ist einfach, solche Vorg\u00e4nge zum Trocknen von Getreide im mobilen Getreidetrockner durchzuf\u00fchren. Sie ben\u00f6tigen nur zwei Schritte, um den gesamten Vorgang abzuschlie\u00dfen.<\/p>    <p class=\"translation-block\"><strong>Step one<\/strong>:<\/p>    <p>Put the grains you want to process into the feed port and adjust the feed screw before starting the operation.<\/p>    <p class=\"translation-block\"><strong>Step two:<\/strong><\/p>    <p>Turn on the heating system to heat the air and transport the hot air into the bin through one heat exchanger to dry the grains.<\/p>    <p>This type of heating does not damage the grains and is easy to maintain and clean.<\/p>    <h2 class=\"wp-block-heading\"><strong>Several types of heating<\/strong><\/h2>    <p>We provide a variety of heating means for the rice drying machine.<\/p>    <p>Biomasse ist eine Energiequelle aus lebenden Organismen, wie z. B. Baumwolle, kommunale feste Abf\u00e4lle, Sonnenblumen, Palmn\u00fcsse, Weizen, Holz usw. Sie sind leicht zu beschaffen und erfordern keine zus\u00e4tzlichen Verarbeitungsschritte.<\/p>    <p>Diesel ist effizienter und verursacht keine starke Umweltverschmutzung. Es m\u00fcssen jedoch Spannungsprobleme ber\u00fccksichtigt werden.<\/p>    <p>In addition, this machine also supports coal, petrol, gas, electricity, and even CH3OH as its energy.<\/p>    <h2 class=\"wp-block-heading\"><strong>Scope of application of rice dryer<\/strong><\/h2>    <p>The mobile grain dryer is suitable for drying various types of crops. For example, the corn, beans, rice, wheat, etc. The portable grain dryer uses a high-temperature airflow drying method to avoid destroying grain quality and affecting color.<\/p>    <p class=\"translation-block\">The dried grains can be made into grits (from a <a href=\"https:\/\/corn-machine.com\/de\/product\/maize-grits-making-machine\/\">corn grits milling machine<\/a>), and beans can be made into flour (from a <a href=\"https:\/\/corn-machine.com\/de\/product\/hammer-mill-grinder-for-corn\/\">hammer mill grinder<\/a>) if you want to subsequently process the finished product for more benefits.<\/p>    <figure class=\"wp-block-gallery has-nested-images columns-2 is-cropped wp-block-gallery-3 is-layout-flex wp-block-gallery-is-layout-flex\"> <figure class=\"wp-block-image size-large\"><img loading=\"lazy\" decoding=\"async\" width=\"720\" height=\"540\" data-id=\"596\" src=\"https:\/\/corn-machine.com\/wp-content\/uploads\/2025\/07\/soybean.webp\" alt=\"soybean can be dried by small grain dryer\" class=\"wp-image-596\" title=\"\" srcset=\"https:\/\/corn-machine.com\/wp-content\/uploads\/2025\/07\/soybean.webp 720w, https:\/\/corn-machine.com\/wp-content\/uploads\/2025\/07\/soybean-300x225.webp 300w, https:\/\/corn-machine.com\/wp-content\/uploads\/2025\/07\/soybean-16x12.webp 16w\" sizes=\"auto, (max-width: 720px) 100vw, 720px\" \/><figcaption class=\"wp-element-caption\">soybean<\/figcaption><\/figure>    <figure class=\"wp-block-image size-full\"><img loading=\"lazy\" decoding=\"async\" width=\"720\" height=\"540\" data-id=\"598\" src=\"https:\/\/corn-machine.com\/wp-content\/uploads\/2025\/07\/wheat.webp\" alt=\"wheat can be dried by small grain dryer\" class=\"wp-image-598\" title=\"\" srcset=\"https:\/\/corn-machine.com\/wp-content\/uploads\/2025\/07\/wheat.webp 720w, https:\/\/corn-machine.com\/wp-content\/uploads\/2025\/07\/wheat-300x225.webp 300w, https:\/\/corn-machine.com\/wp-content\/uploads\/2025\/07\/wheat-16x12.webp 16w\" sizes=\"auto, (max-width: 720px) 100vw, 720px\" \/><figcaption class=\"wp-element-caption\">Weizen<\/figcaption><\/figure>    <figure class=\"wp-block-image size-full\"><img loading=\"lazy\" decoding=\"async\" width=\"720\" height=\"540\" data-id=\"595\" src=\"https:\/\/corn-machine.com\/wp-content\/uploads\/2025\/07\/rice.webp\" alt=\"rice can be dried by small grain dryer\" class=\"wp-image-595\" title=\"\" srcset=\"https:\/\/corn-machine.com\/wp-content\/uploads\/2025\/07\/rice.webp 720w, https:\/\/corn-machine.com\/wp-content\/uploads\/2025\/07\/rice-300x225.webp 300w, https:\/\/corn-machine.com\/wp-content\/uploads\/2025\/07\/rice-16x12.webp 16w\" sizes=\"auto, (max-width: 720px) 100vw, 720px\" \/><figcaption class=\"wp-element-caption\">rice<\/figcaption><\/figure>    <figure class=\"wp-block-image size-full\"><img loading=\"lazy\" decoding=\"async\" width=\"720\" height=\"540\" data-id=\"597\" src=\"https:\/\/corn-machine.com\/wp-content\/uploads\/2025\/07\/corn.webp\" alt=\"corn can be dried by small grain dryer\" class=\"wp-image-597\" title=\"\" srcset=\"https:\/\/corn-machine.com\/wp-content\/uploads\/2025\/07\/corn.webp 720w, https:\/\/corn-machine.com\/wp-content\/uploads\/2025\/07\/corn-300x225.webp 300w, https:\/\/corn-machine.com\/wp-content\/uploads\/2025\/07\/corn-16x12.webp 16w\" sizes=\"auto, (max-width: 720px) 100vw, 720px\" \/><figcaption class=\"wp-element-caption\">Mais<\/figcaption><\/figure> <\/figure>    <h2 class=\"wp-block-heading\"><strong>FAQ of the corn dryer<\/strong><\/h2>   <div id=\"rank-math-faq\" class=\"rank-math-block\"> <div class=\"rank-math-list\"> <div id=\"faq-question-1751878986739\" class=\"rank-math-list-item\"> <h3 class=\"rank-math-question\">Kann ich Elektrizit\u00e4t verwenden? Gibt es andere Energieoptionen?<\/h3> <div class=\"rank-math-answer\">  <p>\u201eJa, Sie k\u00f6nnen Elektrizit\u00e4t verwenden. Und Sie k\u00f6nnen auch Biomasse, Kohle, Diesel, Benzin, Gas und CH3OH w\u00e4hlen.\u201c<\/p>  <\/div> <\/div> <div id=\"faq-question-1751879462095\" class=\"rank-math-list-item\"> <h3 class=\"rank-math-question\">Welche Materialien werden f\u00fcr Ihren kommerziellen Getreidetrockner verwendet?<\/h3> <div class=\"rank-math-answer\">  <p>Der Trockner und der Getreidesilo sind komplett aus Edelstahl. Der Heizteil ist aus Kohlenstoffstahl.<\/p>  <\/div> <\/div> <div id=\"faq-question-1751879592932\" class=\"rank-math-list-item\"> <h3 class=\"rank-math-question\">Welche Vorteile bietet diese Maschine im Vergleich zu einem Trockenturm?<\/h3> <div class=\"rank-math-answer\">  <p>Er ist leichter zu bewegen und verursacht nicht so viel L\u00e4rm wie der Trocknungsturm. Die geringe Gr\u00f6\u00dfe hilft Ihnen, Platz zu sparen.<\/p>  <\/div> <\/div> <div id=\"faq-question-1751881949035\" class=\"rank-math-list-item\"> <h3 class=\"rank-math-question\">Wie viel kostet dieser tragbare Getreidetrockner?<\/h3> <div class=\"rank-math-answer\">  <p>Der Preis h\u00e4ngt von der Art ab, die Sie w\u00e4hlen. Verschiedene Arten haben unterschiedliche Ausgabeeffizienzen und Gr\u00f6\u00dfen.<\/p>  <\/div> <\/div> <\/div> <\/div>   <blockquote class=\"wp-block-quote alignwide is-layout-flow wp-block-quote-is-layout-flow\"> <p class=\"translation-block\">If you want to process a huge batch of grains or beans, and you are looking forward to a highly efficient and durable large dryer. The industrial corn drying machinery is designed for you. It can process 315-31800kg of product per hour. If you are interested in this project, click this website: <a href=\"https:\/\/corn-machine.com\/de\/product\/industrial-corn-dryer-machine\/\">Maize Dryer Machine<\/a> to gain more details.<\/p>    <p class=\"has-text-align-left\">If you have some confused questions about the mobile grain dryer, or you want to consult the specific prices, please contact us.<\/p> <\/blockquote>","protected":false},"excerpt":{"rendered":"<p>Der kleine mobile Getreidetrockner eignet sich f\u00fcr die Produktion von Kleinbauern zur Trocknung von Getreide und Bohnen. T\u00e4glich kann er 10 T-240 T Trockenprodukte ausgeben. Gro\u00dfe Auswahl an Optionen zur Erf\u00fcllung Ihrer Ausgabeanforderungen.<\/p>","protected":false},"author":1,"featured_media":590,"parent":0,"template":"","tags":[31],"product-type":[44],"class_list":["post-585","product","type-product","status-publish","has-post-thumbnail","hentry","tag-corn","product-type-maize-dryer-machine"],"_links":{"self":[{"href":"https:\/\/corn-machine.com\/de\/wp-json\/wp\/v2\/product\/585","targetHints":{"allow":["GET"]}}],"collection":[{"href":"https:\/\/corn-machine.com\/de\/wp-json\/wp\/v2\/product"}],"about":[{"href":"https:\/\/corn-machine.com\/de\/wp-json\/wp\/v2\/types\/product"}],"author":[{"embeddable":true,"href":"https:\/\/corn-machine.com\/de\/wp-json\/wp\/v2\/users\/1"}],"wp:featuredmedia":[{"embeddable":true,"href":"https:\/\/corn-machine.com\/de\/wp-json\/wp\/v2\/media\/590"}],"wp:attachment":[{"href":"https:\/\/corn-machine.com\/de\/wp-json\/wp\/v2\/media?parent=585"}],"wp:term":[{"taxonomy":"post_tag","embeddable":true,"href":"https:\/\/corn-machine.com\/de\/wp-json\/wp\/v2\/tags?post=585"},{"taxonomy":"product-type","embeddable":true,"href":"https:\/\/corn-machine.com\/de\/wp-json\/wp\/v2\/product-type?post=585"}],"curies":[{"name":"wp","href":"https:\/\/api.w.org\/{rel}","templated":true}]}}