{"id":600,"date":"2025-07-09T17:42:35","date_gmt":"2025-07-09T09:42:35","guid":{"rendered":"https:\/\/corn-machine.com\/?post_type=product&#038;p=600"},"modified":"2025-09-01T08:33:39","modified_gmt":"2025-09-01T00:33:39","slug":"multi-functional-maize-thresher-machine","status":"publish","type":"product","link":"https:\/\/corn-machine.com\/de\/product\/multi-functional-maize-thresher-machine\/","title":{"rendered":"Multifunktionale Maisdreschmaschine zum Sch\u00e4len von Getreide"},"content":{"rendered":"<p class=\"translation-block\">Diese<strong> <\/strong>vielseitige<strong> Maisdreschmaschine<\/strong> wird immer verwendet, um Mais zu Maisk\u00f6rnern zu dreschen. Dar\u00fcber hinaus k\u00f6nnen auch Sojabohnen, Reis und Hirse gedroschen werden. Die Dreschleistung dieser Maschine h\u00e4ngt von der Art des Getreides ab. Zum Beispiel kann Mais mit einer Rate von 2-4 Tonnen pro Stunde, Sorghum und Hirse mit 1-2 Tonnen pro Stunde und Sojabohnen mit 0,5-0,8 Tonnen pro Stunde gedroschen werden.<\/p>    <p>Wir bieten drei Leistungsarten der Mais-Trennmaschine: Dieselmotor, PTO und Elektromotor, um Ihren Bed\u00fcrfnissen gerecht zu werden. Die hocheffiziente Leistung spart nicht nur Arbeitskraft, sondern verbessert auch die Trennrate von \u00fcber 98%, wodurch Verluste und Materialverbrauch deutlich reduziert werden.<\/p>    <h2 class=\"wp-block-heading\"><strong>Highlights der Mais-Trennmaschine<\/strong><\/h2>    <ol class=\"wp-block-list\"> <li>Mit gro\u00dfen Reifen und einem stabilen Unterrahmen ist sie leicht zu bewegen. Die Mais-Trennmaschine ist so flexibler einsetzbar, um sich jeder Arbeitssituation anzupassen.<\/li>    <li>Sie kann zum Sch\u00e4len einer Vielzahl von Getreiden verwendet werden, wie Mais, Reis, Weizen, Sojabohnen usw. Daher k\u00f6nnen Sie Siebe wechseln, um verschiedene Gr\u00f6\u00dfen von Obstern zu verarbeiten.<\/li>    <li>Dieses Ger\u00e4t hat zwei gro\u00dfe Ventilatoren, die sich von anderen Maissch\u00e4lmaschinen unterscheiden. Diese beiden Ventilatoren k\u00f6nnen Staub und Abf\u00e4lle von den Maisk\u00f6rnern und anderen Produkten trennen. Und dies ist einer der Gr\u00fcnde, warum diese Mais-Trennmaschine eine Trennrate von \u00fcber 98% erreicht.<\/li> <\/ol>   <div class=\"wp-block-image\"> <figure class=\"aligncenter size-full\"><img loading=\"lazy\" decoding=\"async\" width=\"720\" height=\"540\" src=\"https:\/\/corn-machine.com\/wp-content\/uploads\/2025\/07\/corn-threshing-machine-with-wheel-1.webp\" alt=\"gr\u00fcne vielseitige Mais-Trennmaschine mit R\u00e4dern\" class=\"wp-image-603\" title=\"\" srcset=\"https:\/\/corn-machine.com\/wp-content\/uploads\/2025\/07\/corn-threshing-machine-with-wheel-1.webp 720w, https:\/\/corn-machine.com\/wp-content\/uploads\/2025\/07\/corn-threshing-machine-with-wheel-1-300x225.webp 300w, https:\/\/corn-machine.com\/wp-content\/uploads\/2025\/07\/corn-threshing-machine-with-wheel-1-16x12.webp 16w\" sizes=\"auto, (max-width: 720px) 100vw, 720px\" \/><figcaption class=\"wp-element-caption\">Mais-Sch\u00e4lschmaschine mit R\u00e4dern<\/figcaption><\/figure> <\/div>   <h2 class=\"wp-block-heading\"><strong>Die detaillierten Parameter der K\u00f6rner-Sch\u00e4lmaschine<\/strong><\/h2>    <figure class=\"wp-block-table aligncenter\"><table><tbody><tr><td>Gesamtgr\u00f6\u00dfe<\/td><td>5TD-1000<\/td><\/tr><tr><td>Leistung<\/td><td>15HP Dieselmotor, 11 kW Motor, PTO<\/td><\/tr><tr><td>Kapazit\u00e4t<\/td><td>Mais 2-4t\/h, Hirse\/Sorghum 1-2t\/h, Sojabohne 0,5-0,8t\/h<\/td><\/tr><tr><td>Gesamtgr\u00f6\u00dfe<\/td><td>3400*2100*1980 mm<\/td><\/tr><tr><td>Verpackungsgr\u00f6\u00dfe<\/td><td>2800*740*1400 mm<\/td><\/tr><tr><td>Gewicht<\/td><td>650 kg<\/td><\/tr><tr><td>Hinweis<\/td><td>Mit Reifen, Rahmen, Zuggriff und zwei Ventilatoren<\/td><\/tr><\/tbody><\/table><figcaption class=\"wp-element-caption\">die Parameter der Mais-Trennmaschine<\/figcaption><\/figure>   <div class=\"wp-block-image\"> <figure class=\"aligncenter size-full\"><img loading=\"lazy\" decoding=\"async\" width=\"720\" height=\"540\" src=\"https:\/\/corn-machine.com\/wp-content\/uploads\/2025\/07\/corn-threshing-machine-without-wheel.webp\" alt=\"rote vielseitige Mais-Trennmaschine ohne R\u00e4der\" class=\"wp-image-604\" title=\"\" srcset=\"https:\/\/corn-machine.com\/wp-content\/uploads\/2025\/07\/corn-threshing-machine-without-wheel.webp 720w, https:\/\/corn-machine.com\/wp-content\/uploads\/2025\/07\/corn-threshing-machine-without-wheel-300x225.webp 300w, https:\/\/corn-machine.com\/wp-content\/uploads\/2025\/07\/corn-threshing-machine-without-wheel-16x12.webp 16w\" sizes=\"auto, (max-width: 720px) 100vw, 720px\" \/><figcaption class=\"wp-element-caption\">Mais-Trennmaschine ohne R\u00e4der<\/figcaption><\/figure> <\/div>   <h2 class=\"wp-block-heading\"><strong>\u00dcberblick \u00fcber die Struktur der K\u00f6rnersch\u00e4lmaschine<\/strong><\/h2>    <p>Die gesamte Struktur dieses mobilen K\u00f6rner-Trenners ist einfach. Zuf\u00fchrung, doppelte Ventilatoren, Auslass, gro\u00dfe R\u00e4der, Halte-St\u00fcck und PTO sind die Hauptteile.<\/p>    <ul class=\"wp-block-list\"> <li>Die<strong> Gro\u00dfe R\u00e4der <\/strong>are designed for easy mobility. This part allows you to store it in a warehouse when you don&#8217;t want to use it. Better than the fixed one, you can keep it out of the wind and rain.<\/li>    <li>Ausgestattet mit <strong>doppelten L\u00fcftern<\/strong>, unterst\u00fctzt es ein st\u00e4rkeres Windsystem, um die Endprodukte sauberer zu machen.<\/li>    <li><strong>Der Einlass<\/strong> ist trichterf\u00f6rmig gestaltet, um einen reibungslosen Eintritt der Rohmaterialien zu erm\u00f6glichen, und der <strong>Auslass<\/strong>&#8216;s slope design makes products easier for products to be collected by grain pockets.<\/li>    <li><strong>PTO<\/strong> ist ein Antriebssystem, das an einen Traktor angeschlossen werden kann, um Energie zu erzeugen. Das Design dieses Teils soll eine M\u00f6glichkeit bieten, Energie f\u00fcr Personen bereitzustellen, die sie ben\u00f6tigen.<\/li>    <li><strong>Der Haltebereich<\/strong> ist ein St\u00fctzger\u00e4t, um das Gleichgewicht dieser Maisdreschmaschine w\u00e4hrend des Betriebs zu gew\u00e4hrleisten.<\/li> <\/ul>   <div class=\"wp-block-image\"> <figure class=\"aligncenter size-full\"><img loading=\"lazy\" decoding=\"async\" width=\"720\" height=\"540\" src=\"https:\/\/corn-machine.com\/wp-content\/uploads\/2025\/07\/the-structure-of-maize-sheller.webp\" alt=\"die einfache Struktur des Maissch\u00e4lers\" class=\"wp-image-606\" title=\"\" srcset=\"https:\/\/corn-machine.com\/wp-content\/uploads\/2025\/07\/the-structure-of-maize-sheller.webp 720w, https:\/\/corn-machine.com\/wp-content\/uploads\/2025\/07\/the-structure-of-maize-sheller-300x225.webp 300w, https:\/\/corn-machine.com\/wp-content\/uploads\/2025\/07\/the-structure-of-maize-sheller-16x12.webp 16w\" sizes=\"auto, (max-width: 720px) 100vw, 720px\" \/><figcaption class=\"wp-element-caption\">die Struktur der Maissch\u00e4lmaschine<\/figcaption><\/figure> <\/div>   <h2 class=\"wp-block-heading\"><strong>Wie man diese Mais-Trennmaschine verwendet\uff1f<\/strong><\/h2>    <p>Die einfache Struktur erleichtert den Betrieb. Hier sind einige Schritte zum Betrieb.<\/p>    <ul class=\"wp-block-list\"> <li><strong>Schritt 1:<\/strong> \u00dcberpr\u00fcfen Sie vor der Benutzung der Maschine die Energieversorgung und einige grundlegende Systeme, um sicherzustellen, dass der Stand flach und stabil f\u00fcr das n\u00e4chste Verfahren ist.<\/li>    <li><strong>Schritt 2:<\/strong> Turn on the energy system and don&#8217;t pour materials into it at first.<\/li>    <li><strong>Schritt 3:<\/strong> Nachdem es korrekt l\u00e4uft, geben Sie die Maisk\u00f6rner in den Trichter. <\/li>    <li><strong>Schritt 4:<\/strong> Dann werden die Kolben durch die Arbeit des Dreschsystems von den Maisk\u00f6rnern getrennt. Und das Produkt wird aus dem Auslass herauskommen.<\/li> <\/ul>    <h2 class=\"wp-block-heading\"><strong>Die Endprodukte und ihre Anwendung<\/strong><\/h2>    <p class=\"translation-block\">Hauptzweck der Mais-Sch\u00e4lschmaschine ist es, Maisk\u00f6rner zu sch\u00e4len und andere <a href=\"https:\/\/en.wikipedia.org\/wiki\/Grain\" target=\"_blank\" rel=\"noopener\">Getreide<\/a> zu verarbeiten, ohne deren Integrit\u00e4t zu zerst\u00f6ren. Die gesch\u00e4lten Ernteerzeugnisse: Maisk\u00f6rner, Hirse, Sojabohnen und Reis k\u00f6nnen als Ware an Superm\u00e4rkte oder Agrarm\u00e4rkte verkauft werden.<\/p>    <p>Sie kann auch als Rohmaterial zur Herstellung von Futter, Gr\u00fctze und Mehl verwendet werden. Diese M\u00f6glichkeiten erh\u00f6hen den Wert des Produkts und bringen wirtschaftliche Vorteile.<\/p>   <div class=\"wp-block-image\"> <figure class=\"aligncenter size-full\"><img loading=\"lazy\" decoding=\"async\" width=\"720\" height=\"540\" src=\"https:\/\/corn-machine.com\/wp-content\/uploads\/2025\/07\/corn-thresher-products.webp\" alt=\"Rohstoffe des Mais-Trenners und seine Produkte\" class=\"wp-image-611\" title=\"\" srcset=\"https:\/\/corn-machine.com\/wp-content\/uploads\/2025\/07\/corn-thresher-products.webp 720w, https:\/\/corn-machine.com\/wp-content\/uploads\/2025\/07\/corn-thresher-products-300x225.webp 300w, https:\/\/corn-machine.com\/wp-content\/uploads\/2025\/07\/corn-thresher-products-16x12.webp 16w\" sizes=\"auto, (max-width: 720px) 100vw, 720px\" \/><figcaption class=\"wp-element-caption\">Anwendung der gesch\u00e4lten Getreide-Maschine<\/figcaption><\/figure> <\/div>   <h2 class=\"wp-block-heading\"><strong>Ein erfolgreicher Exportfall \u00fcber die Mais-Trennmaschine in Ghana<\/strong><\/h2>    <p>Wir haben eine gute Zusammenarbeit mit einem Kunden in Ghana aufgebaut. Es gab eine gro\u00dfe Ernte auf seinem Hof, daher musste er seine Ernte verarbeiten, um Platz in seinem Lager zu sparen und den anschlie\u00dfenden Verkauf sowie andere entsprechende Ereignisse zu erleichtern.<\/p>    <p>Er baute Mais und Sojabohnen an, daher ben\u00f6tigte er eine multifunktionale Erntemaschine, um sie f\u00fcr Lagerung und Verkauf zu trennen. Mit unserer Hilfe w\u00e4hlte er schlie\u00dflich eine Maschine, die seinen Bed\u00fcrfnissen entsprach: eine 5TD-1000 multifunktionale Mais-Trennmaschine.<\/p>    <p>Der gesamte Prozess verlief reibungslos. Wir haben die Maschine verpackt und eine Versandperiode durchlaufen. Unser Kunde konnte es kaum erwarten, die Ausr\u00fcstung zu installieren und zu verwenden, sobald er sie erhalten hatte.<\/p>    <p>\u201eEs ist perfekt, daran besteht kein Zweifel, dass ich es sehr liebe. Danke, Taizy, meinen Freunden, die mir bei der L\u00f6sung meiner Ernteprobleme helfen.\u201c Er sendet uns sein Arbeitsvideo und sagt es.<\/p>    <figure class=\"wp-block-embed aligncenter is-type-video is-provider-youtube wp-block-embed-youtube wp-embed-aspect-16-9 wp-has-aspect-ratio\"><div class=\"wp-block-embed__wrapper\"> <iframe loading=\"lazy\" title=\"\u2b50Ghanaische Kunden teilen ehrliches Feedback zu unserem mobilen multifunktionalen Getreidedrescher! #Maisdrescher\" width=\"500\" height=\"281\" src=\"https:\/\/www.youtube.com\/embed\/pmll-kGf2Cs?feature=oembed\" frameborder=\"0\" allow=\"accelerometer; autoplay; clipboard-write; encrypted-media; gyroscope; picture-in-picture; web-share\" referrerpolicy=\"strict-origin-when-cross-origin\" allowfullscreen><\/iframe> <\/div><figcaption class=\"wp-element-caption\">Arbeitsvideo unserer Ghana-Kunden<\/figcaption><\/figure>    <p>Es ist uns eine Ehre, dass unsere Maschine einigen Menschen helfen kann, ihre landwirtschaftlichen Bed\u00fcrfnisse zu erf\u00fcllen, und dies ist auch Taizys Glaubensgrundsatz \u2013 die Welt durch die Entwicklung von Landmaschinen besser zu machen.<\/p>    <figure class=\"wp-block-gallery has-nested-images columns-2 is-cropped wp-block-gallery-2 is-layout-flex wp-block-gallery-is-layout-flex\"> <figure class=\"wp-block-image size-large\"><img loading=\"lazy\" decoding=\"async\" width=\"720\" height=\"540\" data-id=\"607\" src=\"https:\/\/corn-machine.com\/wp-content\/uploads\/2025\/07\/the-first-step-of-packing-corn-sheller-machine.webp\" alt=\"der erste Schritt der Verpackung der Mais-Sch\u00e4lschmaschine mit Verpackungsteilen\" class=\"wp-image-607\" title=\"\" srcset=\"https:\/\/corn-machine.com\/wp-content\/uploads\/2025\/07\/the-first-step-of-packing-corn-sheller-machine.webp 720w, https:\/\/corn-machine.com\/wp-content\/uploads\/2025\/07\/the-first-step-of-packing-corn-sheller-machine-300x225.webp 300w, https:\/\/corn-machine.com\/wp-content\/uploads\/2025\/07\/the-first-step-of-packing-corn-sheller-machine-16x12.webp 16w\" sizes=\"auto, (max-width: 720px) 100vw, 720px\" \/><figcaption class=\"wp-element-caption\">der erste Schritt beim Packen der Mais-Sch\u00e4lschmaschine<\/figcaption><\/figure>    <figure class=\"wp-block-image size-large\"><img loading=\"lazy\" decoding=\"async\" width=\"720\" height=\"540\" data-id=\"609\" src=\"https:\/\/corn-machine.com\/wp-content\/uploads\/2025\/07\/reinforced-packing-of-maize-threshing-machine.webp\" alt=\"verst\u00e4rkte Verpackung der Mais-Trennmaschine durch Drahtgeflecht\" class=\"wp-image-609\" title=\"\" srcset=\"https:\/\/corn-machine.com\/wp-content\/uploads\/2025\/07\/reinforced-packing-of-maize-threshing-machine.webp 720w, https:\/\/corn-machine.com\/wp-content\/uploads\/2025\/07\/reinforced-packing-of-maize-threshing-machine-300x225.webp 300w, https:\/\/corn-machine.com\/wp-content\/uploads\/2025\/07\/reinforced-packing-of-maize-threshing-machine-16x12.webp 16w\" sizes=\"auto, (max-width: 720px) 100vw, 720px\" \/><figcaption class=\"wp-element-caption\">verst\u00e4rkte Verpackung der Mais-Trennmaschine<\/figcaption><\/figure>    <figure class=\"wp-block-image size-large\"><img loading=\"lazy\" decoding=\"async\" width=\"720\" height=\"540\" data-id=\"610\" src=\"https:\/\/corn-machine.com\/wp-content\/uploads\/2025\/07\/the-packing-of-multifunctional-thresher.webp\" alt=\"die Verpackung der multifunktionalen Trennmaschine mit Plastikfolie\" class=\"wp-image-610\" title=\"\" srcset=\"https:\/\/corn-machine.com\/wp-content\/uploads\/2025\/07\/the-packing-of-multifunctional-thresher.webp 720w, https:\/\/corn-machine.com\/wp-content\/uploads\/2025\/07\/the-packing-of-multifunctional-thresher-300x225.webp 300w, https:\/\/corn-machine.com\/wp-content\/uploads\/2025\/07\/the-packing-of-multifunctional-thresher-16x12.webp 16w\" sizes=\"auto, (max-width: 720px) 100vw, 720px\" \/><figcaption class=\"wp-element-caption\">die Verpackung der multifunktionalen Trennmaschine<\/figcaption><\/figure>    <figure class=\"wp-block-image size-large\"><img loading=\"lazy\" decoding=\"async\" width=\"720\" height=\"540\" data-id=\"608\" src=\"https:\/\/corn-machine.com\/wp-content\/uploads\/2025\/07\/shipping-of-corn-threshing-machine.webp\" alt=\"Mais-Trennmaschine steht kurz vor dem Versand\" class=\"wp-image-608\" title=\"\" srcset=\"https:\/\/corn-machine.com\/wp-content\/uploads\/2025\/07\/shipping-of-corn-threshing-machine.webp 720w, https:\/\/corn-machine.com\/wp-content\/uploads\/2025\/07\/shipping-of-corn-threshing-machine-300x225.webp 300w, https:\/\/corn-machine.com\/wp-content\/uploads\/2025\/07\/shipping-of-corn-threshing-machine-16x12.webp 16w\" sizes=\"auto, (max-width: 720px) 100vw, 720px\" \/><figcaption class=\"wp-element-caption\">Versand der Mais-Trennmaschine<\/figcaption><\/figure> <\/figure>    <p class=\"translation-block\">Neben dieser Maish\u00e4cksler-Maschine haben wir auch andere Arten von Maissmaschinen, einschlie\u00dflich der Verarbeitung von ganzen Maisk\u00f6rnern. Zum Beispiel den <a href=\"https:\/\/corn-machine.com\/de\/product\/manual-corn-seed-planter\/\">manuellen Mais-Saatgutplanter<\/a> zum S\u00e4en, die <a href=\"https:\/\/corn-machine.com\/de\/product\/efficient-maize-harvester-machine\/\">Maisharvester-Maschine<\/a> zum Ernten und sogar die <a href=\"https:\/\/corn-machine.com\/de\/product\/maize-grits-making-machine\/\">Maschinen zur Herstellung von Maisgrie\u00df<\/a> zum Mahlen.<\/p>    <p>Kontaktieren Sie uns, um weitere Informationen und Produktnachrichten zu erhalten!<\/p>","protected":false},"excerpt":{"rendered":"<p>Diese vielseitige Maisdruschmaschine ist in der Lage, eine breite Palette von Getreidesorten effizient zu dreschen. Sie kann 2-4 Tonnen Mais, 1-2 Tonnen Hirse usw. pro Stunde dreschen. Und ihre Dreschleistung liegt bei \u00fcber 98 %.<\/p>","protected":false},"author":1,"featured_media":613,"parent":0,"template":"","tags":[31],"product-type":[42],"class_list":["post-600","product","type-product","status-publish","has-post-thumbnail","hentry","tag-corn","product-type-maize-sheller-machine"],"_links":{"self":[{"href":"https:\/\/corn-machine.com\/de\/wp-json\/wp\/v2\/product\/600","targetHints":{"allow":["GET"]}}],"collection":[{"href":"https:\/\/corn-machine.com\/de\/wp-json\/wp\/v2\/product"}],"about":[{"href":"https:\/\/corn-machine.com\/de\/wp-json\/wp\/v2\/types\/product"}],"author":[{"embeddable":true,"href":"https:\/\/corn-machine.com\/de\/wp-json\/wp\/v2\/users\/1"}],"wp:featuredmedia":[{"embeddable":true,"href":"https:\/\/corn-machine.com\/de\/wp-json\/wp\/v2\/media\/613"}],"wp:attachment":[{"href":"https:\/\/corn-machine.com\/de\/wp-json\/wp\/v2\/media?parent=600"}],"wp:term":[{"taxonomy":"post_tag","embeddable":true,"href":"https:\/\/corn-machine.com\/de\/wp-json\/wp\/v2\/tags?post=600"},{"taxonomy":"product-type","embeddable":true,"href":"https:\/\/corn-machine.com\/de\/wp-json\/wp\/v2\/product-type?post=600"}],"curies":[{"name":"wp","href":"https:\/\/api.w.org\/{rel}","templated":true}]}}