{"id":626,"date":"2025-07-14T18:14:07","date_gmt":"2025-07-14T10:14:07","guid":{"rendered":"https:\/\/corn-machine.com\/?post_type=product&#038;p=626"},"modified":"2025-07-18T08:55:39","modified_gmt":"2025-07-18T00:55:39","slug":"corn-peeler-machine-for-kernels-peeling","status":"publish","type":"product","link":"https:\/\/corn-machine.com\/de\/product\/corn-peeler-machine-for-kernels-peeling\/","title":{"rendered":"Einfach zu bedienende kleine Mais-Sch\u00e4lmaschine"},"content":{"rendered":"<p class=\"translation-block\">Diese <strong>kleine Mais-Sch\u00e4lmaschine<\/strong> entfernt den schwarzen Keim von den K\u00f6rnern und sch\u00e4lt die Schale sauber ab. Schlie\u00dflich kann das gleichm\u00e4\u00dfig gek\u00f6rnte Produkt f\u00fcr die anschlie\u00dfende Verarbeitung des Maises verwendet werden. Dar\u00fcber hinaus kann sie auch Weizen und Reis sch\u00e4len.<\/p>    <p>Ihre Kapazit\u00e4t kann 300-500 kg\/h erreichen. Die Mais-Sch\u00e4lmaschine hat eine einfache Struktur und ist leicht zu bedienen. Gleichzeitig hat sie die Gr\u00f6\u00dfe 660*450*1020 mm, die f\u00fcr kleine Fabriken und Werkst\u00e4tten geeignet ist.<\/p>    <figure class=\"wp-block-embed is-type-video is-provider-youtube wp-block-embed-youtube wp-embed-aspect-16-9 wp-has-aspect-ratio\"><div class=\"wp-block-embed__wrapper\"> <iframe loading=\"lazy\" title=\"Wie funktioniert eine kleine Maisk\u00f6rner sch\u00e4len Maschine? Wie man Mais und Reis sch\u00e4lt? Entpelnungsprozess f\u00fcr K\u00f6rner.\" width=\"500\" height=\"281\" src=\"https:\/\/www.youtube.com\/embed\/_uti2wqZY5M?feature=oembed\" frameborder=\"0\" allow=\"accelerometer; autoplay; clipboard-write; encrypted-media; gyroscope; picture-in-picture; web-share\" referrerpolicy=\"strict-origin-when-cross-origin\" allowfullscreen><\/iframe> <\/div><figcaption class=\"wp-element-caption\">Arbeitsprozess der Mais-Sch\u00e4lmaschine<\/figcaption><\/figure>    <h2 class=\"wp-block-heading\"><strong>Was sind die offensichtlichen Vorteile der Mais-Sch\u00e4lmaschine? <\/strong><\/h2>    <ol class=\"wp-block-list\"> <li>Trotz ihrer kleinen Gr\u00f6\u00dfe ist sie sehr produktiv und kann 300-500 Kilogramm Maisk\u00f6rner pro Stunde produzieren.<\/li>    <li>Mit einfacher Bedienung k\u00f6nnen sogar Anf\u00e4nger, die sich mit dieser Mais-Sch\u00e4lmaschine befassen, sie sehr schnell ohne langfristige Schulung beherrschen.<\/li>    <li>Neben dem Sch\u00e4len von Mais kann diese Mais-Schalenmaschine auch zum Sch\u00e4len von Weizen, Reis und anderen Kulturen verwendet werden, was sehr praktisch ist.<\/li> <\/ol>   <div class=\"wp-block-image\"> <figure class=\"aligncenter size-full\"><img loading=\"lazy\" decoding=\"async\" width=\"720\" height=\"540\" src=\"https:\/\/corn-machine.com\/wp-content\/uploads\/2025\/07\/the-maize-peeling-machine.webp\" alt=\"die Mais-Sch\u00e4lmaschine f\u00fcr das Sch\u00e4len von Weizen, Reis und Mais\" class=\"wp-image-647\" title=\"\" srcset=\"https:\/\/corn-machine.com\/wp-content\/uploads\/2025\/07\/the-maize-peeling-machine.webp 720w, https:\/\/corn-machine.com\/wp-content\/uploads\/2025\/07\/the-maize-peeling-machine-300x225.webp 300w, https:\/\/corn-machine.com\/wp-content\/uploads\/2025\/07\/the-maize-peeling-machine-16x12.webp 16w\" sizes=\"auto, (max-width: 720px) 100vw, 720px\" \/><figcaption class=\"wp-element-caption\">die Mais-Sch\u00e4lmaschine <\/figcaption><\/figure> <\/div>   <h2 class=\"wp-block-heading\"><strong>Grundparameter der Mais-Schalenmaschine<\/strong><\/h2>    <figure class=\"wp-block-table aligncenter\"><table class=\"has-fixed-layout\"><tbody><tr><td class=\"has-text-align-center\" data-align=\"center\">Gr\u00f6\u00dfe<\/td><td>660*450*1020 mm<\/td><\/tr><tr><td class=\"has-text-align-center\" data-align=\"center\">Gewicht<\/td><td>100 kg<\/td><\/tr><tr><td class=\"has-text-align-center\" data-align=\"center\">Kapazit\u00e4t<\/td><td>300-500 kg\/h<\/td><\/tr><tr><td class=\"has-text-align-center\" data-align=\"center\">Leistung<\/td><td>Dieselmotor oder Elektromotor&nbsp;<\/td><\/tr><tr><td class=\"has-text-align-center\" data-align=\"center\">Materialien<\/td><td>Mais, Reis, Weizen usw.<\/td><\/tr><\/tbody><\/table><figcaption class=\"wp-element-caption\">die Parameter der kommerziellen Mais-Sch\u00e4lmaschine<\/figcaption><\/figure>    <h2 class=\"wp-block-heading\"><strong>Einfache Struktur der Mais-Entsch\u00e4lmaschine<\/strong><\/h2>    <p>Es gibt drei Hauptsysteme der Mais-Sch\u00e4lmaschine: das Zuf\u00fchrsystem, das Sch\u00e4l-System und das Entladesystem.<\/p>    <p>Das Zuf\u00fchrsystem besteht aus zwei Teilen: dem trichterf\u00f6rmigen Einlass zum Einf\u00fcllen der Rohstoffe und dem Knopf zur Steuerung der F\u00f6rdergeschwindigkeit.<\/p>    <p>Das Sch\u00e4l-System ist mit einer Sch\u00e4lklinge ausgestattet, um die Schale und den schwarzen Keim des Maises sauber und schnell zu entfernen.<\/p>    <p>Es gibt drei Ausg\u00e4nge dieser Maiskorn-Sch\u00e4lmaschine: den Ausgang f\u00fcr kleine K\u00f6rner, den Ausgang f\u00fcr Schalen und den Ausgang f\u00fcr das Endprodukt. Verschiedene Ausg\u00e4nge entsprechen unterschiedlichen Ausgaben.<\/p>   <div class=\"wp-block-image\"> <figure class=\"aligncenter size-full\"><img loading=\"lazy\" decoding=\"async\" width=\"720\" height=\"540\" src=\"https:\/\/corn-machine.com\/wp-content\/uploads\/2025\/07\/the-structure-of-corn-peeler-machine.webp\" alt=\"die detaillierte Struktur der Mais-Sch\u00e4lmaschine\" class=\"wp-image-640\" title=\"\" srcset=\"https:\/\/corn-machine.com\/wp-content\/uploads\/2025\/07\/the-structure-of-corn-peeler-machine.webp 720w, https:\/\/corn-machine.com\/wp-content\/uploads\/2025\/07\/the-structure-of-corn-peeler-machine-300x225.webp 300w, https:\/\/corn-machine.com\/wp-content\/uploads\/2025\/07\/the-structure-of-corn-peeler-machine-16x12.webp 16w\" sizes=\"auto, (max-width: 720px) 100vw, 720px\" \/><figcaption class=\"wp-element-caption\">die Struktur der Mais-Sch\u00e4lmaschine<\/figcaption><\/figure> <\/div>   <h2 class=\"wp-block-heading\"><strong>Die Produktion und Anwendung der Maiskorn-Sch\u00e4lmaschine<\/strong><\/h2>    <p>Maisk\u00f6rner treten aus dem Ausgang f\u00fcr das Endprodukt aus, wie das Strukturdiagramm zeigt, und andere kleinformatige Kulturen treten aus einem anderen Ausgang aus. Aber dieser Teil unserer Mais-Sch\u00e4lmaschine wurde aktualisiert. Sie kann jetzt Weizen, Reis und andere K\u00f6rner entsch\u00e4len.<\/p>    <p>Als erster Schritt der Maisverarbeitung bedeutet dies, dass es verschiedene M\u00f6glichkeiten gibt, daraus Nutzen zu ziehen.<\/p>    <ul class=\"wp-block-list\"> <li>Sie k\u00f6nnen verarbeitete Maisk\u00f6rner verwenden, um Grie\u00df und Maismehl herzustellen, was einen h\u00f6heren Verkaufswert hat.<\/li>    <li>Wenn Sie denken, dass der Kauf einer weiteren Maschine nicht notwendig ist, k\u00f6nnen Sie diese Produkte auch direkt an die Hersteller von Maisprodukten verkaufen, um sofortige Vorteile zu erzielen. Dies gilt auch f\u00fcr verarbeiteten Weizen und Reis.<\/li>    <li>Dar\u00fcber hinaus sind die verarbeiteten <a href=\"https:\/\/en.wikipedia.org\/wiki\/Crop\" target=\"_blank\" rel=\"noopener\">Kulturen<\/a> einfach lange Zeit zu lagern. Es kann als Brei oder als Beilage im Salat mit hervorragendem Geschmack und reicher Ern\u00e4hrung verwendet werden.<\/li> <\/ul>    <figure class=\"wp-block-gallery has-nested-images columns-default is-cropped wp-block-gallery-2 is-layout-flex wp-block-gallery-is-layout-flex\"> <figure class=\"wp-block-image size-large\"><img loading=\"lazy\" decoding=\"async\" width=\"720\" height=\"540\" data-id=\"645\" src=\"https:\/\/corn-machine.com\/wp-content\/uploads\/2025\/07\/peeled-wheat.webp\" alt=\"gesch\u00e4lter Weizen durch die K\u00f6rnersch\u00e4lmaschine\" class=\"wp-image-645\" title=\"\" srcset=\"https:\/\/corn-machine.com\/wp-content\/uploads\/2025\/07\/peeled-wheat.webp 720w, https:\/\/corn-machine.com\/wp-content\/uploads\/2025\/07\/peeled-wheat-300x225.webp 300w, https:\/\/corn-machine.com\/wp-content\/uploads\/2025\/07\/peeled-wheat-16x12.webp 16w\" sizes=\"auto, (max-width: 720px) 100vw, 720px\" \/><figcaption class=\"wp-element-caption\">gesch\u00e4lter Weizen <\/figcaption><\/figure>    <figure class=\"wp-block-image size-large\"><img loading=\"lazy\" decoding=\"async\" width=\"720\" height=\"540\" data-id=\"644\" src=\"https:\/\/corn-machine.com\/wp-content\/uploads\/2025\/07\/the-peeled-corn.webp\" alt=\"gesch\u00e4lter Mais durch die Mais-Sch\u00e4lmaschine\" class=\"wp-image-644\" title=\"\" srcset=\"https:\/\/corn-machine.com\/wp-content\/uploads\/2025\/07\/the-peeled-corn.webp 720w, https:\/\/corn-machine.com\/wp-content\/uploads\/2025\/07\/the-peeled-corn-300x225.webp 300w, https:\/\/corn-machine.com\/wp-content\/uploads\/2025\/07\/the-peeled-corn-16x12.webp 16w\" sizes=\"auto, (max-width: 720px) 100vw, 720px\" \/><figcaption class=\"wp-element-caption\">gesch\u00e4lter Mais<\/figcaption><\/figure> <\/figure>    <h2 class=\"wp-block-heading\"><strong>30 Mais-Sch\u00e4lmaschinen nach Burkina Faso verschickt <\/strong><\/h2>    <p>Es gibt einen Kunden, der drei\u00dfig S\u00e4tze effektiver Getreide-Sch\u00e4lmaschinen f\u00fcr die Landwirtschaftsregierung bestellt hat. Die Hauptkultur an ihrem Ort ist Mais, daher m\u00f6chten sie einige Mais-Ausr\u00fcstungen kaufen und einen einfachen Prozess f\u00fcr eine profitable Wiederverwertung durchf\u00fchren, um das Einkommen der lokalen Landwirte zu verbessern.<\/p>    <p class=\"translation-block\">Daher stellen sie <strong>drei Anforderungen<\/strong>: <\/p>    <ol class=\"wp-block-list\"> <li>Die Maschinen sollten einfach zu bedienen sein.<\/li>    <li>Dieses Maisger\u00e4t muss eine kleine Gr\u00f6\u00dfe und ein geringes Gewicht haben, um es zu bewegen.<\/li>    <li>Ihre Kapazit\u00e4t kann mindestens 400 kg\/h erreichen.<\/li> <\/ol>    <p>Wir haben ihnen sofort geholfen, diese kommerzielle Mais-Sch\u00e4lmaschine als endg\u00fcltige Wahl zu treffen. Sie hatte genau die Funktionen, die sie ben\u00f6tigten. Wir hatten ausreichend Lagerbestand, sodass wir, sobald die Bestellung abgeschlossen war, sie verpackten und verschickten.<\/p>   <div class=\"wp-block-image\"> <figure class=\"aligncenter size-full\"><img loading=\"lazy\" decoding=\"async\" width=\"720\" height=\"540\" src=\"https:\/\/corn-machine.com\/wp-content\/uploads\/2025\/07\/shipping-of-the-corn-peeler-machine.webp\" alt=\"Versand der Mais-Sch\u00e4lmaschine nach Afrika\" class=\"wp-image-648\" title=\"\" srcset=\"https:\/\/corn-machine.com\/wp-content\/uploads\/2025\/07\/shipping-of-the-corn-peeler-machine.webp 720w, https:\/\/corn-machine.com\/wp-content\/uploads\/2025\/07\/shipping-of-the-corn-peeler-machine-300x225.webp 300w, https:\/\/corn-machine.com\/wp-content\/uploads\/2025\/07\/shipping-of-the-corn-peeler-machine-16x12.webp 16w\" sizes=\"auto, (max-width: 720px) 100vw, 720px\" \/><figcaption class=\"wp-element-caption\">Versand der Mais-Sch\u00e4lmaschine<\/figcaption><\/figure> <\/div>   <p>Einige Monate sp\u00e4ter hatten sie eine reiche Maisernte, sodass sie diese Maschine zur Verarbeitung ihres Maises verwendeten. Sie sagten, dass sie nach der Nutzung dieser Maiskorn-Sch\u00e4lmaschine viel Arbeitskraft beim Sch\u00e4len von Mais eingespart haben und das hochwertige Produkt ihnen mehr Vorteile brachte als zuvor. Einige Leute kochen und essen gerne den gesch\u00e4lten Mais, und er schmeckt sehr gut, was ihn zu einem gro\u00dfartigen Verkaufsargument macht!<\/p>    <p class=\"translation-block\">Und sie m\u00f6chten in Zukunft eine weitere Maismaschine kaufen, wie eine <a href=\"https:\/\/corn-machine.com\/de\/product\/maize-grits-making-machine\/\">Maisgrie\u00dfmaschine<\/a>, um Grie\u00df und Mehl f\u00fcr eine kommerziellere Wirtschaft herzustellen. Wir freuen uns auf die n\u00e4chste Wahl der Gesch\u00e4ftszusammenarbeit.<\/p>    <hr class=\"wp-block-separator has-alpha-channel-opacity is-style-wide\"\/>    <p><\/p>    <p>Wir sind Taizy, spezialisiert auf landwirtschaftliche Maschinen. Dank der Kunden auf der ganzen Welt haben wir durch deren Ratschl\u00e4ge und Feedback viel Fortschritt gemacht. Unsere Ziele sind es, n\u00fctzlichere Ger\u00e4te zu erforschen, um die landwirtschaftliche Entwicklung zu unterst\u00fctzen.<\/p>    <p>Willkommen auf unserer Website. Wenn Sie an unseren Maschinen interessiert sind und mehr Details erfahren m\u00f6chten, kontaktieren Sie uns bitte f\u00fcr weitere Informationen.<\/p>","protected":false},"excerpt":{"rendered":"<p>Dieser kleine Maissch\u00e4ler eignet sich zum Sch\u00e4len von Mais, Weizen und anderem Getreide mit einer Sch\u00e4lkapazit\u00e4t von 300-500 kg\/h. Mit seiner einfachen Struktur und einfachen Bedienung eignet er sich besonders f\u00fcr die Arbeit in kleinen Werkst\u00e4tten und Fabriken.<\/p>","protected":false},"author":1,"featured_media":639,"parent":0,"template":"","tags":[31],"product-type":[47],"class_list":["post-626","product","type-product","status-publish","has-post-thumbnail","hentry","tag-corn","product-type-maize-peeler-machine"],"_links":{"self":[{"href":"https:\/\/corn-machine.com\/de\/wp-json\/wp\/v2\/product\/626","targetHints":{"allow":["GET"]}}],"collection":[{"href":"https:\/\/corn-machine.com\/de\/wp-json\/wp\/v2\/product"}],"about":[{"href":"https:\/\/corn-machine.com\/de\/wp-json\/wp\/v2\/types\/product"}],"author":[{"embeddable":true,"href":"https:\/\/corn-machine.com\/de\/wp-json\/wp\/v2\/users\/1"}],"wp:featuredmedia":[{"embeddable":true,"href":"https:\/\/corn-machine.com\/de\/wp-json\/wp\/v2\/media\/639"}],"wp:attachment":[{"href":"https:\/\/corn-machine.com\/de\/wp-json\/wp\/v2\/media?parent=626"}],"wp:term":[{"taxonomy":"post_tag","embeddable":true,"href":"https:\/\/corn-machine.com\/de\/wp-json\/wp\/v2\/tags?post=626"},{"taxonomy":"product-type","embeddable":true,"href":"https:\/\/corn-machine.com\/de\/wp-json\/wp\/v2\/product-type?post=626"}],"curies":[{"name":"wp","href":"https:\/\/api.w.org\/{rel}","templated":true}]}}