{"id":651,"date":"2025-07-15T18:16:59","date_gmt":"2025-07-15T10:16:59","guid":{"rendered":"https:\/\/corn-machine.com\/?post_type=product&#038;p=651"},"modified":"2025-07-17T14:59:06","modified_gmt":"2025-07-17T06:59:06","slug":"grain-cleaner-machine-for-corn-cleaning","status":"publish","type":"product","link":"https:\/\/corn-machine.com\/de\/product\/grain-cleaner-machine-for-corn-cleaning\/","title":{"rendered":"Vollautomatische Getreidereinigungsmaschine mit Wind \u2013 Transportf\u00f6rderer"},"content":{"rendered":"<p>Diese Getreide-Reinigungsmaschine wird stets als erster Schritt vor der K\u00f6rnerverarbeitung verwendet. Ihre Hauptfunktion ist das Trennen von Staub, Kieselsteinen, schrumpelnden K\u00f6rnern und anderen Verunreinigungen. Pro Stunde kann sie Rohmaterialien von 400-1200 kg verarbeiten.<\/p>    <p>Mit einem hochautomatisierten System ist die Mehrkornreinigungsmaschine einfach zu bedienen. Au\u00dferdem hat sie eine geringe Gr\u00f6\u00dfe und einen niedrigen Energieverbrauch, so dass sie eine perfekte Wahl f\u00fcr Rohgetreidehersteller, Lebensmittelverarbeitungsbetriebe und kleine Bauernh\u00f6fe ist.<\/p>    <figure class=\"wp-block-embed is-type-video is-provider-youtube wp-block-embed-youtube wp-embed-aspect-16-9 wp-has-aspect-ratio\"><div class=\"wp-block-embed__wrapper\"> <iframe loading=\"lazy\" title=\"Getreidereiniger | Maisreinigungsmaschine mit hervorragender automatischer Steuerung und hoher Produktionseffizienz\" width=\"500\" height=\"281\" src=\"https:\/\/www.youtube.com\/embed\/iZUieQTLocU?feature=oembed\" frameborder=\"0\" allow=\"accelerometer; autoplay; clipboard-write; encrypted-media; gyroscope; picture-in-picture; web-share\" referrerpolicy=\"strict-origin-when-cross-origin\" allowfullscreen><\/iframe> <\/div><figcaption class=\"wp-element-caption\">Getreide-Reinigungsmaschine<\/figcaption><\/figure>    <h2 class=\"wp-block-heading\"><strong>Was sind die wesentlichen Vorteile der Mehrkorn-Reinigungsmaschine?<\/strong><\/h2>    <ul class=\"wp-block-list\"> <li>Die Getreidereinigungsmaschine ist<strong> vollautomatisch<\/strong>. After turning it on, the feeding device will transform the raw materials into the cleaning system and complete the work. For convenience of use, we design a simple operating system. Even if you don&#8217;t know the machine structure, you can get started quickly!<\/li>    <li>Es hat ein <strong>wissenschaftliches Filtersystem<\/strong> zur Trennung von Abfall und Produkten. Au\u00dferdem gibt es drei Ausl\u00e4sse, die darauf ausgelegt sind, zwischen den Ausgabematerialien zu unterscheiden. Ausgestattet mit einem Ventilator ben\u00f6tigt das Rohmaterial nur eine Reinigung, was die Verarbeitungsanforderung erf\u00fcllen kann.<\/li>    <li>Aufgrund ihrer kompakten Gr\u00f6\u00dfe ist die Maisreinigungsmaschine<strong> f\u00fcr jede Situation geeignet<\/strong>. Sie kann in einer kleinen Produktionswerkstatt installiert oder mit anderen Produktionsmaschinen zu einer vollst\u00e4ndigen Produktionslinie f\u00fcr die Verarbeitung von Feldfr\u00fcchten kombiniert werden.<\/li> <\/ul>    <h2 class=\"wp-block-heading\"><strong>Technische Parameter der Weizen-Geh\u00e4 Punkte-Reinigungsmaschine<\/strong><\/h2>    <p>Es gibt zwei Modelle dieser Mehrkornreinigungsmaschine, und Sie k\u00f6nnen je nach Bedarf an der Kapazit\u00e4t der Maschine eines ausw\u00e4hlen. Nachfolgend finden Sie deren detaillierte Parameter.<\/p>    <figure class=\"wp-block-table aligncenter\"><table class=\"has-fixed-layout\"><tbody><tr><td>Modell<\/td><td class=\"has-text-align-center\" data-align=\"center\"><strong>FSQDJ-57<\/strong><\/td><td class=\"has-text-align-center\" data-align=\"center\"><strong>FSQDJ-100<\/strong><\/td><\/tr><tr><td>Ausgabe<\/td><td class=\"has-text-align-center\" data-align=\"center\">400-600 kg\/h<\/td><td class=\"has-text-align-center\" data-align=\"center\">800-1200 kg\/h<\/td><\/tr><tr><td>Unterst\u00fctzende Leistung<\/td><td class=\"has-text-align-center\" data-align=\"center\">3kw<\/td><td class=\"has-text-align-center\" data-align=\"center\">4kw<\/td><\/tr><tr><td>Gr\u00f6\u00dfe<\/td><td class=\"has-text-align-center\" data-align=\"center\">1700*800*2900mm<\/td><td class=\"has-text-align-center\" data-align=\"center\">1900*1000*3000mm<\/td><\/tr><tr><td>Gewicht<\/td><td class=\"has-text-align-center\" data-align=\"center\">300kg<\/td><td class=\"has-text-align-center\" data-align=\"center\">400kg<\/td><\/tr><\/tbody><\/table><figcaption class=\"wp-element-caption\">Technische Parameter der Getreide-Reinigungsmaschine<\/figcaption><\/figure>    <h2 class=\"wp-block-heading\"><strong>Die vollst\u00e4ndige Struktur der Maisreiniger-Maschine<\/strong><\/h2>    <p>Die \u00e4u\u00dfere Struktur der Getreide-Reinigungsmaschine besteht haupts\u00e4chlich aus mehreren Ausg\u00e4ngen (einschlie\u00dflich zwei Ausg\u00e4ngen f\u00fcr Verunreinigungen, einem Sands-Ausgang und einem Stein-Ausgang), einem Ventilator, einem Eingang und F\u00f6rderb\u00e4ndern.<\/p>    <p>Ihr spezifisches Betriebssystem ist haupts\u00e4chlich in vier Teile unterteilt: die automatische Zuf\u00fchrvorrichtung, die doppel-schichtige Trommelsiebvorrichtung, die Dichte-Stein-Entfernungs-Vorrichtung und die Getreide-Reinigungs-Vorrichtung.<\/p>    <ul class=\"wp-block-list\"> <li>Die automatische Zuf\u00fchrvorrichtung ist daf\u00fcr verantwortlich, Rohk\u00f6rner in das Verarbeitungssystem zu transformieren. Sie ist mit einem Ventilator f\u00fcr eine einfachere automatische Bedienung ausgestattet.<\/li>    <li>Die doppel-schichtige Trommelsiebvorrichtung dient dazu, Staub, Sand und andere kleine und leichte Verunreinigungen zu entfernen.<\/li>    <li>Eine Dichte-Stein-Entfernungs-Vorrichtung ist ein unverzichtbarer Bestandteil zum Entfernen schwererer Verunreinigungen (z. B. kleine Steine).<\/li>    <li>Die Getreide-Reinigungs-Vorrichtung wird speziell zum Trennen von Weizenstroh, Weizenkleie und schrumpelnden K\u00f6rnern verwendet.<\/li> <\/ul>    <figure class=\"wp-block-gallery has-nested-images columns-default is-cropped wp-block-gallery-2 is-layout-flex wp-block-gallery-is-layout-flex\"> <figure class=\"wp-block-image size-large\"><img loading=\"lazy\" decoding=\"async\" width=\"720\" height=\"540\" data-id=\"658\" src=\"https:\/\/corn-machine.com\/wp-content\/uploads\/2025\/07\/structure-of-small-maize-cleaning-machine.webp\" alt=\"detaillierte Struktur der kleinen Maisreinigungsmaschine\" class=\"wp-image-658\" title=\"\" srcset=\"https:\/\/corn-machine.com\/wp-content\/uploads\/2025\/07\/structure-of-small-maize-cleaning-machine.webp 720w, https:\/\/corn-machine.com\/wp-content\/uploads\/2025\/07\/structure-of-small-maize-cleaning-machine-300x225.webp 300w, https:\/\/corn-machine.com\/wp-content\/uploads\/2025\/07\/structure-of-small-maize-cleaning-machine-16x12.webp 16w\" sizes=\"auto, (max-width: 720px) 100vw, 720px\" \/><figcaption class=\"wp-element-caption\">Aufbau einer kleinen Maisreinigungsmaschine<\/figcaption><\/figure>    <figure class=\"wp-block-image size-large\"><img loading=\"lazy\" decoding=\"async\" width=\"720\" height=\"540\" data-id=\"659\" src=\"https:\/\/corn-machine.com\/wp-content\/uploads\/2025\/07\/system-of-corn-seed-cleaner-machine.webp\" alt=\"komplettes System der Mais-S\u00e4uberungsmaschine\" class=\"wp-image-659\" title=\"\" srcset=\"https:\/\/corn-machine.com\/wp-content\/uploads\/2025\/07\/system-of-corn-seed-cleaner-machine.webp 720w, https:\/\/corn-machine.com\/wp-content\/uploads\/2025\/07\/system-of-corn-seed-cleaner-machine-300x225.webp 300w, https:\/\/corn-machine.com\/wp-content\/uploads\/2025\/07\/system-of-corn-seed-cleaner-machine-16x12.webp 16w\" sizes=\"auto, (max-width: 720px) 100vw, 720px\" \/><figcaption class=\"wp-element-caption\">System der K\u00f6rner-Reinigungsmaschine<\/figcaption><\/figure> <\/figure>    <h2 class=\"wp-block-heading\"><strong>Warum ist der Besitz einer automatischen Getreide-Reinigungsmaschine notwendig?<\/strong><\/h2>    <ol class=\"wp-block-list\"> <li>Wenn Sie eine Linie zur Verarbeitung von K\u00f6rnern haben und die Kosten f\u00fcr den Kauf von Rohmaterialien senken m\u00f6chten, k\u00f6nnen Sie eine Getreide-Reinigungsmaschine als ersten Schritt der Materialreinigung hinzuf\u00fcgen. Sie k\u00f6nnen es selbst verarbeiten und m\u00fcssen keine Kosten f\u00fcr Rohmaterialreinigung und -verarbeitung zahlen.<\/li>    <li>Stellen Sie sich vor, Sie \u00e4rgern sich st\u00e4ndig, wenn Sie Mais- und Weizenmaterialien vom Bauernhof ernten? Mit dieser Maschine k\u00f6nnen Sie die Probleme einfach l\u00f6sen. Sie kann das Weizenstroh, Kieselsteine und sogar Staub von Ihren Ernten trennen.<\/li>    <li>Als Materiallieferant ist sauberes, hochwertiges Handelsgut stets die erste Wahl der Kunden. Diese Maschine kann minderwertige Ernten filtern.<\/li> <\/ol>    <p>Im n\u00e4chsten Abschnitt zeige ich Ihnen die Produkte, die hergestellt werden k\u00f6nnen, und die konkrete Nutzung der Maschine.<\/p>    <h2 class=\"wp-block-heading\"><strong>Grain cleaning machinery&#8217;s products and applications<\/strong><\/h2>    <p>Als multifunktionale Getreide-Reinigungsmaschine kann sie Ablagerungen aus verschiedenen K\u00f6rnern wie Buchweizen, Mais, Hirse, Weizen usw. filtern und sieben.<\/p>    <p>Hauptfunktion der Getreide-Reinigungsmaschine ist es, hochwertiges Getreide herauszufiltern, um die anschlie\u00dfende Lebensmittelverarbeitung zu erleichtern. Diese verarbeiteten Materialien sind eindeutig verkauft. Aber wenn Sie daran interessiert sind, mehr Vorteile zu schaffen, m\u00f6chte ich Ihnen einige n\u00fctzliche Ger\u00e4te vorstellen.<\/p>    <p>Unten werde ich eine Herstellungsreihe vorstellen, von der ich glaube, dass sie Ihnen hilft, den Prozess der Herstellung eines vollst\u00e4ndigen Agrar-Lebensmittelprodukts zu verstehen.<\/p>    <figure class=\"wp-block-gallery has-nested-images columns-2 is-cropped wp-block-gallery-3 is-layout-flex wp-block-gallery-is-layout-flex\"> <figure class=\"wp-block-image size-large\"><img loading=\"lazy\" decoding=\"async\" width=\"720\" height=\"540\" data-id=\"660\" src=\"https:\/\/corn-machine.com\/wp-content\/uploads\/2025\/07\/buckwheat.webp\" alt=\"Buchweizen bereinigt durch die Getreide-Reinigungsmaschine\" class=\"wp-image-660\" title=\"\" srcset=\"https:\/\/corn-machine.com\/wp-content\/uploads\/2025\/07\/buckwheat.webp 720w, https:\/\/corn-machine.com\/wp-content\/uploads\/2025\/07\/buckwheat-300x225.webp 300w, https:\/\/corn-machine.com\/wp-content\/uploads\/2025\/07\/buckwheat-16x12.webp 16w\" sizes=\"auto, (max-width: 720px) 100vw, 720px\" \/><figcaption class=\"wp-element-caption\"><a href=\"https:\/\/en.wikipedia.org\/wiki\/Buckwheat#Potential_adverse_effects\" target=\"_blank\" rel=\"noopener\">Buchweizen<\/a><\/figcaption><\/figure>    <figure class=\"wp-block-image size-large\"><img loading=\"lazy\" decoding=\"async\" width=\"720\" height=\"540\" data-id=\"663\" src=\"https:\/\/corn-machine.com\/wp-content\/uploads\/2025\/07\/corn-1.webp\" alt=\"Mais gereinigt durch die Getreide-Reinigungsmaschine\" class=\"wp-image-663\" title=\"\" srcset=\"https:\/\/corn-machine.com\/wp-content\/uploads\/2025\/07\/corn-1.webp 720w, https:\/\/corn-machine.com\/wp-content\/uploads\/2025\/07\/corn-1-300x225.webp 300w, https:\/\/corn-machine.com\/wp-content\/uploads\/2025\/07\/corn-1-16x12.webp 16w\" sizes=\"auto, (max-width: 720px) 100vw, 720px\" \/><figcaption class=\"wp-element-caption\">Mais<\/figcaption><\/figure>    <figure class=\"wp-block-image size-large\"><img loading=\"lazy\" decoding=\"async\" width=\"720\" height=\"540\" data-id=\"661\" src=\"https:\/\/corn-machine.com\/wp-content\/uploads\/2025\/07\/millet.webp\" alt=\"Hirse bereinigt durch die Getreide-Reinigungsmaschine\" class=\"wp-image-661\" title=\"\" srcset=\"https:\/\/corn-machine.com\/wp-content\/uploads\/2025\/07\/millet.webp 720w, https:\/\/corn-machine.com\/wp-content\/uploads\/2025\/07\/millet-300x225.webp 300w, https:\/\/corn-machine.com\/wp-content\/uploads\/2025\/07\/millet-16x12.webp 16w\" sizes=\"auto, (max-width: 720px) 100vw, 720px\" \/><figcaption class=\"wp-element-caption\">Hirse<\/figcaption><\/figure>    <figure class=\"wp-block-image size-large\"><img loading=\"lazy\" decoding=\"async\" width=\"720\" height=\"540\" data-id=\"662\" src=\"https:\/\/corn-machine.com\/wp-content\/uploads\/2025\/07\/wheat-1.webp\" alt=\"Weizen bereinigt durch die Getreide-Reinigungsmaschine\" class=\"wp-image-662\" title=\"\" srcset=\"https:\/\/corn-machine.com\/wp-content\/uploads\/2025\/07\/wheat-1.webp 720w, https:\/\/corn-machine.com\/wp-content\/uploads\/2025\/07\/wheat-1-300x225.webp 300w, https:\/\/corn-machine.com\/wp-content\/uploads\/2025\/07\/wheat-1-16x12.webp 16w\" sizes=\"auto, (max-width: 720px) 100vw, 720px\" \/><figcaption class=\"wp-element-caption\">Weizen<\/figcaption><\/figure> <\/figure>    <h2 class=\"wp-block-heading\"><strong>Produktionslinie zur Maisverarbeitung<\/strong><\/h2>    <p class=\"translation-block\">Dies ist eine vollst\u00e4ndige Getreidemahl-\/Maisgriesanlage, die aus vier Hauptteilen besteht: einer Getreide-Reinigungsmaschine, einem Vorratstank, <a href=\"https:\/\/corn-machine.com\/de\/product\/maize-grits-making-machine\/\">einem Mais-Pelletierungsger\u00e4t<\/a> und einer T3-Maisgriesmaschine.<\/p>    <p>Es ist der vollst\u00e4ndige Prozess der Maisgrie\u00dfproduktion mit hervorragender automatisierter Steuerung und extrem hoher Produktionseffizienz. Es kann den Preis Ihrer Produkte verbessern, die an Superm\u00e4rkte, Gro\u00dfhandelsm\u00e4rkte f\u00fcr Landwirte und sogar an einige Lebensmittelbetriebe geliefert werden k\u00f6nnen, die solche Materialien f\u00fcr die Lebensmittelverarbeitung ben\u00f6tigen.<\/p>    <figure class=\"wp-block-gallery aligncenter has-nested-images columns-default is-cropped wp-block-gallery-4 is-layout-flex wp-block-gallery-is-layout-flex\"> <figure class=\"wp-block-image size-full\"><img loading=\"lazy\" decoding=\"async\" width=\"720\" height=\"540\" data-id=\"665\" src=\"https:\/\/corn-machine.com\/wp-content\/uploads\/2025\/07\/complete-machine-for-processing-corn.webp\" alt=\"vollst\u00e4ndige Maschine zur Verarbeitung von Mais\" class=\"wp-image-665\" title=\"\" srcset=\"https:\/\/corn-machine.com\/wp-content\/uploads\/2025\/07\/complete-machine-for-processing-corn.webp 720w, https:\/\/corn-machine.com\/wp-content\/uploads\/2025\/07\/complete-machine-for-processing-corn-300x225.webp 300w, https:\/\/corn-machine.com\/wp-content\/uploads\/2025\/07\/complete-machine-for-processing-corn-16x12.webp 16w\" sizes=\"auto, (max-width: 720px) 100vw, 720px\" \/><figcaption class=\"wp-element-caption\">Maisgries-Verarbeitungszeile<\/figcaption><\/figure>    <figure class=\"wp-block-image size-full\"><img loading=\"lazy\" decoding=\"async\" width=\"720\" height=\"540\" data-id=\"664\" src=\"https:\/\/corn-machine.com\/wp-content\/uploads\/2025\/07\/corn-processing-line.webp\" alt=\"Mais-Verarbeitungszeile zur Herstellung von Maisgries\" class=\"wp-image-664\" title=\"\" srcset=\"https:\/\/corn-machine.com\/wp-content\/uploads\/2025\/07\/corn-processing-line.webp 720w, https:\/\/corn-machine.com\/wp-content\/uploads\/2025\/07\/corn-processing-line-300x225.webp 300w, https:\/\/corn-machine.com\/wp-content\/uploads\/2025\/07\/corn-processing-line-16x12.webp 16w\" sizes=\"auto, (max-width: 720px) 100vw, 720px\" \/><figcaption class=\"wp-element-caption\">Mais-Verarbeitungszeile<\/figcaption><\/figure> <\/figure>    <p>Wenn Sie an dieser Maschine interessiert sind oder viele andere Fragen haben, kontaktieren Sie uns, um weitere Details zu erfahren!<\/p>","protected":false},"excerpt":{"rendered":"<p>Die hoch effiziente Getreidereinigungsmaschine kann Mais, Weizen, Mais und andere K\u00f6rner verarbeiten. Sie ist produktiv und kann 400-1200 kg\/h an K\u00f6rnern reinigen. Ausgestattet mit einem Gebl\u00e4sesystem f\u00fcr eine effektive Staub- und Abfallentfernung.<\/p>","protected":false},"author":1,"featured_media":657,"parent":0,"template":"","tags":[31,33],"product-type":[46],"class_list":["post-651","product","type-product","status-publish","has-post-thumbnail","hentry","tag-corn","tag-grain","product-type-corn-cleaning-machine"],"_links":{"self":[{"href":"https:\/\/corn-machine.com\/de\/wp-json\/wp\/v2\/product\/651","targetHints":{"allow":["GET"]}}],"collection":[{"href":"https:\/\/corn-machine.com\/de\/wp-json\/wp\/v2\/product"}],"about":[{"href":"https:\/\/corn-machine.com\/de\/wp-json\/wp\/v2\/types\/product"}],"author":[{"embeddable":true,"href":"https:\/\/corn-machine.com\/de\/wp-json\/wp\/v2\/users\/1"}],"wp:featuredmedia":[{"embeddable":true,"href":"https:\/\/corn-machine.com\/de\/wp-json\/wp\/v2\/media\/657"}],"wp:attachment":[{"href":"https:\/\/corn-machine.com\/de\/wp-json\/wp\/v2\/media?parent=651"}],"wp:term":[{"taxonomy":"post_tag","embeddable":true,"href":"https:\/\/corn-machine.com\/de\/wp-json\/wp\/v2\/tags?post=651"},{"taxonomy":"product-type","embeddable":true,"href":"https:\/\/corn-machine.com\/de\/wp-json\/wp\/v2\/product-type?post=651"}],"curies":[{"name":"wp","href":"https:\/\/api.w.org\/{rel}","templated":true}]}}