{"id":69,"date":"2022-09-07T06:11:06","date_gmt":"2022-09-06T22:11:06","guid":{"rendered":"https:\/\/corn-machine.com\/?post_type=product&#038;p=69"},"modified":"2025-08-25T14:29:02","modified_gmt":"2025-08-25T06:29:02","slug":"multi-function-corn-thresher","status":"publish","type":"product","link":"https:\/\/corn-machine.com\/de\/product\/multi-function-corn-thresher\/","title":{"rendered":"Multifunktions-Maisdrescher | Sorghum-Weizen-Dreschmaschine"},"content":{"rendered":"<p class=\"translation-block\">Die <strong>mehrzweck Maisdreschmaschine<\/strong> ist eine verbesserte Maschine, die auf der regul\u00e4ren Maisdreschmaschine basiert und geeignet ist f\u00fcr das Dreschen von Mais (Aussto\u00df 3 t\/h), Sojabohnen (Aussto\u00df 2 t\/h), Weizen, Sorghum, Hirse und anderen Kulturen (Aussto\u00df 1,5 t\/h).<\/p>    <p>Die Mehrzweckdrescher von Taizy Machinery sind auf dem Markt sehr beliebt und wurden nach Australien, in die USA, nach Indonesien, Simbabwe, Botswana, Nigeria und viele andere L\u00e4nder exportiert. Sie tragen zur Entwicklung der lokalen Landwirtschaft bei und haben viele gute Bewertungen erhalten.<\/p>    <figure class=\"wp-block-gallery has-nested-images columns-default is-cropped wp-block-gallery-2 is-layout-flex wp-block-gallery-is-layout-flex\"> <figure class=\"wp-block-image size-large\"><img loading=\"lazy\" decoding=\"async\" width=\"720\" height=\"540\" data-id=\"184\" src=\"https:\/\/corn-machine.com\/wp-content\/uploads\/2022\/09\/our-foreign-customers-are-testing-a-multipurpose-thresher.webp\" alt=\"unsere Auslandskunden testen einen Mehrzweck-Thresher\" class=\"wp-image-184\" title=\"\"><figcaption class=\"wp-element-caption\">unsere Auslandskunden testen einen Mehrzweck-Thresher<\/figcaption><\/figure>    <figure class=\"wp-block-image size-large\"><img loading=\"lazy\" decoding=\"async\" width=\"720\" height=\"540\" data-id=\"175\" src=\"https:\/\/corn-machine.com\/wp-content\/uploads\/2022\/09\/customer-visting.webp\" alt=\"Kunde besucht\" class=\"wp-image-175\" title=\"\"><figcaption class=\"wp-element-caption\">Kunde besucht<\/figcaption><\/figure> <\/figure>    <h2 class=\"wp-block-heading\" id=\"h-multi-function-corn-thresher-structures\"><strong>Multi function corn thresher structures<\/strong><\/h2>    <p>Die Weizen-Abtreibemaschine entspricht dem Markttendz, hat ein einfaches Design und eine kompakte Struktur. Sie besteht haupts\u00e4chlich aus einer Einlass\u00f6ffnung, einem Auslass, einem Unreinheitenauslass und einem Zugfisch. <\/p>    <p>Eine Sache ist zu beachten: Diese Thresher kann mit einem einzelnen Ventilator oder einem Doppelventilator ausgestattet sein. Mit der Weizen-Thresher-Maschine mit Doppelventilatoren sind die gesch\u00e4lichten Samenk\u00f6rner sauberer.<\/p>   <div class=\"wp-block-image\"> <figure class=\"aligncenter size-full\"><img decoding=\"async\" src=\"https:\/\/corn-machine.com\/wp-content\/uploads\/2022\/09\/structure-of-multipurpose-thresher.webp\" alt=\"Struktur des Mehrzweck-Thresher\" class=\"wp-image-186\" title=\"\"><figcaption class=\"wp-element-caption\">Struktur des Mehrzweck-Thresher<\/figcaption><\/figure> <\/div>   <h2 class=\"wp-block-heading\" id=\"h-advantages-of-wheat-thresher-machine\"><strong>Advantages of wheat thresher machine<\/strong><\/h2>    <ol class=\"wp-block-list\"> <li>Die multifunktionale Maissch\u00e4lmaschine hat eine hohe Arbeitseffizienz und wird die Ernte nicht besch\u00e4digen mit einem<strong> Threshing-Rate von bis zu 95%.<\/strong> Um das Endprodukt mit weniger Verunreinigungen zu versehen.<\/li>    <li>Diese Mehrkorn-Dreschmaschine hat verschiedene Antriebsarten, einschlie\u00dflich eines <strong>Dieselmotor (6-8PS), eines Benzinmotors (170F) und eines Elektromotors (2,2-3kw),<\/strong>, und die Kunden k\u00f6nnen die richtige Antriebsart entsprechend der tats\u00e4chlichen Situation w\u00e4hlen. <\/li>    <li>Die Erntemaschine hat ein breites <strong>Anwendungsspektrum und kann eine Vielzahl von Kulturen sch\u00e4len und dreschen,<\/strong>, einschlie\u00dflich Mais, Sorghum und Weizen.<\/li>    <li>Die Maissch\u00e4lmaschine hat ein benutzerfreundliches Design, die H\u00f6he der Maschine ist f\u00fcr die K\u00f6rpergr\u00f6\u00dfe des Menschen geeignet, was es bequem macht, das Getreide zu platzieren. Au\u00dferdem kann die Maschine <strong>mit R\u00e4dern ausgestattet werden,<\/strong> so dass sie leicht zu bewegen ist.<\/li>    <li>Diese Hirse-Dreschmaschine ist kosteneffektiv, und die <a href=\"https:\/\/corn-machine.com\/de\/Info\/multi-function-corn-thresher-common-problems\/\">Wartung der Dreschmaschine<\/a> ist einfach, was den Menschen hilft, Energie und Geld zu sparen.<\/li> <\/ol>    <figure class=\"wp-block-gallery aligncenter has-nested-images columns-default is-cropped wp-block-gallery-3 is-layout-flex wp-block-gallery-is-layout-flex\"> <figure class=\"wp-block-image size-full\"><img loading=\"lazy\" decoding=\"async\" width=\"720\" height=\"540\" data-id=\"810\" src=\"https:\/\/corn-machine.com\/wp-content\/uploads\/2022\/09\/main-power-of-the-corn-thresher.webp\" alt=\"drei Hauptantriebskr\u00e4fte der Mais-Entrippungsmaschine\" class=\"wp-image-810\" title=\"\" srcset=\"https:\/\/corn-machine.com\/wp-content\/uploads\/2022\/09\/main-power-of-the-corn-thresher.webp 720w, https:\/\/corn-machine.com\/wp-content\/uploads\/2022\/09\/main-power-of-the-corn-thresher-300x225.webp 300w, https:\/\/corn-machine.com\/wp-content\/uploads\/2022\/09\/main-power-of-the-corn-thresher-16x12.webp 16w\" sizes=\"auto, (max-width: 720px) 100vw, 720px\" \/><figcaption class=\"wp-element-caption\">Hauptantrieb des Mais-Scha\u0308fers<\/figcaption><\/figure>    <figure class=\"wp-block-image size-full\"><img loading=\"lazy\" decoding=\"async\" width=\"720\" height=\"540\" data-id=\"814\" src=\"https:\/\/corn-machine.com\/wp-content\/uploads\/2022\/09\/agriculture-thresher-machine.webp\" alt=\"landwirtschaftlicher Thresher-Maschine\" class=\"wp-image-814\" title=\"\" srcset=\"https:\/\/corn-machine.com\/wp-content\/uploads\/2022\/09\/agriculture-thresher-machine.webp 720w, https:\/\/corn-machine.com\/wp-content\/uploads\/2022\/09\/agriculture-thresher-machine-300x225.webp 300w, https:\/\/corn-machine.com\/wp-content\/uploads\/2022\/09\/agriculture-thresher-machine-16x12.webp 16w\" sizes=\"auto, (max-width: 720px) 100vw, 720px\" \/><figcaption class=\"wp-element-caption\">landwirtschaftlicher Thresher-Maschine<\/figcaption><\/figure> <\/figure>    <h2 class=\"wp-block-heading\" id=\"h-technical-parameters-of-multipurpose-thresher\"><strong>Technical parameters of multipurpose thresher<\/strong><\/h2>    <p>Es gibt zwei Modelle dieses Mais-Sch\u00e4lers, die unterschiedliche Kapazit\u00e4ten und Leistungsoptionen haben. Hier sind seine technologischen Parameter. Wenn Sie detailliertere Bilder erhalten m\u00f6chten, kontaktieren Sie mich bitte, um weitere Informationen zu erhalten.<\/p>    <figure class=\"wp-block-table\"><table><tbody><tr><td>Modell<\/td><td>Leistung<\/td><td>Kapazit\u00e4t<\/td><td>Gewicht<\/td><td>Gr\u00f6\u00dfe<\/td><td>Anwendung<\/td><\/tr><tr><td>MT-860<\/td><td>Dieselmotor, Benzinmotor, Elektromotor<\/td><td>1,5-2t\/h<\/td><td>112 kg<\/td><td>1150*860<em>*<\/em>1160mm<\/td><td>Sorghum, Hirse, Mais, Sojabohne<\/td><\/tr><tr><td>MT-1200<\/td><td>10-12 PS Dieselmotor<\/td><td>Mais 3t\/h,<br>Sojabohne 2t\/h<br>Sorghum, Hirse, Weizen, Reis 1,5t\/h<\/td><td>200 kg<\/td><td>2100*1700*1400 mm<\/td><td>Sorghum, Hirse, Mais, Sojabohne<\/td><\/tr><\/tbody><\/table><figcaption class=\"wp-element-caption\">Parameter des Mehrzweck-Kornscha\u0308fers<\/figcaption><\/figure>    <h2 class=\"wp-block-heading\" id=\"h-applications-of-sorghum-threshing-machine\"><strong>Applications of sheller corn machine<\/strong><\/h2>    <p class=\"translation-block\">Der Mehrzweck-Kornscha\u0308fer ist f\u00fcr eine breite Palette von Rohmaterialien geeignet und kann gleichzeitig sch\u00e4len und sch\u00e4len. Zu den anwendbaren Rohmaterialien des Weizenscha\u0308fmaschine geh\u00f6ren Sorghum, Sojabohne, Mais, Weizen, Hirse usw., und sie wird in Betrieben unterschiedlicher Gr\u00f6\u00dfenordnung, bei einzelnen Landwirten und in Getreideverarbeitungsanlagen breit eingesetzt. Dar\u00fcber hinaus verf\u00fcgen wir auch \u00fcber <a href=\"https:\/\/corn-machine.com\/de\/product\/fresh-corn-sheller-machine\/\">Threshing-Maschinen f\u00fcr frischen Mais<\/a>. Wenn Sie interessiert sind, kontaktieren Sie uns bitte.<\/p>    <figure class=\"wp-block-gallery has-nested-images columns-default is-cropped wp-block-gallery-4 is-layout-flex wp-block-gallery-is-layout-flex\"> <figure class=\"wp-block-image size-large\"><img loading=\"lazy\" decoding=\"async\" width=\"683\" height=\"456\" data-id=\"73\" src=\"https:\/\/corn-machine.com\/wp-content\/uploads\/2022\/09\/millet-thresher.webp\" alt=\"Anwendung des Hirse-Sch\u00e4fers\" class=\"wp-image-73\" title=\"\"><figcaption class=\"wp-element-caption\">Anwendung des Hirse-Sch\u00e4fers<\/figcaption><\/figure>    <figure class=\"wp-block-image size-large\"><img loading=\"lazy\" decoding=\"async\" width=\"644\" height=\"433\" data-id=\"74\" src=\"https:\/\/corn-machine.com\/wp-content\/uploads\/2022\/09\/thresher.webp\" alt=\"die Anwendung des Entrippers\" class=\"wp-image-74\" title=\"\"><figcaption class=\"wp-element-caption\">Anwendung der Mais-Sch\u00e4lmaschine<\/figcaption><\/figure> <\/figure>    <figure class=\"wp-block-embed is-type-video is-provider-youtube wp-block-embed-youtube wp-embed-aspect-16-9 wp-has-aspect-ratio\"><div class=\"wp-block-embed__wrapper\"> <iframe loading=\"lazy\" title=\"Multifunktionale Getreidedreschmaschine \ud83c\udf3e | Hohe Dreschleistung &amp; Vielseitigkeit bei der Pflanzenverarbeitung! \ud83d\ude9c\" width=\"500\" height=\"281\" src=\"https:\/\/www.youtube.com\/embed\/NSSRi0z_JQg?feature=oembed\" frameborder=\"0\" allow=\"accelerometer; autoplay; clipboard-write; encrypted-media; gyroscope; picture-in-picture; web-share\" referrerpolicy=\"strict-origin-when-cross-origin\" allowfullscreen><\/iframe> <\/div><figcaption class=\"wp-element-caption\">Arbeitsprozess dieser Getreide-Scha\u0308lung<\/figcaption><\/figure>    <h2 class=\"wp-block-heading\"><strong>The price of such automatic thresher machine<\/strong><\/h2>    <p>Die Mais-Sch\u00e4lmaschine ist nicht teuer, und ihre Praktikabilit\u00e4t macht sie kosteneffizient. Der Gesamtpreis liegt bei einigen hundert Dollar und umfasst folgende Teile:<\/p>    <ul class=\"wp-block-list\"> <li>&nbsp;Die von Ihnen gew\u00e4hlte Maschinenkraft, normalerweise die Preise von niedrig bis hoch: <a href=\"https:\/\/en.wikipedia.org\/wiki\/Petrol_engine\" target=\"_blank\" rel=\"noopener\">Benzinmotor<\/a> &lt; Elektromotor &lt; Dieselmotor<\/li>    <li>Der zus\u00e4tzliche Service, wie die Holzkiste-Verpackung zum Schutz der Maschinen, ist nur ein kleiner Teil der Rechnung.<\/li>    <li>Die Transportart, die Sie w\u00e4hlen, beeinflusst ebenfalls den Preis. Luftfracht ist schneller, aber teurer als Seetransport.<\/li> <\/ul>    <h2 class=\"wp-block-heading\" id=\"h-global-case-of-multi-function-corn-thresher\"><strong>Global case of multi function corn thresher<\/strong><\/h2>    <p>Wir haben k\u00fcrzlich 40 Sets der mehrzweck Maisdreschmaschine nach Simbabwe exportiert. Simbabwe ist ein \u00fcberwiegend landwirtschaftliches Land, und der Kunde ist ein H\u00e4ndler aus Simbabwe, der im Maisanbau t\u00e4tig ist.<\/p>    <p> Er wollte einige Mais-Abtreiber kaufen, um sein Gesch\u00e4ft zu verarbeiten. Nach\u4e86\u89e3 seiner Bed\u00fcrfnisse empfahl Grace, die Vertriebsleiterin, diesen Mehrzweck-Abtreiber, da er vielseitiger und kosteneffektiver als andere Produkte war. <\/p>    <p>Der simbabwische Kunde war sehr zufrieden mit den Merkmalen und dem Preis der Maschine und setzte schnell seine Bestellung auf. <\/p>   <div class=\"wp-block-image\"> <figure class=\"aligncenter size-large\"><img loading=\"lazy\" decoding=\"async\" width=\"720\" height=\"540\" src=\"https:\/\/corn-machine.com\/wp-content\/uploads\/2022\/09\/load.webp\" alt=\"Beladung dieser elektrischen Mais-Sch\u00e4lmaschine\" class=\"wp-image-180\" title=\"\"><figcaption class=\"wp-element-caption\">Beladung dieser elektrischen Mais-Sch\u00e4lmaschine<\/figcaption><\/figure> <\/div>  <div class=\"wp-block-image\"> <figure class=\"aligncenter size-large\"><img loading=\"lazy\" decoding=\"async\" width=\"720\" height=\"540\" src=\"https:\/\/corn-machine.com\/wp-content\/uploads\/2022\/09\/load-and-delivery-of-multipurpose-thresher.webp\" alt=\"Beladung und Lieferung von Mehrzweck-Thresher\" class=\"wp-image-179\" title=\"\"><figcaption class=\"wp-element-caption\">Beladung und Lieferung von Mehrzweck-Thresher<\/figcaption><\/figure> <\/div>   <p>Hier ist ein Bild, das unser Gesch\u00e4ftspartner geschickt hat, der den Betrieb den lokalen Bauern vorf\u00fchrt. \u201eSie sind ein zuverl\u00e4ssiger Lieferant, und diese Maschine ist meine ideale Ausr\u00fcstung. Alle lobten sie sehr. \u201c<\/p>    <p>Wir sind Taizy, ein internationales Handelsunternehmen, das sich auf die Herstellung verschiedener Maschinen spezialisiert hat. Wenn Sie mit uns zusammenarbeiten m\u00f6chten, z\u00f6gern Sie nicht, uns zu kontaktieren!<\/p>   <div class=\"wp-block-image\"> <figure class=\"aligncenter size-full\"><img loading=\"lazy\" decoding=\"async\" width=\"720\" height=\"540\" src=\"https:\/\/corn-machine.com\/wp-content\/uploads\/2022\/09\/feedback-of-the-corn-sheller-machine.webp\" alt=\"Feedback zum Mehrzweck-Kornscha\u0308fer-Maschine\" class=\"wp-image-813\" title=\"\" srcset=\"https:\/\/corn-machine.com\/wp-content\/uploads\/2022\/09\/feedback-of-the-corn-sheller-machine.webp 720w, https:\/\/corn-machine.com\/wp-content\/uploads\/2022\/09\/feedback-of-the-corn-sheller-machine-300x225.webp 300w, https:\/\/corn-machine.com\/wp-content\/uploads\/2022\/09\/feedback-of-the-corn-sheller-machine-16x12.webp 16w\" sizes=\"auto, (max-width: 720px) 100vw, 720px\" \/><figcaption class=\"wp-element-caption\">Feedback zum Mehrzweck-Kornscha\u0308fer-Maschine<\/figcaption><\/figure> <\/div>   <h2 class=\"wp-block-heading\"><strong>FAQ of this corn sheller machine<\/strong><\/h2>   <div id=\"rank-math-faq\" class=\"rank-math-block\"> <div class=\"rank-math-list\"> <div id=\"faq-question-1754450841002\" class=\"rank-math-list-item\"> <h3 class=\"rank-math-question\">How to thresh different crops?<\/h3> <div class=\"rank-math-answer\">  <p>Sie m\u00fcssen das Sieb durch ein anderes Netz ersetzen. Beim Dreschen von Mais m\u00fcssen Sie die vier internen Wellen entfernen.<\/p>  <\/div> <\/div> <div id=\"faq-question-1754450901111\" class=\"rank-math-list-item\"> <h3 class=\"rank-math-question\">Ich wei\u00df nicht, wie man die Maschine benutzt. Was werden Sie bereitstellen?<\/h3> <div class=\"rank-math-answer\">  <p>Wir werden Prozessvideos zur Maschineninstallation, -betrieb, zum Wechseln des Bildschirms usw. bereitstellen.<\/p>  <\/div> <\/div> <div id=\"faq-question-1754450952149\" class=\"rank-math-list-item\"> <h3 class=\"rank-math-question\">Ist die Dreschmaschine leicht zu bewegen?<\/h3> <div class=\"rank-math-answer\">  <p>Wir haben R\u00e4der und Schiebegriffe f\u00fcr einfache Bewegung installiert<\/p>  <\/div> <\/div> <div id=\"faq-question-1754451045635\" class=\"rank-math-list-item\"> <h3 class=\"rank-math-question\">Welche Feldfr\u00fcchte kann die Multifunktions-Maisdreschmaschine verarbeiten?<\/h3> <div class=\"rank-math-answer\">  <p>Mais, Weizen, Sojabohnen, Sorghum usw.<\/p>  <\/div> <\/div> <div id=\"faq-question-1754451098340\" class=\"rank-math-list-item\"> <h3 class=\"rank-math-question\">Was ist der Aussto\u00df und die Dreschgeschwindigkeit dieser Sch\u00e4lmaschine?<\/h3> <div class=\"rank-math-answer\">  <p>Seine Produktivit\u00e4t betr\u00e4gt 1-1,5 t; Dreschrate \u226595 %<\/p>  <\/div> <\/div> <\/div> <\/div>   <figure class=\"wp-block-embed aligncenter is-type-video is-provider-youtube wp-block-embed-youtube wp-embed-aspect-16-9 wp-has-aspect-ratio\"><div class=\"wp-block-embed__wrapper\"> <iframe loading=\"lazy\" title=\"Multifunktionale Getreidedreschmaschine| Elektrischer\/Diesel\/Benzinmotor als Energiequelle!\" width=\"500\" height=\"281\" src=\"https:\/\/www.youtube.com\/embed\/C299z31YTKg?feature=oembed\" frameborder=\"0\" allow=\"accelerometer; autoplay; clipboard-write; encrypted-media; gyroscope; picture-in-picture; web-share\" referrerpolicy=\"strict-origin-when-cross-origin\" allowfullscreen><\/iframe> <\/div><figcaption class=\"wp-element-caption\">Arbeitsfortschritt<\/figcaption><\/figure>","protected":false},"excerpt":{"rendered":"<p>Mehrzweck-Maisdrescher kann verschiedene Getreidesorten dreschen, wobei die Dreschleistung bis zu 95% erreichen kann. Er kann die Arbeitseffizienz verbessern und die Kosten f\u00fcr die Anwerbung von Arbeitskr\u00e4ften senken.<\/p>","protected":false},"author":1,"featured_media":78,"parent":0,"template":"","tags":[20],"product-type":[42],"class_list":["post-69","product","type-product","status-publish","has-post-thumbnail","hentry","tag-corn-thresher","product-type-maize-sheller-machine"],"_links":{"self":[{"href":"https:\/\/corn-machine.com\/de\/wp-json\/wp\/v2\/product\/69","targetHints":{"allow":["GET"]}}],"collection":[{"href":"https:\/\/corn-machine.com\/de\/wp-json\/wp\/v2\/product"}],"about":[{"href":"https:\/\/corn-machine.com\/de\/wp-json\/wp\/v2\/types\/product"}],"author":[{"embeddable":true,"href":"https:\/\/corn-machine.com\/de\/wp-json\/wp\/v2\/users\/1"}],"wp:featuredmedia":[{"embeddable":true,"href":"https:\/\/corn-machine.com\/de\/wp-json\/wp\/v2\/media\/78"}],"wp:attachment":[{"href":"https:\/\/corn-machine.com\/de\/wp-json\/wp\/v2\/media?parent=69"}],"wp:term":[{"taxonomy":"post_tag","embeddable":true,"href":"https:\/\/corn-machine.com\/de\/wp-json\/wp\/v2\/tags?post=69"},{"taxonomy":"product-type","embeddable":true,"href":"https:\/\/corn-machine.com\/de\/wp-json\/wp\/v2\/product-type?post=69"}],"curies":[{"name":"wp","href":"https:\/\/api.w.org\/{rel}","templated":true}]}}