{"id":75,"date":"2022-09-07T07:43:41","date_gmt":"2022-09-06T23:43:41","guid":{"rendered":"https:\/\/corn-machine.com\/?post_type=product&#038;p=75"},"modified":"2025-07-29T17:32:35","modified_gmt":"2025-07-29T09:32:35","slug":"small-maize-grinding-machine","status":"publish","type":"product","link":"https:\/\/corn-machine.com\/de\/product\/small-maize-grinding-machine\/","title":{"rendered":"Kleine Maismahlmaschine | Getreide-Diskm\u00fchle"},"content":{"rendered":"<p>Die kleine Maismahlmaschine wird auch als Scheibenm\u00fchle bezeichnet und wird h\u00e4ufig verwendet, um verschiedene trockene Materialien zu Pulver zu mahlen, wie Mais, Sojabohnen, Hirse und andere Nutzpflanzen, aber auch f\u00fcr Pfeffer, Gew\u00fcrze usw. Unsere Scheibenm\u00fchle zeichnet sich durch gute Qualit\u00e4t, stabile Leistung und ein hohes Kosten-Nutzen-Verh\u00e4ltnis aus. Daher sind die Maschinen aufgrund ihrer Praktikabilit\u00e4t weltweit beliebt.<\/p>    <figure class=\"wp-block-gallery has-nested-images columns-default is-cropped wp-block-gallery-2 is-layout-flex wp-block-gallery-is-layout-flex\"> <figure class=\"wp-block-image size-large\"><img loading=\"lazy\" decoding=\"async\" width=\"720\" height=\"540\" data-id=\"217\" src=\"https:\/\/corn-machine.com\/wp-content\/uploads\/2022\/09\/maize-shelling-machine-1.webp\" alt=\"Mais-Sch\u00e4lmaschine\" class=\"wp-image-217\" title=\"\"><figcaption class=\"wp-element-caption\">Mais-Sch\u00e4lmaschine<\/figcaption><\/figure>    <figure class=\"wp-block-image size-large\"><img loading=\"lazy\" decoding=\"async\" width=\"720\" height=\"540\" data-id=\"213\" src=\"https:\/\/corn-machine.com\/wp-content\/uploads\/2022\/09\/automatic-corn-sheller-1.webp\" alt=\"Automatische Mais-Entspelzungsmaschine\" class=\"wp-image-213\" title=\"\"><figcaption class=\"wp-element-caption\">Automatische Mais-Entspelzungsmaschine<\/figcaption><\/figure> <\/figure>    <h2 class=\"wp-block-heading\" id=\"h-applications-of-grain-grinder-machine\">Anwendungen der Getreidemahlmaschine<\/h2>    <p class=\"translation-block\">This disk mill machine is a toothed claw grinder that can grind corn, sorghum, wheat, soybeans, rice and other grains threshed by a <a href=\"https:\/\/corn-machine.com\/de\/product\/multi-function-corn-thresher\/\">grain sheller machine<\/a>. It can also crush herbs, turmeric, dried peppers and other spices. Taizy Machinery has been manufacturing disc mills for over 12 years and looks forward to your inquiry and cooperation.<\/p>   <div class=\"wp-block-image\"> <figure class=\"aligncenter size-full\"><img loading=\"lazy\" decoding=\"async\" width=\"720\" height=\"540\" src=\"https:\/\/corn-machine.com\/wp-content\/uploads\/2022\/09\/application-.webp\" alt=\"\" class=\"wp-image-210\" title=\"\"><\/figure> <\/div>   <h2 class=\"wp-block-heading\" id=\"h-structures-of-small-maize-grinding-machine\">Strukturen der kleinen Maismahlmaschine<\/h2>    <p>Eigentlich ist der Aufbau der Scheibenm\u00fchle sehr einfach, bestehend aus Einlass, Auslass, Mahltrichter, Sieb usw. Als Beispiel ist der Aufbau einer Maschine mit Zyklonabscheider in der untenstehenden Abbildung dargestellt. Sie k\u00f6nnen je nach Wunsch aus den verschiedenen Typen w\u00e4hlen. <\/p>    <p>Die Scheibenm\u00fchle besitzt 9 verschiedene Feinheits-Siebe, 0,2 mm, 0,4 mm, 0,6 mm, 0,8 mm, 1 mm, 2 mm, 3 mm, 5 mm; je nach Material k\u00f6nnen Kunden unterschiedliche Siebe w\u00e4hlen. Au\u00dferdem k\u00f6nnen wir Ihnen auch andere Siebgr\u00f6\u00dfen anpassen.<\/p>   <div class=\"wp-block-image\"> <figure class=\"aligncenter size-full\"><img loading=\"lazy\" decoding=\"async\" width=\"720\" height=\"540\" src=\"https:\/\/corn-machine.com\/wp-content\/uploads\/2022\/09\/structure-of-corn-threshing-machine.webp\" alt=\"Aufbau der Kornreinigungsmaschine\" class=\"wp-image-220\" title=\"\"><figcaption class=\"wp-element-caption\">Aufbau der Kornreinigungsmaschine<\/figcaption><\/figure> <\/div>   <h2 class=\"wp-block-heading\" id=\"h-parameters-of-disk-mill-machine\">Parameter der Scheibenm\u00fchle<\/h2>    <figure class=\"wp-block-table\"><table><tbody><tr><td>Modell<\/td><td>9FZ-45<\/td><\/tr><tr><td>Drehzahl<\/td><td>3200 U\/min<\/td><\/tr><tr><td>Rotorendurchmesser<\/td><td>450 mm<\/td><\/tr><tr><td>Durchmesser der Siebwurst<\/td><td>508 mm<\/td><\/tr><tr><td>Siebdurchmesser (mm)<\/td><td>1600\u00d7115 mm<\/td><\/tr><tr><td>Produktivit\u00e4t<\/td><td>\u22651500 kg\/h<\/td><\/tr><tr><td>Flache Z\u00e4hne (St\u00fccke)<\/td><td>6<\/td><\/tr><tr><td>Quadratische Z\u00e4hne (St\u00fccke)<\/td><td>12<\/td><\/tr><tr><td>Spannung<\/td><td>380 V<\/td><\/tr><tr><td>Gewicht<\/td><td>200 kg<\/td><\/tr><\/tbody><\/table><\/figure>    <h2 class=\"wp-block-heading\" id=\"h-small-maize-grinding-machine-advantages\">Vorteile der kleinen Maismahlmaschine <\/h2>    <ul class=\"wp-block-list\"> <li>Die Maismahlmaschine hat eine kompakte Bauweise, ist klein und beansprucht keinen Platz im Werk.<\/li>    <li>Die kleine Maismahlmaschine hat ein breites Anwendungs spektrum, nicht nur f\u00fcr K\u00f6rner, sondern kann auch verschiedene chemische Materialien, Traditionelle Chinesische Medizin, Gew\u00fcrze usw. mahlen. Hoher Zerkleinerungsoutput, erf\u00fcllt die Bed\u00fcrfnisse aller Kundengruppen gut.<\/li>    <li>Die Staubabscheider k\u00f6nnen gem\u00e4\u00df den Kundenanforderungen installiert werden, ohne Staubbelastung, was die Umwelt sch\u00fctzen k\u00f6nnte.<\/li> <\/ul>    <figure class=\"wp-block-gallery has-nested-images columns-default is-cropped wp-block-gallery-3 is-layout-flex wp-block-gallery-is-layout-flex\"> <figure class=\"wp-block-image size-large\"><img loading=\"lazy\" decoding=\"async\" width=\"720\" height=\"540\" data-id=\"212\" src=\"https:\/\/corn-machine.com\/wp-content\/uploads\/2022\/09\/automatic-corn-sheller-working-process.webp\" alt=\"automatischer Maiskornsch\u00e4ler Arbeitsprozess\" class=\"wp-image-212\" title=\"\"><figcaption class=\"wp-element-caption\">automatischer Maiskornsch\u00e4ler Arbeitsprozess<\/figcaption><\/figure>    <figure class=\"wp-block-image size-large\"><img loading=\"lazy\" decoding=\"async\" width=\"720\" height=\"540\" data-id=\"215\" src=\"https:\/\/corn-machine.com\/wp-content\/uploads\/2022\/09\/final-product.webp\" alt=\"Endprodukt\" class=\"wp-image-215\" title=\"\"><figcaption class=\"wp-element-caption\">Endprodukt<\/figcaption><\/figure> <\/figure>    <h2 class=\"wp-block-heading\" id=\"h-working-video-of-maize-grinding-mill\">Arbeitsvideo der Maismahlung<\/h2>    <figure class=\"wp-block-embed is-type-video is-provider-youtube wp-block-embed-youtube wp-embed-aspect-16-9 wp-has-aspect-ratio\"><div class=\"wp-block-embed__wrapper\"> <iframe loading=\"lazy\" title=\"\ud83d\udd27 Getreide Scheibenm\u00fchle erkl\u00e4rt | Mahlleistung f\u00fcr Getreide, Gew\u00fcrze &amp; mehr! #corn #flour #grain\" width=\"500\" height=\"281\" src=\"https:\/\/www.youtube.com\/embed\/8R_PGr33qO4?feature=oembed\" frameborder=\"0\" allow=\"accelerometer; autoplay; clipboard-write; encrypted-media; gyroscope; picture-in-picture; web-share\" referrerpolicy=\"strict-origin-when-cross-origin\" allowfullscreen><\/iframe> <\/div><figcaption class=\"wp-element-caption\">Verarbeitung der Scheibenm\u00fchle<\/figcaption><\/figure>","protected":false},"excerpt":{"rendered":"<p>The small maize grinding machine is also called a disk mill machine, which is often used to grind various dry materials into powder, such as corn, soybeans, sorghum, and other crops, but also for peppers, spices, etc. Our disk mill machine has good quality, stable performance and high-cost performance. Therefore, machines are widely popular at [&hellip;]<\/p>\n","protected":false},"author":1,"featured_media":77,"parent":0,"template":"","tags":[25],"product-type":[43],"class_list":["post-75","product","type-product","status-publish","has-post-thumbnail","hentry","tag-maize-grinding-machine","product-type-maize-grinding-mill-machine"],"_links":{"self":[{"href":"https:\/\/corn-machine.com\/de\/wp-json\/wp\/v2\/product\/75","targetHints":{"allow":["GET"]}}],"collection":[{"href":"https:\/\/corn-machine.com\/de\/wp-json\/wp\/v2\/product"}],"about":[{"href":"https:\/\/corn-machine.com\/de\/wp-json\/wp\/v2\/types\/product"}],"author":[{"embeddable":true,"href":"https:\/\/corn-machine.com\/de\/wp-json\/wp\/v2\/users\/1"}],"wp:featuredmedia":[{"embeddable":true,"href":"https:\/\/corn-machine.com\/de\/wp-json\/wp\/v2\/media\/77"}],"wp:attachment":[{"href":"https:\/\/corn-machine.com\/de\/wp-json\/wp\/v2\/media?parent=75"}],"wp:term":[{"taxonomy":"post_tag","embeddable":true,"href":"https:\/\/corn-machine.com\/de\/wp-json\/wp\/v2\/tags?post=75"},{"taxonomy":"product-type","embeddable":true,"href":"https:\/\/corn-machine.com\/de\/wp-json\/wp\/v2\/product-type?post=75"}],"curies":[{"name":"wp","href":"https:\/\/api.w.org\/{rel}","templated":true}]}}