{"id":79,"date":"2022-09-07T10:35:45","date_gmt":"2022-09-07T10:35:45","guid":{"rendered":"https:\/\/corn-machine.com\/?post_type=product&#038;p=79"},"modified":"2026-02-14T13:24:18","modified_gmt":"2026-02-14T05:24:18","slug":"hammer-mill-grinder-for-corn","status":"publish","type":"product","link":"https:\/\/corn-machine.com\/de\/product\/hammer-mill-grinder-for-corn\/","title":{"rendered":"Hammerm\u00fchle f\u00fcr Mais | Kleine Maismehlm\u00fchle"},"content":{"rendered":"<p class=\"translation-block\">Ein kleiner Maismehlzerkleinerer kann Stroh, Mais und Futter in kleine Partikel zerkleinern. Es gibt verschiedene Modelle dieser Serie, und die Leistung variiert je nach Modell. Der <strong>Hammerm\u00fchlenzerkleinerer<\/strong> f\u00fcr Mais kann mit drei Arten von Antrieb ausgestattet werden: Elektromotor, Dieselmotor und Benzinmotor. <\/p>    <figure class=\"wp-block-embed aligncenter is-type-video is-provider-youtube wp-block-embed-youtube wp-embed-aspect-16-9 wp-has-aspect-ratio\"><div class=\"wp-block-embed__wrapper\"> <iframe loading=\"lazy\" title=\"Hammerm\u00fchle Schleifmaschine f\u00fcr Tierfutter Kontakt  8617703863868\" width=\"500\" height=\"281\" src=\"https:\/\/www.youtube.com\/embed\/m_VF5zWmSzI?feature=oembed\" frameborder=\"0\" allow=\"accelerometer; autoplay; clipboard-write; encrypted-media; gyroscope; picture-in-picture; web-share\" referrerpolicy=\"strict-origin-when-cross-origin\" allowfullscreen><\/iframe> <\/div><figcaption class=\"wp-element-caption\">Arbeitsvideo der Kornm\u00fchle Schleifmaschine<\/figcaption><\/figure>    <p>Kunden k\u00f6nnen je nach Bedarf w\u00e4hlen. In diesem Artikel stellen wir haupts\u00e4chlich vier Modelle vor: 9FQ-320, 9FQ-360, 9FQ-420 und 9FQ-500. Au\u00dferdem haben wir andere Modelle von Maiszerkleinerungsmaschinen. Bei Interesse kontaktieren Sie uns bitte.<\/p>   <div class=\"wp-block-image\"> <figure class=\"aligncenter size-full\"><img loading=\"lazy\" decoding=\"async\" width=\"720\" height=\"540\" src=\"https:\/\/corn-machine.com\/wp-content\/uploads\/2022\/09\/9fq360.jpg\" alt=\"9fq360\" class=\"wp-image-226\" title=\"\"><figcaption class=\"wp-element-caption\">Unser ausl\u00e4ndischer Kunde hat unsere Fabrik besucht<\/figcaption><\/figure> <\/div>   <h2 class=\"wp-block-heading\" id=\"h-structure-of-hammer-mill-grinder-for-corn\">Struktur der Hammerm\u00fchle zur Zerkleinerung von Mais<\/h2>    <p>Die Maismehlm\u00fchle besteht im Wesentlichen aus Einlass, Zerkleinerungsraum, Hammerklinge, Zyklonabscheider, Sieb usw. Die Hammerklingen im Zerkleinerungsraum sind Hochkohle-Stahlklingen, die sehr verschlei\u00dffest sind und eine lange Lebensdauer haben.<\/p>    <p>Dieses Sieb ist ebenfalls ein Verschlei\u00dfteil dieser Maschine und muss regelm\u00e4\u00dfig ausgetauscht werden. Taizy kann Siebe entsprechend der gew\u00fcnschten Endproduktgr\u00f6\u00dfe anpassen.<\/p>   <div class=\"wp-block-image\"> <figure class=\"aligncenter size-full\"><img loading=\"lazy\" decoding=\"async\" width=\"720\" height=\"540\" src=\"https:\/\/corn-machine.com\/wp-content\/uploads\/2022\/09\/structure-of-9fq360.jpg\" alt=\"\" class=\"wp-image-222\" title=\"\"><\/figure> <\/div>   <h2 class=\"wp-block-heading\" id=\"h-how-does-a-small-corn-meal-grinder-work\">Wie funktioniert eine kleine Maismehlm\u00fchle?<\/h2>    <p>Der Arbeitsprozess der Hammerm\u00fchle f\u00fcr Mais ist sehr einfach. <\/p>    <ul class=\"wp-block-list\"> <li>Zuerst wird das Rohmaterial durch den Zuf\u00fchrer in die Zerkleinerungskammer gef\u00fcttert. <\/li>    <li>Dann drehen sich die H\u00e4mmer in der Zerkleinerungskammer mit hoher Geschwindigkeit, um das Rohmaterial schnell zu zerkleinern. <\/li>    <li>Schlie\u00dflich wird das zerkleinerte Rohmaterial durch den Bildschirm fein gesiebt und schlie\u00dflich am Entladeanschluss ausgetragen.<\/li> <\/ul>    <h2 class=\"wp-block-heading\" id=\"h-working-video-of-hammer-mill-grinder-for-corn\">Arbeitsvideo des Maism\u00fchlenzerkleinerers<\/h2>    <p class=\"translation-block\">Der Hammerm\u00fchlenzerkleinerer f\u00fcr Mais wird verwendet, um nach der Ernte die Pflanzen in Pulver zu zerkleinern. Taizy Machinery bietet auch <a href=\"https:\/\/corn-machine.com\/de\/product\/automatic-corn-sheller\/\">Maiserntemaschinen<\/a> an. Willkommen zur Beratung.<\/p>    <figure class=\"wp-block-embed is-type-video is-provider-youtube wp-block-embed-youtube wp-embed-aspect-16-9 wp-has-aspect-ratio\"><div class=\"wp-block-embed__wrapper\"> <iframe loading=\"lazy\" title=\"Kleiner Scheibenm\u00fchlen-Arbeitsprozess | Feinm\u00fchlen f\u00fcr das Mahlen von Maismehl und Chilipulver\ud83c\udf3d\ud83c\udf36\" width=\"500\" height=\"281\" src=\"https:\/\/www.youtube.com\/embed\/w81WyWVNKFA?feature=oembed\" frameborder=\"0\" allow=\"accelerometer; autoplay; clipboard-write; encrypted-media; gyroscope; picture-in-picture; web-share\" referrerpolicy=\"strict-origin-when-cross-origin\" allowfullscreen><\/iframe> <\/div><figcaption class=\"wp-element-caption\">Arbeitsprozess der 9FQ-Vermahlungsgmaschine<\/figcaption><\/figure>    <h2 class=\"wp-block-heading\" id=\"h-advantages-of-hammer-mill-grinder-for-corn\">Vorteile der Hammerm\u00fchle zur Zerkleinerung von Mais<\/h2>    <ul class=\"wp-block-list\"> <li>Die Maiszerkleinerungsmaschine ist vielseitig und kann nicht nur K\u00f6rner wie Mais, Sojabohnen und Mais, sondern auch Biomaterialien wie Stroh, Holzsp\u00e4ne usw. zerkleinern. Sie kann verschiedene Rohstoffe in Materialien kleiner als 3-5mm verarbeiten.<\/li>    <li>Unsere Maism\u00fchle ist einfach zu bedienen. Das Personal ben\u00f6tigt keine Schulung, einfach die Maschine \u00f6ffnen, das Material einf\u00fcllen, und die Bedienung ist m\u00f6glich.<\/li>    <li>Die Gr\u00f6\u00dfe der zu vermahlenden Maism\u00fchle kann angepasst werden, und verschiedene Siebe erzeugen unterschiedliche Endgr\u00f6\u00dfen.<\/li> <\/ul>    <figure class=\"wp-block-gallery has-nested-images columns-default is-cropped wp-block-gallery-2 is-layout-flex wp-block-gallery-is-layout-flex\"> <figure class=\"wp-block-image size-large\"><img loading=\"lazy\" decoding=\"async\" width=\"540\" height=\"720\" data-id=\"225\" src=\"https:\/\/corn-machine.com\/wp-content\/uploads\/2022\/09\/9fq420.jpg\" alt=\"9fq420\" class=\"wp-image-225\" title=\"\"><figcaption class=\"wp-element-caption\">9fq420<\/figcaption><\/figure>    <figure class=\"wp-block-image size-large\"><img loading=\"lazy\" decoding=\"async\" width=\"540\" height=\"720\" data-id=\"223\" src=\"https:\/\/corn-machine.com\/wp-content\/uploads\/2022\/09\/9fq500-2.jpg\" alt=\"9fq500 \" class=\"wp-image-223\" title=\"\"><figcaption class=\"wp-element-caption\">9fq500 <\/figcaption><\/figure> <\/figure>    <h2 class=\"wp-block-heading\" id=\"h-parameters-of-maize-grinding-machine\">Parameter der Maismahlmaschine<\/h2>    <p>Die folgende Tabelle zeigt die Hauptmodelle der Maism\u00fchle und deren technische Parameter. Taizy Machinery bietet auch andere Modelle von Maism\u00fchlen an, au\u00dfer diesen vier Modellen. Bei Interesse kontaktieren Sie uns bitte, und wir senden Ihnen bald die Maschinendetails.<\/p>    <figure class=\"wp-block-table\"><table><tbody><tr><td>Modell<\/td><td>Leistung<\/td><td>Gewicht<\/td><td>Kapazit\u00e4t<\/td><td>Hammer<\/td><td>Durchmesser des Siebs<\/td><td>Gr\u00f6\u00dfe<\/td><\/tr><tr><td>9FQ-320<\/td><td>2,2 kW<\/td><td>85 kg<\/td><td>100kg\/h<\/td><td>16 St\u00fcck<\/td><td>0,5-5mm<\/td><td>500*300*600mm<\/td><\/tr><tr><td>9FQ-360<\/td><td>5,5 kW<\/td><td>130 kg<\/td><td>150kg\/h<\/td><td>24 St\u00fcck<\/td><td>0,5-5mm<\/td><td>1100*600*1200mm<\/td><\/tr><tr><td>9FQ-420<\/td><td>7,5\/11 kW<\/td><td>220 kg<\/td><td>300kg\/h<\/td><td>24 St\u00fcck<\/td><td>1,2-3mm<\/td><td>1200*800*1900mm<\/td><\/tr><tr><td>9FQ-500<\/td><td>11\/15 kW<\/td><td>270 kg<\/td><td>500kg\/h<\/td><td>24 St\u00fcck<\/td><td>1,2-3mm<\/td><td>1200*800*1300mm<\/td><\/tr><tr><td>9FQ-600<\/td><td>18,5-22kW<\/td><td>500kg<\/td><td>1000kg\/h<\/td><td>32 St\u00fcck<\/td><td>1,2-3mm<\/td><td>1500*900*1500mm<\/td><\/tr><tr><td>9FQ-750<\/td><td>22-30kW<\/td><td>850kg<\/td><td>1500kg\/h<\/td><td>32 St\u00fcck<\/td><td>1,2-3mm<\/td><td>1500*1300*1800mm<\/td><\/tr><tr><td>9FQ-800<\/td><td>37kW<\/td><td>1000kg<\/td><td>2000kg\/h<\/td><td>40 St\u00fcck<\/td><td>1,2-5mm<\/td><td>1500*1200*1600mm<\/td><\/tr><tr><td>9FQ-1000<\/td><td>45-55kW<\/td><td>1200kg<\/td><td>3000kg\/h<\/td><td>64 St\u00fcck<\/td><td>1,2-5mm<\/td><td>1500*1300*1800mm<\/td><\/tr><\/tbody><\/table><\/figure>    <h2 class=\"wp-block-heading\" id=\"h-global-case-of-corn-mill-grinder-machine\">Globale Beispiele der Maism\u00fchlenvermahlung<\/h2>    <p>Ein Kunde aus Neuseeland kaufte eine unserer Hammerm\u00fchlen zum Maismahlen. Er ben\u00f6tigte eine Maschine, um seinen Mais zu mahlen. Nachdem unser Verkaufsleiter Coco die Bed\u00fcrfnisse dieses Kunden verstanden hatte, empfahl er ihm eine 9fq-360, und der Kunde gab die Bestellung aufgrund unseres professionellen und umfassenden Maschinenservices schnell auf. Das Bild unten zeigt die Verpackung und den Versand der Maschine.<\/p>    <figure class=\"wp-block-gallery has-nested-images columns-default is-cropped wp-block-gallery-3 is-layout-flex wp-block-gallery-is-layout-flex\"> <figure class=\"wp-block-image size-large\"><img loading=\"lazy\" decoding=\"async\" width=\"540\" height=\"720\" data-id=\"1550\" src=\"https:\/\/corn-machine.com\/wp-content\/uploads\/2022\/09\/hammer-mill-machine.webp\" alt=\"Verpackung der Hammerm\u00fchle\" class=\"wp-image-1550\" title=\"\" srcset=\"https:\/\/corn-machine.com\/wp-content\/uploads\/2022\/09\/hammer-mill-machine.webp 540w, https:\/\/corn-machine.com\/wp-content\/uploads\/2022\/09\/hammer-mill-machine-225x300.webp 225w, https:\/\/corn-machine.com\/wp-content\/uploads\/2022\/09\/hammer-mill-machine-9x12.webp 9w\" sizes=\"auto, (max-width: 540px) 100vw, 540px\" \/><figcaption class=\"wp-element-caption\">Verpackung der Hammerm\u00fchle<\/figcaption><\/figure>    <figure class=\"wp-block-image size-large\"><img loading=\"lazy\" decoding=\"async\" width=\"540\" height=\"720\" data-id=\"1551\" src=\"https:\/\/corn-machine.com\/wp-content\/uploads\/2022\/09\/loading-of-hammer-grinder.webp\" alt=\"Beladung des Hammerzerkleinerers\" class=\"wp-image-1551\" title=\"\" srcset=\"https:\/\/corn-machine.com\/wp-content\/uploads\/2022\/09\/loading-of-hammer-grinder.webp 540w, https:\/\/corn-machine.com\/wp-content\/uploads\/2022\/09\/loading-of-hammer-grinder-225x300.webp 225w, https:\/\/corn-machine.com\/wp-content\/uploads\/2022\/09\/loading-of-hammer-grinder-9x12.webp 9w\" sizes=\"auto, (max-width: 540px) 100vw, 540px\" \/><figcaption class=\"wp-element-caption\">Beladung des Hammerzerkleinerers<\/figcaption><\/figure> <\/figure>    <h2 class=\"wp-block-heading\"><strong>Wie wartet man eine Hammerm\u00fchle?<\/strong><\/h2>    <ol class=\"wp-block-list\"> <li>Beim Einf\u00fcllen des Rohmaterials ist darauf zu achten, keine Steine, Eisen oder andere harte Gegenst\u00e4nde zu mischen. Harte Gegenst\u00e4nde k\u00f6nnen die H\u00e4mmer und das Sieb besch\u00e4digen.<\/li>    <li>Die Lager sollten einmal pro Woche geschmiert werden. Bei hoher Nutzung und Frequenz sollte das Schmiermittel h\u00e4ufiger nachgef\u00fcllt werden.<\/li>    <li>Die Stifte k\u00f6nnen sich im Laufe der Zeit lockern, daher sollten sie regelm\u00e4\u00dfig \u00fcberpr\u00fcft werden, um ein Herausfallen zu verhindern.<\/li>    <li>Das Sieb und die H\u00e4mmer m\u00fcssen innerhalb eines Jahres aufgrund nat\u00fcrlichen Verschlei\u00dfes ausgetauscht werden. Wir bieten eine langfristige Ersatzteilversorgung an.<\/li> <\/ol>    <p>Taizy ist ein professioneller Hersteller landwirtschaftlicher Maschinen mit internationalen Zertifizierungen. Wenn Sie eine geeignete Maschine zu einem guten Preis suchen, kontaktieren Sie uns f\u00fcr die neuesten Preise und Maschineninformationen!<\/p>    <figure class=\"wp-block-gallery has-nested-images columns-default is-cropped wp-block-gallery-4 is-layout-flex wp-block-gallery-is-layout-flex\"> <figure class=\"wp-block-image size-large\"><img loading=\"lazy\" decoding=\"async\" width=\"540\" height=\"720\" data-id=\"1577\" src=\"https:\/\/corn-machine.com\/wp-content\/uploads\/2022\/09\/international-machine-certification.webp\" alt=\"Internationale Maschinenzertifizierung\" class=\"wp-image-1577\" title=\"\" srcset=\"https:\/\/corn-machine.com\/wp-content\/uploads\/2022\/09\/international-machine-certification.webp 540w, https:\/\/corn-machine.com\/wp-content\/uploads\/2022\/09\/international-machine-certification-225x300.webp 225w, https:\/\/corn-machine.com\/wp-content\/uploads\/2022\/09\/international-machine-certification-9x12.webp 9w\" sizes=\"auto, (max-width: 540px) 100vw, 540px\" \/><figcaption class=\"wp-element-caption\">Internationale Maschinenzertifizierung<\/figcaption><\/figure>    <figure class=\"wp-block-image size-large\"><img loading=\"lazy\" decoding=\"async\" width=\"540\" height=\"720\" data-id=\"1578\" src=\"https:\/\/corn-machine.com\/wp-content\/uploads\/2022\/09\/Taizy-customers.webp\" alt=\"Taizy-Kunden\" class=\"wp-image-1578\" title=\"\" srcset=\"https:\/\/corn-machine.com\/wp-content\/uploads\/2022\/09\/Taizy-customers.webp 540w, https:\/\/corn-machine.com\/wp-content\/uploads\/2022\/09\/Taizy-customers-225x300.webp 225w, https:\/\/corn-machine.com\/wp-content\/uploads\/2022\/09\/Taizy-customers-9x12.webp 9w\" sizes=\"auto, (max-width: 540px) 100vw, 540px\" \/><figcaption class=\"wp-element-caption\">Taizy-Kunden<\/figcaption><\/figure> <\/figure>","protected":false},"excerpt":{"rendered":"<p>A small corn meal grinder can crush straw, corn, and forage into small particles. There are various models of this series of machines, and the output of different models is different. The corn hammer mill grinder for corn can be equipped with three kinds of power: electric motor, diesel engine, and gasoline engine. Customers can [&hellip;]<\/p>\n","protected":false},"author":1,"featured_media":81,"parent":0,"template":"","tags":[22],"product-type":[43],"class_list":["post-79","product","type-product","status-publish","has-post-thumbnail","hentry","tag-corn-grinder","product-type-maize-grinding-mill-machine"],"_links":{"self":[{"href":"https:\/\/corn-machine.com\/de\/wp-json\/wp\/v2\/product\/79","targetHints":{"allow":["GET"]}}],"collection":[{"href":"https:\/\/corn-machine.com\/de\/wp-json\/wp\/v2\/product"}],"about":[{"href":"https:\/\/corn-machine.com\/de\/wp-json\/wp\/v2\/types\/product"}],"author":[{"embeddable":true,"href":"https:\/\/corn-machine.com\/de\/wp-json\/wp\/v2\/users\/1"}],"wp:featuredmedia":[{"embeddable":true,"href":"https:\/\/corn-machine.com\/de\/wp-json\/wp\/v2\/media\/81"}],"wp:attachment":[{"href":"https:\/\/corn-machine.com\/de\/wp-json\/wp\/v2\/media?parent=79"}],"wp:term":[{"taxonomy":"post_tag","embeddable":true,"href":"https:\/\/corn-machine.com\/de\/wp-json\/wp\/v2\/tags?post=79"},{"taxonomy":"product-type","embeddable":true,"href":"https:\/\/corn-machine.com\/de\/wp-json\/wp\/v2\/product-type?post=79"}],"curies":[{"name":"wp","href":"https:\/\/api.w.org\/{rel}","templated":true}]}}