{"id":862,"date":"2025-08-19T16:24:12","date_gmt":"2025-08-19T08:24:12","guid":{"rendered":"https:\/\/corn-machine.com\/?post_type=product&#038;p=862"},"modified":"2025-08-29T17:24:06","modified_gmt":"2025-08-29T09:24:06","slug":"sweet-corn-cutting-machine-food-process","status":"publish","type":"product","link":"https:\/\/corn-machine.com\/de\/product\/sweet-corn-cutting-machine-food-process\/","title":{"rendered":"Automatische Zuckermais-Schneidemaschine zur Verarbeitung von frischem Mais"},"content":{"rendered":"<p class=\"translation-block\">Die Taizy frische <strong>Mais-Schneidemaschine<\/strong> kann haupts\u00e4chlich klebrigen Mais, s\u00fc\u00dfen Mais, gefrorenen Mais und andere Lebensmittel \u00e4hnlicher Form und H\u00e4rte (Karotten, Yamswurzeln und Maniok) schneiden. Ihre maximale Schnittgr\u00f6\u00dfe betr\u00e4gt 25 mm, mit einer Leistung, die 500 kg-600 kg pro Stunde erreichen kann. <\/p>    <p>Es gibt zwei Arten von Mais-Schneidmaschinen: Einreihen-Mais-Schneider (kann 1500 Mais pro Stunde produzieren) und Zweireihen-Mais-Schneider (kann 3000 Mais pro Stunde verarbeiten).<\/p>    <figure class=\"wp-block-gallery has-nested-images columns-default is-cropped wp-block-gallery-2 is-layout-flex wp-block-gallery-is-layout-flex\"> <figure class=\"wp-block-image size-large\"><img loading=\"lazy\" decoding=\"async\" width=\"720\" height=\"540\" data-id=\"910\" src=\"https:\/\/corn-machine.com\/wp-content\/uploads\/2025\/08\/single-row-sweet-corn-cutter.webp\" alt=\"Einreihen s\u00fc\u00dfer Mais-Schneider\" class=\"wp-image-910\" title=\"\" srcset=\"https:\/\/corn-machine.com\/wp-content\/uploads\/2025\/08\/single-row-sweet-corn-cutter.webp 720w, https:\/\/corn-machine.com\/wp-content\/uploads\/2025\/08\/single-row-sweet-corn-cutter-300x225.webp 300w, https:\/\/corn-machine.com\/wp-content\/uploads\/2025\/08\/single-row-sweet-corn-cutter-16x12.webp 16w\" sizes=\"auto, (max-width: 720px) 100vw, 720px\" \/><figcaption class=\"wp-element-caption\">Einreihen s\u00fc\u00dfer Mais-Schneider<\/figcaption><\/figure>    <figure class=\"wp-block-image size-full\"><img loading=\"lazy\" decoding=\"async\" width=\"720\" height=\"540\" data-id=\"912\" src=\"https:\/\/corn-machine.com\/wp-content\/uploads\/2025\/08\/double-row-waxy-corn-cutter.webp\" alt=\"Zweireihen wachsiger Mais-Schneider\" class=\"wp-image-912\" title=\"\" srcset=\"https:\/\/corn-machine.com\/wp-content\/uploads\/2025\/08\/double-row-waxy-corn-cutter.webp 720w, https:\/\/corn-machine.com\/wp-content\/uploads\/2025\/08\/double-row-waxy-corn-cutter-300x225.webp 300w, https:\/\/corn-machine.com\/wp-content\/uploads\/2025\/08\/double-row-waxy-corn-cutter-16x12.webp 16w\" sizes=\"auto, (max-width: 720px) 100vw, 720px\" \/><figcaption class=\"wp-element-caption\">Zweireihen wachsiger Mais-Schneider<\/figcaption><\/figure> <\/figure>    <p>Diese Art von Maiskolbenschneidemaschine wird h\u00e4ufig in Lebensmittelverarbeitungsanlagen eingesetzt und unterst\u00fctzt effektiv die Automatisierung von Produktionsprozessen. Wir haben in L\u00e4nder wie Vietnam, die Vereinigten Staaten, Singapur und andere exportiert. Fast alle unsere Kunden geben uns positives Feedback, dass sie ihre Ziele f\u00fcr die Flie\u00dfbandproduktion in Fabriken erreicht haben.<\/p>    <h2 class=\"wp-block-heading\"><strong>Wie funktioniert diese frische Mais-Schneidemaschine?<\/strong><\/h2>    <p>Der erste Schritt des Mais-Schneidevorgangs ist die \u00dcberpr\u00fcfung. Drei Punkte sind zu beachten: <\/p>    <ul class=\"wp-block-list\"> <li>L\u00e4uft das F\u00f6rderband reibungslos und ohne Hindernisse?<\/li>    <li>Funktioniert die Klinge richtig? Testen Sie sie zuerst, indem Sie einen ganzen Maiskolben hineingeben.<\/li>    <li>Schneiden Sie keinen Mais mit Schale.<\/li> <\/ul>    <p>Dann k\u00f6nnen Sie ihn normal als Teil Ihrer Produktionslinie betreiben.<\/p>    <figure class=\"wp-block-embed aligncenter is-type-video is-provider-youtube wp-block-embed-youtube wp-embed-aspect-16-9 wp-has-aspect-ratio\"><div class=\"wp-block-embed__wrapper\"> <iframe loading=\"lazy\" title=\"\ud83c\udf3dHocheffiziente Maiskolbenschneidemaschine | Frischmais- &amp; Tiefk\u00fchlmais-Kolbenschneider f\u00fcr die Lebensmittelverarbeitung!\" width=\"500\" height=\"281\" src=\"https:\/\/www.youtube.com\/embed\/r5H145IzOCA?feature=oembed\" frameborder=\"0\" allow=\"accelerometer; autoplay; clipboard-write; encrypted-media; gyroscope; picture-in-picture; web-share\" referrerpolicy=\"strict-origin-when-cross-origin\" allowfullscreen><\/iframe> <\/div><figcaption class=\"wp-element-caption\">Arbeitsvideo der Mais-Schneidemaschine<\/figcaption><\/figure>    <h2 class=\"wp-block-heading\"><strong>Hauptmerkmale der S\u00fc\u00dfmaisknackmaschine<\/strong><\/h2>    <ul class=\"wp-block-list\"> <li>Die meisten Teile bestehen aus SUS304 und GB-Standard lebensmittelechtem Edelstahl. Der Maiskolbenschneider ist leicht zu reinigen und hat eine lange Lebensdauer.<\/li>    <li>Neben dem Schneiden von gefrorenem, frischem und gereiftem Mais ist sie auch f\u00fcr Karotten, Yamswurzeln, <a href=\"https:\/\/en.wikipedia.org\/wiki\/Cassava\" target=\"_blank\" rel=\"noopener\">Maniok<\/a>, und andere Arten von Lebensmitteln.<\/li>    <li>Die <strong>Schneidl\u00e4nge ist verstellbar<\/strong> um pr\u00e4zises Schneiden zu gew\u00e4hrleisten, was sie f\u00fcr die Massenproduktion fein verpackter Lebensmittel geeignet macht. Der vollst\u00e4ndige Maiskolben kann in zwei oder mehr Abschnitte unterteilt werden, die ebenfalls ge\u00e4ndert werden k\u00f6nnen.<\/li>    <li>Es nutzt <strong>hochwertige Manganstahl-Kreisschneidebl\u00e4tter<\/strong> f\u00fcr pr\u00e4zises Schneiden und eine glatte Klingenoberfl\u00e4che. Das fertige Produkt hat ein ordentliches Erscheinungsbild ohne Materialverschwendung.<\/li>    <li>Dieses Maisschneideger\u00e4t bietet <strong>hohe Produktionseffizienz<\/strong>, mit einer st\u00fcndlichen Leistung von 500-600 kg, was die Bed\u00fcrfnisse der meisten industriellen Produktionen erf\u00fcllen kann.<\/li> <\/ul>    <figure class=\"wp-block-gallery has-nested-images columns-2 is-cropped wp-block-gallery-3 is-layout-flex wp-block-gallery-is-layout-flex\"> <figure class=\"wp-block-image size-large\"><img loading=\"lazy\" decoding=\"async\" width=\"720\" height=\"540\" data-id=\"868\" src=\"https:\/\/corn-machine.com\/wp-content\/uploads\/2025\/08\/fresh-maize-cutter-machine.webp\" alt=\"Eine Maschine mit Mais darauf\" class=\"wp-image-868\" title=\"\" srcset=\"https:\/\/corn-machine.com\/wp-content\/uploads\/2025\/08\/fresh-maize-cutter-machine.webp 720w, https:\/\/corn-machine.com\/wp-content\/uploads\/2025\/08\/fresh-maize-cutter-machine-300x225.webp 300w, https:\/\/corn-machine.com\/wp-content\/uploads\/2025\/08\/fresh-maize-cutter-machine-16x12.webp 16w\" sizes=\"auto, (max-width: 720px) 100vw, 720px\" \/><figcaption class=\"wp-element-caption\">Doppelspurige Transport-Maiskolbenschneidemaschine<\/figcaption><\/figure>    <figure class=\"wp-block-image size-full\"><img loading=\"lazy\" decoding=\"async\" width=\"720\" height=\"540\" data-id=\"872\" src=\"https:\/\/corn-machine.com\/wp-content\/uploads\/2025\/08\/cut-piece-of-sweet-corn.webp\" alt=\"glatte Oberfl\u00e4che des geschnittenen S\u00fc\u00dfmais-Segments\" class=\"wp-image-872\" title=\"\" srcset=\"https:\/\/corn-machine.com\/wp-content\/uploads\/2025\/08\/cut-piece-of-sweet-corn.webp 720w, https:\/\/corn-machine.com\/wp-content\/uploads\/2025\/08\/cut-piece-of-sweet-corn-300x225.webp 300w, https:\/\/corn-machine.com\/wp-content\/uploads\/2025\/08\/cut-piece-of-sweet-corn-16x12.webp 16w\" sizes=\"auto, (max-width: 720px) 100vw, 720px\" \/><figcaption class=\"wp-element-caption\">glatte Oberfl\u00e4che des geschnittenen S\u00fc\u00dfmais-Segments<\/figcaption><\/figure>    <figure class=\"wp-block-image size-large\"><img loading=\"lazy\" decoding=\"async\" width=\"720\" height=\"540\" data-id=\"867\" src=\"https:\/\/corn-machine.com\/wp-content\/uploads\/2025\/08\/3-cm-corn-segments.webp\" alt=\"3 cm Maissegmente, geschnitten von Maiskolbenschneider\" class=\"wp-image-867\" title=\"\" srcset=\"https:\/\/corn-machine.com\/wp-content\/uploads\/2025\/08\/3-cm-corn-segments.webp 720w, https:\/\/corn-machine.com\/wp-content\/uploads\/2025\/08\/3-cm-corn-segments-300x225.webp 300w, https:\/\/corn-machine.com\/wp-content\/uploads\/2025\/08\/3-cm-corn-segments-16x12.webp 16w\" sizes=\"auto, (max-width: 720px) 100vw, 720px\" \/><figcaption class=\"wp-element-caption\">3 cm Maissegmente<\/figcaption><\/figure>    <figure class=\"wp-block-image size-large\"><img loading=\"lazy\" decoding=\"async\" width=\"720\" height=\"540\" data-id=\"869\" src=\"https:\/\/corn-machine.com\/wp-content\/uploads\/2025\/08\/corn-cutter-machine.webp\" alt=\"Edelstahl-Maiskolbenschneidemaschine\" class=\"wp-image-869\" title=\"\" srcset=\"https:\/\/corn-machine.com\/wp-content\/uploads\/2025\/08\/corn-cutter-machine.webp 720w, https:\/\/corn-machine.com\/wp-content\/uploads\/2025\/08\/corn-cutter-machine-300x225.webp 300w, https:\/\/corn-machine.com\/wp-content\/uploads\/2025\/08\/corn-cutter-machine-16x12.webp 16w\" sizes=\"auto, (max-width: 720px) 100vw, 720px\" \/><figcaption class=\"wp-element-caption\">Edelstahl-Maiskolbenschneidemaschine<\/figcaption><\/figure> <\/figure>    <h2 class=\"wp-block-heading\"><strong>Corn cob slicer&#8217;s parameters<\/strong><\/h2>    <figure class=\"wp-block-table\"><table class=\"has-fixed-layout\"><tbody><tr><td>Modell<\/td><td class=\"has-text-align-center\" data-align=\"center\">TZ-100<\/td><\/tr><tr><td>Leistung<\/td><td class=\"has-text-align-center\" data-align=\"center\">2,5\u20133 kW<\/td><\/tr><tr><td>Spannung<\/td><td class=\"has-text-align-center\" data-align=\"center\">380 V<\/td><\/tr><tr><td>Effektive Bandbreite<\/td><td class=\"has-text-align-center\" data-align=\"center\">400 mm<\/td><\/tr><tr><td>Max. Schnittgr\u00f6\u00dfe<\/td><td class=\"has-text-align-center\" data-align=\"center\">25 mm<\/td><\/tr><tr><td>Kapazit\u00e4t<\/td><td class=\"has-text-align-center\" data-align=\"center\">2000\u20133000 St\u00fcck\/h<\/td><\/tr><tr><td>Abmessung<\/td><td class=\"has-text-align-center\" data-align=\"center\">2130*1170*1360 mm<\/td><\/tr><tr><td>Anzahl der Tr\u00e4ger<\/td><td class=\"has-text-align-center\" data-align=\"center\">21 S\u00e4tze \u00d7 2 St\u00fcck pro Satz<\/td><\/tr><\/tbody><\/table><figcaption class=\"wp-element-caption\">Technische Parameter der Mais-Schneidemaschine<\/figcaption><\/figure>    <p>Hinweis: Die Schnittholzl\u00e4nge der K\u00f6rner kann angepasst werden, jedoch nicht weniger als 2,5 cm. Wenn Sie zwei Gr\u00f6\u00dfenst\u00fccke von Maissegmenten schneiden m\u00f6chten, k\u00f6nnen Sie die Klingen wechseln. Falls die Gr\u00f6\u00dfen der ben\u00f6tigten Maissegmente kein multiples Verh\u00e4ltnis bilden, m\u00fcssen Sie eine weitere Maisschnitzmaschine kaufen.<\/p>    <p>Beispielsweise kann eine Maschine 2,5 cm, 5 cm und sogar 7 cm lange Maissegmente verarbeiten. Wenn Sie jedoch andere Gr\u00f6\u00dfen schneiden m\u00f6chten, sollten Sie eine weitere Maschine anschaffen, um 3 cm- und 6 cm-Maissegmente zu verarbeiten.<\/p>   <div class=\"wp-block-image\"> <figure class=\"aligncenter size-full\"><img loading=\"lazy\" decoding=\"async\" width=\"720\" height=\"540\" src=\"https:\/\/corn-machine.com\/wp-content\/uploads\/2025\/08\/corn-slicer-machine.webp\" alt=\"Maiskolbenschneidemaschine f\u00fcr die Mais-Lebensmittelverarbeitung \" class=\"wp-image-866\" title=\"\" srcset=\"https:\/\/corn-machine.com\/wp-content\/uploads\/2025\/08\/corn-slicer-machine.webp 720w, https:\/\/corn-machine.com\/wp-content\/uploads\/2025\/08\/corn-slicer-machine-300x225.webp 300w, https:\/\/corn-machine.com\/wp-content\/uploads\/2025\/08\/corn-slicer-machine-16x12.webp 16w\" sizes=\"auto, (max-width: 720px) 100vw, 720px\" \/><figcaption class=\"wp-element-caption\">Maiskolbenschneidemaschine<\/figcaption><\/figure> <\/div>   <h2 class=\"wp-block-heading\"><strong>Hauptstruktur der Maiskolbenschneidemaschine<\/strong><\/h2>    <p>Es gibt zwei Hauptsysteme dieser automatischen Mais-Schneidemaschine, die den gesamten Prozess abschlie\u00dfen: das Schneidsystem und das Transportsystem.<\/p>    <p>Der wichtigste Teil des Schneidsystems ist die scharfe Edelstahlklinge, die eine andere Stromversorgung als die gesamte Maschine hat und einen zus\u00e4tzlichen Motor mit einer Leistung von 3 kW ben\u00f6tigt.<\/p>    <p>Das Transportsystem verf\u00fcgt \u00fcber insgesamt 21 S\u00e4tze von Tr\u00e4gern (jeder mit 2 St\u00fcck), die Maiskolben fixieren und die Arbeitszeit effektiv verk\u00fcrzen.<\/p>    <figure class=\"wp-block-gallery has-nested-images columns-default is-cropped wp-block-gallery-4 is-layout-flex wp-block-gallery-is-layout-flex\"> <figure class=\"wp-block-image size-large\"><img loading=\"lazy\" decoding=\"async\" width=\"720\" height=\"540\" data-id=\"864\" src=\"https:\/\/corn-machine.com\/wp-content\/uploads\/2025\/08\/blades-of-fresh-maize-cutter-machine.webp\" alt=\"Klingen der frischen Mais-Schneidemaschine\" class=\"wp-image-864\" title=\"\" srcset=\"https:\/\/corn-machine.com\/wp-content\/uploads\/2025\/08\/blades-of-fresh-maize-cutter-machine.webp 720w, https:\/\/corn-machine.com\/wp-content\/uploads\/2025\/08\/blades-of-fresh-maize-cutter-machine-300x225.webp 300w, https:\/\/corn-machine.com\/wp-content\/uploads\/2025\/08\/blades-of-fresh-maize-cutter-machine-16x12.webp 16w\" sizes=\"auto, (max-width: 720px) 100vw, 720px\" \/><figcaption class=\"wp-element-caption\">Klingen der frischen Mais-Schneidemaschine<\/figcaption><\/figure>    <figure class=\"wp-block-image size-large\"><img loading=\"lazy\" decoding=\"async\" width=\"720\" height=\"540\" data-id=\"865\" src=\"https:\/\/corn-machine.com\/wp-content\/uploads\/2025\/08\/fresh-whole-corn-cutting.webp\" alt=\"Mais-Transportsystem und Tr\u00e4ger der S\u00fc\u00dfmais-Schneidemaschine\" class=\"wp-image-865\" title=\"\" srcset=\"https:\/\/corn-machine.com\/wp-content\/uploads\/2025\/08\/fresh-whole-corn-cutting.webp 720w, https:\/\/corn-machine.com\/wp-content\/uploads\/2025\/08\/fresh-whole-corn-cutting-300x225.webp 300w, https:\/\/corn-machine.com\/wp-content\/uploads\/2025\/08\/fresh-whole-corn-cutting-16x12.webp 16w\" sizes=\"auto, (max-width: 720px) 100vw, 720px\" \/><figcaption class=\"wp-element-caption\">Mais-Transportsystem und Tr\u00e4ger<\/figcaption><\/figure> <\/figure>    <h2 class=\"wp-block-heading\"><strong>Erfolgreicher Fall des Versands der Mais-Schneidemaschinen an eine vietnamesische Maisverarbeitungsanlage<\/strong><\/h2>    <p>Unser Kunde ist eine Maisverarbeitungsfabrik in Vietnam, die sich auf frischen Mais und Produkte auf Maisbasis spezialisiert hat. Die Fabrik verarbeitet t\u00e4glich eine gro\u00dfe Menge Mais. Um die Produktivit\u00e4t und Produktqualit\u00e4t zu verbessern, suchte der Kunde nach einer hocheffizienten, pr\u00e4zisen und flexiblen L\u00f6sung zum Schneiden von Mais.<\/p>    <p>W\u00e4hrend der Kommunikation gab der Kunde klare technische Anforderungen bez\u00fcglich der Schnittgr\u00f6\u00dfe, Stromversorgung und Installationsunterst\u00fctzung an.<\/p>    <p>Basierend auf den Anforderungen lieferten wir zwei kundenspezifische Mais-Schneidemaschinen:<\/p>    <ul class=\"wp-block-list\"> <li>Zwei angepasste Maschinen: 2,5 cm \/ 5 cm Schneidemaschine und 3,5 cm \/ 7 cm Maiskolbenschneidemaschine.<\/li>    <li>Ausgestattet mit einem Schnellwechsel-Messer- und Wellendesign f\u00fcr flexible und effiziente Gr\u00f6\u00dfenanpassungen.<\/li>    <li>Hergestellt aus lebensmittelechtem Edelstahl, der die Lebensmittelsicherheitsstandards erf\u00fcllt.<\/li>    <li>Lieferung mit vollst\u00e4ndigen Handb\u00fcchern, Zeichnungen und Schulungsvideos, um dem Kunden den schnellen Einstieg in Installation und Messerwechsel zu erleichtern.<\/li> <\/ul>    <p>Durch dieses Projekt haben wir unserem vietnamesischen Kunden geholfen, seine mechanisierten und standardisierten Verarbeitungsl\u00f6sungen erfolgreich aufzur\u00fcsten, was den Output seiner Fabrik erheblich steigerte. Wir haben positives Feedback von ihm erhalten!<\/p>    <figure class=\"wp-block-gallery has-nested-images columns-default is-cropped wp-block-gallery-5 is-layout-flex wp-block-gallery-is-layout-flex\"> <figure class=\"wp-block-image size-large\"><img loading=\"lazy\" decoding=\"async\" width=\"720\" height=\"540\" data-id=\"873\" src=\"https:\/\/corn-machine.com\/wp-content\/uploads\/2025\/08\/plastic-covering-of-sweet-corn-cutter.webp\" alt=\"Kunststoffabdeckung der S\u00fc\u00dfmais-Schneidemaschine\" class=\"wp-image-873\" title=\"\" srcset=\"https:\/\/corn-machine.com\/wp-content\/uploads\/2025\/08\/plastic-covering-of-sweet-corn-cutter.webp 720w, https:\/\/corn-machine.com\/wp-content\/uploads\/2025\/08\/plastic-covering-of-sweet-corn-cutter-300x225.webp 300w, https:\/\/corn-machine.com\/wp-content\/uploads\/2025\/08\/plastic-covering-of-sweet-corn-cutter-16x12.webp 16w\" sizes=\"auto, (max-width: 720px) 100vw, 720px\" \/><figcaption class=\"wp-element-caption\">Kunststoffabdeckung der S\u00fc\u00dfmais-Schneidemaschine<\/figcaption><\/figure>    <figure class=\"wp-block-image size-large\"><img loading=\"lazy\" decoding=\"async\" width=\"720\" height=\"540\" data-id=\"875\" src=\"https:\/\/corn-machine.com\/wp-content\/uploads\/2025\/08\/wooden-packaging-of-corn-cutting-machine.webp\" alt=\"Holzverpackung der Mais-Schneidemaschine\" class=\"wp-image-875\" title=\"\" srcset=\"https:\/\/corn-machine.com\/wp-content\/uploads\/2025\/08\/wooden-packaging-of-corn-cutting-machine.webp 720w, https:\/\/corn-machine.com\/wp-content\/uploads\/2025\/08\/wooden-packaging-of-corn-cutting-machine-300x225.webp 300w, https:\/\/corn-machine.com\/wp-content\/uploads\/2025\/08\/wooden-packaging-of-corn-cutting-machine-16x12.webp 16w\" sizes=\"auto, (max-width: 720px) 100vw, 720px\" \/><figcaption class=\"wp-element-caption\">Holzverpackung der Mais-Schneidemaschine<\/figcaption><\/figure> <\/figure>    <p>Wenn Ihre Fabrik eine Verbesserung f\u00fcr ein h\u00f6heres Automatisierungsniveau ben\u00f6tigt, ist diese frische Mais-Schneidemaschine eine gute Wahl! Kontaktieren Sie mich jetzt, um das neueste Angebot und Informationen zu erhalten!<\/p>    <p class=\"translation-block\">Taizy bietet auch eine <a href=\"https:\/\/corn-machine.com\/de\/product\/fresh-corn-sheller-machine\/\">frische Maiskolben-Entk\u00f6rner-Maschine<\/a> f\u00fcr die Verarbeitung von Maiskorn-Lebensmitteln an. Wenn Sie an einer solchen Maschine interessiert sind, klicken Sie darauf, um weitere Details zu erfahren!<\/p>    <p><\/p>","protected":false},"excerpt":{"rendered":"<p>Die Taizy-Frischmaisschneidemaschine wird in der industriellen Lebensmittelproduktion eingesetzt und kann haupts\u00e4chlich Klebreis, S\u00fc\u00dfmais und gefrorenen Mais mit einer Kapazit\u00e4t von 500-600 kg\/h schneiden.<\/p>","protected":false},"author":1,"featured_media":863,"parent":0,"template":"","tags":[51,48],"product-type":[49],"class_list":["post-862","product","type-product","status-publish","has-post-thumbnail","hentry","tag-fresh-corn","tag-sweet-corn","product-type-corn-cutter-machine"],"_links":{"self":[{"href":"https:\/\/corn-machine.com\/de\/wp-json\/wp\/v2\/product\/862","targetHints":{"allow":["GET"]}}],"collection":[{"href":"https:\/\/corn-machine.com\/de\/wp-json\/wp\/v2\/product"}],"about":[{"href":"https:\/\/corn-machine.com\/de\/wp-json\/wp\/v2\/types\/product"}],"author":[{"embeddable":true,"href":"https:\/\/corn-machine.com\/de\/wp-json\/wp\/v2\/users\/1"}],"wp:featuredmedia":[{"embeddable":true,"href":"https:\/\/corn-machine.com\/de\/wp-json\/wp\/v2\/media\/863"}],"wp:attachment":[{"href":"https:\/\/corn-machine.com\/de\/wp-json\/wp\/v2\/media?parent=862"}],"wp:term":[{"taxonomy":"post_tag","embeddable":true,"href":"https:\/\/corn-machine.com\/de\/wp-json\/wp\/v2\/tags?post=862"},{"taxonomy":"product-type","embeddable":true,"href":"https:\/\/corn-machine.com\/de\/wp-json\/wp\/v2\/product-type?post=862"}],"curies":[{"name":"wp","href":"https:\/\/api.w.org\/{rel}","templated":true}]}}