{"id":882,"date":"2025-08-20T14:46:05","date_gmt":"2025-08-20T06:46:05","guid":{"rendered":"https:\/\/corn-machine.com\/?post_type=product&#038;p=882"},"modified":"2025-10-11T09:04:53","modified_gmt":"2025-10-11T01:04:53","slug":"corn-husk-remover-for-food-processing","status":"publish","type":"product","link":"https:\/\/corn-machine.com\/de\/product\/corn-husk-remover-for-food-processing\/","title":{"rendered":"Industrieller Mais-H\u00fclsenentferner f\u00fcr gro\u00dfe Lebensmittelverarbeitungsfabriken"},"content":{"rendered":"<p class=\"translation-block\">Taizy <strong>Mais-Entspelzungsmaschine<\/strong> ist speziell f\u00fcr die automatisierte Lebensmittelverarbeitung mit integrierter automatischer Wurzeltrennung, Spitzenabschneidung, Bartentfernung, Luftgebl\u00e4se zur Blattverteilung und Entfernung von Maisseide usw. konzipiert. <\/p>    <p class=\"translation-block\">Der S\u00fc\u00dfmaissch\u00e4ler ist in der Lage, frischen, s\u00fc\u00dfen und wachsartigen Mais jeder Sorte mit einer L\u00e4nge von 110\u2013280 mm (einschlie\u00dflich H\u00fclse und Wurzel) und einem Durchmesser von 40\u201380 mm (im gesch\u00e4lten Zustand) zu sch\u00e4len. Mit einer <strong>Bruchrate von \u22641%,<\/strong> einer <strong>Sch\u00e4l-Effizienz von \u226598%<\/strong> und einer <strong>F\u00e4denentfernungsrate von \u226592%<\/strong> kann die Kapazit\u00e4t bis zu 10.000\u201312.000 Kolben\/Stunde betragen.<\/p>    <h2 class=\"wp-block-heading\"><strong>Arbeitsvideo der industriellen Mais-Entspelzungsmaschine<\/strong><\/h2>    <p>Unten ist ein Video mit Kundenfeedback, bei dem wir die Maschine erhalten und einige Tests durchgef\u00fchrt haben.<\/p>    <figure class=\"wp-block-embed aligncenter is-type-video is-provider-youtube wp-block-embed-youtube wp-embed-aspect-16-9 wp-has-aspect-ratio\"><div class=\"wp-block-embed__wrapper\"> <iframe loading=\"lazy\" title=\"\ud83c\udf3dIndustrieller Maisentkerner | Frische Maisschalengeh\u00e4use und Seide entfernen\" width=\"500\" height=\"281\" src=\"https:\/\/www.youtube.com\/embed\/SMyoAyr_J5s?feature=oembed\" frameborder=\"0\" allow=\"accelerometer; autoplay; clipboard-write; encrypted-media; gyroscope; picture-in-picture; web-share\" referrerpolicy=\"strict-origin-when-cross-origin\" allowfullscreen><\/iframe> <\/div><figcaption class=\"wp-element-caption\">Mais-Entspelzungsmaschine in Funktion<\/figcaption><\/figure>    <h2 class=\"wp-block-heading\"><strong>Vorteile des Frischmais-Entspelzers<\/strong><\/h2>    <ul class=\"wp-block-list\"> <li>Dieser automatische Mais-Entspelzer l\u00f6st perfekt das Problem der unzureichenden Ausbeute an Frischmais in der Gro\u00dfverarbeitung und kann 10.000\u201312.000 Frischmais pro Stunde verarbeiten, was die Effizienz der Lebensmittelproduktionslinie verbessert.<\/li>    <li>Die Taizy Maiskolben-Entspelzungsmaschine umfasst Spelzentfernung, Wurzeltrennung, Spitzenabschneidung und Maisseidenentfernung. W\u00e4hrend des Produktionsprozesses gibt es keinen Kontakt mit Verschmutzungsquellen wie oxidierten Metallen und Feuchtigkeit, was die Qualit\u00e4t und Hygiene von Frischmaisprodukten wirksam gew\u00e4hrleistet.<\/li>    <li>Der Mais-Entspelzer kann Frischmais verschiedener Sorten mit L\u00e4ngen von 110\u2013280 mm und Durchmessern von 40\u201380 mm verarbeiten, einschlie\u00dflich S\u00fc\u00df- und Wachsmais, was ihn sehr vielseitig macht.<\/li>    <li>Hergestellt aus industrietauglichen Materialien und hochwertigen Komponenten, bietet er einen stabilen Betrieb und eine lange Lebensdauer, wodurch er sich f\u00fcr den Schwerlastbetrieb eignet.<\/li> <\/ul>   <div class=\"wp-block-image\"> <figure class=\"aligncenter size-large\"><img loading=\"lazy\" decoding=\"async\" width=\"720\" height=\"540\" src=\"https:\/\/corn-machine.com\/wp-content\/uploads\/2025\/08\/sweet-corn-shucker.webp\" alt=\"S\u00fc\u00dfmais-Entspelzer\" class=\"wp-image-888\" title=\"\" srcset=\"https:\/\/corn-machine.com\/wp-content\/uploads\/2025\/08\/sweet-corn-shucker.webp 720w, https:\/\/corn-machine.com\/wp-content\/uploads\/2025\/08\/sweet-corn-shucker-300x225.webp 300w, https:\/\/corn-machine.com\/wp-content\/uploads\/2025\/08\/sweet-corn-shucker-16x12.webp 16w\" sizes=\"auto, (max-width: 720px) 100vw, 720px\" \/><figcaption class=\"wp-element-caption\">S\u00fc\u00dfmais-Entspelzer<\/figcaption><\/figure> <\/div>   <h2 class=\"wp-block-heading\"><strong>Technische Parameter des automatischen S\u00fc\u00dfmais-Entspelzers<\/strong><\/h2>    <figure class=\"wp-block-table aligncenter\"><table class=\"has-fixed-layout\"><tbody><tr><td>Modell<\/td><td class=\"has-text-align-center\" data-align=\"center\">6BLQ-210-12000<\/td><\/tr><tr><td>Gr\u00f6\u00dfe<\/td><td class=\"has-text-align-center\" data-align=\"center\">10,5*1,72*1,95m<\/td><\/tr><tr><td>Gewicht<\/td><td class=\"has-text-align-center\" data-align=\"center\">5000kg<\/td><\/tr><tr><td>Kapazit\u00e4t<\/td><td class=\"has-text-align-center\" data-align=\"center\">12000 Kolben\/h<\/td><\/tr><tr><td>Leistung<\/td><td class=\"has-text-align-center\" data-align=\"center\">12,25kw<\/td><\/tr><tr><td>Spannung<\/td><td class=\"has-text-align-center\" data-align=\"center\">380V<\/td><\/tr><tr><td>Bruchrate<\/td><td class=\"has-text-align-center\" data-align=\"center\">1%<\/td><\/tr><tr><td>Entspelzungseffizienz<\/td><td class=\"has-text-align-center\" data-align=\"center\">98%<\/td><\/tr><tr><td>Maisseidenentfernungsrate<\/td><td class=\"has-text-align-center\" data-align=\"center\">92%<\/td><\/tr><tr><td>Anwendung<\/td><td class=\"has-text-align-center\" data-align=\"center\">Frischer Mais, S\u00fc\u00dfmais, wachsartiger Mais usw.<\/td><\/tr><\/tbody><\/table><figcaption class=\"wp-element-caption\">detaillierte Parameter der Mais-Entspelzungsmaschine<\/figcaption><\/figure>    <h2 class=\"wp-block-heading\"><strong>Funktionsprinzip des S\u00fc\u00dfmais-Entspelzers<\/strong><\/h2>    <p class=\"translation-block\">Die frische Maiskolben-Sch\u00e4lmaschine entfernt die \u00e4u\u00dfere Schale und die F\u00e4den der Maiskolben <strong>durch eine Kombination aus Reibungs- und Abstreiffunktionen<\/strong>. W\u00e4hrend des Betriebs werden die Kolben der F\u00f6rdersystem in die Sch\u00e4labteilung einzeln zugef\u00fchrt, wo rotierende Walzen oder spezialisierte Sch\u00e4ldecken<strong> Druck und Reibung anwenden, um die Schale schichtweise abzusch\u00e4len<\/strong>.<\/p>    <p class=\"translation-block\">Gleichzeitig gibt es einige Hilfskomponenten, wie <strong>B\u00fcrsten oder Bl\u00e4ser, die helfen, den Maisfaden effektiv zu entfernen<\/strong>. Ausgestattet mit einem Schneidmechanismus, der <strong>die Basis und die Spitze des Kolbens trimmt<\/strong>, um eine einheitliche L\u00e4nge und ein sauberes, glattes Aussehen ohne H\u00fclse und <a href=\"https:\/\/en.wikipedia.org\/wiki\/Corn_silk\" target=\"_blank\" rel=\"noopener\">F\u00e4den<\/a> zu gew\u00e4hrleisten.<\/p>    <figure class=\"wp-block-gallery has-nested-images columns-default is-cropped wp-block-gallery-2 is-layout-flex wp-block-gallery-is-layout-flex\"> <figure class=\"wp-block-image size-large\"><img loading=\"lazy\" decoding=\"async\" width=\"720\" height=\"540\" data-id=\"889\" src=\"https:\/\/corn-machine.com\/wp-content\/uploads\/2025\/08\/automatic-conveyor-belt.webp\" alt=\"automatisches F\u00f6rderband der elektrischen Mais-Entspelzungsmaschine\" class=\"wp-image-889\" title=\"\" srcset=\"https:\/\/corn-machine.com\/wp-content\/uploads\/2025\/08\/automatic-conveyor-belt.webp 720w, https:\/\/corn-machine.com\/wp-content\/uploads\/2025\/08\/automatic-conveyor-belt-300x225.webp 300w, https:\/\/corn-machine.com\/wp-content\/uploads\/2025\/08\/automatic-conveyor-belt-16x12.webp 16w\" sizes=\"auto, (max-width: 720px) 100vw, 720px\" \/><figcaption class=\"wp-element-caption\">automatisches F\u00f6rderband<\/figcaption><\/figure>    <figure class=\"wp-block-image size-large\"><img loading=\"lazy\" decoding=\"async\" width=\"720\" height=\"540\" data-id=\"887\" src=\"https:\/\/corn-machine.com\/wp-content\/uploads\/2025\/08\/pneumatic-device-for-shelling-and-ear-removal.webp\" alt=\"pneumatisches Ger\u00e4t zur Entspelzung und Kolbenentfernung\" class=\"wp-image-887\" title=\"\" srcset=\"https:\/\/corn-machine.com\/wp-content\/uploads\/2025\/08\/pneumatic-device-for-shelling-and-ear-removal.webp 720w, https:\/\/corn-machine.com\/wp-content\/uploads\/2025\/08\/pneumatic-device-for-shelling-and-ear-removal-300x225.webp 300w, https:\/\/corn-machine.com\/wp-content\/uploads\/2025\/08\/pneumatic-device-for-shelling-and-ear-removal-16x12.webp 16w\" sizes=\"auto, (max-width: 720px) 100vw, 720px\" \/><figcaption class=\"wp-element-caption\">pneumatisches Ger\u00e4t zur Entspelzung und Kolbenentfernung<\/figcaption><\/figure> <\/figure>    <h2 class=\"wp-block-heading\"><strong>Anwendung dieser Art von Mais-Entk\u00f6rner-Maschine<\/strong><\/h2>    <p>Als erster Schritt der Verarbeitung von Maisprodukten ist die Mais-Entspelzungsmaschine eine Schl\u00fcsselanlage, um die Produktqualit\u00e4t sicherzustellen. Sie hilft, saubere und gleichm\u00e4\u00dfige Maiskolben zu erzielen, die f\u00fcr die weitere Verarbeitung oder den direkten Verzehr bereit sind. Daher eignet sie sich f\u00fcr Tiefk\u00fchlproduktionslinien, Vakuumverpackungs-S\u00fc\u00dfmaisproduktion, Nachernteverarbeitung zur Reduzierung von Arbeitsaufwand und Steigerung des Produktwerts sowie f\u00fcr andere Lebensmittelverarbeitungsindustrien oder gro\u00dfe landwirtschaftliche Betriebe.<\/p>    <figure class=\"wp-block-gallery has-nested-images columns-default is-cropped wp-block-gallery-3 is-layout-flex wp-block-gallery-is-layout-flex\"> <figure class=\"wp-block-image size-large\"><img loading=\"lazy\" decoding=\"async\" width=\"720\" height=\"540\" data-id=\"886\" src=\"https:\/\/corn-machine.com\/wp-content\/uploads\/2025\/08\/husked-and-de-eared-corn.webp\" alt=\"entspelzte und entk\u00f6rnte Maiskolben durch elektrische Mais-Entspelzungsmaschine\" class=\"wp-image-886\" title=\"\" srcset=\"https:\/\/corn-machine.com\/wp-content\/uploads\/2025\/08\/husked-and-de-eared-corn.webp 720w, https:\/\/corn-machine.com\/wp-content\/uploads\/2025\/08\/husked-and-de-eared-corn-300x225.webp 300w, https:\/\/corn-machine.com\/wp-content\/uploads\/2025\/08\/husked-and-de-eared-corn-16x12.webp 16w\" sizes=\"auto, (max-width: 720px) 100vw, 720px\" \/><figcaption class=\"wp-element-caption\">entspelzte und entk\u00f6rnte Maiskolben<\/figcaption><\/figure>    <figure class=\"wp-block-image size-large\"><img loading=\"lazy\" decoding=\"async\" width=\"720\" height=\"540\" data-id=\"893\" src=\"https:\/\/corn-machine.com\/wp-content\/uploads\/2025\/08\/vacuum-packed-corn.webp\" alt=\"vakuumverpackter Mais\" class=\"wp-image-893\" title=\"\" srcset=\"https:\/\/corn-machine.com\/wp-content\/uploads\/2025\/08\/vacuum-packed-corn.webp 720w, https:\/\/corn-machine.com\/wp-content\/uploads\/2025\/08\/vacuum-packed-corn-300x225.webp 300w, https:\/\/corn-machine.com\/wp-content\/uploads\/2025\/08\/vacuum-packed-corn-16x12.webp 16w\" sizes=\"auto, (max-width: 720px) 100vw, 720px\" \/><figcaption class=\"wp-element-caption\">vakuumverpackter Mais<\/figcaption><\/figure> <\/figure>    <h2 class=\"wp-block-heading\"><strong>Warum Taizy Mais-Entspelzungsmaschine w\u00e4hlen?<\/strong><\/h2>    <ol class=\"wp-block-list\"> <li>Taizy stellt Mais-Entspelzungsmaschinen in unserer eigenen Fabrik her, was eine stabile Qualit\u00e4tskontrolle, eine zuverl\u00e4ssige Lieferkapazit\u00e4t und wettbewerbsf\u00e4hige Preise ohne Zwischenh\u00e4ndler gew\u00e4hrleistet.<\/li>    <li>Wir bieten klare Bedienungsanleitungen, Schulungsvideos und technischen Online-Support. F\u00fcr ausl\u00e4ndische Kunden sind Ersatzteile und Fernanleitungen verf\u00fcgbar, um die Maschine reibungslos am Laufen zu halten und alle auftretenden Probleme zu l\u00f6sen.<\/li>    <li>Mit jahrelanger Erfahrung in der Herstellung und dem Export von Agrarmaschinen hat Taizy einen Ruf f\u00fcr praktische, benutzerorientierte Maschinen etabliert. Wir konzentrieren uns auf Langlebigkeit, Benutzerfreundlichkeit und Praktikabilit\u00e4t, um den vielf\u00e4ltigen Anforderungen von Produzenten aller Gr\u00f6\u00dfen gerecht zu werden.<\/li>    <li>Viele Kunden aus Asien, Europa und Amerika haben angegeben, dass Taizy Mais-Sch\u00e4lmaschinen ihnen geholfen haben, Arbeitskr\u00e4fte zu sparen, Verarbeitungskosten zu senken und stabile Ertr\u00e4ge zu erzielen. Ihr Feedback motiviert uns, unser Design und unseren Service kontinuierlich zu verbessern.<\/li> <\/ol>    <p>Taizy bietet auch andere Ger\u00e4te zur Verwendung in der Verarbeitung von frischem Mais an:<\/p>    <ul class=\"wp-block-list\"> <li><a href=\"https:\/\/corn-machine.com\/de\/product\/fresh-corn-sheller-machine\/\">S\u00fc\u00dfmais-Sch\u00e4lmaschine<\/a>: Es kann die K\u00f6rner vom Maiskolben abziehen, indem es auf Maisdosen oder eine Produktionslinie f\u00fcr gefrorene K\u00f6rner angewendet wird.<\/li>    <li><a href=\"https:\/\/corn-machine.com\/de\/product\/sweet-corn-cutting-machine-food-process\/\">Frische Mais-Schneidemaschine<\/a>: Dies wird verwendet, um Mais in St\u00fccke zu schneiden f\u00fcr die n\u00e4chsten Verarbeitungsschritte.<\/li> <\/ul>    <p>Wenn Sie weitere Informationen w\u00fcnschen, klicken Sie auf die Website oder kontaktieren Sie mich, um Ihre Bed\u00fcrfnisse zu erfragen.<\/p>    <p>M\u00f6chten Sie mehr \u00fcber Preis und Details erfahren? Z\u00f6gern Sie nicht, mich zu kontaktieren!<\/p>","protected":false},"excerpt":{"rendered":"<p>Taizy-Korbstrohentferner kann frischen Mais mit einer L\u00e4nge von 110\u2013280 mm und einem Durchmesser von 40\u201380 mm sch\u00e4len. Mit einer Kapazit\u00e4t von 10000-12000 Ohren\/Stunde verbessert er die Effizienz der Lebensmittelverarbeitungs-Produktionslinie.<\/p>","protected":false},"author":1,"featured_media":883,"parent":0,"template":"","tags":[31,51,48],"product-type":[49],"class_list":["post-882","product","type-product","status-publish","has-post-thumbnail","hentry","tag-corn","tag-fresh-corn","tag-sweet-corn","product-type-corn-cutter-machine"],"_links":{"self":[{"href":"https:\/\/corn-machine.com\/de\/wp-json\/wp\/v2\/product\/882","targetHints":{"allow":["GET"]}}],"collection":[{"href":"https:\/\/corn-machine.com\/de\/wp-json\/wp\/v2\/product"}],"about":[{"href":"https:\/\/corn-machine.com\/de\/wp-json\/wp\/v2\/types\/product"}],"author":[{"embeddable":true,"href":"https:\/\/corn-machine.com\/de\/wp-json\/wp\/v2\/users\/1"}],"wp:featuredmedia":[{"embeddable":true,"href":"https:\/\/corn-machine.com\/de\/wp-json\/wp\/v2\/media\/883"}],"wp:attachment":[{"href":"https:\/\/corn-machine.com\/de\/wp-json\/wp\/v2\/media?parent=882"}],"wp:term":[{"taxonomy":"post_tag","embeddable":true,"href":"https:\/\/corn-machine.com\/de\/wp-json\/wp\/v2\/tags?post=882"},{"taxonomy":"product-type","embeddable":true,"href":"https:\/\/corn-machine.com\/de\/wp-json\/wp\/v2\/product-type?post=882"}],"curies":[{"name":"wp","href":"https:\/\/api.w.org\/{rel}","templated":true}]}}