{"id":956,"date":"2025-09-19T17:05:10","date_gmt":"2025-09-19T09:05:10","guid":{"rendered":"https:\/\/corn-machine.com\/?post_type=product&#038;p=956"},"modified":"2025-09-19T17:05:10","modified_gmt":"2025-09-19T09:05:10","slug":"corn-vacuum-packaging-machine","status":"publish","type":"product","link":"https:\/\/corn-machine.com\/de\/product\/corn-vacuum-packaging-machine\/","title":{"rendered":"Korntrocken-Vakuumverpackungsmaschine"},"content":{"rendered":"<p class=\"translation-block\">Die <strong>Mais-Vakuumverpackungsmaschine<\/strong> ist praktisch zur Verpackung frischer Lebensmittel wie S\u00fc\u00dfmais, Karotten, Reis und anderen Lebensmitteln. Sie kann die Haltbarkeit von Lebensmitteln wirksam verl\u00e4ngern und ihren Geschmack und ihre Farbe bewahren. Sie verwendet SUS304 als Hauptmaterial, was diese Maiskammer-Vakuumversiegelung in Lebensmittelverarbeitungsbetrieben beliebter macht.<\/p>    <p>In addition, this sweet corn sealing machine is small and easy to move, suitable for small food processing plants. That&#8217;s why it has shipped to Vietnam, South Korea, Japan, the Netherlands, and Kenya with consistently positive customer feedback.<\/p>    <h2 class=\"wp-block-heading\"><strong>Vorteile der Taizy-Frischmais-Vakuumverpackungsmaschine<\/strong><\/h2>    <ul class=\"wp-block-list\"> <li>Diese Lebensmittelkammer-Vakuumversiegelungsmaschine hat breite Anwendungen. Sie ist nicht nur ideal f\u00fcr Frischmais, sondern auch weit verbreitet f\u00fcr Verpackungen von frischem Gem\u00fcse, Obst, K\u00f6rnern, Fleisch sowie Fertiggerichten.<\/li>    <li>Die Mais-Vakuumverpackungsmaschine bewahrt besser. Im Vergleich zu normalen Verpackungsmaschinen bietet sie eine bessere Frischegarantie, verl\u00e4ngert effektiv die Haltbarkeit der Produkte und erh\u00e4lt urspr\u00fcnglichen Geschmack, Textur und N\u00e4hrstoffe.<\/li>    <li>It is equipped with durable 304 stainless steel. The fresh corn sealing machine&#8217;s body is made of food-grade 304 stainless steel, ensuring hygiene, corrosion resistance, and long service life, even under intensive use in food processing environments.<\/li>    <li>Dar\u00fcber hinaus verf\u00fcgt unsere kommerzielle Kammer-Vakuumversiegelungsmaschine \u00fcber ein transparentes Beobachtungsfenster: Mit einer Deckhaube aus Explosionsglas erm\u00f6glicht es dem Bediener, den Verpackungsvorgang in Echtzeit zu \u00fcberwachen, um bessere Kontrolle und Sicherheit zu gew\u00e4hrleisten.<\/li> <\/ul>   <div class=\"wp-block-image\"> <figure class=\"aligncenter size-full\"><img loading=\"lazy\" decoding=\"async\" width=\"720\" height=\"540\" src=\"https:\/\/corn-machine.com\/wp-content\/uploads\/2025\/09\/fresh-corn-vacuum-sealer-machine.webp\" alt=\"Frischmais-Vakuumiermaschine\" class=\"wp-image-960\" title=\"\" srcset=\"https:\/\/corn-machine.com\/wp-content\/uploads\/2025\/09\/fresh-corn-vacuum-sealer-machine.webp 720w, https:\/\/corn-machine.com\/wp-content\/uploads\/2025\/09\/fresh-corn-vacuum-sealer-machine-300x225.webp 300w, https:\/\/corn-machine.com\/wp-content\/uploads\/2025\/09\/fresh-corn-vacuum-sealer-machine-16x12.webp 16w\" sizes=\"auto, (max-width: 720px) 100vw, 720px\" \/><figcaption class=\"wp-element-caption\">Frischmais-Vakuumiermaschine<\/figcaption><\/figure> <\/div>   <h2 class=\"wp-block-heading\"><strong>Funktionsprinzip des Maiskammer-Vakuumversieglers<\/strong><\/h2>    <p>Der Prozess umfasst f\u00fcnf Hauptschritte: Beladen \u2192 Beutelsetzung \u2192 Vakuumieren \u2192 Heize und Verschlie\u00dfen \u2192 K\u00fchlen.<\/p>    <h3 class=\"wp-block-heading\"><strong>1. Produktladung<\/strong><\/h3>    <p>Frischer Mais (S\u00fc\u00dfmais, Wachsmais oder gekochter Maiskolben) in einer speziell gefertigten Vakuumt\u00fcte platzieren. \u00dcberpr\u00fcfen Sie, ob die T\u00fcte unbesch\u00e4digt ist.<\/p>    <h3 class=\"wp-block-heading\"><strong>2. Beutelsetzung<\/strong><\/h3>    <p>Die \u00d6ffnung der Beutelseite korrekt auf dem Versiegelungsstreifen platzieren und dann die Vakuumkammer schlie\u00dfen, um eine versiegelte Umgebung zu schaffen.<\/p>    <h3 class=\"wp-block-heading\"><strong>3. Eindringen (Vakuumieren)<\/strong><\/h3>    <p>Die kleine Mais-Vakuumverpackungsmaschine aktiviert die Vakuumpumpe und zieht gleichzeitig Luft aus der Vakuumt\u00fcte und der Kammer ab. Dieser Prozess entfernt Sauerstoff, reduziert das mikrobielle Wachstum und die Oxidation.<\/p>    <h3 class=\"wp-block-heading\"><strong>4. Verpackung versiegeln<\/strong><\/h3>    <p>Sobald der gew\u00fcnschte Vakuumgrad erreicht ist, schaltet die Maschine das Heizelement ein, um den Beutel zu versiegeln. Dieser Schritt gew\u00e4hrleistet, dass der Beutel versiegelt bleibt.<\/p>    <h3 class=\"wp-block-heading\"><strong>5. K\u00fchlen<\/strong><\/h3>    <p>Eine kurze Abk\u00fchlzeit st\u00e4rkt die Versiegelung. Die Vakuumkammer kehrt anschlie\u00dfend zum atmosph\u00e4rischen Druck zur\u00fcck, und der Deckel \u00f6ffnet sich automatisch.<\/p>   <div class=\"wp-block-image\"> <figure class=\"aligncenter size-full\"><img loading=\"lazy\" decoding=\"async\" width=\"720\" height=\"540\" src=\"https:\/\/corn-machine.com\/wp-content\/uploads\/2025\/09\/products-after-vacuuming.webp\" alt=\"Produkte nach dem Vakuumieren\" class=\"wp-image-961\" title=\"\" srcset=\"https:\/\/corn-machine.com\/wp-content\/uploads\/2025\/09\/products-after-vacuuming.webp 720w, https:\/\/corn-machine.com\/wp-content\/uploads\/2025\/09\/products-after-vacuuming-300x225.webp 300w, https:\/\/corn-machine.com\/wp-content\/uploads\/2025\/09\/products-after-vacuuming-16x12.webp 16w\" sizes=\"auto, (max-width: 720px) 100vw, 720px\" \/><figcaption class=\"wp-element-caption\">Produkte nach dem Vakuumieren<\/figcaption><\/figure> <\/div>   <p>Alle Prozesse sind einfach zu bedienen. Versiegelter Mais beh\u00e4lt besser seinen Geschmack, seine Textur und N\u00e4hrstoffe und reduziert das Risiko von Verderb w\u00e4hrend Lagerung und Transport.<\/p>    <h2 class=\"wp-block-heading\"><strong>Parameter der S\u00fc\u00dfmais-Vakuumverpackungsmaschine<\/strong><\/h2>    <figure class=\"wp-block-table\"><table class=\"has-fixed-layout\"><tbody><tr><td>Modell<\/td><td>TZ-500<\/td><\/tr><tr><td>Spannung<\/td><td>220 V\/50 Hz<\/td><\/tr><tr><td>Vakuumpumpenleistung<\/td><td>0,9 kW<\/td><\/tr><tr><td>Versiegelungsleistung<\/td><td>0,6 kW<\/td><\/tr><tr><td>Absoluter Druck<\/td><td>0,1 Pa<\/td><\/tr><tr><td>Anzahl der Versiegelungsstreifen<\/td><td>2<\/td><\/tr><tr><td>Beutelversiegelungsbandgr\u00f6\u00dfe (L*W)<\/td><td>500 mm * 10 mm<\/td><\/tr><tr><td>Material der Vakuumkammer<\/td><td>Edelstahl 304<\/td><\/tr><tr><td>Vakuumdeckelmaterial<\/td><td>Plexiglas<\/td><\/tr><tr><td>Vakuumpumpe<\/td><td>20 m\u00b3\/h<\/td><\/tr><tr><td>Vakuumkammergr\u00f6\u00dfe (L*B*H)<\/td><td>525 mm * 520 mm * 130 mm<\/td><\/tr><tr><td>Maschinenma\u00df (L*B*H)<\/td><td>650 mm * 580 mm * 960 mm<\/td><\/tr><tr><td>Maschinengewicht<\/td><td>80 kg<\/td><\/tr><\/tbody><\/table><figcaption class=\"wp-element-caption\">Parameter der Mais-Vakuumverpackungsmaschine<\/figcaption><\/figure>   <div class=\"wp-block-image\"> <figure class=\"aligncenter size-full\"><img loading=\"lazy\" decoding=\"async\" width=\"720\" height=\"540\" src=\"https:\/\/corn-machine.com\/wp-content\/uploads\/2025\/09\/maize-vacuum-packaging-machine.webp\" alt=\"Mais-Vakuumverpackungsmaschine\" class=\"wp-image-962\" title=\"\" srcset=\"https:\/\/corn-machine.com\/wp-content\/uploads\/2025\/09\/maize-vacuum-packaging-machine.webp 720w, https:\/\/corn-machine.com\/wp-content\/uploads\/2025\/09\/maize-vacuum-packaging-machine-300x225.webp 300w, https:\/\/corn-machine.com\/wp-content\/uploads\/2025\/09\/maize-vacuum-packaging-machine-16x12.webp 16w\" sizes=\"auto, (max-width: 720px) 100vw, 720px\" \/><figcaption class=\"wp-element-caption\">Mais-Vakuumverpackungsmaschine<\/figcaption><\/figure> <\/div>   <h2 class=\"wp-block-heading\"><strong>Anwendungen der Vakuumversiegelungsmaschine f\u00fcr Mais<\/strong><\/h2>    <p class=\"translation-block\">Zus\u00e4tzlich zur Versiegelung von Frischmais wird diese Art von Vakuumverpackungsmaschine auch oft zur Verpackung von Gem\u00fcse (S\u00fc\u00dfkartoffeln, K\u00fcrbisteile), Obst (Ananas, getrocknete Bananen), K\u00f6rnern (Erdn\u00fcsse, Kastanien) und anderen landwirtschaftlichen Produkten (Jujube, rote Datteln) etc. verwendet.<\/p>    <p>Die versiegelten Produkte werden h\u00e4ufig an Superm\u00e4rkte, Convenience Stores verkauft oder direkt in andere L\u00e4nder exportiert. Daher werden die meisten landwirtschaftlichen Produktverarbeitungsbetriebe, Feinkostfabriken, Fleisch-\/Meeresfr\u00fcchte-Unternehmen und Obst- und Gem\u00fcse-Kooperativen unsere Mais-Vakuumverpackungsmaschinen f\u00fcr Verarbeitung und Verpackung erwerben.<\/p>   <div class=\"wp-block-image\"> <figure class=\"aligncenter size-large\"><img loading=\"lazy\" decoding=\"async\" width=\"720\" height=\"540\" src=\"https:\/\/corn-machine.com\/wp-content\/uploads\/2025\/09\/application-of-food-vacuum-packaging-machine.webp\" alt=\"Anwendungen der Lebensmittel-Vakuumverpackungsmaschine\" class=\"wp-image-966\" title=\"\" srcset=\"https:\/\/corn-machine.com\/wp-content\/uploads\/2025\/09\/application-of-food-vacuum-packaging-machine.webp 720w, https:\/\/corn-machine.com\/wp-content\/uploads\/2025\/09\/application-of-food-vacuum-packaging-machine-300x225.webp 300w, https:\/\/corn-machine.com\/wp-content\/uploads\/2025\/09\/application-of-food-vacuum-packaging-machine-16x12.webp 16w\" sizes=\"auto, (max-width: 720px) 100vw, 720px\" \/><figcaption class=\"wp-element-caption\">Anwendungen der Lebensmittel-Vakuumverpackungsmaschine<\/figcaption><\/figure> <\/div>   <h2 class=\"wp-block-heading\"><strong>Warum Taizy Mais-Vakuumverpackungsmaschine w\u00e4hlen?<\/strong><\/h2>    <ul class=\"wp-block-list\"> <li>Taizy ist ein professioneller Maschinenhersteller mit mehr als 40 Jahren Fertigungserfahrung und mehr als 10 Jahren Exporterfahrung.<\/li>    <li>Wir besitzen eine Produktions- und Vertriebsintegrationfabrik ohne Zwischenh\u00e4ndler und bieten basierend auf der Qualit\u00e4t der Maschine die g\u00fcnstigsten Preise.<\/li>    <li>Unsere Mais-Vakuumverpackungsmaschinen werden in hoher Qualit\u00e4t, langlebig, gebaut und gem\u00e4\u00df internationalen Herstellungsstandards gefertigt. Alle Maschinen sind CE-zertifiziert und gewinnen weltweit das Vertrauen der Kunden.<\/li>    <li>Gleichzeitig verf\u00fcgen wir \u00fcber einen perfekten und reifen After-Sales-Service, der umfassende Installationsvideos und Bedienungsanleitungen bereitstellt. Es gibt auch After-Sales-Personal, das Ihnen eine One-to-One-Betreuung bietet.<\/li> <\/ul>    <p>Wenn Sie Probleme haben, kontaktieren Sie mich bitte. Ich werde Ihnen ein kostenloses Angebot und jede andere gew\u00fcnschte Information zeigen.<\/p>    <p>Au\u00dferdem bieten wir weitere Maschinen zur Verarbeitung von Frischmais an:<\/p>    <ul class=\"wp-block-list\"> <li><a href=\"https:\/\/corn-machine.com\/de\/product\/fresh-corn-sheller-machine\/\">S\u00fc\u00dfmais-Sch\u00e4lmaschine<\/a><\/li>    <li><a href=\"https:\/\/corn-machine.com\/de\/product\/corn-husk-remover-for-food-processing\/\">Maiskolbenentferner<\/a><\/li>    <li><a href=\"https:\/\/corn-machine.com\/de\/product\/sweet-corn-cutting-machine-food-process\/\">S\u00fc\u00dfmais-Schneidemaschine<\/a><\/li> <\/ul>    <p>Klicken Sie auf die Maschine, an der Sie interessiert sind, um weitere Details zu erhalten!<\/p>","protected":false},"excerpt":{"rendered":"<p>Diese 304-Edelstahlmais-Vakuumverpackungsmaschine kann das Lagerungsproblem von frischem Mais, Zuckermais und mehligem Mais l\u00f6sen, sorgt effektiv f\u00fcr eine verl\u00e4ngerte Aufbewahrung von Frischprodukten und erh\u00e4lt dessen besten Geschmack und Farbe.<\/p>","protected":false},"author":1,"featured_media":967,"parent":0,"template":"","tags":[31,51,48],"product-type":[52],"class_list":["post-956","product","type-product","status-publish","has-post-thumbnail","hentry","tag-corn","tag-fresh-corn","tag-sweet-corn","product-type-corn-packaging-machine"],"_links":{"self":[{"href":"https:\/\/corn-machine.com\/de\/wp-json\/wp\/v2\/product\/956","targetHints":{"allow":["GET"]}}],"collection":[{"href":"https:\/\/corn-machine.com\/de\/wp-json\/wp\/v2\/product"}],"about":[{"href":"https:\/\/corn-machine.com\/de\/wp-json\/wp\/v2\/types\/product"}],"author":[{"embeddable":true,"href":"https:\/\/corn-machine.com\/de\/wp-json\/wp\/v2\/users\/1"}],"wp:featuredmedia":[{"embeddable":true,"href":"https:\/\/corn-machine.com\/de\/wp-json\/wp\/v2\/media\/967"}],"wp:attachment":[{"href":"https:\/\/corn-machine.com\/de\/wp-json\/wp\/v2\/media?parent=956"}],"wp:term":[{"taxonomy":"post_tag","embeddable":true,"href":"https:\/\/corn-machine.com\/de\/wp-json\/wp\/v2\/tags?post=956"},{"taxonomy":"product-type","embeddable":true,"href":"https:\/\/corn-machine.com\/de\/wp-json\/wp\/v2\/product-type?post=956"}],"curies":[{"name":"wp","href":"https:\/\/api.w.org\/{rel}","templated":true}]}}