{"id":974,"date":"2025-09-28T15:17:58","date_gmt":"2025-09-28T07:17:58","guid":{"rendered":"https:\/\/corn-machine.com\/?post_type=product&#038;p=974"},"modified":"2025-09-28T17:50:19","modified_gmt":"2025-09-28T09:50:19","slug":"corn-tip-and-tail-cutting-machine","status":"publish","type":"product","link":"https:\/\/corn-machine.com\/de\/product\/corn-tip-and-tail-cutting-machine\/","title":{"rendered":"Korn-Tipp- und Schwanzschneidemaschine"},"content":{"rendered":"<p class=\"translation-block\">Der <strong>Maisspitzen- und Schwanzschneider<\/strong> dient der Vorverarbeitung der Maisverarbeitung. Diese automatische Maismaschine kann effizient den Kopf und das Ende von frischem Mais, Zuckermais, waxy Mais usw. schneiden. Zus\u00e4tzlich kann sie Mais mit oder ohne Schale mit einer Rate von 3000-6000 pro Stunde verarbeiten.<\/p>    <p>Sie kann Maisverarbeitungsanlagen helfen, die Produktionseffizienz erheblich zu verbessern. Viele landwirtschaftliche Genossenschaften sind auch bereit, eine solche Vorverarbeitungsmaschine gemeinsam zu erwerben. Gleichzeitig werden die Maschinen weltweit nach Vietnam, Nigeria, Indien und andere L\u00e4nder exportiert.<\/p>    <figure class=\"wp-block-embed is-type-video is-provider-youtube wp-block-embed-youtube wp-embed-aspect-16-9 wp-has-aspect-ratio\"><div class=\"wp-block-embed__wrapper\"> <iframe loading=\"lazy\" title=\"Automatische Maiskopf- und Schwanzschnittmaschine | Effiziente Maiss Vorverarbeitungsl\u00f6sung\" width=\"500\" height=\"281\" src=\"https:\/\/www.youtube.com\/embed\/GsZ9PzakF6M?feature=oembed\" frameborder=\"0\" allow=\"accelerometer; autoplay; clipboard-write; encrypted-media; gyroscope; picture-in-picture; web-share\" referrerpolicy=\"strict-origin-when-cross-origin\" allowfullscreen><\/iframe> <\/div><figcaption class=\"wp-element-caption\">Arbeitsvideo der Mais-Spitzen- und Schwanzschneidemaschine<\/figcaption><\/figure>    <h2 class=\"wp-block-heading\"><strong>Vorteile des Maisspitz- und Schwanzentferners<\/strong><\/h2>    <ol class=\"wp-block-list\"> <li>Im Vergleich zum manuellen Maischnitt oder zu einer halbautomatischen Maiskopf- und -tail Entfernungsmmaschine spart unsere Ausr\u00fcstung Arbeitskosten und spart mindestens doppelt so viel Zeit.<\/li>    <li>Die Taizy-Maisspitzen- und -Endschneider-Maschine nimmt wenig Platz ein, ist aber hoch effizient und kann bis zu 6.000 Maisk\u00f6rner pro Stunde verarbeiten.<\/li>    <li>Die Klingen der Maisspitzen- und Schwanzschneidemaschine k\u00f6nnen ausgetauscht werden, um die Kolbensch\u00e4fte anzupassen, was f\u00fcr eine Gro\u00dfserienverarbeitung und Verpackung entscheidend ist.<\/li>    <li>Unsere Mais-Endschneidmaschine verwendet SUS304-Edelstahl als Hauptmaterial, was die Lebensdauer unserer Maschine effektiv garantiert und internationalen Lebensmittelsicherheitsstandards entspricht.<\/li> <\/ol>   <div class=\"wp-block-image\"> <figure class=\"aligncenter size-full\"><img loading=\"lazy\" decoding=\"async\" width=\"720\" height=\"540\" src=\"https:\/\/corn-machine.com\/wp-content\/uploads\/2025\/09\/maize-tip-and-tail-cutting-machine.webp\" alt=\"Maisspitze-und-Endschnittmaschine\" class=\"wp-image-976\" title=\"\" srcset=\"https:\/\/corn-machine.com\/wp-content\/uploads\/2025\/09\/maize-tip-and-tail-cutting-machine.webp 720w, https:\/\/corn-machine.com\/wp-content\/uploads\/2025\/09\/maize-tip-and-tail-cutting-machine-300x225.webp 300w, https:\/\/corn-machine.com\/wp-content\/uploads\/2025\/09\/maize-tip-and-tail-cutting-machine-16x12.webp 16w\" sizes=\"auto, (max-width: 720px) 100vw, 720px\" \/><figcaption class=\"wp-element-caption\">Maisspitze-und-Endschnittmaschine<\/figcaption><\/figure> <\/div>   <h2 class=\"wp-block-heading\"><strong>Modelle und Parameter der Zuckermais-Endschnittmaschine<\/strong><\/h2>    <p>Wir bieten zwei Typen von Maisspitzen- und Schwanzschneidmaschinen an, um unterschiedliche Kapazit\u00e4tsbed\u00fcrfnisse zu erf\u00fcllen. Es handelt sich um Einzelreihen-Maiskopf- und Schwanzentferner sowie Doppelreihen-Waxy-Maiskopf- und Schwanzschneidemaschinen.<\/p>    <h3 class=\"wp-block-heading\"><strong>Einzelreihen-Frischmais-Kopf- und Schwanzentferner<\/strong><\/h3>    <figure class=\"wp-block-table\"><table class=\"has-fixed-layout\"><tbody><tr><td>Modell<\/td><td class=\"has-text-align-center\" data-align=\"center\">Einzelreihen-Typ<\/td><\/tr><tr><td>Schneidkraft<\/td><td class=\"has-text-align-center\" data-align=\"center\">1,5 kW<\/td><\/tr><tr><td>\u00dcbertragungsleistung<\/td><td class=\"has-text-align-center\" data-align=\"center\">0,75 kW(Frequenzumrichtergetriebe)<\/td><\/tr><tr><td>Material<\/td><td class=\"has-text-align-center\" data-align=\"center\">Edelstahl <\/td><\/tr><tr><td>Kapazit\u00e4t<\/td><td class=\"has-text-align-center\" data-align=\"center\">3000 Maisk\u00f6rner\/h<\/td><\/tr><tr><td>Gr\u00f6\u00dfe<\/td><td class=\"has-text-align-center\" data-align=\"center\">3000mm*800mm*1500mm<\/td><\/tr><\/tbody><\/table><figcaption class=\"wp-element-caption\">Spezifikation der einzelnen Reihe frischer Maiskopf- und Schwanzentferner<\/figcaption><\/figure>   <div class=\"wp-block-image\"> <figure class=\"aligncenter size-full\"><img loading=\"lazy\" decoding=\"async\" width=\"720\" height=\"540\" src=\"https:\/\/corn-machine.com\/wp-content\/uploads\/2025\/09\/single-row-fresh-corn-head-and-tail-remover.webp\" alt=\"Einzelreihen-Frischmaske Kopf- und Schwanzentferner\" class=\"wp-image-977\" title=\"\" srcset=\"https:\/\/corn-machine.com\/wp-content\/uploads\/2025\/09\/single-row-fresh-corn-head-and-tail-remover.webp 720w, https:\/\/corn-machine.com\/wp-content\/uploads\/2025\/09\/single-row-fresh-corn-head-and-tail-remover-300x225.webp 300w, https:\/\/corn-machine.com\/wp-content\/uploads\/2025\/09\/single-row-fresh-corn-head-and-tail-remover-16x12.webp 16w\" sizes=\"auto, (max-width: 720px) 100vw, 720px\" \/><figcaption class=\"wp-element-caption\">Einzelreihen-Frischmaske Kopf- und Schwanzentferner<\/figcaption><\/figure> <\/div>   <h3 class=\"wp-block-heading\"><strong>Doppelreihen waxy Mais-Spitz- und Schwanzschneider<\/strong><\/h3>    <figure class=\"wp-block-table\"><table class=\"has-fixed-layout\"><tbody><tr><td>Modell<\/td><td class=\"has-text-align-center\" data-align=\"center\">Doppelte Reihe Typ<\/td><\/tr><tr><td>Schneidkraft<\/td><td class=\"has-text-align-center\" data-align=\"center\">1,5 kW<\/td><\/tr><tr><td>\u00dcbertragungsleistung<\/td><td class=\"has-text-align-center\" data-align=\"center\">1,5 kW(Frequenzumrichtergetriebe)<\/td><\/tr><tr><td>Material<\/td><td class=\"has-text-align-center\" data-align=\"center\">Edelstahl <\/td><\/tr><tr><td>Kapazit\u00e4t<\/td><td class=\"has-text-align-center\" data-align=\"center\">6000k\u00f6rner\/h<\/td><\/tr><tr><td>Gr\u00f6\u00dfe<\/td><td class=\"has-text-align-center\" data-align=\"center\">7000mm*1700mm*1900mm<\/td><\/tr><\/tbody><\/table><figcaption class=\"wp-element-caption\">Parameter der Doppelreihen-Maisspitze- und Schwanzschneidemaschine<\/figcaption><\/figure>   <div class=\"wp-block-image\"> <figure class=\"aligncenter size-full\"><img loading=\"lazy\" decoding=\"async\" width=\"720\" height=\"540\" src=\"https:\/\/corn-machine.com\/wp-content\/uploads\/2025\/09\/double-row-maize-head-and-tail-cutting-machine.webp\" alt=\"Doppelreihen Maiskopf- und Schwanzschneidemaschine\" class=\"wp-image-978\" title=\"\" srcset=\"https:\/\/corn-machine.com\/wp-content\/uploads\/2025\/09\/double-row-maize-head-and-tail-cutting-machine.webp 720w, https:\/\/corn-machine.com\/wp-content\/uploads\/2025\/09\/double-row-maize-head-and-tail-cutting-machine-300x225.webp 300w, https:\/\/corn-machine.com\/wp-content\/uploads\/2025\/09\/double-row-maize-head-and-tail-cutting-machine-16x12.webp 16w\" sizes=\"auto, (max-width: 720px) 100vw, 720px\" \/><figcaption class=\"wp-element-caption\">Doppelreihen Maiskopf- und Schwanzschneidemaschine<\/figcaption><\/figure> <\/div>   <h2 class=\"wp-block-heading\"><strong>Anwendung der Maisspitzen- und Schwanzschneidemaschine<\/strong><\/h2>    <p class=\"translation-block\">Normalerweise eignen sich diese Maschinentypen f\u00fcr die Verarbeitung von Zuckermais, <a href=\"https:\/\/en.wikipedia.org\/wiki\/Waxy_corn\" target=\"_blank\" rel=\"noopener\">waxyy Mais<\/a> usw. in Frischwarenverarbeitungsanlagen oder l\u00e4ndlichen Genossenschaftsverarbeitungen. Der verarbeitete Mais kann direkt sterilisiert und vakuumverpackt werden oder zu konserviertem Mais, gefrorenem Mais und anderen Produkten verarbeitet werden.<\/p>    <p>Sie kann Vorbehandlungen von Mais effektiv durchf\u00fchren. Bei Mais mit Haut kann die Kopf- und Schwanzschneide entfernt werden, um das Sch\u00e4len zu erleichtern. Bei Mais ohne Haut kann der Kopf- und Schwanz abgeschnitten werden, um die Qualit\u00e4t zu standardisieren. Dieser Schritt erleichtert die anschlie\u00dfende Maisverarbeitung.<\/p>    <figure class=\"wp-block-gallery has-nested-images columns-default is-cropped wp-block-gallery-2 is-layout-flex wp-block-gallery-is-layout-flex\"> <figure class=\"wp-block-image size-large\"><img loading=\"lazy\" decoding=\"async\" width=\"720\" height=\"540\" data-id=\"980\" src=\"https:\/\/corn-machine.com\/wp-content\/uploads\/2025\/09\/corn-food-processing-factory.webp\" alt=\"Maisverarbeitungsfabrik\" class=\"wp-image-980\" title=\"\" srcset=\"https:\/\/corn-machine.com\/wp-content\/uploads\/2025\/09\/corn-food-processing-factory.webp 720w, https:\/\/corn-machine.com\/wp-content\/uploads\/2025\/09\/corn-food-processing-factory-300x225.webp 300w, https:\/\/corn-machine.com\/wp-content\/uploads\/2025\/09\/corn-food-processing-factory-16x12.webp 16w\" sizes=\"auto, (max-width: 720px) 100vw, 720px\" \/><figcaption class=\"wp-element-caption\">Maisverarbeitungsfabrik<\/figcaption><\/figure>    <figure class=\"wp-block-image size-large\"><img loading=\"lazy\" decoding=\"async\" width=\"720\" height=\"540\" data-id=\"981\" src=\"https:\/\/corn-machine.com\/wp-content\/uploads\/2025\/09\/vacuum-packed-fresh-corn.webp\" alt=\"vakuumverpackter frischer Mais\" class=\"wp-image-981\" title=\"\" srcset=\"https:\/\/corn-machine.com\/wp-content\/uploads\/2025\/09\/vacuum-packed-fresh-corn.webp 720w, https:\/\/corn-machine.com\/wp-content\/uploads\/2025\/09\/vacuum-packed-fresh-corn-300x225.webp 300w, https:\/\/corn-machine.com\/wp-content\/uploads\/2025\/09\/vacuum-packed-fresh-corn-16x12.webp 16w\" sizes=\"auto, (max-width: 720px) 100vw, 720px\" \/><figcaption class=\"wp-element-caption\">vakuumverpackter frischer Mais<\/figcaption><\/figure> <\/figure>    <h2 class=\"wp-block-heading\"><strong>Warum Taizy w\u00e4hlen?<\/strong><\/h2>    <ul class=\"wp-block-list\"> <li>Taizy ist seit 40 Jahren t\u00e4tig, verf\u00fcgt daher \u00fcber mehr als ein Jahrzehnt Erfahrung im Export landwirtschaftlicher Maisverarbeitungsmaschinen.<\/li>    <li>We have a strict QC system, so our machines are built based on international standards. Most of Taizy&#8217;s equipment has CE and other internationally recognized certificates.<\/li>    <li>Taizy bietet guten After-Sales-Support, einschlie\u00dflich Installationsunterst\u00fctzung, technischer\/Fehlersuche-Hilfe, Ersatzteilversorgung usw.<\/li>    <li>Taizy ist sowohl Hersteller als auch Exporteur, daher sparen wir oft Kosten im Vergleich zu Drittanbietern. Dar\u00fcber hinaus verf\u00fcgen wir \u00fcber eigene Fabrik, was bedeutet, dass wir mehr Kontrolle \u00fcber Produktionskosten und Lieferzeiten haben.<\/li> <\/ul>    <h2 class=\"wp-block-heading\"><strong>Wie bestelle ich diese Maiskopf- und Endschneider-Maschine?<\/strong><\/h2>    <p>If you are interested in our machine but don&#8217;t know if it has an affordable price and suitable requirements for you, you can contact us through WhatsApp, phone, or email, and send us a message. We will provide you with the list of products and their price. <\/p>    <p>Nachdem sichergestellt ist, dass Sie solche Absichten f\u00fcr einige Maschinen haben, wird unser Vertriebsmitarbeiter Ihnen eine L\u00f6sung basierend auf Ihren Produktionskapazit\u00e4tsanforderungen und den Materialien, die Sie verarbeiten m\u00f6chten, anbieten.<\/p>    <p>Vor der Produktion ist eine Anzahlung in Teilbetr\u00e4gen erforderlich, und der Produktionsprozess dauert in der Regel ca. 15 Tage. Wenn wir Lagerbestand in unserem Lager haben und keine Sonderw\u00fcnsche bestehen, k\u00f6nnen wir die Lieferung nach Best\u00e4tigung der Bestellung vorbereiten.<\/p>    <p>Wir werden die Maschine vor dem Versand testen, um zu pr\u00fcfen, ob sie qualifiziert ist. Wenn Sie das Werk besuchen und die Maschine selbst testen m\u00f6chten, k\u00f6nnen Sie uns jederzeit kontaktieren.<\/p>    <p class=\"translation-block\">Wenn Sie an diesem Mais-Spitzen- und Schwanzschneider interessiert sind, z\u00f6gern Sie bitte nicht, uns f\u00fcr ein kostenloses Angebot zu kontaktieren. Zus\u00e4tzlich zu dieser Maschine bieten wir auch <a href=\"https:\/\/corn-machine.com\/de\/product\/sweet-corn-cutting-machine-food-process\/\">Mais-Schneidmaschinen<\/a> und gro\u00dfe kommerzielle <a href=\"https:\/\/corn-machine.com\/de\/product\/corn-husk-remover-for-food-processing\/\">Mais-Schalensch\u00e4lmaschinen<\/a> an.<\/p>","protected":false},"excerpt":{"rendered":"<p>Wenn Sie nach Vorverarbeitungswerkzeugen f\u00fcr Maisverarbeitungsanlagen suchen, m\u00f6chten Sie vielleicht einen Blick auf unsere Mais-Spitzen- und Schwanzschneidemaschine werfen. Sie kann die K\u00f6pfe und Schw\u00e4nze von 3.000-6.000 Kolben pro Stunde entfernen.<\/p>","protected":false},"author":1,"featured_media":975,"parent":0,"template":"","tags":[31,51,48],"product-type":[49],"class_list":["post-974","product","type-product","status-publish","has-post-thumbnail","hentry","tag-corn","tag-fresh-corn","tag-sweet-corn","product-type-corn-cutter-machine"],"_links":{"self":[{"href":"https:\/\/corn-machine.com\/de\/wp-json\/wp\/v2\/product\/974","targetHints":{"allow":["GET"]}}],"collection":[{"href":"https:\/\/corn-machine.com\/de\/wp-json\/wp\/v2\/product"}],"about":[{"href":"https:\/\/corn-machine.com\/de\/wp-json\/wp\/v2\/types\/product"}],"author":[{"embeddable":true,"href":"https:\/\/corn-machine.com\/de\/wp-json\/wp\/v2\/users\/1"}],"wp:featuredmedia":[{"embeddable":true,"href":"https:\/\/corn-machine.com\/de\/wp-json\/wp\/v2\/media\/975"}],"wp:attachment":[{"href":"https:\/\/corn-machine.com\/de\/wp-json\/wp\/v2\/media?parent=974"}],"wp:term":[{"taxonomy":"post_tag","embeddable":true,"href":"https:\/\/corn-machine.com\/de\/wp-json\/wp\/v2\/tags?post=974"},{"taxonomy":"product-type","embeddable":true,"href":"https:\/\/corn-machine.com\/de\/wp-json\/wp\/v2\/product-type?post=974"}],"curies":[{"name":"wp","href":"https:\/\/api.w.org\/{rel}","templated":true}]}}