{"id":988,"date":"2025-10-10T14:42:18","date_gmt":"2025-10-10T06:42:18","guid":{"rendered":"https:\/\/corn-machine.com\/?post_type=product&#038;p=988"},"modified":"2025-10-11T09:01:47","modified_gmt":"2025-10-11T01:01:47","slug":"corn-silage-harvester","status":"publish","type":"product","link":"https:\/\/corn-machine.com\/de\/product\/corn-silage-harvester\/","title":{"rendered":"Mais Silage Erntewagen"},"content":{"rendered":"<p class=\"translation-block\">Der<strong>Maissilage-Ernter<\/strong>l\u00f6st haupts\u00e4chlich die Probleme der Maisst\u00e4ngel-Ernte in h\u00fcgeligem Gel\u00e4nde. Ausgestattet mit einem 110,3 kW (150 PS) Motor, hat dieses Ger\u00e4t eine Schnitthwidth von 1550 mm und eine Arbeitsgeschwindigkeit von 1\u20133 km\/h, was ungef\u00e4hr 0,3\u20130,5 Hektar pro Stunde ernten kann.<\/p>    <p>Neben Maisspelzen kann unser Silierernter auch die meisten anderen Futtergr\u00e4ser, Leguminosenstroh und Getreidestroh bearbeiten. Die gehackte Grassl\u00e4nge ist von 10 bis 40 mm einstellbar, geeignet f\u00fcr unterschiedliche Anforderungen von Viehbetrieben.<\/p>    <figure class=\"wp-block-embed aligncenter is-type-video is-provider-youtube wp-block-embed-youtube wp-embed-aspect-16-9 wp-has-aspect-ratio\"><div class=\"wp-block-embed__wrapper\"> <iframe loading=\"lazy\" title=\"\ud83d\udc04 Maissilage-Ernter | Hochleistung zur Silagemachung f\u00fcr Milchviehbetriebe\" width=\"500\" height=\"281\" src=\"https:\/\/www.youtube.com\/embed\/hS7Wc273Tm8?feature=oembed\" frameborder=\"0\" allow=\"accelerometer; autoplay; clipboard-write; encrypted-media; gyroscope; picture-in-picture; web-share\" referrerpolicy=\"strict-origin-when-cross-origin\" allowfullscreen><\/iframe> <\/div><figcaption class=\"wp-element-caption\">Arbeitsvideo des Maissilage-Erners<\/figcaption><\/figure>    <h2 class=\"wp-block-heading\"><strong>Was sind die Merkmale des Taizy Maissilage-Erners?<\/strong><\/h2>    <ul class=\"wp-block-list\"> <li>Das robuste Fahrgestell sorgt f\u00fcr bessere Stabilit\u00e4t und hohe Tragf\u00e4higkeit. Um f\u00fcr Feuchtgebiete, H\u00fcgel, weichen Boden und andere Bedingungen geeignet zu sein, haben wir auch ein Kettenmodell entworfen.<\/li>    <li>Die Header-H\u00f6he kann angepasst werden, um Maissilage, Naiper-Gras (\u2264 2,5\u20133 m) und andere hochwertige Futterpflanzen entsprechend der Pflanzenh\u00f6he und Feldbedingungen zu ernten.<\/li>    <li>Die anf\u00e4ngliche Gras-Schnittl\u00e4nge betr\u00e4gt standardm\u00e4\u00dfig 15 mm und kann innerhalb von 10\u201340 mm angepasst werden (je nach Anzahl der Messerbl\u00e4tter und Schnittgeschwindigkeit), um gute Silagequalit\u00e4t zu gew\u00e4hrleisten und die Verdauung f\u00fcr Wiederk\u00e4uer zu erleichtern. <\/li>    <li>Der Maisst\u00e4ngel-Ernter verwendet ein hydraulisches Entladesystem, das Entladen schnell und einfach macht. Er ist au\u00dferdem mit einem 3,5 Kubikmeter Speicherbeh\u00e4lter ausgestattet, der ca. 1 Tonne pro Charge laden kann, was ihn f\u00fcr das Ernten gro\u00dfer Grasst\u00e4mme geeignet macht.<\/li>    <li>Taizy&#8217;s corn silage harvesters are available in 100HP, 150HP, and 160HP engine configurations to meet customers&#8217; varying production scales and output requirements.<\/li> <\/ul>    <h2 class=\"wp-block-heading\"><strong>Detaillierte Struktur des Maisstopp-Erners<\/strong><\/h2>    <p>Die Maschine besteht aus vier Systemen: dem Kraft- &amp; Mobilit\u00e4tssystem, dem F\u00fctterungs- &amp; Schneidesystem, dem Sammel- &amp; Entlade-System sowie dem Steuer- &amp; Sicherheitssystem.<\/p>   <div class=\"wp-block-image\"> <figure class=\"aligncenter size-full\"><img loading=\"lazy\" decoding=\"async\" width=\"720\" height=\"540\" src=\"https:\/\/corn-machine.com\/wp-content\/uploads\/2025\/10\/silage-forage-harvester.webp\" alt=\"Silage-Futterern\" class=\"wp-image-999\" title=\"\" srcset=\"https:\/\/corn-machine.com\/wp-content\/uploads\/2025\/10\/silage-forage-harvester.webp 720w, https:\/\/corn-machine.com\/wp-content\/uploads\/2025\/10\/silage-forage-harvester-300x225.webp 300w, https:\/\/corn-machine.com\/wp-content\/uploads\/2025\/10\/silage-forage-harvester-16x12.webp 16w\" sizes=\"auto, (max-width: 720px) 100vw, 720px\" \/><figcaption class=\"wp-element-caption\">Silage-Futterern<\/figcaption><\/figure> <\/div>   <h3 class=\"wp-block-heading\"><strong>1. Kraft- &amp; Mobilit\u00e4tssystem<\/strong><\/h3>    <p>Der Dieselmotor liefert die prim\u00e4re Antriebskraft f\u00fcr Ernte und Zerkleinerung, mit Leistungoptionen von 100, 150 und 160 PS. Ketten oder gro\u00dfe Gummir\u00e4der gew\u00e4hrleisten einen stabilen Betrieb auf schlammigem oder unebenem, h\u00fcgeligem Gel\u00e4nde.<\/p>    <p>In einem Ketten-Futterern \u00fcbertragen die Antriebsr\u00e4der die Motorleistung auf die Ketten. Die Spannschrauben regeln die Kettenspannung f\u00fcr einen reibungslosen Betrieb, und die Tragr\u00e4der helfen, das Gewicht der Maschine zu tragen und das Gleichgewicht zu halten.<\/p>   <div class=\"wp-block-image\"> <figure class=\"aligncenter size-full\"><img loading=\"lazy\" decoding=\"async\" width=\"720\" height=\"540\" src=\"https:\/\/corn-machine.com\/wp-content\/uploads\/2025\/10\/power-and-mobility-system.webp\" alt=\"Kraft- &amp; Mobilit\u00e4tssystem des Maissilage-Ernsers\" class=\"wp-image-996\" title=\"\" srcset=\"https:\/\/corn-machine.com\/wp-content\/uploads\/2025\/10\/power-and-mobility-system.webp 720w, https:\/\/corn-machine.com\/wp-content\/uploads\/2025\/10\/power-and-mobility-system-300x225.webp 300w, https:\/\/corn-machine.com\/wp-content\/uploads\/2025\/10\/power-and-mobility-system-16x12.webp 16w\" sizes=\"auto, (max-width: 720px) 100vw, 720px\" \/><figcaption class=\"wp-element-caption\">Kraft- &amp; Mobilit\u00e4tssystem<\/figcaption><\/figure> <\/div>   <h3 class=\"wp-block-heading\"><strong>2. F\u00fctterungs- &amp; Schneidesystem<\/strong><\/h3>    <p>Dieses Sammelger\u00e4t des Maissilage-Erners, auch bekannt als Maisstroh-Sammelforke, f\u00fchrt das Maisstroh prim\u00e4r zum Header. Der Header-Aufw\u00e4rtszylinder passt die Header-H\u00f6he basierend auf dem Erntebedingungen an, um sich an unterschiedliche Ernteanforderungen anzupassen.<\/p>    <p>Die Schneidklingen k\u00f6nnen durch ihre Anzahl angepasst werden, was haupts\u00e4chlich zum Schneiden des Stroh w\u00e4hrend des Betriebs verwendet wird. Anschlie\u00dfend zieht die Ernte-Drum das Stroh in den Header f\u00fcr weitere Verarbeitung. Schlie\u00dflich zerkleinert das Schneid- und Schnittersystem die Halme in kleine St\u00fccke f\u00fcr Silage oder kehrt sie auf das Feld zur\u00fcck.<\/p>   <div class=\"wp-block-image\"> <figure class=\"aligncenter size-full\"><img loading=\"lazy\" decoding=\"async\" width=\"720\" height=\"540\" src=\"https:\/\/corn-machine.com\/wp-content\/uploads\/2025\/10\/feeding-cutting-system.webp\" alt=\"F\u00fctterungs- &amp; Schneidesystem des Maissilage-Ernsers\" class=\"wp-image-994\" title=\"\" srcset=\"https:\/\/corn-machine.com\/wp-content\/uploads\/2025\/10\/feeding-cutting-system.webp 720w, https:\/\/corn-machine.com\/wp-content\/uploads\/2025\/10\/feeding-cutting-system-300x225.webp 300w, https:\/\/corn-machine.com\/wp-content\/uploads\/2025\/10\/feeding-cutting-system-16x12.webp 16w\" sizes=\"auto, (max-width: 720px) 100vw, 720px\" \/><figcaption class=\"wp-element-caption\">feeding &#038; cutting system<\/figcaption><\/figure> <\/div>   <h3 class=\"wp-block-heading\"><strong>3. Sammel- &amp; Entlade-System<\/strong><\/h3>    <p>Dieser Teil umfasst haupts\u00e4chlich die Lagerbeh\u00e4lter (Sammeln zerkleinerter Maisst\u00e4ngel) und die Entlade-Schnecke (Transportiert die zerkleinerten Materialien zum Anh\u00e4nger oder verteilt sie auf dem Feld).<\/p>    <p> Sowie der Aufbewahrungsbeh\u00e4lter-Zylinder (steuert das Anheben\/Entladen des Lagerbeh\u00e4lters) und der Entlade-Schnecken-Zylinder (justiert Schneckenrichtung\/-winkel f\u00fcr exakte Entladung).<\/p>   <div class=\"wp-block-image\"> <figure class=\"aligncenter size-full\"><img loading=\"lazy\" decoding=\"async\" width=\"720\" height=\"540\" src=\"https:\/\/corn-machine.com\/wp-content\/uploads\/2025\/10\/collection-and-discharge-system.webp\" alt=\"Sammel- &amp; Entlade-System der Maissilage-Ernteausr\u00fcstung\" class=\"wp-image-997\" title=\"\" srcset=\"https:\/\/corn-machine.com\/wp-content\/uploads\/2025\/10\/collection-and-discharge-system.webp 720w, https:\/\/corn-machine.com\/wp-content\/uploads\/2025\/10\/collection-and-discharge-system-300x225.webp 300w, https:\/\/corn-machine.com\/wp-content\/uploads\/2025\/10\/collection-and-discharge-system-16x12.webp 16w\" sizes=\"auto, (max-width: 720px) 100vw, 720px\" \/><figcaption class=\"wp-element-caption\">Sammel- &amp; Entlade-System<\/figcaption><\/figure> <\/div>   <h3 class=\"wp-block-heading\"><strong>4. Steuer- &amp; Sicherheitssystem<\/strong><\/h3>    <p>The operator&#8217;s station is where the driver controls harvesting, driving, and unloading operations, with a sunshade that protects the operator from the sun and rain.<\/p>    <p>Wie herk\u00f6mmliche schneidende Landmaschinen sind unsere Maissilage-Ernter mit R\u00fcckspiegeln ausgestattet, was die Sichtbarkeit und Sicherheit w\u00e4hrend des Betriebs deutlich erh\u00f6ht.<\/p>   <div class=\"wp-block-image\"> <figure class=\"aligncenter size-full\"><img loading=\"lazy\" decoding=\"async\" width=\"720\" height=\"540\" src=\"https:\/\/corn-machine.com\/wp-content\/uploads\/2025\/10\/control-and-safety-system.webp\" alt=\"Steuer- &amp; Sicherheitssystem des Maissilage-Erners\" class=\"wp-image-998\" title=\"\" srcset=\"https:\/\/corn-machine.com\/wp-content\/uploads\/2025\/10\/control-and-safety-system.webp 720w, https:\/\/corn-machine.com\/wp-content\/uploads\/2025\/10\/control-and-safety-system-300x225.webp 300w, https:\/\/corn-machine.com\/wp-content\/uploads\/2025\/10\/control-and-safety-system-16x12.webp 16w\" sizes=\"auto, (max-width: 720px) 100vw, 720px\" \/><figcaption class=\"wp-element-caption\">Steuer- und Sicherheitssystem<\/figcaption><\/figure> <\/div>   <h2 class=\"wp-block-heading\"><strong>Zwei Arten von Silage-Erntern<\/strong><\/h2>    <h3 class=\"wp-block-heading\"><strong>1. Der <strong>Kreuzer-Maissilage-Ernter<\/strong><\/strong> <\/h3>    <h4 class=\"wp-block-heading\"><strong>Vorteile<\/strong><\/h4>    <p>Unser Ketten-Maissilage-Ernter arbeitet gut in schlammigem, nassem oder h\u00fcgeligem Gel\u00e4nde. Durch die gr\u00f6\u00dfere Kontaktfl\u00e4che der Kette wird der Boden st\u00e4rker komprimiert, was zu einer geringeren Bodenverdichtung f\u00fchrt. <\/p>    <p>What&#8217;s more, it offers a very stable ride and excellent traction, making it more suitable for larger farms than tire-type machines.<\/p>   <div class=\"wp-block-image\"> <figure class=\"aligncenter size-full\"><img loading=\"lazy\" decoding=\"async\" width=\"720\" height=\"540\" src=\"https:\/\/corn-machine.com\/wp-content\/uploads\/2025\/10\/corn-silage-harvester-machine.webp\" alt=\"Maissilage-Ernter-Maschine\" class=\"wp-image-1000\" title=\"\" srcset=\"https:\/\/corn-machine.com\/wp-content\/uploads\/2025\/10\/corn-silage-harvester-machine.webp 720w, https:\/\/corn-machine.com\/wp-content\/uploads\/2025\/10\/corn-silage-harvester-machine-300x225.webp 300w, https:\/\/corn-machine.com\/wp-content\/uploads\/2025\/10\/corn-silage-harvester-machine-16x12.webp 16w\" sizes=\"auto, (max-width: 720px) 100vw, 720px\" \/><figcaption class=\"wp-element-caption\">Maissilage-Ernter-Maschine<\/figcaption><\/figure> <\/div>   <h4 class=\"wp-block-heading\"><strong>Parameter<\/strong><\/h4>    <figure class=\"wp-block-table\"><table class=\"has-fixed-layout\"><tbody><tr><td>Modell (Self-propelled Tack-Typ)<\/td><td class=\"has-text-align-center\" data-align=\"center\">4QZL-1400<\/td><td class=\"has-text-align-center\" data-align=\"center\">4QZL-1800<\/td><\/tr><tr><td>Motorkraft<\/td><td class=\"has-text-align-center\" data-align=\"center\">100-150PS<\/td><td class=\"has-text-align-center\" data-align=\"center\">150HP<\/td><\/tr><tr><td>Motordrehzahl<\/td><td class=\"has-text-align-center\" data-align=\"center\">2400r\/min<\/td><td class=\"has-text-align-center\" data-align=\"center\">2400r\/min<\/td><\/tr><tr><td>Schnittbreite<\/td><td class=\"has-text-align-center\" data-align=\"center\">1400mm<\/td><td class=\"has-text-align-center\" data-align=\"center\">1800mm<\/td><\/tr><tr><td>Header-Schneidertyp<\/td><td class=\"has-text-align-center\" data-align=\"center\">Scheibenblatt<\/td><td class=\"has-text-align-center\" data-align=\"center\">Scheibenblatt<\/td><\/tr><tr><td>F\u00fctterungsmechanismus<\/td><td class=\"has-text-align-center\" data-align=\"center\">4 Einheiten<\/td><td class=\"has-text-align-center\" data-align=\"center\">4 Einheiten<\/td><\/tr><tr><td>Antriebssystem<\/td><td class=\"has-text-align-center\" data-align=\"center\">Hydraulikantrieb<\/td><td class=\"has-text-align-center\" data-align=\"center\">Hydraulikantrieb<\/td><\/tr><tr><td>Spurbreite<\/td><td class=\"has-text-align-center\" data-align=\"center\">280\/350mm<\/td><td class=\"has-text-align-center\" data-align=\"center\">280\/350mm<\/td><\/tr><tr><td>Spurverlust der Kette<\/td><td class=\"has-text-align-center\" data-align=\"center\">1400mm<\/td><td class=\"has-text-align-center\" data-align=\"center\">1400mm<\/td><\/tr><tr><td>Spurweite<\/td><td class=\"has-text-align-center\" data-align=\"center\">1240mm<\/td><td class=\"has-text-align-center\" data-align=\"center\">1240mm<\/td><\/tr><tr><td>Hopper-Kapazit\u00e4t<\/td><td class=\"has-text-align-center\" data-align=\"center\">3.1m\u00b3<\/td><td class=\"has-text-align-center\" data-align=\"center\">3.1m\u00b3<\/td><\/tr><tr><td>Designte Schnittsegment-L\u00e4nge<\/td><td class=\"has-text-align-center\" data-align=\"center\">15mm<\/td><td class=\"has-text-align-center\" data-align=\"center\">15mm<\/td><\/tr><tr><td>Abmessungen<\/td><td class=\"has-text-align-center\" data-align=\"center\">5200mm*1520mm*3800mm<\/td><td class=\"has-text-align-center\" data-align=\"center\">5200mm*1520mm*3800mm<\/td><\/tr><\/tbody><\/table><figcaption class=\"wp-element-caption\">Parameter der Maissilage-Ernter<\/figcaption><\/figure>    <h3 class=\"wp-block-heading\"><strong>2. Der siliernde Maissilage-Ernter mit R\u00e4dern<\/strong><\/h3>    <h4 class=\"wp-block-heading\"><strong>Vorteile<\/strong><\/h4>    <p>Dieser Typ Maissilage-Ernter hat eine h\u00f6here Stra\u00dfen-Geschwindigkeit (20-40 km\/h) und geringeren Verbrauch auf trockenem\/ebenem Gel\u00e4nde. Wartung ist einfach und kosteng\u00fcnstig (Reifenwechsel ist leichter). Daher geeignet f\u00fcr Landwirte mit verstreuten Fl\u00e4chen, trockenen und flachen Feldern, die h\u00e4ufig auf der Stra\u00dfe unterwegs sind.<\/p>   <div class=\"wp-block-image\"> <figure class=\"aligncenter size-full\"><img loading=\"lazy\" decoding=\"async\" width=\"720\" height=\"540\" src=\"https:\/\/corn-machine.com\/wp-content\/uploads\/2025\/10\/corn-silage-harvesting-machine.webp\" alt=\"Maissilage-Ernter\" class=\"wp-image-1001\" title=\"\" srcset=\"https:\/\/corn-machine.com\/wp-content\/uploads\/2025\/10\/corn-silage-harvesting-machine.webp 720w, https:\/\/corn-machine.com\/wp-content\/uploads\/2025\/10\/corn-silage-harvesting-machine-300x225.webp 300w, https:\/\/corn-machine.com\/wp-content\/uploads\/2025\/10\/corn-silage-harvesting-machine-16x12.webp 16w\" sizes=\"auto, (max-width: 720px) 100vw, 720px\" \/><figcaption class=\"wp-element-caption\">Maissilage-Ernter<\/figcaption><\/figure> <\/div>   <h4 class=\"wp-block-heading\"><strong>Parameter<\/strong><\/h4>    <figure class=\"wp-block-table\"><table class=\"has-fixed-layout\"><tbody><tr><td>Modell (self-propelled wheel type)<\/td><td class=\"has-text-align-center\" data-align=\"center\">4QZL-1400<\/td><td class=\"has-text-align-center\" data-align=\"center\">4QZL-1800<\/td><\/tr><tr><td>Motorkraft<\/td><td class=\"has-text-align-center\" data-align=\"center\">100-150PS<\/td><td class=\"has-text-align-center\" data-align=\"center\">150HP<\/td><\/tr><tr><td>Motordrehzahl<\/td><td class=\"has-text-align-center\" data-align=\"center\">2400r\/min<\/td><td class=\"has-text-align-center\" data-align=\"center\">2400r\/min<\/td><\/tr><tr><td>Schnittbreite<\/td><td class=\"has-text-align-center\" data-align=\"center\">1400mm<\/td><td class=\"has-text-align-center\" data-align=\"center\">1800mm<\/td><\/tr><tr><td>Header-Schneidertyp<\/td><td class=\"has-text-align-center\" data-align=\"center\">Scheibenblatt<\/td><td class=\"has-text-align-center\" data-align=\"center\">Scheibenblatt<\/td><\/tr><tr><td>F\u00fctterungsmechanismus<\/td><td class=\"has-text-align-center\" data-align=\"center\">4 Einheiten<\/td><td class=\"has-text-align-center\" data-align=\"center\">4 Einheiten<\/td><\/tr><tr><td>Antriebssystem<\/td><td class=\"has-text-align-center\" data-align=\"center\">Hydraulikantrieb<\/td><td class=\"has-text-align-center\" data-align=\"center\">Hydraulikantrieb<\/td><\/tr><tr><td>Achsabstand<\/td><td class=\"has-text-align-center\" data-align=\"center\">2150mm<\/td><td class=\"has-text-align-center\" data-align=\"center\">2150mm<\/td><\/tr><tr><td>Sohle Fahrbahnbreite<\/td><td class=\"has-text-align-center\" data-align=\"center\">1300mm<\/td><td class=\"has-text-align-center\" data-align=\"center\">1300mm<\/td><\/tr><tr><td>Hopper-Kapazit\u00e4t<\/td><td class=\"has-text-align-center\" data-align=\"center\">3.1m\u00b3<\/td><td class=\"has-text-align-center\" data-align=\"center\">3.1m\u00b3<\/td><\/tr><tr><td>Designte Schnittsegment-L\u00e4nge<\/td><td class=\"has-text-align-center\" data-align=\"center\">15mm<\/td><td class=\"has-text-align-center\" data-align=\"center\">15mm<\/td><\/tr><tr><td>Abmessungen<\/td><td class=\"has-text-align-center\" data-align=\"center\">5200mm*1520mm*3800mm<\/td><td class=\"has-text-align-center\" data-align=\"center\">5200mm*1520mm*3800mm<\/td><\/tr><\/tbody><\/table><figcaption class=\"wp-element-caption\">Spezifikation des schwenkbaren Maissilage-Erners<\/figcaption><\/figure>    <h2 class=\"wp-block-heading\"><strong>Anwendung des Maissilage-Erners<\/strong><\/h2>    <p>Dieser Maissilage-Ernter dient haupts\u00e4chlich dem Ernten und Zerkleinern von Maisst\u00e4ngeln und anderen Kulturen zu Silage f\u00fcr Vieh wie Milchk\u00fche, Rinder und Schafe. <\/p>    <p>Hochwertige Maissilage kann die Milch- und Fleischproduktionseffizienz steigern. Daher wird sie in gro\u00dfen Milchbetrieben, Rinderfarmen und landwirtschaftlichen Dienstleistungsunternehmen weit verwendet. Auftragnehmer nutzen Silier-Ernter, um Erntedienste f\u00fcr lokale Landwirte bereitzustellen.<\/p>    <p class=\"translation-block\">Dar\u00fcber hinaus k\u00f6nnen gehackte Maisst\u00e4ngel als Rohmaterial f\u00fcr<a href=\"https:\/\/en.wikipedia.org\/wiki\/Biogas\" target=\"_blank\" rel=\"noopener\">Biogas<\/a>-Produktion verwendet werden. Die Fermentation von Maissilage erzeugt erneuerbare Energie und eine umweltfreundliche Energieversorgung. <\/p>    <p>In einigen anderen Regionen hacken Silage-Ernter St\u00e4ngel direkt zur\u00fcck auf das Feld, was die Bodenorganik, Fruchtbarkeit erh\u00f6ht und Burning-Pollution reduziert.<\/p>    <figure class=\"wp-block-gallery has-nested-images columns-2 is-cropped wp-block-gallery-2 is-layout-flex wp-block-gallery-is-layout-flex\"> <figure class=\"wp-block-image size-large\"><img loading=\"lazy\" decoding=\"async\" width=\"720\" height=\"540\" data-id=\"992\" src=\"https:\/\/corn-machine.com\/wp-content\/uploads\/2025\/10\/corn-straw-silage.webp\" alt=\"Maissilage aus Strohschnitzel\" class=\"wp-image-992\" title=\"\" srcset=\"https:\/\/corn-machine.com\/wp-content\/uploads\/2025\/10\/corn-straw-silage.webp 720w, https:\/\/corn-machine.com\/wp-content\/uploads\/2025\/10\/corn-straw-silage-300x225.webp 300w, https:\/\/corn-machine.com\/wp-content\/uploads\/2025\/10\/corn-straw-silage-16x12.webp 16w\" sizes=\"auto, (max-width: 720px) 100vw, 720px\" \/><figcaption class=\"wp-element-caption\">Maissilage aus Strohschnitzel<\/figcaption><\/figure>    <figure class=\"wp-block-image size-large\"><img loading=\"lazy\" decoding=\"async\" width=\"720\" height=\"540\" data-id=\"990\" src=\"https:\/\/corn-machine.com\/wp-content\/uploads\/2025\/10\/corn-silage-used-as-livestock-feed.webp\" alt=\"Maissilage als Viehfutter verwendet\" class=\"wp-image-990\" title=\"\" srcset=\"https:\/\/corn-machine.com\/wp-content\/uploads\/2025\/10\/corn-silage-used-as-livestock-feed.webp 720w, https:\/\/corn-machine.com\/wp-content\/uploads\/2025\/10\/corn-silage-used-as-livestock-feed-300x225.webp 300w, https:\/\/corn-machine.com\/wp-content\/uploads\/2025\/10\/corn-silage-used-as-livestock-feed-16x12.webp 16w\" sizes=\"auto, (max-width: 720px) 100vw, 720px\" \/><figcaption class=\"wp-element-caption\">Maissilage als Viehfutter verwendet<\/figcaption><\/figure>    <figure class=\"wp-block-image size-large\"><img loading=\"lazy\" decoding=\"async\" width=\"720\" height=\"540\" data-id=\"989\" src=\"https:\/\/corn-machine.com\/wp-content\/uploads\/2025\/10\/corn-silage-for-biogas-production.webp\" alt=\"Maissilage f\u00fcr Biogasproduktion\" class=\"wp-image-989\" title=\"\" srcset=\"https:\/\/corn-machine.com\/wp-content\/uploads\/2025\/10\/corn-silage-for-biogas-production.webp 720w, https:\/\/corn-machine.com\/wp-content\/uploads\/2025\/10\/corn-silage-for-biogas-production-300x225.webp 300w, https:\/\/corn-machine.com\/wp-content\/uploads\/2025\/10\/corn-silage-for-biogas-production-16x12.webp 16w\" sizes=\"auto, (max-width: 720px) 100vw, 720px\" \/><figcaption class=\"wp-element-caption\">Maissilage f\u00fcr Biogasproduktion<\/figcaption><\/figure>    <figure class=\"wp-block-image size-large\"><img loading=\"lazy\" decoding=\"async\" width=\"720\" height=\"540\" data-id=\"991\" src=\"https:\/\/corn-machine.com\/wp-content\/uploads\/2025\/10\/corn-silage-used-as-fertilizer.webp\" alt=\"Maissilage als D\u00fcnger verwendet\" class=\"wp-image-991\" title=\"\" srcset=\"https:\/\/corn-machine.com\/wp-content\/uploads\/2025\/10\/corn-silage-used-as-fertilizer.webp 720w, https:\/\/corn-machine.com\/wp-content\/uploads\/2025\/10\/corn-silage-used-as-fertilizer-300x225.webp 300w, https:\/\/corn-machine.com\/wp-content\/uploads\/2025\/10\/corn-silage-used-as-fertilizer-16x12.webp 16w\" sizes=\"auto, (max-width: 720px) 100vw, 720px\" \/><figcaption class=\"wp-element-caption\">Maissilage als D\u00fcnger verwendet<\/figcaption><\/figure> <\/figure>    <h2 class=\"wp-block-heading has-text-align-left\"><strong>Customer&#8217;s feedback on this silage forage harvester<\/strong><\/h2>    <h3 class=\"wp-block-heading\"><strong>Malaysischer Hof importierte Taizy Siliermaschine<\/strong><\/h3>    <p>Ein mittelgro\u00dfer Milchwierz\u30ca\u30fc in Johor Bahru, Malaysia, mit ca. 300 K\u00fchen, stand vor der Herausforderung: Die hohen Kosten f\u00fcr den Kauf importierter Silage und die Ineffizienz der manuellen Schneidung von Maisst\u00e4ngeln.<\/p>    <p>Um Kosten zu senken und Futtermittelqualit\u00e4t zu verbessern, entschied der Betrieb, einen Taizy Maissilage-Ernter von uns zu installieren. Mit dieser neuen Maschine k\u00f6nnen sie lokal Mais effizienter ernten, ihn zu feiner Silage zerkleinern und ihn langzeit in Silos lagern. <\/p>    <p>Dies gew\u00e4hrleistet nicht nur eine stabile Futterversorgung f\u00fcr die K\u00fche, sondern verringert auch die Abh\u00e4ngigkeit von teurem importierten Futter. Der Farmbesitzer erkl\u00e4rte, dass der Taizy Silage-Ernter ein wertvolles Werkzeug f\u00fcr malaysische Klein- und Mittelbetriebe sei, die Modernisierung anstreben, Kosten senken und die Futterqualit\u00e4t verbessern.<\/p>    <figure class=\"wp-block-embed is-type-video is-provider-youtube wp-block-embed-youtube wp-embed-aspect-9-16 wp-has-aspect-ratio\"><div class=\"wp-block-embed__wrapper\"> <iframe loading=\"lazy\" title=\"Malaysianer Milchviehbetrieb wird mit Taizy Silage-Ernter aufger\u00fcstet \ud83d\ude9c\" width=\"422\" height=\"750\" src=\"https:\/\/www.youtube.com\/embed\/_WtNlAhwZA8?feature=oembed\" frameborder=\"0\" allow=\"accelerometer; autoplay; clipboard-write; encrypted-media; gyroscope; picture-in-picture; web-share\" referrerpolicy=\"strict-origin-when-cross-origin\" allowfullscreen><\/iframe> <\/div><figcaption class=\"wp-element-caption\">Silierer im Einsatz auf einer malaysischen Farm<\/figcaption><\/figure>    <h3 class=\"wp-block-heading\"><strong>Kooperation mit indischen Futtermittelverarbeitungsbetrieben etablieren<\/strong><\/h3>    <p>Eine Futterm\u00fchle in Punjab, Indien, wandte sich an Taizy, um seine Lieferkette zu verbessern. Das Unternehmen produziert verpackte Maissilageballen und vertreibt sie an Tausende von Milchviehbetrieben in der Region. Nach detaillierten Gespr\u00e4chen lieferte Taizy eine Silier-Ernter-L\u00f6sung, angepasst an indische Maissorten und Feldbedingungen.<\/p>    <p>The new machine has tripled the mill&#8217;s silage harvesting and processing speed, ensuring a stable supply of highly nutritious feed for local farmers. This partnership has also helped the mill expand its business, exporting silage bales to neighboring states and even Bangladesh.<\/p>    <figure class=\"wp-block-embed is-type-video is-provider-youtube wp-block-embed-youtube wp-embed-aspect-9-16 wp-has-aspect-ratio\"><div class=\"wp-block-embed__wrapper\"> <iframe loading=\"lazy\" title=\"Taizy Silage Maschine in Indien | Kooperationserfolg mit Futtermittelwerk \ud83c\udf3e\ud83c\uddee\ud83c\uddf3\" width=\"422\" height=\"750\" src=\"https:\/\/www.youtube.com\/embed\/hHgX4dP57sU?feature=oembed\" frameborder=\"0\" allow=\"accelerometer; autoplay; clipboard-write; encrypted-media; gyroscope; picture-in-picture; web-share\" referrerpolicy=\"strict-origin-when-cross-origin\" allowfullscreen><\/iframe> <\/div><figcaption class=\"wp-element-caption\">Silierernter in indischen Futtermittelverarbeitungsanlagen im Einsatz<\/figcaption><\/figure>    <p>If you want to have any cooperation with Taizy, don&#8217;t hesitate to contact us!<\/p>    <p>F\u00fcr das kostenlose Kontingent- und Produkteliste zu unserem Maissilage-Ernter kontaktieren Sie uns!<\/p>","protected":false},"excerpt":{"rendered":"<p>High-efficiency corn silage harvester for cutting, shredding, and collecting corn stalks. Ideal for dairy farms, beef cattle, and biogas plants, which can perfect solve the harvest challenges in hilly areas.<\/p>","protected":false},"author":1,"featured_media":1002,"parent":0,"template":"","tags":[31,55],"product-type":[40],"class_list":["post-988","product","type-product","status-publish","has-post-thumbnail","hentry","tag-corn","tag-cornsilage","product-type-corn-harvesting-machine"],"_links":{"self":[{"href":"https:\/\/corn-machine.com\/de\/wp-json\/wp\/v2\/product\/988","targetHints":{"allow":["GET"]}}],"collection":[{"href":"https:\/\/corn-machine.com\/de\/wp-json\/wp\/v2\/product"}],"about":[{"href":"https:\/\/corn-machine.com\/de\/wp-json\/wp\/v2\/types\/product"}],"author":[{"embeddable":true,"href":"https:\/\/corn-machine.com\/de\/wp-json\/wp\/v2\/users\/1"}],"wp:featuredmedia":[{"embeddable":true,"href":"https:\/\/corn-machine.com\/de\/wp-json\/wp\/v2\/media\/1002"}],"wp:attachment":[{"href":"https:\/\/corn-machine.com\/de\/wp-json\/wp\/v2\/media?parent=988"}],"wp:term":[{"taxonomy":"post_tag","embeddable":true,"href":"https:\/\/corn-machine.com\/de\/wp-json\/wp\/v2\/tags?post=988"},{"taxonomy":"product-type","embeddable":true,"href":"https:\/\/corn-machine.com\/de\/wp-json\/wp\/v2\/product-type?post=988"}],"curies":[{"name":"wp","href":"https:\/\/api.w.org\/{rel}","templated":true}]}}