{"id":13,"date":"2022-09-06T03:19:09","date_gmt":"2022-09-06T03:19:09","guid":{"rendered":"https:\/\/corn-machine.com\/?page_id=13"},"modified":"2022-09-14T03:15:43","modified_gmt":"2022-09-14T03:15:43","slug":"about-us","status":"publish","type":"page","link":"https:\/\/corn-machine.com\/es\/about-us\/","title":{"rendered":"Sobre nosotros"},"content":{"rendered":"<h2 class=\"wp-block-heading\" id=\"h-who-are-we\">Quienes somos<\/h2>    <div class=\"wp-block-media-text alignwide is-stacked-on-mobile\"><figure class=\"wp-block-media-text__media\"><img loading=\"lazy\" decoding=\"async\" width=\"750\" height=\"579\" src=\"https:\/\/corn-machine.com\/wp-content\/uploads\/2022\/09\/about1.webp\" alt=\"\" class=\"wp-image-151 size-full\" title=\"\"><\/figure><div class=\"wp-block-media-text__content\"> <p>Taizy Machinery es una empresa fabricante y vendedora especializada en maquinaria para procesamiento de ma\u00edz. Contamos con una amplia gama de m\u00e1quinas desde la siembra hasta la cosecha y el procesamiento de ma\u00edz. Nuestros principales productos son sembradoras de ma\u00edz, cosechadoras de ma\u00edz, trilladoras de ma\u00edz, trituradoras de ma\u00edz, etc.<\/p> <\/div><\/div>    <div class=\"wp-block-media-text alignwide has-media-on-the-right is-stacked-on-mobile\"><figure class=\"wp-block-media-text__media\"><img loading=\"lazy\" decoding=\"async\" width=\"720\" height=\"540\" src=\"https:\/\/corn-machine.com\/wp-content\/uploads\/2022\/09\/Taizy-machinery-plant.webp\" alt=\"\" class=\"wp-image-154 size-full\" title=\"\"><\/figure><div class=\"wp-block-media-text__content\"> <p>Nuestras m\u00e1quinas procesadoras de ma\u00edz se suministran principalmente a granjas peque\u00f1as, medianas y grandes, plantas procesadoras de alimentos, distribuidores de maquinaria y agentes en varios pa\u00edses. Adem\u00e1s de brindar m\u00e1quinas de alta calidad y servicios profesionales, tambi\u00e9n brindamos a nuestros clientes piezas de equipos y piezas de desgaste para las m\u00e1quinas, instalaci\u00f3n de equipos e instrucciones de operaci\u00f3n para mejorar su experiencia de compra.<\/p> <\/div><\/div>    <h2 class=\"wp-block-heading\" id=\"h-why-choose-us\">Por qu\u00e9 elegirnos<\/h2>    <ul class=\"wp-block-list\"><li>Rica experiencia exportadora. En la actualidad, nuestras m\u00e1quinas se han exportado a m\u00e1s de treinta pa\u00edses y regiones, como EE. UU., Australia, Nigeria, Kenia, Etiop\u00eda, Namibia, Botswana, Zimbabwe, etc., los cuales son bien recibidos por nuestros clientes.<\/li><li>Perfecto servicio postventa. Despu\u00e9s de vender la m\u00e1quina, nuestro personal t\u00e9cnico lo guiar\u00e1 para instalar la m\u00e1quina. Durante el uso posterior de la m\u00e1quina, cualquier problema con la m\u00e1quina puede contactarnos, y podremos resolver sus dudas desde un punto de vista profesional.<\/li><li>M\u00e1quina de alta calidad certificada con certificado CE. Bajo la supervisi\u00f3n de nuestro estricto sistema de control de calidad, nuestras m\u00e1quinas son de excelente calidad y cuentan con certificados CE. Las m\u00e1quinas pueden ayudarle a cultivar y procesar f\u00e1cilmente otros granos como el ma\u00edz.<\/li><\/ul>    <figure class=\"wp-block-image size-full\"><img loading=\"lazy\" decoding=\"async\" width=\"1024\" height=\"323\" src=\"https:\/\/corn-machine.com\/wp-content\/uploads\/2022\/09\/certificate.webp\" alt=\"\" class=\"wp-image-156\" title=\"\"><\/figure>    <h2 class=\"wp-block-heading\" id=\"h-where-are-we\">D\u00f3nde estamos<\/h2>    <p>Taizy Machinery est\u00e1 ubicada en Zhengzhou, Henan, China. Nuestra oficina est\u00e1 ubicada en la Zona de Desarrollo Econ\u00f3mico de Zhengzhou, \u00a1bienvenido a visitar Taizy Machinery en cualquier momento!<\/p>    <figure class=\"wp-block-image size-full\"><img loading=\"lazy\" decoding=\"async\" width=\"1024\" height=\"486\" src=\"https:\/\/corn-machine.com\/wp-content\/uploads\/2022\/09\/global-market.webp\" alt=\"\" class=\"wp-image-158\" title=\"\"><\/figure>","protected":false},"excerpt":{"rendered":"<p>Who Are We Taizy Machinery is a manufacturer and sales company specializing in corn processing machinery. We have a wide range of machines from corn sowing to harvesting to processing. Our main products are corn seeders, corn harvesters, corn threshers, corn grit machines, etc. Our corn processing machines are mainly supplied to small, medium, and [&hellip;]<\/p>\n","protected":false},"author":1,"featured_media":0,"parent":0,"menu_order":0,"comment_status":"closed","ping_status":"closed","template":"","meta":{"footnotes":""},"class_list":["post-13","page","type-page","status-publish","hentry"],"_links":{"self":[{"href":"https:\/\/corn-machine.com\/es\/wp-json\/wp\/v2\/pages\/13","targetHints":{"allow":["GET"]}}],"collection":[{"href":"https:\/\/corn-machine.com\/es\/wp-json\/wp\/v2\/pages"}],"about":[{"href":"https:\/\/corn-machine.com\/es\/wp-json\/wp\/v2\/types\/page"}],"author":[{"embeddable":true,"href":"https:\/\/corn-machine.com\/es\/wp-json\/wp\/v2\/users\/1"}],"replies":[{"embeddable":true,"href":"https:\/\/corn-machine.com\/es\/wp-json\/wp\/v2\/comments?post=13"}],"version-history":[{"count":0,"href":"https:\/\/corn-machine.com\/es\/wp-json\/wp\/v2\/pages\/13\/revisions"}],"wp:attachment":[{"href":"https:\/\/corn-machine.com\/es\/wp-json\/wp\/v2\/media?parent=13"}],"curies":[{"name":"wp","href":"https:\/\/api.w.org\/{rel}","templated":true}]}}