{"id":1019,"date":"2025-10-20T15:09:14","date_gmt":"2025-10-20T07:09:14","guid":{"rendered":"https:\/\/corn-machine.com\/?post_type=product&#038;p=1019"},"modified":"2025-10-21T11:49:35","modified_gmt":"2025-10-21T03:49:35","slug":"maize-sheller-machine-for-grain-threshing","status":"publish","type":"product","link":"https:\/\/corn-machine.com\/es\/product\/maize-sheller-machine-for-grain-threshing\/","title":{"rendered":"Ma\u00edz Desgranadora para Grano"},"content":{"rendered":"<p class=\"translation-block\">A trav\u00e9s de investigaci\u00f3n y actualizaciones, Taizy ha dise\u00f1ado un nuevo modelo de una <strong>trilladora de ma\u00edz<\/strong>, que admite dos opciones de energ\u00eda: di\u00e9sel y motor el\u00e9ctrico. Dotada de un sistema de doble ventilador, puede eliminar impurezas de manera m\u00e1s eficiente, haciendo que el ma\u00edz terminado sea m\u00e1s limpio y de mayor calidad.<\/p>    <p>Adem\u00e1s, tambi\u00e9n se usa ampliamente para trillar soja, sorgo, mijo, arroz, etc. La m\u00e1quina tiene dos c\u00e1maras de trabajo, lo que hace la producci\u00f3n m\u00e1s eficiente: 3 t\/h (mijo), 5 t\/h (ma\u00edz), 2 t\/h (arroz y trigo). <\/p>    <figure class=\"wp-block-embed aligncenter is-type-video is-provider-youtube wp-block-embed-youtube wp-embed-aspect-16-9 wp-has-aspect-ratio\"><div class=\"wp-block-embed__wrapper\"> <iframe loading=\"lazy\" title=\"\ud83c\udf3d\ud83d\ude9cNueva M\u00e1quina Zarandeadora de Grano | Doble Energ\u00eda, Doble Ventilador, Mayor Eficiencia\" width=\"500\" height=\"281\" src=\"https:\/\/www.youtube.com\/embed\/fsW_ADQuGd4?feature=oembed\" frameborder=\"0\" allow=\"accelerometer; autoplay; clipboard-write; encrypted-media; gyroscope; picture-in-picture; web-share\" referrerpolicy=\"strict-origin-when-cross-origin\" allowfullscreen><\/iframe> <\/div><figcaption class=\"wp-element-caption\">prueba de funcionamiento de la trilladora de ma\u00edz<\/figcaption><\/figure>    <h2 class=\"wp-block-heading\"><strong>Caracter\u00edsticas actualizadas de la nueva versi\u00f3n de la desgranadora de ma\u00edz<\/strong><\/h2>    <p>Despu\u00e9s de las mejoras del producto, nuestras m\u00e1quinas han progresado m\u00e1s que los modelos anteriores.<\/p>    <ul class=\"wp-block-list\"> <li>Esta nueva trilladora de ma\u00edz pasa por dos procesos de trilla, lo que la diferencia del modelo antiguo, aumentando la tasa de trilla y dejando una trilla m\u00e1s limpia.<\/li>    <li>El nuevo modelo tiene tres salidas diferentes: una salida de escombros grande con una criba, una salida de escombros peque\u00f1a con un ventilador y la salida del producto final.<\/li>    <li>Nuestra desgranadora de ma\u00edz est\u00e1 equipada con ventiladores duales, que proporcionan mejores efectos de limpieza, menores tasas de rotura de granos y mayor adaptabilidad a diversos cultivos y niveles de humedad en comparaci\u00f3n con los modelos de un solo ventilador.<\/li> <\/ul>   <div class=\"wp-block-image\"> <figure class=\"aligncenter size-full\"><img loading=\"lazy\" decoding=\"async\" width=\"720\" height=\"540\" src=\"https:\/\/corn-machine.com\/wp-content\/uploads\/2025\/10\/agriculture-thresher.webp\" alt=\"trilladora agr\u00edcola\" class=\"wp-image-1022\" title=\"\" srcset=\"https:\/\/corn-machine.com\/wp-content\/uploads\/2025\/10\/agriculture-thresher.webp 720w, https:\/\/corn-machine.com\/wp-content\/uploads\/2025\/10\/agriculture-thresher-300x225.webp 300w, https:\/\/corn-machine.com\/wp-content\/uploads\/2025\/10\/agriculture-thresher-16x12.webp 16w\" sizes=\"auto, (max-width: 720px) 100vw, 720px\" \/><figcaption class=\"wp-element-caption\">trilladora agr\u00edcola<\/figcaption><\/figure> <\/div>   <h2 class=\"wp-block-heading\"><strong>Estructura de nuestra desgranadora multifuncional de ma\u00edz<\/strong><\/h2>    <p>Nuestra trilladora de trigo se compone de la entrada, el motor di\u00e9sel (o motor el\u00e9ctrico), el neum\u00e1tico m\u00f3vil, el chasis de tracci\u00f3n, los tambores de trilla, las salidas y el ventilador de sir-ducta.<\/p>    <figure class=\"wp-block-gallery has-nested-images columns-default is-cropped wp-block-gallery-2 is-layout-flex wp-block-gallery-is-layout-flex\"> <figure class=\"wp-block-image size-large\"><img loading=\"lazy\" decoding=\"async\" width=\"720\" height=\"540\" data-id=\"1023\" src=\"https:\/\/corn-machine.com\/wp-content\/uploads\/2025\/10\/structure-of-corn-sheller-machine.webp\" alt=\"estructura de la desgranadora de ma\u00edz\" class=\"wp-image-1023\" title=\"\" srcset=\"https:\/\/corn-machine.com\/wp-content\/uploads\/2025\/10\/structure-of-corn-sheller-machine.webp 720w, https:\/\/corn-machine.com\/wp-content\/uploads\/2025\/10\/structure-of-corn-sheller-machine-300x225.webp 300w, https:\/\/corn-machine.com\/wp-content\/uploads\/2025\/10\/structure-of-corn-sheller-machine-16x12.webp 16w\" sizes=\"auto, (max-width: 720px) 100vw, 720px\" \/><figcaption class=\"wp-element-caption\">estructura de la desgranadora de ma\u00edz<\/figcaption><\/figure>    <figure class=\"wp-block-image size-large\"><img loading=\"lazy\" decoding=\"async\" width=\"720\" height=\"540\" data-id=\"1024\" src=\"https:\/\/corn-machine.com\/wp-content\/uploads\/2025\/10\/structure-of-grain-threshing-machine.webp\" alt=\"estructura de la trilladora de granos\" class=\"wp-image-1024\" title=\"\" srcset=\"https:\/\/corn-machine.com\/wp-content\/uploads\/2025\/10\/structure-of-grain-threshing-machine.webp 720w, https:\/\/corn-machine.com\/wp-content\/uploads\/2025\/10\/structure-of-grain-threshing-machine-300x225.webp 300w, https:\/\/corn-machine.com\/wp-content\/uploads\/2025\/10\/structure-of-grain-threshing-machine-16x12.webp 16w\" sizes=\"auto, (max-width: 720px) 100vw, 720px\" \/><figcaption class=\"wp-element-caption\">estructura de la trilladora de granos<\/figcaption><\/figure> <\/figure>    <p>Hay 2 tambores de trilla en nuestra desgranadora de ma\u00edz. El primer tambor de trilla es responsable de la desgranaci\u00f3n inicial, que separa los granos de ma\u00edz de las espigas mediante fricci\u00f3n y impacto. El segundo tambor realiza una separaci\u00f3n m\u00e1s fina que mejora la eficiencia global de la trilla y la pureza.<\/p>    <p>El sistema de doble ventilador es tambi\u00e9n una de las caracter\u00edsticas clave de esta desgranadora. El primer ventilador elimina las c\u00e1scaras grandes y las impurezas ligeras, mientras que el segundo ventilador ofrece una separaci\u00f3n de aire secundaria para polvo y paja m\u00e1s finos. Este sistema de flujo de aire en dos etapas garantiza que los granos finales sean m\u00e1s limpios y de mayor calidad.<\/p>    <p>Para facilitar el movimiento entre campos, nuestra desgranadora de ma\u00edz est\u00e1 dise\u00f1ada con neum\u00e1ticos grandes y duraderos, lo que la hace adecuada tanto para operaciones estacionarias como en campo, aumentando la flexibilidad para usuarios en granjas rurales o de gran escala.<\/p>    <h2 class=\"wp-block-heading\"><strong>\u00bfCu\u00e1les son las aplicaciones de la desgranadora de ma\u00edz?<\/strong><\/h2>    <p>Adem\u00e1s de ma\u00edz, esta trilladora vers\u00e1til tambi\u00e9n puede usarse para una variedad de granos y cultivos, como ma\u00edz, sorgo, mijo, soya y trigo, satisfaciendo una amplia gama de necesidades de procesamiento de granos.<\/p>    <p>Los trillos de granos se utilizan ampliamente en granjas rurales, cooperativas agr\u00edcolas, estaciones de compra de granos y plantas peque\u00f1as de procesamiento de alimentos. Ayudan a reducir la mano de obra y sus costos, al tiempo que mejoran significativamente la eficiencia de la trilla.<\/p>    <p>Taizy ha recibido numerosos pedidos de regiones donde el ma\u00edz y otros granos son alimentos b\u00e1sicos, como \u00c1frica, el Sudeste Asi\u00e1tico y Sudam\u00e9rica. Esta m\u00e1quina desempe\u00f1a un papel vital en la mejora de la eficiencia del procesamiento de granos y en apoyar la producci\u00f3n local de alimentos.<\/p>    <figure class=\"wp-block-gallery has-nested-images columns-2 is-cropped wp-block-gallery-3 is-layout-flex wp-block-gallery-is-layout-flex\"> <figure class=\"wp-block-image size-large\"><img loading=\"lazy\" decoding=\"async\" width=\"720\" height=\"540\" data-id=\"1028\" src=\"https:\/\/corn-machine.com\/wp-content\/uploads\/2025\/10\/corn.webp\" alt=\"ma\u00edz\" class=\"wp-image-1028\" title=\"\" srcset=\"https:\/\/corn-machine.com\/wp-content\/uploads\/2025\/10\/corn.webp 720w, https:\/\/corn-machine.com\/wp-content\/uploads\/2025\/10\/corn-300x225.webp 300w, https:\/\/corn-machine.com\/wp-content\/uploads\/2025\/10\/corn-16x12.webp 16w\" sizes=\"auto, (max-width: 720px) 100vw, 720px\" \/><figcaption class=\"wp-element-caption\">ma\u00edz<\/figcaption><\/figure>    <figure class=\"wp-block-image size-large\"><img loading=\"lazy\" decoding=\"async\" width=\"720\" height=\"540\" data-id=\"1030\" src=\"https:\/\/corn-machine.com\/wp-content\/uploads\/2025\/10\/sorghum.webp\" alt=\"sorgo\" class=\"wp-image-1030\" title=\"\" srcset=\"https:\/\/corn-machine.com\/wp-content\/uploads\/2025\/10\/sorghum.webp 720w, https:\/\/corn-machine.com\/wp-content\/uploads\/2025\/10\/sorghum-300x225.webp 300w, https:\/\/corn-machine.com\/wp-content\/uploads\/2025\/10\/sorghum-16x12.webp 16w\" sizes=\"auto, (max-width: 720px) 100vw, 720px\" \/><figcaption class=\"wp-element-caption\"><a href=\"https:\/\/en.wikipedia.org\/wiki\/Sorghum\" target=\"_blank\" rel=\"noopener\">sorgo<\/a><\/figcaption><\/figure>    <figure class=\"wp-block-image size-large\"><img loading=\"lazy\" decoding=\"async\" width=\"720\" height=\"540\" data-id=\"1029\" src=\"https:\/\/corn-machine.com\/wp-content\/uploads\/2025\/10\/soybean.webp\" alt=\"soja\" class=\"wp-image-1029\" title=\"\" srcset=\"https:\/\/corn-machine.com\/wp-content\/uploads\/2025\/10\/soybean.webp 720w, https:\/\/corn-machine.com\/wp-content\/uploads\/2025\/10\/soybean-300x225.webp 300w, https:\/\/corn-machine.com\/wp-content\/uploads\/2025\/10\/soybean-16x12.webp 16w\" sizes=\"auto, (max-width: 720px) 100vw, 720px\" \/><figcaption class=\"wp-element-caption\">soja<\/figcaption><\/figure>    <figure class=\"wp-block-image size-large\"><img loading=\"lazy\" decoding=\"async\" width=\"720\" height=\"540\" data-id=\"1031\" src=\"https:\/\/corn-machine.com\/wp-content\/uploads\/2025\/10\/wheat.webp\" alt=\"trigo\" class=\"wp-image-1031\" title=\"\" srcset=\"https:\/\/corn-machine.com\/wp-content\/uploads\/2025\/10\/wheat.webp 720w, https:\/\/corn-machine.com\/wp-content\/uploads\/2025\/10\/wheat-300x225.webp 300w, https:\/\/corn-machine.com\/wp-content\/uploads\/2025\/10\/wheat-16x12.webp 16w\" sizes=\"auto, (max-width: 720px) 100vw, 720px\" \/><figcaption class=\"wp-element-caption\">trigo<\/figcaption><\/figure> <\/figure>    <h2 class=\"wp-block-heading\"><strong>\u00bfCu\u00e1nto cuesta una desgranadora de ma\u00edz Taizy?<\/strong><\/h2>    <p>Una trilladora de ma\u00edz b\u00e1sica suele costar menos de 39930458521,000 USD, pero para productos de exportaci\u00f3n, muchos factores pueden afectar el precio final, potencialmente oscilando entre 39930458521,000 y 39930458522,000 USD.<\/p>    <p>Los siguientes factores pueden influir en la diferencia de precio final:<\/p>    <ol class=\"wp-block-list\"> <li>Env\u00edo y flete: incluye el flete mar\u00edtimo, transporte interior y manejo portuario.<\/li>    <li>Despacho de aduana y tasas aduaneras: esto incluye derechos de aduana, impuestos de importaci\u00f3n y tasas de inspecci\u00f3n en tu pa\u00eds.<\/li>    <li>Opciones de tren motriz: elegir un motor di\u00e9sel o un motor el\u00e9ctrico puede afectar el costo.<\/li> <\/ol>    <p>Si est\u00e1s interesado en nuestras m\u00e1quinas, por favor ponte en contacto con nosotros para obtener una cotizaci\u00f3n y as\u00ed entender completamente la inversi\u00f3n. Tambi\u00e9n damos la bienvenida a cotizaciones personalizadas seg\u00fan tu pa\u00eds, tipo de energ\u00eda, requisitos de capacidad y t\u00e9rminos de env\u00edo.<\/p>    <figure class=\"wp-block-gallery has-nested-images columns-default is-cropped wp-block-gallery-4 is-layout-flex wp-block-gallery-is-layout-flex\"> <figure class=\"wp-block-image size-large\"><img loading=\"lazy\" decoding=\"async\" width=\"720\" height=\"540\" data-id=\"1025\" src=\"https:\/\/corn-machine.com\/wp-content\/uploads\/2025\/10\/corn-seed-remover-machine.webp\" alt=\"desincrustador de semillas de ma\u00edz\" class=\"wp-image-1025\" title=\"\" srcset=\"https:\/\/corn-machine.com\/wp-content\/uploads\/2025\/10\/corn-seed-remover-machine.webp 720w, https:\/\/corn-machine.com\/wp-content\/uploads\/2025\/10\/corn-seed-remover-machine-300x225.webp 300w, https:\/\/corn-machine.com\/wp-content\/uploads\/2025\/10\/corn-seed-remover-machine-16x12.webp 16w\" sizes=\"auto, (max-width: 720px) 100vw, 720px\" \/><figcaption class=\"wp-element-caption\">desincrustador de semillas de ma\u00edz<\/figcaption><\/figure>    <figure class=\"wp-block-image size-large\"><img loading=\"lazy\" decoding=\"async\" width=\"720\" height=\"540\" data-id=\"1026\" src=\"https:\/\/corn-machine.com\/wp-content\/uploads\/2025\/10\/thresher-farm-equipment.webp\" alt=\"equipo de trilla para granjas\" class=\"wp-image-1026\" title=\"\" srcset=\"https:\/\/corn-machine.com\/wp-content\/uploads\/2025\/10\/thresher-farm-equipment.webp 720w, https:\/\/corn-machine.com\/wp-content\/uploads\/2025\/10\/thresher-farm-equipment-300x225.webp 300w, https:\/\/corn-machine.com\/wp-content\/uploads\/2025\/10\/thresher-farm-equipment-16x12.webp 16w\" sizes=\"auto, (max-width: 720px) 100vw, 720px\" \/><figcaption class=\"wp-element-caption\">equipo de trilla para granjas<\/figcaption><\/figure> <\/figure>    <h2 class=\"wp-block-heading\"><strong>El proceso de compra de nuestra trilladora de ma\u00edz <\/strong><\/h2>    <p>Nuestro objetivo es brindar a cada cliente una experiencia de compra fluida y eficiente. A continuaci\u00f3n se muestra el proceso de compra, que le ayuda a entender todo el proceso desde la producci\u00f3n hasta la entrega de una m\u00e1quina.<\/p>    <p class=\"translation-block\"><strong>Step 1<\/strong>: Our professional sales staff will identify the appropriate model based on the customer&#8217;s information, including grain type, capacity requirements, and power options. We will then provide technical details, working videos, and a quote for customers&#8217; reference.<\/p>    <p class=\"translation-block\"><strong>Paso 2<\/strong>: Una vez que se confirmen los detalles del pedido, la producci\u00f3n puede comenzar tras efectuar el pago inicial. Nuestra f\u00e1brica organizar\u00e1 la producci\u00f3n seg\u00fan las especificaciones. Despu\u00e9s del montaje, cada desgranadora de ma\u00edz pasar\u00e1 pruebas para garantizar un rendimiento estable y un funcionamiento suave.<\/p>    <p class=\"translation-block\"><strong>Paso 3<\/strong>: Antes del env\u00edo, nuestros t\u00e9cnicos realizar\u00e1n una prueba de funcionamiento completa, grabar\u00e1n videos y lo confirmar\u00e1n con nuestro cliente. Solo despu\u00e9s de la confirmaci\u00f3n, pasaremos al siguiente paso.<\/p>    <p class=\"translation-block\"><strong>Paso 4<\/strong>: Una vez que el cliente haya pagado el saldo restante, organizaremos el empaquetado, el despacho aduanero de exportaci\u00f3n y la entrega al puerto de carga. Si es necesario, nuestro equipo tambi\u00e9n puede ayudar con el despacho de aduanas para agilizar el proceso de importaci\u00f3n.<\/p>    <p>Taizy has been exporting for over a decade and has our own factories, striving to provide the best prices and quality to our customers. If you are interested in our maize sheller machines, please don&#8217;t hesitate to contact us for a free quotation!<\/p>    <p><strong><br><\/strong><br><\/p>   <div class=\"wp-block-image\"> <figure class=\"aligncenter size-full\"><img loading=\"lazy\" decoding=\"async\" width=\"720\" height=\"540\" src=\"https:\/\/corn-machine.com\/wp-content\/uploads\/2025\/10\/wheat-thresher-machine.webp\" alt=\"desgranadora de trigo\" class=\"wp-image-1027\" title=\"\" srcset=\"https:\/\/corn-machine.com\/wp-content\/uploads\/2025\/10\/wheat-thresher-machine.webp 720w, https:\/\/corn-machine.com\/wp-content\/uploads\/2025\/10\/wheat-thresher-machine-300x225.webp 300w, https:\/\/corn-machine.com\/wp-content\/uploads\/2025\/10\/wheat-thresher-machine-16x12.webp 16w\" sizes=\"auto, (max-width: 720px) 100vw, 720px\" \/><figcaption class=\"wp-element-caption\">desgranadora de trigo<\/figcaption><\/figure> <\/div>   <p>Si desea procesar a\u00fan m\u00e1s el producto terminado, tambi\u00e9n ofrecemos:<\/p>    <ul class=\"wp-block-list\"> <li><a href=\"https:\/\/corn-machine.com\/es\/product\/maize-grits-making-machine\/\">M\u00e1quina para hacer s\u00e9mola de ma\u00edz<\/a><\/li>    <li><a href=\"https:\/\/corn-machine.com\/es\/product\/hammer-mill-grinder-for-corn\/\">Molino triturador<\/a><\/li> <\/ul>","protected":false},"excerpt":{"rendered":"<p>Taizy&#8217;s new maize sheller machine is equipped with dual power options, dual duct fans and a durable structure, ensuring high thresher efficiency and low breakage rate when processing different agricultural products.<\/p>","protected":false},"author":1,"featured_media":1021,"parent":0,"template":"","tags":[31],"product-type":[42],"class_list":["post-1019","product","type-product","status-publish","has-post-thumbnail","hentry","tag-corn","product-type-maize-sheller-machine"],"_links":{"self":[{"href":"https:\/\/corn-machine.com\/es\/wp-json\/wp\/v2\/product\/1019","targetHints":{"allow":["GET"]}}],"collection":[{"href":"https:\/\/corn-machine.com\/es\/wp-json\/wp\/v2\/product"}],"about":[{"href":"https:\/\/corn-machine.com\/es\/wp-json\/wp\/v2\/types\/product"}],"author":[{"embeddable":true,"href":"https:\/\/corn-machine.com\/es\/wp-json\/wp\/v2\/users\/1"}],"wp:featuredmedia":[{"embeddable":true,"href":"https:\/\/corn-machine.com\/es\/wp-json\/wp\/v2\/media\/1021"}],"wp:attachment":[{"href":"https:\/\/corn-machine.com\/es\/wp-json\/wp\/v2\/media?parent=1019"}],"wp:term":[{"taxonomy":"post_tag","embeddable":true,"href":"https:\/\/corn-machine.com\/es\/wp-json\/wp\/v2\/tags?post=1019"},{"taxonomy":"product-type","embeddable":true,"href":"https:\/\/corn-machine.com\/es\/wp-json\/wp\/v2\/product-type?post=1019"}],"curies":[{"name":"wp","href":"https:\/\/api.w.org\/{rel}","templated":true}]}}