{"id":1036,"date":"2025-11-04T15:26:54","date_gmt":"2025-11-04T07:26:54","guid":{"rendered":"https:\/\/corn-machine.com\/?post_type=product&#038;p=1036"},"modified":"2025-12-15T11:20:26","modified_gmt":"2025-12-15T03:20:26","slug":"affordable-small-chaff-cutter-machine","status":"publish","type":"product","link":"https:\/\/corn-machine.com\/es\/product\/affordable-small-chaff-cutter-machine\/","title":{"rendered":"Peque\u00f1a m\u00e1quina cortadora de paja para la preparaci\u00f3n de alimento para ganado"},"content":{"rendered":"<p class=\"translation-block\">La peque\u00f1a<strong>m\u00e1quina cortadora de paja<\/strong>de Taizy se usa para cortar varios tallos de granos para ganado, ovejas y otras aves de corral. La m\u00e1quina est\u00e1 hecha de acero de alta calidad, lo que la hace no solo duradera sino tambi\u00e9n segura y f\u00e1cil de limpiar.<\/p>    <p>Hay varias fuentes de energ\u00eda disponibles: motores el\u00e9ctricos, motores di\u00e9sel y motores de gasolina. Su capacidad es de 400 kg\/h, adecuada para granjas de ganado peque\u00f1as y medianas. Ofrecemos una variedad de servicios de personalizaci\u00f3n, y tambi\u00e9n hay descuentos adicionales para compras en volumen.<\/p>    <figure class=\"wp-block-embed aligncenter is-type-video is-provider-youtube wp-block-embed-youtube wp-embed-aspect-16-9 wp-has-aspect-ratio\"><div class=\"wp-block-embed__wrapper\"> <iframe loading=\"lazy\" title=\"Demostraci\u00f3n de estructura y rendimiento de la picadora de forraje\" width=\"500\" height=\"281\" src=\"https:\/\/www.youtube.com\/embed\/Vc_s_5wDdYo?feature=oembed\" frameborder=\"0\" allow=\"accelerometer; autoplay; clipboard-write; encrypted-media; gyroscope; picture-in-picture; web-share\" referrerpolicy=\"strict-origin-when-cross-origin\" allowfullscreen><\/iframe> <\/div><figcaption class=\"wp-element-caption\">introducci\u00f3n de la m\u00e1quina cortadora de paja<\/figcaption><\/figure>    <h2 class=\"wp-block-heading\"><strong>Ventajas de la m\u00e1quina cortadora de paja Taizy<\/strong><\/h2>    <ul class=\"wp-block-list\"> <li>La m\u00e1quina tiene una huella peque\u00f1a<span style=\"box-sizing: border-box; margin: 0px; padding: 0px;\">\u00a0de solo 1075*510*850 mm, lo que la hace adecuada para m\u00f3vil\u00a0<\/span>y operaci\u00f3n en solitario.<\/li>    <li>La m\u00e1quina cortadora de paja Taizy puede personalizarse con potencia del motor, color, placa de identificaci\u00f3n y embalaje seg\u00fan sea necesario.<\/li>    <li>Nuestras m\u00e1quinas tienen certificaci\u00f3n CE, cumplen con est\u00e1ndares internacionales de calidad, lo que no solo garantiza la calidad sino tambi\u00e9n ofrece un servicio postventa integral.<\/li> <\/ul>    <figure class=\"wp-block-gallery has-nested-images columns-default is-cropped wp-block-gallery-2 is-layout-flex wp-block-gallery-is-layout-flex\"> <figure class=\"wp-block-image size-large\"><img loading=\"lazy\" decoding=\"async\" width=\"720\" height=\"540\" data-id=\"1039\" src=\"https:\/\/corn-machine.com\/wp-content\/uploads\/2025\/11\/grass-chaff-cutter-machine.webp\" alt=\"m\u00e1quina cortadora de paja de hierba\" class=\"wp-image-1039\" title=\"\" srcset=\"https:\/\/corn-machine.com\/wp-content\/uploads\/2025\/11\/grass-chaff-cutter-machine.webp 720w, https:\/\/corn-machine.com\/wp-content\/uploads\/2025\/11\/grass-chaff-cutter-machine-300x225.webp 300w, https:\/\/corn-machine.com\/wp-content\/uploads\/2025\/11\/grass-chaff-cutter-machine-16x12.webp 16w\" sizes=\"auto, (max-width: 720px) 100vw, 720px\" \/><figcaption class=\"wp-element-caption\">m\u00e1quina cortadora de paja de hierba<\/figcaption><\/figure>    <figure class=\"wp-block-image size-large\"><img loading=\"lazy\" decoding=\"async\" width=\"720\" height=\"540\" data-id=\"1040\" src=\"https:\/\/corn-machine.com\/wp-content\/uploads\/2025\/11\/mini-forage-chopper.webp\" alt=\"mini picadora de forraje\" class=\"wp-image-1040\" title=\"\" srcset=\"https:\/\/corn-machine.com\/wp-content\/uploads\/2025\/11\/mini-forage-chopper.webp 720w, https:\/\/corn-machine.com\/wp-content\/uploads\/2025\/11\/mini-forage-chopper-300x225.webp 300w, https:\/\/corn-machine.com\/wp-content\/uploads\/2025\/11\/mini-forage-chopper-16x12.webp 16w\" sizes=\"auto, (max-width: 720px) 100vw, 720px\" \/><figcaption class=\"wp-element-caption\">mini picadora de forraje<\/figcaption><\/figure> <\/figure>    <h2 class=\"wp-block-heading\"><strong>Estructura de esta picadora de forraje<\/strong><\/h2>    <p>Los componentes principales de esta m\u00e1quina incluyen: entrada de alimentaci\u00f3n, mecanismo de transmisi\u00f3n, sistema de potencia, eje cortador y conjunto de cuchillas, mecanismo de ajuste de engranajes y salida de descarga.<\/p>    <ol class=\"wp-block-list\"> <li>La entrada de alimentaci\u00f3n utiliza un sistema de alimentaci\u00f3n autom\u00e1tica, evitando la alimentaci\u00f3n manual directa para mejorar la seguridad y eficiencia.<\/li>    <li>El motor y el eje de corte est\u00e1n conectados por transmisi\u00f3n por correa, cadena o engranajes para lograr una reducci\u00f3n de velocidad adecuada.<\/li>    <li>La m\u00e1quina cortadora de paja utiliza acero al manganeso grueso y actualizado <a href=\"https:\/\/en.wikipedia.org\/wiki\/Mangalloy\" target=\"_blank\" rel=\"noopener\">acero al manganeso<\/a> cuchillas, que son resistentes al desgaste y tienen una larga vida \u00fatil.<\/li>    <li>Hay un mango externo que permite ajustar manualmente la brecha entre la cuchilla y la alimentaci\u00f3n para controlar la longitud del corte y el tama\u00f1o de las part\u00edculas de hierba final.<\/li> <\/ol>    <figure class=\"wp-block-gallery aligncenter has-nested-images columns-2 is-cropped wp-block-gallery-3 is-layout-flex wp-block-gallery-is-layout-flex\"> <figure class=\"wp-block-image size-full\"><img loading=\"lazy\" decoding=\"async\" width=\"720\" height=\"540\" data-id=\"1041\" src=\"https:\/\/corn-machine.com\/wp-content\/uploads\/2025\/11\/silage-cutter.webp\" alt=\"cortadora de ensilaje\" class=\"wp-image-1041\" title=\"\" srcset=\"https:\/\/corn-machine.com\/wp-content\/uploads\/2025\/11\/silage-cutter.webp 720w, https:\/\/corn-machine.com\/wp-content\/uploads\/2025\/11\/silage-cutter-300x225.webp 300w, https:\/\/corn-machine.com\/wp-content\/uploads\/2025\/11\/silage-cutter-16x12.webp 16w\" sizes=\"auto, (max-width: 720px) 100vw, 720px\" \/><figcaption class=\"wp-element-caption\">cortadora de ensilaje<\/figcaption><\/figure>    <figure class=\"wp-block-image size-full\"><img loading=\"lazy\" decoding=\"async\" width=\"720\" height=\"540\" data-id=\"1050\" src=\"https:\/\/corn-machine.com\/wp-content\/uploads\/2025\/11\/blades-of-green-forage-chopper.webp\" alt=\"cuchillas de la picadora de forraje verde\" class=\"wp-image-1050\" title=\"\" srcset=\"https:\/\/corn-machine.com\/wp-content\/uploads\/2025\/11\/blades-of-green-forage-chopper.webp 720w, https:\/\/corn-machine.com\/wp-content\/uploads\/2025\/11\/blades-of-green-forage-chopper-300x225.webp 300w, https:\/\/corn-machine.com\/wp-content\/uploads\/2025\/11\/blades-of-green-forage-chopper-16x12.webp 16w\" sizes=\"auto, (max-width: 720px) 100vw, 720px\" \/><figcaption class=\"wp-element-caption\">cuchillas de la picadora de forraje verde<\/figcaption><\/figure> <\/figure>    <h2 class=\"wp-block-heading\"><strong>Par\u00e1metros t\u00e9cnicos y comparaci\u00f3n de modelos de la m\u00e1quina cortadora de paja<\/strong><\/h2>    <figure class=\"wp-block-table\"><table class=\"has-fixed-layout\"><tbody><tr><td>Modelo<\/td><td class=\"has-text-align-center\" data-align=\"center\">9Z-0.4<\/td><td class=\"has-text-align-center\" data-align=\"center\">9Z-0.4A<\/td><\/tr><tr><td>Fuerza<\/td><td class=\"has-text-align-center\" data-align=\"center\">2,2 kw<\/td><td class=\"has-text-align-center\" data-align=\"center\">2,2 kw<\/td><\/tr><tr><td>Velocidad de rotaci\u00f3n<\/td><td class=\"has-text-align-center\" data-align=\"center\">2800r\/min<\/td><td class=\"has-text-align-center\" data-align=\"center\">2800r\/min<\/td><\/tr><tr><td>Tama\u00f1o de corte<\/td><td class=\"has-text-align-center\" data-align=\"center\">7\/20mm<\/td><td class=\"has-text-align-center\" data-align=\"center\">7\/20mm<\/td><\/tr><tr><td>Cantidad de cuchillas<\/td><td class=\"has-text-align-center\" data-align=\"center\">4\/6 piezas<\/td><td class=\"has-text-align-center\" data-align=\"center\">4\/6 piezas<\/td><\/tr><tr><td>Dimensi\u00f3n total<\/td><td class=\"has-text-align-center\" data-align=\"center\">1075*510*850mm<\/td><td class=\"has-text-align-center\" data-align=\"center\">1075*510*1100mm<\/td><\/tr><tr><td>Tama\u00f1o de embalaje<\/td><td class=\"has-text-align-center\" data-align=\"center\">600*500*400mm<\/td><td class=\"has-text-align-center\" data-align=\"center\">600*500*400mm<\/td><\/tr><tr><td>Peso<\/td><td class=\"has-text-align-center\" data-align=\"center\">48kg<\/td><td class=\"has-text-align-center\" data-align=\"center\">52kg<\/td><\/tr><tr><td>Capacidad<\/td><td class=\"has-text-align-center\" data-align=\"center\">400-500kg\/h<\/td><td class=\"has-text-align-center\" data-align=\"center\">400-800kg\/h<\/td><\/tr><\/tbody><\/table><figcaption class=\"wp-element-caption\">par\u00e1metros de la m\u00e1quina cortadora de paja peque\u00f1a<\/figcaption><\/figure>    <p>El ancho est\u00e1ndar de la c\u00e1mara de trituraci\u00f3n est\u00e1 fijo en 240 mm. Pero el ancho tanto de la c\u00e1mara de trituraci\u00f3n como de la tolva de alimentaci\u00f3n var\u00eda seg\u00fan el n\u00famero de cuchillas.<\/p>    <ul class=\"wp-block-list\"> <li>Modelos de 4 cuchillas: ancho de la c\u00e1mara de trituraci\u00f3n aproximadamente 24 cm, ancho de la tolva de alimentaci\u00f3n aproximadamente 23 cm y 40 cm.<\/li>    <li>Modelos de 6 cuchillas: ancho de la c\u00e1mara de trituraci\u00f3n aproximadamente 31 cm, ancho del tolva de alimentaci\u00f3n aproximadamente 30 cm y 41 cm.<\/li> <\/ul>   <div class=\"wp-block-image\"> <figure class=\"aligncenter size-full\"><img loading=\"lazy\" decoding=\"async\" width=\"720\" height=\"540\" src=\"https:\/\/corn-machine.com\/wp-content\/uploads\/2025\/11\/chaff-cutter.webp\" alt=\"cortadora de paja\" class=\"wp-image-1042\" title=\"\" srcset=\"https:\/\/corn-machine.com\/wp-content\/uploads\/2025\/11\/chaff-cutter.webp 720w, https:\/\/corn-machine.com\/wp-content\/uploads\/2025\/11\/chaff-cutter-300x225.webp 300w, https:\/\/corn-machine.com\/wp-content\/uploads\/2025\/11\/chaff-cutter-16x12.webp 16w\" sizes=\"auto, (max-width: 720px) 100vw, 720px\" \/><figcaption class=\"wp-element-caption\">cortadora de paja<\/figcaption><\/figure> <\/div>   <h2 class=\"wp-block-heading\"><strong>Recomendaciones de uso y mantenimiento para la picadora de forraje<\/strong><\/h2>    <h3 class=\"wp-block-heading\"><strong>Instrucciones de uso para la cortadora de ensilaje<\/strong><\/h3>    <ol class=\"wp-block-list\"> <li>Antes de usar esta m\u00e1quina cortadora de paja, verifique que todos los tornillos est\u00e9n apretados, que la cuchilla est\u00e9 afilada y que la tensi\u00f3n de la correa sea adecuada.<\/li>    <li>Alimenta de manera uniforme y continua el ensilaje y otros materiales. No alimentes en exceso ni mezcles objetos duros como metal o piedras.<\/li>    <li>La longitud de corte solo puede ajustarse cambiando la marcha o la brecha de la cuchilla cuando la m\u00e1quina est\u00e1 detenida.<\/li> <\/ol>    <h3 class=\"wp-block-heading\"><strong>Recomendaciones de mantenimiento para la cortadora de paja<\/strong><\/h3>    <ol class=\"wp-block-list\"> <li>Despu\u00e9s de usar, limpie r\u00e1pidamente la cavidad de la m\u00e1quina para evitar \u00f3xido y obstrucciones.<\/li>    <li>Si la fuente de energ\u00eda es un motor el\u00e9ctrico, mant\u00e9ngalo seco y bien ventilado para evitar operarlo en ambientes lluviosos o con alta humedad.<\/li>    <li>Verifique regularmente el desgaste de las cuchillas y correas, af\u00edlielas o reempl\u00e1celas a tiempo para prolongar la vida \u00fatil de la m\u00e1quina.<\/li> <\/ol>    <h2 class=\"wp-block-heading\"><strong>Caso de \u00e9xito: proyecto agr\u00edcola ugand\u00e9s compr\u00f3 250 unidades de m\u00e1quinas cortadoras de paja<\/strong><\/h2>    <p>El a\u00f1o pasado, Taizy colabor\u00f3 con clientes para completar un proyecto agr\u00edcola en Uganda. Este proyecto se utilizar\u00e1 para el desarrollo de la ganader\u00eda de peque\u00f1a y mediana escala local, apoyando cooperativas de agricultores y la modernizaci\u00f3n agr\u00edcola regional.<\/p>    <figure class=\"wp-block-gallery has-nested-images columns-2 is-cropped wp-block-gallery-4 is-layout-flex wp-block-gallery-is-layout-flex\"> <figure class=\"wp-block-image size-large\"><img loading=\"lazy\" decoding=\"async\" width=\"720\" height=\"540\" data-id=\"1046\" src=\"https:\/\/corn-machine.com\/wp-content\/uploads\/2025\/11\/silage-chaff-cutter-in-storehouse.webp\" alt=\"cortadora de ensilaje en el almac\u00e9n\" class=\"wp-image-1046\" title=\"\" srcset=\"https:\/\/corn-machine.com\/wp-content\/uploads\/2025\/11\/silage-chaff-cutter-in-storehouse.webp 720w, https:\/\/corn-machine.com\/wp-content\/uploads\/2025\/11\/silage-chaff-cutter-in-storehouse-300x225.webp 300w, https:\/\/corn-machine.com\/wp-content\/uploads\/2025\/11\/silage-chaff-cutter-in-storehouse-16x12.webp 16w\" sizes=\"auto, (max-width: 720px) 100vw, 720px\" \/><figcaption class=\"wp-element-caption\">cortadora de ensilaje en el almac\u00e9n<\/figcaption><\/figure>    <figure class=\"wp-block-image size-large\"><img loading=\"lazy\" decoding=\"async\" width=\"720\" height=\"540\" data-id=\"1047\" src=\"https:\/\/corn-machine.com\/wp-content\/uploads\/2025\/11\/Completed-mini-forage-chopper-machine.webp\" alt=\"Picadora de forraje mini terminada\" class=\"wp-image-1047\" title=\"\" srcset=\"https:\/\/corn-machine.com\/wp-content\/uploads\/2025\/11\/Completed-mini-forage-chopper-machine.webp 720w, https:\/\/corn-machine.com\/wp-content\/uploads\/2025\/11\/Completed-mini-forage-chopper-machine-300x225.webp 300w, https:\/\/corn-machine.com\/wp-content\/uploads\/2025\/11\/Completed-mini-forage-chopper-machine-16x12.webp 16w\" sizes=\"auto, (max-width: 720px) 100vw, 720px\" \/><figcaption class=\"wp-element-caption\">Picadora de forraje mini terminada<\/figcaption><\/figure>    <figure class=\"wp-block-image size-large\"><img loading=\"lazy\" decoding=\"async\" width=\"720\" height=\"540\" data-id=\"1049\" src=\"https:\/\/corn-machine.com\/wp-content\/uploads\/2025\/11\/packaging-the-silage-cutter.webp\" alt=\"embalaje de la cortadora de ensilaje\" class=\"wp-image-1049\" title=\"\" srcset=\"https:\/\/corn-machine.com\/wp-content\/uploads\/2025\/11\/packaging-the-silage-cutter.webp 720w, https:\/\/corn-machine.com\/wp-content\/uploads\/2025\/11\/packaging-the-silage-cutter-300x225.webp 300w, https:\/\/corn-machine.com\/wp-content\/uploads\/2025\/11\/packaging-the-silage-cutter-16x12.webp 16w\" sizes=\"auto, (max-width: 720px) 100vw, 720px\" \/><figcaption class=\"wp-element-caption\">embalaje de la cortadora de ensilaje<\/figcaption><\/figure>    <figure class=\"wp-block-image size-large\"><img loading=\"lazy\" decoding=\"async\" width=\"720\" height=\"540\" data-id=\"1048\" src=\"https:\/\/corn-machine.com\/wp-content\/uploads\/2025\/11\/loading-the-chaff-cutter.webp\" alt=\"cargando la cortadora de paja\" class=\"wp-image-1048\" title=\"\" srcset=\"https:\/\/corn-machine.com\/wp-content\/uploads\/2025\/11\/loading-the-chaff-cutter.webp 720w, https:\/\/corn-machine.com\/wp-content\/uploads\/2025\/11\/loading-the-chaff-cutter-300x225.webp 300w, https:\/\/corn-machine.com\/wp-content\/uploads\/2025\/11\/loading-the-chaff-cutter-16x12.webp 16w\" sizes=\"auto, (max-width: 720px) 100vw, 720px\" \/><figcaption class=\"wp-element-caption\">cargando la cortadora de paja<\/figcaption><\/figure> <\/figure>    <p class=\"translation-block\">Despu\u00e9s de decidirse el proyecto, nuestro cliente visit\u00f3 personalmente nuestra f\u00e1brica en China y prob\u00f3 las m\u00e1quinas cortadoras de paja. Finalmente, confirmamos el pedido de<strong>250 unidades de 9ZR y otras piezas de repuesto correspondientes<\/strong>, que ser\u00edan embaladas y enviadas en un contenedor completo a Kampala, la capital de Uganda.<\/p>    <figure class=\"wp-block-embed aligncenter is-type-video is-provider-youtube wp-block-embed-youtube wp-embed-aspect-16-9 wp-has-aspect-ratio\"><div class=\"wp-block-embed__wrapper\"> <iframe loading=\"lazy\" title=\"\u00a1Cliente ugand\u00e9s orden\u00f3 250 m\u00e1quinas cortadoras de paja Taizy para carga de picadoras de forraje para exportaci\u00f3n!\" width=\"500\" height=\"281\" src=\"https:\/\/www.youtube.com\/embed\/N0SzeVsYJXw?feature=oembed\" frameborder=\"0\" allow=\"accelerometer; autoplay; clipboard-write; encrypted-media; gyroscope; picture-in-picture; web-share\" referrerpolicy=\"strict-origin-when-cross-origin\" allowfullscreen><\/iframe> <\/div><figcaption class=\"wp-element-caption\">cargando la cortadora de paja <\/figcaption><\/figure>    <h2 class=\"wp-block-heading\"><strong>\u00bfQu\u00e9 puede ofrecerte Taizy?<\/strong><\/h2>    <ol class=\"wp-block-list\"> <li>Tenemos nuestro <strong>propia f\u00e1brica<\/strong>, asegurando alta calidad del producto, precios transparentes y soporte para embalaje de exportaci\u00f3n.<\/li>    <li>Taizy tiene m\u00e1s de <strong>40 a\u00f1os de experiencia en fabricaci\u00f3n de maquinaria <\/strong>y m\u00e1s de 10 a\u00f1os en exportaci\u00f3n internacional. No solo contamos con l\u00edneas de producci\u00f3n completas para garantizar un suministro a largo plazo, sino que tambi\u00e9n ofrecemos excelentes servicios de transporte.<\/li>    <li>Despu\u00e9s de la producci\u00f3n, cada <strong>la m\u00e1quina pasa por pruebas operativas<\/strong> para garantizar que su calidad cumpla con los requisitos para compras a gran escala.<\/li>    <li>Tenemos <strong>rica experiencia en la cooperaci\u00f3n con proyectos a gran escala<\/strong>, incluyendo Google Ads y proyectos gubernamentales nacionales.<\/li> <\/ol>    <h2 class=\"wp-block-heading\"><strong>\u00a1Cont\u00e1ctanos para la \u00faltima cotizaci\u00f3n!<\/strong><\/h2>    <p class=\"translation-block\">If you want to find a reliable agricultural manufacturer for your business or project, Taizy provides the most genuine prices, the most comprehensive services, and the best guarantees. <strong>If you have the same needs, don&#8217;t hesitate to contact us!<\/strong><\/p>    <p class=\"translation-block\">Si eres un aut\u00f3nomo que busca una cosechadora de ensilaje que combine cosecha y trituraci\u00f3n, haz clic en este enlace del producto:<a href=\"https:\/\/corn-machine.com\/es\/product\/corn-silage-harvester\/\">Cosechadora de ensilaje de ma\u00edz<\/a>.<\/p>","protected":false},"excerpt":{"rendered":"<p>This small chaff cutter machine is suitable for primary feed processing in cattle and sheep farms. It can process 400-800 kg of dry or wet silage per hour. We are a factory direct seller, offering transparent pricing and superior quality.<\/p>","protected":false},"author":1,"featured_media":1168,"parent":0,"template":"","tags":[55,58],"product-type":[57],"class_list":["post-1036","product","type-product","status-publish","has-post-thumbnail","hentry","tag-cornsilage","tag-cornstalk","product-type-corn-stalk-silage-crusher"],"_links":{"self":[{"href":"https:\/\/corn-machine.com\/es\/wp-json\/wp\/v2\/product\/1036","targetHints":{"allow":["GET"]}}],"collection":[{"href":"https:\/\/corn-machine.com\/es\/wp-json\/wp\/v2\/product"}],"about":[{"href":"https:\/\/corn-machine.com\/es\/wp-json\/wp\/v2\/types\/product"}],"author":[{"embeddable":true,"href":"https:\/\/corn-machine.com\/es\/wp-json\/wp\/v2\/users\/1"}],"wp:featuredmedia":[{"embeddable":true,"href":"https:\/\/corn-machine.com\/es\/wp-json\/wp\/v2\/media\/1168"}],"wp:attachment":[{"href":"https:\/\/corn-machine.com\/es\/wp-json\/wp\/v2\/media?parent=1036"}],"wp:term":[{"taxonomy":"post_tag","embeddable":true,"href":"https:\/\/corn-machine.com\/es\/wp-json\/wp\/v2\/tags?post=1036"},{"taxonomy":"product-type","embeddable":true,"href":"https:\/\/corn-machine.com\/es\/wp-json\/wp\/v2\/product-type?post=1036"}],"curies":[{"name":"wp","href":"https:\/\/api.w.org\/{rel}","templated":true}]}}