{"id":1115,"date":"2025-12-04T14:26:44","date_gmt":"2025-12-04T06:26:44","guid":{"rendered":"https:\/\/corn-machine.com\/?post_type=product&#038;p=1115"},"modified":"2025-12-04T14:38:43","modified_gmt":"2025-12-04T06:38:43","slug":"one-row-corn-harvest-machine","status":"publish","type":"product","link":"https:\/\/corn-machine.com\/es\/product\/one-row-corn-harvest-machine\/","title":{"rendered":"Una m\u00e1quina de cosecha de ma\u00edz de una fila para una f\u00e1cil recolecci\u00f3n de ma\u00edz"},"content":{"rendered":"<p class=\"translation-block\">Esta m\u00e1quina de cosecha de ma\u00edz compacta y rentable  est\u00e1 dise\u00f1ada para parcelas peque\u00f1as, \u00e1reas monta\u00f1osas, tierras dispersas y peque\u00f1as explotaciones familiares. Su dise\u00f1o compacto permite a los operadores navegar f\u00e1cilmente por campos estrechos, completando corte, cosecha, transporte y trituraci\u00f3n de paja en una sola operaci\u00f3n. <\/p>    <p>Es una soluci\u00f3n ideal para mejorar la productividad y reducir los costos laborales, por lo que tambi\u00e9n es popular en Asia, \u00c1frica y Am\u00e9rica Latina, donde hay muchos agricultores que utilizan el m\u00e9todo de siembra en hilera sencilla.<\/p>    <figure class=\"wp-block-embed aligncenter is-type-video is-provider-youtube wp-block-embed-youtube wp-embed-aspect-16-9 wp-has-aspect-ratio\"><div class=\"wp-block-embed__wrapper\"> <iframe loading=\"lazy\" title=\"Prueba de la m\u00e1quina cosechadora de ma\u00edz: cortando y recolectando en hileras estrechas \ud83d\ude9c\ud83d\udca8Contacto:  8617703863868\" width=\"500\" height=\"281\" src=\"https:\/\/www.youtube.com\/embed\/fWSmTylF2y4?feature=oembed\" frameborder=\"0\" allow=\"accelerometer; autoplay; clipboard-write; encrypted-media; gyroscope; picture-in-picture; web-share\" referrerpolicy=\"strict-origin-when-cross-origin\" allowfullscreen><\/iframe> <\/div><figcaption class=\"wp-element-caption\">video de prueba en campo de la m\u00e1quina cosechadora de ma\u00edz<\/figcaption><\/figure>    <h2 class=\"wp-block-heading\"><strong>Aspectos destacados de la m\u00e1quina de cosechar ma\u00edz Taizy<\/strong><\/h2>    <ul class=\"wp-block-list\"> <li>Esta cosechadora de ma\u00edz de 3\u20133.65 m (longitud) y aproximadamente 0.85\u20131 m (ancho), permite una operaci\u00f3n eficiente en espacios de hilera estrecha o parcelas irregulares donde maquinaria m\u00e1s grande no puede operar.<\/li>    <li>La cosechadora de ma\u00edz Taizy emplea un sistema de cosecha de doble rodillo para garantizar una cosecha estable y reducir la p\u00e9rdida de granos. Este dise\u00f1o es especialmente adecuado para: ma\u00edz de mazorca peque\u00f1a, siembra de densidad media y explotaciones de peque\u00f1os agricultores.<\/li>    <li>Nuestra m\u00e1quina mejorada ahora incluye un asiento, reduciendo la intensidad laboral y permiti\u00e9ndote cosechar el ma\u00edz sentado, ahorrando tiempo y esfuerzo.<\/li>    <li>La m\u00e1quina de cosecha de ma\u00edz mejorada ahora est\u00e1 equipada con un sistema de corte de cuchillas rotativas que corta los tallos durante la cosecha, tritur\u00e1ndolos para facilitar su retorno al campo y alimentar al ganado.<\/li>    <li>Cuenta con un dise\u00f1o de caminata y una pista de ruedas ajustable (650 mm o 800\u2013900 mm ajustable), por lo que incluso operadores sin experiencia mec\u00e1nica pueden comenzar f\u00e1cilmente tras una capacitaci\u00f3n sencilla.<\/li> <\/ul>   <div class=\"wp-block-image\"> <figure class=\"aligncenter size-full\"><img loading=\"lazy\" decoding=\"async\" width=\"720\" height=\"540\" src=\"https:\/\/corn-machine.com\/wp-content\/uploads\/2025\/12\/corn-cob-harvester.webp\" alt=\"Recolector autom\u00e1tico de mazorcas de ma\u00edz\" class=\"wp-image-1121\" title=\"\" srcset=\"https:\/\/corn-machine.com\/wp-content\/uploads\/2025\/12\/corn-cob-harvester.webp 720w, https:\/\/corn-machine.com\/wp-content\/uploads\/2025\/12\/corn-cob-harvester-300x225.webp 300w, https:\/\/corn-machine.com\/wp-content\/uploads\/2025\/12\/corn-cob-harvester-16x12.webp 16w\" sizes=\"auto, (max-width: 720px) 100vw, 720px\" \/><figcaption class=\"wp-element-caption\">Recolector de mazorcas de ma\u00edz<\/figcaption><\/figure> <\/div>   <h2 class=\"wp-block-heading\"><strong>Dos modelos diferentes y sus especificaciones t\u00e9cnicas<\/strong><\/h2>    <figure class=\"wp-block-table\"><table class=\"has-fixed-layout\"><tbody><tr><td>Modelo<\/td><td class=\"has-text-align-center\" data-align=\"center\">Tipo de motor: 19 kW<\/td><td class=\"has-text-align-center\" data-align=\"center\">Tipo de motor: 10.35 kW<\/td><\/tr><tr><td>Ancho de trabajo<\/td><td class=\"has-text-align-center\" data-align=\"center\">650 mm<\/td><td class=\"has-text-align-center\" data-align=\"center\">400\u2013500 mm<\/td><\/tr><tr><td>Altura libre del suelo<\/td><td class=\"has-text-align-center\" data-align=\"center\">200 mm<\/td><td class=\"has-text-align-center\" data-align=\"center\">100\u2013160 mm<\/td><\/tr><tr><td>Productividad<\/td><td class=\"has-text-align-center\" data-align=\"center\">0.05\u20130.12 h\u33a1\/h<\/td><td class=\"has-text-align-center\" data-align=\"center\">0.067 h\u33a1\/h<\/td><\/tr><tr><td>Sistema de recolecci\u00f3n<\/td><td class=\"has-text-align-center\" data-align=\"center\">Tracci\u00f3n descendente de doble rodillo<\/td><td class=\"has-text-align-center\" data-align=\"center\">Tracci\u00f3n descendente de doble rodillo<\/td><\/tr><tr><td>Corte de tallos<\/td><td class=\"has-text-align-center\" data-align=\"center\">Cuchilla rotatoria<\/td><td class=\"has-text-align-center\" data-align=\"center\">Cuchilla rotatoria<\/td><\/tr><tr><td>Pista de ruedas ajustable<\/td><td class=\"has-text-align-center\" data-align=\"center\">800\u2013900 mm<\/td><td class=\"has-text-align-center\" data-align=\"center\">800\u2013900 mm<\/td><\/tr><tr><td>Dimensiones<\/td><td class=\"has-text-align-center\" data-align=\"center\">3650\u00d71000\u00d71270 mm<\/td><td class=\"has-text-align-center\" data-align=\"center\">3000\u00d7850\u00d71100 mm<\/td><\/tr><tr><td>Peso<\/td><td class=\"has-text-align-center\" data-align=\"center\">980 kg<\/td><td class=\"has-text-align-center\" data-align=\"center\">1450\u20132000 kg<\/td><\/tr><\/tbody><\/table><figcaption class=\"wp-element-caption\">par\u00e1metros de la m\u00e1quina de cosechar ma\u00edz<\/figcaption><\/figure>    <p>Ofrecemos diferentes modelos para satisfacer sus necesidades de eficiencia. Si tiene alguna pregunta, no dude en contactar con nuestro servicio de atenci\u00f3n al cliente para ayuda.<\/p>    <h2 class=\"wp-block-heading\"><strong>Aplicaciones de esta cosechadora de mazorcas de ma\u00edz<\/strong><\/h2>    <p>Las cosechadoras de ma\u00edz son adecuadas para diversos usuarios, incluidos peque\u00f1os agricultores con recursos y tierras limitadas, permiti\u00e9ndoles cosechar ma\u00edz de manera r\u00e1pida y eficiente.<\/p>    <p>Las cooperativas y las organizaciones de productores agr\u00edcolas tambi\u00e9n pueden compartir costos mediante compras colectivas, mejorando as\u00ed la eficiencia en la utilizaci\u00f3n de maquinaria, especialmente en zonas rurales con granjas dispersas.<\/p>    <p>The corn harvest machine&#8217;s design is particularly convenient for field operations in developing regions, making it ideal for small-scale corn growers in Asia, Africa, and Latin America.<\/p>    <h2 class=\"wp-block-heading\"><strong>\u00bfC\u00f3mo funciona la m\u00e1quina de cosechar ma\u00edz?<\/strong><\/h2>    <p>Nuestro cosechador de ma\u00edz funciona con un motor, que impulsa un sistema de tracci\u00f3n de doble rodillo para tirar de las mazorcas de ma\u00edz desde las espigas. Al mismo tiempo, los rodillos giran a una velocidad controlada para garantizar una cosecha suave y minimizar da\u00f1os a los granos de ma\u00edz. Este es el sistema de potencia y transmisi\u00f3n de un cosechador de ma\u00edz.<\/p>    <p>The rotating blade system cuts the corn stalks. The cutting action occurs simultaneously with the machine&#8217;s movement, facilitating corn collection and felling the stalks at the same time. <\/p>    <p>Su sistema de cosecha de doble rodillo es principalmente responsable de tirar de las mazorcas de ma\u00edz hacia la m\u00e1quina, separarlas de las tallos en su interior y luego usar un sistema de trituraci\u00f3n de paja para triturar finamente la paja restante.<\/p>    <figure class=\"wp-block-gallery has-nested-images columns-default is-cropped wp-block-gallery-2 is-layout-flex wp-block-gallery-is-layout-flex\"> <figure class=\"wp-block-image size-large\"><img loading=\"lazy\" decoding=\"async\" width=\"720\" height=\"540\" data-id=\"1122\" src=\"https:\/\/corn-machine.com\/wp-content\/uploads\/2025\/12\/corn-harvester-machine.webp\" alt=\"m\u00e1quina cosechadora de ma\u00edz\" class=\"wp-image-1122\" title=\"\" srcset=\"https:\/\/corn-machine.com\/wp-content\/uploads\/2025\/12\/corn-harvester-machine.webp 720w, https:\/\/corn-machine.com\/wp-content\/uploads\/2025\/12\/corn-harvester-machine-300x225.webp 300w, https:\/\/corn-machine.com\/wp-content\/uploads\/2025\/12\/corn-harvester-machine-16x12.webp 16w\" sizes=\"auto, (max-width: 720px) 100vw, 720px\" \/><figcaption class=\"wp-element-caption\">m\u00e1quina cosechadora de ma\u00edz<\/figcaption><\/figure>    <figure class=\"wp-block-image size-large\"><img loading=\"lazy\" decoding=\"async\" width=\"720\" height=\"540\" data-id=\"1123\" src=\"https:\/\/corn-machine.com\/wp-content\/uploads\/2025\/12\/maize-picker.webp\" alt=\"recolector de ma\u00edz\" class=\"wp-image-1123\" title=\"\" srcset=\"https:\/\/corn-machine.com\/wp-content\/uploads\/2025\/12\/maize-picker.webp 720w, https:\/\/corn-machine.com\/wp-content\/uploads\/2025\/12\/maize-picker-300x225.webp 300w, https:\/\/corn-machine.com\/wp-content\/uploads\/2025\/12\/maize-picker-16x12.webp 16w\" sizes=\"auto, (max-width: 720px) 100vw, 720px\" \/><figcaption class=\"wp-element-caption\">recolector de ma\u00edz<\/figcaption><\/figure> <\/figure>    <h2 class=\"wp-block-heading\"><strong>Preguntas frecuentes sobre este recolector de ma\u00edz<\/strong><\/h2>   <div id=\"rank-math-faq\" class=\"rank-math-block\"> <div class=\"rank-math-list\"> <div id=\"faq-question-1764826101473\" class=\"rank-math-list-item\"> <h3 class=\"rank-math-question\"><strong>\u00bfCu\u00e1l es el consumo de combustible de la m\u00e1quina de corte y recolecci\u00f3n de ma\u00edz?<\/strong><\/h3> <div class=\"rank-math-answer\">  <p>El consumo de combustible suele ser de 0.2 a 0.5 litros por hora, dependiendo del tama\u00f1o de la finca, el terreno y la velocidad de cosecha.<\/p>  <\/div> <\/div> <div id=\"faq-question-1764826131515\" class=\"rank-math-list-item\"> <h3 class=\"rank-math-question\"><strong>\u00bfCu\u00e1nto tiempo tarda en cosechar una acre de ma\u00edz con esta m\u00e1quina?<\/strong><\/h3> <div class=\"rank-math-answer\">  <p>Generalmente cosecha de 0.05\u20130.12 hect\u00e1reas por hora, lo que significa que puede cosechar una acre (aproximadamente 0.4 hect\u00e1reas) en 3\u20136 horas.<\/p>  <\/div> <\/div> <div id=\"faq-question-1764826185344\" class=\"rank-math-list-item\"> <h3 class=\"rank-math-question\"><strong>\u00bfSe puede usar esta m\u00e1quina de cosechar ma\u00edz en terrenos monta\u00f1osos o irregulares?<\/strong><\/h3> <div class=\"rank-math-answer\">  <p>\u00a1S\u00ed! Esta cosechadora de ma\u00edz est\u00e1 dise\u00f1ada para terrenos monta\u00f1osos o irregulares. Las ruedas ajustables y un dise\u00f1o compacto permiten navegar f\u00e1cilmente por pendientes y hileras estrechas.<\/p>  <\/div> <\/div> <div id=\"faq-question-1764826378623\" class=\"rank-math-list-item\"> <h3 class=\"rank-math-question\">\u00bfSe puede usar el recolector de mazorcas de ma\u00edz para otras cosechas?<\/h3> <div class=\"rank-math-answer\">  <p>Esta m\u00e1quina de cosecha est\u00e1 dise\u00f1ada espec\u00edficamente para cosechar ma\u00edz. Si la usas para cosechar otras cosechas, puede que no sea muy efectiva ni adecuada.<\/p>  <\/div> <\/div> <\/div> <\/div>  <div class=\"wp-block-image\"> <figure class=\"aligncenter size-full\"><img loading=\"lazy\" decoding=\"async\" width=\"720\" height=\"540\" src=\"https:\/\/corn-machine.com\/wp-content\/uploads\/2025\/12\/small-scale-corn-harvester.webp\" alt=\"cosechadora de ma\u00edz de peque\u00f1a escala\" class=\"wp-image-1124\" title=\"\" srcset=\"https:\/\/corn-machine.com\/wp-content\/uploads\/2025\/12\/small-scale-corn-harvester.webp 720w, https:\/\/corn-machine.com\/wp-content\/uploads\/2025\/12\/small-scale-corn-harvester-300x225.webp 300w, https:\/\/corn-machine.com\/wp-content\/uploads\/2025\/12\/small-scale-corn-harvester-16x12.webp 16w\" sizes=\"auto, (max-width: 720px) 100vw, 720px\" \/><figcaption class=\"wp-element-caption\">cosechadora de ma\u00edz de peque\u00f1a escala<\/figcaption><\/figure> <\/div>   <p>Si est\u00e1 interesado en esta m\u00e1quina de cosechar ma\u00edz, por favor cont\u00e1ctenos v\u00eda WhatsApp o correo electr\u00f3nico para la cotizaci\u00f3n m\u00e1s reciente. Taizy se compromete a brindar la mayor asistencia para su desarrollo agr\u00edcola.<\/p>    <p>Tambi\u00e9n ofrecemos otros tipos de cosechadoras. Haga clic en estos enlaces si est\u00e1 interesado en ellos:<\/p>    <ul class=\"wp-block-list\"> <li><a href=\"https:\/\/corn-machine.com\/es\/product\/maquina-cosechadora-de-maiz\/\">M\u00e1quina cosechadora de ma\u00edz<\/a><\/li>    <li><a href=\"https:\/\/corn-machine.com\/es\/product\/corn-silage-harvester\/\">Cosechadora de ensilaje de ma\u00edz<\/a><\/li> <\/ul>","protected":false},"excerpt":{"rendered":"<p>This corn harvester is available with either a 19 kW or a 10.35 kW engine. Its compact structure makes it ideal for harvesting in narrow rows and hilly terrain. It is easy to operate and has low maintenance costs.<\/p>","protected":false},"author":1,"featured_media":1120,"parent":0,"template":"","tags":[31],"product-type":[40],"class_list":["post-1115","product","type-product","status-publish","has-post-thumbnail","hentry","tag-corn","product-type-corn-harvesting-machine"],"_links":{"self":[{"href":"https:\/\/corn-machine.com\/es\/wp-json\/wp\/v2\/product\/1115","targetHints":{"allow":["GET"]}}],"collection":[{"href":"https:\/\/corn-machine.com\/es\/wp-json\/wp\/v2\/product"}],"about":[{"href":"https:\/\/corn-machine.com\/es\/wp-json\/wp\/v2\/types\/product"}],"author":[{"embeddable":true,"href":"https:\/\/corn-machine.com\/es\/wp-json\/wp\/v2\/users\/1"}],"wp:featuredmedia":[{"embeddable":true,"href":"https:\/\/corn-machine.com\/es\/wp-json\/wp\/v2\/media\/1120"}],"wp:attachment":[{"href":"https:\/\/corn-machine.com\/es\/wp-json\/wp\/v2\/media?parent=1115"}],"wp:term":[{"taxonomy":"post_tag","embeddable":true,"href":"https:\/\/corn-machine.com\/es\/wp-json\/wp\/v2\/tags?post=1115"},{"taxonomy":"product-type","embeddable":true,"href":"https:\/\/corn-machine.com\/es\/wp-json\/wp\/v2\/product-type?post=1115"}],"curies":[{"name":"wp","href":"https:\/\/api.w.org\/{rel}","templated":true}]}}