{"id":1134,"date":"2025-12-12T15:45:48","date_gmt":"2025-12-12T07:45:48","guid":{"rendered":"https:\/\/corn-machine.com\/?post_type=product&#038;p=1134"},"modified":"2025-12-15T11:14:54","modified_gmt":"2025-12-15T03:14:54","slug":"multi-functional-straw-shredder","status":"publish","type":"product","link":"https:\/\/corn-machine.com\/es\/product\/multi-functional-straw-shredder\/","title":{"rendered":"Trituradora de paja multifuncional y molinillo de ma\u00edz"},"content":{"rendered":"<p class=\"translation-block\">Este  triturador de paja multifuncional  est\u00e1 dise\u00f1ado para agricultores, peque\u00f1as plantas de procesamiento de pienso y criadores de ganado, integrando el picado de paja, la trituraci\u00f3n de hierba y la molienda de granos en una sola  m\u00e1quina, mejorando significativamente la eficiencia en la preparaci\u00f3n del alimento.<\/p>    <p>Se utiliza ampliamente para procesar ingredientes de alimentaci\u00f3n animal como hojas de palma, forraje verde, heno, tallos de ma\u00edz, mazorcas de ma\u00edz, granos y semillas de palma datilera. Su capacidad de procesamiento por hora es de 300-1200 kg, con diversas fuentes de energ\u00eda, como motores el\u00e9ctricos, di\u00e9sel o gasolina.<\/p>    <figure class=\"wp-block-embed aligncenter is-type-video is-provider-youtube wp-block-embed-youtube wp-embed-aspect-16-9 wp-has-aspect-ratio\"><div class=\"wp-block-embed__wrapper\"> <iframe loading=\"lazy\" title=\"Corte de heno   trituraci\u00f3n de granos en una sola m\u00e1quina | Prueba de trituradora de paja multifuncional  8617703863868\" width=\"500\" height=\"281\" src=\"https:\/\/www.youtube.com\/embed\/-MVRyhCcH0s?feature=oembed\" frameborder=\"0\" allow=\"accelerometer; autoplay; clipboard-write; encrypted-media; gyroscope; picture-in-picture; web-share\" referrerpolicy=\"strict-origin-when-cross-origin\" allowfullscreen><\/iframe> <\/div><figcaption class=\"wp-element-caption\">video de prueba de la trituradora de paja<\/figcaption><\/figure>    <h2 class=\"wp-block-heading\"><strong>Ventajas de la cortadora y trituradora multifuncional de paja<\/strong><\/h2>    <ul class=\"wp-block-list\"> <li>La estructura de nuestro triturador de tallos de ma\u00edz est\u00e1 construida con acero de 4 mm de espesor y equipada con un chasis de hierro de 5 mm de espesor, garantizando durabilidad y estabilidad estructural.<\/li>    <li>Esta m\u00e1quina trituradora de paja utiliza cuchillas de corte tipo tijera, que ofrecen un rendimiento de corte superior y son adecuadas para materiales duros como hojas de palma, paja y heno.<\/li>    <li>El sistema de trituraci\u00f3n de m\u00faltiples cuchillas Taizy es ideal para producir hierba blanda de 3-10cm de largo. Tiene 4 cuchillas (8 cuchillas de corte triangulares por cuchilla), cada una de 7 cm de largo y 2 mm de grosor, hechas de acero inoxidable.<\/li>    <li>Adem\u00e1s, su sistema de molino de martillos consta de 16 martillos endurecidos, cada uno con un grosor de 2 mm, adecuado para triturar granos de ma\u00edz, <a href=\"https:\/\/en.wikipedia.org\/wiki\/Date_palm\" target=\"_blank\" rel=\"noopener\">semilla de d\u00e1til<\/a>mazorcas de ma\u00edz y otros granos.<\/li> <\/ul>    <figure class=\"wp-block-gallery has-nested-images columns-default is-cropped wp-block-gallery-2 is-layout-flex wp-block-gallery-is-layout-flex\"> <figure class=\"wp-block-image size-large\"><img loading=\"lazy\" decoding=\"async\" width=\"720\" height=\"540\" data-id=\"1145\" src=\"https:\/\/corn-machine.com\/wp-content\/uploads\/2025\/12\/parts-of-grass-chaff-cutter-machine.webp\" alt=\"partes de la m\u00e1quina cortadora de paja\" class=\"wp-image-1145\" title=\"\" srcset=\"https:\/\/corn-machine.com\/wp-content\/uploads\/2025\/12\/parts-of-grass-chaff-cutter-machine.webp 720w, https:\/\/corn-machine.com\/wp-content\/uploads\/2025\/12\/parts-of-grass-chaff-cutter-machine-300x225.webp 300w, https:\/\/corn-machine.com\/wp-content\/uploads\/2025\/12\/parts-of-grass-chaff-cutter-machine-16x12.webp 16w\" sizes=\"auto, (max-width: 720px) 100vw, 720px\" \/><figcaption class=\"wp-element-caption\">partes de la m\u00e1quina cortadora de paja<\/figcaption><\/figure>    <figure class=\"wp-block-image size-full\"><img loading=\"lazy\" decoding=\"async\" width=\"720\" height=\"540\" data-id=\"1147\" src=\"https:\/\/corn-machine.com\/wp-content\/uploads\/2025\/12\/corn-cutting-grinding-machine.webp\" alt=\"m\u00e1quina de corte y molienda de ma\u00edz\" class=\"wp-image-1147\" title=\"\" srcset=\"https:\/\/corn-machine.com\/wp-content\/uploads\/2025\/12\/corn-cutting-grinding-machine.webp 720w, https:\/\/corn-machine.com\/wp-content\/uploads\/2025\/12\/corn-cutting-grinding-machine-300x225.webp 300w, https:\/\/corn-machine.com\/wp-content\/uploads\/2025\/12\/corn-cutting-grinding-machine-16x12.webp 16w\" sizes=\"auto, (max-width: 720px) 100vw, 720px\" \/><figcaption class=\"wp-element-caption\">m\u00e1quina de corte y molienda de ma\u00edz<\/figcaption><\/figure> <\/figure>    <h2 class=\"wp-block-heading\"><strong>Dos tipos de cortadoras de paja agr\u00edcola<\/strong><\/h2>    <p>Nuestro modelo m\u00e1s vendido es el triturador de paja de cinco puertos 9ZF 500B. Tiene m\u00faltiples salidas, incluyendo tres puertos de descarga (alto, medio y bajo) y dos entradas de alimentaci\u00f3n. Es adecuado no solo para recolectar polvo de grano, sino tambi\u00e9n para triturar y cargar forraje con lanzamiento alto.<\/p>    <p>Este triturador de tallos de ma\u00edz de cuatro puertos 9ZF 500A es m\u00e1s simple y tambi\u00e9n ofrece la doble funci\u00f3n de trituraci\u00f3n de granos y picado de forraje. Explicaremos en detalle las diferencias y especificaciones de ambos modelos a continuaci\u00f3n. Si no est\u00e1 seguro de qu\u00e9 m\u00e1quina es m\u00e1s adecuada para usted, por favor cont\u00e1ctenos para asistencia.<\/p>    <h3 class=\"wp-block-heading\"><strong>Estructura de nuestro triturador de mazorcas de ma\u00edz<\/strong><\/h3>    <h4 class=\"wp-block-heading\"><strong>triturador de paja de cinco puertos 9ZF 500B<\/strong><\/h4>    <p>Esta m\u00e1quina de cinco puertos integra m\u00faltiples funciones, incluyendo corte de heno, picado de heno, trituraci\u00f3n, molienda y alimentaci\u00f3n. Tiene dos entradas de alimentaci\u00f3n y tres salidas de descarga, cada una con una funci\u00f3n diferente.<\/p>    <p>La entrada de la guillotina de heno es para alimentar materiales largos como heno, tallos de ma\u00edz y hojas de palma. Su dise\u00f1o espacioso permite una alimentaci\u00f3n r\u00e1pida. La entrada de alimentaci\u00f3n de granos enteros est\u00e1 espec\u00edficamente para alimentar materiales granulares como ma\u00edz y semillas de d\u00e1til, facilitando la molienda en la c\u00e1mara de trituraci\u00f3n interna.<\/p>   <div class=\"wp-block-image\"> <figure class=\"aligncenter size-full\"><img loading=\"lazy\" decoding=\"async\" width=\"720\" height=\"540\" src=\"https:\/\/corn-machine.com\/wp-content\/uploads\/2025\/12\/structure-of-9ZR-500B-five-outlet-corn-stalk-crusher.webp\" alt=\"estructura del triturador de tallos de ma\u00edz de cinco salidas 9ZF 500B\" class=\"wp-image-1160\" title=\"\" srcset=\"https:\/\/corn-machine.com\/wp-content\/uploads\/2025\/12\/structure-of-9ZR-500B-five-outlet-corn-stalk-crusher.webp 720w, https:\/\/corn-machine.com\/wp-content\/uploads\/2025\/12\/structure-of-9ZR-500B-five-outlet-corn-stalk-crusher-300x225.webp 300w, https:\/\/corn-machine.com\/wp-content\/uploads\/2025\/12\/structure-of-9ZR-500B-five-outlet-corn-stalk-crusher-16x12.webp 16w\" sizes=\"auto, (max-width: 720px) 100vw, 720px\" \/><figcaption class=\"wp-element-caption\">estructura del triturador de tallos de ma\u00edz de cinco salidas 9ZF 500B<\/figcaption><\/figure> <\/div>   <p>Hay tres diferentes puertos de descarga: alto, medio y bajo. <\/p>    <ul class=\"wp-block-list\"> <li>El puerto alto es para descargar piezas m\u00e1s largas de alimento o lanzar alimento a una posici\u00f3n m\u00e1s alta. <\/li>    <li>El puerto del medio es para la salida de hierba de longitud media y alimento blando.<\/li>    <li>El puerto bajo descarga materiales que han sido triturados en part\u00edculas peque\u00f1as o polvo fino.<\/li> <\/ul>    <figure class=\"wp-block-gallery has-nested-images columns-default is-cropped wp-block-gallery-3 is-layout-flex wp-block-gallery-is-layout-flex\"> <figure class=\"wp-block-image size-large\"><img loading=\"lazy\" decoding=\"async\" width=\"720\" height=\"540\" data-id=\"1166\" src=\"https:\/\/corn-machine.com\/wp-content\/uploads\/2025\/12\/five-ports-corn-stalk-shredder.webp\" alt=\"triturador de tallos de ma\u00edz de cinco puertos\" class=\"wp-image-1166\" title=\"\" srcset=\"https:\/\/corn-machine.com\/wp-content\/uploads\/2025\/12\/five-ports-corn-stalk-shredder.webp 720w, https:\/\/corn-machine.com\/wp-content\/uploads\/2025\/12\/five-ports-corn-stalk-shredder-300x225.webp 300w, https:\/\/corn-machine.com\/wp-content\/uploads\/2025\/12\/five-ports-corn-stalk-shredder-16x12.webp 16w\" sizes=\"auto, (max-width: 720px) 100vw, 720px\" \/><figcaption class=\"wp-element-caption\">triturador de tallos de ma\u00edz de cinco puertos<\/figcaption><\/figure>    <figure class=\"wp-block-image size-large\"><img loading=\"lazy\" decoding=\"async\" width=\"720\" height=\"540\" data-id=\"1167\" src=\"https:\/\/corn-machine.com\/wp-content\/uploads\/2025\/12\/five-ports-straw-chopper.webp\" alt=\"picador de paja de cinco puertos\" class=\"wp-image-1167\" title=\"\" srcset=\"https:\/\/corn-machine.com\/wp-content\/uploads\/2025\/12\/five-ports-straw-chopper.webp 720w, https:\/\/corn-machine.com\/wp-content\/uploads\/2025\/12\/five-ports-straw-chopper-300x225.webp 300w, https:\/\/corn-machine.com\/wp-content\/uploads\/2025\/12\/five-ports-straw-chopper-16x12.webp 16w\" sizes=\"auto, (max-width: 720px) 100vw, 720px\" \/><figcaption class=\"wp-element-caption\">picador de paja de cinco puertos<\/figcaption><\/figure> <\/figure>    <h4 class=\"wp-block-heading\"><strong>triturador de tallos de ma\u00edz de cuatro puertos 9ZF 500A<\/strong><\/h4>    <p>Este molino de cuatro puertos funciona de manera similar al molino de cinco puertos, pero carece de un puerto de descarga central, lo que resulta en una estructura m\u00e1s compacta adecuada para granjas y molinos de alimentaci\u00f3n comunes. Tiene dos entradas de alimentaci\u00f3n y dos salidas de descarga para satisfacer diferentes necesidades de molienda.<\/p>   <div class=\"wp-block-image\"> <figure class=\"aligncenter size-full\"><img loading=\"lazy\" decoding=\"async\" width=\"720\" height=\"540\" src=\"https:\/\/corn-machine.com\/wp-content\/uploads\/2025\/12\/structure-of-9ZR-500A-four-outlet-straw-shredder.webp\" alt=\"estructura del triturador de paja de cuatro salidas 9ZF 500A\" class=\"wp-image-1159\" title=\"\" srcset=\"https:\/\/corn-machine.com\/wp-content\/uploads\/2025\/12\/structure-of-9ZR-500A-four-outlet-straw-shredder.webp 720w, https:\/\/corn-machine.com\/wp-content\/uploads\/2025\/12\/structure-of-9ZR-500A-four-outlet-straw-shredder-300x225.webp 300w, https:\/\/corn-machine.com\/wp-content\/uploads\/2025\/12\/structure-of-9ZR-500A-four-outlet-straw-shredder-16x12.webp 16w\" sizes=\"auto, (max-width: 720px) 100vw, 720px\" \/><figcaption class=\"wp-element-caption\">estructura del triturador de paja de cuatro salidas 9ZF 500A<\/figcaption><\/figure> <\/div>   <h3 class=\"wp-block-heading\"><strong>Par\u00e1metros del peque\u00f1o cortador de forraje Taizy<\/strong><\/h3>    <figure class=\"wp-block-table\"><table><tbody><tr><td>Modelo<\/td><td class=\"has-text-align-center\" data-align=\"center\">9ZF-500A<\/td><td class=\"has-text-align-center\" data-align=\"center\">9ZF-500B<\/td><\/tr><tr><td>Fuerza<\/td><td class=\"has-text-align-center\" data-align=\"center\">Motor de 3kw, <br>Motor de gasolina de 170F, <br>o motor di\u00e9sel de 8hp<\/td><td class=\"has-text-align-center\" data-align=\"center\">Motor de 3kw, <br>Motor de gasolina de 170F, <br>o motor di\u00e9sel de 8hp<\/td><\/tr><tr><td>Capacidad<\/td><td class=\"has-text-align-center\" data-align=\"center\">600-800kg\/h<\/td><td class=\"has-text-align-center\" data-align=\"center\">800-1200kg\/h<\/td><\/tr><tr><td>Tama\u00f1o<\/td><td class=\"has-text-align-center\" data-align=\"center\">1120*980*1190mm<\/td><td class=\"has-text-align-center\" data-align=\"center\">1220*1070*1190mm<\/td><\/tr><tr><td>Peso<\/td><td class=\"has-text-align-center\" data-align=\"center\">85kg<\/td><td class=\"has-text-align-center\" data-align=\"center\">95kg<\/td><\/tr><\/tbody><\/table><figcaption class=\"wp-element-caption\">par\u00e1metros de un cortador de paja peque\u00f1o<\/figcaption><\/figure>    <figure class=\"wp-block-gallery has-nested-images columns-default is-cropped wp-block-gallery-4 is-layout-flex wp-block-gallery-is-layout-flex\"> <figure class=\"wp-block-image size-full\"><img loading=\"lazy\" decoding=\"async\" width=\"720\" height=\"540\" data-id=\"1149\" src=\"https:\/\/corn-machine.com\/wp-content\/uploads\/2025\/12\/chaff-cutter-machine-for-agriculture.webp\" alt=\"M\u00e1quina cortadora de afrecho 9ZF 500A para agricultura\" class=\"wp-image-1149\" title=\"\" srcset=\"https:\/\/corn-machine.com\/wp-content\/uploads\/2025\/12\/chaff-cutter-machine-for-agriculture.webp 720w, https:\/\/corn-machine.com\/wp-content\/uploads\/2025\/12\/chaff-cutter-machine-for-agriculture-300x225.webp 300w, https:\/\/corn-machine.com\/wp-content\/uploads\/2025\/12\/chaff-cutter-machine-for-agriculture-16x12.webp 16w\" sizes=\"auto, (max-width: 720px) 100vw, 720px\" \/><figcaption class=\"wp-element-caption\">M\u00e1quina cortadora de afrecho 9ZF 500A para agricultura<\/figcaption><\/figure>    <figure class=\"wp-block-image size-large\"><img loading=\"lazy\" decoding=\"async\" width=\"720\" height=\"540\" data-id=\"1151\" src=\"https:\/\/corn-machine.com\/wp-content\/uploads\/2025\/12\/corn-stalk-cutter-machine.webp\" alt=\"m\u00e1quina cortadora de tallos de ma\u00edz 9ZF 500B\" class=\"wp-image-1151\" title=\"\" srcset=\"https:\/\/corn-machine.com\/wp-content\/uploads\/2025\/12\/corn-stalk-cutter-machine.webp 720w, https:\/\/corn-machine.com\/wp-content\/uploads\/2025\/12\/corn-stalk-cutter-machine-300x225.webp 300w, https:\/\/corn-machine.com\/wp-content\/uploads\/2025\/12\/corn-stalk-cutter-machine-16x12.webp 16w\" sizes=\"auto, (max-width: 720px) 100vw, 720px\" \/><figcaption class=\"wp-element-caption\">m\u00e1quina cortadora de tallos de ma\u00edz 9ZF 500B<\/figcaption><\/figure> <\/figure>    <h2 class=\"wp-block-heading\"><strong>Aplicaciones de la trituradora de paja multifuncional<\/strong><\/h2>    <p>Como trituradora multifuncional de forraje y molino de ma\u00edz, sus aplicaciones son muy amplias. Por eso, se ha aplicado en muchos campos.<\/p>    <p>Se puede usar no solo en granjas para el procesamiento de alimentos para ganado, ovejas, cabras, camellos y aves, sino tambi\u00e9n para triturar y reciclar en procesos agr\u00edcolas, produciendo ma\u00edz triturado, semillas de d\u00e1til trituradas, mazorcas trituradas y alimento mezclado.<\/p>    <p>Sus productos terminados vienen en varios tama\u00f1os y formas: paja picada de 3-5 cm adecuada para forraje de vacas y ovejas, polvo de heno grueso de 5-15 mm que se usa a menudo en alimentos mezclados, y otros productos de grano ideales para aves de corral, cerdos, cabras, as\u00ed como para peces, conejos y ganado joven.<\/p>    <figure class=\"wp-block-gallery has-nested-images columns-2 is-cropped wp-block-gallery-5 is-layout-flex wp-block-gallery-is-layout-flex\"> <figure class=\"wp-block-image size-large\"><img loading=\"lazy\" decoding=\"async\" width=\"720\" height=\"540\" data-id=\"1154\" src=\"https:\/\/corn-machine.com\/wp-content\/uploads\/2025\/12\/livestock-farming.webp\" alt=\"cr\u00eda de ganado\" class=\"wp-image-1154\" title=\"\" srcset=\"https:\/\/corn-machine.com\/wp-content\/uploads\/2025\/12\/livestock-farming.webp 720w, https:\/\/corn-machine.com\/wp-content\/uploads\/2025\/12\/livestock-farming-300x225.webp 300w, https:\/\/corn-machine.com\/wp-content\/uploads\/2025\/12\/livestock-farming-16x12.webp 16w\" sizes=\"auto, (max-width: 720px) 100vw, 720px\" \/><figcaption class=\"wp-element-caption\">cr\u00eda de ganado<\/figcaption><\/figure>    <figure class=\"wp-block-image size-large\"><img loading=\"lazy\" decoding=\"async\" width=\"720\" height=\"540\" data-id=\"1153\" src=\"https:\/\/corn-machine.com\/wp-content\/uploads\/2025\/12\/poultry-farming.webp\" alt=\"cr\u00eda de aves\" class=\"wp-image-1153\" title=\"\" srcset=\"https:\/\/corn-machine.com\/wp-content\/uploads\/2025\/12\/poultry-farming.webp 720w, https:\/\/corn-machine.com\/wp-content\/uploads\/2025\/12\/poultry-farming-300x225.webp 300w, https:\/\/corn-machine.com\/wp-content\/uploads\/2025\/12\/poultry-farming-16x12.webp 16w\" sizes=\"auto, (max-width: 720px) 100vw, 720px\" \/><figcaption class=\"wp-element-caption\">cr\u00eda de aves<\/figcaption><\/figure>    <figure class=\"wp-block-image size-large\"><img loading=\"lazy\" decoding=\"async\" width=\"720\" height=\"540\" data-id=\"1156\" src=\"https:\/\/corn-machine.com\/wp-content\/uploads\/2025\/12\/cow-food.webp\" alt=\"comida para vacas\" class=\"wp-image-1156\" title=\"\" srcset=\"https:\/\/corn-machine.com\/wp-content\/uploads\/2025\/12\/cow-food.webp 720w, https:\/\/corn-machine.com\/wp-content\/uploads\/2025\/12\/cow-food-300x225.webp 300w, https:\/\/corn-machine.com\/wp-content\/uploads\/2025\/12\/cow-food-16x12.webp 16w\" sizes=\"auto, (max-width: 720px) 100vw, 720px\" \/><figcaption class=\"wp-element-caption\">comida para vacas<\/figcaption><\/figure>    <figure class=\"wp-block-image size-large\"><img loading=\"lazy\" decoding=\"async\" width=\"720\" height=\"540\" data-id=\"1155\" src=\"https:\/\/corn-machine.com\/wp-content\/uploads\/2025\/12\/chicken-feed.webp\" alt=\"comida para pollo\" class=\"wp-image-1155\" title=\"\" srcset=\"https:\/\/corn-machine.com\/wp-content\/uploads\/2025\/12\/chicken-feed.webp 720w, https:\/\/corn-machine.com\/wp-content\/uploads\/2025\/12\/chicken-feed-300x225.webp 300w, https:\/\/corn-machine.com\/wp-content\/uploads\/2025\/12\/chicken-feed-16x12.webp 16w\" sizes=\"auto, (max-width: 720px) 100vw, 720px\" \/><figcaption class=\"wp-element-caption\">comida para pollo<\/figcaption><\/figure> <\/figure>    <h2 class=\"wp-block-heading\"><strong>Se enviaron 30 juegos de trituradoras de paja a una granja de ganado en Dub\u00e1i<\/strong><\/h2>    <p>Este a\u00f1o, un cliente de cr\u00eda de ganado a gran escala de Dub\u00e1i, EAU, orden\u00f3 30 conjuntos de trituradoras de tallos de ma\u00edz. Dirige una empresa agr\u00edcola que principalmente cr\u00eda ganado, ovejas y camellos, y debido a la reciente expansi\u00f3n de su rancho, su demanda de equipos de procesamiento de alimentos ha aumentado r\u00e1pidamente. <\/p>    <p>Despu\u00e9s de m\u00faltiples comunicaciones y confirmaciones por video, este cliente finalmente decidi\u00f3 comprar 30 trituradoras de paja 9ZF-500B de una vez. Cuando las m\u00e1quinas estuvieron terminadas, realizamos una prueba detallada para asegurar que funcionaran correctamente. Nuestro cliente qued\u00f3 muy satisfecho con los resultados y pag\u00f3 de inmediato el dep\u00f3sito completo. Luego, organizamos el env\u00edo de inmediato.<\/p>    <p>Our Dubai customer received the multifunctional silage cutters and immediately put them into use, which has achieved excellent results. &#8220;If the machine runs smoothly next year, we plan to order another batch to expand production,&#8221; he told me about his future projects and said he wants to work with us.<\/p>    <figure class=\"wp-block-gallery has-nested-images columns-2 is-cropped wp-block-gallery-6 is-layout-flex wp-block-gallery-is-layout-flex\"> <figure class=\"wp-block-image size-large\"><img loading=\"lazy\" decoding=\"async\" width=\"720\" height=\"540\" data-id=\"1141\" src=\"https:\/\/corn-machine.com\/wp-content\/uploads\/2025\/12\/30-sets-of-stalk-chopper-prepared.webp\" alt=\"30 conjuntos de cortadoras de tallos preparados\" class=\"wp-image-1141\" title=\"\" srcset=\"https:\/\/corn-machine.com\/wp-content\/uploads\/2025\/12\/30-sets-of-stalk-chopper-prepared.webp 720w, https:\/\/corn-machine.com\/wp-content\/uploads\/2025\/12\/30-sets-of-stalk-chopper-prepared-300x225.webp 300w, https:\/\/corn-machine.com\/wp-content\/uploads\/2025\/12\/30-sets-of-stalk-chopper-prepared-16x12.webp 16w\" sizes=\"auto, (max-width: 720px) 100vw, 720px\" \/><figcaption class=\"wp-element-caption\">30 conjuntos de cortadoras de tallos preparados<\/figcaption><\/figure>    <figure class=\"wp-block-image size-large\"><img loading=\"lazy\" decoding=\"async\" width=\"720\" height=\"540\" data-id=\"1142\" src=\"https:\/\/corn-machine.com\/wp-content\/uploads\/2025\/12\/chaff-cutter-completed.webp\" alt=\"cortadora de paja terminada\" class=\"wp-image-1142\" title=\"\" srcset=\"https:\/\/corn-machine.com\/wp-content\/uploads\/2025\/12\/chaff-cutter-completed.webp 720w, https:\/\/corn-machine.com\/wp-content\/uploads\/2025\/12\/chaff-cutter-completed-300x225.webp 300w, https:\/\/corn-machine.com\/wp-content\/uploads\/2025\/12\/chaff-cutter-completed-16x12.webp 16w\" sizes=\"auto, (max-width: 720px) 100vw, 720px\" \/><figcaption class=\"wp-element-caption\">cortadora de paja terminada<\/figcaption><\/figure>    <figure class=\"wp-block-image size-large\"><img loading=\"lazy\" decoding=\"async\" width=\"720\" height=\"540\" data-id=\"1144\" src=\"https:\/\/corn-machine.com\/wp-content\/uploads\/2025\/12\/cornmeal-and-chopped-dry-straw.webp\" alt=\"harina de ma\u00edz y paja seca picada\" class=\"wp-image-1144\" title=\"\" srcset=\"https:\/\/corn-machine.com\/wp-content\/uploads\/2025\/12\/cornmeal-and-chopped-dry-straw.webp 720w, https:\/\/corn-machine.com\/wp-content\/uploads\/2025\/12\/cornmeal-and-chopped-dry-straw-300x225.webp 300w, https:\/\/corn-machine.com\/wp-content\/uploads\/2025\/12\/cornmeal-and-chopped-dry-straw-16x12.webp 16w\" sizes=\"auto, (max-width: 720px) 100vw, 720px\" \/><figcaption class=\"wp-element-caption\">harina de ma\u00edz y paja seca picada<\/figcaption><\/figure>    <figure class=\"wp-block-image size-large\"><img loading=\"lazy\" decoding=\"async\" width=\"720\" height=\"540\" data-id=\"1143\" src=\"https:\/\/corn-machine.com\/wp-content\/uploads\/2025\/12\/test-of-rice-straw-shredder.webp\" alt=\"prueba de la trituradora de paja de arroz\" class=\"wp-image-1143\" title=\"\" srcset=\"https:\/\/corn-machine.com\/wp-content\/uploads\/2025\/12\/test-of-rice-straw-shredder.webp 720w, https:\/\/corn-machine.com\/wp-content\/uploads\/2025\/12\/test-of-rice-straw-shredder-300x225.webp 300w, https:\/\/corn-machine.com\/wp-content\/uploads\/2025\/12\/test-of-rice-straw-shredder-16x12.webp 16w\" sizes=\"auto, (max-width: 720px) 100vw, 720px\" \/><figcaption class=\"wp-element-caption\">prueba de la trituradora de paja de arroz<\/figcaption><\/figure> <\/figure>    <p>Cont\u00e1ctenos para el precio m\u00e1s reciente de esta m\u00e1quina. Adem\u00e1s, tambi\u00e9n ofrecemos otros cortadores de ensilaje:  <\/p>    <ul class=\"wp-block-list\"> <li><a href=\"https:\/\/corn-machine.com\/es\/product\/affordable-small-chaff-cutter-machine\/\">Peque\u00f1a m\u00e1quina cortadora de paja para la preparaci\u00f3n de alimento para ganado<\/a><\/li>    <li><a href=\"https:\/\/corn-machine.com\/es\/product\/forage-chopper-for-silage-stalks-cutting\/\">Cortadora de forraje para cortar tallos de ensilaje<\/a><\/li> <\/ul>    <p>y molinillos de ma\u00edz: <\/p>    <ul class=\"wp-block-list\"> <li><a href=\"https:\/\/corn-machine.com\/es\/product\/hammer-mill-grinder-for-corn\/\">Molino de martillos para ma\u00edz | Molinillo de harina de ma\u00edz peque\u00f1o<\/a><\/li>    <li><a href=\"https:\/\/corn-machine.com\/es\/product\/small-maize-grinding-machine\/\">M\u00e1quina trituradora de ma\u00edz peque\u00f1a | M\u00e1quina de molino de disco de grano<\/a><\/li> <\/ul>","protected":false},"excerpt":{"rendered":"<p>The multi-functional straw and grain crusher is a comprehensive agricultural equipment that integrates forage cutting, and grain crushing. It efficiently processes various raw materials into usable feed, making it widely used by livestock farmers, feed processors, and small farms.<\/p>","protected":false},"author":1,"featured_media":1158,"parent":0,"template":"","tags":[31,55],"product-type":[57],"class_list":["post-1134","product","type-product","status-publish","has-post-thumbnail","hentry","tag-corn","tag-cornsilage","product-type-corn-stalk-silage-crusher"],"_links":{"self":[{"href":"https:\/\/corn-machine.com\/es\/wp-json\/wp\/v2\/product\/1134","targetHints":{"allow":["GET"]}}],"collection":[{"href":"https:\/\/corn-machine.com\/es\/wp-json\/wp\/v2\/product"}],"about":[{"href":"https:\/\/corn-machine.com\/es\/wp-json\/wp\/v2\/types\/product"}],"author":[{"embeddable":true,"href":"https:\/\/corn-machine.com\/es\/wp-json\/wp\/v2\/users\/1"}],"wp:featuredmedia":[{"embeddable":true,"href":"https:\/\/corn-machine.com\/es\/wp-json\/wp\/v2\/media\/1158"}],"wp:attachment":[{"href":"https:\/\/corn-machine.com\/es\/wp-json\/wp\/v2\/media?parent=1134"}],"wp:term":[{"taxonomy":"post_tag","embeddable":true,"href":"https:\/\/corn-machine.com\/es\/wp-json\/wp\/v2\/tags?post=1134"},{"taxonomy":"product-type","embeddable":true,"href":"https:\/\/corn-machine.com\/es\/wp-json\/wp\/v2\/product-type?post=1134"}],"curies":[{"name":"wp","href":"https:\/\/api.w.org\/{rel}","templated":true}]}}