{"id":1447,"date":"2026-02-04T17:03:10","date_gmt":"2026-02-04T09:03:10","guid":{"rendered":"https:\/\/corn-machine.com\/?post_type=product&#038;p=1447"},"modified":"2026-02-05T10:24:39","modified_gmt":"2026-02-05T02:24:39","slug":"cattle-feed-spreader-cow-sheep-farms","status":"publish","type":"product","link":"https:\/\/corn-machine.com\/es\/product\/cattle-feed-spreader-cow-sheep-farms\/","title":{"rendered":"Dispensador de pienso para ganado | M\u00e1quina dispensadora de TMR para la alimentaci\u00f3n del ganado"},"content":{"rendered":"<p class=\"translation-block\">El <strong>distribuidor de pienso para ganado<\/strong> es una m\u00e1quina automatizada de ganado impulsada por triciclo que distribuye TMR (Raci\u00f3n Total Mezclada) a vacas y ovejas para alimentarlas. Puede ser operada por una sola persona, ayudando a los agricultores a reducir costos laborales y mejorar la eficiencia de la alimentaci\u00f3n.<\/p>    <p>Est\u00e1 disponible en versiones el\u00e9ctrica y di\u00e9sel, con capacidades de 2 m<sup>3<\/sup>, 3 m<sup>3<\/sup>, 5 m<sup>3<\/sup>, etc. El tama\u00f1o compacto y el transporte flexible la hacen especialmente adecuada para praderas con pasillos de alimentaci\u00f3n estrechos y aquellos que requieren alimentaci\u00f3n en grupo.<\/p>    <figure class=\"wp-block-embed aligncenter is-type-video is-provider-youtube wp-block-embed-youtube wp-embed-aspect-16-9 wp-has-aspect-ratio\"><div class=\"wp-block-embed__wrapper\"> <iframe loading=\"lazy\" title=\"Distribuidor de vacas y ovejas en uso real en granja Contacto:  8617703863868\" width=\"500\" height=\"281\" src=\"https:\/\/www.youtube.com\/embed\/YXYt7-plPVs?feature=oembed\" frameborder=\"0\" allow=\"accelerometer; autoplay; clipboard-write; encrypted-media; gyroscope; picture-in-picture; web-share\" referrerpolicy=\"strict-origin-when-cross-origin\" allowfullscreen><\/iframe> <\/div><figcaption class=\"wp-element-caption\">video de trabajo del distribuidor de pienso para vacas y ovejas<\/figcaption><\/figure>    <h2 class=\"wp-block-heading\"><strong>Aspectos destacados del distribuidor de pienso para ganado Taizy<\/strong><\/h2>    <ul class=\"wp-block-list\"> <li>Esta m\u00e1quina distribuidora de alimento para ganado cuenta con un dise\u00f1o de tracci\u00f3n de tres ruedas, lo que permite operar f\u00e1cilmente incluso en cobertizos de alimentaci\u00f3n estrechos.<\/li>    <li>Mezcla y alimentaci\u00f3n totalmente autom\u00e1ticas que reducen significativamente la intensidad laboral y los costes de alimentaci\u00f3n.<\/li>    <li>El alimento puede esparcirse desde los lados izquierdo o derecho sin giro en U, lo que mejora enormemente la velocidad y la eficiencia de la alimentaci\u00f3n.<\/li>    <li>Todas las operaciones de conducci\u00f3n y alimentaci\u00f3n pueden controlarse directamente desde la cabina, lo que lo hace simple y f\u00e1cil de aprender.<\/li> <\/ul>    <figure class=\"wp-block-gallery has-nested-images columns-default is-cropped wp-block-gallery-2 is-layout-flex wp-block-gallery-is-layout-flex\"> <figure class=\"wp-block-image size-large\"><img loading=\"lazy\" decoding=\"async\" width=\"720\" height=\"540\" data-id=\"1464\" src=\"https:\/\/corn-machine.com\/wp-content\/uploads\/2026\/02\/cab-of-the-feeding-spreader.webp\" alt=\"cabina del distribuidor de pienso\" class=\"wp-image-1464\" title=\"\" srcset=\"https:\/\/corn-machine.com\/wp-content\/uploads\/2026\/02\/cab-of-the-feeding-spreader.webp 720w, https:\/\/corn-machine.com\/wp-content\/uploads\/2026\/02\/cab-of-the-feeding-spreader-300x225.webp 300w, https:\/\/corn-machine.com\/wp-content\/uploads\/2026\/02\/cab-of-the-feeding-spreader-16x12.webp 16w\" sizes=\"auto, (max-width: 720px) 100vw, 720px\" \/><figcaption class=\"wp-element-caption\">cabina del distribuidor de pienso<\/figcaption><\/figure>    <figure class=\"wp-block-image size-large\"><img loading=\"lazy\" decoding=\"async\" width=\"720\" height=\"540\" data-id=\"1465\" src=\"https:\/\/corn-machine.com\/wp-content\/uploads\/2026\/02\/feeding-process-of-cattle-feed-spreader.webp\" alt=\"Proceso de alimentaci\u00f3n del distribuidor de pienso para ganado\" class=\"wp-image-1465\" title=\"\" srcset=\"https:\/\/corn-machine.com\/wp-content\/uploads\/2026\/02\/feeding-process-of-cattle-feed-spreader.webp 720w, https:\/\/corn-machine.com\/wp-content\/uploads\/2026\/02\/feeding-process-of-cattle-feed-spreader-300x225.webp 300w, https:\/\/corn-machine.com\/wp-content\/uploads\/2026\/02\/feeding-process-of-cattle-feed-spreader-16x12.webp 16w\" sizes=\"auto, (max-width: 720px) 100vw, 720px\" \/><figcaption class=\"wp-element-caption\">Proceso de alimentaci\u00f3n del distribuidor de pienso para ganado<\/figcaption><\/figure> <\/figure>    <h2 class=\"wp-block-heading\"><strong>Principio de funcionamiento de la distribuidora de alimento para ensilaje<\/strong><\/h2>    <p>El distribuidor de pienso para ganado es un sistema de alimentaci\u00f3n de raci\u00f3n total mezclada (TMR) horizontal. Su principio de funcionamiento es simple:<\/p>    <ol class=\"wp-block-list\"> <li>Primero, la mezcla de pienso TMR se carga en la tolva de alimentaci\u00f3n.<\/li>    <li>El tornillo en la tolva mezcla uniformemente el pienso y lo descarga a trav\u00e9s de un sistema de transporte horizontal.<\/li>    <li>El alimento se descarga de manera uniforme a trav\u00e9s del rociador (se puede esparcir a la izquierda o a la derecha).<\/li> <\/ol>    <p>Taizy ofrece dos soluciones de energ\u00eda para satisfacer las necesidades de diferentes entornos agr\u00edcolas, adapt\u00e1ndose a las distintas condiciones de suministro el\u00e9ctrico en diferentes regiones.<\/p>    <figure class=\"wp-block-gallery has-nested-images columns-default is-cropped wp-block-gallery-3 is-layout-flex wp-block-gallery-is-layout-flex\"> <figure class=\"wp-block-image size-large\"><img loading=\"lazy\" decoding=\"async\" width=\"720\" height=\"540\" data-id=\"1468\" src=\"https:\/\/corn-machine.com\/wp-content\/uploads\/2026\/02\/internal-structure-of-a-silage-feed-spreader.webp\" alt=\"estructura interna de un distribuidor de ensilaje\" class=\"wp-image-1468\" title=\"\" srcset=\"https:\/\/corn-machine.com\/wp-content\/uploads\/2026\/02\/internal-structure-of-a-silage-feed-spreader.webp 720w, https:\/\/corn-machine.com\/wp-content\/uploads\/2026\/02\/internal-structure-of-a-silage-feed-spreader-300x225.webp 300w, https:\/\/corn-machine.com\/wp-content\/uploads\/2026\/02\/internal-structure-of-a-silage-feed-spreader-16x12.webp 16w\" sizes=\"auto, (max-width: 720px) 100vw, 720px\" \/><figcaption class=\"wp-element-caption\">estructura interna de un distribuidor de ensilaje<\/figcaption><\/figure>    <figure class=\"wp-block-image size-large\"><img loading=\"lazy\" decoding=\"async\" width=\"720\" height=\"540\" data-id=\"1462\" src=\"https:\/\/corn-machine.com\/wp-content\/uploads\/2026\/02\/conveying-system-of-the-fodder-spreader.webp\" alt=\"sistema de transporte del distribuidor de forraje\" class=\"wp-image-1462\" title=\"\" srcset=\"https:\/\/corn-machine.com\/wp-content\/uploads\/2026\/02\/conveying-system-of-the-fodder-spreader.webp 720w, https:\/\/corn-machine.com\/wp-content\/uploads\/2026\/02\/conveying-system-of-the-fodder-spreader-300x225.webp 300w, https:\/\/corn-machine.com\/wp-content\/uploads\/2026\/02\/conveying-system-of-the-fodder-spreader-16x12.webp 16w\" sizes=\"auto, (max-width: 720px) 100vw, 720px\" \/><figcaption class=\"wp-element-caption\">sistema de transporte del distribuidor de forraje<\/figcaption><\/figure> <\/figure>    <h2 class=\"wp-block-heading\"><strong>Opciones de energ\u00eda: Distribuidor de pienso el\u00e9ctrico vs di\u00e9sel<\/strong><\/h2>    <h3 class=\"wp-block-heading\"><strong>M\u00e1quina distribuidora de ensilaje el\u00e9ctrica<\/strong><\/h3>    <p class=\"translation-block\"><strong>Tipo de bater\u00eda:<\/strong><\/p>    <ul class=\"wp-block-list\"> <li>Bater\u00eda de celda seca \u2013 adecuada para entornos por debajo de 0\u00b0C<\/li>    <li>Bater\u00eda de litio \u2013 adecuada para entornos por encima de 0\u00b0C<\/li> <\/ul>    <p class=\"translation-block\"><strong>Consumo de energ\u00eda:<\/strong><\/p>    <p>Descargado: Hasta 60 km<\/p>    <p>Totalmente cargado: 20\u201330 km<\/p>    <p class=\"translation-block\"><strong>Ventajas:<\/strong><\/p>    <ol class=\"wp-block-list\"> <li>Bajo nivel de ruido<\/li>    <li>Cero emisiones<\/li>    <li>Costes operativos m\u00e1s bajos<\/li> <\/ol>    <p>Adecuado para granjas cubiertas o semi-cubiertas<\/p>   <div class=\"wp-block-image\"> <figure class=\"aligncenter size-full\"><img loading=\"lazy\" decoding=\"async\" width=\"720\" height=\"540\" src=\"https:\/\/corn-machine.com\/wp-content\/uploads\/2026\/02\/electric-cattle-and-sheep-spreader-feeder-car.webp\" alt=\"Distribuidor alimentador el\u00e9ctrico para ganado y ovejas\" class=\"wp-image-1461\" title=\"\" srcset=\"https:\/\/corn-machine.com\/wp-content\/uploads\/2026\/02\/electric-cattle-and-sheep-spreader-feeder-car.webp 720w, https:\/\/corn-machine.com\/wp-content\/uploads\/2026\/02\/electric-cattle-and-sheep-spreader-feeder-car-300x225.webp 300w, https:\/\/corn-machine.com\/wp-content\/uploads\/2026\/02\/electric-cattle-and-sheep-spreader-feeder-car-16x12.webp 16w\" sizes=\"auto, (max-width: 720px) 100vw, 720px\" \/><figcaption class=\"wp-element-caption\">Distribuidor alimentador el\u00e9ctrico para ganado y ovejas<\/figcaption><\/figure> <\/div>   <h3 class=\"wp-block-heading\"><strong>Esparcidor de ensilaje di\u00e9sel<\/strong><\/h3>    <p class=\"translation-block\"><strong>Rango de capacidad<\/strong>: 3\u201312 metros c\u00fabicos<\/p>    <p class=\"translation-block\"><strong>Ventajas:<\/strong><\/p>    <ol class=\"wp-block-list\"> <li>Largas horas de trabajo<\/li>    <li>Suministro de energ\u00eda estable<\/li>    <li>Tolva de acero inoxidable opcional<\/li> <\/ol>    <p>Adecuado para operaciones al aire libre y de alta resistencia<\/p>   <div class=\"wp-block-image\"> <figure class=\"aligncenter size-full\"><img loading=\"lazy\" decoding=\"async\" width=\"720\" height=\"540\" src=\"https:\/\/corn-machine.com\/wp-content\/uploads\/2026\/02\/diesel-engine-type-cow-feed-manure-spreader.webp\" alt=\"Distribuidor de esti\u00e9rcol de vaca con motor di\u00e9sel\" class=\"wp-image-1460\" title=\"\" srcset=\"https:\/\/corn-machine.com\/wp-content\/uploads\/2026\/02\/diesel-engine-type-cow-feed-manure-spreader.webp 720w, https:\/\/corn-machine.com\/wp-content\/uploads\/2026\/02\/diesel-engine-type-cow-feed-manure-spreader-300x225.webp 300w, https:\/\/corn-machine.com\/wp-content\/uploads\/2026\/02\/diesel-engine-type-cow-feed-manure-spreader-16x12.webp 16w\" sizes=\"auto, (max-width: 720px) 100vw, 720px\" \/><figcaption class=\"wp-element-caption\">Distribuidor de esti\u00e9rcol de vaca con motor di\u00e9sel<\/figcaption><\/figure> <\/div>   <h2 class=\"wp-block-heading\"><strong>Capacidad y opciones de personalizaci\u00f3n para distribuidor de ovejas<\/strong><\/h2>    <p>Los modelos est\u00e1ndar est\u00e1n disponibles en 2 metros c\u00fabicos, 3 metros c\u00fabicos, 5 metros c\u00fabicos y 8 metros c\u00fabicos, y tambi\u00e9n se puede personalizar para otros requisitos.<\/p>    <p>Adem\u00e1s de la selecci\u00f3n del modelo, tambi\u00e9n ofrecemos servicios de personalizaci\u00f3n para detalles de la m\u00e1quina:<\/p>    <p>Altura de distribuci\u00f3n<\/p>    <p>Tipo y capacidad de bater\u00eda<\/p>    <p>Altura total de la m\u00e1quina<\/p>    <p>Pista de ruedas<\/p>    <p>Taizy puede ofrecer soluciones de distribuidor de pienso para ganado totalmente personalizadas seg\u00fan el tama\u00f1o de tu granja, m\u00e9todo de alimentaci\u00f3n y las especificaciones de tu sistema TMR.<\/p>    <h2 class=\"wp-block-heading\"><strong>\u00bfPara qu\u00e9 se puede usar esta m\u00e1quina alimentadora de ganado?<\/strong><\/h2>    <p>Este distribuidor de pienso para ganado est\u00e1 dise\u00f1ado para satisfacer las necesidades de alimentaci\u00f3n de diversos escenarios de cr\u00eda de ganado. Puede ser utilizado ampliamente en las siguientes situaciones:<\/p>    <ul class=\"wp-block-list\"> <li>Granjas lecheras: Su capacidad para operar en pasillos estrechos la hace adecuada para sistemas modernos de producci\u00f3n lechera.<\/li>    <li>Granjas de carne: Esta m\u00e1quina de esparcir forraje admite alimentar lotes de diferentes manadas y funciona de manera eficiente tanto en graneros interiores como en \u00e1reas de alimentaci\u00f3n al aire libre, ayudando a las granjas a reducir la mano de obra.<\/li>    <li>Granjas de ovejas: Este distribuidor de pienso de tres ruedas puede distribuir el pienso con precisi\u00f3n sin alterar la estructura del alimento.<\/li> <\/ul>    <p>Su dise\u00f1o es especialmente adecuado para granjas peque\u00f1as y medianas. Las granjas peque\u00f1as se benefician de sus bajos costes operativos y f\u00e1cil mantenimiento. Y las granjas medianas pueden mejorar la eficiencia mediante alimentaci\u00f3n por lotes y reducci\u00f3n de la mano de obra.<\/p>    <figure class=\"wp-block-gallery has-nested-images columns-default is-cropped wp-block-gallery-4 is-layout-flex wp-block-gallery-is-layout-flex\"> <figure class=\"wp-block-image size-large\"><img loading=\"lazy\" decoding=\"async\" width=\"720\" height=\"540\" data-id=\"1466\" src=\"https:\/\/corn-machine.com\/wp-content\/uploads\/2026\/02\/cattle-farm.webp\" alt=\"granja de ganado\" class=\"wp-image-1466\" title=\"\" srcset=\"https:\/\/corn-machine.com\/wp-content\/uploads\/2026\/02\/cattle-farm.webp 720w, https:\/\/corn-machine.com\/wp-content\/uploads\/2026\/02\/cattle-farm-300x225.webp 300w, https:\/\/corn-machine.com\/wp-content\/uploads\/2026\/02\/cattle-farm-16x12.webp 16w\" sizes=\"auto, (max-width: 720px) 100vw, 720px\" \/><figcaption class=\"wp-element-caption\">granja de ganado<\/figcaption><\/figure>    <figure class=\"wp-block-image size-large\"><img loading=\"lazy\" decoding=\"async\" width=\"720\" height=\"540\" data-id=\"1467\" src=\"https:\/\/corn-machine.com\/wp-content\/uploads\/2026\/02\/sheep-farm.webp\" alt=\"granjas de ovejas\" class=\"wp-image-1467\" title=\"\" srcset=\"https:\/\/corn-machine.com\/wp-content\/uploads\/2026\/02\/sheep-farm.webp 720w, https:\/\/corn-machine.com\/wp-content\/uploads\/2026\/02\/sheep-farm-300x225.webp 300w, https:\/\/corn-machine.com\/wp-content\/uploads\/2026\/02\/sheep-farm-16x12.webp 16w\" sizes=\"auto, (max-width: 720px) 100vw, 720px\" \/><figcaption class=\"wp-element-caption\">granjas de ovejas<\/figcaption><\/figure> <\/figure>    <p>For more pricing information, don&#8217;t hesitate to get in touch with us for the latest updates.<\/p>    <p>Productos relacionados con ensilaje: <\/p>    <ul class=\"wp-block-list\"> <li><a href=\"https:\/\/corn-machine.com\/es\/product\/corn-silage-bale-wrapper-machine\/\">M\u00e1quina envolvedora de pacas de ensilado de ma\u00edz<\/a><\/li>    <li><a href=\"https:\/\/corn-machine.com\/es\/product\/forage-chopper-for-silage-stalks-cutting\/\">Cortadora de forraje para cortar tallos de ensilaje<\/a><\/li> <\/ul>    <p><\/p>","protected":false},"excerpt":{"rendered":"<p>The Taizy cattle feed spreader is designed for efficient TMR spreading on cattle and sheep farms. It is available in both electric and diesel power options, features three-wheel drive, and allows for adjustable spreading speed.<\/p>","protected":false},"author":1,"featured_media":1469,"parent":0,"template":"","tags":[55],"product-type":[60],"class_list":["post-1447","product","type-product","status-publish","has-post-thumbnail","hentry","tag-cornsilage","product-type-corn-silage-mixer"],"_links":{"self":[{"href":"https:\/\/corn-machine.com\/es\/wp-json\/wp\/v2\/product\/1447","targetHints":{"allow":["GET"]}}],"collection":[{"href":"https:\/\/corn-machine.com\/es\/wp-json\/wp\/v2\/product"}],"about":[{"href":"https:\/\/corn-machine.com\/es\/wp-json\/wp\/v2\/types\/product"}],"author":[{"embeddable":true,"href":"https:\/\/corn-machine.com\/es\/wp-json\/wp\/v2\/users\/1"}],"wp:featuredmedia":[{"embeddable":true,"href":"https:\/\/corn-machine.com\/es\/wp-json\/wp\/v2\/media\/1469"}],"wp:attachment":[{"href":"https:\/\/corn-machine.com\/es\/wp-json\/wp\/v2\/media?parent=1447"}],"wp:term":[{"taxonomy":"post_tag","embeddable":true,"href":"https:\/\/corn-machine.com\/es\/wp-json\/wp\/v2\/tags?post=1447"},{"taxonomy":"product-type","embeddable":true,"href":"https:\/\/corn-machine.com\/es\/wp-json\/wp\/v2\/product-type?post=1447"}],"curies":[{"name":"wp","href":"https:\/\/api.w.org\/{rel}","templated":true}]}}