{"id":1505,"date":"2026-02-10T13:49:40","date_gmt":"2026-02-10T05:49:40","guid":{"rendered":"https:\/\/corn-machine.com\/?post_type=product&#038;p=1505"},"modified":"2026-02-10T14:12:13","modified_gmt":"2026-02-10T06:12:13","slug":"small-type-corn-seed-remover-machine","status":"publish","type":"product","link":"https:\/\/corn-machine.com\/es\/product\/small-type-corn-seed-remover-machine\/","title":{"rendered":"M\u00e1quina autom\u00e1tica peque\u00f1a para remover semillas de ma\u00edz"},"content":{"rendered":"<p class=\"translation-block\">La <strong>m\u00e1quina eliminadora de semillas de ma\u00edz<\/strong> est\u00e1 dise\u00f1ada espec\u00edficamente para granjas peque\u00f1as y medianas. Es compacta y tiene una alta eficiencia de trilla de 3-4 toneladas por hora con 3 opciones de energ\u00eda (motor de gasolina, motor di\u00e9sel y motor el\u00e9ctrico). <\/p>    <p>Cumple con los est\u00e1ndares internacionales de exportaci\u00f3n de m\u00e1quinas como CE, lo que lo convierte en una opci\u00f3n ideal para usuarios individuales y distribuidores. Las m\u00e1quinas se venden directamente desde la f\u00e1brica con descuentos especiales para compras al por mayor.<\/p>    <figure class=\"wp-block-embed aligncenter is-type-video is-provider-youtube wp-block-embed-youtube wp-embed-aspect-16-9 wp-has-aspect-ratio\"><div class=\"wp-block-embed__wrapper\"> <iframe loading=\"lazy\" title=\"Corn Seed Remover Machine 3\u20134t\/h | Structure &amp; Working Performance Test Contact: +8617703863868\" width=\"500\" height=\"281\" src=\"https:\/\/www.youtube.com\/embed\/c4dhKK8s3h8?feature=oembed\" frameborder=\"0\" allow=\"accelerometer; autoplay; clipboard-write; encrypted-media; gyroscope; picture-in-picture; web-share\" referrerpolicy=\"strict-origin-when-cross-origin\" allowfullscreen><\/iframe> <\/div><figcaption class=\"wp-element-caption\">Video de funcionamiento de la m\u00e1quina eliminadora de semillas de ma\u00edz<\/figcaption><\/figure>    <h2 class=\"wp-block-heading\"><strong>Ventajas clave de la m\u00e1quina eliminadora de semillas de ma\u00edz<\/strong><\/h2>    <ul class=\"wp-block-list\"> <li>A diferencia del equipo de trilla convencional, esta trilladora de ma\u00edz utiliza un tambor de trilla y una pantalla c\u00f3ncava dise\u00f1ados cient\u00edficamente, lo que resulta en una alta tasa de separaci\u00f3n de granos de ma\u00edz, baja tasa de rotura de granos y salida limpia con m\u00ednimas impurezas.<\/li>    <li>La m\u00e1quina descascaradora de ma\u00edz tiene una huella peque\u00f1a y un dise\u00f1o de marco compacto e integrado, lo que no solo facilita el env\u00edo en contenedores y reduce los costos log\u00edsticos, sino que tambi\u00e9n simplifica la instalaci\u00f3n y operaci\u00f3n para el usuario final.<\/li>    <li>Para satisfacer diferentes necesidades, hay disponibles tres opciones de energ\u00eda: motor el\u00e9ctrico, motor di\u00e9sel y motor de gasolina. Adem\u00e1s, esta trilladora agr\u00edcola de ma\u00edz puede personalizarse con neum\u00e1ticos, colores y m\u00e1s.<\/li> <\/ul>    <figure class=\"wp-block-gallery has-nested-images columns-default is-cropped wp-block-gallery-2 is-layout-flex wp-block-gallery-is-layout-flex\"> <figure class=\"wp-block-image size-large\"><img loading=\"lazy\" decoding=\"async\" width=\"720\" height=\"540\" data-id=\"1516\" src=\"https:\/\/corn-machine.com\/wp-content\/uploads\/2026\/02\/maize-sheller-maize-shelling-machine.webp\" alt=\"m\u00e1quina trilladora de ma\u00edz\" class=\"wp-image-1516\" title=\"\" srcset=\"https:\/\/corn-machine.com\/wp-content\/uploads\/2026\/02\/maize-sheller-maize-shelling-machine.webp 720w, https:\/\/corn-machine.com\/wp-content\/uploads\/2026\/02\/maize-sheller-maize-shelling-machine-300x225.webp 300w, https:\/\/corn-machine.com\/wp-content\/uploads\/2026\/02\/maize-sheller-maize-shelling-machine-16x12.webp 16w\" sizes=\"auto, (max-width: 720px) 100vw, 720px\" \/><figcaption class=\"wp-element-caption\">m\u00e1quina trilladora de ma\u00edz<\/figcaption><\/figure>    <figure class=\"wp-block-image size-large\"><img loading=\"lazy\" decoding=\"async\" width=\"720\" height=\"540\" data-id=\"1517\" src=\"https:\/\/corn-machine.com\/wp-content\/uploads\/2026\/02\/threshing-effect-demonstration.webp\" alt=\"Demostraci\u00f3n del efecto de trilla\" class=\"wp-image-1517\" title=\"\" srcset=\"https:\/\/corn-machine.com\/wp-content\/uploads\/2026\/02\/threshing-effect-demonstration.webp 720w, https:\/\/corn-machine.com\/wp-content\/uploads\/2026\/02\/threshing-effect-demonstration-300x225.webp 300w, https:\/\/corn-machine.com\/wp-content\/uploads\/2026\/02\/threshing-effect-demonstration-16x12.webp 16w\" sizes=\"auto, (max-width: 720px) 100vw, 720px\" \/><figcaption class=\"wp-element-caption\">Demostraci\u00f3n del efecto de trilla<\/figcaption><\/figure> <\/figure>    <h2 class=\"wp-block-heading\"><strong>Estructura y principio de funcionamiento de la m\u00e1quina trilladora de ma\u00edz<\/strong><\/h2>    <p>Como se muestra en el diagrama a continuaci\u00f3n, la m\u00e1quina eliminadora de semillas de ma\u00edz consiste principalmente en las siguientes partes:<\/p>    <ul class=\"wp-block-list\"> <li>Entrada de alimentaci\u00f3n con cubierta protectora<\/li>    <li>Salida de grano de ma\u00edz y salida de mazorca de ma\u00edz<\/li>    <li>Estructura de acero con dise\u00f1o amortiguador<\/li>    <li>Sistema de transmisi\u00f3n de potencia (correa y poleas)<\/li> <\/ul>   <div class=\"wp-block-image\"> <figure class=\"aligncenter size-full\"><img loading=\"lazy\" decoding=\"async\" width=\"720\" height=\"540\" src=\"https:\/\/corn-machine.com\/wp-content\/uploads\/2026\/02\/structure-of-corn-seed-removing-machine.webp\" alt=\"estructura de la m\u00e1quina eliminadora de semillas de ma\u00edz\" class=\"wp-image-1513\" title=\"\" srcset=\"https:\/\/corn-machine.com\/wp-content\/uploads\/2026\/02\/structure-of-corn-seed-removing-machine.webp 720w, https:\/\/corn-machine.com\/wp-content\/uploads\/2026\/02\/structure-of-corn-seed-removing-machine-300x225.webp 300w, https:\/\/corn-machine.com\/wp-content\/uploads\/2026\/02\/structure-of-corn-seed-removing-machine-16x12.webp 16w\" sizes=\"auto, (max-width: 720px) 100vw, 720px\" \/><figcaption class=\"wp-element-caption\">estructura de la m\u00e1quina eliminadora de semillas de ma\u00edz<\/figcaption><\/figure> <\/div>   <p>Su principio de funcionamiento tambi\u00e9n es simple:<\/p>    <p>Los granos se alimentan manualmente en la m\u00e1quina a trav\u00e9s de la entrada de alimentaci\u00f3n \u2192 el tambor giratorio golpea y frota los granos \u2192 los granos caen a trav\u00e9s de la pantalla \u2192 las mazorcas de ma\u00edz se descargan por separado por la salida trasera \u2192 los granos limpios se recogen en la parte inferior.<\/p>    <h2 class=\"wp-block-heading\"><strong>Par\u00e1metros t\u00e9cnicos de la m\u00e1quina eliminadora de semillas de ma\u00edz SL-B1<\/strong><\/h2>    <figure class=\"wp-block-table\"><table class=\"has-fixed-layout\"><tbody><tr><td>Capacidad<\/td><td>3-4t\/h<\/td><\/tr><tr><td>Fuerza<\/td><td>Motor el\u00e9ctrico, motor de gasolina o motor di\u00e9sel<\/td><\/tr><tr><td>Tama\u00f1o<\/td><td>1100mm*800mm*700mm<\/td><\/tr><tr><td>Peso<\/td><td>90kg<\/td><\/tr><\/tbody><\/table><figcaption class=\"wp-element-caption\">Especificaciones de la m\u00e1quina eliminadora de semillas de ma\u00edz<\/figcaption><\/figure>    <p>Apoyamos una variedad de opciones de energ\u00eda y tambi\u00e9n ofrecemos servicios de personalizaci\u00f3n, incluyendo reemplazo de neum\u00e1ticos personalizado, ajustes de voltaje, ajustes de color, etc.<\/p>    <figure class=\"wp-block-gallery has-nested-images columns-default is-cropped wp-block-gallery-3 is-layout-flex wp-block-gallery-is-layout-flex\"> <figure class=\"wp-block-image size-large\"><img loading=\"lazy\" decoding=\"async\" width=\"720\" height=\"540\" data-id=\"1519\" src=\"https:\/\/corn-machine.com\/wp-content\/uploads\/2026\/02\/customized-small-wheel.webp\" alt=\"rueda peque\u00f1a personalizada\" class=\"wp-image-1519\" title=\"\" srcset=\"https:\/\/corn-machine.com\/wp-content\/uploads\/2026\/02\/customized-small-wheel.webp 720w, https:\/\/corn-machine.com\/wp-content\/uploads\/2026\/02\/customized-small-wheel-300x225.webp 300w, https:\/\/corn-machine.com\/wp-content\/uploads\/2026\/02\/customized-small-wheel-16x12.webp 16w\" sizes=\"auto, (max-width: 720px) 100vw, 720px\" \/><figcaption class=\"wp-element-caption\">rueda peque\u00f1a personalizada<\/figcaption><\/figure>    <figure class=\"wp-block-image size-large\"><img loading=\"lazy\" decoding=\"async\" width=\"720\" height=\"540\" data-id=\"1518\" src=\"https:\/\/corn-machine.com\/wp-content\/uploads\/2026\/02\/customized-large-tires.webp\" alt=\"neum\u00e1ticos grandes personalizados\" class=\"wp-image-1518\" title=\"\" srcset=\"https:\/\/corn-machine.com\/wp-content\/uploads\/2026\/02\/customized-large-tires.webp 720w, https:\/\/corn-machine.com\/wp-content\/uploads\/2026\/02\/customized-large-tires-300x225.webp 300w, https:\/\/corn-machine.com\/wp-content\/uploads\/2026\/02\/customized-large-tires-16x12.webp 16w\" sizes=\"auto, (max-width: 720px) 100vw, 720px\" \/><figcaption class=\"wp-element-caption\">neum\u00e1ticos grandes personalizados<\/figcaption><\/figure> <\/figure>    <p>Si tiene necesidades adicionales de personalizaci\u00f3n o desea obtener m\u00e1s informaci\u00f3n sobre esta m\u00e1quina, cont\u00e1ctenos para la informaci\u00f3n m\u00e1s reciente.<\/p>    <h2 class=\"wp-block-heading\"><strong>Opciones de energ\u00eda para diferentes elecciones<\/strong><\/h2>    <p>Para satisfacer las diversas condiciones de energ\u00eda y h\u00e1bitos de uso de diferentes regiones, la trilladora de ma\u00edz SL-B ofrece tres configuraciones de energ\u00eda flexibles. Los clientes pueden elegir o combinar diferentes configuraciones seg\u00fan las necesidades del mercado local.<\/p>    <h3 class=\"wp-block-heading\"><strong>Motor el\u00e9ctrico de 2.2\u20133 kW<\/strong><\/h3>    <p class=\"translation-block\"><strong>Fuente de energ\u00eda<\/strong>: 220V, monof\u00e1sico, 50Hz (personalizable)<\/p>    <p>El modelo el\u00e9ctrico es adecuado para \u00e1reas con suministro de energ\u00eda estable, como peque\u00f1as plantas de procesamiento de granos, sitios de procesamiento fijos y cooperativas.<\/p>    <p class=\"translation-block\"><strong>Ventajas<\/strong>:<\/p>    <ul class=\"wp-block-list\"> <li>Bajos costos operativos<\/li>    <li>Arranque sencillo y operaci\u00f3n estable<\/li>    <li>Operaci\u00f3n silenciosa y baja vibraci\u00f3n<\/li>    <li>Mantenimiento f\u00e1cil y larga vida \u00fatil<\/li> <\/ul>    <p>Este tipo de m\u00e1quina eliminadora de semillas de ma\u00edz es popular en mercados donde los precios de la electricidad son bajos y el suministro es confiable, ayudando a los distribuidores a ofrecer soluciones rentables a los usuarios finales.<\/p>   <div class=\"wp-block-image\"> <figure class=\"aligncenter size-full\"><img loading=\"lazy\" decoding=\"async\" width=\"720\" height=\"540\" src=\"https:\/\/corn-machine.com\/wp-content\/uploads\/2026\/02\/corn-sheller-machine-with-motor.webp\" alt=\"m\u00e1quina trilladora de ma\u00edz con motor\" class=\"wp-image-1510\" title=\"\" srcset=\"https:\/\/corn-machine.com\/wp-content\/uploads\/2026\/02\/corn-sheller-machine-with-motor.webp 720w, https:\/\/corn-machine.com\/wp-content\/uploads\/2026\/02\/corn-sheller-machine-with-motor-300x225.webp 300w, https:\/\/corn-machine.com\/wp-content\/uploads\/2026\/02\/corn-sheller-machine-with-motor-16x12.webp 16w\" sizes=\"auto, (max-width: 720px) 100vw, 720px\" \/><figcaption class=\"wp-element-caption\">m\u00e1quina trilladora de ma\u00edz con motor<\/figcaption><\/figure> <\/div>   <h3 class=\"wp-block-heading\"><strong>Motor de gasolina 170F<\/strong><\/h3>    <p>La potencia de gasolina es adecuada para \u00e1reas con suministro de electricidad limitado o inestable o para peque\u00f1as granjas que requieren operaci\u00f3n m\u00f3vil. Es ideal para usuarios que prefieren un arranque f\u00e1cil y uso flexible.<\/p>    <p class=\"translation-block\"><strong>Ventajas<\/strong>:<\/p>    <ul class=\"wp-block-list\"> <li>F\u00e1cil de poner en marcha, especialmente en condiciones fr\u00edas<\/li>    <li>Ligero y f\u00e1cil de mover<\/li>    <li>Sin dependencia de una fuente de energ\u00eda externa<\/li> <\/ul>    <p>Esta configuraci\u00f3n es generalmente preferida por agricultores individuales y peque\u00f1os contratistas que requieren una trilladora de ma\u00edz port\u00e1til.<\/p>   <div class=\"wp-block-image\"> <figure class=\"aligncenter size-full\"><img loading=\"lazy\" decoding=\"async\" width=\"720\" height=\"540\" src=\"https:\/\/corn-machine.com\/wp-content\/uploads\/2026\/02\/maize-sheller-machine-with-gasoline-engine.webp\" alt=\"m\u00e1quina trilladora de ma\u00edz con motor de gasolina\" class=\"wp-image-1511\" title=\"\" srcset=\"https:\/\/corn-machine.com\/wp-content\/uploads\/2026\/02\/maize-sheller-machine-with-gasoline-engine.webp 720w, https:\/\/corn-machine.com\/wp-content\/uploads\/2026\/02\/maize-sheller-machine-with-gasoline-engine-300x225.webp 300w, https:\/\/corn-machine.com\/wp-content\/uploads\/2026\/02\/maize-sheller-machine-with-gasoline-engine-16x12.webp 16w\" sizes=\"auto, (max-width: 720px) 100vw, 720px\" \/><figcaption class=\"wp-element-caption\">m\u00e1quina trilladora de ma\u00edz con motor de gasolina<\/figcaption><\/figure> <\/div>   <h3 class=\"wp-block-heading\"><strong>Motor di\u00e9sel de 6-8 caballos de fuerza<\/strong><\/h3>    <p>Esta versi\u00f3n con motor di\u00e9sel est\u00e1 dise\u00f1ada para \u00e1reas rurales y remotas sin suministro el\u00e9ctrico, adecuada para operaci\u00f3n continua a largo plazo y tareas de trilla diarias de alta intensidad.<\/p>    <p class=\"translation-block\"><strong>Ventajas<\/strong>:<\/p>    <ul class=\"wp-block-list\"> <li>Torque fuerte y salida de potencia estable<\/li>    <li>Alta eficiencia de combustible, adecuada para uso a largo plazo<\/li>    <li>Excelente durabilidad bajo cargas pesadas<\/li> <\/ul>    <p class=\"translation-block\">Este modelo de m\u00e1quina eliminadora de semillas de ma\u00edz<strong> <\/strong> es especialmente popular en los mercados africanos y del sudeste asi\u00e1tico, donde los motores di\u00e9sel est\u00e1n f\u00e1cilmente disponibles y son f\u00e1ciles de mantener.<\/p>   <div class=\"wp-block-image\"> <figure class=\"aligncenter size-full\"><img loading=\"lazy\" decoding=\"async\" width=\"720\" height=\"540\" src=\"https:\/\/corn-machine.com\/wp-content\/uploads\/2026\/02\/corn-threshing-machine-with-diesel-engine.webp\" alt=\"Esta peque\u00f1a m\u00e1quina eliminadora de semillas de ma\u00edz tiene 3 opciones de energ\u00eda y puede procesar de 4 a 5 toneladas de ma\u00edz por hora. Venta directa de la f\u00e1brica Taizy con aceptaci\u00f3n de personalizaci\u00f3n.\" class=\"wp-image-1512\" title=\"\" srcset=\"https:\/\/corn-machine.com\/wp-content\/uploads\/2026\/02\/corn-threshing-machine-with-diesel-engine.webp 720w, https:\/\/corn-machine.com\/wp-content\/uploads\/2026\/02\/corn-threshing-machine-with-diesel-engine-300x225.webp 300w, https:\/\/corn-machine.com\/wp-content\/uploads\/2026\/02\/corn-threshing-machine-with-diesel-engine-16x12.webp 16w\" sizes=\"auto, (max-width: 720px) 100vw, 720px\" \/><figcaption class=\"wp-element-caption\">m\u00e1quina trilladora de ma\u00edz con motor di\u00e9sel<\/figcaption><\/figure> <\/div>   <h2 class=\"wp-block-heading\"><strong>\u00bfQu\u00e9 puede ofrecer Taizy a nuestros clientes?<\/strong><\/h2>    <p>Como fabricante profesional de maquinaria agr\u00edcola, Taizy ofrece soporte integral a sus clientes:<\/p>    <ol class=\"wp-block-list\"> <li>Suministro directo de f\u00e1brica: Eliminando intermediarios, ofrecemos precios de f\u00e1brica altamente competitivos, ayud\u00e1ndole a lograr mayores beneficios en reventas.<\/li>    <li>Optimizaci\u00f3n de pedidos al por mayor: Para pedidos en contenedores, Taizy ofrece precios m\u00e1s favorables y soluciones de carga optimizadas.<\/li>    <li>Suministro a largo plazo de piezas de repuesto: Nuestra f\u00e1brica proporciona un suministro estable de piezas de desgaste, asegurando un fuerte servicio postventa.<\/li>    <li>Soporte de personalizaci\u00f3n: Tambi\u00e9n apoyamos la personalizaci\u00f3n de colores, logotipos y marcas, configuraciones de energ\u00eda y otros requisitos de adaptaci\u00f3n al mercado local.<\/li>    <li>Soporte t\u00e9cnico y de mercado: Despu\u00e9s de completar el pedido, tambi\u00e9n proporcionamos manuales de productos, videos de operaci\u00f3n y gu\u00edas de instalaci\u00f3n.<\/li> <\/ol>    <figure class=\"wp-block-gallery has-nested-images columns-default is-cropped wp-block-gallery-4 is-layout-flex wp-block-gallery-is-layout-flex\"> <figure class=\"wp-block-image size-large\"><img loading=\"lazy\" decoding=\"async\" width=\"720\" height=\"540\" data-id=\"1514\" src=\"https:\/\/corn-machine.com\/wp-content\/uploads\/2026\/02\/optimized-loading-solutions.webp\" alt=\"soluciones de carga optimizadas\" class=\"wp-image-1514\" title=\"\" srcset=\"https:\/\/corn-machine.com\/wp-content\/uploads\/2026\/02\/optimized-loading-solutions.webp 720w, https:\/\/corn-machine.com\/wp-content\/uploads\/2026\/02\/optimized-loading-solutions-300x225.webp 300w, https:\/\/corn-machine.com\/wp-content\/uploads\/2026\/02\/optimized-loading-solutions-16x12.webp 16w\" sizes=\"auto, (max-width: 720px) 100vw, 720px\" \/><figcaption class=\"wp-element-caption\">soluciones de carga optimizadas<\/figcaption><\/figure>    <figure class=\"wp-block-image size-large\"><img loading=\"lazy\" decoding=\"async\" width=\"720\" height=\"540\" data-id=\"1515\" src=\"https:\/\/corn-machine.com\/wp-content\/uploads\/2026\/02\/Taizy-factory.webp\" alt=\"F\u00e1brica Taizy\" class=\"wp-image-1515\" title=\"\" srcset=\"https:\/\/corn-machine.com\/wp-content\/uploads\/2026\/02\/Taizy-factory.webp 720w, https:\/\/corn-machine.com\/wp-content\/uploads\/2026\/02\/Taizy-factory-300x225.webp 300w, https:\/\/corn-machine.com\/wp-content\/uploads\/2026\/02\/Taizy-factory-16x12.webp 16w\" sizes=\"auto, (max-width: 720px) 100vw, 720px\" \/><figcaption class=\"wp-element-caption\">F\u00e1brica Taizy<\/figcaption><\/figure> <\/figure>    <p>Esta m\u00e1quina eliminadora de semillas de ma\u00edz es muy popular entre los clientes debido a sus opciones de energ\u00eda flexibles, multifuncionalidad y fuerte soporte del fabricante. Si busca un proveedor confiable de trilladoras de ma\u00edz, Taizy est\u00e1 listo para ayudar a que su negocio crezca.<\/p>    <p>Otros modelos de trilladoras de ma\u00edz: <\/p>    <ul class=\"wp-block-list\"> <li><a href=\"https:\/\/corn-machine.com\/es\/product\/multi-function-corn-thresher\/\">Trituradora de ma\u00edz multifunci\u00f3n<\/a>: adecuado para trillar ma\u00edz, soja, trigo, sorgo, mijo y otros cultivos.<\/li>    <li><a href=\"https:\/\/corn-machine.com\/es\/product\/desgranadora-de-maiz-automatica\/\">Trilladora de ma\u00edz<\/a>: \u226599.5% de tasa de trilla y \u22642.0% de tasa de p\u00e9rdida con \u22641.5% de tasa de rotura.<\/li> <\/ul>","protected":false},"excerpt":{"rendered":"<p>This corn thresher has a processing capacity of 3-4 tons per hour and offers a variety of power options. Its compact size, light weight, and ease of transport, installation, and bulk sales make it a highly sought-after product in the agricultural machinery market.<\/p>","protected":false},"author":1,"featured_media":1509,"parent":0,"template":"","tags":[31],"product-type":[42],"class_list":["post-1505","product","type-product","status-publish","has-post-thumbnail","hentry","tag-corn","product-type-maize-sheller-machine"],"_links":{"self":[{"href":"https:\/\/corn-machine.com\/es\/wp-json\/wp\/v2\/product\/1505","targetHints":{"allow":["GET"]}}],"collection":[{"href":"https:\/\/corn-machine.com\/es\/wp-json\/wp\/v2\/product"}],"about":[{"href":"https:\/\/corn-machine.com\/es\/wp-json\/wp\/v2\/types\/product"}],"author":[{"embeddable":true,"href":"https:\/\/corn-machine.com\/es\/wp-json\/wp\/v2\/users\/1"}],"wp:featuredmedia":[{"embeddable":true,"href":"https:\/\/corn-machine.com\/es\/wp-json\/wp\/v2\/media\/1509"}],"wp:attachment":[{"href":"https:\/\/corn-machine.com\/es\/wp-json\/wp\/v2\/media?parent=1505"}],"wp:term":[{"taxonomy":"post_tag","embeddable":true,"href":"https:\/\/corn-machine.com\/es\/wp-json\/wp\/v2\/tags?post=1505"},{"taxonomy":"product-type","embeddable":true,"href":"https:\/\/corn-machine.com\/es\/wp-json\/wp\/v2\/product-type?post=1505"}],"curies":[{"name":"wp","href":"https:\/\/api.w.org\/{rel}","templated":true}]}}