{"id":1602,"date":"2026-02-26T14:28:54","date_gmt":"2026-02-26T06:28:54","guid":{"rendered":"https:\/\/corn-machine.com\/?post_type=product&#038;p=1602"},"modified":"2026-03-03T11:30:32","modified_gmt":"2026-03-03T03:30:32","slug":"5tym-850-maize-shelling-machine","status":"publish","type":"product","link":"https:\/\/corn-machine.com\/es\/product\/5tym-850-maize-shelling-machine\/","title":{"rendered":"Maquinaria de descascarado de ma\u00edz 5TYM-850"},"content":{"rendered":"<p class=\"translation-block\">La m\u00e1quina de descascarillar ma\u00edz 5TYM-850  es un equipo especializado para el trillo de ma\u00edz. Con sus neum\u00e1ticos grandes de desplazamiento, chasis reforzado y sistema de limpieza con ventilador de gran tama\u00f1o, es ideal para operaciones en campo y frecuentes traslados de sitio.<\/p>    <p>Su tama\u00f1o compacto y alta eficiencia de producci\u00f3n de 4-6 t\/h, junto con una tasa de trilla del 99%, lo han convertido en una opci\u00f3n preferida para proveedores locales y proyectos de licitaci\u00f3n internacional, que ya han ayudado a pa\u00edses como Etiop\u00eda y Gambia a completar proyectos de desarrollo agr\u00edcola.<\/p>    <figure class=\"wp-block-gallery has-nested-images columns-default is-cropped wp-block-gallery-2 is-layout-flex wp-block-gallery-is-layout-flex\"> <figure class=\"wp-block-image size-large\"><img loading=\"lazy\" decoding=\"async\" width=\"720\" height=\"540\" data-id=\"1608\" src=\"https:\/\/corn-machine.com\/wp-content\/uploads\/2026\/02\/Ethiopian-corn-thresher-trial-operation.webp\" alt=\"Prueba de operaci\u00f3n en Etiop\u00eda de la trilladora de ma\u00edz\" class=\"wp-image-1608\" title=\"\" srcset=\"https:\/\/corn-machine.com\/wp-content\/uploads\/2026\/02\/Ethiopian-corn-thresher-trial-operation.webp 720w, https:\/\/corn-machine.com\/wp-content\/uploads\/2026\/02\/Ethiopian-corn-thresher-trial-operation-300x225.webp 300w, https:\/\/corn-machine.com\/wp-content\/uploads\/2026\/02\/Ethiopian-corn-thresher-trial-operation-16x12.webp 16w\" sizes=\"auto, (max-width: 720px) 100vw, 720px\" \/><figcaption class=\"wp-element-caption\">Prueba de operaci\u00f3n en Etiop\u00eda de la trilladora de ma\u00edz<\/figcaption><\/figure>    <figure class=\"wp-block-image size-large\"><img loading=\"lazy\" decoding=\"async\" width=\"720\" height=\"540\" data-id=\"1609\" src=\"https:\/\/corn-machine.com\/wp-content\/uploads\/2026\/02\/Gambia-tenders-for-65-corn-threshers.webp\" alt=\"Licitaciones en Gambia para 65 trilladoras de ma\u00edz\" class=\"wp-image-1609\" title=\"\" srcset=\"https:\/\/corn-machine.com\/wp-content\/uploads\/2026\/02\/Gambia-tenders-for-65-corn-threshers.webp 720w, https:\/\/corn-machine.com\/wp-content\/uploads\/2026\/02\/Gambia-tenders-for-65-corn-threshers-300x225.webp 300w, https:\/\/corn-machine.com\/wp-content\/uploads\/2026\/02\/Gambia-tenders-for-65-corn-threshers-16x12.webp 16w\" sizes=\"auto, (max-width: 720px) 100vw, 720px\" \/><figcaption class=\"wp-element-caption\">Licitaciones en Gambia para 65 trilladoras de ma\u00edz<\/figcaption><\/figure> <\/figure>    <h2 class=\"wp-block-heading\"><strong>Ventajas de esta trilladora de ma\u00edz en comparaci\u00f3n con otros tipos<\/strong><\/h2>    <ol class=\"wp-block-list\"> <li>Movilidad f\u00e1cil: Equipado con neum\u00e1ticos grandes y un chasis resistente, la m\u00e1quina de descascarillar ma\u00edz se puede mover f\u00e1cilmente por caminos rurales y en tierras agr\u00edcolas.<\/li>    <li>Superior cleaning system: The corn sheller machine&#8217;s large fan efficiently removes minor impurities, resulting in clean kernels and reducing the need for secondary cleaning.<\/li>    <li>Separaci\u00f3n totalmente autom\u00e1tica: Equipado con un sistema de separaci\u00f3n impulsado por viento, separa autom\u00e1ticamente los granos, mazorcas, c\u00e1scaras y salvado.<\/li>    <li>Bajo da\u00f1o a los granos: La tasa de rotura de granos de esa trilladora de ma\u00edz es \u22643%, asegurando un mayor valor de mercado al vender.<\/li>    <li>Varias opciones de energ\u00eda: Se puede seleccionar un motor el\u00e9ctrico trif\u00e1sico o un motor di\u00e9sel como fuente de energ\u00eda seg\u00fan sea necesario.<\/li> <\/ol>    <figure class=\"wp-block-gallery has-nested-images columns-default is-cropped wp-block-gallery-3 is-layout-flex wp-block-gallery-is-layout-flex\"> <figure class=\"wp-block-image size-large\"><img loading=\"lazy\" decoding=\"async\" width=\"720\" height=\"540\" data-id=\"1611\" src=\"https:\/\/corn-machine.com\/wp-content\/uploads\/2026\/02\/portable-maize-threshing-machine.webp\" alt=\"m\u00e1quina port\u00e1til de trilla de ma\u00edz\" class=\"wp-image-1611\" title=\"\" srcset=\"https:\/\/corn-machine.com\/wp-content\/uploads\/2026\/02\/portable-maize-threshing-machine.webp 720w, https:\/\/corn-machine.com\/wp-content\/uploads\/2026\/02\/portable-maize-threshing-machine-300x225.webp 300w, https:\/\/corn-machine.com\/wp-content\/uploads\/2026\/02\/portable-maize-threshing-machine-16x12.webp 16w\" sizes=\"auto, (max-width: 720px) 100vw, 720px\" \/><figcaption class=\"wp-element-caption\">m\u00e1quina port\u00e1til de trilla de ma\u00edz<\/figcaption><\/figure>    <figure class=\"wp-block-image size-large\"><img loading=\"lazy\" decoding=\"async\" width=\"720\" height=\"540\" data-id=\"1610\" src=\"https:\/\/corn-machine.com\/wp-content\/uploads\/2026\/02\/small-corn-sheller-machine.webp\" alt=\"m\u00e1quina de descascarillar ma\u00edz peque\u00f1a\" class=\"wp-image-1610\" title=\"\" srcset=\"https:\/\/corn-machine.com\/wp-content\/uploads\/2026\/02\/small-corn-sheller-machine.webp 720w, https:\/\/corn-machine.com\/wp-content\/uploads\/2026\/02\/small-corn-sheller-machine-300x225.webp 300w, https:\/\/corn-machine.com\/wp-content\/uploads\/2026\/02\/small-corn-sheller-machine-16x12.webp 16w\" sizes=\"auto, (max-width: 720px) 100vw, 720px\" \/><figcaption class=\"wp-element-caption\">m\u00e1quina de descascarillar ma\u00edz peque\u00f1a<\/figcaption><\/figure> <\/figure>    <h2 class=\"wp-block-heading\"><strong>\u00bfC\u00f3mo funciona esta trilladora de ma\u00edz?<\/strong><\/h2>    <p>Su flujo de trabajo consta principalmente de cinco pasos: etapa de alimentaci\u00f3n \u2192 proceso de trilla \u2192 proceso de cribado \u2192 eliminaci\u00f3n de impurezas \u2192 descarga de mazorca.<\/p>    <p>El m\u00e9todo principal de trilla implica usar un tambor giratorio de alta velocidad y dientes en espiral para separar los granos de ma\u00edz del mazorca mediante golpes y fricci\u00f3n.<\/p>    <p>Las semillas de ma\u00edz trilladas se deslizan sobre una pantalla vibratoria mediante una placa deslizante y caen debajo de la pantalla, mientras que las mazorcas rotas se descargan a trav\u00e9s de la pantalla vibratoria. Las c\u00e1scaras y las impurezas ligeras se soplan en la entrada del soplador y se descargan por un ventilador de alta potencia.<\/p>    <figure class=\"wp-block-embed aligncenter is-type-video is-provider-youtube wp-block-embed-youtube wp-embed-aspect-16-9 wp-has-aspect-ratio\"><div class=\"wp-block-embed__wrapper\"> <iframe loading=\"lazy\" title=\"Video de trabajo de la m\u00e1quina de trillar ma\u00edz 5TYM-850 | Prueba de trilladora de 4-6T\/H Contacto:  8617703863868\" width=\"500\" height=\"281\" src=\"https:\/\/www.youtube.com\/embed\/npfx45Ch6q0?feature=oembed\" frameborder=\"0\" allow=\"accelerometer; autoplay; clipboard-write; encrypted-media; gyroscope; picture-in-picture; web-share\" referrerpolicy=\"strict-origin-when-cross-origin\" allowfullscreen><\/iframe> <\/div><figcaption class=\"wp-element-caption\">Prueba de funcionamiento de esta m\u00e1quina de descascarillar ma\u00edz<\/figcaption><\/figure>    <h2 class=\"wp-block-heading\"><strong>Estructura de la m\u00e1quina de descascarillar ma\u00edz<\/strong><\/h2>    <p>La trilladora de ma\u00edz 5TYM-850 consta de las siguientes partes: marco de remolque, patas de soporte, chasis, ruedas, cubierta protectora (incluyendo correa en V), entrada de alimentaci\u00f3n, salida del ventilador y motor di\u00e9sel.<\/p>    <p>Su marco inferior reforzado y su dise\u00f1o \u00fanico de neum\u00e1ticos grandes garantizan un funcionamiento suave en caminos rurales y en entornos de campo. A continuaci\u00f3n, se detallan las especificaciones estructurales.<\/p>   <div class=\"wp-block-image\"> <figure class=\"aligncenter size-full\"><img loading=\"lazy\" decoding=\"async\" width=\"720\" height=\"540\" src=\"https:\/\/corn-machine.com\/wp-content\/uploads\/2026\/02\/structure-of-shelling-corn-machine.webp\" alt=\"estructura de la m\u00e1quina de descascarillar ma\u00edz\" class=\"wp-image-1615\" title=\"\" srcset=\"https:\/\/corn-machine.com\/wp-content\/uploads\/2026\/02\/structure-of-shelling-corn-machine.webp 720w, https:\/\/corn-machine.com\/wp-content\/uploads\/2026\/02\/structure-of-shelling-corn-machine-300x225.webp 300w, https:\/\/corn-machine.com\/wp-content\/uploads\/2026\/02\/structure-of-shelling-corn-machine-16x12.webp 16w\" sizes=\"auto, (max-width: 720px) 100vw, 720px\" \/><figcaption class=\"wp-element-caption\">estructura de la m\u00e1quina de descascarillar ma\u00edz<\/figcaption><\/figure> <\/div>   <h2 class=\"wp-block-heading\"><strong>Par\u00e1metros t\u00e9cnicos de la m\u00e1quina de descascarillar ma\u00edz<\/strong><\/h2>    <figure class=\"wp-block-table aligncenter\"><table class=\"has-fixed-layout\"><tbody><tr><td>Modelo<\/td><td>5TYM-850<\/td><\/tr><tr><td>Fuerza<\/td><td>Motor di\u00e9sel refrigerado por agua de 12hp, arranque por retroceso<br>(Tambi\u00e9n se puede agregar el motor el\u00e9ctrico.)<\/td><\/tr><tr><td>Capacidad<\/td><td>4-6t\/h<\/td><\/tr><tr><td>Tama\u00f1o<\/td><td>2300*1100*1300mm<\/td><\/tr><tr><td>Peso<\/td><td>326kg<\/td><\/tr><tr><td>Eficiencia de limpieza<\/td><td>\u226598%<\/td><\/tr><tr><td>Eficiencia de descascarillado<\/td><td>\u226598%<\/td><\/tr><tr><td>Rotura de granos<\/td><td>\u22643%<\/td><\/tr><tr><td>P\u00e9rdida de grano<\/td><td>\u22642%<\/td><\/tr><\/tbody><\/table><figcaption class=\"wp-element-caption\">Especificaci\u00f3n de la m\u00e1quina de descascarillar ma\u00edz<\/figcaption><\/figure>    <p>El color, tama\u00f1o de neum\u00e1tico y voltaje de nuestra m\u00e1quina de descascarillar ma\u00edz se pueden personalizar para cumplir con requisitos espec\u00edficos. Para m\u00e1s informaci\u00f3n sobre personalizaci\u00f3n, cont\u00e1ctenos.<\/p>   <div class=\"wp-block-image\"> <figure class=\"aligncenter size-full\"><img loading=\"lazy\" decoding=\"async\" width=\"720\" height=\"540\" src=\"https:\/\/corn-machine.com\/wp-content\/uploads\/2026\/02\/automatic-corn-thresher.webp\" alt=\"trilladora de ma\u00edz autom\u00e1tica\" class=\"wp-image-1612\" title=\"\" srcset=\"https:\/\/corn-machine.com\/wp-content\/uploads\/2026\/02\/automatic-corn-thresher.webp 720w, https:\/\/corn-machine.com\/wp-content\/uploads\/2026\/02\/automatic-corn-thresher-300x225.webp 300w, https:\/\/corn-machine.com\/wp-content\/uploads\/2026\/02\/automatic-corn-thresher-16x12.webp 16w\" sizes=\"auto, (max-width: 720px) 100vw, 720px\" \/><figcaption class=\"wp-element-caption\">trilladora de ma\u00edz autom\u00e1tica<\/figcaption><\/figure> <\/div>   <h2 class=\"wp-block-heading\"><strong>Normas de instalaci\u00f3n, funcionamiento y uso seguro del desgranador de ma\u00edz<\/strong><\/h2>    <p>Para facilitar el transporte, algunas partes de esta m\u00e1quina de descascarillar ma\u00edz han sido desmontadas. Reensamblar seg\u00fan el diagrama estructural proporcionado antes de usar.<\/p>    <p class=\"translation-block\"><strong>Antes de la operaci\u00f3n<\/strong>, realice lo siguiente:<\/p>    <ol class=\"wp-block-list\"> <li>Verificar que todos los sujetadores est\u00e9n apretados.<\/li>    <li>Asegurar que las partes giratorias funcionen suavemente.<\/li>    <li>Confirmar que no haya objetos extra\u00f1os dentro del tambor del ventilador.<\/li>    <li>Girar manualmente la correa para verificar fricci\u00f3n o ruidos anormales.<\/li>    <li>Ejecutar la m\u00e1quina sin carga primero.<\/li> <\/ol>    <p class=\"translation-block\"><strong>Antes de cada operaci\u00f3n<\/strong>, tenga en cuenta lo siguiente:<\/p>    <ol class=\"wp-block-list\"> <li>Agregar grasa a los rodamientos.<\/li>    <li>Agregar suficiente aceite al motor di\u00e9sel.<\/li>    <li>Operar la m\u00e1quina en modo de espera unos minutos antes de alimentar el ma\u00edz.<\/li>    <li>Nunca sobrepasar la velocidad de la m\u00e1quina.<\/li>    <li>El ma\u00edz utilizado como materia prima no debe estar demasiado h\u00famedo.<\/li> <\/ol>    <p class=\"translation-block\"><strong>Despu\u00e9s de la operaci\u00f3n<\/strong>, realiza un mantenimiento sencillo en la m\u00e1quina de trillar ma\u00edz:<\/p>    <ol class=\"wp-block-list\"> <li>Eliminaci\u00f3n de residuos internos.<\/li>    <li>Lubricar todos los puntos de lubricaci\u00f3n.<\/li>    <li>Si no se va a usar durante un per\u00edodo prolongado, gu\u00e1rdelo en un lugar seco y bien ventilado.<\/li> <\/ol>    <h2 class=\"wp-block-heading\"><strong>\u00bfCu\u00e1ndo deber\u00edas elegir este tipo de trilladora de ma\u00edz?<\/strong><\/h2>    <p>Este tipo de m\u00e1quina de desgranado de ma\u00edz es ideal para:<\/p>    <ol class=\"wp-block-list\"> <li>Cuando necesitas una capacidad de procesamiento de 4-6 toneladas por hora.<\/li>    <li>Si necesitas una m\u00e1quina m\u00f3vil que sea f\u00e1cil de usar en el campo.<\/li>    <li>Cuando necesitas alta eficiencia de trilla y bajo da\u00f1o a los granos.<\/li> <\/ol>    <p>Si buscas una soluci\u00f3n duradera, eficiente, f\u00e1cil de mover y limpiar para la trilla de ma\u00edz a peque\u00f1a escala, la trilladora de ma\u00edz 5TYM-850 es la opci\u00f3n perfecta.<\/p>    <figure class=\"wp-block-gallery has-nested-images columns-default is-cropped wp-block-gallery-4 is-layout-flex wp-block-gallery-is-layout-flex\"> <figure class=\"wp-block-image size-large\"><img loading=\"lazy\" decoding=\"async\" width=\"720\" height=\"540\" data-id=\"1614\" src=\"https:\/\/corn-machine.com\/wp-content\/uploads\/2026\/02\/corn-threshing-machine-testing.webp\" alt=\"Prueba de la m\u00e1quina trilladora de ma\u00edz\" class=\"wp-image-1614\" title=\"\" srcset=\"https:\/\/corn-machine.com\/wp-content\/uploads\/2026\/02\/corn-threshing-machine-testing.webp 720w, https:\/\/corn-machine.com\/wp-content\/uploads\/2026\/02\/corn-threshing-machine-testing-300x225.webp 300w, https:\/\/corn-machine.com\/wp-content\/uploads\/2026\/02\/corn-threshing-machine-testing-16x12.webp 16w\" sizes=\"auto, (max-width: 720px) 100vw, 720px\" \/><figcaption class=\"wp-element-caption\">Prueba de la m\u00e1quina trilladora de ma\u00edz<\/figcaption><\/figure>    <figure class=\"wp-block-image size-large\"><img loading=\"lazy\" decoding=\"async\" width=\"720\" height=\"540\" data-id=\"1613\" src=\"https:\/\/corn-machine.com\/wp-content\/uploads\/2026\/02\/corn-thresher-sheller-machine.webp\" alt=\"m\u00e1quina trilladora de ma\u00edz\" class=\"wp-image-1613\" title=\"\" srcset=\"https:\/\/corn-machine.com\/wp-content\/uploads\/2026\/02\/corn-thresher-sheller-machine.webp 720w, https:\/\/corn-machine.com\/wp-content\/uploads\/2026\/02\/corn-thresher-sheller-machine-300x225.webp 300w, https:\/\/corn-machine.com\/wp-content\/uploads\/2026\/02\/corn-thresher-sheller-machine-16x12.webp 16w\" sizes=\"auto, (max-width: 720px) 100vw, 720px\" \/><figcaption class=\"wp-element-caption\">m\u00e1quina trilladora de ma\u00edz<\/figcaption><\/figure> <\/figure>    <p>Los clientes que compren varias unidades de la m\u00e1quina de descascarillar ma\u00edz de una vez pueden disfrutar de nuestro descuento por precio mayorista de f\u00e1brica. \u00a1Cont\u00e1ctenos para la lista de precios m\u00e1s reciente!<\/p>    <p>Adem\u00e1s de esta m\u00e1quina, tambi\u00e9n tenemos otras trilladoras de ma\u00edz m\u00e1s vendidas. \u00a1Haz clic en el enlace a continuaci\u00f3n para obtener informaci\u00f3n detallada de par\u00e1metros!<\/p>    <div class=\"wp-block-columns is-layout-flex wp-container-core-columns-is-layout-9d6595d7 wp-block-columns-is-layout-flex\"> <div class=\"wp-block-column is-vertically-aligned-center is-layout-flow wp-block-column-is-layout-flow\"> <div class=\"wp-block-buttons is-content-justification-center is-layout-flex wp-container-core-buttons-is-layout-16018d1d wp-block-buttons-is-layout-flex\"> <div class=\"wp-block-button\"><a class=\"wp-block-button__link wp-element-button\" href=\"https:\/\/corn-machine.com\/es\/product\/multi-function-corn-thresher\/\">Trilladora de ma\u00edz multifunci\u00f3n<\/a><\/div> <\/div> <\/div>    <div class=\"wp-block-column is-layout-flow wp-block-column-is-layout-flow\"> <div class=\"wp-block-buttons is-content-justification-center is-layout-flex wp-container-core-buttons-is-layout-16018d1d wp-block-buttons-is-layout-flex\"> <div class=\"wp-block-button\"><a class=\"wp-block-button__link wp-element-button\" href=\"https:\/\/corn-machine.com\/es\/product\/small-type-corn-seed-remover-machine\/\">Remojador de semillas de ma\u00edz de peque\u00f1o tama\u00f1o <\/a><\/div> <\/div> <\/div> <\/div>","protected":false},"excerpt":{"rendered":"<p>The 5TYM-850 corn thresher has a processing capacity of 4-6 tons per hour, a threshing efficiency of \u226598%, and a low grain breakage rate. Equipped with a spiral needle roller, a large-capacity air cleaning system, and a robust mobile chassis, this machine is an ideal choice for suppliers and agricultural projects.<\/p>","protected":false},"author":1,"featured_media":1616,"parent":0,"template":"","tags":[31],"product-type":[42],"class_list":["post-1602","product","type-product","status-publish","has-post-thumbnail","hentry","tag-corn","product-type-maize-sheller-machine"],"_links":{"self":[{"href":"https:\/\/corn-machine.com\/es\/wp-json\/wp\/v2\/product\/1602","targetHints":{"allow":["GET"]}}],"collection":[{"href":"https:\/\/corn-machine.com\/es\/wp-json\/wp\/v2\/product"}],"about":[{"href":"https:\/\/corn-machine.com\/es\/wp-json\/wp\/v2\/types\/product"}],"author":[{"embeddable":true,"href":"https:\/\/corn-machine.com\/es\/wp-json\/wp\/v2\/users\/1"}],"wp:featuredmedia":[{"embeddable":true,"href":"https:\/\/corn-machine.com\/es\/wp-json\/wp\/v2\/media\/1616"}],"wp:attachment":[{"href":"https:\/\/corn-machine.com\/es\/wp-json\/wp\/v2\/media?parent=1602"}],"wp:term":[{"taxonomy":"post_tag","embeddable":true,"href":"https:\/\/corn-machine.com\/es\/wp-json\/wp\/v2\/tags?post=1602"},{"taxonomy":"product-type","embeddable":true,"href":"https:\/\/corn-machine.com\/es\/wp-json\/wp\/v2\/product-type?post=1602"}],"curies":[{"name":"wp","href":"https:\/\/api.w.org\/{rel}","templated":true}]}}