{"id":1666,"date":"2026-03-17T15:59:37","date_gmt":"2026-03-17T07:59:37","guid":{"rendered":"https:\/\/corn-machine.com\/?post_type=product&#038;p=1666"},"modified":"2026-03-17T15:59:38","modified_gmt":"2026-03-17T07:59:38","slug":"tmr-feed-mixer-for-dairy-livestock-farms","status":"publish","type":"product","link":"https:\/\/corn-machine.com\/es\/product\/tmr-feed-mixer-for-dairy-livestock-farms\/","title":{"rendered":"Mezclador de alimentaci\u00f3n TMR"},"content":{"rendered":"<p class=\"translation-block\">El <strong>mezclador de pienso TMR<\/strong> es un equipo de procesamiento de alimentos que integra funciones de corte, trituraci\u00f3n y mezcla en una sola unidad, ayudando a los agricultores a preparar una raci\u00f3n total mezclada (TMR) equilibrada mediante la mezcla completa de forraje, concentrados, minerales y vitaminas.<\/p>    <p>Al evitar que los animales seleccionen el alimento, los sistemas TMR aseguran que cada bocado contenga la misma composici\u00f3n de nutrientes, lo cual es fundamental tanto para operaciones lecheras como de carne. Este art\u00edculo ofrece una visi\u00f3n general completa de la serie 9JGL de mezcladores de pienso TMR, incluyendo su estructura, principio de funcionamiento y especificaciones.<\/p>    <h2 class=\"wp-block-heading\"><strong>Caracter\u00edsticas clave del mezclador de pienso TMR Taizy<\/strong><\/h2>    <ol class=\"wp-block-list\"> <li>Este mezclador de ensilaje mezcla y corta r\u00e1pidamente diversos ingredientes fibrosos, como heno, paja y ensilaje, lo que garantiza una mezcla uniforme y consistente.<\/li>    <li>La parte inferior del tanque de mezcla de alimentos est\u00e1 construida con acero de aleaci\u00f3n de alta calidad, lo que le permite soportar las demandas de operaciones agr\u00edcolas de alta intensidad.<\/li>    <li>Our animal feed mixer&#8217;s cutting blades are precision-crafted from highly wear-resistant materials, thereby effectively extending the overall service life of the unit.<\/li>    <li>Un mezclador de pienso TMR puede proporcionar raciones diarias para 200 a 2000 cabezas de ganado; su eficiencia operativa es equivalente a la producci\u00f3n de m\u00e1s de 20 trabajadores.<\/li> <\/ol>   <div class=\"wp-block-image\"> <figure class=\"aligncenter size-full\"><img loading=\"lazy\" decoding=\"async\" width=\"720\" height=\"540\" src=\"https:\/\/corn-machine.com\/wp-content\/uploads\/2026\/03\/electric-TMR-mixer.webp\" alt=\"mezclador TMR el\u00e9ctrico\" class=\"wp-image-1678\" title=\"\" srcset=\"https:\/\/corn-machine.com\/wp-content\/uploads\/2026\/03\/electric-TMR-mixer.webp 720w, https:\/\/corn-machine.com\/wp-content\/uploads\/2026\/03\/electric-TMR-mixer-300x225.webp 300w, https:\/\/corn-machine.com\/wp-content\/uploads\/2026\/03\/electric-TMR-mixer-16x12.webp 16w\" sizes=\"auto, (max-width: 720px) 100vw, 720px\" \/><figcaption class=\"wp-element-caption\">mezclador TMR el\u00e9ctrico<\/figcaption><\/figure> <\/div>   <p>La mayor\u00eda de las granjas modernas optan por mezcladores de alimentaci\u00f3n para ganado debido a los beneficios significativos que ofrecen:<\/p>    <ul class=\"wp-block-list\"> <li>Los sistemas TMR reducen muchos tiempos de mezcla y optimizan el consumo de energ\u00eda.<\/li>    <li>Puede reemplazar muchas tareas manuales, reduciendo significativamente los requisitos de mano de obra.<\/li>    <li>Despu\u00e9s de ser mezclado por maquinaria, el alimento garantiza una dieta equilibrada para los animales, promoviendo directamente mejoras en la producci\u00f3n de leche y el rendimiento de crecimiento.<\/li> <\/ul>   <div class=\"wp-block-image\"> <figure class=\"aligncenter size-full\"><img loading=\"lazy\" decoding=\"async\" width=\"720\" height=\"540\" src=\"https:\/\/corn-machine.com\/wp-content\/uploads\/2026\/03\/total-mixed-ration-for-cow.webp\" alt=\"raci\u00f3n total mezclada para vacas\" class=\"wp-image-1682\" title=\"\" srcset=\"https:\/\/corn-machine.com\/wp-content\/uploads\/2026\/03\/total-mixed-ration-for-cow.webp 720w, https:\/\/corn-machine.com\/wp-content\/uploads\/2026\/03\/total-mixed-ration-for-cow-300x225.webp 300w, https:\/\/corn-machine.com\/wp-content\/uploads\/2026\/03\/total-mixed-ration-for-cow-16x12.webp 16w\" sizes=\"auto, (max-width: 720px) 100vw, 720px\" \/><figcaption class=\"wp-element-caption\">raci\u00f3n total mezclada para vacas<\/figcaption><\/figure> <\/div>   <h2 class=\"wp-block-heading\"><strong>Estructura del mezclador TMR<\/strong><\/h2>    <p>La estructura principal del mezclador de alimentaci\u00f3n para ganado de la serie 9JGL de Taizy comprende los siguientes sistemas:<\/p>    <ol class=\"wp-block-list\"> <li><strong>Sistema de mezcla:<\/strong> Consiste en uno o dos tornillos sin fin en espiral, con cuchillas en espiral disponibles en configuraciones de mano izquierda y derecha. (Las cuchillas del tornillo est\u00e1n fabricadas en acero manganeso de alta resistencia, ofreciendo una resistencia excepcional al desgaste.)<\/li>    <li><strong>Sistema de descarga:<\/strong> La puerta de descarga es controlada por un cilindro hidr\u00e1ulico; sus componentes principales incluyen una base de soporte fija, una placa de descarga deslizante y un soporte de varilla de conexi\u00f3n. Se instala una placa magn\u00e9tica en la salida de descarga para atraer y eliminar impurezas met\u00e1licas del alimento.<\/li>    <li><strong>Sistema de alimentaci\u00f3n:<\/strong> Los usuarios pueden optar por instalar un transportador de alimentos (opcional) para permitir la carga autom\u00e1tica de materiales en la c\u00e1mara de mezcla.<\/li>    <li><strong>Sistema de pesaje:<\/strong> Compuesto principalmente por cuatro celdas de carga tipo puente y un controlador de pesaje digital. Este sistema proporciona pantallas en tiempo real del peso total, peso neto y proporciones de alimento, asegurando la precisi\u00f3n en la formulaci\u00f3n del alimento.<\/li> <\/ol>   <div class=\"wp-block-image\"> <figure class=\"aligncenter size-full\"><img loading=\"lazy\" decoding=\"async\" width=\"720\" height=\"540\" src=\"https:\/\/corn-machine.com\/wp-content\/uploads\/2026\/03\/structure-of-silage-mixer.webp\" alt=\"estructura del mezclador de ensilaje\" class=\"wp-image-1684\" title=\"\" srcset=\"https:\/\/corn-machine.com\/wp-content\/uploads\/2026\/03\/structure-of-silage-mixer.webp 720w, https:\/\/corn-machine.com\/wp-content\/uploads\/2026\/03\/structure-of-silage-mixer-300x225.webp 300w, https:\/\/corn-machine.com\/wp-content\/uploads\/2026\/03\/structure-of-silage-mixer-16x12.webp 16w\" sizes=\"auto, (max-width: 720px) 100vw, 720px\" \/><figcaption class=\"wp-element-caption\">estructura del mezclador de ensilaje<\/figcaption><\/figure> <\/div>   <h2 class=\"wp-block-heading\"><strong>Principio de funcionamiento del mezclador de ensilaje TMR<\/strong><\/h2>    <p>La serie 9JGL de mezcladores de ensilaje funciona utilizando un tornillo sin fin giratorio equipado con cuchillas de corte.<\/p>    <p>Una vez que las materias primas \u2014como ensilaje, heno, paja y concentrados\u2014 se cargan en el tanque de mezcla, el tornillo sin fin comienza a girar, atrayendo los materiales desde ambos extremos del tanque hacia el centro.<\/p>    <p>A trav\u00e9s de la acci\u00f3n sin\u00e9rgica de las cuchillas de corte montadas en el tornillo sin fin y las cuchillas estacionarias ubicadas dentro de la m\u00e1quina, los materiales sufren un corte, triturado y mezcla simult\u00e1neos durante este proceso. <\/p>    <p>Despu\u00e9s de que los materiales se mezclan completamente, el alimento se descarga a trav\u00e9s de una salida controlada hidr\u00e1ulicamente.<\/p>    <h2 class=\"wp-block-heading\"><strong>Diferentes tipos de mezcladores de pienso TMR<\/strong><\/h2>    <p>Los mezcladores de pienso TMR suministrados por Taizy se clasifican principalmente en dos tipos: vertical y horizontal.<\/p>    <h3 class=\"wp-block-heading\">M\u00e1quina mezcladora vertical para animales<\/h3>    <h4 class=\"wp-block-heading\"><strong>Caracter\u00edsticas del mezclador vertical para alimentaci\u00f3n de vacas lecheras:<\/strong><\/h4>    <ol class=\"wp-block-list\"> <li>Bajo \u00edndice de fallos<\/li>    <li>Estructura sencilla<\/li>    <li>Adecuado para materiales con fibras largas (heno, hierba larga, paja de avena, etc.)<\/li> <\/ol>    <h4 class=\"wp-block-heading\"><strong>Ventajas de los mezcladores verticales TMR:<\/strong><\/h4>    <ul class=\"wp-block-list\"> <li>Rendimiento superior de mezcla para alimentos fibrosos<\/li>    <li>Mayor vida \u00fatil<\/li>    <li>Costos de mantenimiento m\u00e1s bajos<\/li> <\/ul>   <div class=\"wp-block-image\"> <figure class=\"aligncenter size-full\"><img loading=\"lazy\" decoding=\"async\" width=\"720\" height=\"540\" src=\"https:\/\/corn-machine.com\/wp-content\/uploads\/2026\/03\/vertical-TMR-feed-mixer.webp\" alt=\"mezclador TMR vertical\" class=\"wp-image-1674\" title=\"\" srcset=\"https:\/\/corn-machine.com\/wp-content\/uploads\/2026\/03\/vertical-TMR-feed-mixer.webp 720w, https:\/\/corn-machine.com\/wp-content\/uploads\/2026\/03\/vertical-TMR-feed-mixer-300x225.webp 300w, https:\/\/corn-machine.com\/wp-content\/uploads\/2026\/03\/vertical-TMR-feed-mixer-16x12.webp 16w\" sizes=\"auto, (max-width: 720px) 100vw, 720px\" \/><figcaption class=\"wp-element-caption\">mezclador TMR vertical<\/figcaption><\/figure> <\/div>   <h3 class=\"wp-block-heading\"><strong>mezclador horizontal de alimentos para ganado<\/strong><\/h3>    <h4 class=\"wp-block-heading\"><strong>Caracter\u00edsticas de los mezcladores horizontales de alimento para animales:<\/strong><\/h4>    <ol class=\"wp-block-list\"> <li>Velocidad de mezcla m\u00e1s r\u00e1pida<\/li>    <li>Equipado con m\u00faltiples palas o tornillos sin fin<\/li>    <li>Adecuado para procesar forraje blando, como ensilaje<\/li> <\/ol>    <h4 class=\"wp-block-heading\"><strong>Ventajas de <strong>horizontal <\/strong>mezclador de alimentaci\u00f3n para ganado:<\/strong><\/h4>    <ul class=\"wp-block-list\"> <li>Mezcla r\u00e1pida<\/li>    <li>Adecuado para materiales con mayor contenido de humedad<\/li> <\/ul>   <div class=\"wp-block-image\"> <figure class=\"aligncenter size-full\"><img loading=\"lazy\" decoding=\"async\" width=\"720\" height=\"540\" src=\"https:\/\/corn-machine.com\/wp-content\/uploads\/2026\/03\/horizontal-animal-food-feed-mixer.webp\" alt=\"mezclador horizontal de alimento para animales\" class=\"wp-image-1675\" title=\"\" srcset=\"https:\/\/corn-machine.com\/wp-content\/uploads\/2026\/03\/horizontal-animal-food-feed-mixer.webp 720w, https:\/\/corn-machine.com\/wp-content\/uploads\/2026\/03\/horizontal-animal-food-feed-mixer-300x225.webp 300w, https:\/\/corn-machine.com\/wp-content\/uploads\/2026\/03\/horizontal-animal-food-feed-mixer-16x12.webp 16w\" sizes=\"auto, (max-width: 720px) 100vw, 720px\" \/><figcaption class=\"wp-element-caption\">mezclador horizontal de alimento para animales<\/figcaption><\/figure> <\/div>   <p>La siguiente es la tabla comparativa de las diferencias entre mezcladores de alimentaci\u00f3n vertical y horizontal:<\/p>    <figure class=\"wp-block-table\"><table class=\"has-fixed-layout\"><thead><tr><th>Caracter\u00edstica<\/th><th>Mezclador vertical<\/th><th>Mezclador horizontal<\/th><\/tr><\/thead><tbody><tr><td>M\u00e9todo de mezcla<\/td><td>Tornillo espiral<\/td><td>Paleta o m\u00faltiple tornillo sin fin<\/td><\/tr><tr><td>Mejores materiales<\/td><td>Heno seco, paja, avena<\/td><td>Ensilaje y alimento h\u00famedo<\/td><\/tr><tr><td>Estructura<\/td><td>Sencillo<\/td><td>M\u00e1s complejo<\/td><\/tr><tr><td>Tasa de fallos<\/td><td>M\u00e1s bajo<\/td><td>Ligeramente superior<\/td><\/tr><tr><td>Mantenimiento<\/td><td>F\u00e1cil<\/td><td>Moderado<\/td><\/tr><\/tbody><\/table><figcaption class=\"wp-element-caption\">Comparaci\u00f3n entre mezclador vertical y mezclador horizontal<\/figcaption><\/figure>    <figure class=\"wp-block-gallery has-nested-images columns-default is-cropped wp-block-gallery-2 is-layout-flex wp-block-gallery-is-layout-flex\"> <figure class=\"wp-block-image size-large\"><img loading=\"lazy\" decoding=\"async\" width=\"720\" height=\"540\" data-id=\"1677\" src=\"https:\/\/corn-machine.com\/wp-content\/uploads\/2026\/03\/internal-structure-of-horizontal-feed-mixer.webp\" alt=\"estructura interna del mezclador de alimentaci\u00f3n horizontal\" class=\"wp-image-1677\" title=\"\" srcset=\"https:\/\/corn-machine.com\/wp-content\/uploads\/2026\/03\/internal-structure-of-horizontal-feed-mixer.webp 720w, https:\/\/corn-machine.com\/wp-content\/uploads\/2026\/03\/internal-structure-of-horizontal-feed-mixer-300x225.webp 300w, https:\/\/corn-machine.com\/wp-content\/uploads\/2026\/03\/internal-structure-of-horizontal-feed-mixer-16x12.webp 16w\" sizes=\"auto, (max-width: 720px) 100vw, 720px\" \/><figcaption class=\"wp-element-caption\">estructura interna del mezclador de alimentaci\u00f3n horizontal<\/figcaption><\/figure>    <figure class=\"wp-block-image size-large\"><img loading=\"lazy\" decoding=\"async\" width=\"720\" height=\"540\" data-id=\"1676\" src=\"https:\/\/corn-machine.com\/wp-content\/uploads\/2026\/03\/internal-structure-of-vertical-feed-mixer.webp\" alt=\"estructura interna del mezclador de alimentaci\u00f3n vertical\" class=\"wp-image-1676\" title=\"\" srcset=\"https:\/\/corn-machine.com\/wp-content\/uploads\/2026\/03\/internal-structure-of-vertical-feed-mixer.webp 720w, https:\/\/corn-machine.com\/wp-content\/uploads\/2026\/03\/internal-structure-of-vertical-feed-mixer-300x225.webp 300w, https:\/\/corn-machine.com\/wp-content\/uploads\/2026\/03\/internal-structure-of-vertical-feed-mixer-16x12.webp 16w\" sizes=\"auto, (max-width: 720px) 100vw, 720px\" \/><figcaption class=\"wp-element-caption\">estructura interna del mezclador de alimentaci\u00f3n vertical<\/figcaption><\/figure> <\/figure>    <p>Adem\u00e1s, el mezclador TMR normal tambi\u00e9n puede clasificarse seg\u00fan su movilidad:<\/p>    <ul class=\"wp-block-list\"> <li>El mezclador de ensilaje estacionario: instalado en un lugar fijo, adecuado para sistemas de alimentaci\u00f3n automatizados.<\/li>    <li>El mezclador TMR remolcado: equipado con ruedas o remolcado por un tractor, permite operaciones integradas de mezcla y alimentaci\u00f3n.<\/li> <\/ul>    <h2 class=\"wp-block-heading\"><strong>Modelos y especificaciones del mezclador de ovejas serie 9JGL<\/strong><\/h2>    <figure class=\"wp-block-table\"><table class=\"has-fixed-layout\"><thead><tr><th class=\"has-text-align-center\" data-align=\"center\">Modelo<\/th><th class=\"has-text-align-center\" data-align=\"center\">Capacidad<\/th><th class=\"has-text-align-center\" data-align=\"center\">Fuerza<\/th><th class=\"has-text-align-center\" data-align=\"center\">Velocidad del tornillo sin fin<\/th><th class=\"has-text-align-center\" data-align=\"center\">Peso <\/th><\/tr><\/thead><tbody><tr><td class=\"has-text-align-center\" data-align=\"center\">9JGL-4<\/td><td class=\"has-text-align-center\" data-align=\"center\">4m\u00b3<\/td><td class=\"has-text-align-center\" data-align=\"center\">15   1.5kW<\/td><td class=\"has-text-align-center\" data-align=\"center\">26r\/min<\/td><td class=\"has-text-align-center\" data-align=\"center\">1620kg<\/td><\/tr><tr><td class=\"has-text-align-center\" data-align=\"center\">9JGL-5<\/td><td class=\"has-text-align-center\" data-align=\"center\">5m\u00b3<\/td><td class=\"has-text-align-center\" data-align=\"center\">18.5   1.5kW<\/td><td class=\"has-text-align-center\" data-align=\"center\">26r\/min<\/td><td class=\"has-text-align-center\" data-align=\"center\">1820kg<\/td><\/tr><tr><td class=\"has-text-align-center\" data-align=\"center\">9JGL-7<\/td><td class=\"has-text-align-center\" data-align=\"center\">7m\u00b3<\/td><td class=\"has-text-align-center\" data-align=\"center\">22   1.5kW<\/td><td class=\"has-text-align-center\" data-align=\"center\">26r\/min<\/td><td class=\"has-text-align-center\" data-align=\"center\">2460kg<\/td><\/tr><tr><td class=\"has-text-align-center\" data-align=\"center\">9JGL-9<\/td><td class=\"has-text-align-center\" data-align=\"center\">9m\u00b3<\/td><td class=\"has-text-align-center\" data-align=\"center\">30   1.5kW<\/td><td class=\"has-text-align-center\" data-align=\"center\">26r\/min<\/td><td class=\"has-text-align-center\" data-align=\"center\">2900kg<\/td><\/tr><tr><td class=\"has-text-align-center\" data-align=\"center\">9JGL-12<\/td><td class=\"has-text-align-center\" data-align=\"center\">12m\u00b3<\/td><td class=\"has-text-align-center\" data-align=\"center\">37   1.5kW<\/td><td class=\"has-text-align-center\" data-align=\"center\">26r\/min<\/td><td class=\"has-text-align-center\" data-align=\"center\">3600kg<\/td><\/tr><\/tbody><\/table><figcaption class=\"wp-element-caption\">modelos y sus especificaciones t\u00e9cnicas del mezclador de alimentaci\u00f3n para ganado<\/figcaption><\/figure>    <ul class=\"wp-block-list\"> <li>Suministro de energ\u00eda: 3 fases 380V, 50Hz<\/li>    <li>Material del tornillo sin fin: acero manganeso resistente al desgaste<\/li>    <li>Capacidad m\u00e1xima de pesaje: 32,000 kg<\/li> <\/ul>    <p>Adem\u00e1s, tambi\u00e9n ofrecemos modelos adicionales, incluyendo 15 m\u00b3, 20 m\u00b3 y otros que tambi\u00e9n est\u00e1n disponibles. Si tiene requisitos espec\u00edficos, no dude en contactarnos para obtener la informaci\u00f3n m\u00e1s reciente.<\/p>   <div class=\"wp-block-image\"> <figure class=\"aligncenter size-full\"><img loading=\"lazy\" decoding=\"async\" width=\"720\" height=\"540\" src=\"https:\/\/corn-machine.com\/wp-content\/uploads\/2026\/03\/livestock-feed-mixer.webp\" alt=\"mezclador de alimentaci\u00f3n para ganado\" class=\"wp-image-1679\" title=\"\" srcset=\"https:\/\/corn-machine.com\/wp-content\/uploads\/2026\/03\/livestock-feed-mixer.webp 720w, https:\/\/corn-machine.com\/wp-content\/uploads\/2026\/03\/livestock-feed-mixer-300x225.webp 300w, https:\/\/corn-machine.com\/wp-content\/uploads\/2026\/03\/livestock-feed-mixer-16x12.webp 16w\" sizes=\"auto, (max-width: 720px) 100vw, 720px\" \/><figcaption class=\"wp-element-caption\">mezclador de alimentaci\u00f3n para ganado<\/figcaption><\/figure> <\/div>   <h2 class=\"wp-block-heading\"><strong>Preguntas frecuentes sobre mezcladores de pienso TMR<\/strong><\/h2>   <div id=\"rank-math-faq\" class=\"rank-math-block\"> <div class=\"rank-math-list\"> <div id=\"faq-question-1773728072323\" class=\"rank-math-list-item\"> <h3 class=\"rank-math-question\">\u00bfCu\u00e1ntos animales puede alimentar un solo mezclador?<\/h3> <div class=\"rank-math-answer\">  <p>Dependiendo del modelo espec\u00edfico, una sola m\u00e1quina puede alimentar entre 200 y 2000 cabezas de ganado por d\u00eda.<\/p>  <\/div> <\/div> <div id=\"faq-question-1773728082283\" class=\"rank-math-list-item\"> <h3 class=\"rank-math-question\">\u00bfQu\u00e9 tipos de ingredientes de alimento se pueden mezclar?<\/h3> <div class=\"rank-math-answer\">  <p>Los ingredientes de alimentaci\u00f3n comunes incluyen: ensilaje, heno, paja, alimentos granulares y otros.<\/p>  <\/div> <\/div> <div id=\"faq-question-1773728140107\" class=\"rank-math-list-item\"> <h3 class=\"rank-math-question\">\u00bfCu\u00e1l es mejor: mezclador vertical vs mezclador horizontal?<\/h3> <div class=\"rank-math-answer\">  <p>La elecci\u00f3n depende de sus necesidades espec\u00edficas: Los mezcladores verticales son generalmente m\u00e1s duraderos y adecuados para mezclar alimentos con fibras largas, mientras que los mezcladores horizontales son mejores para mezclar ensilaje e ingredientes con mayor contenido de humedad.<\/p>  <\/div> <\/div> <div id=\"faq-question-1773728209326\" class=\"rank-math-list-item\"> <h3 class=\"rank-math-question\">\u00bfPuede esta m\u00e1quina pesar autom\u00e1ticamente el alimento?<\/h3> <div class=\"rank-math-answer\">  <p>S\u00ed. El mezclador de alimentaci\u00f3n para vacas est\u00e1 equipado con un sistema de pesaje digital que garantiza la precisi\u00f3n de las proporciones de alimento.<\/p>  <\/div> <\/div> <\/div> <\/div>  <div class=\"wp-block-image\"> <figure class=\"aligncenter size-full\"><img loading=\"lazy\" decoding=\"async\" width=\"720\" height=\"540\" src=\"https:\/\/corn-machine.com\/wp-content\/uploads\/2026\/03\/self-propelled-TMR-mixer.webp\" alt=\"mezclador TMR autopropulsado\" class=\"wp-image-1680\" title=\"\" srcset=\"https:\/\/corn-machine.com\/wp-content\/uploads\/2026\/03\/self-propelled-TMR-mixer.webp 720w, https:\/\/corn-machine.com\/wp-content\/uploads\/2026\/03\/self-propelled-TMR-mixer-300x225.webp 300w, https:\/\/corn-machine.com\/wp-content\/uploads\/2026\/03\/self-propelled-TMR-mixer-16x12.webp 16w\" sizes=\"auto, (max-width: 720px) 100vw, 720px\" \/><figcaption class=\"wp-element-caption\">mezclador TMR autopropulsado<\/figcaption><\/figure> <\/div>   <h2 class=\"wp-block-heading\"><strong>\u00bfC\u00f3mo elegir el mezclador de pienso TMR adecuado?<\/strong><\/h2>    <p>When selecting a TMR feed mixer, please consider the following factors: your farm&#8217;s scale (specifically, the number of cattle or sheep), the type of feed used (hay or silage), the power source (electric or tractor-driven), and your specific mobility requirements.<\/p>    <p>Si no est\u00e1 particularmente familiarizado con este tipo de mezclador TMR, no se preocupe. Taizy ofrece asesoramiento experto en compras, brindando recomendaciones adaptadas a las condiciones y necesidades espec\u00edficas de su granja. \u00a1Cont\u00e1ctenos hoy para recibir su soluci\u00f3n personalizada!<\/p>    <p class=\"translation-block\">Si tiene dificultades con el ensilaje en fardos, haga clic aqu\u00ed para aprender m\u00e1s: <a href=\"https:\/\/corn-machine.com\/es\/product\/corn-silage-bale-wrapper-machine\/\">M\u00e1quina de envoltura de fardos de ensilaje de ma\u00edz<\/a>.<br>Si desea cosechar ensilaje fresco picado, podr\u00eda estar interesado en esta m\u00e1quina: <a href=\"https:\/\/corn-machine.com\/es\/product\/corn-silage-harvester\/\">Cosechadora de ensilaje de ma\u00edz<\/a>.<\/p>","protected":false},"excerpt":{"rendered":"<p>The TMR feed mixer is an indispensable piece of equipment in modern livestock farms; it helps improve feed utilization efficiency, increase milk production, reduce labor costs, and ensure that cattle and sheep receive balanced nutrition. This article will introduce you to the various types, working principles, and advantages of TMR mixers.<\/p>","protected":false},"author":1,"featured_media":1685,"parent":0,"template":"","tags":[55],"product-type":[60],"class_list":["post-1666","product","type-product","status-publish","has-post-thumbnail","hentry","tag-cornsilage","product-type-corn-silage-mixer"],"_links":{"self":[{"href":"https:\/\/corn-machine.com\/es\/wp-json\/wp\/v2\/product\/1666","targetHints":{"allow":["GET"]}}],"collection":[{"href":"https:\/\/corn-machine.com\/es\/wp-json\/wp\/v2\/product"}],"about":[{"href":"https:\/\/corn-machine.com\/es\/wp-json\/wp\/v2\/types\/product"}],"author":[{"embeddable":true,"href":"https:\/\/corn-machine.com\/es\/wp-json\/wp\/v2\/users\/1"}],"wp:featuredmedia":[{"embeddable":true,"href":"https:\/\/corn-machine.com\/es\/wp-json\/wp\/v2\/media\/1685"}],"wp:attachment":[{"href":"https:\/\/corn-machine.com\/es\/wp-json\/wp\/v2\/media?parent=1666"}],"wp:term":[{"taxonomy":"post_tag","embeddable":true,"href":"https:\/\/corn-machine.com\/es\/wp-json\/wp\/v2\/tags?post=1666"},{"taxonomy":"product-type","embeddable":true,"href":"https:\/\/corn-machine.com\/es\/wp-json\/wp\/v2\/product-type?post=1666"}],"curies":[{"name":"wp","href":"https:\/\/api.w.org\/{rel}","templated":true}]}}