{"id":1704,"date":"2026-04-07T17:05:06","date_gmt":"2026-04-07T09:05:06","guid":{"rendered":"https:\/\/corn-machine.com\/?post_type=product&#038;p=1704"},"modified":"2026-04-07T17:05:07","modified_gmt":"2026-04-07T09:05:07","slug":"90-model-hay-baler-silage-machine","status":"publish","type":"product","link":"https:\/\/corn-machine.com\/es\/product\/90-model-hay-baler-silage-machine\/","title":{"rendered":"M\u00e1quina de ensilado con empacadora de heno modelo 90"},"content":{"rendered":"<p>La \u00faltima m\u00e1quina de empacado de heno y ensilaje 9YDB-90 es una soluci\u00f3n altamente automatizada y de alto rendimiento dise\u00f1ada espec\u00edficamente para el procesamiento forrajero a gran escala, integrando sin problemas funciones de alimentaci\u00f3n, empacado, envoltura y recuperaci\u00f3n.<\/p>    <p>Capaz de producir pacas que pesan entre 300 y 430 kg a una tasa de 55 a 60 pacas por hora, cuenta con una capacidad de tolva ampliada de 3.5 m\u00b3 y puede procesar y empacar al menos 23 toneladas de ensilaje por hora.<\/p>    <figure class=\"wp-block-embed aligncenter is-type-video is-provider-youtube wp-block-embed-youtube wp-embed-aspect-16-9 wp-has-aspect-ratio\"><div class=\"wp-block-embed__wrapper\"> <iframe loading=\"lazy\" title=\"M\u00e1quina de empacado de heno y ensilaje 9YDB-90 Demo completo | 55\u201360 pacas\/h, soluci\u00f3n forrajera totalmente autom\u00e1tica\" width=\"500\" height=\"281\" src=\"https:\/\/www.youtube.com\/embed\/csMCDY51hVo?feature=oembed\" frameborder=\"0\" allow=\"accelerometer; autoplay; clipboard-write; encrypted-media; gyroscope; picture-in-picture; web-share\" referrerpolicy=\"strict-origin-when-cross-origin\" allowfullscreen><\/iframe> <\/div><figcaption class=\"wp-element-caption\">video de trabajo de la m\u00e1quina de empacado de heno y ensilaje<\/figcaption><\/figure>    <h2 class=\"wp-block-heading\"><strong>Caracter\u00edsticas clave de la empacadora de ensilaje 9YDB-90<\/strong><\/h2>    <ol class=\"wp-block-list\"> <li>La m\u00e1quina de empacado de heno y ensilaje est\u00e1 equipada con un panel de control t\u00e1ctil de pantalla completa y presenta un flujo de trabajo totalmente automatizado, reduciendo significativamente la intervenci\u00f3n manual.<\/li>    <li>Su sistema de alimentaci\u00f3n autom\u00e1tica garantiza un funcionamiento continuo e ininterrumpido de la m\u00e1quina, que detecta autom\u00e1ticamente cuando se alcanza una carga completa y activa inmediatamente los procesos de envoltura y atado.<\/li>    <li>El sistema de transportador de cadena mejorado transporta suavemente las pacas a la plataforma de envoltura, asegurando que las pacas permanezcan libres de deformaciones o da\u00f1os.<\/li>    <li>Un sistema innovador de recuperaci\u00f3n de material recoge autom\u00e1ticamente el forraje disperso y lo devuelve a la tolva para su reutilizaci\u00f3n, mejorando significativamente la eficiencia en la utilizaci\u00f3n del material.<\/li>    <li>Equipada con neum\u00e1ticos neum\u00e1ticos, la empacadora y envoltura de ensilaje ofrecen movilidad f\u00e1cil y conveniente, adecuada para operar en una amplia variedad de entornos de campo.<\/li>    <li>La unidad cuenta con tres armarios de control el\u00e9ctrico independientes, cada uno alojado en una caja de control separada, mejorando efectivamente la seguridad operativa y la conveniencia de mantenimiento.<\/li> <\/ol>   <div class=\"wp-block-image\"> <figure class=\"aligncenter size-full\"><img loading=\"lazy\" decoding=\"async\" width=\"720\" height=\"540\" src=\"https:\/\/corn-machine.com\/wp-content\/uploads\/2026\/04\/automatic-hay-baler-silage-machine.webp\" alt=\"m\u00e1quina autom\u00e1tica de empacado de heno y ensilaje\" class=\"wp-image-1705\" title=\"\" srcset=\"https:\/\/corn-machine.com\/wp-content\/uploads\/2026\/04\/automatic-hay-baler-silage-machine.webp 720w, https:\/\/corn-machine.com\/wp-content\/uploads\/2026\/04\/automatic-hay-baler-silage-machine-300x225.webp 300w, https:\/\/corn-machine.com\/wp-content\/uploads\/2026\/04\/automatic-hay-baler-silage-machine-16x12.webp 16w\" sizes=\"auto, (max-width: 720px) 100vw, 720px\" \/><figcaption class=\"wp-element-caption\">m\u00e1quina autom\u00e1tica de empacado de heno y ensilaje<\/figcaption><\/figure> <\/div>   <h2 class=\"wp-block-heading\"><strong>\u00bfPara qui\u00e9n est\u00e1 dise\u00f1ada la m\u00e1quina de empacado de heno modelo 90?<\/strong><\/h2>    <p>La empacadora-envoltura integrada 9YDB-90 es ideal para operadores de granjas de ganado de tama\u00f1o medio a grande, ranchos de ovejas y cabras, plantas de procesamiento de ensilaje, cooperativas agr\u00edcolas o contratistas que ofrecen servicios de ensilaje.<\/p>    <p>Si sus prioridades son alta producci\u00f3n, operaci\u00f3n automatizada y requisitos m\u00ednimos de mano de obra, entonces este modelo es una excelente inversi\u00f3n para usted.<\/p>    <figure class=\"wp-block-gallery has-nested-images columns-default is-cropped wp-block-gallery-2 is-layout-flex wp-block-gallery-is-layout-flex\"> <figure class=\"wp-block-image size-large\"><img loading=\"lazy\" decoding=\"async\" width=\"720\" height=\"540\" data-id=\"1709\" src=\"https:\/\/corn-machine.com\/wp-content\/uploads\/2026\/04\/large-scale-cattle-farms.webp\" alt=\"granjas de ganado a gran escala\" class=\"wp-image-1709\" title=\"\" srcset=\"https:\/\/corn-machine.com\/wp-content\/uploads\/2026\/04\/large-scale-cattle-farms.webp 720w, https:\/\/corn-machine.com\/wp-content\/uploads\/2026\/04\/large-scale-cattle-farms-300x225.webp 300w, https:\/\/corn-machine.com\/wp-content\/uploads\/2026\/04\/large-scale-cattle-farms-16x12.webp 16w\" sizes=\"auto, (max-width: 720px) 100vw, 720px\" \/><figcaption class=\"wp-element-caption\">granjas de ganado a gran escala<\/figcaption><\/figure>    <figure class=\"wp-block-image size-large\"><img loading=\"lazy\" decoding=\"async\" width=\"720\" height=\"540\" data-id=\"1710\" src=\"https:\/\/corn-machine.com\/wp-content\/uploads\/2026\/04\/silage-processing-plant.webp\" alt=\"Planta de procesamiento de ensilaje\" class=\"wp-image-1710\" title=\"\" srcset=\"https:\/\/corn-machine.com\/wp-content\/uploads\/2026\/04\/silage-processing-plant.webp 720w, https:\/\/corn-machine.com\/wp-content\/uploads\/2026\/04\/silage-processing-plant-300x225.webp 300w, https:\/\/corn-machine.com\/wp-content\/uploads\/2026\/04\/silage-processing-plant-16x12.webp 16w\" sizes=\"auto, (max-width: 720px) 100vw, 720px\" \/><figcaption class=\"wp-element-caption\">Planta de procesamiento de ensilaje<\/figcaption><\/figure> <\/figure>    <h2 class=\"wp-block-heading\"><strong>Par\u00e1metros t\u00e9cnicos de nuestra m\u00e1quina de empacado de heno y ensilaje<\/strong><\/h2>    <figure class=\"wp-block-table\"><table class=\"has-fixed-layout\"><thead><tr><th>Art\u00edculo<\/th><th>Especificaci\u00f3n<\/th><\/tr><\/thead><tbody><tr><td>Modelo<\/td><td>9YDB-90<\/td><\/tr><tr><td>Capacidad<\/td><td>55\u201360 pacas\/h<\/td><\/tr><tr><td>Volumen de la paca<\/td><td>\u22650.6 m\u00b3<\/td><\/tr><tr><td>Tama\u00f1o de paca<\/td><td>90\u00d790 cm<\/td><\/tr><tr><td>Peso de paca<\/td><td>300\u2013430 kg<\/td><\/tr><tr><td>Eficiencia de trabajo<\/td><td>\u226523 t\/h<\/td><\/tr><tr><td>Potencia compatible<\/td><td>39 kW<\/td><\/tr><tr><td>Potencia del motor<\/td><td>22kW   2.2kW   1.1kW   2.2kW   4kW   7.5kW<\/td><\/tr><tr><td>Peso total<\/td><td>\u22654200 kg<\/td><\/tr><tr><td>Brazo de envoltura<\/td><td>2 pcs<\/td><\/tr><tr><td>Tama\u00f1o de la pel\u00edcula<\/td><td>50 cm \u00d7 2<\/td><\/tr><tr><td>Capacidad del tolva<\/td><td>\u22653.5 m\u00b3<\/td><\/tr><tr><td>Ancho de la tolva<\/td><td>\u2265170 cm<\/td><\/tr><tr><td>Puerto de alimentaci\u00f3n<\/td><td>\u2265900 mm<\/td><\/tr><tr><td>Altura de la tolva<\/td><td>\u2265120 cm<\/td><\/tr><tr><td>Cantidad de tambores<\/td><td>\u226528 pcs<\/td><\/tr><tr><td>Velocidad de rotaci\u00f3n<\/td><td>950 r\/min<\/td><\/tr><tr><td>Radio del marco de la pel\u00edcula<\/td><td>1180\u00b15 mm<\/td><\/tr><tr><td>Ancho de la paca<\/td><td>\u2265900 mm<\/td><\/tr><tr><td>Tama\u00f1o de la m\u00e1quina<\/td><td>\u22658100\u00d72400\u00d73100 mm<\/td><\/tr><\/tbody><\/table><figcaption class=\"wp-element-caption\">par\u00e1metros t\u00e9cnicos de la m\u00e1quina de empacado de heno y ensilaje<\/figcaption><\/figure>   <div class=\"wp-block-image\"> <figure class=\"aligncenter size-full\"><img loading=\"lazy\" decoding=\"async\" width=\"720\" height=\"540\" src=\"https:\/\/corn-machine.com\/wp-content\/uploads\/2026\/04\/round-bale-silage-wrapper.webp\" alt=\"envoltura de ensilaje de paca redonda\" class=\"wp-image-1706\" title=\"\" srcset=\"https:\/\/corn-machine.com\/wp-content\/uploads\/2026\/04\/round-bale-silage-wrapper.webp 720w, https:\/\/corn-machine.com\/wp-content\/uploads\/2026\/04\/round-bale-silage-wrapper-300x225.webp 300w, https:\/\/corn-machine.com\/wp-content\/uploads\/2026\/04\/round-bale-silage-wrapper-16x12.webp 16w\" sizes=\"auto, (max-width: 720px) 100vw, 720px\" \/><figcaption class=\"wp-element-caption\">envoltura de ensilaje de paca redonda<\/figcaption><\/figure> <\/div>   <h2 class=\"wp-block-heading\"><strong>Preguntas frecuentes \u2014 M\u00e1quina combinada de empacado y envoltura modelo 90<\/strong><\/h2>   <div id=\"rank-math-faq\" class=\"rank-math-block\"> <div class=\"rank-math-list\"> <div id=\"faq-question-1775526470199\" class=\"rank-math-list-item\"> <h3 class=\"rank-math-question\">\u00bfQu\u00e9 tipos de materiales puede procesar esta m\u00e1quina?<\/h3> <div class=\"rank-math-answer\">  <p>Puede procesar ensilaje de ma\u00edz, hierba forrajera, paja de cultivo, alfalfa y varios otros tipos de materiales de forraje.<\/p>  <\/div> <\/div> <div id=\"faq-question-1775526488262\" class=\"rank-math-list-item\"> <h3 class=\"rank-math-question\">\u00bfEs esta m\u00e1quina totalmente autom\u00e1tica?<\/h3> <div class=\"rank-math-answer\">  <p>S\u00ed, soporta alimentaci\u00f3n autom\u00e1tica, empacado, envoltura y descarga, reduciendo significativamente la intensidad del trabajo manual.<\/p>  <\/div> <\/div> <div id=\"faq-question-1775526505244\" class=\"rank-math-list-item\"> <h3 class=\"rank-math-question\">\u00bfCu\u00e1ntos operadores se requieren para esta m\u00e1quina de empacado de heno y ensilaje?<\/h3> <div class=\"rank-math-answer\">  <p>Por lo general, solo se necesitan 1 o 2 operadores para gestionar todo el sistema.<\/p>  <\/div> <\/div> <div id=\"faq-question-1775526534724\" class=\"rank-math-list-item\"> <h3 class=\"rank-math-question\">\u00bfPuede reducir el desperdicio de material?<\/h3> <div class=\"rank-math-answer\">  <p>S\u00ed, el sistema de recuperaci\u00f3n incorporado garantiza que la p\u00e9rdida de material sea pr\u00e1cticamente cero.<\/p>  <\/div> <\/div> <div id=\"faq-question-1775526566060\" class=\"rank-math-list-item\"> <h3 class=\"rank-math-question\">\u00bfEs f\u00e1cil mover la empacadora y envoltura de ensilaje?<\/h3> <div class=\"rank-math-answer\">  <p>S\u00ed, est\u00e1 equipado con neum\u00e1ticos, lo que facilita su transporte entre diferentes sitios de trabajo.<\/p>  <\/div> <\/div> <div id=\"faq-question-1775526579458\" class=\"rank-math-list-item\"> <h3 class=\"rank-math-question\">\u00bfQu\u00e9 tipo de film de envoltura utiliza?<\/h3> <div class=\"rank-math-answer\">  <p>Utiliza film de estiramiento de ensilaje de 50 cent\u00edmetros de ancho (requiere el uso simult\u00e1neo de dos rollos).<\/p>  <\/div> <\/div> <\/div> <\/div>  <div class=\"wp-block-image\"> <figure class=\"aligncenter size-full\"><img loading=\"lazy\" decoding=\"async\" width=\"720\" height=\"540\" src=\"https:\/\/corn-machine.com\/wp-content\/uploads\/2026\/04\/silage-bale-wrapper.webp\" alt=\"Envolvedora de fardos de ensilaje\" class=\"wp-image-1707\" title=\"\" srcset=\"https:\/\/corn-machine.com\/wp-content\/uploads\/2026\/04\/silage-bale-wrapper.webp 720w, https:\/\/corn-machine.com\/wp-content\/uploads\/2026\/04\/silage-bale-wrapper-300x225.webp 300w, https:\/\/corn-machine.com\/wp-content\/uploads\/2026\/04\/silage-bale-wrapper-16x12.webp 16w\" sizes=\"auto, (max-width: 720px) 100vw, 720px\" \/><figcaption class=\"wp-element-caption\">Envolvedora de fardos de ensilaje<\/figcaption><\/figure> <\/div>   <h2 class=\"wp-block-heading\"><strong>\u00bfPor qu\u00e9 necesita una m\u00e1quina de empacado de heno y ensilaje?<\/strong><\/h2>    <p>En la ganader\u00eda moderna, la conservaci\u00f3n eficiente del forraje es crucial para mantener la calidad del alimento y reducir costos. Las empacadoras de ensilaje desempe\u00f1an un papel fundamental en este proceso.<\/p>    <ol class=\"wp-block-list\"> <li>Al empacar forraje fresco y tallos de cultivo, las empacadoras de ensilaje crean un ambiente anaer\u00f3bico (sin ox\u00edgeno) que facilita la fermentaci\u00f3n natural. Este proceso ayuda a preservar prote\u00ednas, humedad y diversos nutrientes, asegurando as\u00ed un alimento de alta calidad para el ganado.<\/li>    <li>Cuando se procesa con una empacadora de ensilaje, cada paca se sella y protege. Esto protege eficazmente su contenido del contacto con el aire y la intrusi\u00f3n de humedad, minimizando as\u00ed el deterioro y la p\u00e9rdida de alimento.<\/li>    <li>El uso de m\u00e1quinas de empacado de heno y ensilaje permite acumular suficiente alimento durante la temporada de cosecha. Este reserva puede ser utilizada durante per\u00edodos secos o en los meses de invierno, asegurando as\u00ed la operaci\u00f3n estable y continua de la producci\u00f3n ganadera.<\/li> <\/ol>    <h2 class=\"wp-block-heading\"><strong>\u00bfPor qu\u00e9 elegirnos sobre otros proveedores de empacadoras y envolvedoras?<\/strong><\/h2>    <p>Al invertir en una empacadora-envoltura, elegir el fabricante correcto es tan importante como escoger la m\u00e1quina misma. Aqu\u00ed est\u00e1n las razones por las que nuestra m\u00e1quina de empacado de heno y ensilaje 9YDB-90 destaca entre la competencia y es la opci\u00f3n preferida por nuestros clientes:<\/p>    <ol class=\"wp-block-list\"> <li>Muchos proveedores afirman altas tasas de producci\u00f3n, pero su rendimiento real a menudo est\u00e1 muy por debajo de las expectativas. Nuestra m\u00e1quina ofrece una producci\u00f3n genuina de 55 a 60 pacas por hora, soportando una eficiencia de trabajo de \u226523 toneladas por hora, manteniendo un rendimiento estable incluso durante operaciones continuas.<\/li>    <li>A diferencia de las m\u00e1quinas semiautom\u00e1ticas com\u00fanmente encontradas en el mercado, nuestro equipo cuenta con procesamiento totalmente automatizado, cubriendo todo el flujo de trabajo desde la alimentaci\u00f3n autom\u00e1tica, empacado y envoltura hasta la descarga final de la paca.<\/li>    <li>La mayor\u00eda de los competidores tienden a pasar por alto el problema de p\u00e9rdida de material. Nuestra m\u00e1quina est\u00e1 equipada con un sistema de recuperaci\u00f3n de rastrillo de cadena y transportador de tornillo que recolecta y recicla autom\u00e1ticamente cualquier material de forraje disperso.<\/li>    <li>Ofrecemos m\u00e1s que maquinaria, soluciones integrales que incluyen asesoramiento t\u00e9cnico experto, servicios de soporte para instalaci\u00f3n y operaci\u00f3n, y un suministro confiable de repuestos.<\/li> <\/ol>   <div class=\"wp-block-image\"> <figure class=\"aligncenter size-full\"><img loading=\"lazy\" decoding=\"async\" width=\"720\" height=\"540\" src=\"https:\/\/corn-machine.com\/wp-content\/uploads\/2026\/04\/silage-baler-and-wrapper-machine.webp\" alt=\"m\u00e1quina de empacar y enrollar ensilaje\" class=\"wp-image-1708\" title=\"\" srcset=\"https:\/\/corn-machine.com\/wp-content\/uploads\/2026\/04\/silage-baler-and-wrapper-machine.webp 720w, https:\/\/corn-machine.com\/wp-content\/uploads\/2026\/04\/silage-baler-and-wrapper-machine-300x225.webp 300w, https:\/\/corn-machine.com\/wp-content\/uploads\/2026\/04\/silage-baler-and-wrapper-machine-16x12.webp 16w\" sizes=\"auto, (max-width: 720px) 100vw, 720px\" \/><figcaption class=\"wp-element-caption\">m\u00e1quina de empacar y enrollar ensilaje<\/figcaption><\/figure> <\/div>   <p>Ya sea que sea propietario de una granja, contratista agr\u00edcola o empresa de procesamiento de ensilaje, invertir en esta m\u00e1quina combinada avanzada de empacado y envoltura puede ayudarle a reducir costos laborales y operativos, mejorar la conservaci\u00f3n y calidad de su alimento, y maximizar la utilizaci\u00f3n de recursos, aumentando as\u00ed su rentabilidad general.<\/p>    <p>En resumen, la m\u00e1quina de empacado de heno y ensilaje 9YDB-90 es m\u00e1s que una simple m\u00e1quina. Es una soluci\u00f3n integral de producci\u00f3n de ensilaje que ofrece eficiencia, estabilidad y valor a largo plazo para sus operaciones.<\/p>    <p>Otros modelos de empacadoras y envolvedoras de ensilaje: <\/p>    <ul class=\"wp-block-list\"> <li><a href=\"https:\/\/corn-machine.com\/es\/product\/corn-silage-bale-wrapper-machine\/\">Envoltura de pacas peque\u00f1as 9YDB-55<\/a><\/li>    <li><a href=\"https:\/\/corn-machine.com\/es\/product\/taizy-new-corn-silage-baler-machine\/\">Envolvedora de ensilaje de pacas redondas 9YDB-70<\/a><\/li> <\/ul>","protected":false},"excerpt":{"rendered":"<p>Discover the Model 9YDB-90 Silage Baler\u2014combining automated operation, a dual-wrapping system, and high output. It is the ideal choice for large-scale silage production, helping you maximize efficiency and minimize waste.<\/p>","protected":false},"author":1,"featured_media":1715,"parent":0,"template":"","tags":[55],"product-type":[59],"class_list":["post-1704","product","type-product","status-publish","has-post-thumbnail","hentry","tag-cornsilage","product-type-corn-silage-baler"],"_links":{"self":[{"href":"https:\/\/corn-machine.com\/es\/wp-json\/wp\/v2\/product\/1704","targetHints":{"allow":["GET"]}}],"collection":[{"href":"https:\/\/corn-machine.com\/es\/wp-json\/wp\/v2\/product"}],"about":[{"href":"https:\/\/corn-machine.com\/es\/wp-json\/wp\/v2\/types\/product"}],"author":[{"embeddable":true,"href":"https:\/\/corn-machine.com\/es\/wp-json\/wp\/v2\/users\/1"}],"wp:featuredmedia":[{"embeddable":true,"href":"https:\/\/corn-machine.com\/es\/wp-json\/wp\/v2\/media\/1715"}],"wp:attachment":[{"href":"https:\/\/corn-machine.com\/es\/wp-json\/wp\/v2\/media?parent=1704"}],"wp:term":[{"taxonomy":"post_tag","embeddable":true,"href":"https:\/\/corn-machine.com\/es\/wp-json\/wp\/v2\/tags?post=1704"},{"taxonomy":"product-type","embeddable":true,"href":"https:\/\/corn-machine.com\/es\/wp-json\/wp\/v2\/product-type?post=1704"}],"curies":[{"name":"wp","href":"https:\/\/api.w.org\/{rel}","templated":true}]}}