{"id":228,"date":"2022-09-15T10:23:20","date_gmt":"2022-09-15T10:23:20","guid":{"rendered":"https:\/\/corn-machine.com\/?post_type=product&#038;p=228"},"modified":"2025-07-25T11:14:59","modified_gmt":"2025-07-25T03:14:59","slug":"industrial-corn-dryer-machine","status":"publish","type":"product","link":"https:\/\/corn-machine.com\/es\/product\/industrial-corn-dryer-machine\/","title":{"rendered":"M\u00e1quina secadora de ma\u00edz industrial | Secadora de granos en venta"},"content":{"rendered":"<p class=\"translation-block\">Para almacenar bien el grano y prevenir el moho, se necesita una <strong>m\u00e1quina industrial de secado de ma\u00edz<\/strong> para eliminar el exceso de humedad del grano. Taizy Machinery ofrece un nuevo secador de granos y da la bienvenida a sus consultas.<\/p>    <p>Esta gran m\u00e1quina industrial est\u00e1 dise\u00f1ada espec\u00edficamente para el secado y procesamiento de granos. Tiene una amplia gama de aplicaciones y puede secar eficientemente cultivos como ma\u00edz, trigo y colza. Con una capacidad de procesamiento de 15 toneladas por hora, puede resolver efectivamente los problemas de almacenamiento de granos en poco tiempo.<\/p>   <div class=\"wp-block-image\"> <figure class=\"aligncenter size-full\"><img loading=\"lazy\" decoding=\"async\" width=\"720\" height=\"540\" src=\"https:\/\/corn-machine.com\/wp-content\/uploads\/2022\/09\/maize-dryer-machine-.webp\" alt=\"maquina secadora de maiz\" class=\"wp-image-251\" title=\"\"><figcaption class=\"wp-element-caption\">maquina secadora de maiz<\/figcaption><\/figure> <\/div>   <h2 class=\"wp-block-heading\"><strong>Ventajas de la m\u00e1quina secadora de ma\u00edz industrial<\/strong><\/h2>    <ul class=\"wp-block-list\"> <li>El secador de grano se adapta a un <strong>amplio rango<\/strong> para trigo, ma\u00edz, sorgo, soja, arroz, semillas de girasol, mijo, colza y otros cultivos.<\/li>    <li>La m\u00e1quina secadora de ma\u00edz industrial <strong>ahorra energ\u00eda<\/strong>. Tiene una producci\u00f3n diaria de 50 toneladas, y su potencia total es de 7.6KW, que se puede utilizar con electricidad agr\u00edcola general, sin necesidad de instalar transformadores adicionales.<\/li>    <li>The grain dryer&#8217;s <strong>tiene una velocidad de secado r\u00e1pida<\/strong>mientras tanto, su tasa de trituraci\u00f3n es baja. El secador mejora los par\u00e1metros relevantes y la direcci\u00f3n de funcionamiento del grano, adem\u00e1s, maximiza el calentamiento uniforme del grano.<\/li>    <li><strong>Bajo consumo de energ\u00eda t\u00e9rmica<\/strong> de la m\u00e1quina secadora de ma\u00edz. La secadora adopta el modo de baja temperatura, temperatura constante y secado completamente cerrado para mejorar la tasa de utilizaci\u00f3n del calor. Los granos secos finales tienen el mismo nivel de humedad y un largo tiempo de conservaci\u00f3n.<\/li>    <li>El secador tiene una apariencia maravillosa, y la superficie pintada adopta un proceso de pulverizaci\u00f3n electrost\u00e1tica y pintura al horno, que es m\u00e1s que <strong>5 veces la vida \u00fatil de la pintura en aerosol general<\/strong>.<\/li> <\/ul>   <div class=\"wp-block-image\"> <figure class=\"aligncenter size-full\"><img loading=\"lazy\" decoding=\"async\" width=\"720\" height=\"540\" src=\"https:\/\/corn-machine.com\/wp-content\/uploads\/2022\/09\/grain-dryer-2.webp\" alt=\"\" class=\"wp-image-248\" title=\"\"><figcaption class=\"wp-element-caption\">secadora de ma\u00edz industrial<\/figcaption><\/figure> <\/div>   <h2 class=\"wp-block-heading\"><strong>Introducci\u00f3n de la m\u00e1quina secadora de ma\u00edz<\/strong><\/h2>    <p>La nueva m\u00e1quina secadora de ma\u00edz de Taizy Machinery puede secar varios granos como frijoles, semillas de girasol, ma\u00edz, sorgo, trigo, mijo, etc. mediante tratamiento a alta temperatura, y tambi\u00e9n eliminar insectos. La m\u00e1quina secadora de ma\u00edz industrial eleva la altura de su ca\u00edda, elimina el transportador de tornillo original, y adopta acero inoxidable resistente al desgaste y suave como placa del canal, asegurando as\u00ed que no haya colisiones cuando caen el ma\u00edz, sorgo y otros granos, evitando roturas.<\/p>    <figure class=\"wp-block-embed is-type-video is-provider-youtube wp-block-embed-youtube wp-embed-aspect-16-9 wp-has-aspect-ratio\"><div class=\"wp-block-embed__wrapper\"> <iframe loading=\"lazy\" title=\"C\u00f3mo funcionan las torres de secado de granos | \u00a1El proceso completo para secar ma\u00edz, arroz, etc. a gran escala!\" width=\"500\" height=\"281\" src=\"https:\/\/www.youtube.com\/embed\/m3bpetgkN1E?feature=oembed\" frameborder=\"0\" allow=\"accelerometer; autoplay; clipboard-write; encrypted-media; gyroscope; picture-in-picture; web-share\" referrerpolicy=\"strict-origin-when-cross-origin\" allowfullscreen><\/iframe> <\/div><figcaption class=\"wp-element-caption\">torre industrial de secado de granos<\/figcaption><\/figure>    <h2 class=\"wp-block-heading\"><strong>Par\u00e1metros de la secadora de ma\u00edz industrial.<\/strong><\/h2>    <figure class=\"wp-block-table\"><table class=\"has-fixed-layout\"><tbody><tr><td class=\"has-text-align-left\" data-align=\"left\">Modelo<\/td><td class=\"has-text-align-center\" data-align=\"center\">5HXG-15<\/td><\/tr><tr><td class=\"has-text-align-left\" data-align=\"left\">Estructura<\/td><td class=\"has-text-align-center\" data-align=\"center\">Fijo<\/td><\/tr><tr><td class=\"has-text-align-left\" data-align=\"left\">Estilo de reciclaje<\/td><td class=\"has-text-align-center\" data-align=\"center\">Ciclo por lotes<\/td><\/tr><tr><td class=\"has-text-align-left\" data-align=\"left\">Peso<\/td><td class=\"has-text-align-center\" data-align=\"center\">3200kg<\/td><\/tr><tr><td class=\"has-text-align-left\" data-align=\"left\">Capacidad de procesamiento por lotes<\/td><td class=\"has-text-align-center\" data-align=\"center\">3000-15000kg(ma\u00edz), 3000-15000kg(trigo), etc.<\/td><\/tr><tr><td class=\"has-text-align-left\" data-align=\"left\">Dimensi\u00f3n total<\/td><td class=\"has-text-align-center\" data-align=\"center\">4288*2738*11700mm<\/td><\/tr><tr><td class=\"has-text-align-left\" data-align=\"left\">Potencia total<\/td><td class=\"has-text-align-center\" data-align=\"center\">Aproximadamente 6kw<\/td><\/tr><tr><td class=\"has-text-align-left\" data-align=\"left\">Hora de la comida<\/td><td class=\"has-text-align-center\" data-align=\"center\">Aproximadamente 63min<\/td><\/tr><tr><td class=\"has-text-align-left\" data-align=\"left\">tiempo de descarga<\/td><td class=\"has-text-align-center\" data-align=\"center\">Acerca de 58min<\/td><\/tr><tr><td class=\"has-text-align-left\" data-align=\"left\">Capacidad de secado<\/td><td class=\"has-text-align-center\" data-align=\"center\">15t\/h<\/td><\/tr><\/tbody><\/table><figcaption class=\"wp-element-caption\">par\u00e1metros del secador de granos<\/figcaption><\/figure>    <h2 class=\"wp-block-heading\"><strong>Materias primas para el secador de grano<\/strong><\/h2>    <p class=\"translation-block\">La m\u00e1quina secadora de ma\u00edz puede secar granos grandes, como frijoles, trigo, ma\u00edz y semillas de girasol. La m\u00e1quina tambi\u00e9n puede secar granos relativamente peque\u00f1os, como <a href=\"https:\/\/en.wikipedia.org\/wiki\/Rapeseed\" target=\"_blank\" rel=\"noopener\">colza<\/a>, sorgo, mijo, etc. Los cultivos finalmente secos pueden ser molidos por un molino de martillos.<\/p>   <div class=\"wp-block-image\"> <figure class=\"aligncenter size-full\"><img loading=\"lazy\" decoding=\"async\" width=\"720\" height=\"540\" src=\"https:\/\/corn-machine.com\/wp-content\/uploads\/2022\/09\/applicable-materials-of-grain-dryer.webp\" alt=\"Materiales aplicables del secador de granos.\" class=\"wp-image-239\" title=\"\"><figcaption class=\"wp-element-caption\">Materiales aplicables del secador de granos.<\/figcaption><\/figure> <\/div>   <h2 class=\"wp-block-heading\"><strong>La capacidad de la m\u00e1quina secadora de ma\u00edz para diferentes granos<\/strong><\/h2>    <p>Tomando como ejemplos el colza, el ma\u00edz, el trigo y el arroz, mostramos las diferentes capacidades y vol\u00famenes de cada modelo. Si tiene alguna pregunta al respecto, no dude en consultarnos.<\/p>    <figure class=\"wp-block-table\"><table><tbody><tr><td><\/td><td><\/td><td>5H-10<\/td><td>5H-13<\/td><td>5H-15<\/td><td>5H-32<\/td><\/tr><tr><td><strong>colza<\/strong><\/td><td>Volumen (kg)<\/td><td>7500~10300<\/td><td>7500~13450<\/td><td>7500~14850<\/td><td>12000~31800<\/td><\/tr><tr><td><strong>&nbsp;<\/strong><\/td><td>Capacidad (kg\/h)<\/td><td>473~1235<\/td><td>607~1456<\/td><td>675~1620<\/td><td>1000~3500<\/td><\/tr><tr><td><strong>Ma\u00edz<\/strong><\/td><td>Volumen (kg)<\/td><td>7500~10450<\/td><td>7500~13400<\/td><td>7500~16300<\/td><td>12000~32000<\/td><\/tr><tr><td><strong>&nbsp;<\/strong><\/td><td>Capacidad (kg\/h)<\/td><td>756~1261<\/td><td>971~1618<\/td><td>1080~1800<\/td><td>1000~3400<\/td><\/tr><tr><td><strong>W.<\/strong><strong>calor<\/strong><strong><\/strong><\/td><td>Volumen (kg)<\/td><td>7500~10450<\/td><td>7500~13350<\/td><td>7500~16300<\/td><td>12000~32000<\/td><\/tr><tr><td><strong>&nbsp;<\/strong><\/td><td>Capacidad (kg\/h)<\/td><td>315~756<\/td><td>4056~971<\/td><td>450~1080<\/td><td>1000~3250<\/td><\/tr><tr><td><strong>R<\/strong><strong>hielo <\/strong><strong><\/strong><\/td><td>Volumen (kg)<\/td><td>6500~8400<\/td><td>6500~10850<\/td><td>6500~15500<\/td><td>9000~30800<\/td><\/tr><tr><td><strong>&nbsp;<\/strong><\/td><td>Capacidad (kg\/h)<\/td><td>382~916<\/td><td>493~1184<\/td><td>548~1315<\/td><td>2600<\/td><\/tr><\/tbody><\/table><\/figure>    <h2 class=\"wp-block-heading\"><strong>M\u00e9todos de calentamiento de la secadora de ma\u00edz.<\/strong><\/h2>    <p>La m\u00e1quina secadora de ma\u00edz industrial es adecuada para una amplia gama de m\u00e9todos de calefacci\u00f3n, incluidos hornos de aire caliente de biomasa, quemadores de di\u00e9sel, quemadores de gas y bombas de calor aire-aire.<\/p>    <p>El horno de aire caliente de biomasa quema residuos de biomasa para producir calor, incluyendo ramas, paja y otros desechos. Pertenece a los hornos de aire caliente de protecci\u00f3n ambiental y ahorro de energ\u00eda, que proporcionan una fuente de calor para la m\u00e1quina secadora de ma\u00edz industrial. Est\u00e1 equipado con un dispositivo de ventilaci\u00f3n autom\u00e1tica de temperatura constante l\u00edder en el mercado para garantizar la calidad del grano y un bajo costo de uso, lo que lo hace popular entre los inversores.<\/p>   <div class=\"wp-block-image\"> <figure class=\"aligncenter size-full\"><img loading=\"lazy\" decoding=\"async\" width=\"720\" height=\"540\" src=\"https:\/\/corn-machine.com\/wp-content\/uploads\/2022\/09\/biomass-heat-furnance.webp\" alt=\"horno de aire caliente de biomasa\" class=\"wp-image-241\" title=\"\"><figcaption class=\"wp-element-caption\">Horno de aire caliente de biomasa para secadora de ma\u00edz industrial<\/figcaption><\/figure> <\/div>   <p>Si utiliza el quemador, puede elegir gas natural o di\u00e9sel O# de est\u00e1ndar nacional como combustible seg\u00fan la demanda del cliente. Estamos equipados con un quemador que utiliza m\u00e1quinas italianas importadas con funci\u00f3n de doble boquilla, buen rendimiento de atomizaci\u00f3n, calentamiento r\u00e1pido, temperatura estable del aire caliente y control de temperatura preciso.<\/p>   <div class=\"wp-block-image\"> <figure class=\"aligncenter size-full\"><img loading=\"lazy\" decoding=\"async\" width=\"720\" height=\"540\" src=\"https:\/\/corn-machine.com\/wp-content\/uploads\/2022\/09\/burner.webp\" alt=\"quemador\" class=\"wp-image-242\" title=\"\"><figcaption class=\"wp-element-caption\">quemador<\/figcaption><\/figure> <\/div>   <h2 class=\"wp-block-heading\"><strong>Estructura detallada del secador de granos.<\/strong><\/h2>    <div class=\"wp-block-media-text alignwide is-stacked-on-mobile\"><figure class=\"wp-block-media-text__media\"><img loading=\"lazy\" decoding=\"async\" width=\"540\" height=\"720\" src=\"https:\/\/corn-machine.com\/wp-content\/uploads\/2022\/09\/conveyor.webp\" alt=\"\" class=\"wp-image-243 size-full\" title=\"\"><\/figure><div class=\"wp-block-media-text__content\"> <p>La cinta transportadora del elevador est\u00e1 hecha de una cinta de lona de nylon puro. La pala est\u00e1 hecha de pl\u00e1stico de nylon virgen con buena resistencia.<\/p> <\/div><\/div>    <div class=\"wp-block-media-text alignwide has-media-on-the-right is-stacked-on-mobile\"><div class=\"wp-block-media-text__content\"> <p>La caja de control PLC adopta una operaci\u00f3n de pantalla t\u00e1ctil para mostrar el posicionamiento de la falla en el tiempo.<\/p> <\/div><figure class=\"wp-block-media-text__media\"><img loading=\"lazy\" decoding=\"async\" width=\"720\" height=\"540\" src=\"https:\/\/corn-machine.com\/wp-content\/uploads\/2022\/09\/PLC-control-box.webp\" alt=\"\" class=\"wp-image-253 size-full\" title=\"\"><\/figure><\/div>    <div class=\"wp-block-media-text alignwide is-stacked-on-mobile\"><figure class=\"wp-block-media-text__media\"><img loading=\"lazy\" decoding=\"async\" width=\"540\" height=\"720\" src=\"https:\/\/corn-machine.com\/wp-content\/uploads\/2022\/09\/inner-materials.webp\" alt=\"\" class=\"wp-image-250 size-full\" title=\"\"><\/figure><div class=\"wp-block-media-text__content\"> <p>El material interno de la secadora de ma\u00edz es acero inoxidable, placa galvanizada y placa de acero engrosada, que es resistente al desgaste y duradera.<\/p> <\/div><\/div>    <h2 class=\"wp-block-heading\"><strong>Exhibici\u00f3n de existencias de secador de granos.<\/strong><\/h2>    <figure class=\"wp-block-gallery has-nested-images columns-default is-cropped wp-block-gallery-2 is-layout-flex wp-block-gallery-is-layout-flex\"> <figure class=\"wp-block-image size-large\"><img loading=\"lazy\" decoding=\"async\" width=\"720\" height=\"540\" data-id=\"245\" src=\"https:\/\/corn-machine.com\/wp-content\/uploads\/2022\/09\/corn-drying-machine-in-stock.webp\" alt=\"secadora de ma\u00edz en stock\" class=\"wp-image-245\" title=\"\"><figcaption class=\"wp-element-caption\">secadora de ma\u00edz en stock<\/figcaption><\/figure>    <figure class=\"wp-block-image size-large\"><img loading=\"lazy\" decoding=\"async\" width=\"720\" height=\"540\" data-id=\"244\" src=\"https:\/\/corn-machine.com\/wp-content\/uploads\/2022\/09\/corn-dryer-in-stock.webp\" alt=\"secador de ma\u00edz en stock\" class=\"wp-image-244\" title=\"\"><figcaption class=\"wp-element-caption\">secador de ma\u00edz en stock<\/figcaption><\/figure> <\/figure>    <figure class=\"wp-block-gallery has-nested-images columns-default is-cropped wp-block-gallery-3 is-layout-flex wp-block-gallery-is-layout-flex\"> <figure class=\"wp-block-image size-large\"><img loading=\"lazy\" decoding=\"async\" width=\"720\" height=\"540\" data-id=\"252\" src=\"https:\/\/corn-machine.com\/wp-content\/uploads\/2022\/09\/maize-dryer-machine.webp\" alt=\"\" class=\"wp-image-252\" title=\"\"><figcaption class=\"wp-element-caption\">maquina secadora de maiz<\/figcaption><\/figure>    <figure class=\"wp-block-image size-large\"><img loading=\"lazy\" decoding=\"async\" width=\"720\" height=\"540\" data-id=\"246\" src=\"https:\/\/corn-machine.com\/wp-content\/uploads\/2022\/09\/corn-drying-machine.webp\" alt=\"secadora de maiz\" class=\"wp-image-246\" title=\"\"><figcaption class=\"wp-element-caption\">secadora de maiz<\/figcaption><\/figure> <\/figure>    <p class=\"translation-block\">Si desea un secador m\u00f3vil de granos, me gustar\u00eda presentarle este: <a href=\"https:\/\/corn-machine.com\/es\/product\/mobile-grain-dryer-for-drying-corn-rice\/\">secador m\u00f3vil de granos<\/a>, que es adecuado para procesar cultivos a peque\u00f1a escala. Para m\u00e1s detalles, p\u00f3ngase en contacto conmigo por correo electr\u00f3nico u otros medios y h\u00e1game saber sus necesidades espec\u00edficas.<\/p>","protected":false},"excerpt":{"rendered":"<p>La torre de secado de granos de gran tama\u00f1o fija es adecuada para procesar m\u00faltiples cultivos a gran escala. Su capacidad de secado es de hasta 15 t\/h y es buena para secar ma\u00edz, trigo, colza, etc.<\/p>","protected":false},"author":1,"featured_media":229,"parent":0,"template":"","tags":[21],"product-type":[44],"class_list":["post-228","product","type-product","status-publish","has-post-thumbnail","hentry","tag-corn-dryer-machine","product-type-maize-dryer-machine"],"_links":{"self":[{"href":"https:\/\/corn-machine.com\/es\/wp-json\/wp\/v2\/product\/228","targetHints":{"allow":["GET"]}}],"collection":[{"href":"https:\/\/corn-machine.com\/es\/wp-json\/wp\/v2\/product"}],"about":[{"href":"https:\/\/corn-machine.com\/es\/wp-json\/wp\/v2\/types\/product"}],"author":[{"embeddable":true,"href":"https:\/\/corn-machine.com\/es\/wp-json\/wp\/v2\/users\/1"}],"wp:featuredmedia":[{"embeddable":true,"href":"https:\/\/corn-machine.com\/es\/wp-json\/wp\/v2\/media\/229"}],"wp:attachment":[{"href":"https:\/\/corn-machine.com\/es\/wp-json\/wp\/v2\/media?parent=228"}],"wp:term":[{"taxonomy":"post_tag","embeddable":true,"href":"https:\/\/corn-machine.com\/es\/wp-json\/wp\/v2\/tags?post=228"},{"taxonomy":"product-type","embeddable":true,"href":"https:\/\/corn-machine.com\/es\/wp-json\/wp\/v2\/product-type?post=228"}],"curies":[{"name":"wp","href":"https:\/\/api.w.org\/{rel}","templated":true}]}}