{"id":44,"date":"2022-09-06T06:19:10","date_gmt":"2022-09-05T22:19:10","guid":{"rendered":"https:\/\/corn-machine.com\/?post_type=product&#038;p=44"},"modified":"2025-07-28T09:25:59","modified_gmt":"2025-07-28T01:25:59","slug":"maize-seed-planter","status":"publish","type":"product","link":"https:\/\/corn-machine.com\/es\/product\/maize-seed-planter\/","title":{"rendered":"Plantadora de Semillas de Ma\u00edz Autom\u00e1tica de M\u00faltiples Filas | Plantadora de Ma\u00edz para Tractor"},"content":{"rendered":"<p class=\"translation-block\">Una de las m\u00e1quinas m\u00e1s populares de Taizy Machinery es la <strong>sembradora de ma\u00edz<\/strong>, que puede sembrar varias hileras de semillas de ma\u00edz simult\u00e1neamente en el campo. Esta m\u00e1quina utiliza un dispositivo de siembra de alta precisi\u00f3n y la tasa de cualificaci\u00f3n del recuento de granos es superior al 80%.<\/p>    <p>Hasta ahora, hemos exportado sembradoras de ma\u00edz para tractores a Nigeria, EE. UU., Tailandia, Filipinas, Mauritania, Guinea y otros pa\u00edses. Ayuda a las personas locales a reducir costos laborales y mejorar su eficiencia. Si est\u00e1s interesado en la sembradora de semillas de ma\u00edz, cont\u00e1ctanos ahora.<\/p>    <h2 class=\"wp-block-heading\" id=\"h-features-of-maize-seed-planter\">Caracter\u00edsticas de la m\u00e1quina de plantar cacahuetes<\/h2>   <div class=\"wp-block-image\"> <figure class=\"aligncenter size-full\"><img loading=\"lazy\" decoding=\"async\" width=\"720\" height=\"540\" src=\"https:\/\/corn-machine.com\/wp-content\/uploads\/2022\/09\/maize-planting-machine1.webp\" alt=\"maquina sembradora de maiz\" class=\"wp-image-136\" title=\"\"><figcaption class=\"wp-element-caption\">maquina sembradora de maiz<\/figcaption><\/figure> <\/div>   <ul class=\"wp-block-list\"> <li>Este sembrador de semillas de ma\u00edz tiene <strong>alta precisi\u00f3n de siembra<\/strong>, y el \u00edndice calificado alcanza m\u00e1s del 80%.<br>La sembradora tiene una alta eficiencia de trabajo. La m\u00e1quina puede alcanzar los 8 km\/h cuando la distancia entre plantas es superior a 20 cm.<\/li>    <li>La sembradora de ma\u00edz <strong>controla el espaciado de los agujeros<\/strong> muy precisamente, lo que puede ayudar a que las pl\u00e1ntulas de ma\u00edz se distribuyan de manera uniforme, aprovechar al m\u00e1ximo las ventajas individuales y promover un crecimiento vigoroso del ma\u00edz, aumentando as\u00ed el rendimiento.<\/li>    <li>La sembradora de ma\u00edz es <strong>conectado a la <a href=\"https:\/\/en.wikipedia.org\/wiki\/Tractor\" target=\"_blank\" rel=\"noopener\">tractor<\/a><\/strong>, que mejora la eficiencia laboral. La sembradora es f\u00e1cil de operar, y el usuario solo necesita sentarse y manejarla.<\/li> <\/ul>    <h2 class=\"wp-block-heading\" id=\"h-introduction-of-corn-seed-planter\">Introducci\u00f3n de la m\u00e1quina sembradora de soja<\/h2>    <p>Taizy Machinery ha dise\u00f1ado un nuevo tipo de sembradora de ma\u00edz de 2, 3, 4, 5, 6 y 8 hileras, que necesita trabajar con un tractor. Puedes elegir seg\u00fan tus necesidades. Esta m\u00e1quina sembradora de ma\u00edz tambi\u00e9n tiene un tanque de fertilizante que planta semillas en el suelo al mismo tiempo, aumentando la tasa de siembra sin da\u00f1ar las pl\u00e1ntulas de ma\u00edz.<\/p>    <p>Este sembrador de semillas de ma\u00edz tiene un excelente rendimiento y se puede ajustar para el espaciamiento entre hileras, el espaciamiento de siembra, la profundidad de surcado, la profundidad de aplicaci\u00f3n de fertilizante y la profundidad de siembra, lo que lo convierte en una m\u00e1quina importante para la siembra de ma\u00edz. Adem\u00e1s, tambi\u00e9n ofrecemos m\u00e1quinas sembradoras manuales de ma\u00edz y cosechadoras de ma\u00edz para la siembra a peque\u00f1a escala. Estas son m\u00e1quinas importantes para el procesamiento del ma\u00edz.<\/p>    <figure class=\"wp-block-gallery has-nested-images columns-default is-cropped wp-block-gallery-2 is-layout-flex wp-block-gallery-is-layout-flex\"> <figure class=\"wp-block-image size-large\"><img loading=\"lazy\" decoding=\"async\" width=\"720\" height=\"540\" data-id=\"132\" src=\"https:\/\/corn-machine.com\/wp-content\/uploads\/2022\/09\/3-row-corn-planter-machine1.webp\" alt=\"M\u00e1quina sembradora de ma\u00edz de 3 hileras\" class=\"wp-image-132\" title=\"\"><figcaption class=\"wp-element-caption\">Sembradora de semillas de ma\u00edz de 3 hileras<\/figcaption><\/figure>    <figure class=\"wp-block-image size-large\"><img loading=\"lazy\" decoding=\"async\" width=\"720\" height=\"540\" data-id=\"133\" src=\"https:\/\/corn-machine.com\/wp-content\/uploads\/2022\/09\/4-row-corn-planter-machine1.webp\" alt=\"M\u00e1quina sembradora de ma\u00edz de 4 hileras\" class=\"wp-image-133\" title=\"\"><figcaption class=\"wp-element-caption\">M\u00e1quina sembradora de ma\u00edz de 4 hileras<\/figcaption><\/figure> <\/figure>    <figure class=\"wp-block-gallery has-nested-images columns-default is-cropped wp-block-gallery-3 is-layout-flex wp-block-gallery-is-layout-flex\"> <figure class=\"wp-block-image size-large\"><img loading=\"lazy\" decoding=\"async\" width=\"720\" height=\"540\" data-id=\"134\" src=\"https:\/\/corn-machine.com\/wp-content\/uploads\/2022\/09\/6-row-maize-planting-machine1.webp\" alt=\"M\u00e1quina sembradora de ma\u00edz de 6 hileras.\" class=\"wp-image-134\" title=\"\"><figcaption class=\"wp-element-caption\">M\u00e1quina sembradora de ma\u00edz de 6 hileras.<\/figcaption><\/figure>    <figure class=\"wp-block-image size-large\"><img loading=\"lazy\" decoding=\"async\" width=\"720\" height=\"540\" data-id=\"135\" src=\"https:\/\/corn-machine.com\/wp-content\/uploads\/2022\/09\/8-row-corn-planting-machine1.webp\" alt=\"M\u00e1quina sembradora de ma\u00edz de 8 hileras.\" class=\"wp-image-135\" title=\"\"><figcaption class=\"wp-element-caption\">plantadora de ma\u00edz de 8 filas<\/figcaption><\/figure> <\/figure>    <h2 class=\"wp-block-heading\" id=\"h-technical-parameters-of-maize-seed-planter\">Par\u00e1metros t\u00e9cnicos de la sembradora de semillas de ma\u00edz.<\/h2>    <p>Hay 6 tipos de sembradoras de ma\u00edz para tractor, que est\u00e1n equipadas con diferentes n\u00fameros de cajas de semillas. Puedes elegir la m\u00e1s adecuada. Tambi\u00e9n ofrecemos el servicio de cambiar vox por materiales de vidrio o metal.<\/p>    <p>Adem\u00e1s, esta m\u00e1quina est\u00e1 equipada con una rueda gu\u00eda de grano \u00fanico. Al seleccionar semillas, puedes elegir una rueda gu\u00eda de grano \u00fanico para la siembra de grano fino.<\/p>    <figure class=\"wp-block-table\"><table><tbody><tr><td>Modelo<\/td><td>2BYSF-2<\/td><td>2BYSF-3<\/td><td>2BYSF-4<\/td><td>2BYSF-5<\/td><td>2BYSF-6<\/td><td>2BYSF-8<\/td><\/tr><tr><td>Tama\u00f1o<\/td><td>1,57*1,3*1,2 m<\/td><td>1,57*1,7*1,2 m<\/td><td>1,62*2,35*1,2 m<\/td><td>1,62*2,75*1,2 m<\/td><td>1,62*3,35*1,2 m<\/td><td>1,64*4,6*1,2 m<\/td><\/tr><tr><td>Fila<\/td><td>2<\/td><td>3<\/td><td>4<\/td><td>5<\/td><td>6<\/td><td>8<\/td><\/tr><tr><td>Distancia entre filas<\/td><td>428-570 mm<\/td><td>428-570 mm<\/td><td>428-570 mm<\/td><td>428-570 mm<\/td><td>428-570 mm<\/td><td>428-570 mm<\/td><\/tr><tr><td>Espaciado de plantas<\/td><td>140 mm-280 mm<\/td><td>140 mm-280 mm<\/td><td>140 mm-280 mm<\/td><td>140 mm-280 mm<\/td><td>140 mm-280 mm<\/td><td>140 mm-280 mm<\/td><\/tr><tr><td>Profundidad de zanjeo<\/td><td>&nbsp;60-80 mm<\/td><td>&nbsp;60-80 mm<\/td><td>&nbsp;60-80 mm<\/td><td>&nbsp;60-80 mm<\/td><td>&nbsp;60-80 mm<\/td><td>&nbsp;60-80 mm<\/td><\/tr><tr><td>Profundidad de fertilizaci\u00f3n<\/td><td>60-80 mm<\/td><td>60-80 mm<\/td><td>60-80 mm<\/td><td>60-80 mm<\/td><td>60-80 mm<\/td><td>60-80 mm<\/td><\/tr><tr><td>Profundidad de siembra<\/td><td>30-50 mm<\/td><td>30-50 mm<\/td><td>30-50 mm<\/td><td>30-50 mm<\/td><td>30-50 mm<\/td><td>30-50 mm<\/td><\/tr><tr><td>La capacidad del tanque de fertilizante.<\/td><td>18,75 litros x2<\/td><td>18,75 litros x3<\/td><td>18,75L x4<\/td><td>18,75L x5<\/td><td>18,75L x6<\/td><td>18,75L x8<\/td><\/tr><tr><td>Capacidad de la caja de semillas<\/td><td>8,5 x 2<\/td><td>8,5 x 3<\/td><td>8,5 x 4<\/td><td>8,5 x 5<\/td><td>8,5 x 6<\/td><td>8,5 x 8<\/td><\/tr><tr><td>Peso<\/td><td>150 kilos<\/td><td>200 kilos<\/td><td>295 kilos<\/td><td>360 kilos<\/td><td>425 kilos<\/td><td>650 kilos<\/td><\/tr><tr><td>Poder igualado<\/td><td>&nbsp;12-18 caballos de fuerza<\/td><td>15-25 CV<\/td><td>25-40 caballos de fuerza<\/td><td>40-60 caballos de fuerza<\/td><td>50-80 caballos de fuerza<\/td><td>75-100 caballos de fuerza<\/td><\/tr><tr><td>Enlace<\/td><td>&nbsp;3 puntas<\/td><td>&nbsp;3 puntas<\/td><td>&nbsp;3 puntas<\/td><td>&nbsp;3 puntas<\/td><td>&nbsp;3 puntas<\/td><td>&nbsp;3 puntas<\/td><\/tr><\/tbody><\/table><figcaption class=\"wp-element-caption\">los par\u00e1metros de la plantadora de semillas de ma\u00edz<\/figcaption><\/figure>    <h2 class=\"wp-block-heading\" id=\"h-application-of-corn-seed-planter-machine\">Varias aplicaciones de la m\u00e1quina de plantar ma\u00edz<\/h2>    <p>Seg\u00fan las caracter\u00edsticas de la sembradora de ma\u00edz, la forma de las semillas similares al ma\u00edz es adecuada para esta m\u00e1quina sembradora de ma\u00edz, como frijol rojo, frijol mungo, soja, sorgo, etc. Aqu\u00ed hay un video de trabajo de una m\u00e1quina de semillas de ma\u00edz. \u00a1Echemos un vistazo a su proceso de funcionamiento!<\/p>    <figure class=\"wp-block-embed is-type-video is-provider-youtube wp-block-embed-youtube wp-embed-aspect-16-9 wp-has-aspect-ratio\"><div class=\"wp-block-embed__wrapper\"> <iframe loading=\"lazy\" title=\"La mejor m\u00e1quina sembradora de ma\u00edz | Proceso de trabajo moderno de la m\u00e1quina de siembra de ma\u00edz\" width=\"500\" height=\"281\" src=\"https:\/\/www.youtube.com\/embed\/1SswL7Jq75I?feature=oembed\" frameborder=\"0\" allow=\"accelerometer; autoplay; clipboard-write; encrypted-media; gyroscope; picture-in-picture; web-share\" referrerpolicy=\"strict-origin-when-cross-origin\" allowfullscreen><\/iframe> <\/div><figcaption class=\"wp-element-caption\">V\u00eddeo de funcionamiento de la sembradora de ma\u00edz.<\/figcaption><\/figure>    <h2 class=\"wp-block-heading\" id=\"h-corn-planting-machine-operation-points\">Puntos de operaci\u00f3n del sembrador de ma\u00edz para tractor <\/h2>    <p>Despu\u00e9s de comprar la sembradora de semillas de ma\u00edz, es necesario leer atentamente el manual de instrucciones, participar en la capacitaci\u00f3n t\u00e9cnica correspondiente y utilizar la sembradora correctamente, lo que puede reducir la p\u00e9rdida de maquinaria y prolongar la vida \u00fatil de la m\u00e1quina.<\/p>    <ol class=\"wp-block-list\"> <li>Ajustar la m\u00e1quina antes de sembrar. Muchas partes de la maceta necesitan ser conectadas y lubricadas. Ajuste el espacio entre hileras y el espacio entre las semillas de siembra.<\/li>    <li>En el proceso de siembra es necesario observar en todo momento el estado de la siembra. El estado de siembra incluye la cantidad de siembra, el lugar de siembra, la profundidad de siembra y la dosis de fertilizantes qu\u00edmicos. Si se descubre que no est\u00e1 calificado, es necesario detenerlo y reajustarlo.<\/li>    <li>Los clientes deben controlar la velocidad y profundidad de la siembra seg\u00fan la situaci\u00f3n real. Debido a la diferencia de terreno, el espesor de la cobertura del suelo durante el proceso de siembra tambi\u00e9n variar\u00e1. En t\u00e9rminos generales, debe cubrir unos 4-5 cm.<\/li> <\/ol>    <p class=\"translation-block\">\u00bfNecesitas sembradoras de ma\u00edz m\u00e1s peque\u00f1as? Quiz\u00e1s te guste esta: una <a href=\"https:\/\/corn-machine.com\/es\/product\/manual-corn-seed-planter\/\">sembradora de ma\u00edz manual<\/a>, \u00a1adecuada para siembra a peque\u00f1a escala! <\/p>    <p>Cualquier pregunta o requisito para su planta, por favor h\u00e1gamelo saber. \u00a1No dude en contactarnos!<\/p>    <p><\/p>","protected":false},"excerpt":{"rendered":"<p>Este sembrador de semillas de ma\u00edz permite la siembra a gran escala de cultivos con m\u00faltiples filas y utiliza un dispositivo de siembra de alta precisi\u00f3n que tiene m\u00e1s del 80% de tasa de calidad en el conteo de granos.<\/p>","protected":false},"author":1,"featured_media":46,"parent":0,"template":"","tags":[24],"product-type":[39],"class_list":["post-44","product","type-product","status-publish","has-post-thumbnail","hentry","tag-maize-seed-planter","product-type-maize-planter-machine"],"_links":{"self":[{"href":"https:\/\/corn-machine.com\/es\/wp-json\/wp\/v2\/product\/44","targetHints":{"allow":["GET"]}}],"collection":[{"href":"https:\/\/corn-machine.com\/es\/wp-json\/wp\/v2\/product"}],"about":[{"href":"https:\/\/corn-machine.com\/es\/wp-json\/wp\/v2\/types\/product"}],"author":[{"embeddable":true,"href":"https:\/\/corn-machine.com\/es\/wp-json\/wp\/v2\/users\/1"}],"wp:featuredmedia":[{"embeddable":true,"href":"https:\/\/corn-machine.com\/es\/wp-json\/wp\/v2\/media\/46"}],"wp:attachment":[{"href":"https:\/\/corn-machine.com\/es\/wp-json\/wp\/v2\/media?parent=44"}],"wp:term":[{"taxonomy":"post_tag","embeddable":true,"href":"https:\/\/corn-machine.com\/es\/wp-json\/wp\/v2\/tags?post=44"},{"taxonomy":"product-type","embeddable":true,"href":"https:\/\/corn-machine.com\/es\/wp-json\/wp\/v2\/product-type?post=44"}],"curies":[{"name":"wp","href":"https:\/\/api.w.org\/{rel}","templated":true}]}}