{"id":47,"date":"2022-09-06T06:35:08","date_gmt":"2022-09-06T06:35:08","guid":{"rendered":"https:\/\/corn-machine.com\/?post_type=product&#038;p=47"},"modified":"2025-08-06T16:04:29","modified_gmt":"2025-08-06T08:04:29","slug":"efficient-maize-harvester-machine","status":"publish","type":"product","link":"https:\/\/corn-machine.com\/es\/product\/maquina-cosechadora-de-maiz\/","title":{"rendered":"M\u00e1quina cosechadora de ma\u00edz | M\u00e1quina cosechadora de ma\u00edz en venta"},"content":{"rendered":"<p>La m\u00e1quina cosechadora de ma\u00edz ayuda a los agricultores a completar la cosecha de las mazorcas de ma\u00edz cuando el ma\u00edz est\u00e1 maduro. Con la ayuda de la m\u00e1quina cosechadora de ma\u00edz, la eficiencia de la cosecha de cultivos mejorar\u00e1 enormemente y reducir\u00e1 la intensidad del trabajo de los agricultores. <\/p>    <p>Puede equiparse con un motor di\u00e9sel o un motor el\u00e9ctrico para garantizar el funcionamiento de la m\u00e1quina. Con una velocidad de trabajo de 0.72-1.44 km\/h, su capacidad puede garantizarse entre 0.03-0.06 hect\u00e1rea\/h. <\/p>    <p>Este cosechador de ma\u00edz en venta es muy f\u00e1cil de operar, y una persona puede completar todos los procedimientos. Adem\u00e1s, esta m\u00e1quina es asequible y adecuada para peque\u00f1as explotaciones de ma\u00edz y terrenos monta\u00f1osos especiales.<\/p>   <div class=\"wp-block-image\"> <figure class=\"aligncenter size-full\"><img loading=\"lazy\" decoding=\"async\" width=\"720\" height=\"540\" src=\"https:\/\/corn-machine.com\/wp-content\/uploads\/2022\/09\/maize-harvester-machines-in-plant.webp\" alt=\"\" class=\"wp-image-148\" title=\"\"><figcaption class=\"wp-element-caption\">m\u00e1quina cosechadora de ma\u00edz<\/figcaption><\/figure> <\/div>   <h2 class=\"wp-block-heading\" id=\"h-introduction-of-maize-harvester-machine\"><strong>Introducci\u00f3n de la m\u00e1quina cosechadora de ma\u00edz.<\/strong><\/h2>    <p>La m\u00e1quina cosechadora de ma\u00edz es impulsada hacia adelante por una persona, y las partes de trabajo son accionadas por un motor di\u00e9sel o un motor el\u00e9ctrico para las operaciones de corte y cosecha. <\/p>    <p>La cosechadora de ma\u00edz de una sola fila tiene casi las mismas funciones que la cosechadora de ma\u00edz de gran tama\u00f1o, incluyendo la recolecci\u00f3n, pelado, recogida y triturado de tallos, pero esta cosechadora de ma\u00edz de nuevo dise\u00f1o es m\u00e1s f\u00e1cil de configurar y operar, adem\u00e1s la altura de corte de la m\u00e1quina es ajustable.<\/p>   <div class=\"wp-block-image\"> <figure class=\"aligncenter size-full\"><img loading=\"lazy\" decoding=\"async\" width=\"720\" height=\"540\" src=\"https:\/\/corn-machine.com\/wp-content\/uploads\/2022\/09\/corn-harvester-machin-in-plant.webp\" alt=\"\" class=\"wp-image-145\" title=\"\"><figcaption class=\"wp-element-caption\">m\u00e1quina cosechadora de ma\u00edz en planta<\/figcaption><\/figure> <\/div>  <div class=\"wp-block-image\"> <figure class=\"aligncenter size-full\"><img loading=\"lazy\" decoding=\"async\" width=\"720\" height=\"540\" src=\"https:\/\/corn-machine.com\/wp-content\/uploads\/2022\/09\/corn-harvester-in-plant.webp\" alt=\"cosechadora de ma\u00edz en planta\" class=\"wp-image-144\" title=\"\"><figcaption class=\"wp-element-caption\">cosechadora de ma\u00edz en planta<\/figcaption><\/figure> <\/div>   <h2 class=\"wp-block-heading\" id=\"h-advantages-of-single-row-maize-harvester\"><strong>Ventajas de la cosechadora de ma\u00edz de una sola fila<\/strong><\/h2>    <ol class=\"wp-block-list\"> <li>La cosechadora de ma\u00edz de una sola fila puede completar simult\u00e1neamente la recolecci\u00f3n de ma\u00edz y la trituraci\u00f3n de paja para devolverla al campo, mejorando la fertilidad del suelo mientras cosecha ma\u00edz.<\/li>    <li>Mayor eficiencia que la recolecci\u00f3n manual, esta m\u00e1quina cosechadora de ma\u00edz puede cosechar de 0.03 a 0.06 hect\u00e1reas de ma\u00edz por hora.<\/li>    <li>La m\u00e1quina cortadora de ma\u00edz tiene un bajo consumo de combustible, un rendimiento de alto costo y toda la m\u00e1quina es relativamente econ\u00f3mica, por lo que puede ahorrar dinero a los agricultores.<\/li>    <li>Es muy f\u00e1cil de operar y puede ser utilizada en producci\u00f3n por los agricultores despu\u00e9s de una simple capacitaci\u00f3n.<\/li>    <li>Esta m\u00e1quina de cosecha de ma\u00edz es peque\u00f1a y ligera, por lo que es muy flexible para moverse. Cuando est\u00e1 equipada con un motor di\u00e9sel, se puede aplicar a muchos campos, como \u00e1reas planas, monta\u00f1osas y de colinas.<\/li> <\/ol>    <h2 class=\"wp-block-heading\" id=\"h-parameters-of-corn-harvesting-machine\"><strong>Par\u00e1metros de la m\u00e1quina cosechadora de ma\u00edz.<\/strong><\/h2>    <figure class=\"wp-block-table\"><table><tbody><tr><td>Modelo<\/td><td>4YZ-1<\/td><\/tr><tr><td>Tama\u00f1o<\/td><td>1820 \u00d7 800 \u00d7 1190 mm<\/td><\/tr><tr><td>Peso<strong><\/strong><\/td><td>265 kilos<\/td><\/tr><tr><td>Velocidad de trabajo<\/td><td>0.72-1.44 km\/h<\/td><\/tr><tr><td>Capacidad<\/td><td>0,03-0,06\u00a0hect\u00e1rea\/h<\/td><\/tr><tr><td>N\u00famero de palas<\/td><td>10<\/td><\/tr><tr><td>Consumo de combustible del \u00e1rea de trabajo de la unidad<\/td><td>\u226410kg\/h\u33a1<\/td><\/tr><\/tbody><\/table><figcaption class=\"wp-element-caption\">par\u00e1metros detallados de la m\u00e1quina cosechadora de ma\u00edz<\/figcaption><\/figure>    <h2 class=\"wp-block-heading\" id=\"h-global-case-of-maize-harvester-machine\"><strong>Caso global de la m\u00e1quina cosechadora de ma\u00edz<\/strong><\/h2>    <p>Recientemente, un cliente de Nigeria se acerc\u00f3 a nosotros para solicitar una m\u00e1quina cosechadora de ma\u00edz. Anteriormente, hab\u00eda comprado una m\u00e1quina trilladora de ma\u00edz de nuestra empresa el a\u00f1o pasado. <\/p>    <p class=\"translation-block\">Este cliente nigeriano tiene una peque\u00f1a granja en su pa\u00eds donde los campos de ma\u00edz est\u00e1n ubicados en una zona monta\u00f1osa, por lo que cada vez que llegaba la temporada de cosecha de ma\u00edz, ten\u00eda que emplear a muchos trabajadores para recoger las <a href=\"https:\/\/en.wikipedia.org\/wiki\/Crop\" target=\"_blank\" rel=\"noopener\">cosechas<\/a>. <\/p>    <p>Despu\u00e9s de que su gerente de cuentas le recomendara una m\u00e1quina cosechadora de ma\u00edz de una sola fila, determin\u00f3 el rendimiento y otros factores y pidi\u00f3 30 cosechadoras de ma\u00edz a Taizy Machinery. <\/p>    <p>El cliente ha recibido ahora la m\u00e1quina y nos dice que solo emplea la mitad del n\u00famero de trabajadores que antes, pero ahora la eficiencia ha aumentado m\u00e1s de 3 veces.<\/p>    <figure class=\"wp-block-gallery has-nested-images columns-default is-cropped wp-block-gallery-2 is-layout-flex wp-block-gallery-is-layout-flex\"> <figure class=\"wp-block-image size-large\"><img loading=\"lazy\" decoding=\"async\" width=\"720\" height=\"540\" data-id=\"146\" src=\"https:\/\/corn-machine.com\/wp-content\/uploads\/2022\/09\/load-and-delivery-.webp\" alt=\"\" class=\"wp-image-146\" title=\"\"><\/figure>    <figure class=\"wp-block-image size-large\"><img loading=\"lazy\" decoding=\"async\" width=\"720\" height=\"540\" data-id=\"147\" src=\"https:\/\/corn-machine.com\/wp-content\/uploads\/2022\/09\/loading-and-shipping-of-small-scale-corn-harvester-tuya1.webp\" alt=\"\" class=\"wp-image-147\" title=\"\"><\/figure> <\/figure>    <p><\/p>    <h2 class=\"wp-block-heading\" id=\"h-faqs-of-maize-harvester-for-sale\"><strong>Preguntas frecuentes sobre cosechadoras de ma\u00edz a la venta<\/strong><\/h2>    <div class=\"schema-faq wp-block-yoast-faq-block\"><div class=\"schema-faq-section\" id=\"faq-question-1662445667247\"><strong class=\"schema-faq-question\">\u00bfPuede la m\u00e1quina cosechadora de ma\u00edz romper las hojas de ma\u00edz?<\/strong> <p class=\"schema-faq-answer\">No, no puede.<\/p> <\/div> <div class=\"schema-faq-section\" id=\"faq-question-1662445699563\"><strong class=\"schema-faq-question\">\u00bfC\u00f3mo trata la m\u00e1quina los tallos de ma\u00edz?<\/strong> <p class=\"schema-faq-answer\">El tallo de ma\u00edz ser\u00e1 triturado y luego devuelto directamente al campo.<\/p> <\/div> <div class=\"schema-faq-section\" id=\"faq-question-1662445724968\"><strong class=\"schema-faq-question\">\u00bfCu\u00e1l es la altura de corte del tallo de ma\u00edz?<\/strong> <p class=\"schema-faq-answer\">Se puede ajustar y la pajita m\u00e1s corta que queda es de 10 cm.<\/p> <\/div> <div class=\"schema-faq-section\" id=\"faq-question-1662445758835\"><strong class=\"schema-faq-question\">\u00bfCu\u00e1ntas cuchillas trituradoras est\u00e1 equipada con la cosechadora de ma\u00edz?<\/strong> <p class=\"schema-faq-answer\">Hay 10 cuchillos trituradores.<\/p> <\/div> <div class=\"schema-faq-section\" id=\"faq-question-1662445809116\"><strong class=\"schema-faq-question\">\u00bfCu\u00e1l es la configuraci\u00f3n de energ\u00eda de la m\u00e1quina?<\/strong> <p class=\"schema-faq-answer\">&nbsp;Incluye motores gasolina 188F y motores diesel 188F.<\/p> <\/div> <div class=\"schema-faq-section\" id=\"faq-question-1662445864028\"><strong class=\"schema-faq-question\">\u00bfCu\u00e1ntas m\u00e1quinas pueden caber en un gabinete de madera de 20 pies y en un gabinete de madera de 40 pies?<\/strong> <p class=\"schema-faq-answer\">26 unidades para contenedores de 20 pies y 54 unidades para contenedores de 40 pies.<\/p> <\/div> <div class=\"schema-faq-section\" id=\"faq-question-1662445898898\"><strong class=\"schema-faq-question\">\u00bfCu\u00e1ntos callos puede contener la tolva de la m\u00e1quina?<\/strong> <p class=\"schema-faq-answer\">La tolva de la m\u00e1quina cosechadora de ma\u00edz puede contener entre 30 y 50 granos.<\/p> <\/div> <\/div>    <h2 class=\"wp-block-heading\"><strong>Otras herramientas \u00fatiles para el cultivo de ma\u00edz<\/strong><\/h2>    <p>Adem\u00e1s de la m\u00e1quina cosechadora de ma\u00edz, nuestra empresa tambi\u00e9n proporciona otra maquinaria agr\u00edcola pr\u00e1ctica para satisfacer cada necesidad en la agricultura. <\/p>    <p>\u00bfHay un sembrador de ma\u00edz m\u00e1s conveniente? \u00bfC\u00f3mo resolver los problemas del almacenamiento de ma\u00edz? \u00bfPodr\u00edas mejorar el valor de tus materiales para obtener m\u00e1s beneficios? Todos estos problemas se pueden resolver utilizando diferentes herramientas.<\/p>    <p class=\"translation-block\">Presentamos el <a href=\"https:\/\/corn-machine.com\/es\/product\/mobile-grain-dryer-for-drying-corn-rice\/\">secador de granos m\u00f3vil<\/a> para secar ma\u00edz y almacenamiento. Haga clic en el enlace para conocer su proceso de trabajo y m\u00e1s detalles. Si tiene una granja con grandes materias primas y desea crear un nuevo taller para obtener m\u00e1s beneficios. <a href=\"https:\/\/corn-machine.com\/es\/product\/maize-grits-making-machine\/\">La m\u00e1quina para hacer s\u00e9mola de ma\u00edz<\/a> es una buena opci\u00f3n para producir s\u00e9mola y harina de ma\u00edz para la venta.<\/p>    <p>Solo somos proveedores de opiniones para que elijas la m\u00e1quina m\u00e1s adecuada para tus necesidades. Si tienes alg\u00fan problema y deseas preguntar el precio exacto de alguna maquinaria, no dudes en contactarnos.<\/p>","protected":false},"excerpt":{"rendered":"<p>Adecuado para la cosecha de ma\u00edz a peque\u00f1a escala y terrenos monta\u00f1osos especiales, esta m\u00e1quina cosechadora de ma\u00edz puede mejorar la eficiencia del trabajo y reducir en gran medida la intensidad laboral.<\/p>","protected":false},"author":1,"featured_media":49,"parent":0,"template":"","tags":[18],"product-type":[40],"class_list":["post-47","product","type-product","status-publish","has-post-thumbnail","hentry","tag-maize-harvester-machine","product-type-corn-harvesting-machine"],"_links":{"self":[{"href":"https:\/\/corn-machine.com\/es\/wp-json\/wp\/v2\/product\/47","targetHints":{"allow":["GET"]}}],"collection":[{"href":"https:\/\/corn-machine.com\/es\/wp-json\/wp\/v2\/product"}],"about":[{"href":"https:\/\/corn-machine.com\/es\/wp-json\/wp\/v2\/types\/product"}],"author":[{"embeddable":true,"href":"https:\/\/corn-machine.com\/es\/wp-json\/wp\/v2\/users\/1"}],"wp:featuredmedia":[{"embeddable":true,"href":"https:\/\/corn-machine.com\/es\/wp-json\/wp\/v2\/media\/49"}],"wp:attachment":[{"href":"https:\/\/corn-machine.com\/es\/wp-json\/wp\/v2\/media?parent=47"}],"wp:term":[{"taxonomy":"post_tag","embeddable":true,"href":"https:\/\/corn-machine.com\/es\/wp-json\/wp\/v2\/tags?post=47"},{"taxonomy":"product-type","embeddable":true,"href":"https:\/\/corn-machine.com\/es\/wp-json\/wp\/v2\/product-type?post=47"}],"curies":[{"name":"wp","href":"https:\/\/api.w.org\/{rel}","templated":true}]}}