{"id":51,"date":"2022-09-06T07:00:55","date_gmt":"2022-09-06T07:00:55","guid":{"rendered":"https:\/\/corn-machine.com\/?post_type=product&#038;p=51"},"modified":"2025-07-17T11:39:39","modified_gmt":"2025-07-17T03:39:39","slug":"manual-corn-seed-planter","status":"publish","type":"product","link":"https:\/\/corn-machine.com\/es\/product\/manual-corn-seed-planter\/","title":{"rendered":"Sembradora manual de semillas de ma\u00edz | M\u00e1quina sembradora de ma\u00edz de empuje manual"},"content":{"rendered":"<p class=\"translation-block\">La sembradora de ma\u00edz est\u00e1 especialmente dise\u00f1ada para sembrar todo tipo de cultivos como ma\u00edz, cacahuetes, trigo, soja y otros cultivos diversos. Tenemos diferentes capacidades y estilos de sembradoras manuales de semillas de ma\u00edz. Nuestra m\u00e1quina sembradora operada manualmente se ha exportado a Nigeria, Kenia, Per\u00fa y m\u00e1s de 30 otros pa\u00edses y regiones. Adem\u00e1s, Taizy Machinery tambi\u00e9n ofrece una <a href=\"https:\/\/corn-machine.com\/es\/product\/maize-seed-planter\/\">sembradora autom\u00e1tica de ma\u00edz<\/a>, no dude en consultarnos.<\/p>    <h2 class=\"wp-block-heading\" id=\"h-type-one-double-bin-manual-corn-seed-planter\">Tipo uno: sembradora manual de semillas de ma\u00edz de doble contenedor<\/h2>   <div class=\"wp-block-image\"> <figure class=\"aligncenter size-full\"><img loading=\"lazy\" decoding=\"async\" width=\"720\" height=\"540\" src=\"https:\/\/corn-machine.com\/wp-content\/uploads\/2022\/09\/manual-corn-seed-planter.webp\" alt=\"sembradora manual de semillas de ma\u00edz\" class=\"wp-image-142\" title=\"\"><figcaption>sembradora manual de semillas de ma\u00edz<\/figcaption><\/figure> <\/div>   <p>La sembradora manual de doble contenedor se usa ampliamente para sembrar ma\u00edz, soja, trigo, man\u00ed, sorgo, etc. Esta sembradora de ma\u00edz consta principalmente de una tolva de alimentaci\u00f3n, una rueda, un mango, una excavadora, una parte que cubre el suelo y una parte de siembra. Se necesitan dos personas para trabajar juntas al sembrar semillas. Una persona tira m\u00e1s de la cuerda y la otra se mueve con la sembradora de ma\u00edz. Esta peque\u00f1a sembradora de ma\u00edz no utiliza energ\u00eda, solo mano de obra, esta m\u00e1quina es econ\u00f3mica, bienvenido a consultar.<\/p>    <figure class=\"wp-block-table\"><table><tbody><tr><td>Modelo<\/td><td>TZ-100<\/td><\/tr><tr><td>Capacidad<\/td><td>0,5 acres\/h<\/td><\/tr><tr><td>Tama\u00f1o<\/td><td>1370*420*900mm<\/td><\/tr><tr><td>Peso<\/td><td>12kg<\/td><\/tr><\/tbody><\/table><\/figure>    <h2 class=\"wp-block-heading\" id=\"h-type-two-corn-planter-with-gasoline-engine\">Tipo dos: Sembradora de ma\u00edz con motor de gasolina.<\/h2>    <figure class=\"wp-block-gallery has-nested-images columns-default is-cropped wp-block-gallery-2 is-layout-flex wp-block-gallery-is-layout-flex\"> <figure class=\"wp-block-image size-large\"><img loading=\"lazy\" decoding=\"async\" width=\"720\" height=\"540\" data-id=\"141\" src=\"https:\/\/corn-machine.com\/wp-content\/uploads\/2022\/09\/manual-corn-seed-planter-2.webp\" alt=\"sembradora manual de semillas de ma\u00edz\" class=\"wp-image-141\" title=\"\"><figcaption>sembradora manual de semillas de ma\u00edz <\/figcaption><\/figure>    <figure class=\"wp-block-image size-large\"><img loading=\"lazy\" decoding=\"async\" width=\"720\" height=\"540\" data-id=\"140\" src=\"https:\/\/corn-machine.com\/wp-content\/uploads\/2022\/09\/manual-corn-planter.webp\" alt=\"sembradora de ma\u00edz manual\" class=\"wp-image-140\" title=\"\"><figcaption>sembradora de ma\u00edz manual<\/figcaption><\/figure> <\/figure>    <p>Esta sembradora de ma\u00edz es una mejora de la sembradora de ma\u00edz tradicional. Esta sembradora de ma\u00edz port\u00e1til funciona con un motor de gasolina y funciona con una sola persona, lo que mejora la eficiencia. Ofrecemos dos tipos de motores de gasolina. Uno es el motor de gasolina 170F y el otro es el motor de gasolina 152F.<\/p>    <h2 class=\"wp-block-heading\" id=\"h-type-three-one-row-hand-corn-sowing-machine\">Tipo tres: sembradora manual de ma\u00edz de una hilera<\/h2>    <figure class=\"wp-block-gallery has-nested-images columns-default is-cropped wp-block-gallery-3 is-layout-flex wp-block-gallery-is-layout-flex\"> <figure class=\"wp-block-image size-large\"><img loading=\"lazy\" decoding=\"async\" width=\"720\" height=\"540\" data-id=\"139\" src=\"https:\/\/corn-machine.com\/wp-content\/uploads\/2022\/09\/corn-seed-planter.webp\" alt=\"plantador de semillas de ma\u00edz\" class=\"wp-image-139\" title=\"\"><figcaption>plantador de semillas de ma\u00edz<\/figcaption><\/figure>    <figure class=\"wp-block-image size-large\"><img loading=\"lazy\" decoding=\"async\" width=\"720\" height=\"540\" data-id=\"143\" src=\"https:\/\/corn-machine.com\/wp-content\/uploads\/2022\/09\/structure-of-manual-corn-planter.webp\" alt=\"Estructura de la sembradora de ma\u00edz manual.\" class=\"wp-image-143\" title=\"\"><figcaption>Estructura de la sembradora de ma\u00edz manual.<\/figcaption><\/figure> <\/figure>    <p>Dise\u00f1o avanzado: <\/p>    <p>1. Dise\u00f1o de pico de hierro de acero inoxidable engrosado: se usa un pico de hierro engrosado en la rueda y adoptan un dise\u00f1o de pico de pato bi\u00f3nico, que puede romper el suelo r\u00e1pidamente y garantizar que la profundidad de siembra cumpla con los requisitos.<\/p>    <p>2. Dise\u00f1o de la rueda para cubrir el suelo: La rueda para cubrir el suelo se puede llenar con arena o agua, lo cual es conveniente para cubrir el suelo despu\u00e9s de la siembra.<\/p>    <p>3. Caja de pl\u00e1stico para almacenamiento de semillas: Se utiliza una caja de pl\u00e1stico transparente para almacenar semillas, de modo que los agricultores puedan comprobar f\u00e1cilmente la cantidad de semillas.<\/p>    <figure class=\"wp-block-table\"><table><tbody><tr><td>Profundidad de siembra<\/td><td>3,5-7,8 cm<\/td><\/tr><tr><td>Cantidad de siembra<\/td><td>1-3 piezas, ajustable<\/td><\/tr><tr><td>Ornitorrinco<\/td><td>M\u00e1x. 12 piezas<\/td><\/tr><tr><td>Peso<\/td><td>11 kilos<\/td><\/tr><tr><td>Tama\u00f1o de embalaje<\/td><td>58*58*25mm<\/td><\/tr><\/tbody><\/table><\/figure>    <h2 class=\"wp-block-heading\" id=\"h-advantages-of-manual-corn-seed-planter\">Ventajas de la sembradora manual de semillas de ma\u00edz<\/h2>    <ol class=\"wp-block-list\"><li>Las sembradoras de ma\u00edz manuales tienen varios estilos, y todas tienen una estructura muy simple y un funcionamiento m\u00e1s conveniente.<\/li><li>La sembradora de ma\u00edz de empuje manual es liviana, f\u00e1cil de mover y adecuada para \u00e1reas monta\u00f1osas y monta\u00f1osas.<\/li><li>La sembradora manual de semillas de ma\u00edz es adecuada para sembrar diversos cultivos, como trigo, frijol mungo, sorgo, algod\u00f3n, trigo, soja, ma\u00edz, etc.<\/li><\/ol>    <h2 class=\"wp-block-heading\" id=\"h-working-video-of-manual-corn-seed-planter\">Video de trabajo de sembradora manual de semillas de ma\u00edz.<\/h2>    <figure class=\"wp-block-embed is-type-video is-provider-youtube wp-block-embed-youtube wp-embed-aspect-16-9 wp-has-aspect-ratio\"><div class=\"wp-block-embed__wrapper\"> <iframe loading=\"lazy\" title=\"Sembradora de ma\u00edz manual de bajo costo\/plantaci\u00f3n de ma\u00edz\/m\u00e1quina manual de agricultura de bajo precio para plantar ma\u00edz\" width=\"500\" height=\"281\" src=\"https:\/\/www.youtube.com\/embed\/MLVGQUKfoAk?list=PL58YSJlfYgUlVabVFuymOuUMA3Umeccre\" frameborder=\"0\" allow=\"accelerometer; autoplay; clipboard-write; encrypted-media; gyroscope; picture-in-picture; web-share\" referrerpolicy=\"strict-origin-when-cross-origin\" allowfullscreen><\/iframe> <\/div><\/figure>","protected":false},"excerpt":{"rendered":"<p>Maize seeder planter is specially designed for sowing all kinds of crops for planting corn, peanuts, wheat, peanuts, soybeans and other various crops. We have different capacities and styles of manual corn seed planter. Our hand-operated seed sowing machine has been exported to Nigeria, Kenya, Peru and more than 30 other countries and regions. In [&hellip;]<\/p>\n","protected":false},"author":1,"featured_media":53,"parent":0,"template":"","tags":[19],"product-type":[39],"class_list":["post-51","product","type-product","status-publish","has-post-thumbnail","hentry","tag-maize-planter","product-type-maize-planter-machine"],"_links":{"self":[{"href":"https:\/\/corn-machine.com\/es\/wp-json\/wp\/v2\/product\/51","targetHints":{"allow":["GET"]}}],"collection":[{"href":"https:\/\/corn-machine.com\/es\/wp-json\/wp\/v2\/product"}],"about":[{"href":"https:\/\/corn-machine.com\/es\/wp-json\/wp\/v2\/types\/product"}],"author":[{"embeddable":true,"href":"https:\/\/corn-machine.com\/es\/wp-json\/wp\/v2\/users\/1"}],"wp:featuredmedia":[{"embeddable":true,"href":"https:\/\/corn-machine.com\/es\/wp-json\/wp\/v2\/media\/53"}],"wp:attachment":[{"href":"https:\/\/corn-machine.com\/es\/wp-json\/wp\/v2\/media?parent=51"}],"wp:term":[{"taxonomy":"post_tag","embeddable":true,"href":"https:\/\/corn-machine.com\/es\/wp-json\/wp\/v2\/tags?post=51"},{"taxonomy":"product-type","embeddable":true,"href":"https:\/\/corn-machine.com\/es\/wp-json\/wp\/v2\/product-type?post=51"}],"curies":[{"name":"wp","href":"https:\/\/api.w.org\/{rel}","templated":true}]}}