{"id":54,"date":"2022-09-06T07:11:15","date_gmt":"2022-09-06T07:11:15","guid":{"rendered":"https:\/\/corn-machine.com\/?post_type=product&#038;p=54"},"modified":"2025-08-29T16:49:03","modified_gmt":"2025-08-29T08:49:03","slug":"fresh-corn-sheller-machine","status":"publish","type":"product","link":"https:\/\/corn-machine.com\/es\/product\/fresh-corn-sheller-machine\/","title":{"rendered":"M\u00e1quina Desgranadora de Ma\u00edz Fresco | M\u00e1quina Peladora de Ma\u00edz Dulce"},"content":{"rendered":"<p class=\"translation-block\">La m\u00e1quina peladora de ma\u00edz fresco Taizy SUS304 <strong>se utiliza para pelar los granos de ma\u00edz fresco y ma\u00edz dulce sin da\u00f1arlos.<\/strong> La velocidad de trilla con la peladora autom\u00e1tica de ma\u00edz dulce es tan r\u00e1pida que puede pelar de 400 a 500 kg de granos por hora.<\/p>    <p>Se utiliza com\u00fanmente en plantas de procesamiento de ma\u00edz, plantas de producci\u00f3n de conservas de ma\u00edz y plantas de producci\u00f3n de alimentos congelados, etc. Se pueden utilizar m\u00faltiples m\u00e1quinas peladoras de ma\u00edz dulce con grandes l\u00edneas de ensamblaje, que son m\u00e1quinas necesarias para las empresas de procesamiento de ma\u00edz.<\/p>   <div class=\"wp-block-image\"> <figure class=\"aligncenter size-large\"><img loading=\"lazy\" decoding=\"async\" width=\"720\" height=\"540\" src=\"https:\/\/corn-machine.com\/wp-content\/uploads\/2022\/09\/fresh-corn-threshing-machine.webp\" alt=\"trilladora de ma\u00edz fresco\" class=\"wp-image-163\" title=\"\"><figcaption class=\"wp-element-caption\">trilladora de ma\u00edz fresco<\/figcaption><\/figure> <\/div>   <h2 class=\"wp-block-heading\">Video de trabajo de la m\u00e1quina peladora de ma\u00edz fresco<\/h2>    <figure class=\"wp-block-embed is-type-video is-provider-youtube wp-block-embed-youtube wp-embed-aspect-16-9 wp-has-aspect-ratio\"><div class=\"wp-block-embed__wrapper\"> <iframe loading=\"lazy\" title=\"M\u00e1quina trilladora de ma\u00edz fresco de gran venta | Progreso del trabajo de la m\u00e1quina trilladora de ma\u00edz dulce\" width=\"500\" height=\"281\" src=\"https:\/\/www.youtube.com\/embed\/h4n44zJXueQ?start=21&#038;feature=oembed\" frameborder=\"0\" allow=\"accelerometer; autoplay; clipboard-write; encrypted-media; gyroscope; picture-in-picture; web-share\" referrerpolicy=\"strict-origin-when-cross-origin\" allowfullscreen><\/iframe> <\/div><figcaption class=\"wp-element-caption\">video de trabajo de la m\u00e1quina peladora de ma\u00edz dulce<\/figcaption><\/figure>    <h2 class=\"wp-block-heading\" id=\"h-technical-parameters-of-corn-thresher-for-sale\">Par\u00e1metros t\u00e9cnicos de la trilladora de ma\u00edz a la venta.<\/h2>    <figure class=\"wp-block-table\"><table><tbody><tr><td>Modelo<\/td><td>TZ-268 TZ-368<\/td><\/tr><tr><td>Fuerza<\/td><td>1,2 kw<\/td><\/tr><tr><td>Voltaje<\/td><td>220V<\/td><\/tr><tr><td>Capacidad<\/td><td>400-500kg\/h semilla (Alimentando aproximadamente 75 mazorcas de ma\u00edz por minuto)<\/td><\/tr><tr><td>Velocidad del transportador<\/td><td>&nbsp;V=15 m\/min<\/td><\/tr><tr><td>Tama\u00f1o de la m\u00e1quina<\/td><td>1150*500*1300mm<\/td><\/tr><\/tbody><\/table><figcaption class=\"wp-element-caption\">par\u00e1metros t\u00e9cnicos de la m\u00e1quina peladora de ma\u00edz dulce<\/figcaption><\/figure>    <p>Tambi\u00e9n proporcionamos un modelo de TZ-368, que tiene las mismas especificaciones que el TZ-268. Pero est\u00e1 equipado con un transportador para una velocidad de alimentaci\u00f3n m\u00e1s r\u00e1pida. Adem\u00e1s, toda la m\u00e1quina peladora de ma\u00edz fresco est\u00e1 hecha de SUS404. As\u00ed que si tienes altos est\u00e1ndares para tus productos, la m\u00e1quina trilladora de ma\u00edz baby Taizy puede satisfacer perfectamente tus necesidades.<\/p>    <h2 class=\"wp-block-heading\" id=\"h-advantages-of-fresh-corn-sheller-machine\">Ventajas de la m\u00e1quina desgranadora de ma\u00edz fresco.<\/h2>    <ol class=\"wp-block-list\"> <li>Esta m\u00e1quina desgranadora de ma\u00edz fresco se puede utilizar para una amplia gama de materias primas y puede trillar suavemente todo tipo de ma\u00edz dulce y pegajoso.<\/li>    <li>La cuchilla dentro de la m\u00e1quina trilladora de ma\u00edz dulce tiene alta dureza, buena resistencia al desgaste y un largo ciclo de afilado, habiendo pasado por varias etapas de investigaci\u00f3n y desarrollo para mejorar significativamente la eficiencia de producci\u00f3n.<\/li>    <li>El corte de granos de ma\u00edz es suave y seco, y la m\u00e1quina no da\u00f1a los granos de ma\u00edz ceroso, alta tasa de eliminaci\u00f3n de granos de ma\u00edz.<\/li>    <li>La profundidad de los granos de ma\u00edz fresco es ajustable, lo que permite satisfacer las diferentes necesidades de varios usuarios.<\/li> <\/ol>   <div class=\"wp-block-image\"> <figure class=\"aligncenter size-large\"><img loading=\"lazy\" decoding=\"async\" width=\"720\" height=\"540\" src=\"https:\/\/corn-machine.com\/wp-content\/uploads\/2022\/09\/Sweet-corn-threshing-machine.webp\" alt=\"Trilladora de ma\u00edz dulceTrilladora de ma\u00edz dulce\" class=\"wp-image-168\" title=\"\"><figcaption class=\"wp-element-caption\">Trilladora de ma\u00edz dulce<\/figcaption><\/figure> <\/div>   <h2 class=\"wp-block-heading\" id=\"h-application-of-fresh-corn-sheller-machine\">Aplicaci\u00f3n de la m\u00e1quina desgranadora de ma\u00edz fresco.<\/h2>    <p>Esta m\u00e1quina peladora de ma\u00edz dulce est\u00e1 dise\u00f1ada para el trabajo de pelado de ma\u00edz fresco, adecuada para varios tipos de ma\u00edz, incluyendo ma\u00edz dulce, ma\u00edz de fruta y ma\u00edz pegajoso. La peladora de ma\u00edz dulce puede separar f\u00e1cilmente las semillas de los tallos. Adem\u00e1s, tambi\u00e9n proporcionamos m\u00e1quinas peladoras para ma\u00edz seco y m\u00e1quinas peladoras multifuncionales a la venta. Son adecuadas para ma\u00edces que tienen un contenido de agua \u226414%.<\/p>    <figure class=\"wp-block-gallery has-nested-images columns-default is-cropped wp-block-gallery-2 is-layout-flex wp-block-gallery-is-layout-flex\"> <figure class=\"wp-block-image size-large\"><img loading=\"lazy\" decoding=\"async\" width=\"720\" height=\"540\" data-id=\"160\" src=\"https:\/\/corn-machine.com\/wp-content\/uploads\/2022\/09\/application-of-corn-threshing-machine.webp\" alt=\"aplicaci\u00f3n de la m\u00e1quina trilladora de ma\u00edz\" class=\"wp-image-160\" title=\"\"><figcaption class=\"wp-element-caption\">aplicaci\u00f3n de la trilladora de ma\u00edzaplicaci\u00f3n de la trilladora de ma\u00edz<\/figcaption><\/figure>    <figure class=\"wp-block-image size-large\"><img loading=\"lazy\" decoding=\"async\" width=\"720\" height=\"540\" data-id=\"162\" src=\"https:\/\/corn-machine.com\/wp-content\/uploads\/2022\/09\/effect-of-maize-thresher-machine.webp\" alt=\"efecto de la m\u00e1quina trilladora de ma\u00edz\" class=\"wp-image-162\" title=\"\"><figcaption class=\"wp-element-caption\">efecto de la m\u00e1quina desgranadora de ma\u00edz fresco<\/figcaption><\/figure> <\/figure>    <p>La m\u00e1quina desgranadora de ma\u00edz dulce es adecuada para la industria de procesamiento de alimentos ultracongelados, f\u00e1brica de enlatado de ma\u00edz, jugo de pulpa de ma\u00edz ultracongelado, f\u00e1brica de procesamiento de ma\u00edz, procesamiento de subproductos agr\u00edcolas y otras industrias.<\/p>    <p>Para la mayor\u00eda de los restaurantes, este tipo de m\u00e1quina peladora de ma\u00edz fresco tambi\u00e9n es un buen dispositivo para ayudarles a ahorrar mano de obra y tiempo. Adem\u00e1s, la mayor\u00eda de los gourmets piensan que los granos de ma\u00edz reci\u00e9n horneados saben mejor. Si tu restaurante busca ingredientes de alta calidad, esta es una buena elecci\u00f3n para ti. <\/p>    <p class=\"translation-block\">Tenemos un cliente que orden\u00f3 esta m\u00e1quina para su cocina central, y su ensalada de ma\u00edz tiene una alta demanda incluso ahora. Si quieres escuchar esta historia, haz clic aqu\u00ed: <a href=\"https:\/\/corn-machine.com\/es\/Info\/sweet-corn-sheller-ordered-by-restaurant-usa\/\">M\u00e1quinas peladoras de ma\u00edz dulce ordenadas por un restaurante de barbacoa en Orlando<\/a>.<\/p>    <figure class=\"wp-block-gallery has-nested-images columns-default is-cropped wp-block-gallery-3 is-layout-flex wp-block-gallery-is-layout-flex\"> <figure class=\"wp-block-image size-large\"><img loading=\"lazy\" decoding=\"async\" width=\"720\" height=\"540\" data-id=\"164\" src=\"https:\/\/corn-machine.com\/wp-content\/uploads\/2022\/09\/frozen-corn-kernels.webp\" alt=\"granos de ma\u00edz congelados\" class=\"wp-image-164\" title=\"\"><figcaption class=\"wp-element-caption\">granos de ma\u00edz congelados<\/figcaption><\/figure>    <figure class=\"wp-block-image size-large\"><img loading=\"lazy\" decoding=\"async\" width=\"720\" height=\"540\" data-id=\"161\" src=\"https:\/\/corn-machine.com\/wp-content\/uploads\/2022\/09\/canned-sweet-corn.webp\" alt=\"ma\u00edz dulce enlatado\" class=\"wp-image-161\" title=\"\"><figcaption class=\"wp-element-caption\">ma\u00edz dulce enlatado<\/figcaption><\/figure> <\/figure>    <h2 class=\"wp-block-heading\" id=\"h-advanced-structure-of-sweet-corn-thresher\">Estructura avanzada de la m\u00e1quina desgranadora de ma\u00edz dulce<\/h2>    <p>La desgranadora de ma\u00edz dulce se compone principalmente de una parte de alimentaci\u00f3n, un mecanismo de separaci\u00f3n de semillas y mazorcas, un mecanismo de exportaci\u00f3n de mazorcas, un puerto de descarga de granos de ma\u00edz y un sistema de control el\u00e9ctrico.<\/p>   <div class=\"wp-block-image\"> <figure class=\"aligncenter size-full\"><img loading=\"lazy\" decoding=\"async\" width=\"720\" height=\"540\" src=\"https:\/\/corn-machine.com\/wp-content\/uploads\/2022\/09\/structure-of-sweet-corn-sheller-machine.webp\" alt=\"Estructura de la m\u00e1quina desgranadora de ma\u00edz dulce.\" class=\"wp-image-167\" title=\"\"><figcaption class=\"wp-element-caption\">Estructura de la m\u00e1quina desgranadora de ma\u00edz fresco.<\/figcaption><\/figure> <\/div>   <ol class=\"wp-block-list\"> <li>La parte de alimentaci\u00f3n se introduce en el alimentador mediante un <strong>transportador de cadena de acero inoxidable<\/strong>, con la mazorca de ma\u00edz mirando hacia adelante. El transportador utiliza una cadena de acero inoxidable para transportar a una velocidad uniforme. El alimentador est\u00e1 compuesto por rodillos de goma de grado alimenticio, que son suaves y flexibles y no da\u00f1an la piel exterior del ma\u00edz.<\/li>    <li>La parte de separaci\u00f3n de semillas y mazorcas consta de<strong> cuchillas \u00fanicas y discos cortadores<\/strong>, que pueden cortar f\u00e1cilmente mazorcas de ma\u00edz de diferentes di\u00e1metros. La cuchilla gira a alta velocidad cuando trabaja, lo que est\u00e1 cerca del ma\u00edz, y puede manejar mazorcas de ma\u00edz dobladas. El cortador puede cortar axial y radialmente, lo que mejora en gran medida el rendimiento de los granos de ma\u00edz.<\/li> <\/ol>    <figure class=\"wp-block-gallery has-nested-images columns-default is-cropped wp-block-gallery-4 is-layout-flex wp-block-gallery-is-layout-flex\"> <figure class=\"wp-block-image size-large\"><img loading=\"lazy\" decoding=\"async\" width=\"720\" height=\"540\" data-id=\"166\" src=\"https:\/\/corn-machine.com\/wp-content\/uploads\/2022\/09\/Rubber-feed-wheels-.webp\" alt=\"Ruedas de alimentaci\u00f3n de goma\" class=\"wp-image-166\" title=\"\"><figcaption class=\"wp-element-caption\">Ruedas de alimentaci\u00f3n de goma<\/figcaption><\/figure>    <figure class=\"wp-block-image size-large\"><img loading=\"lazy\" decoding=\"async\" width=\"720\" height=\"540\" data-id=\"165\" src=\"https:\/\/corn-machine.com\/wp-content\/uploads\/2022\/09\/inner-blades-of-the-sweet-corn-sheller-machine.webp\" alt=\"Cuchillas internas de la m\u00e1quina desgranadora de ma\u00edz dulce.\" class=\"wp-image-165\" title=\"\"><figcaption class=\"wp-element-caption\">Cuchillas internas de la m\u00e1quina desgranadora de ma\u00edz dulce.<\/figcaption><\/figure> <\/figure>    <p>Este es el dise\u00f1o interior detallado de la placa de cuchilla. y la placa de cuchilla, que es la parte m\u00e1s importante de esta m\u00e1quina desgranadora de ma\u00edz fresco de acero inoxidable. La siguiente parte le mostrar\u00e1 c\u00f3mo mantener una m\u00e1quina de este tipo, y cuando enfrente algunos problemas mientras la utiliza, c\u00f3mo resolverlos.<\/p>    <figure class=\"wp-block-gallery has-nested-images columns-default is-cropped wp-block-gallery-5 is-layout-flex wp-block-gallery-is-layout-flex\"> <figure class=\"wp-block-image size-large\"><img loading=\"lazy\" decoding=\"async\" width=\"720\" height=\"540\" data-id=\"857\" src=\"https:\/\/corn-machine.com\/wp-content\/uploads\/2022\/09\/structure-of-blade.webp\" alt=\"estructura de la cuchilla de la m\u00e1quina desgranadora de ma\u00edz fresco\" class=\"wp-image-857\" title=\"\" srcset=\"https:\/\/corn-machine.com\/wp-content\/uploads\/2022\/09\/structure-of-blade.webp 720w, https:\/\/corn-machine.com\/wp-content\/uploads\/2022\/09\/structure-of-blade-300x225.webp 300w, https:\/\/corn-machine.com\/wp-content\/uploads\/2022\/09\/structure-of-blade-16x12.webp 16w\" sizes=\"auto, (max-width: 720px) 100vw, 720px\" \/><figcaption class=\"wp-element-caption\">estructura de la cuchilla<\/figcaption><\/figure>    <figure class=\"wp-block-image size-large\"><img loading=\"lazy\" decoding=\"async\" width=\"720\" height=\"540\" data-id=\"856\" src=\"https:\/\/corn-machine.com\/wp-content\/uploads\/2022\/09\/structure-of-blade-plate.webp\" alt=\"estructura de la placa de cuchilla de la m\u00e1quina peladora de ma\u00edz dulce\" class=\"wp-image-856\" title=\"\" srcset=\"https:\/\/corn-machine.com\/wp-content\/uploads\/2022\/09\/structure-of-blade-plate.webp 720w, https:\/\/corn-machine.com\/wp-content\/uploads\/2022\/09\/structure-of-blade-plate-300x225.webp 300w, https:\/\/corn-machine.com\/wp-content\/uploads\/2022\/09\/structure-of-blade-plate-16x12.webp 16w\" sizes=\"auto, (max-width: 720px) 100vw, 720px\" \/><figcaption class=\"wp-element-caption\">estructura de la placa de cuchilla<\/figcaption><\/figure> <\/figure>    <h2 class=\"wp-block-heading\" id=\"h-precaution-of-fresh-corn-sheller\">Precauciones para el uso de la m\u00e1quina peladora de ma\u00edz fresco<\/h2>    <ol class=\"wp-block-list\"> <li>Las mazorcas de ma\u00edz utilizadas para el desgranado deben ser retiradas de sus hojas y barbas exteriores antes de ser colocadas en la m\u00e1quina.<\/li>    <li>Despu\u00e9s de la operaci\u00f3n diaria, el personal debe limpiar inmediatamente la placa de cuchilla y las partes de alimentaci\u00f3n y descarga para evitar que el jugo de ma\u00edz se adhiera en exceso al bloque y reducir la eficiencia de corte.<\/li>    <li>Para un mejor efecto de pelado, el ma\u00edz debe ser preferiblemente intacto, y la parte superior del ma\u00edz debe ser retirada. Adem\u00e1s, la longitud del ma\u00edz dulce debe ser preferiblemente mayor de 8 cm.<\/li>    <li>El operador debe seguir el procedimiento de alimentaci\u00f3n correcto para permitir que el ma\u00edz se alimente uniformemente a la cadena de alimentaci\u00f3n. En caso de bloqueo persistente de la alimentaci\u00f3n, informe inmediatamente al personal de mantenimiento profesional.<\/li>    <li>No se deben colocar manos ni ning\u00fan objeto que no sea materia prima en la abertura de alimentaci\u00f3n. De lo contrario, las cuchillas de la trilladora de ma\u00edz fresco causar\u00e1n lesiones personales y la m\u00e1quina sufrir\u00e1 graves da\u00f1os.<\/li>    <li>Para garantizar la seguridad del personal y el funcionamiento de la m\u00e1quina desgranadora de ma\u00edz peque\u00f1a, solo el personal capacitado est\u00e1 autorizado para operar, ajustar y mantenerla.<\/li> <\/ol>    <h2 class=\"wp-block-heading\" id=\"h-faqs-of-corn-thresher-machine\">Preguntas frecuentes sobre la m\u00e1quina trilladora de ma\u00edz ceroso<\/h2>   <div id=\"rank-math-faq\" class=\"rank-math-block\"> <div class=\"rank-math-list\"> <div id=\"faq-question-1755068693566\" class=\"rank-math-list-item\"> <h3 class=\"rank-math-question\">\u00bfSe puede controlar la profundidad del corte del ma\u00edz?<\/h3> <div class=\"rank-math-answer\">  <p>S\u00ed, depende del variador de frecuencia, que siempre est\u00e1 configurado en 40Hz-60Hz. Y cuanto m\u00e1s r\u00e1pido sea la velocidad de la cuchilla, m\u00e1s profundo se cortan los granos de ma\u00edz.<\/p>  <\/div> <\/div> <div id=\"faq-question-1755068868137\" class=\"rank-math-list-item\"> <h3 class=\"rank-math-question\">\u00bfSe puede controlar la velocidad de la m\u00e1quina que procesa el ma\u00edz?<\/h3> <div class=\"rank-math-answer\">  <p>S\u00ed, la velocidad de giro de las cuchillas est\u00e1 controlada por el inversor, y la velocidad de la cinta transportadora es fija.<\/p>  <\/div> <\/div> <div id=\"faq-question-1755069077497\" class=\"rank-math-list-item\"> <h3 class=\"rank-math-question\">\u00bfQu\u00e9 debo hacer si el proceso de alimentaci\u00f3n est\u00e1 bloqueado?<\/h3> <div class=\"rank-math-answer\">  <p>Si la m\u00e1quina est\u00e1 bloqueada o atascada con ma\u00edz, primero debe detenerla y luego presionar el bot\u00f3n de retroceso para dejar que el ma\u00edz salga en reversa.<\/p>  <\/div> <\/div> <div id=\"faq-question-1755069228426\" class=\"rank-math-list-item\"> <h3 class=\"rank-math-question\">\u00bfCu\u00e1l es el precio del pelador de ma\u00edz dulce?<\/h3> <div class=\"rank-math-answer\">  <p>El coste de esta m\u00e1quina es de unos miles de d\u00f3lares, y se a\u00f1adir\u00e1 el precio de env\u00edo, embalaje y otros dispositivos personalizados.<\/p>  <\/div> <\/div> <\/div> <\/div>   <h2 class=\"wp-block-heading\"><strong>\u00bfCu\u00e1nto costar\u00e1 si quieres comprar una m\u00e1quina peladora de ma\u00edz fresco?<\/strong><\/h2>    <p>El precio total ser\u00e1 de un par de miles de d\u00f3lares, que incluye el costo de env\u00edo, el precio de la m\u00e1quina en s\u00ed y algunas piezas de desgaste. Pero ofrecemos env\u00edo mundial e incluso transporte puerta a puerta.<\/p>    <p>Nuestro voltaje puede personalizarse seg\u00fan las distintas regiones, y el coste es inferior a $200. Normalmente, en un plazo de 7 d\u00edas laborables tras recibir el pago, nuestra f\u00e1brica comenzar\u00e1 la producci\u00f3n de la m\u00e1quina. Pero si no tiene muchas necesidades especiales para la m\u00e1quina, disponemos de unidades en stock para emergencias.<\/p>    <p>Si desea obtener consultas gratuitas sobre los precios exactos de este tipo de m\u00e1quina desgranadora de ma\u00edz fresco, \u00a1no dude en contactarnos!<\/p>","protected":false},"excerpt":{"rendered":"<p>Sin da\u00f1ar los granos de ma\u00edz, esta m\u00e1quina descascarilladora de ma\u00edz fresco asistir\u00e1 a su cadena de procesamiento de alimentos de ma\u00edz.<\/p>","protected":false},"author":1,"featured_media":56,"parent":0,"template":"","tags":[20],"product-type":[42],"class_list":["post-54","product","type-product","status-publish","has-post-thumbnail","hentry","tag-corn-thresher","product-type-maize-sheller-machine"],"_links":{"self":[{"href":"https:\/\/corn-machine.com\/es\/wp-json\/wp\/v2\/product\/54","targetHints":{"allow":["GET"]}}],"collection":[{"href":"https:\/\/corn-machine.com\/es\/wp-json\/wp\/v2\/product"}],"about":[{"href":"https:\/\/corn-machine.com\/es\/wp-json\/wp\/v2\/types\/product"}],"author":[{"embeddable":true,"href":"https:\/\/corn-machine.com\/es\/wp-json\/wp\/v2\/users\/1"}],"wp:featuredmedia":[{"embeddable":true,"href":"https:\/\/corn-machine.com\/es\/wp-json\/wp\/v2\/media\/56"}],"wp:attachment":[{"href":"https:\/\/corn-machine.com\/es\/wp-json\/wp\/v2\/media?parent=54"}],"wp:term":[{"taxonomy":"post_tag","embeddable":true,"href":"https:\/\/corn-machine.com\/es\/wp-json\/wp\/v2\/tags?post=54"},{"taxonomy":"product-type","embeddable":true,"href":"https:\/\/corn-machine.com\/es\/wp-json\/wp\/v2\/product-type?post=54"}],"curies":[{"name":"wp","href":"https:\/\/api.w.org\/{rel}","templated":true}]}}