{"id":567,"date":"2025-07-07T14:49:18","date_gmt":"2025-07-07T06:49:18","guid":{"rendered":"https:\/\/corn-machine.com\/?post_type=product&#038;p=567"},"modified":"2025-07-17T11:41:51","modified_gmt":"2025-07-17T03:41:51","slug":"stainless-steel-flour-mill-machine","status":"publish","type":"product","link":"https:\/\/corn-machine.com\/es\/product\/stainless-steel-flour-mill-machine\/","title":{"rendered":"M\u00e1quina de molino de harina de acero inoxidable para procesamiento de alimentos"},"content":{"rendered":"<p>La m\u00e1quina de molino de harina de acero inoxidable utiliza acero inoxidable de grado alimenticio como material para procesar granos comestibles, especias y hierbas en polvo de diferentes finuras. Est\u00e1 equipada con diferentes tipos de mallas para decidir la malla deseada. (Se puede elegir entre 20 y 120 mallas)<\/p>    <p>Con un sistema de control de operaci\u00f3n sencillo, el molino el\u00e9ctrico para alimentos funciona sin problemas y tiene un bajo nivel de ruido. Pero esta caracter\u00edstica no afecta su capacidad de producci\u00f3n, que puede variar de 10 kg\/h a 1500 kg\/h.<\/p>    <figure class=\"wp-block-embed is-type-video is-provider-youtube wp-block-embed-youtube wp-embed-aspect-16-9 wp-has-aspect-ratio\"><div class=\"wp-block-embed__wrapper\"> <iframe loading=\"lazy\" title=\"M\u00e1quina de molino de harina de acero inoxidable apta para alimentos, muele el polvo de manera fina y efectiva #molinodegranos\" width=\"500\" height=\"281\" src=\"https:\/\/www.youtube.com\/embed\/j6OkycYfHPk?feature=oembed\" frameborder=\"0\" allow=\"accelerometer; autoplay; clipboard-write; encrypted-media; gyroscope; picture-in-picture; web-share\" referrerpolicy=\"strict-origin-when-cross-origin\" allowfullscreen><\/iframe> <\/div><figcaption class=\"wp-element-caption\">los detalles del proceso de molienda<\/figcaption><\/figure>    <h2 class=\"wp-block-heading\"><strong>Destacados de la m\u00e1quina de molino de harina de acero inoxidable<\/strong><\/h2>    <ul class=\"wp-block-list\"> <li>Este molino de grano est\u00e1 dise\u00f1ado con acero inoxidable 304, por lo que puede alcanzar est\u00e1ndares de calidad alimentaria para garantizar la calidad de los alimentos procesados.<\/li>    <li>Tiene una amplia gama de aplicaciones. Por ejemplo, puede moler granos, frijoles e incluso especias. La finura se puede ajustar para satisfacer diferentes necesidades en el procesamiento de alimentos.<\/li>    <li>La m\u00e1quina de molino de harina de acero inoxidable es f\u00e1cil de limpiar y mantener, y su superficie lisa inhibe el crecimiento de bacterias.<\/li> <\/ul>   <div class=\"wp-block-image\"> <figure class=\"aligncenter size-full\"><img loading=\"lazy\" decoding=\"async\" width=\"720\" height=\"540\" src=\"https:\/\/corn-machine.com\/wp-content\/uploads\/2025\/07\/different-types-of-stainless-steel-food-grinder-machine.webp\" alt=\"diferentes tipos de molino triturador de alimentos de acero inoxidable para procesamiento de alimentos\" class=\"wp-image-579\" title=\"\" srcset=\"https:\/\/corn-machine.com\/wp-content\/uploads\/2025\/07\/different-types-of-stainless-steel-food-grinder-machine.webp 720w, https:\/\/corn-machine.com\/wp-content\/uploads\/2025\/07\/different-types-of-stainless-steel-food-grinder-machine-300x225.webp 300w, https:\/\/corn-machine.com\/wp-content\/uploads\/2025\/07\/different-types-of-stainless-steel-food-grinder-machine-16x12.webp 16w\" sizes=\"auto, (max-width: 720px) 100vw, 720px\" \/><figcaption class=\"wp-element-caption\">diferentes tipos de molinos de alimentos de acero inoxidable<\/figcaption><\/figure> <\/div>   <h2 class=\"wp-block-heading\"><strong>\u00bfQu\u00e9 materiales se pueden moler?<\/strong><\/h2>    <p>Esta m\u00e1quina de molino de harina de acero inoxidable tiene una amplia gama de opciones para el procesamiento de materiales. Y puede cambiar el tamiz para controlar el tama\u00f1o de la harina de 20 a 120 mallas.<\/p>    <p class=\"translation-block\">Puede moler la mayor\u00eda de los granos, como ma\u00edz, sorgo, cebada, <a href=\"https:\/\/en.wikipedia.org\/wiki\/Buckwheat\" target=\"_blank\" rel=\"noopener\">mijo<\/a>, trigo, avena, y as\u00ed sucesivamente. Los productos se pueden vender directamente a los mercados de producci\u00f3n o supermercados a buen precio. <\/p>    <p>Las especias tambi\u00e9n se pueden moler en polvo fino utilizando este molino de grano, como el polvo de chile que es popular en algunas \u00e1reas para cocinar. <\/p>    <p>El procesamiento de granos de caf\u00e9 a gran escala tambi\u00e9n es una oportunidad de negocio viable para aquellos que buscan producir caf\u00e9 en polvo de alta calidad para la venta. Esta m\u00e1quina puede ayudarte a lograr tus planes.<\/p>   <div class=\"wp-block-image\"> <figure class=\"aligncenter size-full\"><img loading=\"lazy\" decoding=\"async\" width=\"720\" height=\"540\" src=\"https:\/\/corn-machine.com\/wp-content\/uploads\/2025\/07\/raw-materials-and-the-final-products.webp\" alt=\"materias primas y los productos finales procesados\" class=\"wp-image-584\" title=\"\" srcset=\"https:\/\/corn-machine.com\/wp-content\/uploads\/2025\/07\/raw-materials-and-the-final-products.webp 720w, https:\/\/corn-machine.com\/wp-content\/uploads\/2025\/07\/raw-materials-and-the-final-products-300x225.webp 300w, https:\/\/corn-machine.com\/wp-content\/uploads\/2025\/07\/raw-materials-and-the-final-products-16x12.webp 16w\" sizes=\"auto, (max-width: 720px) 100vw, 720px\" \/><figcaption class=\"wp-element-caption\">materias primas y los productos finales<\/figcaption><\/figure> <\/div>   <h2 class=\"wp-block-heading\"><strong>Estructura del molino de alimentos<\/strong><\/h2>    <p>Hay 6 partes de la estructura externa de la m\u00e1quina de molino de harina de acero inoxidable: la entrada, el ajuste de velocidad, la tuerca suelta, la cavidad de trituraci\u00f3n, el bot\u00f3n de interruptor y la salida.<\/p>   <div class=\"wp-block-image\"> <figure class=\"aligncenter size-full\"><img loading=\"lazy\" decoding=\"async\" width=\"720\" height=\"540\" src=\"https:\/\/corn-machine.com\/wp-content\/uploads\/2025\/07\/the-structure-of-stainless-steel-milling-machine.webp\" alt=\"la estructura detallada de la m\u00e1quina de molienda de acero inoxidable\" class=\"wp-image-578\" title=\"\" srcset=\"https:\/\/corn-machine.com\/wp-content\/uploads\/2025\/07\/the-structure-of-stainless-steel-milling-machine.webp 720w, https:\/\/corn-machine.com\/wp-content\/uploads\/2025\/07\/the-structure-of-stainless-steel-milling-machine-300x225.webp 300w, https:\/\/corn-machine.com\/wp-content\/uploads\/2025\/07\/the-structure-of-stainless-steel-milling-machine-16x12.webp 16w\" sizes=\"auto, (max-width: 720px) 100vw, 720px\" \/><figcaption class=\"wp-element-caption\">la estructura de la m\u00e1quina de fresado de acero inoxidable<\/figcaption><\/figure> <\/div>   <h2 class=\"wp-block-heading\"><strong>Diferentes tipos de estructura interna<\/strong><\/h2>    <p>Los diferentes tipos tienen casi la misma estructura, pero hay cuatro tipos de estructuras internas como se indica a continuaci\u00f3n. <\/p>    <p>Dise\u00f1amos tipos de cuchilla, tipo de martillo cruzado, tipo de pi\u00f1\u00f3n y tipo turbo para diferentes necesidades de molienda. Todos ellos pueden procesar la mayor\u00eda de los mismos materiales, por lo que ofrecemos opciones para personas con requisitos especiales.<\/p>    <figure class=\"wp-block-gallery has-nested-images columns-2 is-cropped wp-block-gallery-2 is-layout-flex wp-block-gallery-is-layout-flex\"> <figure class=\"wp-block-image size-large\"><img loading=\"lazy\" decoding=\"async\" width=\"720\" height=\"540\" data-id=\"570\" src=\"https:\/\/corn-machine.com\/wp-content\/uploads\/2025\/07\/blade-type.webp\" alt=\"tipo de cuchilla de m\u00e1quina de molino de harina de acero inoxidable\" class=\"wp-image-570\" title=\"\" srcset=\"https:\/\/corn-machine.com\/wp-content\/uploads\/2025\/07\/blade-type.webp 720w, https:\/\/corn-machine.com\/wp-content\/uploads\/2025\/07\/blade-type-300x225.webp 300w, https:\/\/corn-machine.com\/wp-content\/uploads\/2025\/07\/blade-type-16x12.webp 16w\" sizes=\"auto, (max-width: 720px) 100vw, 720px\" \/><figcaption class=\"wp-element-caption\">tipo de cuchilla<\/figcaption><\/figure>    <figure class=\"wp-block-image size-large\"><img loading=\"lazy\" decoding=\"async\" width=\"720\" height=\"540\" data-id=\"571\" src=\"https:\/\/corn-machine.com\/wp-content\/uploads\/2025\/07\/cross-hammer-type.webp\" alt=\"tipo de molino de harina de acero inoxidable de martillo cruzado\" class=\"wp-image-571\" title=\"\" srcset=\"https:\/\/corn-machine.com\/wp-content\/uploads\/2025\/07\/cross-hammer-type.webp 720w, https:\/\/corn-machine.com\/wp-content\/uploads\/2025\/07\/cross-hammer-type-300x225.webp 300w, https:\/\/corn-machine.com\/wp-content\/uploads\/2025\/07\/cross-hammer-type-16x12.webp 16w\" sizes=\"auto, (max-width: 720px) 100vw, 720px\" \/><figcaption class=\"wp-element-caption\">tipo de martillo cruzado<\/figcaption><\/figure>    <figure class=\"wp-block-image size-large\"><img loading=\"lazy\" decoding=\"async\" width=\"720\" height=\"540\" data-id=\"572\" src=\"https:\/\/corn-machine.com\/wp-content\/uploads\/2025\/07\/sprocket-type.webp\" alt=\"engranaje tipo de m\u00e1quina de molino de harina de acero inoxidable\" class=\"wp-image-572\" title=\"\" srcset=\"https:\/\/corn-machine.com\/wp-content\/uploads\/2025\/07\/sprocket-type.webp 720w, https:\/\/corn-machine.com\/wp-content\/uploads\/2025\/07\/sprocket-type-300x225.webp 300w, https:\/\/corn-machine.com\/wp-content\/uploads\/2025\/07\/sprocket-type-16x12.webp 16w\" sizes=\"auto, (max-width: 720px) 100vw, 720px\" \/><figcaption class=\"wp-element-caption\">tipo de pi\u00f1\u00f3n<\/figcaption><\/figure>    <figure class=\"wp-block-image size-large\"><img loading=\"lazy\" decoding=\"async\" width=\"720\" height=\"540\" data-id=\"573\" src=\"https:\/\/corn-machine.com\/wp-content\/uploads\/2025\/07\/turbo-type.webp\" alt=\"tipo turbo de m\u00e1quina de molino de harina de acero inoxidable\" class=\"wp-image-573\" title=\"\" srcset=\"https:\/\/corn-machine.com\/wp-content\/uploads\/2025\/07\/turbo-type.webp 720w, https:\/\/corn-machine.com\/wp-content\/uploads\/2025\/07\/turbo-type-300x225.webp 300w, https:\/\/corn-machine.com\/wp-content\/uploads\/2025\/07\/turbo-type-16x12.webp 16w\" sizes=\"auto, (max-width: 720px) 100vw, 720px\" \/><figcaption class=\"wp-element-caption\">tipo turbo<\/figcaption><\/figure> <\/figure>    <p>Como una m\u00e1quina de harina de acero inoxidable muy solicitada, Taizy contin\u00faa mejor\u00e1ndola para una operaci\u00f3n m\u00e1s f\u00e1cil y altos est\u00e1ndares de producci\u00f3n de productos de alta calidad. Si quieres conocer m\u00e1s detalles o est\u00e1s interesado en nuestras otras m\u00e1quinas, no dudes en ponerte en contacto con nosotros.<\/p>    <h2 class=\"wp-block-heading\"><strong>Molino de Grano<\/strong>s<strong> con Diferentes Modelos y Sus Par\u00e1metros<\/strong><\/h2>    <figure class=\"wp-block-table\"><table><tbody><tr><td><strong>Modelo<\/strong><\/td><td class=\"has-text-align-center\" data-align=\"center\">15B<\/td><td class=\"has-text-align-center\" data-align=\"center\">20B<\/td><td class=\"has-text-align-center\" data-align=\"center\">30B<\/td><td class=\"has-text-align-center\" data-align=\"center\">40B<\/td><td class=\"has-text-align-center\" data-align=\"center\">50B<\/td><\/tr><tr><td><strong>Capacidad (kg\/h)<\/strong><\/td><td class=\"has-text-align-center\" data-align=\"center\">10-60<\/td><td class=\"has-text-align-center\" data-align=\"center\">60-150<\/td><td class=\"has-text-align-center\" data-align=\"center\">100-300<\/td><td class=\"has-text-align-center\" data-align=\"center\">160-800<\/td><td class=\"has-text-align-center\" data-align=\"center\">500-1500<\/td><\/tr><tr><td><strong>Tama\u00f1o del material (mm)<\/strong><\/td><td class=\"has-text-align-center\" data-align=\"center\">&lt;8<\/td><td class=\"has-text-align-center\" data-align=\"center\">&lt;8<\/td><td class=\"has-text-align-center\" data-align=\"center\">&lt;10<\/td><td class=\"has-text-align-center\" data-align=\"center\">&lt;12<\/td><td class=\"has-text-align-center\" data-align=\"center\">&lt;14<\/td><\/tr><tr><td><strong>Finura (malla)<\/strong><\/td><td class=\"has-text-align-center\" data-align=\"center\">20-120<\/td><td class=\"has-text-align-center\" data-align=\"center\">20-120<\/td><td class=\"has-text-align-center\" data-align=\"center\">20-120<\/td><td class=\"has-text-align-center\" data-align=\"center\">20-120<\/td><td class=\"has-text-align-center\" data-align=\"center\">20-120<\/td><\/tr><tr><td><strong>Potencia (kw)<\/strong><\/td><td class=\"has-text-align-center\" data-align=\"center\">2.2<\/td><td class=\"has-text-align-center\" data-align=\"center\">4<\/td><td class=\"has-text-align-center\" data-align=\"center\">7.5<\/td><td class=\"has-text-align-center\" data-align=\"center\">11<\/td><td class=\"has-text-align-center\" data-align=\"center\">18.5<\/td><\/tr><tr><td><strong>Velocidad de rotaci\u00f3n (r\/min)<\/strong><\/td><td class=\"has-text-align-center\" data-align=\"center\">6000<\/td><td class=\"has-text-align-center\" data-align=\"center\">4500<\/td><td class=\"has-text-align-center\" data-align=\"center\">3800<\/td><td class=\"has-text-align-center\" data-align=\"center\">3400<\/td><td class=\"has-text-align-center\" data-align=\"center\">3200<\/td><\/tr><tr><td><strong>Potencia (kW)<\/strong><\/td><td class=\"has-text-align-center\" data-align=\"center\">550*6000*1000<\/td><td class=\"has-text-align-center\" data-align=\"center\">600*550*1250<\/td><td class=\"has-text-align-center\" data-align=\"center\">700*600*1450<\/td><td class=\"has-text-align-center\" data-align=\"center\">900*800*1550<\/td><td class=\"has-text-align-center\" data-align=\"center\">1000*900*1680<\/td><\/tr><tr><td><strong>Peso (kg)<\/strong><\/td><td class=\"has-text-align-center\" data-align=\"center\">150<\/td><td class=\"has-text-align-center\" data-align=\"center\">280<\/td><td class=\"has-text-align-center\" data-align=\"center\">340<\/td><td class=\"has-text-align-center\" data-align=\"center\">450<\/td><td class=\"has-text-align-center\" data-align=\"center\">530<\/td><\/tr><\/tbody><\/table><figcaption class=\"wp-element-caption\">par\u00e1metros de m\u00e1quinas de molino de harina de acero inoxidable<\/figcaption><\/figure>    <h2 class=\"wp-block-heading\"><strong>\u00bfCu\u00e1l es la diferencia entre una m\u00e1quina de molino de harina de acero inoxidable y otros tipos comunes?<\/strong><\/h2>    <ul class=\"wp-block-list\"> <li>La m\u00e1quina de molino de harina de acero inoxidable tiene una mayor resistencia a la corrosi\u00f3n que otras m\u00e1quinas con la misma funci\u00f3n. Por lo tanto, es m\u00e1s f\u00e1cil de limpiar y no hay que preocuparse por el \u00f3xido.<\/li>    <li>Material de acero inoxidable con una superficie m\u00e1s suave, por lo que no alberga f\u00e1cilmente bacterias al procesar productos.<\/li>    <li>El material de acero inoxidable tiene mejor dureza y tenacidad, por lo que la m\u00e1quina de molino de alimentos tiene una vida m\u00e1s larga y duradera.<\/li> <\/ul>    <figure class=\"wp-block-gallery has-nested-images columns-default is-cropped wp-block-gallery-3 is-layout-flex wp-block-gallery-is-layout-flex\"> <figure class=\"wp-block-image size-full\"><img loading=\"lazy\" decoding=\"async\" width=\"720\" height=\"540\" data-id=\"582\" src=\"https:\/\/corn-machine.com\/wp-content\/uploads\/2025\/07\/the-normal-style-of-stainless-steel-flour-mill-machine.webp\" alt=\"el estilo normal de m\u00e1quina de molino de harina de acero inoxidable para moler materiales alimentarios\" class=\"wp-image-582\" title=\"\" srcset=\"https:\/\/corn-machine.com\/wp-content\/uploads\/2025\/07\/the-normal-style-of-stainless-steel-flour-mill-machine.webp 720w, https:\/\/corn-machine.com\/wp-content\/uploads\/2025\/07\/the-normal-style-of-stainless-steel-flour-mill-machine-300x225.webp 300w, https:\/\/corn-machine.com\/wp-content\/uploads\/2025\/07\/the-normal-style-of-stainless-steel-flour-mill-machine-16x12.webp 16w\" sizes=\"auto, (max-width: 720px) 100vw, 720px\" \/><figcaption class=\"wp-element-caption\">el estilo normal de la m\u00e1quina de molino de harina de acero inoxidable<\/figcaption><\/figure>    <figure class=\"wp-block-image size-full\"><img loading=\"lazy\" decoding=\"async\" width=\"720\" height=\"540\" data-id=\"583\" src=\"https:\/\/corn-machine.com\/wp-content\/uploads\/2025\/07\/the-stainless-steel-style-of-stainless-steel-flour-mill.webp\" alt=\"el estilo de acero inoxidable de molino de harina de acero inoxidable para procesar alimentos.\" class=\"wp-image-583\" title=\"\" srcset=\"https:\/\/corn-machine.com\/wp-content\/uploads\/2025\/07\/the-stainless-steel-style-of-stainless-steel-flour-mill.webp 720w, https:\/\/corn-machine.com\/wp-content\/uploads\/2025\/07\/the-stainless-steel-style-of-stainless-steel-flour-mill-300x225.webp 300w, https:\/\/corn-machine.com\/wp-content\/uploads\/2025\/07\/the-stainless-steel-style-of-stainless-steel-flour-mill-16x12.webp 16w\" sizes=\"auto, (max-width: 720px) 100vw, 720px\" \/><figcaption class=\"wp-element-caption\">el estilo de acero inoxidable de molino de harina de acero inoxidable<\/figcaption><\/figure> <\/figure>    <p class=\"translation-block\">El molino de granos de acero inoxidable es m\u00e1s adecuado para moler granos, especias y otros productos aptos. La m\u00e1quina de molino normal puede procesar productos m\u00e1s grandes o forraje para venta. Tenemos <a href=\"https:\/\/corn-machine.com\/es\/product\/small-maize-grinding-machine\/\">m\u00e1quinas de molino de disco<\/a>, <a href=\"https:\/\/corn-machine.com\/es\/product\/hammer-mill-grinder-for-corn\/\">moliendas de martillo<\/a>, y otros tipos de maquinaria agr\u00edcola a la venta. Haz clic y obt\u00e9n m\u00e1s detalles.<\/p>","protected":false},"excerpt":{"rendered":"<p>Los molinos de harina de acero inoxidable producen productos en polvo de grado alimenticio. Instrumentos de alta precisi\u00f3n permiten la producci\u00f3n de part\u00edculas de 20 a 120 mallas con capacidades que var\u00edan de 10 kg\/h a 1500 kg\/h.<\/p>","protected":false},"author":1,"featured_media":569,"parent":0,"template":"","tags":[32],"product-type":[43],"class_list":["post-567","product","type-product","status-publish","has-post-thumbnail","hentry","tag-corn-flour","product-type-maize-grinding-mill-machine"],"_links":{"self":[{"href":"https:\/\/corn-machine.com\/es\/wp-json\/wp\/v2\/product\/567","targetHints":{"allow":["GET"]}}],"collection":[{"href":"https:\/\/corn-machine.com\/es\/wp-json\/wp\/v2\/product"}],"about":[{"href":"https:\/\/corn-machine.com\/es\/wp-json\/wp\/v2\/types\/product"}],"author":[{"embeddable":true,"href":"https:\/\/corn-machine.com\/es\/wp-json\/wp\/v2\/users\/1"}],"wp:featuredmedia":[{"embeddable":true,"href":"https:\/\/corn-machine.com\/es\/wp-json\/wp\/v2\/media\/569"}],"wp:attachment":[{"href":"https:\/\/corn-machine.com\/es\/wp-json\/wp\/v2\/media?parent=567"}],"wp:term":[{"taxonomy":"post_tag","embeddable":true,"href":"https:\/\/corn-machine.com\/es\/wp-json\/wp\/v2\/tags?post=567"},{"taxonomy":"product-type","embeddable":true,"href":"https:\/\/corn-machine.com\/es\/wp-json\/wp\/v2\/product-type?post=567"}],"curies":[{"name":"wp","href":"https:\/\/api.w.org\/{rel}","templated":true}]}}