{"id":57,"date":"2022-09-06T07:17:43","date_gmt":"2022-09-05T23:17:43","guid":{"rendered":"https:\/\/corn-machine.com\/?post_type=product&#038;p=57"},"modified":"2025-07-23T18:28:54","modified_gmt":"2025-07-23T10:28:54","slug":"automatic-corn-sheller","status":"publish","type":"product","link":"https:\/\/corn-machine.com\/es\/product\/desgranadora-de-maiz-automatica\/","title":{"rendered":"Desgranadora autom\u00e1tica de ma\u00edz | M\u00e1quina trilladora de ma\u00edz"},"content":{"rendered":"<p class=\"translation-block\">La m\u00e1quina descascaradora autom\u00e1tica de ma\u00edz est\u00e1 dise\u00f1ada para ma\u00edz secado al sol y es adecuada para plantas de procesamiento de granos y agricultores de todos los tama\u00f1os. La m\u00e1quina descascaradora de ma\u00edz puede trillar r\u00e1pidamente la mazorca de ma\u00edz seca, y los granos secos se pueden convertir en harina de ma\u00edz, s\u00e9mola o venderse directamente. Adem\u00e1s, si sus materias primas son ma\u00edz dulce fresco, tambi\u00e9n tenemos<a href=\"https:\/\/corn-machine.com\/es\/product\/fresh-corn-sheller-machine\/\"> una trilladora de ma\u00edz fresco <\/a>a la venta. La trilladora de ma\u00edz puede ser alimentada por un motor di\u00e9sel o el\u00e9ctrico seg\u00fan las demandas de los clientes. Cont\u00e1ctenos ahora y d\u00edganos lo que necesita.<\/p>   <div class=\"wp-block-image\"> <figure class=\"aligncenter size-full\"><img loading=\"lazy\" decoding=\"async\" width=\"720\" height=\"540\" src=\"https:\/\/corn-machine.com\/wp-content\/uploads\/2022\/09\/maize-shelling-machine.webp\" alt=\"maquina descascaradora de maiz\" class=\"wp-image-173\" title=\"\"><figcaption class=\"wp-element-caption\">maquina descascaradora de maiz<\/figcaption><\/figure> <\/div>  <div class=\"wp-block-image\"> <figure class=\"aligncenter size-full\"><img loading=\"lazy\" decoding=\"async\" width=\"720\" height=\"540\" src=\"https:\/\/corn-machine.com\/wp-content\/uploads\/2022\/09\/automatic-corn-sheller-machine-.webp\" alt=\"m\u00e1quina desgranadora autom\u00e1tica de ma\u00edz\" class=\"wp-image-171\" title=\"\"><figcaption class=\"wp-element-caption\">m\u00e1quina desgranadora autom\u00e1tica de ma\u00edz<\/figcaption><\/figure> <\/div>   <h2 class=\"wp-block-heading\" id=\"h-introduction-of-maize-shelling-machine\">Introducci\u00f3n de la m\u00e1quina descascaradora de ma\u00edz.<\/h2>    <p>La m\u00e1quina trilladora de ma\u00edz se compone principalmente de una tolva de alimentaci\u00f3n, un dispositivo de trilla interno, un elevador, un ventilador, un sistema de separaci\u00f3n de aire como un absorbente de paja, un tamiz de limpieza vibratorio, un marco, un sistema de transmisi\u00f3n, etc. La cinta transportadora env\u00eda el ma\u00edz al dispositivo de trilla y, cuando finaliza la trilla, el ventilador expulsa las impurezas desde el puerto de descarga de polvo. Luego, los granos de ma\u00edz se descargan por el puerto de descarga. Luego de la trilla, el ma\u00edz queda de alta calidad y libre de impurezas.<\/p>    <figure class=\"wp-block-gallery has-nested-images columns-default is-cropped wp-block-gallery-2 is-layout-flex wp-block-gallery-is-layout-flex\"> <figure class=\"wp-block-image size-large\"><img loading=\"lazy\" decoding=\"async\" width=\"720\" height=\"540\" data-id=\"174\" src=\"https:\/\/corn-machine.com\/wp-content\/uploads\/2022\/09\/the-threshed-corn-cob-is-clean.webp\" alt=\"la mazorca de ma\u00edz trillada est\u00e1 limpia\" class=\"wp-image-174\" title=\"\"><figcaption class=\"wp-element-caption\">la mazorca de ma\u00edz trillada est\u00e1 limpia<\/figcaption><\/figure>    <figure class=\"wp-block-image size-large\"><img loading=\"lazy\" decoding=\"async\" width=\"720\" height=\"540\" data-id=\"172\" src=\"https:\/\/corn-machine.com\/wp-content\/uploads\/2022\/09\/final-product-of-automatic-corn-sheller-machine-.webp\" alt=\"Producto final de la m\u00e1quina desgranadora autom\u00e1tica de ma\u00edz.\" class=\"wp-image-172\" title=\"\"><figcaption class=\"wp-element-caption\">Producto final de la m\u00e1quina desgranadora autom\u00e1tica de ma\u00edz.<\/figcaption><\/figure> <\/figure>    <h2 class=\"wp-block-heading\">Video de trabajo de desgranadora autom\u00e1tica de ma\u00edz.<\/h2>    <figure class=\"wp-block-embed is-type-video is-provider-youtube wp-block-embed-youtube wp-embed-aspect-16-9 wp-has-aspect-ratio\"><div class=\"wp-block-embed__wrapper\"> <iframe loading=\"lazy\" title=\"\ud83c\udf3d\ud83d\ude9c Potente m\u00e1quina desgranadora de ma\u00edz con cinta transportadora y grandes ruedas \u2013 Demostraci\u00f3n de trilla de alta eficiencia para ti!\" width=\"500\" height=\"281\" src=\"https:\/\/www.youtube.com\/embed\/meFYy3_EJbU?feature=oembed\" frameborder=\"0\" allow=\"accelerometer; autoplay; clipboard-write; encrypted-media; gyroscope; picture-in-picture; web-share\" referrerpolicy=\"strict-origin-when-cross-origin\" allowfullscreen><\/iframe> <\/div><figcaption class=\"wp-element-caption\">proceso de trabajo de la desgranadora de ma\u00edz autom\u00e1tica<\/figcaption><\/figure>    <h2 class=\"wp-block-heading\" id=\"h-parameters-of-corn-threshing-machine\">Par\u00e1metros de la trilladora de ma\u00edz.<\/h2>    <figure class=\"wp-block-table\"><table><tbody><tr><td>Modelo<\/td><td>TY-80A<\/td><td>TY-80B<\/td><td>TY-80C<\/td><td>TY-80D<\/td><\/tr><tr><td>Fuerza<\/td><td>Motor di\u00e9sel de 15HP o motor de 7,5 KW<\/td><td>Motor di\u00e9sel de 15HP o motor de 7,5 KW<\/td><td>Motor di\u00e9sel de 15HP o motor de 7,5 KW<\/td><td>Motor di\u00e9sel de 15HP o motor de 7,5 KW<\/td><\/tr><tr><td>Capacidad<\/td><td>4t\/h (Semillas de ma\u00edz)<\/td><td>5t\/h (Semillas de ma\u00edz)<\/td><td>5t\/h (Semillas de ma\u00edz)<\/td><td>6t\/h (Semillas de ma\u00edz)<\/td><\/tr><tr><td>Tasa de trilla<\/td><td>\u226599,5%<\/td><td>&nbsp;\u226599,5%<\/td><td>\u226599,5%<\/td><td>\u226599,5%<\/td><\/tr><tr><td>Tasa de p\u00e9rdida<\/td><td>\u22642.0%<\/td><td>\u22642.0%<\/td><td>\u22642.0%<\/td><td>\u22642.0%<\/td><\/tr><tr><td>Tasa de rotura<\/td><td>\u22641.5%<\/td><td>\u22641.5%<\/td><td>\u22641.5%<\/td><td>\u22641.5%<\/td><\/tr><tr><td>Tasa de impureza<\/td><td>\u22641.0%<\/td><td>\u22641.0%<\/td><td>\u22641.0%<\/td><td>\u22641.0%<\/td><\/tr><tr><td>Peso<\/td><td>200 kilos<\/td><td>230 kilos<\/td><td>320 kilos<\/td><td>350 kilos<\/td><\/tr><tr><td>Tama\u00f1o<\/td><td>2360*1360*1480\u00a0mil\u00edmetro<\/td><td>2360*1360*2000\u00a0mil\u00edmetro<\/td><td>3860*1360*1480\u00a0mil\u00edmetro<\/td><td>3860*1360*2480 mil\u00edmetros<\/td><\/tr><\/tbody><\/table><figcaption class=\"wp-element-caption\"><br><strong>par\u00e1metros de rendimiento<\/strong> del desgranador de ma\u00edz<\/figcaption><\/figure>    <h2 class=\"wp-block-heading\" id=\"h-advantages-of-automatic-corn-sheller\">Ventajas de la desgranadora autom\u00e1tica de ma\u00edz<\/h2>    <ol class=\"wp-block-list\"> <li>La alta tasa de trilla de la m\u00e1quina puede alcanzar 99,5% y las impurezas menos de 1%.<\/li>    <li>La alta producci\u00f3n de la m\u00e1quina puede procesar de 4 a 6 toneladas de ma\u00edz por hora, lo que es m\u00e1s que la mayor\u00eda de las m\u00e1quinas del mercado.<\/li>    <li>La m\u00e1quina est\u00e1 dise\u00f1ada con una tolva de alimentaci\u00f3n autom\u00e1tica, que puede transportar ma\u00edz r\u00e1pidamente y ahorrar mucho tiempo de alimentaci\u00f3n y costos de mano de obra.<\/li>    <li>La m\u00e1quina puede agregar ruedas, f\u00e1ciles de mover.<\/li>    <li>La m\u00e1quina puede utilizar un motor el\u00e9ctrico o un motor di\u00e9sel. Para \u00e1reas con escasez de electricidad, recomendamos usar un motor di\u00e9sel para accionar la m\u00e1quina.<\/li> <\/ol>","protected":false},"excerpt":{"rendered":"<p>The automatic corn sheller machine is designed for sun-dried corn and is suitable for grain processing plants and farmers of all sizes. The maize sheller machine can quickly thresh the dried corn cob, and the dried kernels can be made into cornmeal, grits, or sold directly. Moreover, if your raw materials are fresh sweet maize, [&hellip;]<\/p>\n","protected":false},"author":1,"featured_media":60,"parent":0,"template":"","tags":[17],"product-type":[42],"class_list":["post-57","product","type-product","status-publish","has-post-thumbnail","hentry","tag-corn-threshing-machine","product-type-maize-sheller-machine"],"_links":{"self":[{"href":"https:\/\/corn-machine.com\/es\/wp-json\/wp\/v2\/product\/57","targetHints":{"allow":["GET"]}}],"collection":[{"href":"https:\/\/corn-machine.com\/es\/wp-json\/wp\/v2\/product"}],"about":[{"href":"https:\/\/corn-machine.com\/es\/wp-json\/wp\/v2\/types\/product"}],"author":[{"embeddable":true,"href":"https:\/\/corn-machine.com\/es\/wp-json\/wp\/v2\/users\/1"}],"wp:featuredmedia":[{"embeddable":true,"href":"https:\/\/corn-machine.com\/es\/wp-json\/wp\/v2\/media\/60"}],"wp:attachment":[{"href":"https:\/\/corn-machine.com\/es\/wp-json\/wp\/v2\/media?parent=57"}],"wp:term":[{"taxonomy":"post_tag","embeddable":true,"href":"https:\/\/corn-machine.com\/es\/wp-json\/wp\/v2\/tags?post=57"},{"taxonomy":"product-type","embeddable":true,"href":"https:\/\/corn-machine.com\/es\/wp-json\/wp\/v2\/product-type?post=57"}],"curies":[{"name":"wp","href":"https:\/\/api.w.org\/{rel}","templated":true}]}}