{"id":585,"date":"2025-07-08T17:15:22","date_gmt":"2025-07-08T09:15:22","guid":{"rendered":"https:\/\/corn-machine.com\/?post_type=product&#038;p=585"},"modified":"2026-01-09T09:16:20","modified_gmt":"2026-01-09T01:16:20","slug":"mobile-grain-dryer-for-drying-corn-rice","status":"publish","type":"product","link":"https:\/\/corn-machine.com\/es\/product\/mobile-grain-dryer-for-drying-corn-rice\/","title":{"rendered":"Secador de Granos M\u00f3vil para Peque\u00f1as Granjas"},"content":{"rendered":"<p>El secador de grano m\u00f3vil es una m\u00e1quina a peque\u00f1a escala para secar granos y frijoles para el procesamiento agr\u00edcola. Est\u00e1 hecho de acero inoxidable con una parte de calentador de acero al carbono para proteger la m\u00e1quina del polvo y garantizar la calidad de los cultivos secos.<\/p>    <p>Hay dos tipos de secadores de grano port\u00e1tiles: de un solo silo y de doble silo. Su producci\u00f3n puede alcanzar de 10T a 240T cada d\u00eda, y el rendimiento espec\u00edfico depende de su tama\u00f1o y del volumen de los silos.<\/p>    <figure class=\"wp-block-embed is-type-video is-provider-youtube wp-block-embed-youtube wp-embed-aspect-16-9 wp-has-aspect-ratio\"><div class=\"wp-block-embed__wrapper\"> <iframe loading=\"lazy\" title=\"\u00a1El secador de granos m\u00f3vil de alta eficiencia para secar ma\u00edz y ma\u00edz mejora r\u00e1pidamente la calidad de tu cosecha!\" width=\"500\" height=\"281\" src=\"https:\/\/www.youtube.com\/embed\/ze6FVDt2tgE?feature=oembed\" frameborder=\"0\" allow=\"accelerometer; autoplay; clipboard-write; encrypted-media; gyroscope; picture-in-picture; web-share\" referrerpolicy=\"strict-origin-when-cross-origin\" allowfullscreen><\/iframe> <\/div><figcaption class=\"wp-element-caption\">el proceso de operaci\u00f3n del secador de granos m\u00f3vil<\/figcaption><\/figure>    <h2 class=\"wp-block-heading\"><strong>Ventajas del secador de granos port\u00e1til<\/strong><\/h2>    <ul class=\"wp-block-list\"> <li>Su tama\u00f1o es m\u00e1s peque\u00f1o que el de la torre de secado com\u00fan, y es f\u00e1cil de mover. Por lo tanto, es adecuada para diversas configuraciones de aplicaci\u00f3n.<\/li>    <li>Hay muchas opciones de suministro de energ\u00eda para esta m\u00e1quina de secado de ma\u00edz, como biomasa, carb\u00f3n, di\u00e9sel, gasolina, gas, electricidad, y <a href=\"https:\/\/en.wikipedia.org\/wiki\/Methanol\" target=\"_blank\" rel=\"noopener\">CH3OH<\/a>.<\/li>    <li>Est\u00e1 hecha de materiales de acero inoxidable con alta resistencia al medio ambiente y un excelente efecto antibacteriano y de eliminaci\u00f3n de polvo.<\/li>    <li>Es f\u00e1cil realizar cualquier operaci\u00f3n durante el proceso. Hay un gabinete externo para controlar la m\u00e1quina. Puedes dominar c\u00f3mo usarlo con la ayuda de nuestro manual de instrucciones.<\/li> <\/ul>   <div class=\"wp-block-image\"> <figure class=\"aligncenter size-full\"><img loading=\"lazy\" decoding=\"async\" width=\"720\" height=\"540\" src=\"https:\/\/corn-machine.com\/wp-content\/uploads\/2025\/07\/the-cabinet-of-mobile-grain-dryer.webp\" alt=\"el gabinete de f\u00e1cil operaci\u00f3n del secador de granos m\u00f3vil\" class=\"wp-image-594\" title=\"\" srcset=\"https:\/\/corn-machine.com\/wp-content\/uploads\/2025\/07\/the-cabinet-of-mobile-grain-dryer.webp 720w, https:\/\/corn-machine.com\/wp-content\/uploads\/2025\/07\/the-cabinet-of-mobile-grain-dryer-300x225.webp 300w, https:\/\/corn-machine.com\/wp-content\/uploads\/2025\/07\/the-cabinet-of-mobile-grain-dryer-16x12.webp 16w\" sizes=\"auto, (max-width: 720px) 100vw, 720px\" \/><figcaption class=\"wp-element-caption\">el armario del secador de granos m\u00f3vil<\/figcaption><\/figure> <\/div>   <h2 class=\"wp-block-heading\"><strong>Par\u00e1metros del secador de cultivos<\/strong><\/h2>    <figure class=\"wp-block-gallery has-nested-images columns-default is-cropped wp-block-gallery-2 is-layout-flex wp-block-gallery-is-layout-flex\"> <figure class=\"wp-block-image size-full\"><img loading=\"lazy\" decoding=\"async\" width=\"720\" height=\"540\" data-id=\"592\" src=\"https:\/\/corn-machine.com\/wp-content\/uploads\/2025\/07\/single-bin-of-mobile-grain-dryer.webp\" alt=\"silo \u00fanico de secador de granos de peque\u00f1a granja para secar granos\" class=\"wp-image-592\" title=\"\" srcset=\"https:\/\/corn-machine.com\/wp-content\/uploads\/2025\/07\/single-bin-of-mobile-grain-dryer.webp 720w, https:\/\/corn-machine.com\/wp-content\/uploads\/2025\/07\/single-bin-of-mobile-grain-dryer-300x225.webp 300w, https:\/\/corn-machine.com\/wp-content\/uploads\/2025\/07\/single-bin-of-mobile-grain-dryer-16x12.webp 16w\" sizes=\"auto, (max-width: 720px) 100vw, 720px\" \/><figcaption class=\"wp-element-caption\">bin \u00fanico de secador de granos m\u00f3vil<\/figcaption><\/figure>    <figure class=\"wp-block-image size-full\"><img loading=\"lazy\" decoding=\"async\" width=\"720\" height=\"540\" data-id=\"591\" src=\"https:\/\/corn-machine.com\/wp-content\/uploads\/2025\/07\/double-bin-of-mobile-grain-dryer.webp\" alt=\"dobles contenedores de secador de granos de peque\u00f1a granja para secar granos\" class=\"wp-image-591\" title=\"\" srcset=\"https:\/\/corn-machine.com\/wp-content\/uploads\/2025\/07\/double-bin-of-mobile-grain-dryer.webp 720w, https:\/\/corn-machine.com\/wp-content\/uploads\/2025\/07\/double-bin-of-mobile-grain-dryer-300x225.webp 300w, https:\/\/corn-machine.com\/wp-content\/uploads\/2025\/07\/double-bin-of-mobile-grain-dryer-16x12.webp 16w\" sizes=\"auto, (max-width: 720px) 100vw, 720px\" \/><figcaption class=\"wp-element-caption\">doble bin de secador de granos m\u00f3vil<\/figcaption><\/figure> <\/figure>    <figure class=\"wp-block-table aligncenter\"><table class=\"has-fixed-layout\"><tbody><tr><td class=\"has-text-align-center\" data-align=\"center\">Bin \u00fanico<\/td><td class=\"has-text-align-center\" data-align=\"center\">Potencia (kW)<\/td><td class=\"has-text-align-center\" data-align=\"center\">Peso (Tonelada)<\/td><td class=\"has-text-align-center\" data-align=\"center\">Tama\u00f1o (mm)<\/td><td class=\"has-text-align-center\" data-align=\"center\">Potencia del transportador de tornillo (kW)<\/td><td class=\"has-text-align-center\" data-align=\"center\">Potencia del ventilador principal (kW)<\/td><td class=\"has-text-align-center\" data-align=\"center\">Ventilador de tiro inducido (kW)<\/td><td class=\"has-text-align-center\" data-align=\"center\">Producci\u00f3n (24 horas)<\/td><\/tr><tr><td class=\"has-text-align-center\" data-align=\"center\">1T<\/td><td class=\"has-text-align-center\" data-align=\"center\">8.3<\/td><td class=\"has-text-align-center\" data-align=\"center\">2<\/td><td class=\"has-text-align-center\" data-align=\"center\">4600*1800*3500<\/td><td class=\"has-text-align-center\" data-align=\"center\">\/<\/td><td class=\"has-text-align-center\" data-align=\"center\">\/<\/td><td class=\"has-text-align-center\" data-align=\"center\">\/<\/td><td class=\"has-text-align-center\" data-align=\"center\">10T<\/td><\/tr><tr><td class=\"has-text-align-center\" data-align=\"center\">2T<\/td><td class=\"has-text-align-center\" data-align=\"center\">11<\/td><td class=\"has-text-align-center\" data-align=\"center\">2.8<\/td><td class=\"has-text-align-center\" data-align=\"center\">5100*2000*3800<\/td><td class=\"has-text-align-center\" data-align=\"center\">4<\/td><td class=\"has-text-align-center\" data-align=\"center\">3<\/td><td class=\"has-text-align-center\" data-align=\"center\">0.75<\/td><td class=\"has-text-align-center\" data-align=\"center\">20T<\/td><\/tr><tr><td class=\"has-text-align-center\" data-align=\"center\">4T<\/td><td class=\"has-text-align-center\" data-align=\"center\">19<\/td><td class=\"has-text-align-center\" data-align=\"center\">4.5<\/td><td class=\"has-text-align-center\" data-align=\"center\">5400*2100*3900<\/td><td class=\"has-text-align-center\" data-align=\"center\">7.5<\/td><td class=\"has-text-align-center\" data-align=\"center\">5.5<\/td><td class=\"has-text-align-center\" data-align=\"center\">0.75<\/td><td class=\"has-text-align-center\" data-align=\"center\">40T<\/td><\/tr><tr><td class=\"has-text-align-center\" data-align=\"center\">6T<\/td><td class=\"has-text-align-center\" data-align=\"center\">24<\/td><td class=\"has-text-align-center\" data-align=\"center\">5.3<\/td><td class=\"has-text-align-center\" data-align=\"center\">5600*2100*4300<\/td><td class=\"has-text-align-center\" data-align=\"center\">7.5<\/td><td class=\"has-text-align-center\" data-align=\"center\">7.5<\/td><td class=\"has-text-align-center\" data-align=\"center\">0.75<\/td><td class=\"has-text-align-center\" data-align=\"center\">60T<\/td><\/tr><tr><td class=\"has-text-align-center\" data-align=\"center\">8T<\/td><td class=\"has-text-align-center\" data-align=\"center\">28<\/td><td class=\"has-text-align-center\" data-align=\"center\">6.5<\/td><td class=\"has-text-align-center\" data-align=\"center\">6000*2100*5800<\/td><td class=\"has-text-align-center\" data-align=\"center\">7.5<\/td><td class=\"has-text-align-center\" data-align=\"center\">7.5<\/td><td class=\"has-text-align-center\" data-align=\"center\">0.75<\/td><td class=\"has-text-align-center\" data-align=\"center\">80T<\/td><\/tr><tr><td class=\"has-text-align-center\" data-align=\"center\">10T<\/td><td class=\"has-text-align-center\" data-align=\"center\">32<\/td><td class=\"has-text-align-center\" data-align=\"center\">7.4<\/td><td class=\"has-text-align-center\" data-align=\"center\">6200*2100*6400<\/td><td class=\"has-text-align-center\" data-align=\"center\">7.5<\/td><td class=\"has-text-align-center\" data-align=\"center\">7.5<\/td><td class=\"has-text-align-center\" data-align=\"center\">1.5<\/td><td class=\"has-text-align-center\" data-align=\"center\">100T<\/td><\/tr><\/tbody><\/table><figcaption class=\"wp-element-caption\">los par\u00e1metros del secador de ma\u00edz de un solo bin<\/figcaption><\/figure>    <figure class=\"wp-block-table aligncenter\"><table class=\"has-fixed-layout\"><tbody><tr><td class=\"has-text-align-center\" data-align=\"center\">Bins dobles<\/td><td class=\"has-text-align-center\" data-align=\"center\">Potencia (kW)<\/td><td class=\"has-text-align-center\" data-align=\"center\">Peso (Tonelada)<\/td><td class=\"has-text-align-center\" data-align=\"center\">Tama\u00f1o (mm)<\/td><td class=\"has-text-align-center\" data-align=\"center\">Producci\u00f3n (24 horas)<\/td><\/tr><tr><td class=\"has-text-align-center\" data-align=\"center\">2T+2T<\/td><td class=\"has-text-align-center\" data-align=\"center\">15<\/td><td class=\"has-text-align-center\" data-align=\"center\">4.2<\/td><td class=\"has-text-align-center\" data-align=\"center\">7500*2000*3800<\/td><td class=\"has-text-align-center\" data-align=\"center\">40T<\/td><\/tr><tr><td class=\"has-text-align-center\" data-align=\"center\">4T+4T<\/td><td class=\"has-text-align-center\" data-align=\"center\">23<\/td><td class=\"has-text-align-center\" data-align=\"center\">7<\/td><td class=\"has-text-align-center\" data-align=\"center\">8500*2100*3800<\/td><td class=\"has-text-align-center\" data-align=\"center\">80T<\/td><\/tr><tr><td class=\"has-text-align-center\" data-align=\"center\">6T+6T<\/td><td class=\"has-text-align-center\" data-align=\"center\">27<\/td><td class=\"has-text-align-center\" data-align=\"center\">8.5<\/td><td class=\"has-text-align-center\" data-align=\"center\">9500*2100*3900<\/td><td class=\"has-text-align-center\" data-align=\"center\">120T<\/td><\/tr><tr><td class=\"has-text-align-center\" data-align=\"center\">8T+8T<\/td><td class=\"has-text-align-center\" data-align=\"center\">32<\/td><td class=\"has-text-align-center\" data-align=\"center\">9.8<\/td><td class=\"has-text-align-center\" data-align=\"center\">11000*2100*4300<\/td><td class=\"has-text-align-center\" data-align=\"center\">160T<\/td><\/tr><tr><td class=\"has-text-align-center\" data-align=\"center\">12T+12T<\/td><td class=\"has-text-align-center\" data-align=\"center\">37<\/td><td class=\"has-text-align-center\" data-align=\"center\">15<\/td><td class=\"has-text-align-center\" data-align=\"center\">12000*2100*6800<\/td><td class=\"has-text-align-center\" data-align=\"center\">240T<\/td><\/tr><\/tbody><\/table><figcaption class=\"wp-element-caption\">los par\u00e1metros del secador de ma\u00edz de doble contenedor<\/figcaption><\/figure>    <p>Hay muchos modelos de diferentes tama\u00f1os arriba. El secador de granos m\u00f3vil de un solo contenedor es m\u00e1s ligero y ahorra m\u00e1s espacio. Si procesas un peque\u00f1o lote de granos pero quieres obtener productos secos de alta calidad, esta ser\u00e1 una buena opci\u00f3n.<\/p>    <p>Sin embargo, el tipo de contenedores dobles es m\u00e1s efectivo que los otros tipos. Los dos silos se pueden cargar y descargar alternativamente para ahorrar tiempo y mano de obra. Si tiene requisitos estrictos de eficiencia, es mejor elegir este tipo de equipo de secado de cultivos.<\/p>    <h2 class=\"wp-block-heading\"><strong>\u00bfCu\u00e1nto cuesta esta m\u00e1quina secadora de ma\u00edz?<\/strong><\/h2>    <p>No hay un precio exacto, debido a los diferentes tipos de maquinaria para secar ma\u00edz, con algunos servicios personalizados disponibles. Hay algunas caracter\u00edsticas que influir\u00e1n en la volatilidad del precio.<\/p>    <ul class=\"wp-block-list\"> <li>Nuestro material base para fabricar el secador de trigo es acero inoxidable, que tendr\u00e1 un precio m\u00e1s alto que una m\u00e1quina de acero galvanizado. Por supuesto, las ventajas de elegir acero inoxidable como material para los silos son su alta resistencia a la corrosi\u00f3n y que produce productos de mejor calidad.<\/li>    <li>Los precios subir\u00e1n y bajar\u00e1n dependiendo de la elecci\u00f3n del n\u00famero de silos. Un equipo de secado de granos de un solo silo ser\u00e1 m\u00e1s barato que uno de doble silo. Pero los silos dobles tienen m\u00e1s capacidad y mayor eficiencia.<\/li>    <li>En el comercio internacional, el precio total se ver\u00e1 influenciado por los costos de env\u00edo. Tambi\u00e9n estar\u00e1 estrechamente relacionado con los aranceles.<\/li> <\/ul>    <p>De todos modos, elegir una m\u00e1quina adecuada puede ofrecer beneficios sostenibles. Si a\u00fan te sientes confundido acerca de algunos puntos o deseas conocer m\u00e1s detalles, por favor cont\u00e1ctanos. Tenemos vendedores profesionales para ayudarte a seleccionar el programa m\u00e1s \u00f3ptimo para ti.<\/p>    <h2 class=\"wp-block-heading\"><strong>Estructura del secador de granos m\u00f3vil<\/strong><\/h2>    <p>Con un funcionamiento sencillo, la estructura de este equipo de secado de ma\u00edz tambi\u00e9n es simple. Consiste en un horno, un cicl\u00f3n, un remolque, ventiladores, una rueda, un armario, un tornillo de alimentaci\u00f3n, un silo, una escalera y una boca de alimentaci\u00f3n. A continuaci\u00f3n, se muestra su ilustraci\u00f3n detallada.<\/p>   <div class=\"wp-block-image\"> <figure class=\"aligncenter size-full\"><img loading=\"lazy\" decoding=\"async\" width=\"720\" height=\"540\" src=\"https:\/\/corn-machine.com\/wp-content\/uploads\/2025\/07\/the-structure-of-mobile-grain-dryer.webp\" alt=\"la estructura detallada del secador de granos m\u00f3vil\" class=\"wp-image-593\" title=\"\" srcset=\"https:\/\/corn-machine.com\/wp-content\/uploads\/2025\/07\/the-structure-of-mobile-grain-dryer.webp 720w, https:\/\/corn-machine.com\/wp-content\/uploads\/2025\/07\/the-structure-of-mobile-grain-dryer-300x225.webp 300w, https:\/\/corn-machine.com\/wp-content\/uploads\/2025\/07\/the-structure-of-mobile-grain-dryer-16x12.webp 16w\" sizes=\"auto, (max-width: 720px) 100vw, 720px\" \/><figcaption class=\"wp-element-caption\">la estructura del secador de granos m\u00f3vil<\/figcaption><\/figure> <\/div>   <h2 class=\"wp-block-heading\"><strong>\u00bfC\u00f3mo secar granos en el secador de granos comercial?<\/strong><\/h2>    <p>Es f\u00e1cil realizar dichas operaciones para secar granos en el secador de grano m\u00f3vil. Solo necesitas dos pasos para completar todo el proceso.<\/p>    <p class=\"translation-block\"><strong>Paso uno<\/strong>:<\/p>    <p>Coloque los granos que desea procesar en la entrada de alimentaci\u00f3n y ajuste el tornillo de alimentaci\u00f3n antes de comenzar la operaci\u00f3n.<\/p>    <p class=\"translation-block\"><strong>Paso dos:<\/strong><\/p>    <p>Encienda el sistema de calefacci\u00f3n para calentar el aire y transportar el aire caliente al silo a trav\u00e9s de un intercambiador de calor para secar los granos.<\/p>    <p>Este tipo de calefacci\u00f3n no da\u00f1a los granos y es f\u00e1cil de mantener y limpiar.<\/p>    <h2 class=\"wp-block-heading\"><strong>Varios tipos de calefacci\u00f3n<\/strong><\/h2>    <p>Ofrecemos una variedad de medios de calefacci\u00f3n para la m\u00e1quina de secado de arroz.<\/p>    <p>La biomasa es una fuente de energ\u00eda de seres vivos, como algod\u00f3n, residuos s\u00f3lidos urbanos, girasoles, nueces de palma, trigo, madera, etc. Son f\u00e1ciles de obtener y no requieren ning\u00fan otro procesamiento adicional.<\/p>    <p>El di\u00e9sel es m\u00e1s eficiente y no causa mucha contaminaci\u00f3n ambiental. Pero es necesario considerar los problemas de voltaje.<\/p>    <p>Adem\u00e1s, esta m\u00e1quina tambi\u00e9n admite carb\u00f3n, gasolina, gas, electricidad e incluso CH3OH como su energ\u00eda.<\/p>    <h2 class=\"wp-block-heading\"><strong>\u00c1mbito de aplicaci\u00f3n del secador de arroz<\/strong><\/h2>    <p>El secador de granos m\u00f3vil es adecuado para secar varios tipos de cultivos. Por ejemplo, el ma\u00edz, los frijoles, el arroz, el trigo, etc. El secador de granos port\u00e1til utiliza un m\u00e9todo de secado por flujo de aire a alta temperatura para evitar destruir la calidad del grano y afectar su color.<\/p>    <p class=\"translation-block\">Los granos secos se pueden convertir en s\u00e9mola (a partir de una <a href=\"https:\/\/corn-machine.com\/es\/product\/maize-grits-making-machine\/\">m\u00e1quina de molienda de s\u00e9mola de ma\u00edz<\/a>), y los frijoles se pueden convertir en harina (a partir de un <a href=\"https:\/\/corn-machine.com\/es\/product\/hammer-mill-grinder-for-corn\/\">molino de martillos<\/a>) si deseas procesar posteriormente el producto terminado para obtener m\u00e1s beneficios.<\/p>    <figure class=\"wp-block-gallery has-nested-images columns-2 is-cropped wp-block-gallery-3 is-layout-flex wp-block-gallery-is-layout-flex\"> <figure class=\"wp-block-image size-large\"><img loading=\"lazy\" decoding=\"async\" width=\"720\" height=\"540\" data-id=\"596\" src=\"https:\/\/corn-machine.com\/wp-content\/uploads\/2025\/07\/soybean.webp\" alt=\"la soja se puede secar con un secador de granos peque\u00f1os\" class=\"wp-image-596\" title=\"\" srcset=\"https:\/\/corn-machine.com\/wp-content\/uploads\/2025\/07\/soybean.webp 720w, https:\/\/corn-machine.com\/wp-content\/uploads\/2025\/07\/soybean-300x225.webp 300w, https:\/\/corn-machine.com\/wp-content\/uploads\/2025\/07\/soybean-16x12.webp 16w\" sizes=\"auto, (max-width: 720px) 100vw, 720px\" \/><figcaption class=\"wp-element-caption\">soja<\/figcaption><\/figure>    <figure class=\"wp-block-image size-full\"><img loading=\"lazy\" decoding=\"async\" width=\"720\" height=\"540\" data-id=\"598\" src=\"https:\/\/corn-machine.com\/wp-content\/uploads\/2025\/07\/wheat.webp\" alt=\"el trigo se puede secar con un secador de granos peque\u00f1os\" class=\"wp-image-598\" title=\"\" srcset=\"https:\/\/corn-machine.com\/wp-content\/uploads\/2025\/07\/wheat.webp 720w, https:\/\/corn-machine.com\/wp-content\/uploads\/2025\/07\/wheat-300x225.webp 300w, https:\/\/corn-machine.com\/wp-content\/uploads\/2025\/07\/wheat-16x12.webp 16w\" sizes=\"auto, (max-width: 720px) 100vw, 720px\" \/><figcaption class=\"wp-element-caption\">trigo<\/figcaption><\/figure>    <figure class=\"wp-block-image size-full\"><img loading=\"lazy\" decoding=\"async\" width=\"720\" height=\"540\" data-id=\"595\" src=\"https:\/\/corn-machine.com\/wp-content\/uploads\/2025\/07\/rice.webp\" alt=\"el arroz se puede secar con un secador de granos peque\u00f1os\" class=\"wp-image-595\" title=\"\" srcset=\"https:\/\/corn-machine.com\/wp-content\/uploads\/2025\/07\/rice.webp 720w, https:\/\/corn-machine.com\/wp-content\/uploads\/2025\/07\/rice-300x225.webp 300w, https:\/\/corn-machine.com\/wp-content\/uploads\/2025\/07\/rice-16x12.webp 16w\" sizes=\"auto, (max-width: 720px) 100vw, 720px\" \/><figcaption class=\"wp-element-caption\">arroz<\/figcaption><\/figure>    <figure class=\"wp-block-image size-full\"><img loading=\"lazy\" decoding=\"async\" width=\"720\" height=\"540\" data-id=\"597\" src=\"https:\/\/corn-machine.com\/wp-content\/uploads\/2025\/07\/corn.webp\" alt=\"el ma\u00edz se puede secar con un secador de granos peque\u00f1os\" class=\"wp-image-597\" title=\"\" srcset=\"https:\/\/corn-machine.com\/wp-content\/uploads\/2025\/07\/corn.webp 720w, https:\/\/corn-machine.com\/wp-content\/uploads\/2025\/07\/corn-300x225.webp 300w, https:\/\/corn-machine.com\/wp-content\/uploads\/2025\/07\/corn-16x12.webp 16w\" sizes=\"auto, (max-width: 720px) 100vw, 720px\" \/><figcaption class=\"wp-element-caption\">ma\u00edz<\/figcaption><\/figure> <\/figure>    <h2 class=\"wp-block-heading\"><strong>Preguntas frecuentes sobre el secador de ma\u00edz<\/strong><\/h2>   <div id=\"rank-math-faq\" class=\"rank-math-block\"> <div class=\"rank-math-list\"> <div id=\"faq-question-1751878986739\" class=\"rank-math-list-item\"> <h3 class=\"rank-math-question\">\u00bfPuedo usar electricidad? \u00bfHay otras opciones de energ\u00eda?<\/h3> <div class=\"rank-math-answer\">  <p>S\u00ed, puedes usar electricidad. Y tambi\u00e9n puedes elegir biomasa, carb\u00f3n, di\u00e9sel, gasolina, gas y CH3OH.<\/p>  <\/div> <\/div> <div id=\"faq-question-1751879462095\" class=\"rank-math-list-item\"> <h3 class=\"rank-math-question\">\u00bfCu\u00e1les son los materiales de tu secadora de granos comercial?<\/h3> <div class=\"rank-math-answer\">  <p>La secadora y el silo de granos son de acero inoxidable. La parte de calefacci\u00f3n es de acero al carbono.<\/p>  <\/div> <\/div> <div id=\"faq-question-1751879592932\" class=\"rank-math-list-item\"> <h3 class=\"rank-math-question\">\u00bfCu\u00e1les son los beneficios de esta m\u00e1quina en comparaci\u00f3n con una torre de secado?<\/h3> <div class=\"rank-math-answer\">  <p>Es m\u00e1s f\u00e1cil de mover y no hace tanto ruido como la torre de secado. Su peque\u00f1o tama\u00f1o te ayuda a ahorrar espacio.<\/p>  <\/div> <\/div> <div id=\"faq-question-1751881949035\" class=\"rank-math-list-item\"> <h3 class=\"rank-math-question\">\u00bfCu\u00e1nto cuesta este secador de granos port\u00e1til?<\/h3> <div class=\"rank-math-answer\">  <p>El precio depende del tipo que elijas. Diferentes tipos tienen diferentes eficiencias de producci\u00f3n y tama\u00f1os.<\/p>  <\/div> <\/div> <\/div> <\/div>   <blockquote class=\"wp-block-quote alignwide is-layout-flow wp-block-quote-is-layout-flow\"> <p class=\"translation-block\">Si deseas procesar un gran lote de granos o frijoles, y est\u00e1s buscando una secadora grande altamente eficiente y duradera. La maquinaria industrial de secado de ma\u00edz est\u00e1 dise\u00f1ada para ti. Puede procesar de 315 a 31800 kg de producto por hora. Si est\u00e1s interesado en este proyecto, haz clic en este sitio web: <a href=\"https:\/\/corn-machine.com\/es\/product\/industrial-corn-dryer-machine\/\">M\u00e1quina Secadora de Ma\u00edz<\/a> para obtener m\u00e1s detalles.<\/p>    <p class=\"has-text-align-left\">Si tiene algunas preguntas confusas sobre el secador de granos m\u00f3vil, o desea consultar los precios espec\u00edficos, por favor cont\u00e1ctenos.<\/p> <\/blockquote>","protected":false},"excerpt":{"rendered":"<p>El peque\u00f1o secador de granos m\u00f3vil es adecuado para la producci\u00f3n de peque\u00f1as granjas para secar granos y frijoles. Cada d\u00eda puede producir de 10 a 240 T de productos secos. Amplia gama de opciones para satisfacer sus requisitos de producci\u00f3n.<\/p>","protected":false},"author":1,"featured_media":590,"parent":0,"template":"","tags":[31],"product-type":[44],"class_list":["post-585","product","type-product","status-publish","has-post-thumbnail","hentry","tag-corn","product-type-maize-dryer-machine"],"_links":{"self":[{"href":"https:\/\/corn-machine.com\/es\/wp-json\/wp\/v2\/product\/585","targetHints":{"allow":["GET"]}}],"collection":[{"href":"https:\/\/corn-machine.com\/es\/wp-json\/wp\/v2\/product"}],"about":[{"href":"https:\/\/corn-machine.com\/es\/wp-json\/wp\/v2\/types\/product"}],"author":[{"embeddable":true,"href":"https:\/\/corn-machine.com\/es\/wp-json\/wp\/v2\/users\/1"}],"wp:featuredmedia":[{"embeddable":true,"href":"https:\/\/corn-machine.com\/es\/wp-json\/wp\/v2\/media\/590"}],"wp:attachment":[{"href":"https:\/\/corn-machine.com\/es\/wp-json\/wp\/v2\/media?parent=585"}],"wp:term":[{"taxonomy":"post_tag","embeddable":true,"href":"https:\/\/corn-machine.com\/es\/wp-json\/wp\/v2\/tags?post=585"},{"taxonomy":"product-type","embeddable":true,"href":"https:\/\/corn-machine.com\/es\/wp-json\/wp\/v2\/product-type?post=585"}],"curies":[{"name":"wp","href":"https:\/\/api.w.org\/{rel}","templated":true}]}}