{"id":600,"date":"2025-07-09T17:42:35","date_gmt":"2025-07-09T09:42:35","guid":{"rendered":"https:\/\/corn-machine.com\/?post_type=product&#038;p=600"},"modified":"2025-09-01T08:33:39","modified_gmt":"2025-09-01T00:33:39","slug":"multi-functional-maize-thresher-machine","status":"publish","type":"product","link":"https:\/\/corn-machine.com\/es\/product\/multi-functional-maize-thresher-machine\/","title":{"rendered":"M\u00e1quina desgranadora de ma\u00edz multifuncional para pelar granos"},"content":{"rendered":"<p class=\"translation-block\">Esta<strong> <\/strong>vers\u00e1til<strong> m\u00e1quina trilladora de ma\u00edz<\/strong> se usa siempre para desgranar ma\u00edz en granos de ma\u00edz. Es m\u00e1s, la soja, el arroz y el mijo tambi\u00e9n se pueden trillar. La capacidad de trillado de esta maquinaria depende del tipo de grano. Por ejemplo, el ma\u00edz se puede trillar a una tasa de 2-4 toneladas por hora, el sorgo y el mijo a 1-2 toneladas por hora, y la soja a 0,5-0,8 toneladas por hora.<\/p>    <p>Proporcionamos tres tipos de potencia para la m\u00e1quina desgranadora de ma\u00edz: motor di\u00e9sel, toma de fuerza (PTO) y motor el\u00e9ctrico para satisfacer sus necesidades. La potencia de alta eficiencia no solo ahorra mano de obra, sino que tambi\u00e9n mejora la tasa de trilla a m\u00e1s del 98%, lo que reduce significativamente las p\u00e9rdidas y el consumo de material.<\/p>    <h2 class=\"wp-block-heading\"><strong>Aspectos destacados de la desgranadora de ma\u00edz<\/strong><\/h2>    <ol class=\"wp-block-list\"> <li>Con grandes neum\u00e1ticos y un marco inferior robusto, es f\u00e1cil de mover. As\u00ed que la m\u00e1quina trilladora de ma\u00edz es m\u00e1s flexible para adaptarse a cualquier situaci\u00f3n de trabajo.<\/li>    <li>Se puede aplicar para trillar una amplia gama de granos, como ma\u00edz, arroz, trigo, soja, etc. Por lo tanto, puedes cambiar los tamices para procesar diferentes tama\u00f1os de cultivos.<\/li>    <li>Esta m\u00e1quina tiene dos grandes ventiladores, que son diferentes de otros tipos de m\u00e1quinas desgranadoras de ma\u00edz. Estos dos ventiladores pueden separar el polvo y los desechos de los granos de ma\u00edz y otros productos. Y esta es una de las razones por las que esta m\u00e1quina desgranadora de ma\u00edz tiene una tasa de desgranado superior al 98%.<\/li> <\/ol>   <div class=\"wp-block-image\"> <figure class=\"aligncenter size-full\"><img loading=\"lazy\" decoding=\"async\" width=\"720\" height=\"540\" src=\"https:\/\/corn-machine.com\/wp-content\/uploads\/2025\/07\/corn-threshing-machine-with-wheel-1.webp\" alt=\"m\u00e1quina de trilla de ma\u00edz verde vers\u00e1til con rueda\" class=\"wp-image-603\" title=\"\" srcset=\"https:\/\/corn-machine.com\/wp-content\/uploads\/2025\/07\/corn-threshing-machine-with-wheel-1.webp 720w, https:\/\/corn-machine.com\/wp-content\/uploads\/2025\/07\/corn-threshing-machine-with-wheel-1-300x225.webp 300w, https:\/\/corn-machine.com\/wp-content\/uploads\/2025\/07\/corn-threshing-machine-with-wheel-1-16x12.webp 16w\" sizes=\"auto, (max-width: 720px) 100vw, 720px\" \/><figcaption class=\"wp-element-caption\">m\u00e1quina desgranadora de ma\u00edz con rueda<\/figcaption><\/figure> <\/div>   <h2 class=\"wp-block-heading\"><strong>Los par\u00e1metros detallados de la m\u00e1quina de trilla de granos<\/strong><\/h2>    <figure class=\"wp-block-table aligncenter\"><table><tbody><tr><td>Tama\u00f1o total<\/td><td>5TD-1000<\/td><\/tr><tr><td>Fuerza<\/td><td>motor di\u00e9sel de 15HP, motor de 11kw, toma de fuerza<\/td><\/tr><tr><td>Capacidad<\/td><td>Ma\u00edz 2-4 t\/h, mijo y sorgo 1-2 t\/h, soja 0.5-0.8 t\/h<\/td><\/tr><tr><td>tama\u00f1o total<\/td><td>3400*2100*1980mm<\/td><\/tr><tr><td>Tama\u00f1o de embalaje<\/td><td>2800*740*1400mm<\/td><\/tr><tr><td>Peso<\/td><td>650 kilos<\/td><\/tr><tr><td>Nota<\/td><td>Con neum\u00e1ticos, un marco, un mango de tiro y dos ventiladores<\/td><\/tr><\/tbody><\/table><figcaption class=\"wp-element-caption\">los par\u00e1metros de la m\u00e1quina desgranadora de ma\u00edz<\/figcaption><\/figure>   <div class=\"wp-block-image\"> <figure class=\"aligncenter size-full\"><img loading=\"lazy\" decoding=\"async\" width=\"720\" height=\"540\" src=\"https:\/\/corn-machine.com\/wp-content\/uploads\/2025\/07\/corn-threshing-machine-without-wheel.webp\" alt=\"m\u00e1quina desgranadora de ma\u00edz roja vers\u00e1til sin ruedas\" class=\"wp-image-604\" title=\"\" srcset=\"https:\/\/corn-machine.com\/wp-content\/uploads\/2025\/07\/corn-threshing-machine-without-wheel.webp 720w, https:\/\/corn-machine.com\/wp-content\/uploads\/2025\/07\/corn-threshing-machine-without-wheel-300x225.webp 300w, https:\/\/corn-machine.com\/wp-content\/uploads\/2025\/07\/corn-threshing-machine-without-wheel-16x12.webp 16w\" sizes=\"auto, (max-width: 720px) 100vw, 720px\" \/><figcaption class=\"wp-element-caption\">m\u00e1quina de trilla de ma\u00edz sin rueda<\/figcaption><\/figure> <\/div>   <h2 class=\"wp-block-heading\"><strong>Descripci\u00f3n general de la estructura de la m\u00e1quina desgranadora de granos<\/strong><\/h2>    <p>La estructura completa de esta trilladora de granos m\u00f3vil es simple. La entrada, los ventiladores dobles, la salida, las grandes ruedas, la parte de sujeci\u00f3n y el PTO son las principales partes.<\/p>    <ul class=\"wp-block-list\"> <li>El<strong> ruedas grandes <\/strong>are designed for easy mobility. This part allows you to store it in a warehouse when you don&#8217;t want to use it. Better than the fixed one, you can keep it out of the wind and rain.<\/li>    <li>Equipado con <strong>ventiladores dobles<\/strong>, soporta un sistema de viento m\u00e1s fuerte para hacer que los productos finales sean m\u00e1s limpios.<\/li>    <li><strong>Entrada<\/strong> tiene forma de embudo para permitir que las materias primas entren de manera fluida, y el <strong>salida<\/strong>&#8216;s slope design makes products easier for products to be collected by grain pockets.<\/li>    <li><strong>PTO<\/strong> es un medio de energ\u00eda que puede conectarse a un tractor para generar energ\u00eda. As\u00ed que el dise\u00f1o de esta parte es proporcionar una forma de suministrar energ\u00eda a algunas personas que la necesitan.<\/li>    <li><strong>Parte de sujeci\u00f3n<\/strong> es un dispositivo de soporte para mantener el equilibrio de esta m\u00e1quina desgranadora de ma\u00edz cuando est\u00e1 en funcionamiento.<\/li> <\/ul>   <div class=\"wp-block-image\"> <figure class=\"aligncenter size-full\"><img loading=\"lazy\" decoding=\"async\" width=\"720\" height=\"540\" src=\"https:\/\/corn-machine.com\/wp-content\/uploads\/2025\/07\/the-structure-of-maize-sheller.webp\" alt=\"la estructura simple del desgranador de ma\u00edz\" class=\"wp-image-606\" title=\"\" srcset=\"https:\/\/corn-machine.com\/wp-content\/uploads\/2025\/07\/the-structure-of-maize-sheller.webp 720w, https:\/\/corn-machine.com\/wp-content\/uploads\/2025\/07\/the-structure-of-maize-sheller-300x225.webp 300w, https:\/\/corn-machine.com\/wp-content\/uploads\/2025\/07\/the-structure-of-maize-sheller-16x12.webp 16w\" sizes=\"auto, (max-width: 720px) 100vw, 720px\" \/><figcaption class=\"wp-element-caption\">la estructura del desgranador de ma\u00edz<\/figcaption><\/figure> <\/div>   <h2 class=\"wp-block-heading\"><strong>\u00bfC\u00f3mo utilizar esta m\u00e1quina desgranadora de ma\u00edz?<\/strong><\/h2>    <p>La estructura simple facilita la operaci\u00f3n. Aqu\u00ed hay algunos pasos para utilizarla.<\/p>    <ul class=\"wp-block-list\"> <li><strong>Paso 1:<\/strong> Antes de usar la m\u00e1quina, verifica el suministro de energ\u00eda y algunos sistemas b\u00e1sicos para asegurarte de que el soporte est\u00e9 plano y estable para el siguiente procedimiento.<\/li>    <li><strong>Paso 2:<\/strong> Turn on the energy system and don&#8217;t pour materials into it at first.<\/li>    <li><strong>Paso 3:<\/strong> Despu\u00e9s de que funcione correctamente, coloca los granos de ma\u00edz en la tolva. <\/li>    <li><strong>Paso 4:<\/strong> Luego, las mazorcas se separar\u00e1n de los granos de ma\u00edz a trav\u00e9s del trabajo del sistema de trilla. Y el producto saldr\u00e1 por la salida.<\/li> <\/ul>    <h2 class=\"wp-block-heading\"><strong>Los productos finales y su aplicaci\u00f3n<\/strong><\/h2>    <p class=\"translation-block\">El prop\u00f3sito principal de la m\u00e1quina desgranadora de ma\u00edz es desgranar los granos de ma\u00edz y procesar otros <a href=\"https:\/\/en.wikipedia.org\/wiki\/Grain\" target=\"_blank\" rel=\"noopener\">granos<\/a> sin destruir su integridad. El cultivo desgranado: granos de ma\u00edz, mijo, soja y arroz se pueden vender como productos en el supermercado o mercado agr\u00edcola.<\/p>    <p>Tambi\u00e9n se puede utilizar como materia prima para hacer piensos, s\u00e9mola y harina. Estos medios pueden mejorar el valor del producto para tener m\u00e1s beneficios econ\u00f3micos.<\/p>   <div class=\"wp-block-image\"> <figure class=\"aligncenter size-full\"><img loading=\"lazy\" decoding=\"async\" width=\"720\" height=\"540\" src=\"https:\/\/corn-machine.com\/wp-content\/uploads\/2025\/07\/corn-thresher-products.webp\" alt=\"materias primas y productos del desgranador de ma\u00edz\" class=\"wp-image-611\" title=\"\" srcset=\"https:\/\/corn-machine.com\/wp-content\/uploads\/2025\/07\/corn-thresher-products.webp 720w, https:\/\/corn-machine.com\/wp-content\/uploads\/2025\/07\/corn-thresher-products-300x225.webp 300w, https:\/\/corn-machine.com\/wp-content\/uploads\/2025\/07\/corn-thresher-products-16x12.webp 16w\" sizes=\"auto, (max-width: 720px) 100vw, 720px\" \/><figcaption class=\"wp-element-caption\">aplicaci\u00f3n de la m\u00e1quina de granos desgranados<\/figcaption><\/figure> <\/div>   <h2 class=\"wp-block-heading\"><strong>Un caso de exportaci\u00f3n exitoso sobre la m\u00e1quina de trilla de ma\u00edz en Ghana<\/strong><\/h2>    <p>Hemos establecido una buena cooperaci\u00f3n con un cliente en Ghana. Hubo una gran cosecha en su granja, por lo que necesitaba procesar sus cultivos para ahorrar espacio en su almac\u00e9n y facilitar la venta posterior y otros eventos correspondientes.<\/p>    <p>Plant\u00f3 ma\u00edz y soja, por lo que necesitaba una m\u00e1quina de trilla de cultivos multifuncional para trillarlos y almacenarlos para la venta. Con nuestra ayuda, finalmente eligi\u00f3 una m\u00e1quina que satisfac\u00eda sus necesidades: una m\u00e1quina trilladora multifuncional de ma\u00edz 5TD-1000.<\/p>    <p>Todo el proceso fue fluido. Empaquetamos la m\u00e1quina y pasamos por un per\u00edodo de env\u00edo. Nuestro cliente no pod\u00eda esperar para instalarla y usarla tan pronto como recibi\u00f3 el equipo.<\/p>    <p>&#8220;It&#8217;s perfect, there is no doubt that I love it very much. Thanks, Taizy, my friends who help me solve my harvest problems. &#8221; He sends us his working video, and says it.<\/p>    <figure class=\"wp-block-embed aligncenter is-type-video is-provider-youtube wp-block-embed-youtube wp-embed-aspect-16-9 wp-has-aspect-ratio\"><div class=\"wp-block-embed__wrapper\"> <iframe loading=\"lazy\" title=\"\u00a1Clientes de Ghana comparten comentarios sinceros sobre nuestra trilladora de granos multifuncional m\u00f3vil! #trilladorademaiz\" width=\"500\" height=\"281\" src=\"https:\/\/www.youtube.com\/embed\/pmll-kGf2Cs?feature=oembed\" frameborder=\"0\" allow=\"accelerometer; autoplay; clipboard-write; encrypted-media; gyroscope; picture-in-picture; web-share\" referrerpolicy=\"strict-origin-when-cross-origin\" allowfullscreen><\/iframe> <\/div><figcaption class=\"wp-element-caption\">Video de trabajo de nuestros clientes de Ghana<\/figcaption><\/figure>    <p>Es un honor para nosotros que nuestra m\u00e1quina pueda ayudar a algunas personas a satisfacer sus necesidades agr\u00edcolas, y esta es tambi\u00e9n la creencia de Taizy: hacer del mundo un lugar mejor a trav\u00e9s del desarrollo de maquinaria agr\u00edcola.<\/p>    <figure class=\"wp-block-gallery has-nested-images columns-2 is-cropped wp-block-gallery-2 is-layout-flex wp-block-gallery-is-layout-flex\"> <figure class=\"wp-block-image size-large\"><img loading=\"lazy\" decoding=\"async\" width=\"720\" height=\"540\" data-id=\"607\" src=\"https:\/\/corn-machine.com\/wp-content\/uploads\/2025\/07\/the-first-step-of-packing-corn-sheller-machine.webp\" alt=\"el primer paso de empaquetado de la m\u00e1quina desgranadora de ma\u00edz con piezas de embalaje\" class=\"wp-image-607\" title=\"\" srcset=\"https:\/\/corn-machine.com\/wp-content\/uploads\/2025\/07\/the-first-step-of-packing-corn-sheller-machine.webp 720w, https:\/\/corn-machine.com\/wp-content\/uploads\/2025\/07\/the-first-step-of-packing-corn-sheller-machine-300x225.webp 300w, https:\/\/corn-machine.com\/wp-content\/uploads\/2025\/07\/the-first-step-of-packing-corn-sheller-machine-16x12.webp 16w\" sizes=\"auto, (max-width: 720px) 100vw, 720px\" \/><figcaption class=\"wp-element-caption\">el primer paso de empaquetar la m\u00e1quina desgranadora de ma\u00edz<\/figcaption><\/figure>    <figure class=\"wp-block-image size-large\"><img loading=\"lazy\" decoding=\"async\" width=\"720\" height=\"540\" data-id=\"609\" src=\"https:\/\/corn-machine.com\/wp-content\/uploads\/2025\/07\/reinforced-packing-of-maize-threshing-machine.webp\" alt=\"empaquetado reforzado de la m\u00e1quina desgranadora de ma\u00edz con malla de alambre\" class=\"wp-image-609\" title=\"\" srcset=\"https:\/\/corn-machine.com\/wp-content\/uploads\/2025\/07\/reinforced-packing-of-maize-threshing-machine.webp 720w, https:\/\/corn-machine.com\/wp-content\/uploads\/2025\/07\/reinforced-packing-of-maize-threshing-machine-300x225.webp 300w, https:\/\/corn-machine.com\/wp-content\/uploads\/2025\/07\/reinforced-packing-of-maize-threshing-machine-16x12.webp 16w\" sizes=\"auto, (max-width: 720px) 100vw, 720px\" \/><figcaption class=\"wp-element-caption\">embalaje reforzado de la m\u00e1quina de trilla de ma\u00edz<\/figcaption><\/figure>    <figure class=\"wp-block-image size-large\"><img loading=\"lazy\" decoding=\"async\" width=\"720\" height=\"540\" data-id=\"610\" src=\"https:\/\/corn-machine.com\/wp-content\/uploads\/2025\/07\/the-packing-of-multifunctional-thresher.webp\" alt=\"el empaquetado de la desgranadora multifuncional con pel\u00edcula de pl\u00e1stico\" class=\"wp-image-610\" title=\"\" srcset=\"https:\/\/corn-machine.com\/wp-content\/uploads\/2025\/07\/the-packing-of-multifunctional-thresher.webp 720w, https:\/\/corn-machine.com\/wp-content\/uploads\/2025\/07\/the-packing-of-multifunctional-thresher-300x225.webp 300w, https:\/\/corn-machine.com\/wp-content\/uploads\/2025\/07\/the-packing-of-multifunctional-thresher-16x12.webp 16w\" sizes=\"auto, (max-width: 720px) 100vw, 720px\" \/><figcaption class=\"wp-element-caption\">el embalaje del trillo multifuncional<\/figcaption><\/figure>    <figure class=\"wp-block-image size-large\"><img loading=\"lazy\" decoding=\"async\" width=\"720\" height=\"540\" data-id=\"608\" src=\"https:\/\/corn-machine.com\/wp-content\/uploads\/2025\/07\/shipping-of-corn-threshing-machine.webp\" alt=\"la m\u00e1quina de trilla de ma\u00edz est\u00e1 a punto de ser enviada\" class=\"wp-image-608\" title=\"\" srcset=\"https:\/\/corn-machine.com\/wp-content\/uploads\/2025\/07\/shipping-of-corn-threshing-machine.webp 720w, https:\/\/corn-machine.com\/wp-content\/uploads\/2025\/07\/shipping-of-corn-threshing-machine-300x225.webp 300w, https:\/\/corn-machine.com\/wp-content\/uploads\/2025\/07\/shipping-of-corn-threshing-machine-16x12.webp 16w\" sizes=\"auto, (max-width: 720px) 100vw, 720px\" \/><figcaption class=\"wp-element-caption\">env\u00edo de la m\u00e1quina de trilla de ma\u00edz<\/figcaption><\/figure> <\/figure>    <p class=\"translation-block\">Adem\u00e1s de esta m\u00e1quina trilladora de ma\u00edz, tambi\u00e9n tenemos otros tipos de m\u00e1quinas para ma\u00edz, incluyendo el procesamiento de ma\u00edz entero. Por ejemplo, el <a href=\"https:\/\/corn-machine.com\/es\/product\/manual-corn-seed-planter\/\">plantador manual de semillas de ma\u00edz<\/a> para sembrar, la <a href=\"https:\/\/corn-machine.com\/es\/product\/maquina-cosechadora-de-maiz\/\">m\u00e1quina cosechadora de ma\u00edz<\/a> para cosechar, e incluso la <a href=\"https:\/\/corn-machine.com\/es\/product\/maize-grits-making-machine\/\">m\u00e1quina para hacer s\u00e9mola de ma\u00edz<\/a> para moler.<\/p>    <p>\u00a1Cont\u00e1ctenos para obtener m\u00e1s informaci\u00f3n y noticias sobre productos!<\/p>","protected":false},"excerpt":{"rendered":"<p>Esta vers\u00e1til m\u00e1quina desgranadora de ma\u00edz es capaz de desgranar eficientemente una amplia gama de granos. Puede desgranar de 2 a 4 toneladas de ma\u00edz, de 1 a 2 toneladas de mijo, etc. por hora. Y su tasa de desgrane es superior al 98%.<\/p>","protected":false},"author":1,"featured_media":613,"parent":0,"template":"","tags":[31],"product-type":[42],"class_list":["post-600","product","type-product","status-publish","has-post-thumbnail","hentry","tag-corn","product-type-maize-sheller-machine"],"_links":{"self":[{"href":"https:\/\/corn-machine.com\/es\/wp-json\/wp\/v2\/product\/600","targetHints":{"allow":["GET"]}}],"collection":[{"href":"https:\/\/corn-machine.com\/es\/wp-json\/wp\/v2\/product"}],"about":[{"href":"https:\/\/corn-machine.com\/es\/wp-json\/wp\/v2\/types\/product"}],"author":[{"embeddable":true,"href":"https:\/\/corn-machine.com\/es\/wp-json\/wp\/v2\/users\/1"}],"wp:featuredmedia":[{"embeddable":true,"href":"https:\/\/corn-machine.com\/es\/wp-json\/wp\/v2\/media\/613"}],"wp:attachment":[{"href":"https:\/\/corn-machine.com\/es\/wp-json\/wp\/v2\/media?parent=600"}],"wp:term":[{"taxonomy":"post_tag","embeddable":true,"href":"https:\/\/corn-machine.com\/es\/wp-json\/wp\/v2\/tags?post=600"},{"taxonomy":"product-type","embeddable":true,"href":"https:\/\/corn-machine.com\/es\/wp-json\/wp\/v2\/product-type?post=600"}],"curies":[{"name":"wp","href":"https:\/\/api.w.org\/{rel}","templated":true}]}}