{"id":626,"date":"2025-07-14T18:14:07","date_gmt":"2025-07-14T10:14:07","guid":{"rendered":"https:\/\/corn-machine.com\/?post_type=product&#038;p=626"},"modified":"2025-07-18T08:55:39","modified_gmt":"2025-07-18T00:55:39","slug":"corn-peeler-machine-for-kernels-peeling","status":"publish","type":"product","link":"https:\/\/corn-machine.com\/es\/product\/corn-peeler-machine-for-kernels-peeling\/","title":{"rendered":"M\u00e1quina peladora de ma\u00edz peque\u00f1a de operaci\u00f3n simple"},"content":{"rendered":"<p class=\"translation-block\">Esta <strong>m\u00e1quina peladora de ma\u00edz peque\u00f1a<\/strong> retira el germen negro de los granos y pela la piel limpiamente. Finalmente, el producto con grano uniforme se puede utilizar para el procesamiento posterior del ma\u00edz. Adem\u00e1s, tambi\u00e9n puede descascarillar trigo y arroz.<\/p>    <p>Su capacidad puede alcanzar de 300 a 500 kg\/h. La m\u00e1quina peladora de ma\u00edz tiene una estructura simple y es f\u00e1cil de operar. Mientras tanto, su tama\u00f1o es de 660*450*1020 mm, lo que la hace adecuada para peque\u00f1as f\u00e1bricas y talleres.<\/p>    <figure class=\"wp-block-embed is-type-video is-provider-youtube wp-block-embed-youtube wp-embed-aspect-16-9 wp-has-aspect-ratio\"><div class=\"wp-block-embed__wrapper\"> <iframe loading=\"lazy\" title=\"\u00bfC\u00f3mo funciona una peque\u00f1a m\u00e1quina peladora de ma\u00edz? \u00bfC\u00f3mo pelar ma\u00edz y arroz? Proceso de desgranado para granos.\" width=\"500\" height=\"281\" src=\"https:\/\/www.youtube.com\/embed\/_uti2wqZY5M?feature=oembed\" frameborder=\"0\" allow=\"accelerometer; autoplay; clipboard-write; encrypted-media; gyroscope; picture-in-picture; web-share\" referrerpolicy=\"strict-origin-when-cross-origin\" allowfullscreen><\/iframe> <\/div><figcaption class=\"wp-element-caption\">proceso de trabajo de la m\u00e1quina peladora de ma\u00edz<\/figcaption><\/figure>    <h2 class=\"wp-block-heading\"><strong>\u00bfCu\u00e1les son las ventajas obvias de la m\u00e1quina peladora de ma\u00edz? <\/strong><\/h2>    <ol class=\"wp-block-list\"> <li>A pesar de su peque\u00f1o tama\u00f1o, es muy productiva y puede producir de 300 a 500 kilogramos de granos de ma\u00edz por hora.<\/li>    <li>Con una operaci\u00f3n f\u00e1cil, incluso los principiantes que se enfrentan a esta m\u00e1quina peladora de ma\u00edz pueden dominarla muy r\u00e1pidamente sin necesidad de un entrenamiento prolongado.<\/li>    <li>Adem\u00e1s de pelar ma\u00edz, esta m\u00e1quina desolladora de ma\u00edz tambi\u00e9n se puede utilizar para pelar trigo, arroz y otros cultivos, lo cual es muy pr\u00e1ctico.<\/li> <\/ol>   <div class=\"wp-block-image\"> <figure class=\"aligncenter size-full\"><img loading=\"lazy\" decoding=\"async\" width=\"720\" height=\"540\" src=\"https:\/\/corn-machine.com\/wp-content\/uploads\/2025\/07\/the-maize-peeling-machine.webp\" alt=\"la m\u00e1quina de pelar ma\u00edz para pelar trigo, arroz y ma\u00edz\" class=\"wp-image-647\" title=\"\" srcset=\"https:\/\/corn-machine.com\/wp-content\/uploads\/2025\/07\/the-maize-peeling-machine.webp 720w, https:\/\/corn-machine.com\/wp-content\/uploads\/2025\/07\/the-maize-peeling-machine-300x225.webp 300w, https:\/\/corn-machine.com\/wp-content\/uploads\/2025\/07\/the-maize-peeling-machine-16x12.webp 16w\" sizes=\"auto, (max-width: 720px) 100vw, 720px\" \/><figcaption class=\"wp-element-caption\">la m\u00e1quina peladora de ma\u00edz <\/figcaption><\/figure> <\/div>   <h2 class=\"wp-block-heading\"><strong>Par\u00e1metros b\u00e1sicos de la m\u00e1quina desolladora de ma\u00edz<\/strong><\/h2>    <figure class=\"wp-block-table aligncenter\"><table class=\"has-fixed-layout\"><tbody><tr><td class=\"has-text-align-center\" data-align=\"center\">Tama\u00f1o<\/td><td>660*450*1020 mm<\/td><\/tr><tr><td class=\"has-text-align-center\" data-align=\"center\">Peso<\/td><td>100 kg<\/td><\/tr><tr><td class=\"has-text-align-center\" data-align=\"center\">Capacidad<\/td><td>300-500 kg\/h<\/td><\/tr><tr><td class=\"has-text-align-center\" data-align=\"center\">Fuerza<\/td><td>Motor di\u00e9sel o motor el\u00e9ctrico&nbsp;<\/td><\/tr><tr><td class=\"has-text-align-center\" data-align=\"center\">Materiales<\/td><td>Ma\u00edz, arroz, trigo, etc.<\/td><\/tr><\/tbody><\/table><figcaption class=\"wp-element-caption\">los par\u00e1metros de la m\u00e1quina peladora de ma\u00edz comercial<\/figcaption><\/figure>    <h2 class=\"wp-block-heading\"><strong>Estructura simple de la m\u00e1quina desgranadora de ma\u00edz<\/strong><\/h2>    <p>Hay tres sistemas principales en la m\u00e1quina peladora de ma\u00edz: el sistema de alimentaci\u00f3n, el sistema de pelado y el sistema de descarga.<\/p>    <p>El sistema de alimentaci\u00f3n consta de dos partes: la entrada en forma de embudo para poner materias primas y el bot\u00f3n para controlar la velocidad de alimentaci\u00f3n.<\/p>    <p>El sistema de pelado est\u00e1 equipado con una cuchilla de pelado para quitar la piel y el germen negro del ma\u00edz de manera limpia y r\u00e1pida.<\/p>    <p>Hay tres salidas para este pelador de granos de ma\u00edz: la salida de granos peque\u00f1os, la salida de pieles y la salida del producto terminado. Diferentes salidas corresponden a diferentes salidas.<\/p>   <div class=\"wp-block-image\"> <figure class=\"aligncenter size-full\"><img loading=\"lazy\" decoding=\"async\" width=\"720\" height=\"540\" src=\"https:\/\/corn-machine.com\/wp-content\/uploads\/2025\/07\/the-structure-of-corn-peeler-machine.webp\" alt=\"la estructura detallada de la m\u00e1quina peladora de ma\u00edz\" class=\"wp-image-640\" title=\"\" srcset=\"https:\/\/corn-machine.com\/wp-content\/uploads\/2025\/07\/the-structure-of-corn-peeler-machine.webp 720w, https:\/\/corn-machine.com\/wp-content\/uploads\/2025\/07\/the-structure-of-corn-peeler-machine-300x225.webp 300w, https:\/\/corn-machine.com\/wp-content\/uploads\/2025\/07\/the-structure-of-corn-peeler-machine-16x12.webp 16w\" sizes=\"auto, (max-width: 720px) 100vw, 720px\" \/><figcaption class=\"wp-element-caption\">la estructura de la m\u00e1quina peladora de ma\u00edz<\/figcaption><\/figure> <\/div>   <h2 class=\"wp-block-heading\"><strong>La producci\u00f3n y aplicaci\u00f3n de la m\u00e1quina peladora de granos de ma\u00edz<\/strong><\/h2>    <p>Los granos de ma\u00edz emergen de la salida del producto terminado, como muestra el diagrama de estructura, y otros cultivos de tama\u00f1o peque\u00f1o saldr\u00e1n de otra salida. Pero esta parte de nuestra m\u00e1quina peladora de ma\u00edz ha tenido una actualizaci\u00f3n. Ahora puede deshacer la c\u00e1scara de trigo, arroz y otros granos.<\/p>    <p>Como primer paso del procesamiento del ma\u00edz, lo que significa que hay varias formas de obtener beneficios de \u00e9l.<\/p>    <ul class=\"wp-block-list\"> <li>Puedes usar granos de ma\u00edz procesados para hacer s\u00e9mola y harina de ma\u00edz, que tienen un valor de venta m\u00e1s alto.<\/li>    <li>Si piensas que comprar otra maquinaria es innecesario, tambi\u00e9n puedes vender estos productos directamente a los fabricantes de productos de ma\u00edz para obtener beneficios inmediatos. Esto tambi\u00e9n se aplica al trigo y al arroz procesados.<\/li>    <li>Adem\u00e1s, los procesados <a href=\"https:\/\/en.wikipedia.org\/wiki\/Crop\" target=\"_blank\" rel=\"noopener\">cultivos<\/a> son f\u00e1ciles de conservar durante largos per\u00edodos. Se puede utilizar como gachas o como guarnici\u00f3n de ensalada con un excelente sabor y rica nutrici\u00f3n.<\/li> <\/ul>    <figure class=\"wp-block-gallery has-nested-images columns-default is-cropped wp-block-gallery-2 is-layout-flex wp-block-gallery-is-layout-flex\"> <figure class=\"wp-block-image size-large\"><img loading=\"lazy\" decoding=\"async\" width=\"720\" height=\"540\" data-id=\"645\" src=\"https:\/\/corn-machine.com\/wp-content\/uploads\/2025\/07\/peeled-wheat.webp\" alt=\"trigo pelado por la m\u00e1quina peladora de granos\" class=\"wp-image-645\" title=\"\" srcset=\"https:\/\/corn-machine.com\/wp-content\/uploads\/2025\/07\/peeled-wheat.webp 720w, https:\/\/corn-machine.com\/wp-content\/uploads\/2025\/07\/peeled-wheat-300x225.webp 300w, https:\/\/corn-machine.com\/wp-content\/uploads\/2025\/07\/peeled-wheat-16x12.webp 16w\" sizes=\"auto, (max-width: 720px) 100vw, 720px\" \/><figcaption class=\"wp-element-caption\">trigo pelado <\/figcaption><\/figure>    <figure class=\"wp-block-image size-large\"><img loading=\"lazy\" decoding=\"async\" width=\"720\" height=\"540\" data-id=\"644\" src=\"https:\/\/corn-machine.com\/wp-content\/uploads\/2025\/07\/the-peeled-corn.webp\" alt=\"ma\u00edz pelado por la m\u00e1quina peladora de ma\u00edz\" class=\"wp-image-644\" title=\"\" srcset=\"https:\/\/corn-machine.com\/wp-content\/uploads\/2025\/07\/the-peeled-corn.webp 720w, https:\/\/corn-machine.com\/wp-content\/uploads\/2025\/07\/the-peeled-corn-300x225.webp 300w, https:\/\/corn-machine.com\/wp-content\/uploads\/2025\/07\/the-peeled-corn-16x12.webp 16w\" sizes=\"auto, (max-width: 720px) 100vw, 720px\" \/><figcaption class=\"wp-element-caption\">ma\u00edz pelado<\/figcaption><\/figure> <\/figure>    <h2 class=\"wp-block-heading\"><strong>30 m\u00e1quinas peladoras de ma\u00edz enviadas a Burkina Faso <\/strong><\/h2>    <p>Hay un cliente que pidi\u00f3 treinta juegos de m\u00e1quinas peladoras de granos efectivas para el gobierno agr\u00edcola. El cultivo principal en su lugar es el ma\u00edz, por lo que quieren comprar equipos para ma\u00edz y hacer un proceso simple para el reciclaje de alta rentabilidad para mejorar los ingresos de los agricultores locales.<\/p>    <p class=\"translation-block\">Por lo tanto, piden <strong>tres requisitos<\/strong>: <\/p>    <ol class=\"wp-block-list\"> <li>La maquinaria debe ser f\u00e1cil de operar.<\/li>    <li>Este equipo de ma\u00edz necesita tener un tama\u00f1o peque\u00f1o y un peso ligero para poder moverse.<\/li>    <li>Su capacidad puede alcanzar al menos 400kg\/h.<\/li> <\/ol>    <p>Inmediatamente les ayudamos a decidirse por esta m\u00e1quina peladora de ma\u00edz comercial como la opci\u00f3n final. Ten\u00eda las caracter\u00edsticas exactas que necesitaban. Ten\u00edamos suficiente stock, as\u00ed que tan pronto como se finaliz\u00f3 el pedido, lo empaquetamos y lo enviamos.<\/p>   <div class=\"wp-block-image\"> <figure class=\"aligncenter size-full\"><img loading=\"lazy\" decoding=\"async\" width=\"720\" height=\"540\" src=\"https:\/\/corn-machine.com\/wp-content\/uploads\/2025\/07\/shipping-of-the-corn-peeler-machine.webp\" alt=\"env\u00edo de la m\u00e1quina peladora de ma\u00edz a \u00c1frica\" class=\"wp-image-648\" title=\"\" srcset=\"https:\/\/corn-machine.com\/wp-content\/uploads\/2025\/07\/shipping-of-the-corn-peeler-machine.webp 720w, https:\/\/corn-machine.com\/wp-content\/uploads\/2025\/07\/shipping-of-the-corn-peeler-machine-300x225.webp 300w, https:\/\/corn-machine.com\/wp-content\/uploads\/2025\/07\/shipping-of-the-corn-peeler-machine-16x12.webp 16w\" sizes=\"auto, (max-width: 720px) 100vw, 720px\" \/><figcaption class=\"wp-element-caption\">env\u00edo de la m\u00e1quina peladora de ma\u00edz<\/figcaption><\/figure> <\/div>   <p>Unos meses despu\u00e9s, tuvieron una cosecha de ma\u00edz excepcional, as\u00ed que utilizaron esta m\u00e1quina para procesar su ma\u00edz. Dijeron que despu\u00e9s de usar esta m\u00e1quina de pelar granos de ma\u00edz, ahorraron mucho trabajo en el descascarado del ma\u00edz, y el producto de alta calidad les trajo m\u00e1s beneficios que antes. A algunas personas les gusta cocinar y comer el ma\u00edz pelado, y sabe muy bien, \u00a1lo que lo convierte en una gran manera de venderlo!<\/p>    <p class=\"translation-block\">Y quieren comprar otra m\u00e1quina de ma\u00edz en el futuro, como una <a href=\"https:\/\/corn-machine.com\/es\/product\/maize-grits-making-machine\/\">m\u00e1quina para hacer s\u00e9mola de ma\u00edz<\/a>, para hacer s\u00e9mola y harina para una econom\u00eda m\u00e1s comercial. Esperamos con inter\u00e9s la pr\u00f3xima elecci\u00f3n de cooperaci\u00f3n empresarial.<\/p>    <hr class=\"wp-block-separator has-alpha-channel-opacity is-style-wide\"\/>    <p><\/p>    <p>Somos Taizy, una empresa especializada en maquinaria agr\u00edcola. Gracias a los clientes de todo el mundo, hemos progresado mucho gracias a sus consejos y comentarios. Nuestros objetivos son investigar equipos m\u00e1s \u00fatiles para ayudar al desarrollo agr\u00edcola.<\/p>    <p>Bienvenido a visitar nuestro sitio web. Si est\u00e1s interesado en nuestra maquinaria y deseas conocer m\u00e1s detalles, por favor cont\u00e1ctanos para m\u00e1s informaci\u00f3n.<\/p>","protected":false},"excerpt":{"rendered":"<p>Este peque\u00f1o pelador de ma\u00edz es adecuado para pelar ma\u00edz, trigo y otros granos con una capacidad de pelado de 300-500 kg\/h. Con una estructura simple y f\u00e1cil operaci\u00f3n, es especialmente adecuado para trabajar en peque\u00f1os talleres y f\u00e1bricas.<\/p>","protected":false},"author":1,"featured_media":639,"parent":0,"template":"","tags":[31],"product-type":[47],"class_list":["post-626","product","type-product","status-publish","has-post-thumbnail","hentry","tag-corn","product-type-maize-peeler-machine"],"_links":{"self":[{"href":"https:\/\/corn-machine.com\/es\/wp-json\/wp\/v2\/product\/626","targetHints":{"allow":["GET"]}}],"collection":[{"href":"https:\/\/corn-machine.com\/es\/wp-json\/wp\/v2\/product"}],"about":[{"href":"https:\/\/corn-machine.com\/es\/wp-json\/wp\/v2\/types\/product"}],"author":[{"embeddable":true,"href":"https:\/\/corn-machine.com\/es\/wp-json\/wp\/v2\/users\/1"}],"wp:featuredmedia":[{"embeddable":true,"href":"https:\/\/corn-machine.com\/es\/wp-json\/wp\/v2\/media\/639"}],"wp:attachment":[{"href":"https:\/\/corn-machine.com\/es\/wp-json\/wp\/v2\/media?parent=626"}],"wp:term":[{"taxonomy":"post_tag","embeddable":true,"href":"https:\/\/corn-machine.com\/es\/wp-json\/wp\/v2\/tags?post=626"},{"taxonomy":"product-type","embeddable":true,"href":"https:\/\/corn-machine.com\/es\/wp-json\/wp\/v2\/product-type?post=626"}],"curies":[{"name":"wp","href":"https:\/\/api.w.org\/{rel}","templated":true}]}}